{"id":1970,"date":"2023-10-26T08:55:35","date_gmt":"2023-10-26T08:55:35","guid":{"rendered":"https:\/\/exceladvisor.org\/it\/fv2\/"},"modified":"2023-12-10T06:25:54","modified_gmt":"2023-12-10T06:25:54","slug":"fv2","status":"publish","type":"page","link":"https:\/\/exceladvisor.org\/it\/fv2\/","title":{"rendered":"Come utilizzare la funzione vba fv?"},"content":{"rendered":"<div class=\"excel-prima-del-contenuto\" id=\"excel-1711570656\"><script type=\"text\/javascript\">\r\n\tatOptions = {\r\n\t\t'key' : 'c1158f160081d6540a8409e6925dab94',\r\n\t\t'format' : 'iframe',\r\n\t\t'height' : 250,\r\n\t\t'width' : 300,\r\n\t\t'params' : {}\r\n\t};\r\n<\/script>\r\n<script type=\"text\/javascript\" src=\"\/\/www.highperformanceformat.com\/c1158f160081d6540a8409e6925dab94\/invoke.js\"><\/script><\/div> <p>La funzione VBA FV \u00e8 elencata nella categoria finanziaria delle funzioni VBA. Quando lo usi nel codice VBA, <strong>restituisce il valore futuro di un prestito o investimento<\/strong> . In poche parole, FV pu\u00f2 calcolare il valore futuro di un investimento o di un prestito utilizzando pagamenti periodici fissi e un tasso di interesse fisso.<\/p><p> Funziona come la funzione FV nel <a href=\"https:\/\/exceladvisor.org\/it\/eccellere-nelle-funzioni-finanziarie\/\">foglio di calcolo<\/a> .<\/p><h2 class=\"wp-block-heading\"> Sintassi<\/h2><p> <strong>FV(Tariffa, Nper, Pmt, [Pv], [Scadenza])<\/strong><\/p><h2 class=\"wp-block-heading\"> argomenti<\/h2><ul><li> <strong>Tasso<\/strong> : il tasso di interesse, per periodo.<\/li><li> <strong>Nper<\/strong> : il numero di periodi per rimborsare il prestito o l&#8217;investimento.<\/li><li> <strong>Pmt<\/strong> : l&#8217;importo fisso del pagamento.<\/li><li> <strong>[Pv]<\/strong> : Il valore attuale del prestito\/investimento. (Questo \u00e8 un argomento facoltativo e se omesso VBA prender\u00e0 0 per impostazione predefinita).<\/li><li> <strong>[Scadenza]<\/strong> : un argomento per definire se il pagamento \u00e8 dovuto all&#8217;inizio o alla fine del periodo (questo \u00e8 un argomento facoltativo e se omesso VBA prender\u00e0 la fine del periodo come impostazione predefinita).<\/li><\/ul><h2 class=\"wp-block-heading\"> Esempio<\/h2><p> Per capire praticamente come utilizzare la funzione VBA FV, \u00e8 necessario seguire l&#8217;esempio seguente in cui abbiamo scritto un codice VBA utilizzandola: <\/p><div class=\"wp-block-image\"><figure class=\"aligncenter is-resized\"><img loading=\"lazy\" decoding=\"async\" title=\"funzione-esempio-vba-fv\" src=\"https:\/\/exceladvisor.org\/wp-content\/uploads\/2023\/08\/exemple-de-fonction-vba-fv.png\" sizes=\"auto, \" srcset=\"\" alt=\"example-vba-fv-function\" width=\"838\" height=\"460\"><\/figure><\/div><pre class=\"wp-block-code\"> <code class=\"language-visual-basic\" lang=\"visual-basic\">Sub example_FV() Range(\"A8\") = FV(0.5 \/ 12, 5 * 12, -1500) End Sub<\/code><\/pre><p> Nel codice precedente, abbiamo utilizzato FV per calcolare il valore futuro dell&#8217;investimento. Abbiamo inserito tutti i valori direttamente nella funzione e ci \u00e8 tornato <strong>380896.7585<\/strong> come valore futuro dell&#8217;investimento.<\/p><h2 class=\"wp-block-heading\"> Commenti<\/h2><ul><li> Il pagamento in contanti deve essere fornito come valore negativo.<\/li><li> Se &#8220;pv&#8221; o &#8220;PMT&#8221; viene lasciato vuoto, verr\u00e0 assunto 0. <\/li><\/ul><div class=\"wp-block-group more-tutorials is-layout-flow\"><div class=\"wp-block-group__inner-container\"><h2 class=\"wp-block-heading\"> Altri tutorial <\/h2><div class=\"wp-block-columns is-layout-flex wp-container-252\"><div class=\"wp-block-column is-layout-flow\"><ul><li> <a href=\"https:\/\/exceladvisor.org\/it\/ddb\/\">VBA DDB<\/a><\/li><li> <a href=\"https:\/\/exceladvisor.org\/it\/ipmt\/\">IPMT VBA<\/a><\/li><li> <a href=\"https:\/\/exceladvisor.org\/it\/irr\/\">USCITA VBA<\/a><\/li><li> <a href=\"https:\/\/exceladvisor.org\/it\/specchio\/\">SPECCHIO VBA<\/a><\/li><li> <a href=\"https:\/\/exceladvisor.org\/it\/nper\/\">NUMERO VBA<\/a><\/li><\/ul><\/div><\/div><\/div><\/div>","protected":false},"excerpt":{"rendered":"","protected":false},"author":1,"featured_media":0,"parent":0,"menu_order":0,"comment_status":"open","ping_status":"closed","template":"","meta":{"ub_ctt_via":"","footnotes":""},"class_list":["post-1970","page","type-page","status-publish","hentry"],"featured_image_src":null,"yoast_head":"<!-- This site is optimized with the Yoast SEO plugin v25.4 - https:\/\/yoast.com\/wordpress\/plugins\/seo\/ -->\n<title>Come utilizzare la funzione VBA FV? (Sintassi + Esempio)<\/title>\n<meta name=\"description\" content=\"Scopri come utilizzare la funzione VBA FV con sintassi, argomenti ed esempio con codice di esempio.\" \/>\n<meta name=\"robots\" content=\"index, follow, max-snippet:-1, max-image-preview:large, max-video-preview:-1\" \/>\n<link rel=\"canonical\" href=\"https:\/\/exceladvisor.org\/it\/fv2\/\" \/>\n<meta property=\"og:locale\" content=\"it_IT\" \/>\n<meta property=\"og:type\" content=\"article\" \/>\n<meta property=\"og:title\" content=\"Come utilizzare la funzione VBA FV? (Sintassi + Esempio)\" \/>\n<meta property=\"og:description\" content=\"Scopri come utilizzare la funzione VBA FV con sintassi, argomenti ed esempio con codice di esempio.\" \/>\n<meta property=\"og:url\" content=\"https:\/\/exceladvisor.org\/it\/fv2\/\" \/>\n<meta property=\"og:site_name\" content=\"Excel Advisor\" \/>\n<meta property=\"article:modified_time\" content=\"2023-12-10T06:25:54+00:00\" \/>\n<meta property=\"og:image\" content=\"https:\/\/exceladvisor.org\/wp-content\/uploads\/2023\/08\/exemple-de-fonction-vba-fv.png\" \/>\n<meta name=\"twitter:card\" content=\"summary_large_image\" \/>\n<meta name=\"twitter:label1\" content=\"Tempo di lettura stimato\" \/>\n\t<meta name=\"twitter:data1\" content=\"1 minuto\" \/>\n<script type=\"application\/ld+json\" class=\"yoast-schema-graph\">{\"@context\":\"https:\/\/schema.org\",\"@graph\":[{\"@type\":\"WebPage\",\"@id\":\"https:\/\/exceladvisor.org\/it\/fv2\/\",\"url\":\"https:\/\/exceladvisor.org\/it\/fv2\/\",\"name\":\"Come utilizzare la funzione VBA FV? (Sintassi + Esempio)\",\"isPartOf\":{\"@id\":\"https:\/\/exceladvisor.org\/it\/#website\"},\"primaryImageOfPage\":{\"@id\":\"https:\/\/exceladvisor.org\/it\/fv2\/#primaryimage\"},\"image\":{\"@id\":\"https:\/\/exceladvisor.org\/it\/fv2\/#primaryimage\"},\"thumbnailUrl\":\"https:\/\/exceladvisor.org\/wp-content\/uploads\/2023\/08\/exemple-de-fonction-vba-fv.png\",\"datePublished\":\"2023-10-26T08:55:35+00:00\",\"dateModified\":\"2023-12-10T06:25:54+00:00\",\"description\":\"Scopri come utilizzare la funzione VBA FV con sintassi, argomenti ed esempio con codice di esempio.\",\"breadcrumb\":{\"@id\":\"https:\/\/exceladvisor.org\/it\/fv2\/#breadcrumb\"},\"inLanguage\":\"it-IT\",\"potentialAction\":[{\"@type\":\"ReadAction\",\"target\":[\"https:\/\/exceladvisor.org\/it\/fv2\/\"]}]},{\"@type\":\"ImageObject\",\"inLanguage\":\"it-IT\",\"@id\":\"https:\/\/exceladvisor.org\/it\/fv2\/#primaryimage\",\"url\":\"https:\/\/exceladvisor.org\/wp-content\/uploads\/2023\/08\/exemple-de-fonction-vba-fv.png\",\"contentUrl\":\"https:\/\/exceladvisor.org\/wp-content\/uploads\/2023\/08\/exemple-de-fonction-vba-fv.png\"},{\"@type\":\"BreadcrumbList\",\"@id\":\"https:\/\/exceladvisor.org\/it\/fv2\/#breadcrumb\",\"itemListElement\":[{\"@type\":\"ListItem\",\"position\":1,\"name\":\"Home\",\"item\":\"https:\/\/exceladvisor.org\/it\/\"},{\"@type\":\"ListItem\",\"position\":2,\"name\":\"Come utilizzare la funzione vba fv?\"}]},{\"@type\":\"WebSite\",\"@id\":\"https:\/\/exceladvisor.org\/it\/#website\",\"url\":\"https:\/\/exceladvisor.org\/it\/\",\"name\":\"Excel Advisor\",\"description\":\"Tips, Tricks, and Time-Saving Hacks\",\"publisher\":{\"@id\":\"https:\/\/exceladvisor.org\/it\/#organization\"},\"potentialAction\":[{\"@type\":\"SearchAction\",\"target\":{\"@type\":\"EntryPoint\",\"urlTemplate\":\"https:\/\/exceladvisor.org\/it\/?s={search_term_string}\"},\"query-input\":{\"@type\":\"PropertyValueSpecification\",\"valueRequired\":true,\"valueName\":\"search_term_string\"}}],\"inLanguage\":\"it-IT\"},{\"@type\":\"Organization\",\"@id\":\"https:\/\/exceladvisor.org\/it\/#organization\",\"name\":\"Excel Advisor\",\"url\":\"https:\/\/exceladvisor.org\/it\/\",\"logo\":{\"@type\":\"ImageObject\",\"inLanguage\":\"it-IT\",\"@id\":\"https:\/\/exceladvisor.org\/it\/#\/schema\/logo\/image\/\",\"url\":\"https:\/\/exceladvisor.org\/it\/wp-content\/uploads\/2023\/12\/exceladvisor.org_.png\",\"contentUrl\":\"https:\/\/exceladvisor.org\/it\/wp-content\/uploads\/2023\/12\/exceladvisor.org_.png\",\"width\":105,\"height\":36,\"caption\":\"Excel Advisor\"},\"image\":{\"@id\":\"https:\/\/exceladvisor.org\/it\/#\/schema\/logo\/image\/\"}}]}<\/script>\n<!-- \/ Yoast SEO plugin. -->","yoast_head_json":{"title":"Come utilizzare la funzione VBA FV? (Sintassi + Esempio)","description":"Scopri come utilizzare la funzione VBA FV con sintassi, argomenti ed esempio con codice di esempio.","robots":{"index":"index","follow":"follow","max-snippet":"max-snippet:-1","max-image-preview":"max-image-preview:large","max-video-preview":"max-video-preview:-1"},"canonical":"https:\/\/exceladvisor.org\/it\/fv2\/","og_locale":"it_IT","og_type":"article","og_title":"Come utilizzare la funzione VBA FV? (Sintassi + Esempio)","og_description":"Scopri come utilizzare la funzione VBA FV con sintassi, argomenti ed esempio con codice di esempio.","og_url":"https:\/\/exceladvisor.org\/it\/fv2\/","og_site_name":"Excel Advisor","article_modified_time":"2023-12-10T06:25:54+00:00","og_image":[{"url":"https:\/\/exceladvisor.org\/wp-content\/uploads\/2023\/08\/exemple-de-fonction-vba-fv.png","type":"","width":"","height":""}],"twitter_card":"summary_large_image","twitter_misc":{"Tempo di lettura stimato":"1 minuto"},"schema":{"@context":"https:\/\/schema.org","@graph":[{"@type":"WebPage","@id":"https:\/\/exceladvisor.org\/it\/fv2\/","url":"https:\/\/exceladvisor.org\/it\/fv2\/","name":"Come utilizzare la funzione VBA FV? (Sintassi + Esempio)","isPartOf":{"@id":"https:\/\/exceladvisor.org\/it\/#website"},"primaryImageOfPage":{"@id":"https:\/\/exceladvisor.org\/it\/fv2\/#primaryimage"},"image":{"@id":"https:\/\/exceladvisor.org\/it\/fv2\/#primaryimage"},"thumbnailUrl":"https:\/\/exceladvisor.org\/wp-content\/uploads\/2023\/08\/exemple-de-fonction-vba-fv.png","datePublished":"2023-10-26T08:55:35+00:00","dateModified":"2023-12-10T06:25:54+00:00","description":"Scopri come utilizzare la funzione VBA FV con sintassi, argomenti ed esempio con codice di esempio.","breadcrumb":{"@id":"https:\/\/exceladvisor.org\/it\/fv2\/#breadcrumb"},"inLanguage":"it-IT","potentialAction":[{"@type":"ReadAction","target":["https:\/\/exceladvisor.org\/it\/fv2\/"]}]},{"@type":"ImageObject","inLanguage":"it-IT","@id":"https:\/\/exceladvisor.org\/it\/fv2\/#primaryimage","url":"https:\/\/exceladvisor.org\/wp-content\/uploads\/2023\/08\/exemple-de-fonction-vba-fv.png","contentUrl":"https:\/\/exceladvisor.org\/wp-content\/uploads\/2023\/08\/exemple-de-fonction-vba-fv.png"},{"@type":"BreadcrumbList","@id":"https:\/\/exceladvisor.org\/it\/fv2\/#breadcrumb","itemListElement":[{"@type":"ListItem","position":1,"name":"Home","item":"https:\/\/exceladvisor.org\/it\/"},{"@type":"ListItem","position":2,"name":"Come utilizzare la funzione vba fv?"}]},{"@type":"WebSite","@id":"https:\/\/exceladvisor.org\/it\/#website","url":"https:\/\/exceladvisor.org\/it\/","name":"Excel Advisor","description":"Tips, Tricks, and Time-Saving Hacks","publisher":{"@id":"https:\/\/exceladvisor.org\/it\/#organization"},"potentialAction":[{"@type":"SearchAction","target":{"@type":"EntryPoint","urlTemplate":"https:\/\/exceladvisor.org\/it\/?s={search_term_string}"},"query-input":{"@type":"PropertyValueSpecification","valueRequired":true,"valueName":"search_term_string"}}],"inLanguage":"it-IT"},{"@type":"Organization","@id":"https:\/\/exceladvisor.org\/it\/#organization","name":"Excel Advisor","url":"https:\/\/exceladvisor.org\/it\/","logo":{"@type":"ImageObject","inLanguage":"it-IT","@id":"https:\/\/exceladvisor.org\/it\/#\/schema\/logo\/image\/","url":"https:\/\/exceladvisor.org\/it\/wp-content\/uploads\/2023\/12\/exceladvisor.org_.png","contentUrl":"https:\/\/exceladvisor.org\/it\/wp-content\/uploads\/2023\/12\/exceladvisor.org_.png","width":105,"height":36,"caption":"Excel Advisor"},"image":{"@id":"https:\/\/exceladvisor.org\/it\/#\/schema\/logo\/image\/"}}]}},"yoast_meta":{"yoast_wpseo_title":"","yoast_wpseo_metadesc":"","yoast_wpseo_canonical":""},"_links":{"self":[{"href":"https:\/\/exceladvisor.org\/it\/wp-json\/wp\/v2\/pages\/1970","targetHints":{"allow":["GET"]}}],"collection":[{"href":"https:\/\/exceladvisor.org\/it\/wp-json\/wp\/v2\/pages"}],"about":[{"href":"https:\/\/exceladvisor.org\/it\/wp-json\/wp\/v2\/types\/page"}],"author":[{"embeddable":true,"href":"https:\/\/exceladvisor.org\/it\/wp-json\/wp\/v2\/users\/1"}],"replies":[{"embeddable":true,"href":"https:\/\/exceladvisor.org\/it\/wp-json\/wp\/v2\/comments?post=1970"}],"version-history":[{"count":1,"href":"https:\/\/exceladvisor.org\/it\/wp-json\/wp\/v2\/pages\/1970\/revisions"}],"predecessor-version":[{"id":2727,"href":"https:\/\/exceladvisor.org\/it\/wp-json\/wp\/v2\/pages\/1970\/revisions\/2727"}],"wp:attachment":[{"href":"https:\/\/exceladvisor.org\/it\/wp-json\/wp\/v2\/media?parent=1970"}],"curies":[{"name":"wp","href":"https:\/\/api.w.org\/{rel}","templated":true}]}}