{"id":1973,"date":"2023-10-26T08:23:43","date_gmt":"2023-10-26T08:23:43","guid":{"rendered":"https:\/\/exceladvisor.org\/it\/iif\/"},"modified":"2023-12-10T06:24:59","modified_gmt":"2023-12-10T06:24:59","slug":"iif","status":"publish","type":"page","link":"https:\/\/exceladvisor.org\/it\/iif\/","title":{"rendered":"Come utilizzare la funzione iif vba?"},"content":{"rendered":"<div class=\"excel-prima-del-contenuto\" id=\"excel-4199894528\"><script type=\"text\/javascript\">\r\n\tatOptions = {\r\n\t\t'key' : 'c1158f160081d6540a8409e6925dab94',\r\n\t\t'format' : 'iframe',\r\n\t\t'height' : 250,\r\n\t\t'width' : 300,\r\n\t\t'params' : {}\r\n\t};\r\n<\/script>\r\n<script type=\"text\/javascript\" src=\"\/\/www.highperformanceformat.com\/c1158f160081d6540a8409e6925dab94\/invoke.js\"><\/script><\/div> <p>La funzione IFF VBA \u00e8 elencata nella categoria logica delle funzioni VBA. Quando lo si utilizza nel codice VBA, <strong>valuta il valore fornito per una condizione<\/strong> e restituisce un valore se la condizione \u00e8 VERA altrimenti l&#8217;altro valore se tale condizione \u00e8 FALSA. \u00c8 come la funzione SE nel foglio di calcolo.<\/p><h2 class=\"wp-block-heading\"> Sintassi<\/h2><p> <strong>IIf(Espressione, Parte Vera, Parte Falsa)<\/strong><\/p><h2 class=\"wp-block-heading\"> argomenti<\/h2><ul><li> <strong>Espressione<\/strong> : la condizione che desideri testare.<\/li><li> <strong>TruePart<\/strong> : il valore da restituire se &#8220;Expression&#8221; \u00e8 TRUE.<\/li><li> <strong>FalsePart<\/strong> : il valore da restituire se &#8220;Expression&#8221; \u00e8 FALSE.<\/li><\/ul><p> \u00c8 preferibile utilizzare <a href=\"https:\/\/exceladvisor.org\/it\/se-2\/\">l&#8217;istruzione VBA IF<\/a> anzich\u00e9 IIF perch\u00e9 rende difficile la lettura del codice.<\/p>","protected":false},"excerpt":{"rendered":"","protected":false},"author":1,"featured_media":0,"parent":0,"menu_order":0,"comment_status":"open","ping_status":"closed","template":"","meta":{"ub_ctt_via":"","footnotes":""},"class_list":["post-1973","page","type-page","status-publish","hentry"],"featured_image_src":null,"yoast_head":"<!-- This site is optimized with the Yoast SEO plugin v25.4 - https:\/\/yoast.com\/wordpress\/plugins\/seo\/ -->\n<title>Come utilizzare la funzione IIF VBA? (Con sintassi)<\/title>\n<meta name=\"description\" content=\"La funzione IFF VBA \u00e8 elencata nella categoria logica delle funzioni VBA. Quando lo usi nel codice VBA, valuta il file\" \/>\n<meta name=\"robots\" content=\"index, follow, max-snippet:-1, max-image-preview:large, max-video-preview:-1\" \/>\n<link rel=\"canonical\" href=\"https:\/\/exceladvisor.org\/it\/iif\/\" \/>\n<meta property=\"og:locale\" content=\"it_IT\" \/>\n<meta property=\"og:type\" content=\"article\" \/>\n<meta property=\"og:title\" content=\"Come utilizzare la funzione IIF VBA? (Con sintassi)\" \/>\n<meta property=\"og:description\" content=\"La funzione IFF VBA \u00e8 elencata nella categoria logica delle funzioni VBA. Quando lo usi nel codice VBA, valuta il file\" \/>\n<meta property=\"og:url\" content=\"https:\/\/exceladvisor.org\/it\/iif\/\" \/>\n<meta property=\"og:site_name\" content=\"Excel Advisor\" \/>\n<meta property=\"article:modified_time\" content=\"2023-12-10T06:24:59+00:00\" \/>\n<meta name=\"twitter:card\" content=\"summary_large_image\" \/>\n<script type=\"application\/ld+json\" class=\"yoast-schema-graph\">{\"@context\":\"https:\/\/schema.org\",\"@graph\":[{\"@type\":\"WebPage\",\"@id\":\"https:\/\/exceladvisor.org\/it\/iif\/\",\"url\":\"https:\/\/exceladvisor.org\/it\/iif\/\",\"name\":\"Come utilizzare la funzione IIF VBA? (Con sintassi)\",\"isPartOf\":{\"@id\":\"https:\/\/exceladvisor.org\/it\/#website\"},\"datePublished\":\"2023-10-26T08:23:43+00:00\",\"dateModified\":\"2023-12-10T06:24:59+00:00\",\"description\":\"La funzione IFF VBA \u00e8 elencata nella categoria logica delle funzioni VBA. Quando lo usi nel codice VBA, valuta il file\",\"breadcrumb\":{\"@id\":\"https:\/\/exceladvisor.org\/it\/iif\/#breadcrumb\"},\"inLanguage\":\"it-IT\",\"potentialAction\":[{\"@type\":\"ReadAction\",\"target\":[\"https:\/\/exceladvisor.org\/it\/iif\/\"]}]},{\"@type\":\"BreadcrumbList\",\"@id\":\"https:\/\/exceladvisor.org\/it\/iif\/#breadcrumb\",\"itemListElement\":[{\"@type\":\"ListItem\",\"position\":1,\"name\":\"Home\",\"item\":\"https:\/\/exceladvisor.org\/it\/\"},{\"@type\":\"ListItem\",\"position\":2,\"name\":\"Come utilizzare la funzione iif vba?\"}]},{\"@type\":\"WebSite\",\"@id\":\"https:\/\/exceladvisor.org\/it\/#website\",\"url\":\"https:\/\/exceladvisor.org\/it\/\",\"name\":\"Excel Advisor\",\"description\":\"Tips, Tricks, and Time-Saving Hacks\",\"publisher\":{\"@id\":\"https:\/\/exceladvisor.org\/it\/#organization\"},\"potentialAction\":[{\"@type\":\"SearchAction\",\"target\":{\"@type\":\"EntryPoint\",\"urlTemplate\":\"https:\/\/exceladvisor.org\/it\/?s={search_term_string}\"},\"query-input\":{\"@type\":\"PropertyValueSpecification\",\"valueRequired\":true,\"valueName\":\"search_term_string\"}}],\"inLanguage\":\"it-IT\"},{\"@type\":\"Organization\",\"@id\":\"https:\/\/exceladvisor.org\/it\/#organization\",\"name\":\"Excel Advisor\",\"url\":\"https:\/\/exceladvisor.org\/it\/\",\"logo\":{\"@type\":\"ImageObject\",\"inLanguage\":\"it-IT\",\"@id\":\"https:\/\/exceladvisor.org\/it\/#\/schema\/logo\/image\/\",\"url\":\"https:\/\/exceladvisor.org\/it\/wp-content\/uploads\/2023\/12\/exceladvisor.org_.png\",\"contentUrl\":\"https:\/\/exceladvisor.org\/it\/wp-content\/uploads\/2023\/12\/exceladvisor.org_.png\",\"width\":105,\"height\":36,\"caption\":\"Excel Advisor\"},\"image\":{\"@id\":\"https:\/\/exceladvisor.org\/it\/#\/schema\/logo\/image\/\"}}]}<\/script>\n<!-- \/ Yoast SEO plugin. -->","yoast_head_json":{"title":"Come utilizzare la funzione IIF VBA? (Con sintassi)","description":"La funzione IFF VBA \u00e8 elencata nella categoria logica delle funzioni VBA. Quando lo usi nel codice VBA, valuta il file","robots":{"index":"index","follow":"follow","max-snippet":"max-snippet:-1","max-image-preview":"max-image-preview:large","max-video-preview":"max-video-preview:-1"},"canonical":"https:\/\/exceladvisor.org\/it\/iif\/","og_locale":"it_IT","og_type":"article","og_title":"Come utilizzare la funzione IIF VBA? (Con sintassi)","og_description":"La funzione IFF VBA \u00e8 elencata nella categoria logica delle funzioni VBA. Quando lo usi nel codice VBA, valuta il file","og_url":"https:\/\/exceladvisor.org\/it\/iif\/","og_site_name":"Excel Advisor","article_modified_time":"2023-12-10T06:24:59+00:00","twitter_card":"summary_large_image","schema":{"@context":"https:\/\/schema.org","@graph":[{"@type":"WebPage","@id":"https:\/\/exceladvisor.org\/it\/iif\/","url":"https:\/\/exceladvisor.org\/it\/iif\/","name":"Come utilizzare la funzione IIF VBA? (Con sintassi)","isPartOf":{"@id":"https:\/\/exceladvisor.org\/it\/#website"},"datePublished":"2023-10-26T08:23:43+00:00","dateModified":"2023-12-10T06:24:59+00:00","description":"La funzione IFF VBA \u00e8 elencata nella categoria logica delle funzioni VBA. Quando lo usi nel codice VBA, valuta il file","breadcrumb":{"@id":"https:\/\/exceladvisor.org\/it\/iif\/#breadcrumb"},"inLanguage":"it-IT","potentialAction":[{"@type":"ReadAction","target":["https:\/\/exceladvisor.org\/it\/iif\/"]}]},{"@type":"BreadcrumbList","@id":"https:\/\/exceladvisor.org\/it\/iif\/#breadcrumb","itemListElement":[{"@type":"ListItem","position":1,"name":"Home","item":"https:\/\/exceladvisor.org\/it\/"},{"@type":"ListItem","position":2,"name":"Come utilizzare la funzione iif vba?"}]},{"@type":"WebSite","@id":"https:\/\/exceladvisor.org\/it\/#website","url":"https:\/\/exceladvisor.org\/it\/","name":"Excel Advisor","description":"Tips, Tricks, and Time-Saving Hacks","publisher":{"@id":"https:\/\/exceladvisor.org\/it\/#organization"},"potentialAction":[{"@type":"SearchAction","target":{"@type":"EntryPoint","urlTemplate":"https:\/\/exceladvisor.org\/it\/?s={search_term_string}"},"query-input":{"@type":"PropertyValueSpecification","valueRequired":true,"valueName":"search_term_string"}}],"inLanguage":"it-IT"},{"@type":"Organization","@id":"https:\/\/exceladvisor.org\/it\/#organization","name":"Excel Advisor","url":"https:\/\/exceladvisor.org\/it\/","logo":{"@type":"ImageObject","inLanguage":"it-IT","@id":"https:\/\/exceladvisor.org\/it\/#\/schema\/logo\/image\/","url":"https:\/\/exceladvisor.org\/it\/wp-content\/uploads\/2023\/12\/exceladvisor.org_.png","contentUrl":"https:\/\/exceladvisor.org\/it\/wp-content\/uploads\/2023\/12\/exceladvisor.org_.png","width":105,"height":36,"caption":"Excel Advisor"},"image":{"@id":"https:\/\/exceladvisor.org\/it\/#\/schema\/logo\/image\/"}}]}},"yoast_meta":{"yoast_wpseo_title":"","yoast_wpseo_metadesc":"","yoast_wpseo_canonical":""},"_links":{"self":[{"href":"https:\/\/exceladvisor.org\/it\/wp-json\/wp\/v2\/pages\/1973","targetHints":{"allow":["GET"]}}],"collection":[{"href":"https:\/\/exceladvisor.org\/it\/wp-json\/wp\/v2\/pages"}],"about":[{"href":"https:\/\/exceladvisor.org\/it\/wp-json\/wp\/v2\/types\/page"}],"author":[{"embeddable":true,"href":"https:\/\/exceladvisor.org\/it\/wp-json\/wp\/v2\/users\/1"}],"replies":[{"embeddable":true,"href":"https:\/\/exceladvisor.org\/it\/wp-json\/wp\/v2\/comments?post=1973"}],"version-history":[{"count":1,"href":"https:\/\/exceladvisor.org\/it\/wp-json\/wp\/v2\/pages\/1973\/revisions"}],"predecessor-version":[{"id":2620,"href":"https:\/\/exceladvisor.org\/it\/wp-json\/wp\/v2\/pages\/1973\/revisions\/2620"}],"wp:attachment":[{"href":"https:\/\/exceladvisor.org\/it\/wp-json\/wp\/v2\/media?parent=1973"}],"curies":[{"name":"wp","href":"https:\/\/api.w.org\/{rel}","templated":true}]}}