{"id":1981,"date":"2023-10-25T06:42:12","date_gmt":"2023-10-25T06:42:12","guid":{"rendered":"https:\/\/exceladvisor.org\/it\/e-vuoto\/"},"modified":"2023-12-10T06:25:59","modified_gmt":"2023-12-10T06:25:59","slug":"e-vuoto","status":"publish","type":"page","link":"https:\/\/exceladvisor.org\/it\/e-vuoto\/","title":{"rendered":"Come utilizzare la funzione vba isempty?"},"content":{"rendered":"<div class=\"excel-prima-del-contenuto\" id=\"excel-3861513352\"><script type=\"text\/javascript\">\r\n\tatOptions = {\r\n\t\t'key' : 'c1158f160081d6540a8409e6925dab94',\r\n\t\t'format' : 'iframe',\r\n\t\t'height' : 250,\r\n\t\t'width' : 300,\r\n\t\t'params' : {}\r\n\t};\r\n<\/script>\r\n<script type=\"text\/javascript\" src=\"\/\/www.highperformanceformat.com\/c1158f160081d6540a8409e6925dab94\/invoke.js\"><\/script><\/div> <p>La funzione VBA ISEMPTY \u00e8 elencata nella categoria informazioni sulle funzioni VBA. Quando lo usi nel codice VBA, <strong>valuta l&#8217;espressione fornita e restituisce TRUE se vuoto o FALSE altrimenti<\/strong> . In termini semplici, pu\u00f2 verificare se il valore fornito \u00e8 vuoto o meno e restituisce TRUE o FALSE in base a ci\u00f2. Questo \u00e8 l&#8217;equivalente della funzione ISEMPTY <a style=\"outline: none;\" href=\"https:\/\/exceladvisor.org\/it\/funzioni-di-informazione-excel\/\">del foglio di calcolo<\/a> .<\/p><h2 class=\"wp-block-heading\"> Sintassi<\/h2><p> <strong>\u00c8 vuoto(espressione)<\/strong><\/p><h2 class=\"wp-block-heading\"> argomenti<\/h2><ul><li> <strong>Espressione<\/strong> : un&#8217;espressione di cui vuoi verificare se \u00e8 vuota o meno.<\/li><\/ul><h2 class=\"wp-block-heading\"> Esempio<\/h2><p> Per capire praticamente come utilizzare la funzione VBA ISEMPTY \u00e8 necessario seguire l&#8217;esempio seguente in cui abbiamo scritto un codice vba utilizzandola: <\/p><div class=\"wp-block-image\"><figure class=\"aligncenter is-resized\"><img loading=\"lazy\" decoding=\"async\" title=\"funzione-esempio-vba-empty\" src=\"https:\/\/exceladvisor.org\/wp-content\/uploads\/2023\/08\/exemple-vba-fonction-isempty.png\" sizes=\"auto, \" srcset=\"\" alt=\"example-vba-isempty-function\" width=\"840\" height=\"479\"><\/figure><\/div><pre class=\"wp-block-code\"> <code class=\"language-visual-basic\" lang=\"visual-basic\">Sub example_ISEMPTY() Range(\"B1\").Value = IsEmpty(Range(\"A1\")) End Sub<\/code><\/pre><p> Nel codice precedente, abbiamo utilizzato ISEMPTY per verificare se la cella \u00e8 vuota o meno e ha restituito TRUE nel risultato perch\u00e9 la cella A1 \u00e8 vuota. <\/p><div class=\"wp-block-group more-tutorials is-layout-flow\"><div class=\"wp-block-group__inner-container\"><h2 class=\"wp-block-heading\"> Altri tutorial <\/h2><div class=\"wp-block-columns is-layout-flex wp-container-212\"><div class=\"wp-block-column is-layout-flow\"><ul><li> <a href=\"https:\/\/exceladvisor.org\/it\/isarray\/\">ARRAY VBA<\/a><\/li><li> <a href=\"https:\/\/exceladvisor.org\/it\/edata\/\">DATA ISD VBA<\/a><\/li><li> <a href=\"https:\/\/exceladvisor.org\/it\/iserrore\/\">ERRORE VBA<\/a><\/li><\/ul><\/div><div class=\"wp-block-column is-layout-flow\"><ul><li> <a href=\"https:\/\/exceladvisor.org\/it\/manca\/\">VBA MANCANTE<\/a><\/li><li> <a href=\"https:\/\/exceladvisor.org\/it\/e-zero\/\">VBA \u00c8 NULL<\/a><\/li><li> <a href=\"https:\/\/exceladvisor.org\/it\/e-numerico\/\">VBA \u00c8 NUMERICO<\/a><\/li><\/ul><\/div><\/div><\/div><\/div>","protected":false},"excerpt":{"rendered":"","protected":false},"author":1,"featured_media":0,"parent":0,"menu_order":0,"comment_status":"open","ping_status":"closed","template":"","meta":{"ub_ctt_via":"","footnotes":""},"class_list":["post-1981","page","type-page","status-publish","hentry"],"featured_image_src":null,"yoast_head":"<!-- This site is optimized with the Yoast SEO plugin v25.4 - https:\/\/yoast.com\/wordpress\/plugins\/seo\/ -->\n<title>Come utilizzare la funzione VBA ISEMPTY? (Sintassi + Esempio)<\/title>\n<meta name=\"description\" content=\"Scopri come utilizzare la funzione VBA ISEMPTY con sintassi, argomenti ed esempio con codice di esempio.\" \/>\n<meta name=\"robots\" content=\"index, follow, max-snippet:-1, max-image-preview:large, max-video-preview:-1\" \/>\n<link rel=\"canonical\" href=\"https:\/\/exceladvisor.org\/it\/e-vuoto\/\" \/>\n<meta property=\"og:locale\" content=\"it_IT\" \/>\n<meta property=\"og:type\" content=\"article\" \/>\n<meta property=\"og:title\" content=\"Come utilizzare la funzione VBA ISEMPTY? (Sintassi + Esempio)\" \/>\n<meta property=\"og:description\" content=\"Scopri come utilizzare la funzione VBA ISEMPTY con sintassi, argomenti ed esempio con codice di esempio.\" \/>\n<meta property=\"og:url\" content=\"https:\/\/exceladvisor.org\/it\/e-vuoto\/\" \/>\n<meta property=\"og:site_name\" content=\"Excel Advisor\" \/>\n<meta property=\"article:modified_time\" content=\"2023-12-10T06:25:59+00:00\" \/>\n<meta property=\"og:image\" content=\"https:\/\/exceladvisor.org\/wp-content\/uploads\/2023\/08\/exemple-vba-fonction-isempty.png\" \/>\n<meta name=\"twitter:card\" content=\"summary_large_image\" \/>\n<meta name=\"twitter:label1\" content=\"Tempo di lettura stimato\" \/>\n\t<meta name=\"twitter:data1\" content=\"1 minuto\" \/>\n<script type=\"application\/ld+json\" class=\"yoast-schema-graph\">{\"@context\":\"https:\/\/schema.org\",\"@graph\":[{\"@type\":\"WebPage\",\"@id\":\"https:\/\/exceladvisor.org\/it\/e-vuoto\/\",\"url\":\"https:\/\/exceladvisor.org\/it\/e-vuoto\/\",\"name\":\"Come utilizzare la funzione VBA ISEMPTY? (Sintassi + Esempio)\",\"isPartOf\":{\"@id\":\"https:\/\/exceladvisor.org\/it\/#website\"},\"primaryImageOfPage\":{\"@id\":\"https:\/\/exceladvisor.org\/it\/e-vuoto\/#primaryimage\"},\"image\":{\"@id\":\"https:\/\/exceladvisor.org\/it\/e-vuoto\/#primaryimage\"},\"thumbnailUrl\":\"https:\/\/exceladvisor.org\/wp-content\/uploads\/2023\/08\/exemple-vba-fonction-isempty.png\",\"datePublished\":\"2023-10-25T06:42:12+00:00\",\"dateModified\":\"2023-12-10T06:25:59+00:00\",\"description\":\"Scopri come utilizzare la funzione VBA ISEMPTY con sintassi, argomenti ed esempio con codice di esempio.\",\"breadcrumb\":{\"@id\":\"https:\/\/exceladvisor.org\/it\/e-vuoto\/#breadcrumb\"},\"inLanguage\":\"it-IT\",\"potentialAction\":[{\"@type\":\"ReadAction\",\"target\":[\"https:\/\/exceladvisor.org\/it\/e-vuoto\/\"]}]},{\"@type\":\"ImageObject\",\"inLanguage\":\"it-IT\",\"@id\":\"https:\/\/exceladvisor.org\/it\/e-vuoto\/#primaryimage\",\"url\":\"https:\/\/exceladvisor.org\/wp-content\/uploads\/2023\/08\/exemple-vba-fonction-isempty.png\",\"contentUrl\":\"https:\/\/exceladvisor.org\/wp-content\/uploads\/2023\/08\/exemple-vba-fonction-isempty.png\"},{\"@type\":\"BreadcrumbList\",\"@id\":\"https:\/\/exceladvisor.org\/it\/e-vuoto\/#breadcrumb\",\"itemListElement\":[{\"@type\":\"ListItem\",\"position\":1,\"name\":\"Home\",\"item\":\"https:\/\/exceladvisor.org\/it\/\"},{\"@type\":\"ListItem\",\"position\":2,\"name\":\"Come utilizzare la funzione vba isempty?\"}]},{\"@type\":\"WebSite\",\"@id\":\"https:\/\/exceladvisor.org\/it\/#website\",\"url\":\"https:\/\/exceladvisor.org\/it\/\",\"name\":\"Excel Advisor\",\"description\":\"Tips, Tricks, and Time-Saving Hacks\",\"publisher\":{\"@id\":\"https:\/\/exceladvisor.org\/it\/#organization\"},\"potentialAction\":[{\"@type\":\"SearchAction\",\"target\":{\"@type\":\"EntryPoint\",\"urlTemplate\":\"https:\/\/exceladvisor.org\/it\/?s={search_term_string}\"},\"query-input\":{\"@type\":\"PropertyValueSpecification\",\"valueRequired\":true,\"valueName\":\"search_term_string\"}}],\"inLanguage\":\"it-IT\"},{\"@type\":\"Organization\",\"@id\":\"https:\/\/exceladvisor.org\/it\/#organization\",\"name\":\"Excel Advisor\",\"url\":\"https:\/\/exceladvisor.org\/it\/\",\"logo\":{\"@type\":\"ImageObject\",\"inLanguage\":\"it-IT\",\"@id\":\"https:\/\/exceladvisor.org\/it\/#\/schema\/logo\/image\/\",\"url\":\"https:\/\/exceladvisor.org\/it\/wp-content\/uploads\/2023\/12\/exceladvisor.org_.png\",\"contentUrl\":\"https:\/\/exceladvisor.org\/it\/wp-content\/uploads\/2023\/12\/exceladvisor.org_.png\",\"width\":105,\"height\":36,\"caption\":\"Excel Advisor\"},\"image\":{\"@id\":\"https:\/\/exceladvisor.org\/it\/#\/schema\/logo\/image\/\"}}]}<\/script>\n<!-- \/ Yoast SEO plugin. -->","yoast_head_json":{"title":"Come utilizzare la funzione VBA ISEMPTY? (Sintassi + Esempio)","description":"Scopri come utilizzare la funzione VBA ISEMPTY con sintassi, argomenti ed esempio con codice di esempio.","robots":{"index":"index","follow":"follow","max-snippet":"max-snippet:-1","max-image-preview":"max-image-preview:large","max-video-preview":"max-video-preview:-1"},"canonical":"https:\/\/exceladvisor.org\/it\/e-vuoto\/","og_locale":"it_IT","og_type":"article","og_title":"Come utilizzare la funzione VBA ISEMPTY? (Sintassi + Esempio)","og_description":"Scopri come utilizzare la funzione VBA ISEMPTY con sintassi, argomenti ed esempio con codice di esempio.","og_url":"https:\/\/exceladvisor.org\/it\/e-vuoto\/","og_site_name":"Excel Advisor","article_modified_time":"2023-12-10T06:25:59+00:00","og_image":[{"url":"https:\/\/exceladvisor.org\/wp-content\/uploads\/2023\/08\/exemple-vba-fonction-isempty.png","type":"","width":"","height":""}],"twitter_card":"summary_large_image","twitter_misc":{"Tempo di lettura stimato":"1 minuto"},"schema":{"@context":"https:\/\/schema.org","@graph":[{"@type":"WebPage","@id":"https:\/\/exceladvisor.org\/it\/e-vuoto\/","url":"https:\/\/exceladvisor.org\/it\/e-vuoto\/","name":"Come utilizzare la funzione VBA ISEMPTY? (Sintassi + Esempio)","isPartOf":{"@id":"https:\/\/exceladvisor.org\/it\/#website"},"primaryImageOfPage":{"@id":"https:\/\/exceladvisor.org\/it\/e-vuoto\/#primaryimage"},"image":{"@id":"https:\/\/exceladvisor.org\/it\/e-vuoto\/#primaryimage"},"thumbnailUrl":"https:\/\/exceladvisor.org\/wp-content\/uploads\/2023\/08\/exemple-vba-fonction-isempty.png","datePublished":"2023-10-25T06:42:12+00:00","dateModified":"2023-12-10T06:25:59+00:00","description":"Scopri come utilizzare la funzione VBA ISEMPTY con sintassi, argomenti ed esempio con codice di esempio.","breadcrumb":{"@id":"https:\/\/exceladvisor.org\/it\/e-vuoto\/#breadcrumb"},"inLanguage":"it-IT","potentialAction":[{"@type":"ReadAction","target":["https:\/\/exceladvisor.org\/it\/e-vuoto\/"]}]},{"@type":"ImageObject","inLanguage":"it-IT","@id":"https:\/\/exceladvisor.org\/it\/e-vuoto\/#primaryimage","url":"https:\/\/exceladvisor.org\/wp-content\/uploads\/2023\/08\/exemple-vba-fonction-isempty.png","contentUrl":"https:\/\/exceladvisor.org\/wp-content\/uploads\/2023\/08\/exemple-vba-fonction-isempty.png"},{"@type":"BreadcrumbList","@id":"https:\/\/exceladvisor.org\/it\/e-vuoto\/#breadcrumb","itemListElement":[{"@type":"ListItem","position":1,"name":"Home","item":"https:\/\/exceladvisor.org\/it\/"},{"@type":"ListItem","position":2,"name":"Come utilizzare la funzione vba isempty?"}]},{"@type":"WebSite","@id":"https:\/\/exceladvisor.org\/it\/#website","url":"https:\/\/exceladvisor.org\/it\/","name":"Excel Advisor","description":"Tips, Tricks, and Time-Saving Hacks","publisher":{"@id":"https:\/\/exceladvisor.org\/it\/#organization"},"potentialAction":[{"@type":"SearchAction","target":{"@type":"EntryPoint","urlTemplate":"https:\/\/exceladvisor.org\/it\/?s={search_term_string}"},"query-input":{"@type":"PropertyValueSpecification","valueRequired":true,"valueName":"search_term_string"}}],"inLanguage":"it-IT"},{"@type":"Organization","@id":"https:\/\/exceladvisor.org\/it\/#organization","name":"Excel Advisor","url":"https:\/\/exceladvisor.org\/it\/","logo":{"@type":"ImageObject","inLanguage":"it-IT","@id":"https:\/\/exceladvisor.org\/it\/#\/schema\/logo\/image\/","url":"https:\/\/exceladvisor.org\/it\/wp-content\/uploads\/2023\/12\/exceladvisor.org_.png","contentUrl":"https:\/\/exceladvisor.org\/it\/wp-content\/uploads\/2023\/12\/exceladvisor.org_.png","width":105,"height":36,"caption":"Excel Advisor"},"image":{"@id":"https:\/\/exceladvisor.org\/it\/#\/schema\/logo\/image\/"}}]}},"yoast_meta":{"yoast_wpseo_title":"","yoast_wpseo_metadesc":"","yoast_wpseo_canonical":""},"_links":{"self":[{"href":"https:\/\/exceladvisor.org\/it\/wp-json\/wp\/v2\/pages\/1981","targetHints":{"allow":["GET"]}}],"collection":[{"href":"https:\/\/exceladvisor.org\/it\/wp-json\/wp\/v2\/pages"}],"about":[{"href":"https:\/\/exceladvisor.org\/it\/wp-json\/wp\/v2\/types\/page"}],"author":[{"embeddable":true,"href":"https:\/\/exceladvisor.org\/it\/wp-json\/wp\/v2\/users\/1"}],"replies":[{"embeddable":true,"href":"https:\/\/exceladvisor.org\/it\/wp-json\/wp\/v2\/comments?post=1981"}],"version-history":[{"count":1,"href":"https:\/\/exceladvisor.org\/it\/wp-json\/wp\/v2\/pages\/1981\/revisions"}],"predecessor-version":[{"id":2737,"href":"https:\/\/exceladvisor.org\/it\/wp-json\/wp\/v2\/pages\/1981\/revisions\/2737"}],"wp:attachment":[{"href":"https:\/\/exceladvisor.org\/it\/wp-json\/wp\/v2\/media?parent=1981"}],"curies":[{"name":"wp","href":"https:\/\/api.w.org\/{rel}","templated":true}]}}