{"id":1987,"date":"2023-10-25T05:28:23","date_gmt":"2023-10-25T05:28:23","guid":{"rendered":"https:\/\/exceladvisor.org\/it\/giuntura\/"},"modified":"2023-12-10T06:25:07","modified_gmt":"2023-12-10T06:25:07","slug":"giuntura","status":"publish","type":"page","link":"https:\/\/exceladvisor.org\/it\/giuntura\/","title":{"rendered":"Come utilizzare la funzione join vba?"},"content":{"rendered":"<div class=\"excel-prima-del-contenuto\" id=\"excel-3385415321\"><script type=\"text\/javascript\">\r\n\tatOptions = {\r\n\t\t'key' : 'c1158f160081d6540a8409e6925dab94',\r\n\t\t'format' : 'iframe',\r\n\t\t'height' : 250,\r\n\t\t'width' : 300,\r\n\t\t'params' : {}\r\n\t};\r\n<\/script>\r\n<script type=\"text\/javascript\" src=\"\/\/www.highperformanceformat.com\/c1158f160081d6540a8409e6925dab94\/invoke.js\"><\/script><\/div> <p>La funzione VBA JOIN \u00e8 elencata nella categoria tabella delle funzioni VBA. Quando lo usi nel codice VBA, <strong>pu\u00f2 unire due o pi\u00f9 stringhe e restituire una singola stringa nel risultato<\/strong> . In parole semplici, pu\u00f2 combinare pi\u00f9 stringhe in una, proprio come possiamo usare <a href=\"https:\/\/exceladvisor.org\/it\/concatenare-un-intervallo-di-celle\/\">concatenate nel foglio di calcolo per combinare valori<\/a> .<\/p><h2 class=\"wp-block-heading\"> Sintassi<\/h2><p> <strong>Unisci (ArraySource, [Delimitatore])<\/strong><\/p><h2 class=\"wp-block-heading\"> argomenti<\/h2><ul><li> <strong>SourceArray<\/strong> : un array di valori che desideri unire come una nuova stringa.<\/li><li> <strong>[Delimitatore]<\/strong> : un delimitatore che desideri utilizzare per separare ciascuna sottostringa durante la creazione della nuova stringa.<\/li><\/ul><h2 class=\"wp-block-heading\"> Esempio<\/h2><p> Per capire praticamente come utilizzare la funzione VBA JOIN \u00e8 necessario seguire l&#8217;esempio seguente in cui abbiamo scritto un codice vba utilizzandola: <\/p><figure class=\"wp-block-image is-resized\"><img loading=\"lazy\" decoding=\"async\" title=\"esempio-vba-join-funzione\" src=\"https:\/\/exceladvisor.org\/wp-content\/uploads\/2023\/08\/exemple-de-fonction-de-jointure-vba.png\" sizes=\"auto, \" srcset=\"\" alt=\"example-vba-join-function\" width=\"805\" height=\"552\"><\/figure><pre class=\"wp-block-code\"> <code class=\"language-visual-basic\" lang=\"visual-basic\">Sub example_JOIN() Dim myAry(0 To 4) As String myAry(0) = Range(\"A1\") myAry(1) = Range(\"A2\") myAry(2) = Range(\"A3\") myAry(3) = Range(\"A4\") myAry(4) = Range(\"A5\") Range(\"A7\").Value = Join(myAry) End Sub<\/code><\/pre><p> Nel codice sopra, abbiamo utilizzato il valore JOIN di un array (myAry) che prende tutti i valori dagli intervalli di celle che abbiamo definito e ha restituito la nuova stringa nella cella A1.<\/p><h2 class=\"wp-block-heading\"> Commenti<\/h2><ul><li> La funzione di unione non funziona se l&#8217;array \u00e8 dichiarato come tipo di dati data o tipo di dati variante.<\/li><\/ul><div class=\"gb-container gb-container-078e99df gb-container-mt\"> <a class=\"gb-button gb-button-b61bc159 gb-button-text gb-button-mt-button\" href=\"https:\/\/exceladvisor.org\/it\/vba\/\">Cos&#8217;\u00e8 VBA<\/a><h2 class=\"gb-headline gb-headline-eb94b2aa gb-headline-text gb-headline-mt-heading\"> <a href=\"https:\/\/exceladvisor.org\/it\/funzioni\/\">Funzioni VBA<\/a> correlate <\/h2><div class=\"gb-grid-wrapper gb-grid-wrapper-bea82d60 gb-grid-wrapper-mt-grid\"><div class=\"gb-grid-column gb-grid-column-98a91fbb\"><div class=\"gb-container gb-container-98a91fbb\"><ul><li> <a href=\"https:\/\/exceladvisor.org\/it\/distribuire\/\">TABELLA VBA<\/a><\/li><li> <a href=\"https:\/\/exceladvisor.org\/it\/filtro\/\">FILTRO VBA<\/a><\/li><li> <a href=\"https:\/\/exceladvisor.org\/it\/lbound\/\">VBA LBOUND<\/a><\/li><li> <a href=\"https:\/\/exceladvisor.org\/it\/diviso\/\">VBA DIVISO<\/a><\/li><li> <a href=\"https:\/\/exceladvisor.org\/it\/ubound\/\">VBA UBOUND<\/a> <\/li><\/ul><\/div><\/div><div class=\"gb-grid-column gb-grid-column-3151f7cb\"><div class=\"gb-container gb-container-3151f7cb\"><\/div><\/div><\/div><\/div>","protected":false},"excerpt":{"rendered":"","protected":false},"author":1,"featured_media":0,"parent":0,"menu_order":0,"comment_status":"open","ping_status":"closed","template":"","meta":{"ub_ctt_via":"","footnotes":""},"class_list":["post-1987","page","type-page","status-publish","hentry"],"featured_image_src":null,"yoast_head":"<!-- This site is optimized with the Yoast SEO plugin v25.4 - https:\/\/yoast.com\/wordpress\/plugins\/seo\/ -->\n<title>Come utilizzare la funzione JOIN VBA? (Sintassi + Esempio)<\/title>\n<meta name=\"description\" content=\"Scopri come utilizzare la funzione JOIN VBA con sintassi, argomenti ed esempio con codice di esempio.\" \/>\n<meta name=\"robots\" content=\"index, follow, max-snippet:-1, max-image-preview:large, max-video-preview:-1\" \/>\n<link rel=\"canonical\" href=\"https:\/\/exceladvisor.org\/it\/giuntura\/\" \/>\n<meta property=\"og:locale\" content=\"it_IT\" \/>\n<meta property=\"og:type\" content=\"article\" \/>\n<meta property=\"og:title\" content=\"Come utilizzare la funzione JOIN VBA? (Sintassi + Esempio)\" \/>\n<meta property=\"og:description\" content=\"Scopri come utilizzare la funzione JOIN VBA con sintassi, argomenti ed esempio con codice di esempio.\" \/>\n<meta property=\"og:url\" content=\"https:\/\/exceladvisor.org\/it\/giuntura\/\" \/>\n<meta property=\"og:site_name\" content=\"Excel Advisor\" \/>\n<meta property=\"article:modified_time\" content=\"2023-12-10T06:25:07+00:00\" \/>\n<meta property=\"og:image\" content=\"https:\/\/exceladvisor.org\/wp-content\/uploads\/2023\/08\/exemple-de-fonction-de-jointure-vba.png\" \/>\n<meta name=\"twitter:card\" content=\"summary_large_image\" \/>\n<meta name=\"twitter:label1\" content=\"Tempo di lettura stimato\" \/>\n\t<meta name=\"twitter:data1\" content=\"1 minuto\" \/>\n<script type=\"application\/ld+json\" class=\"yoast-schema-graph\">{\"@context\":\"https:\/\/schema.org\",\"@graph\":[{\"@type\":\"WebPage\",\"@id\":\"https:\/\/exceladvisor.org\/it\/giuntura\/\",\"url\":\"https:\/\/exceladvisor.org\/it\/giuntura\/\",\"name\":\"Come utilizzare la funzione JOIN VBA? (Sintassi + Esempio)\",\"isPartOf\":{\"@id\":\"https:\/\/exceladvisor.org\/it\/#website\"},\"primaryImageOfPage\":{\"@id\":\"https:\/\/exceladvisor.org\/it\/giuntura\/#primaryimage\"},\"image\":{\"@id\":\"https:\/\/exceladvisor.org\/it\/giuntura\/#primaryimage\"},\"thumbnailUrl\":\"https:\/\/exceladvisor.org\/wp-content\/uploads\/2023\/08\/exemple-de-fonction-de-jointure-vba.png\",\"datePublished\":\"2023-10-25T05:28:23+00:00\",\"dateModified\":\"2023-12-10T06:25:07+00:00\",\"description\":\"Scopri come utilizzare la funzione JOIN VBA con sintassi, argomenti ed esempio con codice di esempio.\",\"breadcrumb\":{\"@id\":\"https:\/\/exceladvisor.org\/it\/giuntura\/#breadcrumb\"},\"inLanguage\":\"it-IT\",\"potentialAction\":[{\"@type\":\"ReadAction\",\"target\":[\"https:\/\/exceladvisor.org\/it\/giuntura\/\"]}]},{\"@type\":\"ImageObject\",\"inLanguage\":\"it-IT\",\"@id\":\"https:\/\/exceladvisor.org\/it\/giuntura\/#primaryimage\",\"url\":\"https:\/\/exceladvisor.org\/wp-content\/uploads\/2023\/08\/exemple-de-fonction-de-jointure-vba.png\",\"contentUrl\":\"https:\/\/exceladvisor.org\/wp-content\/uploads\/2023\/08\/exemple-de-fonction-de-jointure-vba.png\"},{\"@type\":\"BreadcrumbList\",\"@id\":\"https:\/\/exceladvisor.org\/it\/giuntura\/#breadcrumb\",\"itemListElement\":[{\"@type\":\"ListItem\",\"position\":1,\"name\":\"Home\",\"item\":\"https:\/\/exceladvisor.org\/it\/\"},{\"@type\":\"ListItem\",\"position\":2,\"name\":\"Come utilizzare la funzione join vba?\"}]},{\"@type\":\"WebSite\",\"@id\":\"https:\/\/exceladvisor.org\/it\/#website\",\"url\":\"https:\/\/exceladvisor.org\/it\/\",\"name\":\"Excel Advisor\",\"description\":\"Tips, Tricks, and Time-Saving Hacks\",\"publisher\":{\"@id\":\"https:\/\/exceladvisor.org\/it\/#organization\"},\"potentialAction\":[{\"@type\":\"SearchAction\",\"target\":{\"@type\":\"EntryPoint\",\"urlTemplate\":\"https:\/\/exceladvisor.org\/it\/?s={search_term_string}\"},\"query-input\":{\"@type\":\"PropertyValueSpecification\",\"valueRequired\":true,\"valueName\":\"search_term_string\"}}],\"inLanguage\":\"it-IT\"},{\"@type\":\"Organization\",\"@id\":\"https:\/\/exceladvisor.org\/it\/#organization\",\"name\":\"Excel Advisor\",\"url\":\"https:\/\/exceladvisor.org\/it\/\",\"logo\":{\"@type\":\"ImageObject\",\"inLanguage\":\"it-IT\",\"@id\":\"https:\/\/exceladvisor.org\/it\/#\/schema\/logo\/image\/\",\"url\":\"https:\/\/exceladvisor.org\/it\/wp-content\/uploads\/2023\/12\/exceladvisor.org_.png\",\"contentUrl\":\"https:\/\/exceladvisor.org\/it\/wp-content\/uploads\/2023\/12\/exceladvisor.org_.png\",\"width\":105,\"height\":36,\"caption\":\"Excel Advisor\"},\"image\":{\"@id\":\"https:\/\/exceladvisor.org\/it\/#\/schema\/logo\/image\/\"}}]}<\/script>\n<!-- \/ Yoast SEO plugin. -->","yoast_head_json":{"title":"Come utilizzare la funzione JOIN VBA? (Sintassi + Esempio)","description":"Scopri come utilizzare la funzione JOIN VBA con sintassi, argomenti ed esempio con codice di esempio.","robots":{"index":"index","follow":"follow","max-snippet":"max-snippet:-1","max-image-preview":"max-image-preview:large","max-video-preview":"max-video-preview:-1"},"canonical":"https:\/\/exceladvisor.org\/it\/giuntura\/","og_locale":"it_IT","og_type":"article","og_title":"Come utilizzare la funzione JOIN VBA? (Sintassi + Esempio)","og_description":"Scopri come utilizzare la funzione JOIN VBA con sintassi, argomenti ed esempio con codice di esempio.","og_url":"https:\/\/exceladvisor.org\/it\/giuntura\/","og_site_name":"Excel Advisor","article_modified_time":"2023-12-10T06:25:07+00:00","og_image":[{"url":"https:\/\/exceladvisor.org\/wp-content\/uploads\/2023\/08\/exemple-de-fonction-de-jointure-vba.png","type":"","width":"","height":""}],"twitter_card":"summary_large_image","twitter_misc":{"Tempo di lettura stimato":"1 minuto"},"schema":{"@context":"https:\/\/schema.org","@graph":[{"@type":"WebPage","@id":"https:\/\/exceladvisor.org\/it\/giuntura\/","url":"https:\/\/exceladvisor.org\/it\/giuntura\/","name":"Come utilizzare la funzione JOIN VBA? (Sintassi + Esempio)","isPartOf":{"@id":"https:\/\/exceladvisor.org\/it\/#website"},"primaryImageOfPage":{"@id":"https:\/\/exceladvisor.org\/it\/giuntura\/#primaryimage"},"image":{"@id":"https:\/\/exceladvisor.org\/it\/giuntura\/#primaryimage"},"thumbnailUrl":"https:\/\/exceladvisor.org\/wp-content\/uploads\/2023\/08\/exemple-de-fonction-de-jointure-vba.png","datePublished":"2023-10-25T05:28:23+00:00","dateModified":"2023-12-10T06:25:07+00:00","description":"Scopri come utilizzare la funzione JOIN VBA con sintassi, argomenti ed esempio con codice di esempio.","breadcrumb":{"@id":"https:\/\/exceladvisor.org\/it\/giuntura\/#breadcrumb"},"inLanguage":"it-IT","potentialAction":[{"@type":"ReadAction","target":["https:\/\/exceladvisor.org\/it\/giuntura\/"]}]},{"@type":"ImageObject","inLanguage":"it-IT","@id":"https:\/\/exceladvisor.org\/it\/giuntura\/#primaryimage","url":"https:\/\/exceladvisor.org\/wp-content\/uploads\/2023\/08\/exemple-de-fonction-de-jointure-vba.png","contentUrl":"https:\/\/exceladvisor.org\/wp-content\/uploads\/2023\/08\/exemple-de-fonction-de-jointure-vba.png"},{"@type":"BreadcrumbList","@id":"https:\/\/exceladvisor.org\/it\/giuntura\/#breadcrumb","itemListElement":[{"@type":"ListItem","position":1,"name":"Home","item":"https:\/\/exceladvisor.org\/it\/"},{"@type":"ListItem","position":2,"name":"Come utilizzare la funzione join vba?"}]},{"@type":"WebSite","@id":"https:\/\/exceladvisor.org\/it\/#website","url":"https:\/\/exceladvisor.org\/it\/","name":"Excel Advisor","description":"Tips, Tricks, and Time-Saving Hacks","publisher":{"@id":"https:\/\/exceladvisor.org\/it\/#organization"},"potentialAction":[{"@type":"SearchAction","target":{"@type":"EntryPoint","urlTemplate":"https:\/\/exceladvisor.org\/it\/?s={search_term_string}"},"query-input":{"@type":"PropertyValueSpecification","valueRequired":true,"valueName":"search_term_string"}}],"inLanguage":"it-IT"},{"@type":"Organization","@id":"https:\/\/exceladvisor.org\/it\/#organization","name":"Excel Advisor","url":"https:\/\/exceladvisor.org\/it\/","logo":{"@type":"ImageObject","inLanguage":"it-IT","@id":"https:\/\/exceladvisor.org\/it\/#\/schema\/logo\/image\/","url":"https:\/\/exceladvisor.org\/it\/wp-content\/uploads\/2023\/12\/exceladvisor.org_.png","contentUrl":"https:\/\/exceladvisor.org\/it\/wp-content\/uploads\/2023\/12\/exceladvisor.org_.png","width":105,"height":36,"caption":"Excel Advisor"},"image":{"@id":"https:\/\/exceladvisor.org\/it\/#\/schema\/logo\/image\/"}}]}},"yoast_meta":{"yoast_wpseo_title":"","yoast_wpseo_metadesc":"","yoast_wpseo_canonical":""},"_links":{"self":[{"href":"https:\/\/exceladvisor.org\/it\/wp-json\/wp\/v2\/pages\/1987","targetHints":{"allow":["GET"]}}],"collection":[{"href":"https:\/\/exceladvisor.org\/it\/wp-json\/wp\/v2\/pages"}],"about":[{"href":"https:\/\/exceladvisor.org\/it\/wp-json\/wp\/v2\/types\/page"}],"author":[{"embeddable":true,"href":"https:\/\/exceladvisor.org\/it\/wp-json\/wp\/v2\/users\/1"}],"replies":[{"embeddable":true,"href":"https:\/\/exceladvisor.org\/it\/wp-json\/wp\/v2\/comments?post=1987"}],"version-history":[{"count":1,"href":"https:\/\/exceladvisor.org\/it\/wp-json\/wp\/v2\/pages\/1987\/revisions"}],"predecessor-version":[{"id":2636,"href":"https:\/\/exceladvisor.org\/it\/wp-json\/wp\/v2\/pages\/1987\/revisions\/2636"}],"wp:attachment":[{"href":"https:\/\/exceladvisor.org\/it\/wp-json\/wp\/v2\/media?parent=1987"}],"curies":[{"name":"wp","href":"https:\/\/api.w.org\/{rel}","templated":true}]}}