{"id":2033,"date":"2023-10-23T19:54:53","date_gmt":"2023-10-23T19:54:53","guid":{"rendered":"https:\/\/exceladvisor.org\/it\/fine-settimana\/"},"modified":"2023-12-10T06:26:27","modified_gmt":"2023-12-10T06:26:27","slug":"fine-settimana","status":"publish","type":"page","link":"https:\/\/exceladvisor.org\/it\/fine-settimana\/","title":{"rendered":"Come utilizzare la funzione vba weekday?"},"content":{"rendered":"<div class=\"excel-prima-del-contenuto\" id=\"excel-3098628923\"><script type=\"text\/javascript\">\r\n\tatOptions = {\r\n\t\t'key' : 'c1158f160081d6540a8409e6925dab94',\r\n\t\t'format' : 'iframe',\r\n\t\t'height' : 250,\r\n\t\t'width' : 300,\r\n\t\t'params' : {}\r\n\t};\r\n<\/script>\r\n<script type=\"text\/javascript\" src=\"\/\/www.highperformanceformat.com\/c1158f160081d6540a8409e6925dab94\/invoke.js\"><\/script><\/div> <p>La funzione VBA GIORNO SETTIMANALE \u00e8 elencata nella categoria data delle funzioni VBA. Quando lo utilizzi nel codice VBA, <strong>restituisce il numero del giorno (compreso tra 1 e 7)<\/strong> utilizzando il numero del giorno dalla data fornita. In termini semplici, restituisce il numero di giorni della settimana.<\/p><h2 class=\"wp-block-heading\"> Sintassi<\/h2><p> <strong>Giorno della settimana(Data, [PrimoGiornodellaSettimana])<\/strong><\/p><h2 class=\"wp-block-heading\"> argomenti<\/h2><ul><li> <strong>Data<\/strong> : una data valida per la quale si desidera ottenere il giorno della settimana.<\/li><li> <strong>[FirstDayOfWeek]<\/strong> : una stringa per impostare il primo giorno della settimana [Questo \u00e8 un argomento facoltativo e se omesso, VBA accetta vbSunday per impostazione predefinita].<ul><li> <strong>vbUseSystemDayOfWeek<\/strong> \u2013 A seconda delle impostazioni di sistema.<\/li><li> vbDomenica \u2013 Domenica<\/li><li> vblunday \u2013 luned\u00ec<\/li><li> vbMarted\u00ec \u2013 Marted\u00ec<\/li><li> vbMercoled\u00ec \u2013 Mercoled\u00ec<\/li><li> vbGiovedi \u2013 Gioved\u00ec<\/li><li> vbVenerd\u00ec \u2013 Venerd\u00ec<\/li><\/ul><\/li><\/ul><h2 class=\"wp-block-heading\"> Esempio<\/h2><p> Per capire praticamente come utilizzare la funzione VBA WEEKDAY \u00e8 necessario seguire l&#8217;esempio seguente in cui abbiamo scritto un codice vba utilizzandola: <\/p><figure class=\"wp-block-image is-resized\"><img loading=\"lazy\" decoding=\"async\" title=\"esempio-vba-funzione-giorno-feriale\" src=\"https:\/\/exceladvisor.org\/wp-content\/uploads\/2023\/08\/exemple-de-fonction-jour-de-la-semaine-vba.png\" sizes=\"auto, \" srcset=\"\" alt=\"example-vba-weekday-function\" width=\"837\" height=\"435\"><\/figure><pre class=\"wp-block-code\"> <code class=\"language-visual-basic\" lang=\"visual-basic\">Sub example_WEEKDAY() Range(\"B1\").Value = Weekday(Range(\"A1\")) End Sub<\/code><\/pre><p> Nel codice sopra abbiamo utilizzato WEEKDAY per ottenere il giorno della settimana per (mercoled\u00ec 15 maggio 2019) la data che abbiamo nella cella A1 e nel risultato abbiamo 4 nella cella B1.<\/p><p> Il giorno \u00e8 mercoled\u00ec, che \u00e8 il quarto giorno della settimana (\u00e8 stata utilizzata domenica come primo giorno della settimana), pertanto nel risultato viene restituito 4.<\/p><h2 class=\"wp-block-heading\"> Commenti<\/h2><ul><li> Se la data specificata \u00e8 un valore diverso da una data o una stringa che non pu\u00f2 essere riconosciuta come data, VBA restituir\u00e0 l&#8217;errore di runtime 13. <\/li><\/ul><div class=\"wp-block-group more-tutorials is-layout-flow\"><div class=\"wp-block-group__inner-container\"><h2 class=\"wp-block-heading\"> Altri tutorial <\/h2><div class=\"wp-block-columns is-layout-flex wp-container-20\"><div class=\"wp-block-column is-layout-flow\"><ul><li> <a href=\"https:\/\/exceladvisor.org\/it\/data-2\/\">DATA VBA<\/a><\/li><li> <a href=\"https:\/\/exceladvisor.org\/it\/dataadd\/\">DATA VBAAGGIUNGI<\/a><\/li><li> <a href=\"https:\/\/exceladvisor.org\/it\/datepart\/\">DATEPARTS VBA<\/a><\/li><li> <a href=\"https:\/\/exceladvisor.org\/it\/dateserial\/\">DATARIE VBA<\/a><\/li><li> <a href=\"https:\/\/exceladvisor.org\/it\/valoredata\/\">VALORE DATA VBA<\/a><\/li><\/ul><\/div><\/div><\/div><\/div>","protected":false},"excerpt":{"rendered":"","protected":false},"author":1,"featured_media":0,"parent":0,"menu_order":0,"comment_status":"open","ping_status":"closed","template":"","meta":{"ub_ctt_via":"","footnotes":""},"class_list":["post-2033","page","type-page","status-publish","hentry"],"featured_image_src":null,"yoast_head":"<!-- This site is optimized with the Yoast SEO plugin v25.4 - https:\/\/yoast.com\/wordpress\/plugins\/seo\/ -->\n<title>Come utilizzare la funzione VBA WEEKDAY? (sintassi + esempio)<\/title>\n<meta name=\"description\" content=\"Scopri come utilizzare la funzione VBA WEEKDAY con sintassi, argomenti ed esempio con codice di esempio.\" \/>\n<meta name=\"robots\" content=\"index, follow, max-snippet:-1, max-image-preview:large, max-video-preview:-1\" \/>\n<link rel=\"canonical\" href=\"https:\/\/exceladvisor.org\/it\/fine-settimana\/\" \/>\n<meta property=\"og:locale\" content=\"it_IT\" \/>\n<meta property=\"og:type\" content=\"article\" \/>\n<meta property=\"og:title\" content=\"Come utilizzare la funzione VBA WEEKDAY? (sintassi + esempio)\" \/>\n<meta property=\"og:description\" content=\"Scopri come utilizzare la funzione VBA WEEKDAY con sintassi, argomenti ed esempio con codice di esempio.\" \/>\n<meta property=\"og:url\" content=\"https:\/\/exceladvisor.org\/it\/fine-settimana\/\" \/>\n<meta property=\"og:site_name\" content=\"Excel Advisor\" \/>\n<meta property=\"article:modified_time\" content=\"2023-12-10T06:26:27+00:00\" \/>\n<meta property=\"og:image\" content=\"https:\/\/exceladvisor.org\/wp-content\/uploads\/2023\/08\/exemple-de-fonction-jour-de-la-semaine-vba.png\" \/>\n<meta name=\"twitter:card\" content=\"summary_large_image\" \/>\n<meta name=\"twitter:label1\" content=\"Tempo di lettura stimato\" \/>\n\t<meta name=\"twitter:data1\" content=\"1 minuto\" \/>\n<script type=\"application\/ld+json\" class=\"yoast-schema-graph\">{\"@context\":\"https:\/\/schema.org\",\"@graph\":[{\"@type\":\"WebPage\",\"@id\":\"https:\/\/exceladvisor.org\/it\/fine-settimana\/\",\"url\":\"https:\/\/exceladvisor.org\/it\/fine-settimana\/\",\"name\":\"Come utilizzare la funzione VBA WEEKDAY? (sintassi + esempio)\",\"isPartOf\":{\"@id\":\"https:\/\/exceladvisor.org\/it\/#website\"},\"primaryImageOfPage\":{\"@id\":\"https:\/\/exceladvisor.org\/it\/fine-settimana\/#primaryimage\"},\"image\":{\"@id\":\"https:\/\/exceladvisor.org\/it\/fine-settimana\/#primaryimage\"},\"thumbnailUrl\":\"https:\/\/exceladvisor.org\/wp-content\/uploads\/2023\/08\/exemple-de-fonction-jour-de-la-semaine-vba.png\",\"datePublished\":\"2023-10-23T19:54:53+00:00\",\"dateModified\":\"2023-12-10T06:26:27+00:00\",\"description\":\"Scopri come utilizzare la funzione VBA WEEKDAY con sintassi, argomenti ed esempio con codice di esempio.\",\"breadcrumb\":{\"@id\":\"https:\/\/exceladvisor.org\/it\/fine-settimana\/#breadcrumb\"},\"inLanguage\":\"it-IT\",\"potentialAction\":[{\"@type\":\"ReadAction\",\"target\":[\"https:\/\/exceladvisor.org\/it\/fine-settimana\/\"]}]},{\"@type\":\"ImageObject\",\"inLanguage\":\"it-IT\",\"@id\":\"https:\/\/exceladvisor.org\/it\/fine-settimana\/#primaryimage\",\"url\":\"https:\/\/exceladvisor.org\/wp-content\/uploads\/2023\/08\/exemple-de-fonction-jour-de-la-semaine-vba.png\",\"contentUrl\":\"https:\/\/exceladvisor.org\/wp-content\/uploads\/2023\/08\/exemple-de-fonction-jour-de-la-semaine-vba.png\"},{\"@type\":\"BreadcrumbList\",\"@id\":\"https:\/\/exceladvisor.org\/it\/fine-settimana\/#breadcrumb\",\"itemListElement\":[{\"@type\":\"ListItem\",\"position\":1,\"name\":\"Home\",\"item\":\"https:\/\/exceladvisor.org\/it\/\"},{\"@type\":\"ListItem\",\"position\":2,\"name\":\"Come utilizzare la funzione vba weekday?\"}]},{\"@type\":\"WebSite\",\"@id\":\"https:\/\/exceladvisor.org\/it\/#website\",\"url\":\"https:\/\/exceladvisor.org\/it\/\",\"name\":\"Excel Advisor\",\"description\":\"Tips, Tricks, and Time-Saving Hacks\",\"publisher\":{\"@id\":\"https:\/\/exceladvisor.org\/it\/#organization\"},\"potentialAction\":[{\"@type\":\"SearchAction\",\"target\":{\"@type\":\"EntryPoint\",\"urlTemplate\":\"https:\/\/exceladvisor.org\/it\/?s={search_term_string}\"},\"query-input\":{\"@type\":\"PropertyValueSpecification\",\"valueRequired\":true,\"valueName\":\"search_term_string\"}}],\"inLanguage\":\"it-IT\"},{\"@type\":\"Organization\",\"@id\":\"https:\/\/exceladvisor.org\/it\/#organization\",\"name\":\"Excel Advisor\",\"url\":\"https:\/\/exceladvisor.org\/it\/\",\"logo\":{\"@type\":\"ImageObject\",\"inLanguage\":\"it-IT\",\"@id\":\"https:\/\/exceladvisor.org\/it\/#\/schema\/logo\/image\/\",\"url\":\"https:\/\/exceladvisor.org\/it\/wp-content\/uploads\/2023\/12\/exceladvisor.org_.png\",\"contentUrl\":\"https:\/\/exceladvisor.org\/it\/wp-content\/uploads\/2023\/12\/exceladvisor.org_.png\",\"width\":105,\"height\":36,\"caption\":\"Excel Advisor\"},\"image\":{\"@id\":\"https:\/\/exceladvisor.org\/it\/#\/schema\/logo\/image\/\"}}]}<\/script>\n<!-- \/ Yoast SEO plugin. -->","yoast_head_json":{"title":"Come utilizzare la funzione VBA WEEKDAY? (sintassi + esempio)","description":"Scopri come utilizzare la funzione VBA WEEKDAY con sintassi, argomenti ed esempio con codice di esempio.","robots":{"index":"index","follow":"follow","max-snippet":"max-snippet:-1","max-image-preview":"max-image-preview:large","max-video-preview":"max-video-preview:-1"},"canonical":"https:\/\/exceladvisor.org\/it\/fine-settimana\/","og_locale":"it_IT","og_type":"article","og_title":"Come utilizzare la funzione VBA WEEKDAY? (sintassi + esempio)","og_description":"Scopri come utilizzare la funzione VBA WEEKDAY con sintassi, argomenti ed esempio con codice di esempio.","og_url":"https:\/\/exceladvisor.org\/it\/fine-settimana\/","og_site_name":"Excel Advisor","article_modified_time":"2023-12-10T06:26:27+00:00","og_image":[{"url":"https:\/\/exceladvisor.org\/wp-content\/uploads\/2023\/08\/exemple-de-fonction-jour-de-la-semaine-vba.png","type":"","width":"","height":""}],"twitter_card":"summary_large_image","twitter_misc":{"Tempo di lettura stimato":"1 minuto"},"schema":{"@context":"https:\/\/schema.org","@graph":[{"@type":"WebPage","@id":"https:\/\/exceladvisor.org\/it\/fine-settimana\/","url":"https:\/\/exceladvisor.org\/it\/fine-settimana\/","name":"Come utilizzare la funzione VBA WEEKDAY? (sintassi + esempio)","isPartOf":{"@id":"https:\/\/exceladvisor.org\/it\/#website"},"primaryImageOfPage":{"@id":"https:\/\/exceladvisor.org\/it\/fine-settimana\/#primaryimage"},"image":{"@id":"https:\/\/exceladvisor.org\/it\/fine-settimana\/#primaryimage"},"thumbnailUrl":"https:\/\/exceladvisor.org\/wp-content\/uploads\/2023\/08\/exemple-de-fonction-jour-de-la-semaine-vba.png","datePublished":"2023-10-23T19:54:53+00:00","dateModified":"2023-12-10T06:26:27+00:00","description":"Scopri come utilizzare la funzione VBA WEEKDAY con sintassi, argomenti ed esempio con codice di esempio.","breadcrumb":{"@id":"https:\/\/exceladvisor.org\/it\/fine-settimana\/#breadcrumb"},"inLanguage":"it-IT","potentialAction":[{"@type":"ReadAction","target":["https:\/\/exceladvisor.org\/it\/fine-settimana\/"]}]},{"@type":"ImageObject","inLanguage":"it-IT","@id":"https:\/\/exceladvisor.org\/it\/fine-settimana\/#primaryimage","url":"https:\/\/exceladvisor.org\/wp-content\/uploads\/2023\/08\/exemple-de-fonction-jour-de-la-semaine-vba.png","contentUrl":"https:\/\/exceladvisor.org\/wp-content\/uploads\/2023\/08\/exemple-de-fonction-jour-de-la-semaine-vba.png"},{"@type":"BreadcrumbList","@id":"https:\/\/exceladvisor.org\/it\/fine-settimana\/#breadcrumb","itemListElement":[{"@type":"ListItem","position":1,"name":"Home","item":"https:\/\/exceladvisor.org\/it\/"},{"@type":"ListItem","position":2,"name":"Come utilizzare la funzione vba weekday?"}]},{"@type":"WebSite","@id":"https:\/\/exceladvisor.org\/it\/#website","url":"https:\/\/exceladvisor.org\/it\/","name":"Excel Advisor","description":"Tips, Tricks, and Time-Saving Hacks","publisher":{"@id":"https:\/\/exceladvisor.org\/it\/#organization"},"potentialAction":[{"@type":"SearchAction","target":{"@type":"EntryPoint","urlTemplate":"https:\/\/exceladvisor.org\/it\/?s={search_term_string}"},"query-input":{"@type":"PropertyValueSpecification","valueRequired":true,"valueName":"search_term_string"}}],"inLanguage":"it-IT"},{"@type":"Organization","@id":"https:\/\/exceladvisor.org\/it\/#organization","name":"Excel Advisor","url":"https:\/\/exceladvisor.org\/it\/","logo":{"@type":"ImageObject","inLanguage":"it-IT","@id":"https:\/\/exceladvisor.org\/it\/#\/schema\/logo\/image\/","url":"https:\/\/exceladvisor.org\/it\/wp-content\/uploads\/2023\/12\/exceladvisor.org_.png","contentUrl":"https:\/\/exceladvisor.org\/it\/wp-content\/uploads\/2023\/12\/exceladvisor.org_.png","width":105,"height":36,"caption":"Excel Advisor"},"image":{"@id":"https:\/\/exceladvisor.org\/it\/#\/schema\/logo\/image\/"}}]}},"yoast_meta":{"yoast_wpseo_title":"","yoast_wpseo_metadesc":"","yoast_wpseo_canonical":""},"_links":{"self":[{"href":"https:\/\/exceladvisor.org\/it\/wp-json\/wp\/v2\/pages\/2033","targetHints":{"allow":["GET"]}}],"collection":[{"href":"https:\/\/exceladvisor.org\/it\/wp-json\/wp\/v2\/pages"}],"about":[{"href":"https:\/\/exceladvisor.org\/it\/wp-json\/wp\/v2\/types\/page"}],"author":[{"embeddable":true,"href":"https:\/\/exceladvisor.org\/it\/wp-json\/wp\/v2\/users\/1"}],"replies":[{"embeddable":true,"href":"https:\/\/exceladvisor.org\/it\/wp-json\/wp\/v2\/comments?post=2033"}],"version-history":[{"count":1,"href":"https:\/\/exceladvisor.org\/it\/wp-json\/wp\/v2\/pages\/2033\/revisions"}],"predecessor-version":[{"id":2794,"href":"https:\/\/exceladvisor.org\/it\/wp-json\/wp\/v2\/pages\/2033\/revisions\/2794"}],"wp:attachment":[{"href":"https:\/\/exceladvisor.org\/it\/wp-json\/wp\/v2\/media?parent=2033"}],"curies":[{"name":"wp","href":"https:\/\/api.w.org\/{rel}","templated":true}]}}