{"id":2038,"date":"2023-10-23T18:56:08","date_gmt":"2023-10-23T18:56:08","guid":{"rendered":"https:\/\/exceladvisor.org\/it\/foglio-di-lavoro-1\/"},"modified":"2023-12-10T06:26:52","modified_gmt":"2023-12-10T06:26:52","slug":"foglio-di-lavoro-1","status":"publish","type":"page","link":"https:\/\/exceladvisor.org\/it\/foglio-di-lavoro-1\/","title":{"rendered":"Come utilizzare un foglio di calcolo excel in vba?"},"content":{"rendered":"<div class=\"excel-prima-del-contenuto\" id=\"excel-4011358673\"><script type=\"text\/javascript\">\r\n\tatOptions = {\r\n\t\t'key' : 'c1158f160081d6540a8409e6925dab94',\r\n\t\t'format' : 'iframe',\r\n\t\t'height' : 250,\r\n\t\t'width' : 300,\r\n\t\t'params' : {}\r\n\t};\r\n<\/script>\r\n<script type=\"text\/javascript\" src=\"\/\/www.highperformanceformat.com\/c1158f160081d6540a8409e6925dab94\/invoke.js\"><\/script><\/div> <p>In VBA, l&#8217;oggetto foglio di lavoro rappresenta un singolo foglio di lavoro che fa parte della raccolta di fogli di lavoro (o fogli) della cartella di lavoro. Utilizzando l&#8217;oggetto foglio di lavoro, puoi fare riferimento al foglio di lavoro nel codice VBA e fare riferimento a un foglio di lavoro, puoi anche accedere alle propriet\u00e0, ai metodi e agli eventi ad esso correlati.<\/p><p> Ecco una rapida panoramica della posizione di un foglio di lavoro nella gerarchia degli oggetti di Excel.<\/p><p> <strong>Applicazione<\/strong> <strong>\u27aa<\/strong> <strong>Cartella di lavoro<\/strong> <strong>\u27aa<\/strong> <strong>Fogli di lavoro<\/strong> <strong>\u27aa<\/strong> <strong>Foglio di lavoro<\/strong><\/p><p> In questo tutorial impareremo come utilizzare e fare riferimento a un foglio di lavoro in Excel utilizzando il codice VBA.<\/p><p class=\"content-box-grey\"> <em>Link utili: <a href=\"https:\/\/exceladvisor.org\/it\/eseguire-una-macro-2\/\">Esegui una macro<\/a> \u2013 <a href=\"https:\/\/exceladvisor.org\/it\/registrare-una-macro\/\">Registratore di macro<\/a> \u2013 <a href=\"https:\/\/exceladvisor.org\/it\/editor-visivo-di-base\/\">Visual Basic Editor<\/a> \u2013 <a href=\"https:\/\/exceladvisor.org\/it\/quaderno-macro-personale\/\">Manuale delle macro personali<\/a><\/em><\/p><h2 class=\"wp-block-heading\"> Fogli contro fogli di calcolo<\/h2><p> Cominciamo dall&#8217;inizio. Questo \u00e8 importante per comprendere la differenza tra un foglio di calcolo e un foglio. In Excel sono disponibili tipi di fogli che \u00e8 possibile inserire in una cartella di lavoro e un foglio di lavoro \u00e8 uno di questi tipi. Come puoi vedere nell&#8217;istantanea qui sotto quando inserisci un nuovo foglio, Excel ti chiede di selezionare il tipo di foglio.<\/p><p> Ecco una cosa da capire: quando usi la parola &#8220;fogli&#8221;, ti riferisci a tutti i fogli (fogli di calcolo, fogli macro e fogli grafici), ma quando usi la parola &#8220;foglio di lavoro&#8221;, ti riferisci solo ai fogli di calcolo ( <a href=\"https:\/\/docs.microsoft.com\/en-us\/office\/vba\/api\/excel.xlsheettype\" target=\"_blank\" rel=\"noreferrer noopener\" aria-label=\"undefined (opens in a new tab)\">vedi Anche<\/a> ). <\/p><div class=\"wp-block-image\"><figure class=\"aligncenter size-large is-resized\"><img loading=\"lazy\" decoding=\"async\" class=\"wp-image-52465\" src=\"https:\/\/exceladvisor.org\/wp-content\/uploads\/2023\/08\/1-feuille-vs-feuilles-de-travail.png\" sizes=\"auto, \" srcset=\"\" alt=\"foglio contro fogli di lavoro\" width=\"528\" height=\"327\"><\/figure><\/div><h2 class=\"wp-block-heading\"> Accedi a un foglio di lavoro (foglio) utilizzando VBA<\/h2><p> VBA ti offre diversi modi per accedere a un foglio di lavoro da una cartella di lavoro e esamineremo diversi modi per farlo in seguito.<\/p><h3 class=\"wp-block-heading\"> 1. Fare riferimento a un foglio utilizzando il nome<\/h3><p> Ogni foglio ha il suo nome per identificarlo e puoi anche usarlo per fare riferimento a quel foglio. Supponiamo che tu voglia fare riferimento al \u201cFoglio1\u201d, il codice sarebbe: <\/p><div class=\"wp-block-image\"><figure class=\"aligncenter size-large is-resized\"><img loading=\"lazy\" decoding=\"async\" class=\"wp-image-52466\" src=\"https:\/\/exceladvisor.org\/wp-content\/uploads\/2023\/08\/2-se-referer-a-une-feuille-en-utilisant-le-nom.png\" sizes=\"auto, \" srcset=\"\" alt=\"fare riferimento a un foglio utilizzando il nome\" width=\"561\" height=\"329\"><\/figure><\/div><pre class=\"wp-block-code\"> <code class=\"language-visual-basic\" lang=\"visual-basic\">Sheets(\u201cSheet1\u201d) Worksheets(\u201cSheet1\u201d)<\/code><\/pre><p> I due codici sopra riportati si riferiscono al \u201cFoglio1\u201d.<\/p><h3 class=\"wp-block-heading\"> 2. Fare riferimento al foglio utilizzando il numero<\/h3><p> \u00c8 inoltre possibile utilizzare un numero di foglio per fare riferimento ad esso. Supponiamo che se un foglio si trova nella quinta posizione nella cartella di lavoro, puoi utilizzare quel numero per fare riferimento ad esso.<\/p><pre class=\"wp-block-code\"> <code class=\"language-visual-basic\" lang=\"visual-basic\">Sheets (5) Worksheets (5)<\/code><\/pre><p> Ora sopra ci sono due righe di codice che funzionano in due modi diversi. La prima riga si riferisce al 5\u00b0 foglio e la seconda al 5\u00b0 foglio di lavoro della cartella di lavoro. <\/p><div class=\"wp-block-image\"><figure class=\"aligncenter size-large is-resized\"><img loading=\"lazy\" decoding=\"async\" class=\"wp-image-52467\" src=\"https:\/\/exceladvisor.org\/wp-content\/uploads\/2023\/08\/3-se-referer-a-une-feuille-en-utilisant-le-numero.png\" sizes=\"auto, \" srcset=\"\" alt=\"fare riferimento a un foglio utilizzando un numero\" width=\"551\" height=\"199\"><\/figure><\/div><h3 class=\"wp-block-heading\"> 3. Fare riferimento all&#8217;ActiveSheet<\/h3><p> Se un foglio \u00e8 gi\u00e0 attivo, puoi fare riferimento ad esso utilizzando la parola chiave &#8220;Activesheet&#8221; invece del suo nome.<\/p><pre class=\"wp-block-code\"> <code class=\"language-visual-basic\" lang=\"visual-basic\">ActiveSheet<\/code><\/pre><p> Se vuoi svolgere un&#8217;attivit\u00e0 in ActiveSheet, puoi utilizzare l&#8217;oggetto &#8220;Activesheet&#8221;, ma se non lo usi, VBA eseguir\u00e0 comunque l&#8217;attivit\u00e0 nel foglio attivo.<\/p><p> <strong>Leggi:<\/strong> seleziona un intervallo utilizzando VBA<\/p><h3 class=\"wp-block-heading\"> 4. Fare riferimento a un foglio utilizzando il nome della finestra del codice<\/h3><p> Ogni foglio ha la sua finestra di codice ed esiste un nome per questa finestra di codice. Di solito un utente pu\u00f2 modificare il nome del foglio dalla scheda, ma il nome che hai nella finestra del codice non pu\u00f2 essere modificato a meno che non lo fai dalle propriet\u00e0.<\/p><p> Apri Visual Basic Editor dalla scheda Sviluppatore e nella sezione delle propriet\u00e0 puoi vedere il nome del foglio selezionato. <\/p><div class=\"wp-block-image\"><figure class=\"aligncenter size-large is-resized\"><img loading=\"lazy\" decoding=\"async\" class=\"wp-image-52468\" src=\"https:\/\/exceladvisor.org\/wp-content\/uploads\/2023\/08\/4-se-referer-a-une-feuille-en-utilisant-le-code.png\" sizes=\"auto, \" srcset=\"\" alt=\"fare riferimento a un foglio utilizzando il codice\" width=\"309\" height=\"322\"><\/figure><\/div><p> E puoi anche cambiare questo nome dalla sezione delle propriet\u00e0. <\/p><div class=\"wp-block-image\"><figure class=\"aligncenter size-large is-resized\"><img loading=\"lazy\" decoding=\"async\" class=\"wp-image-52469\" src=\"https:\/\/exceladvisor.org\/wp-content\/uploads\/2023\/08\/5-en-utilisant-le-nom-de-la-fenetre-de-code.png\" sizes=\"auto, \" srcset=\"\" alt=\"utilizzando-nome-finestra-codice\" width=\"365\" height=\"152\"><\/figure><\/div><p> Ora puoi fare riferimento ad esso utilizzando il nome della finestra del codice.<\/p><pre class=\"wp-block-code\"> <code class=\"language-visual-basic\" lang=\"visual-basic\">mySheet<\/code><\/pre><h3 class=\"wp-block-heading\"> 5. Fare riferimento a Fogli multipli<\/h3><p> Puoi anche fare riferimento a pi\u00f9 fogli contemporaneamente utilizzando una singola riga di codice. Per questo puoi usare un array, proprio come il codice seguente.<\/p><pre class=\"wp-block-code\"> <code class=\"language-visual-basic\" lang=\"visual-basic\">Sheets(Array(\"Sheet1\", \"Sheet2\"))<\/code><\/pre><p> Questo codice si riferisce a &#8220;Foglio1&#8221; e &#8220;Foglio2&#8221;, ma c&#8217;\u00e8 una cosa che devi capire quando fai riferimento a pi\u00f9 fogli: esistono alcuni metodi e propriet\u00e0 che non puoi utilizzare.<\/p><h3 class=\"wp-block-heading\"> 6. Fare riferimento al foglio in un&#8217;altra cartella di lavoro<\/h3><p> Un foglio di lavoro o un foglio fa parte della raccolta di fogli di lavoro in una cartella di lavoro e se desideri fare riferimento a un foglio specifico diverso dalla cartella di lavoro attiva, devi prima fare riferimento a quella cartella di lavoro.<\/p><pre class=\"wp-block-code\"> <code class=\"language-visual-basic\" lang=\"visual-basic\">Workbooks(\"Book1\").Sheets(\"Sheet1\")<\/code><\/pre><p> Per <a href=\"https:\/\/exceladvisor.org\/it\/eseguire-una-macro-2\/\">eseguire questo codice<\/a> \u00e8 necessario avere &#8220;Libro1&#8221; aperto.<\/p><h2 class=\"wp-block-heading\"> Propriet\u00e0, metodi ed eventi correlati a un foglio o foglio di lavoro<\/h2><p> In VBA, ogni oggetto Excel ha propriet\u00e0, metodi ed eventi che puoi utilizzare e, allo stesso modo, puoi accedere alle propriet\u00e0 e ai metodi che ne derivano. Una volta specificato un foglio di lavoro, digita un punto (.) e otterrai l&#8217;elenco. <\/p><div class=\"wp-block-image\"><figure class=\"aligncenter size-large is-resized\"><img loading=\"lazy\" decoding=\"async\" class=\"wp-image-52470\" src=\"https:\/\/exceladvisor.org\/wp-content\/uploads\/2023\/08\/6-evenements-lies-a-une-feuille.png\" sizes=\"auto, \" srcset=\"\" alt=\"eventi-collegati-con-un-foglio\" width=\"494\" height=\"365\"><\/figure><\/div><p> In questo elenco, tutte le icone in cui puoi vedere una mano sono propriet\u00e0 e dove hai un mattone verde sono metodi.<\/p><h3 class=\"wp-block-heading\"> Esempio di propriet\u00e0<\/h3><p> Supponiamo che tu voglia cambiare il colore della scheda del foglio di lavoro. In questo caso \u00e8 possibile utilizzare la propriet\u00e0 TAB del foglio di lavoro.<\/p><pre class=\"wp-block-code\"> <code class=\"language-visual-basic\" lang=\"visual-basic\">mySheet.Tab.ThemeColor = xlThemeColorAccent2<\/code><\/pre><p> Nella riga di codice sopra, hai la propriet\u00e0 tab e un&#8217;altra propriet\u00e0 del colore del tema per cambiare il colore della scheda del foglio di lavoro.<\/p><h3 class=\"wp-block-heading\"> Metodo di esempio<\/h3><p> Allo stesso modo, puoi utilizzare i metodi forniti con i fogli di calcolo. Uno dei metodi pi\u00f9 comuni \u00e8 il metodo &#8220;Seleziona&#8221; che puoi utilizzare per selezionare un foglio.<\/p><pre class=\"wp-block-code\"> <code class=\"language-visual-basic\" lang=\"visual-basic\">mySheet.Select<\/code><\/pre><p> Nel momento in cui esegui questo codice, seleziona &#8220;mySheet&#8221; nella cartella di lavoro attiva.<\/p><h3 class=\"wp-block-heading\"> Evento di esempio<\/h3><p> Alcuni eventi sono associati a un foglio di lavoro. Ad esempio, quando attivi un foglio, si tratta di un evento e, allo stesso modo, quando modifichi qualcosa nel foglio. Vedere il codice seguente in cui \u00e8 necessario eseguire il codice quando si verifica un evento (modifica nel foglio di lavoro). <\/p><div class=\"wp-block-image\"><figure class=\"aligncenter size-large is-resized\"><img loading=\"lazy\" decoding=\"async\" class=\"wp-image-52471\" src=\"https:\/\/exceladvisor.org\/wp-content\/uploads\/2023\/08\/7-exemple-devenement.png\" sizes=\"auto, \" srcset=\"\" alt=\"evento-esempio\" width=\"668\" height=\"211\"><\/figure><\/div><pre class=\"wp-block-code\"> <code class=\"language-visual-basic\" lang=\"visual-basic\">Private Sub Worksheet_SelectionChange(ByVal Target As Range) Range(\"A1\").Value = Range(\"A1\").Value + 1 End Sub<\/code><\/pre><p> Questo codice inserisce un valore nella cella A1 del foglio ogni volta che apporti una modifica nel foglio di lavoro.<\/p><h2 class=\"wp-block-heading\"> Dichiarare un oggetto del foglio di lavoro<\/h2><p> Puoi anche dichiarare una variabile come foglio di lavoro, il che semplifica l&#8217;utilizzo di quel foglio di lavoro nel codice VBA. Utilizzare prima la parola chiave DIM, quindi il nome della variabile. Successivamente, specifica il tipo di oggetto come Foglio di lavoro. <\/p><div class=\"wp-block-image\"><figure class=\"aligncenter size-large is-resized\"><img loading=\"lazy\" decoding=\"async\" class=\"wp-image-52472\" src=\"https:\/\/exceladvisor.org\/wp-content\/uploads\/2023\/08\/8-declarer-un-objet-feuille-de-calcul.png\" sizes=\"auto, \" srcset=\"\" alt=\"dichiarare un oggetto foglio di calcolo\" width=\"365\" height=\"250\"><\/figure><\/div><div class=\"gb-container gb-container-4db6181c gb-container-mt\"> <a class=\"gb-button gb-button-c5897111 gb-button-text gb-button-mt-button\" href=\"https:\/\/exceladvisor.org\/it\/vba\/\">Cos&#8217;\u00e8 VBA<\/a><h2 class=\"gb-headline gb-headline-665e5f6b gb-headline-text gb-headline-mt-heading\"> Tutorial correlati <\/h2><div class=\"gb-grid-wrapper gb-grid-wrapper-a20baf7c gb-grid-wrapper-mt-grid\"><div class=\"gb-grid-column gb-grid-column-65ddf67e\"><div class=\"gb-container gb-container-65ddf67e\"><ul><li> <a href=\"https:\/\/exceladvisor.org\/it\/foglio-trasparente\/\">CANCELLARE un intero foglio utilizzando VBA in Excel<\/a><\/li><li> <a href=\"https:\/\/exceladvisor.org\/it\/foglio-di-copia\/\">Copia e sposta un foglio in Excel utilizzando VBA<\/a><\/li><li> <a href=\"https:\/\/exceladvisor.org\/it\/contare-le-foglie\/\">COUNT Fogli utilizzando VBA in Excel<\/a><\/li><li> <a href=\"https:\/\/exceladvisor.org\/it\/eliminare-un-foglio-1\/\">ELIMINA un FOGLIO utilizzando VBA in Excel<\/a><\/li><li> <a href=\"https:\/\/exceladvisor.org\/it\/nascondere-il-foglio\/\">Nascondi e mostra un foglio utilizzando VBA in Excel<\/a> <\/li><\/ul><\/div><\/div><div class=\"gb-grid-column gb-grid-column-50067b57\"><div class=\"gb-container gb-container-50067b57\"><\/div><\/div><\/div><\/div>","protected":false},"excerpt":{"rendered":"","protected":false},"author":1,"featured_media":0,"parent":0,"menu_order":0,"comment_status":"open","ping_status":"closed","template":"","meta":{"ub_ctt_via":"","footnotes":""},"class_list":["post-2038","page","type-page","status-publish","hentry"],"featured_image_src":null,"yoast_head":"<!-- This site is optimized with the Yoast SEO plugin v25.4 - https:\/\/yoast.com\/wordpress\/plugins\/seo\/ -->\n<title>Come utilizzare un foglio di calcolo Excel in VBA?<\/title>\n<meta name=\"description\" content=\"In questo tutorial puoi imparare come fare riferimento a un foglio di lavoro o un foglio nel codice VBA.\" \/>\n<meta name=\"robots\" content=\"index, follow, max-snippet:-1, max-image-preview:large, max-video-preview:-1\" \/>\n<link rel=\"canonical\" href=\"https:\/\/exceladvisor.org\/it\/foglio-di-lavoro-1\/\" \/>\n<meta property=\"og:locale\" content=\"it_IT\" \/>\n<meta property=\"og:type\" content=\"article\" \/>\n<meta property=\"og:title\" content=\"Come utilizzare un foglio di calcolo Excel in VBA?\" \/>\n<meta property=\"og:description\" content=\"In questo tutorial puoi imparare come fare riferimento a un foglio di lavoro o un foglio nel codice VBA.\" \/>\n<meta property=\"og:url\" content=\"https:\/\/exceladvisor.org\/it\/foglio-di-lavoro-1\/\" \/>\n<meta property=\"og:site_name\" content=\"Excel Advisor\" \/>\n<meta property=\"article:modified_time\" content=\"2023-12-10T06:26:52+00:00\" \/>\n<meta property=\"og:image\" content=\"https:\/\/exceladvisor.org\/wp-content\/uploads\/2023\/08\/1-feuille-vs-feuilles-de-travail.png\" \/>\n<meta name=\"twitter:card\" content=\"summary_large_image\" \/>\n<meta name=\"twitter:label1\" content=\"Tempo di lettura stimato\" \/>\n\t<meta name=\"twitter:data1\" content=\"5 minuti\" \/>\n<script type=\"application\/ld+json\" class=\"yoast-schema-graph\">{\"@context\":\"https:\/\/schema.org\",\"@graph\":[{\"@type\":\"WebPage\",\"@id\":\"https:\/\/exceladvisor.org\/it\/foglio-di-lavoro-1\/\",\"url\":\"https:\/\/exceladvisor.org\/it\/foglio-di-lavoro-1\/\",\"name\":\"Come utilizzare un foglio di calcolo Excel in VBA?\",\"isPartOf\":{\"@id\":\"https:\/\/exceladvisor.org\/it\/#website\"},\"primaryImageOfPage\":{\"@id\":\"https:\/\/exceladvisor.org\/it\/foglio-di-lavoro-1\/#primaryimage\"},\"image\":{\"@id\":\"https:\/\/exceladvisor.org\/it\/foglio-di-lavoro-1\/#primaryimage\"},\"thumbnailUrl\":\"https:\/\/exceladvisor.org\/wp-content\/uploads\/2023\/08\/1-feuille-vs-feuilles-de-travail.png\",\"datePublished\":\"2023-10-23T18:56:08+00:00\",\"dateModified\":\"2023-12-10T06:26:52+00:00\",\"description\":\"In questo tutorial puoi imparare come fare riferimento a un foglio di lavoro o un foglio nel codice VBA.\",\"breadcrumb\":{\"@id\":\"https:\/\/exceladvisor.org\/it\/foglio-di-lavoro-1\/#breadcrumb\"},\"inLanguage\":\"it-IT\",\"potentialAction\":[{\"@type\":\"ReadAction\",\"target\":[\"https:\/\/exceladvisor.org\/it\/foglio-di-lavoro-1\/\"]}]},{\"@type\":\"ImageObject\",\"inLanguage\":\"it-IT\",\"@id\":\"https:\/\/exceladvisor.org\/it\/foglio-di-lavoro-1\/#primaryimage\",\"url\":\"https:\/\/exceladvisor.org\/wp-content\/uploads\/2023\/08\/1-feuille-vs-feuilles-de-travail.png\",\"contentUrl\":\"https:\/\/exceladvisor.org\/wp-content\/uploads\/2023\/08\/1-feuille-vs-feuilles-de-travail.png\"},{\"@type\":\"BreadcrumbList\",\"@id\":\"https:\/\/exceladvisor.org\/it\/foglio-di-lavoro-1\/#breadcrumb\",\"itemListElement\":[{\"@type\":\"ListItem\",\"position\":1,\"name\":\"Home\",\"item\":\"https:\/\/exceladvisor.org\/it\/\"},{\"@type\":\"ListItem\",\"position\":2,\"name\":\"Come utilizzare un foglio di calcolo excel in vba?\"}]},{\"@type\":\"WebSite\",\"@id\":\"https:\/\/exceladvisor.org\/it\/#website\",\"url\":\"https:\/\/exceladvisor.org\/it\/\",\"name\":\"Excel Advisor\",\"description\":\"Tips, Tricks, and Time-Saving Hacks\",\"publisher\":{\"@id\":\"https:\/\/exceladvisor.org\/it\/#organization\"},\"potentialAction\":[{\"@type\":\"SearchAction\",\"target\":{\"@type\":\"EntryPoint\",\"urlTemplate\":\"https:\/\/exceladvisor.org\/it\/?s={search_term_string}\"},\"query-input\":{\"@type\":\"PropertyValueSpecification\",\"valueRequired\":true,\"valueName\":\"search_term_string\"}}],\"inLanguage\":\"it-IT\"},{\"@type\":\"Organization\",\"@id\":\"https:\/\/exceladvisor.org\/it\/#organization\",\"name\":\"Excel Advisor\",\"url\":\"https:\/\/exceladvisor.org\/it\/\",\"logo\":{\"@type\":\"ImageObject\",\"inLanguage\":\"it-IT\",\"@id\":\"https:\/\/exceladvisor.org\/it\/#\/schema\/logo\/image\/\",\"url\":\"https:\/\/exceladvisor.org\/it\/wp-content\/uploads\/2023\/12\/exceladvisor.org_.png\",\"contentUrl\":\"https:\/\/exceladvisor.org\/it\/wp-content\/uploads\/2023\/12\/exceladvisor.org_.png\",\"width\":105,\"height\":36,\"caption\":\"Excel Advisor\"},\"image\":{\"@id\":\"https:\/\/exceladvisor.org\/it\/#\/schema\/logo\/image\/\"}}]}<\/script>\n<!-- \/ Yoast SEO plugin. -->","yoast_head_json":{"title":"Come utilizzare un foglio di calcolo Excel in VBA?","description":"In questo tutorial puoi imparare come fare riferimento a un foglio di lavoro o un foglio nel codice VBA.","robots":{"index":"index","follow":"follow","max-snippet":"max-snippet:-1","max-image-preview":"max-image-preview:large","max-video-preview":"max-video-preview:-1"},"canonical":"https:\/\/exceladvisor.org\/it\/foglio-di-lavoro-1\/","og_locale":"it_IT","og_type":"article","og_title":"Come utilizzare un foglio di calcolo Excel in VBA?","og_description":"In questo tutorial puoi imparare come fare riferimento a un foglio di lavoro o un foglio nel codice VBA.","og_url":"https:\/\/exceladvisor.org\/it\/foglio-di-lavoro-1\/","og_site_name":"Excel Advisor","article_modified_time":"2023-12-10T06:26:52+00:00","og_image":[{"url":"https:\/\/exceladvisor.org\/wp-content\/uploads\/2023\/08\/1-feuille-vs-feuilles-de-travail.png","type":"","width":"","height":""}],"twitter_card":"summary_large_image","twitter_misc":{"Tempo di lettura stimato":"5 minuti"},"schema":{"@context":"https:\/\/schema.org","@graph":[{"@type":"WebPage","@id":"https:\/\/exceladvisor.org\/it\/foglio-di-lavoro-1\/","url":"https:\/\/exceladvisor.org\/it\/foglio-di-lavoro-1\/","name":"Come utilizzare un foglio di calcolo Excel in VBA?","isPartOf":{"@id":"https:\/\/exceladvisor.org\/it\/#website"},"primaryImageOfPage":{"@id":"https:\/\/exceladvisor.org\/it\/foglio-di-lavoro-1\/#primaryimage"},"image":{"@id":"https:\/\/exceladvisor.org\/it\/foglio-di-lavoro-1\/#primaryimage"},"thumbnailUrl":"https:\/\/exceladvisor.org\/wp-content\/uploads\/2023\/08\/1-feuille-vs-feuilles-de-travail.png","datePublished":"2023-10-23T18:56:08+00:00","dateModified":"2023-12-10T06:26:52+00:00","description":"In questo tutorial puoi imparare come fare riferimento a un foglio di lavoro o un foglio nel codice VBA.","breadcrumb":{"@id":"https:\/\/exceladvisor.org\/it\/foglio-di-lavoro-1\/#breadcrumb"},"inLanguage":"it-IT","potentialAction":[{"@type":"ReadAction","target":["https:\/\/exceladvisor.org\/it\/foglio-di-lavoro-1\/"]}]},{"@type":"ImageObject","inLanguage":"it-IT","@id":"https:\/\/exceladvisor.org\/it\/foglio-di-lavoro-1\/#primaryimage","url":"https:\/\/exceladvisor.org\/wp-content\/uploads\/2023\/08\/1-feuille-vs-feuilles-de-travail.png","contentUrl":"https:\/\/exceladvisor.org\/wp-content\/uploads\/2023\/08\/1-feuille-vs-feuilles-de-travail.png"},{"@type":"BreadcrumbList","@id":"https:\/\/exceladvisor.org\/it\/foglio-di-lavoro-1\/#breadcrumb","itemListElement":[{"@type":"ListItem","position":1,"name":"Home","item":"https:\/\/exceladvisor.org\/it\/"},{"@type":"ListItem","position":2,"name":"Come utilizzare un foglio di calcolo excel in vba?"}]},{"@type":"WebSite","@id":"https:\/\/exceladvisor.org\/it\/#website","url":"https:\/\/exceladvisor.org\/it\/","name":"Excel Advisor","description":"Tips, Tricks, and Time-Saving Hacks","publisher":{"@id":"https:\/\/exceladvisor.org\/it\/#organization"},"potentialAction":[{"@type":"SearchAction","target":{"@type":"EntryPoint","urlTemplate":"https:\/\/exceladvisor.org\/it\/?s={search_term_string}"},"query-input":{"@type":"PropertyValueSpecification","valueRequired":true,"valueName":"search_term_string"}}],"inLanguage":"it-IT"},{"@type":"Organization","@id":"https:\/\/exceladvisor.org\/it\/#organization","name":"Excel Advisor","url":"https:\/\/exceladvisor.org\/it\/","logo":{"@type":"ImageObject","inLanguage":"it-IT","@id":"https:\/\/exceladvisor.org\/it\/#\/schema\/logo\/image\/","url":"https:\/\/exceladvisor.org\/it\/wp-content\/uploads\/2023\/12\/exceladvisor.org_.png","contentUrl":"https:\/\/exceladvisor.org\/it\/wp-content\/uploads\/2023\/12\/exceladvisor.org_.png","width":105,"height":36,"caption":"Excel Advisor"},"image":{"@id":"https:\/\/exceladvisor.org\/it\/#\/schema\/logo\/image\/"}}]}},"yoast_meta":{"yoast_wpseo_title":"","yoast_wpseo_metadesc":"","yoast_wpseo_canonical":""},"_links":{"self":[{"href":"https:\/\/exceladvisor.org\/it\/wp-json\/wp\/v2\/pages\/2038","targetHints":{"allow":["GET"]}}],"collection":[{"href":"https:\/\/exceladvisor.org\/it\/wp-json\/wp\/v2\/pages"}],"about":[{"href":"https:\/\/exceladvisor.org\/it\/wp-json\/wp\/v2\/types\/page"}],"author":[{"embeddable":true,"href":"https:\/\/exceladvisor.org\/it\/wp-json\/wp\/v2\/users\/1"}],"replies":[{"embeddable":true,"href":"https:\/\/exceladvisor.org\/it\/wp-json\/wp\/v2\/comments?post=2038"}],"version-history":[{"count":1,"href":"https:\/\/exceladvisor.org\/it\/wp-json\/wp\/v2\/pages\/2038\/revisions"}],"predecessor-version":[{"id":2847,"href":"https:\/\/exceladvisor.org\/it\/wp-json\/wp\/v2\/pages\/2038\/revisions\/2847"}],"wp:attachment":[{"href":"https:\/\/exceladvisor.org\/it\/wp-json\/wp\/v2\/media?parent=2038"}],"curies":[{"name":"wp","href":"https:\/\/api.w.org\/{rel}","templated":true}]}}