{"id":2039,"date":"2023-10-23T16:38:56","date_gmt":"2023-10-23T16:38:56","guid":{"rendered":"https:\/\/exceladvisor.org\/it\/concatenare-un-intervallo-di-celle\/"},"modified":"2023-12-10T06:21:54","modified_gmt":"2023-12-10T06:21:54","slug":"concatenare-un-intervallo-di-celle","status":"publish","type":"page","link":"https:\/\/exceladvisor.org\/it\/concatenare-un-intervallo-di-celle\/","title":{"rendered":"Come concatenare un intervallo di celle in excel?"},"content":{"rendered":"<div class=\"excel-prima-del-contenuto\" id=\"excel-4037020001\"><script type=\"text\/javascript\">\r\n\tatOptions = {\r\n\t\t'key' : 'c1158f160081d6540a8409e6925dab94',\r\n\t\t'format' : 'iframe',\r\n\t\t'height' : 250,\r\n\t\t'width' : 300,\r\n\t\t'params' : {}\r\n\t};\r\n<\/script>\r\n<script type=\"text\/javascript\" src=\"\/\/www.highperformanceformat.com\/c1158f160081d6540a8409e6925dab94\/invoke.js\"><\/script><\/div> <p>Combinare i valori con CONCATENA \u00e8 il modo migliore, ma con questa funzione non \u00e8 possibile fare riferimento ad un intero intervallo. Devi selezionare tutte le celle in un intervallo una per una e, se provi a fare riferimento a un intero intervallo, verr\u00e0 restituito il testo dalla prima cella.<\/p><p> In questa situazione, \u00e8 necessario un metodo per fare riferimento a un intero intervallo di celle per combinarle in un&#8217;unica cella. Oggi in questo articolo vorrei condividere con te 5 modi diversi per combinare il testo dell&#8217;intervallo in una singola cella.<\/p><h2 id=\"tab-con-9\" class=\"wp-block-heading\"> [CONCATENA + TRASPOSIZIONE] per combinare i valori<\/h2><p> Il modo migliore per combinare testo da celle diverse in un&#8217;unica cella \u00e8 <strong><span style=\"color: #000000;\">utilizzare la funzione di trasposizione insieme alla funzione di concatenazione<\/span><\/strong> .<\/p><p> Guarda l&#8217;intervallo di celle sottostanti in cui \u00e8 presente del testo, ma ogni parola si trova in una cella diversa e vuoi inserirla tutta in una cella. Di seguito sono riportati i passaggi per combinare i valori di questo intervallo di celle in una singola cella.<\/p><ol><li> In B8 ( <a href=\"https:\/\/exceladvisor.org\/it\/modifica-cella\/\">modifica cella utilizzando F2<\/a> ), inserisci la seguente formula e non premere Invio.<ul><li> =CONCATENA(TRASPOSIZIONE(A1:A5)&amp; \u00bb \u00ab )<\/li><\/ul><\/li><li> Ora seleziona l&#8217;intera parte interna della funzione di concatenazione e premi F9. Lo convertir\u00e0 in un array.<\/li><li> Successivamente, rimuovi le parentesi graffe dall&#8217;inizio e dalla fine del tavolo.<\/li><li> Alla fine premi Invio. <\/li><\/ol><div class=\"wp-block-image\"><figure class=\"aligncenter\"><img decoding=\"async\" src=\"https:\/\/exceladvisor.org\/wp-content\/uploads\/2023\/08\/1.gif\" sizes=\"\" srcset=\"\" alt=\"concatenare un intervallo di celle con una trasposizione concatenata\"><\/figure><\/div><p> \u00c8 tutto.<\/p><h3 class=\"wp-block-heading\"> Come funziona questa formula?<\/h3><p> In questa formula hai utilizzato TRANSPOSE e lo spazio in CONCATENA. Quando <a href=\"https:\/\/exceladvisor.org\/it\/formula-per-valutare\/\" data-wpil=\"url\">converti questo riferimento in valori rigidi,<\/a> restituisce un array. In questa tabella hai il testo di ogni cella e uno spazio tra di loro e quando premi Invio li combina tutti.<\/p><h2 id=\"tab-con-1\" class=\"wp-block-heading\"> Combina il testo utilizzando l&#8217;opzione Riempimento giustificato<\/h2><p> <a href=\"https:\/\/exceladvisor.org\/it\/aggiungi-filigrana\/\">Compila giustificazione<\/a> \u00e8 uno degli strumenti inutilizzati ma pi\u00f9 potenti in Excel. E, ogni volta che devi combinare testo da celle diverse, puoi usarlo. La cosa migliore \u00e8 che <strong><span style=\"color: #000000;\">ti basta un solo clic per unire il testo<\/span><\/strong> . Guarda i dati qui sotto e segui i passaggi. <\/p><div class=\"wp-block-image\"><figure class=\"aligncenter\"><img decoding=\"async\" src=\"https:\/\/exceladvisor.org\/wp-content\/uploads\/2023\/08\/2-concatener-une-plage-de-cellules-avec-justification-de-remplissage-1.gif\" sizes=\"\" srcset=\"\" alt=\"2 concatenare un intervallo di celle con giustificazione di riempimento\"><\/figure><\/div><ol><li> Innanzitutto, assicurati di aumentare la larghezza della colonna in cui hai il testo.<\/li><li> Successivamente, seleziona tutte le celle.<\/li><li> Alla fine, vai alla scheda Home \u279c Modifica \u279c Riempi \u279c Giustifica.<\/li><\/ol><p> Ci\u00f2 unir\u00e0 il testo di tutte le celle nella prima cella della selezione.<\/p><h2 id=\"tab-con-10\" class=\"wp-block-heading\"> Funzione TEXTJOIN per valori CONCATENATE<\/h2><p> Se utilizzi <a href=\"https:\/\/support.office.com\/en-us\/article\/Download-and-install-or-reinstall-Office-365-or-Office-2016-on-a-PC-or-Mac-4414EAAF-0478-48BE-9C42-23ADC4716658?ui=en-US&amp;rs=en-US&amp;ad=US&amp;fromAR=1\" target=\"_blank\" rel=\"noreferrer noopener nofollow\">Excel 2016 (Office 365)<\/a> , esiste una funzione chiamata &#8220;TextJoin&#8221;. Ci\u00f2 pu\u00f2 consentirti di combinare facilmente il testo di celle diverse in un&#8217;unica cella.<\/p><h3 id=\"tab-con-6\" class=\"wp-block-heading\"> Sintassi:<\/h3><p> <span style=\"font-family: Courier New,Courier,monospace;\">TEXTJOIN(delimitatore, ignora_vuoto, testo1, [testo2], \u2026)<\/span><\/p><ol><li> <strong>delimitare<\/strong> una stringa di testo da utilizzare come delimitatore.<\/li><li> <strong>ignore_empty<\/strong> true per ignorare la cella vuota, false per non farlo.<\/li><li> <strong>testo1<\/strong> testo da combinare.<\/li><li> <strong>[testo2]<\/strong> testo da combinare opzionale.<\/li><\/ol><h3 id=\"tab-con-8\" class=\"wp-block-heading\"> come usarlo<\/h3><p> Per combinare l&#8217;elenco dei valori di seguito, \u00e8 possibile utilizzare la formula: <\/p><pre class=\"wp-block-code\"> <code class=\"language-excel-formula\" lang=\"excel-formula\">=TEXTJOIN(\" \",TRUE,A1:A5)<\/code><\/pre><div class=\"wp-block-image\"><figure class=\"aligncenter\"><img decoding=\"async\" src=\"https:\/\/exceladvisor.org\/wp-content\/uploads\/2023\/08\/3-concatener-une-plage-de-cellules-avec-une-jointure-de-texte-min-1.png\" sizes=\"\" srcset=\"\" alt=\"3 concatenare un intervallo di celle con un testo di unione minimo\"><\/figure><\/div><p> Qui hai utilizzato lo spazio come delimitatore, TRUE per ignorare le celle vuote e l&#8217;intero intervallo in un singolo argomento. Alla fine, premi Invio e otterrai tutto il testo in un&#8217;unica cella.<\/p><h2 id=\"tab-con-3\" class=\"wp-block-heading\"> Combina il testo con Power Query<\/h2><p> Power Query \u00e8 uno strumento fantastico e lo adoro. Assicurati di controllare questo ( <strong><a style=\"outline: none;\" href=\"https:\/\/exceladvisor.org\/it\/richiesta-di-potenza\/\">Tutorial su Excel Power Query<\/a><\/strong> ). Puoi anche usarlo per combinare il testo di un elenco in una singola cella. Di seguito sono riportati i passaggi.<\/p><ol><li> Seleziona l&#8217;intervallo di celle e fai clic su &#8220;Da tabella&#8221; nella scheda Dati. <br><img decoding=\"async\" title=\"4-concatenare-un-intervallo-di-celle-con-power-query-dalla-tabella-min\" src=\"https:\/\/exceladvisor.org\/wp-content\/uploads\/2023\/08\/4-concatener-une-plage-de-cellules-avec-une-requete-de-puissance-a-partir-de-la-table-min-1.png\" sizes=\"\" srcset=\"\" alt=\"4 concatenate a range of cells with power query from table min\"><\/li><li> Se modifichi i dati nell&#8217;editor di Power Query. <br><img decoding=\"async\" title=\"5-concatenare-un-intervallo-di-celle-con-power-query-editor-min\" src=\"https:\/\/exceladvisor.org\/wp-content\/uploads\/2023\/08\/5-concatener-une-plage-de-cellules-avec-un-editeur-de-requete-puissant-min-1.png\" sizes=\"\" srcset=\"\" alt=\"5 concatenate a range of cells with power query editor min\"><\/li><li> Ora da qui seleziona la colonna e vai alla \u201cScheda Trasforma\u201d.<\/li><li> Nella scheda &#8220;Trasforma&#8221;, vai su Tabella e fai clic su &#8220;Trasponi&#8221;. <br><img decoding=\"async\" title=\"6-concatenare-un-intervallo-di-celle-con-power-query-transpose-min\" src=\"https:\/\/exceladvisor.org\/wp-content\/uploads\/2023\/08\/6-concatener-une-plage-de-cellules-avec-power-query-transpose-min-1.png\" sizes=\"\" srcset=\"\" alt=\"7-concatenate-a-range-of-cells-with-power-query-horizontal-min\"><\/li><li> Per fare ci\u00f2, seleziona tutte le colonne (seleziona la prima colonna, tieni premuto Maiusc, fai clic sull&#8217;ultima colonna) e premi il tasto destro, quindi seleziona &#8220;Unisci&#8221;. <br><img decoding=\"async\" title=\"8-concatenare-un-intervallo-di-celle-con-power-query-unire-celle-min\" src=\"https:\/\/exceladvisor.org\/wp-content\/uploads\/2023\/08\/8-concatener-une-plage-de-cellules-avec-power-query-fusionner-des-cellules-min-1.png\" sizes=\"\" srcset=\"\" alt=\"8 concatenate a range of cells with power query merge cells min\"><\/li><li> Successivamente, nella finestra di unione, seleziona lo spazio come separatore e dai un nome alla colonna. <br><img decoding=\"async\" title=\"9-concatenare-un-intervallo-di-celle-con-power-query-nuovo-nome-colonna-min\" src=\"https:\/\/exceladvisor.org\/wp-content\/uploads\/2023\/08\/9-concatener-une-plage-de-cellules-avec-power-query-nouveau-nom-de-colonne-min-1.png\" sizes=\"\" srcset=\"\" alt=\"9 concatenate a range of cells with power query new column name min\"><\/li><li> Alla fine, fare clic su OK e fare clic su &#8220;Chiudi e carica&#8221;.<\/li><\/ol><p> Ora hai un nuovo foglio di lavoro nella tua cartella di lavoro con tutto il testo in una singola cella. L&#8217;aspetto migliore dell&#8217;utilizzo di Power Query \u00e8 che non \u00e8 necessario eseguire questa configurazione ancora e ancora.<\/p><p> Quando aggiorni il vecchio elenco con un nuovo valore, devi aggiornare la tua query e aggiunger\u00e0 questo nuovo valore alla cella.<\/p><h2 id=\"tab-con-7\" class=\"wp-block-heading\"> Codice VBA per combinare valori<\/h2><p> Se desideri utilizzare il codice macro per combinare il testo di celle diverse, ho qualcosa per te. Con questo codice puoi combinare il testo in pochissimo tempo. Tutto quello che devi fare \u00e8 selezionare l&#8217;intervallo di celle in cui hai il testo ed eseguire questo codice.<\/p><pre class=\"wp-block-code\"><code class=\"language-visual-basic line-numbers\" lang=\"visual-basic\"> Sub combineText() Dim rng As Range Dim i As String For Each rng In Selection i = i &amp; rng &amp; \" \" Next rng Range(\"B1\").Value = Trim(i) End Sub<\/code><\/pre><p> Assicurati di specificare la posizione desiderata nel codice in cui desideri combinare il testo.<\/p><h2 class=\"wp-block-heading\"> Alla fine,<\/h2><p> Potrebbero esserci diverse situazioni in cui \u00e8 necessario concatenare un intervallo di celle in una singola cella. Ed \u00e8 per questo che abbiamo questi metodi diversi.<\/p><p> Tutti i metodi sono semplici e veloci, devi selezionare il metodo giusto in base alle tue esigenze. Devo dire che prova tutti i metodi una volta e dimmi:<\/p><p> <strong>Qual \u00e8 il tuo preferito e ha funzionato per te?<\/strong><\/p><p> Per favore condividi le tue opinioni con me nella sezione commenti. Mi piacerebbe sentire la tua opinione e, per favore, non dimenticare di condividere questo post con i tuoi amici, sono sicuro che lo apprezzeranno.<\/p><div class=\"gb-container gb-container-0df56012 gb-container-mt\"> <a class=\"gb-button gb-button-f9f432f4 gb-button-text gb-button-mt-button\" href=\"https:\/\/exceladvisor.org\/it\/formule\/\">Elenco delle formule di Excel<\/a><h2 class=\"gb-headline gb-headline-233444e8 gb-headline-text gb-headline-mt-heading\"> Formule correlate <\/h2><div class=\"gb-grid-wrapper gb-grid-wrapper-a16fa65c gb-grid-wrapper-mt-grid\"><div class=\"gb-grid-column gb-grid-column-50d07e0d\"><div class=\"gb-container gb-container-50d07e0d\"><ul><li> <a href=\"https:\/\/exceladvisor.org\/it\/nuova-riga-nella-cella\/\">Aggiungi una nuova riga a una cella in Excel (interruzione di riga)<\/a><\/li><li> <a href=\"https:\/\/exceladvisor.org\/it\/zeri-iniziali\/\">Aggiungi zeri iniziali in Excel<\/a><\/li><li> <a href=\"https:\/\/exceladvisor.org\/it\/concatenare-le-celle-con-una-virgola\/\">Concatena (combina) le celle con una virgola in Excel<\/a><\/li><li> <a href=\"https:\/\/exceladvisor.org\/it\/concatenare-uninterruzione-di-riga\/\">Concatena con interruzione di riga in Excel<\/a><\/li><\/ul><\/div><\/div><\/div><\/div>","protected":false},"excerpt":{"rendered":"","protected":false},"author":1,"featured_media":0,"parent":0,"menu_order":0,"comment_status":"open","ping_status":"closed","template":"","meta":{"ub_ctt_via":"","footnotes":""},"class_list":["post-2039","page","type-page","status-publish","hentry"],"featured_image_src":null,"yoast_head":"<!-- This site is optimized with the Yoast SEO plugin v25.4 - https:\/\/yoast.com\/wordpress\/plugins\/seo\/ -->\n<title>Come concatenare un intervallo di celle in Excel?<\/title>\n<meta name=\"description\" content=\"Ecco i 5 metodi per concatenare un intervallo di celle in un&#039;unica cella che puoi utilizzare in diverse situazioni.\" \/>\n<meta name=\"robots\" content=\"index, follow, max-snippet:-1, max-image-preview:large, max-video-preview:-1\" \/>\n<link rel=\"canonical\" href=\"https:\/\/exceladvisor.org\/it\/concatenare-un-intervallo-di-celle\/\" \/>\n<meta property=\"og:locale\" content=\"it_IT\" \/>\n<meta property=\"og:type\" content=\"article\" \/>\n<meta property=\"og:title\" content=\"Come concatenare un intervallo di celle in Excel?\" \/>\n<meta property=\"og:description\" content=\"Ecco i 5 metodi per concatenare un intervallo di celle in un&#039;unica cella che puoi utilizzare in diverse situazioni.\" \/>\n<meta property=\"og:url\" content=\"https:\/\/exceladvisor.org\/it\/concatenare-un-intervallo-di-celle\/\" \/>\n<meta property=\"og:site_name\" content=\"Excel Advisor\" \/>\n<meta property=\"article:modified_time\" content=\"2023-12-10T06:21:54+00:00\" \/>\n<meta property=\"og:image\" content=\"https:\/\/exceladvisor.org\/wp-content\/uploads\/2023\/08\/1.gif\" \/>\n<meta name=\"twitter:card\" content=\"summary_large_image\" \/>\n<meta name=\"twitter:label1\" content=\"Tempo di lettura stimato\" \/>\n\t<meta name=\"twitter:data1\" content=\"4 minuti\" \/>\n<script type=\"application\/ld+json\" class=\"yoast-schema-graph\">{\"@context\":\"https:\/\/schema.org\",\"@graph\":[{\"@type\":\"WebPage\",\"@id\":\"https:\/\/exceladvisor.org\/it\/concatenare-un-intervallo-di-celle\/\",\"url\":\"https:\/\/exceladvisor.org\/it\/concatenare-un-intervallo-di-celle\/\",\"name\":\"Come concatenare un intervallo di celle in Excel?\",\"isPartOf\":{\"@id\":\"https:\/\/exceladvisor.org\/it\/#website\"},\"primaryImageOfPage\":{\"@id\":\"https:\/\/exceladvisor.org\/it\/concatenare-un-intervallo-di-celle\/#primaryimage\"},\"image\":{\"@id\":\"https:\/\/exceladvisor.org\/it\/concatenare-un-intervallo-di-celle\/#primaryimage\"},\"thumbnailUrl\":\"https:\/\/exceladvisor.org\/wp-content\/uploads\/2023\/08\/1.gif\",\"datePublished\":\"2023-10-23T16:38:56+00:00\",\"dateModified\":\"2023-12-10T06:21:54+00:00\",\"description\":\"Ecco i 5 metodi per concatenare un intervallo di celle in un&#39;unica cella che puoi utilizzare in diverse situazioni.\",\"breadcrumb\":{\"@id\":\"https:\/\/exceladvisor.org\/it\/concatenare-un-intervallo-di-celle\/#breadcrumb\"},\"inLanguage\":\"it-IT\",\"potentialAction\":[{\"@type\":\"ReadAction\",\"target\":[\"https:\/\/exceladvisor.org\/it\/concatenare-un-intervallo-di-celle\/\"]}]},{\"@type\":\"ImageObject\",\"inLanguage\":\"it-IT\",\"@id\":\"https:\/\/exceladvisor.org\/it\/concatenare-un-intervallo-di-celle\/#primaryimage\",\"url\":\"https:\/\/exceladvisor.org\/wp-content\/uploads\/2023\/08\/1.gif\",\"contentUrl\":\"https:\/\/exceladvisor.org\/wp-content\/uploads\/2023\/08\/1.gif\"},{\"@type\":\"BreadcrumbList\",\"@id\":\"https:\/\/exceladvisor.org\/it\/concatenare-un-intervallo-di-celle\/#breadcrumb\",\"itemListElement\":[{\"@type\":\"ListItem\",\"position\":1,\"name\":\"Home\",\"item\":\"https:\/\/exceladvisor.org\/it\/\"},{\"@type\":\"ListItem\",\"position\":2,\"name\":\"Come concatenare un intervallo di celle in excel?\"}]},{\"@type\":\"WebSite\",\"@id\":\"https:\/\/exceladvisor.org\/it\/#website\",\"url\":\"https:\/\/exceladvisor.org\/it\/\",\"name\":\"Excel Advisor\",\"description\":\"Tips, Tricks, and Time-Saving Hacks\",\"publisher\":{\"@id\":\"https:\/\/exceladvisor.org\/it\/#organization\"},\"potentialAction\":[{\"@type\":\"SearchAction\",\"target\":{\"@type\":\"EntryPoint\",\"urlTemplate\":\"https:\/\/exceladvisor.org\/it\/?s={search_term_string}\"},\"query-input\":{\"@type\":\"PropertyValueSpecification\",\"valueRequired\":true,\"valueName\":\"search_term_string\"}}],\"inLanguage\":\"it-IT\"},{\"@type\":\"Organization\",\"@id\":\"https:\/\/exceladvisor.org\/it\/#organization\",\"name\":\"Excel Advisor\",\"url\":\"https:\/\/exceladvisor.org\/it\/\",\"logo\":{\"@type\":\"ImageObject\",\"inLanguage\":\"it-IT\",\"@id\":\"https:\/\/exceladvisor.org\/it\/#\/schema\/logo\/image\/\",\"url\":\"https:\/\/exceladvisor.org\/it\/wp-content\/uploads\/2023\/12\/exceladvisor.org_.png\",\"contentUrl\":\"https:\/\/exceladvisor.org\/it\/wp-content\/uploads\/2023\/12\/exceladvisor.org_.png\",\"width\":105,\"height\":36,\"caption\":\"Excel Advisor\"},\"image\":{\"@id\":\"https:\/\/exceladvisor.org\/it\/#\/schema\/logo\/image\/\"}}]}<\/script>\n<!-- \/ Yoast SEO plugin. -->","yoast_head_json":{"title":"Come concatenare un intervallo di celle in Excel?","description":"Ecco i 5 metodi per concatenare un intervallo di celle in un&#39;unica cella che puoi utilizzare in diverse situazioni.","robots":{"index":"index","follow":"follow","max-snippet":"max-snippet:-1","max-image-preview":"max-image-preview:large","max-video-preview":"max-video-preview:-1"},"canonical":"https:\/\/exceladvisor.org\/it\/concatenare-un-intervallo-di-celle\/","og_locale":"it_IT","og_type":"article","og_title":"Come concatenare un intervallo di celle in Excel?","og_description":"Ecco i 5 metodi per concatenare un intervallo di celle in un&#39;unica cella che puoi utilizzare in diverse situazioni.","og_url":"https:\/\/exceladvisor.org\/it\/concatenare-un-intervallo-di-celle\/","og_site_name":"Excel Advisor","article_modified_time":"2023-12-10T06:21:54+00:00","og_image":[{"url":"https:\/\/exceladvisor.org\/wp-content\/uploads\/2023\/08\/1.gif","type":"","width":"","height":""}],"twitter_card":"summary_large_image","twitter_misc":{"Tempo di lettura stimato":"4 minuti"},"schema":{"@context":"https:\/\/schema.org","@graph":[{"@type":"WebPage","@id":"https:\/\/exceladvisor.org\/it\/concatenare-un-intervallo-di-celle\/","url":"https:\/\/exceladvisor.org\/it\/concatenare-un-intervallo-di-celle\/","name":"Come concatenare un intervallo di celle in Excel?","isPartOf":{"@id":"https:\/\/exceladvisor.org\/it\/#website"},"primaryImageOfPage":{"@id":"https:\/\/exceladvisor.org\/it\/concatenare-un-intervallo-di-celle\/#primaryimage"},"image":{"@id":"https:\/\/exceladvisor.org\/it\/concatenare-un-intervallo-di-celle\/#primaryimage"},"thumbnailUrl":"https:\/\/exceladvisor.org\/wp-content\/uploads\/2023\/08\/1.gif","datePublished":"2023-10-23T16:38:56+00:00","dateModified":"2023-12-10T06:21:54+00:00","description":"Ecco i 5 metodi per concatenare un intervallo di celle in un&#39;unica cella che puoi utilizzare in diverse situazioni.","breadcrumb":{"@id":"https:\/\/exceladvisor.org\/it\/concatenare-un-intervallo-di-celle\/#breadcrumb"},"inLanguage":"it-IT","potentialAction":[{"@type":"ReadAction","target":["https:\/\/exceladvisor.org\/it\/concatenare-un-intervallo-di-celle\/"]}]},{"@type":"ImageObject","inLanguage":"it-IT","@id":"https:\/\/exceladvisor.org\/it\/concatenare-un-intervallo-di-celle\/#primaryimage","url":"https:\/\/exceladvisor.org\/wp-content\/uploads\/2023\/08\/1.gif","contentUrl":"https:\/\/exceladvisor.org\/wp-content\/uploads\/2023\/08\/1.gif"},{"@type":"BreadcrumbList","@id":"https:\/\/exceladvisor.org\/it\/concatenare-un-intervallo-di-celle\/#breadcrumb","itemListElement":[{"@type":"ListItem","position":1,"name":"Home","item":"https:\/\/exceladvisor.org\/it\/"},{"@type":"ListItem","position":2,"name":"Come concatenare un intervallo di celle in excel?"}]},{"@type":"WebSite","@id":"https:\/\/exceladvisor.org\/it\/#website","url":"https:\/\/exceladvisor.org\/it\/","name":"Excel Advisor","description":"Tips, Tricks, and Time-Saving Hacks","publisher":{"@id":"https:\/\/exceladvisor.org\/it\/#organization"},"potentialAction":[{"@type":"SearchAction","target":{"@type":"EntryPoint","urlTemplate":"https:\/\/exceladvisor.org\/it\/?s={search_term_string}"},"query-input":{"@type":"PropertyValueSpecification","valueRequired":true,"valueName":"search_term_string"}}],"inLanguage":"it-IT"},{"@type":"Organization","@id":"https:\/\/exceladvisor.org\/it\/#organization","name":"Excel Advisor","url":"https:\/\/exceladvisor.org\/it\/","logo":{"@type":"ImageObject","inLanguage":"it-IT","@id":"https:\/\/exceladvisor.org\/it\/#\/schema\/logo\/image\/","url":"https:\/\/exceladvisor.org\/it\/wp-content\/uploads\/2023\/12\/exceladvisor.org_.png","contentUrl":"https:\/\/exceladvisor.org\/it\/wp-content\/uploads\/2023\/12\/exceladvisor.org_.png","width":105,"height":36,"caption":"Excel Advisor"},"image":{"@id":"https:\/\/exceladvisor.org\/it\/#\/schema\/logo\/image\/"}}]}},"yoast_meta":{"yoast_wpseo_title":"","yoast_wpseo_metadesc":"","yoast_wpseo_canonical":""},"_links":{"self":[{"href":"https:\/\/exceladvisor.org\/it\/wp-json\/wp\/v2\/pages\/2039","targetHints":{"allow":["GET"]}}],"collection":[{"href":"https:\/\/exceladvisor.org\/it\/wp-json\/wp\/v2\/pages"}],"about":[{"href":"https:\/\/exceladvisor.org\/it\/wp-json\/wp\/v2\/types\/page"}],"author":[{"embeddable":true,"href":"https:\/\/exceladvisor.org\/it\/wp-json\/wp\/v2\/users\/1"}],"replies":[{"embeddable":true,"href":"https:\/\/exceladvisor.org\/it\/wp-json\/wp\/v2\/comments?post=2039"}],"version-history":[{"count":1,"href":"https:\/\/exceladvisor.org\/it\/wp-json\/wp\/v2\/pages\/2039\/revisions"}],"predecessor-version":[{"id":2387,"href":"https:\/\/exceladvisor.org\/it\/wp-json\/wp\/v2\/pages\/2039\/revisions\/2387"}],"wp:attachment":[{"href":"https:\/\/exceladvisor.org\/it\/wp-json\/wp\/v2\/media?parent=2039"}],"curies":[{"name":"wp","href":"https:\/\/api.w.org\/{rel}","templated":true}]}}