{"id":2040,"date":"2023-10-23T06:08:32","date_gmt":"2023-10-23T06:08:32","guid":{"rendered":"https:\/\/exceladvisor.org\/it\/iferror-vlookup\/"},"modified":"2023-12-10T06:26:45","modified_gmt":"2023-12-10T06:26:45","slug":"iferror-vlookup","status":"publish","type":"page","link":"https:\/\/exceladvisor.org\/it\/iferror-vlookup\/","title":{"rendered":"Come utilizzare seerrore con cerca.vert in excel?"},"content":{"rendered":"<div class=\"excel-prima-del-contenuto\" id=\"excel-3802257413\"><script type=\"text\/javascript\">\r\n\tatOptions = {\r\n\t\t'key' : 'c1158f160081d6540a8409e6925dab94',\r\n\t\t'format' : 'iframe',\r\n\t\t'height' : 250,\r\n\t\t'width' : 300,\r\n\t\t'params' : {}\r\n\t};\r\n<\/script>\r\n<script type=\"text\/javascript\" src=\"\/\/www.highperformanceformat.com\/c1158f160081d6540a8409e6925dab94\/invoke.js\"><\/script><\/div> <p>Quando utilizzi CERCA.VERT, ogni volta che il valore che stai cercando non \u00e8 presente nei dati, riceverai un errore #N\/D. In termini semplici, ogni volta che CERCA.VERT non \u00e8 in grado di trovare il valore, restituisce #N\/D.<\/p><p> <b>Ad esempio<\/b> , hai un elenco di nomi di dipendenti e desideri cercare il nome &#8220;John&#8221;. Ma sfortunatamente questo nome non \u00e8 presente nell&#8217;elenco. <\/p><div class=\"wp-block-image\"><figure class=\"aligncenter\"><img decoding=\"async\" src=\"https:\/\/exceladvisor.org\/wp-content\/uploads\/2023\/08\/iferror-avec-vlookup-pour-eviter-une-erreur-1.png\" sizes=\"\" srcset=\"\" alt=\"\"><\/figure><\/div><p> Ora in questa situazione CERCA.VERT restituir\u00e0 #N\/A. Conosci il motivo di questo errore, ma forse non tutti lo sanno. Quindi il modo migliore \u00e8 sostituire #N\/A con un valore doganale in modo che tutti possano capire il motivo per cui si trova questo errore.<\/p><p> E per sostituire l&#8217;errore #N\/A, il modo migliore \u00e8 utilizzare IFERROR con CERCA.VERT. SEERRORE \u00e8 una funzione che pu\u00f2 aiutarti a valutare un valore e se quel valore \u00e8 un errore restituir\u00e0 un valore personalizzato invece di quell&#8217;errore.<\/p><p> Quindi, oggi in questo articolo imparerai come utilizzare CERCA.VERT senza l&#8217;errore #N\/A combinandolo con IFERROR. Ma prima di combinare queste due funzioni, devi capire come funziona IFERROR.<\/p><h2 class=\"wp-block-heading\"> Come funziona IFERROR<\/h2><p> Nella funzione SEERRORE \u00e8 necessario specificare due cose. Innanzitutto, il valore che desideri valutare e, <b>in secondo luogo<\/b> , un valore personalizzato che desideri ogni volta che si verifica un errore. Ecco la sintassi di IFERROR:<\/p><p class=\"formula\"> SEERRORE(valore; valore_se_errore)<\/p><ul><li> valore: un valore da valutare.<\/li><li> value_if_error: valore che desideri recuperare quando si verifica un errore. <\/li><\/ul><div class=\"wp-block-image\"><figure class=\"aligncenter\"><img decoding=\"async\" src=\"https:\/\/exceladvisor.org\/wp-content\/uploads\/2023\/08\/comment-utiliser-iferror-avec-vlookup-1.png\" sizes=\"\" srcset=\"\" alt=\"\"><\/figure><\/div><ol><li> <b><strong>Innanzitutto<\/strong><\/b> , IFERROR valuta il valore.<\/li><li> <b>Successivamente<\/b> , se il valore \u00e8 un errore, restituisce il valore specificato per l&#8217;errore, altrimenti il valore stesso.<\/li><\/ol><h2 class=\"wp-block-heading\"> Combina SEERRORE con CERCA.VERT<\/h2><p> Ora \u00e8 il momento di combinare CERCA.VERT e IFERRORE. Per fare ci\u00f2, in IFERROR devi semplicemente sostituire il valore con VLOOKUP.<\/p><p> Inoltre, per l&#8217; <b>argomento value_if_error<\/b> , specifica un valore che desideri restituire ogni volta CERCA.VERT restituisce #N\/D.<\/p><p> Qui nell&#8217;esempio seguente hai utilizzato &#8220;Non trovato&#8221; per l&#8217;argomento value_if_error. In tutte le celle in cui \u00e8 presente un errore, viene restituito &#8220;Non trovato&#8221;. <\/p><div class=\"wp-block-image\"><figure class=\"aligncenter\"><img decoding=\"async\" src=\"https:\/\/exceladvisor.org\/wp-content\/uploads\/2023\/08\/combiner-iferror-avec-vlookup-1.png\" sizes=\"\" srcset=\"\" alt=\"\"><\/figure><\/div><h2 class=\"wp-block-heading\"> Come funzionano le due funzioni<\/h2><p> In questa combinazione le due funzioni lavorano in sequenza. Prima di tutto, CERCA.VERT funziona sempre allo stesso modo. Cerca un valore e restituisce il valore del risultato se trovato, altrimenti genera un errore. <\/p><div class=\"wp-block-image\"><figure class=\"aligncenter\"><img decoding=\"async\" src=\"https:\/\/exceladvisor.org\/wp-content\/uploads\/2023\/08\/comment-iferror-avec-vlookup-fonctionne-1.png\" sizes=\"\" srcset=\"\" alt=\"\"><\/figure><\/div><p> <b>In secondo luogo<\/b> , IFERROR valuta il risultato di CERCA.VERT. E, se il risultato \u00e8 un errore, sostituir\u00e0 l&#8217;errore con il valore personalizzato specificato. Altrimenti non far\u00e0 nulla e otterrai lo stesso risultato restituito da CERCA.VERT. <\/p><div class=\"wp-block-image\"><figure class=\"aligncenter\"><img decoding=\"async\" src=\"https:\/\/exceladvisor.org\/wp-content\/uploads\/2023\/08\/comment-iferror-avec-vlookup-fonctionne-2-1.png\" sizes=\"\" srcset=\"\" alt=\"\"><\/figure><\/div><h2 class=\"wp-block-heading\"> Porta via<\/h2><p> Devi capire una cosa IFERROR sovrascrive il valore per tutti i tipi di errori. Quindi otterrai lo stesso valore personalizzato per tutti gli errori.<\/p><p> Inoltre, se esiste la possibilit\u00e0 che venga visualizzato un errore diverso da #N\/A, \u00e8 possibile sostituire IFERROR con IFNA che restituisce solo #N\/A.<\/p><h2 class=\"wp-block-heading\"> Problema con la vecchia versione<\/h2><p> Nella vecchia versione di Excel, IFERROR non \u00e8 presente. Puoi per\u00f2 sempre sostituire #N\/A con un valore doganale. Per fare ci\u00f2, \u00e8 necessario combinare IF e ISNA con CERCA.VERT. E la formula sar\u00e0:<\/p><pre class=\"wp-block-code\"> <code class=\"language-excel-formula\" lang=\"excel-formula\">=IF(ISNA(VLOOKUP(A1,table,2,FALSE)),\"Not Found\",VLOOKUP(A1,table,2,FALSE))<\/code><\/pre><p> In questa formula, valuti CERCA.VERT con ISNA (che restituisce solo #N\/D e restituisce VERO). Pertanto, quando VLOOKUP restituisce un errore, IFNA lo converte in TRUE.<\/p><p> Successivamente IF restituisce il valore specificato per TRUE. Altrimenti, il valore di FALSO \u00e8 la stessa formula CERCA.VERT. <\/p><div class=\"gb-container gb-container-52dfcee1 gb-container-sample-file\"><h2 class=\"gb-headline gb-headline-e289c143 gb-headline-text gb-headline-4f7959c2\"> Ottieni il file Excel<\/h2> <a class=\"gb-button gb-button-e88d6bee gb-button-text gb-button-button1\" href=\"https:\/\/exceladvisor.org\/it\/un\/\" rel=\"nofollow\">Scaricamento<\/a><\/div><h2 class=\"wp-block-heading\"> Conclusione<\/h2><p> Sono fermamente convinto che dovresti sempre utilizzare IFERROR con CERCA.VERT per sostituire #N\/A. Il motivo principale \u00e8 che quando nei dati sono presenti valori numerici, non \u00e8 possibile utilizzare valori con errori.<\/p><p> Ad esempio, se <a href=\"https:\/\/exceladvisor.org\/it\/tabella-pivot-1\/\" data-wpil=\"url\">hai una tabella pivot<\/a> e hai un errore #N\/D nei dati di origine, lo stesso errore si rifletter\u00e0 nella tabella pivot. Il modo migliore \u00e8 sostituire questo errore con uno &#8220;0&#8221;.<\/p><p> Spero che tu abbia trovato utile questo suggerimento sulla formula. E sarebbe fantastico se condividessi questo suggerimento con i tuoi amici.<\/p><div class=\"gb-container gb-container-0df56012 gb-container-mt\"> <a class=\"gb-button gb-button-f9f432f4 gb-button-text gb-button-mt-button\" href=\"https:\/\/exceladvisor.org\/it\/formule\/\">Elenco delle formule di Excel<\/a><h2 class=\"gb-headline gb-headline-233444e8 gb-headline-text gb-headline-mt-heading\"> Formule correlate <\/h2><div class=\"gb-grid-wrapper gb-grid-wrapper-a16fa65c gb-grid-wrapper-mt-grid\"><div class=\"gb-grid-column gb-grid-column-50d07e0d\"><div class=\"gb-container gb-container-50d07e0d\"><ul><li> <a href=\"https:\/\/exceladvisor.org\/it\/ricerca-bidirezionale\/\">Esegui una ricerca bidirezionale in Excel<\/a><\/li><li> <a href=\"https:\/\/exceladvisor.org\/it\/ricerca-inversa\/\">CERCA.VERT inversa (all&#8217;indietro: da destra a sinistra) in Excel<\/a><\/li><li> <a href=\"https:\/\/exceladvisor.org\/it\/corrispondenza-di-vsearch\/\">Combinazione di CORRISPONDENZA CERCA.VERT in Excel<\/a><\/li><li> <a href=\"https:\/\/exceladvisor.org\/it\/vlookup-diversi-criteri\/\">CERCA.VERT con pi\u00f9 criteri in Excel<\/a><\/li><li> <a href=\"https:\/\/exceladvisor.org\/it\/caratteri-jolly-con-vlookup\/\">Caratteri jolly con CERCA.VERT in Excel<\/a> <\/li><\/ul><\/div><\/div><div class=\"gb-grid-column gb-grid-column-5b4a0cf9\"><div class=\"gb-container gb-container-5b4a0cf9\"><\/div><\/div><\/div><\/div>","protected":false},"excerpt":{"rendered":"","protected":false},"author":1,"featured_media":0,"parent":0,"menu_order":0,"comment_status":"open","ping_status":"closed","template":"","meta":{"ub_ctt_via":"","footnotes":""},"class_list":["post-2040","page","type-page","status-publish","hentry"],"featured_image_src":null,"yoast_head":"<!-- This site is optimized with the Yoast SEO plugin v25.4 - https:\/\/yoast.com\/wordpress\/plugins\/seo\/ -->\n<title>Come utilizzare IFERROR con CERCA.VERT per sostituire #N\/A?<\/title>\n<meta name=\"description\" content=\"Quando si utilizza CERCA.VERT, ogni volta che il valore che stai cercando non \u00e8 presente nei dati, ottieni un #N\/A.\" \/>\n<meta name=\"robots\" content=\"index, follow, max-snippet:-1, max-image-preview:large, max-video-preview:-1\" \/>\n<link rel=\"canonical\" href=\"https:\/\/exceladvisor.org\/it\/iferror-vlookup\/\" \/>\n<meta property=\"og:locale\" content=\"it_IT\" \/>\n<meta property=\"og:type\" content=\"article\" \/>\n<meta property=\"og:title\" content=\"Come utilizzare IFERROR con CERCA.VERT per sostituire #N\/A?\" \/>\n<meta property=\"og:description\" content=\"Quando si utilizza CERCA.VERT, ogni volta che il valore che stai cercando non \u00e8 presente nei dati, ottieni un #N\/A.\" \/>\n<meta property=\"og:url\" content=\"https:\/\/exceladvisor.org\/it\/iferror-vlookup\/\" \/>\n<meta property=\"og:site_name\" content=\"Excel Advisor\" \/>\n<meta property=\"article:modified_time\" content=\"2023-12-10T06:26:45+00:00\" \/>\n<meta property=\"og:image\" content=\"https:\/\/exceladvisor.org\/wp-content\/uploads\/2023\/08\/iferror-avec-vlookup-pour-eviter-une-erreur-1.png\" \/>\n<meta name=\"twitter:card\" content=\"summary_large_image\" \/>\n<meta name=\"twitter:label1\" content=\"Tempo di lettura stimato\" \/>\n\t<meta name=\"twitter:data1\" content=\"3 minuti\" \/>\n<script type=\"application\/ld+json\" class=\"yoast-schema-graph\">{\"@context\":\"https:\/\/schema.org\",\"@graph\":[{\"@type\":\"WebPage\",\"@id\":\"https:\/\/exceladvisor.org\/it\/iferror-vlookup\/\",\"url\":\"https:\/\/exceladvisor.org\/it\/iferror-vlookup\/\",\"name\":\"Come utilizzare IFERROR con CERCA.VERT per sostituire #N\/A?\",\"isPartOf\":{\"@id\":\"https:\/\/exceladvisor.org\/it\/#website\"},\"primaryImageOfPage\":{\"@id\":\"https:\/\/exceladvisor.org\/it\/iferror-vlookup\/#primaryimage\"},\"image\":{\"@id\":\"https:\/\/exceladvisor.org\/it\/iferror-vlookup\/#primaryimage\"},\"thumbnailUrl\":\"https:\/\/exceladvisor.org\/wp-content\/uploads\/2023\/08\/iferror-avec-vlookup-pour-eviter-une-erreur-1.png\",\"datePublished\":\"2023-10-23T06:08:32+00:00\",\"dateModified\":\"2023-12-10T06:26:45+00:00\",\"description\":\"Quando si utilizza CERCA.VERT, ogni volta che il valore che stai cercando non \u00e8 presente nei dati, ottieni un #N\/A.\",\"breadcrumb\":{\"@id\":\"https:\/\/exceladvisor.org\/it\/iferror-vlookup\/#breadcrumb\"},\"inLanguage\":\"it-IT\",\"potentialAction\":[{\"@type\":\"ReadAction\",\"target\":[\"https:\/\/exceladvisor.org\/it\/iferror-vlookup\/\"]}]},{\"@type\":\"ImageObject\",\"inLanguage\":\"it-IT\",\"@id\":\"https:\/\/exceladvisor.org\/it\/iferror-vlookup\/#primaryimage\",\"url\":\"https:\/\/exceladvisor.org\/wp-content\/uploads\/2023\/08\/iferror-avec-vlookup-pour-eviter-une-erreur-1.png\",\"contentUrl\":\"https:\/\/exceladvisor.org\/wp-content\/uploads\/2023\/08\/iferror-avec-vlookup-pour-eviter-une-erreur-1.png\"},{\"@type\":\"BreadcrumbList\",\"@id\":\"https:\/\/exceladvisor.org\/it\/iferror-vlookup\/#breadcrumb\",\"itemListElement\":[{\"@type\":\"ListItem\",\"position\":1,\"name\":\"Home\",\"item\":\"https:\/\/exceladvisor.org\/it\/\"},{\"@type\":\"ListItem\",\"position\":2,\"name\":\"Come utilizzare seerrore con cerca.vert in excel?\"}]},{\"@type\":\"WebSite\",\"@id\":\"https:\/\/exceladvisor.org\/it\/#website\",\"url\":\"https:\/\/exceladvisor.org\/it\/\",\"name\":\"Excel Advisor\",\"description\":\"Tips, Tricks, and Time-Saving Hacks\",\"publisher\":{\"@id\":\"https:\/\/exceladvisor.org\/it\/#organization\"},\"potentialAction\":[{\"@type\":\"SearchAction\",\"target\":{\"@type\":\"EntryPoint\",\"urlTemplate\":\"https:\/\/exceladvisor.org\/it\/?s={search_term_string}\"},\"query-input\":{\"@type\":\"PropertyValueSpecification\",\"valueRequired\":true,\"valueName\":\"search_term_string\"}}],\"inLanguage\":\"it-IT\"},{\"@type\":\"Organization\",\"@id\":\"https:\/\/exceladvisor.org\/it\/#organization\",\"name\":\"Excel Advisor\",\"url\":\"https:\/\/exceladvisor.org\/it\/\",\"logo\":{\"@type\":\"ImageObject\",\"inLanguage\":\"it-IT\",\"@id\":\"https:\/\/exceladvisor.org\/it\/#\/schema\/logo\/image\/\",\"url\":\"https:\/\/exceladvisor.org\/it\/wp-content\/uploads\/2023\/12\/exceladvisor.org_.png\",\"contentUrl\":\"https:\/\/exceladvisor.org\/it\/wp-content\/uploads\/2023\/12\/exceladvisor.org_.png\",\"width\":105,\"height\":36,\"caption\":\"Excel Advisor\"},\"image\":{\"@id\":\"https:\/\/exceladvisor.org\/it\/#\/schema\/logo\/image\/\"}}]}<\/script>\n<!-- \/ Yoast SEO plugin. -->","yoast_head_json":{"title":"Come utilizzare IFERROR con CERCA.VERT per sostituire #N\/A?","description":"Quando si utilizza CERCA.VERT, ogni volta che il valore che stai cercando non \u00e8 presente nei dati, ottieni un #N\/A.","robots":{"index":"index","follow":"follow","max-snippet":"max-snippet:-1","max-image-preview":"max-image-preview:large","max-video-preview":"max-video-preview:-1"},"canonical":"https:\/\/exceladvisor.org\/it\/iferror-vlookup\/","og_locale":"it_IT","og_type":"article","og_title":"Come utilizzare IFERROR con CERCA.VERT per sostituire #N\/A?","og_description":"Quando si utilizza CERCA.VERT, ogni volta che il valore che stai cercando non \u00e8 presente nei dati, ottieni un #N\/A.","og_url":"https:\/\/exceladvisor.org\/it\/iferror-vlookup\/","og_site_name":"Excel Advisor","article_modified_time":"2023-12-10T06:26:45+00:00","og_image":[{"url":"https:\/\/exceladvisor.org\/wp-content\/uploads\/2023\/08\/iferror-avec-vlookup-pour-eviter-une-erreur-1.png","type":"","width":"","height":""}],"twitter_card":"summary_large_image","twitter_misc":{"Tempo di lettura stimato":"3 minuti"},"schema":{"@context":"https:\/\/schema.org","@graph":[{"@type":"WebPage","@id":"https:\/\/exceladvisor.org\/it\/iferror-vlookup\/","url":"https:\/\/exceladvisor.org\/it\/iferror-vlookup\/","name":"Come utilizzare IFERROR con CERCA.VERT per sostituire #N\/A?","isPartOf":{"@id":"https:\/\/exceladvisor.org\/it\/#website"},"primaryImageOfPage":{"@id":"https:\/\/exceladvisor.org\/it\/iferror-vlookup\/#primaryimage"},"image":{"@id":"https:\/\/exceladvisor.org\/it\/iferror-vlookup\/#primaryimage"},"thumbnailUrl":"https:\/\/exceladvisor.org\/wp-content\/uploads\/2023\/08\/iferror-avec-vlookup-pour-eviter-une-erreur-1.png","datePublished":"2023-10-23T06:08:32+00:00","dateModified":"2023-12-10T06:26:45+00:00","description":"Quando si utilizza CERCA.VERT, ogni volta che il valore che stai cercando non \u00e8 presente nei dati, ottieni un #N\/A.","breadcrumb":{"@id":"https:\/\/exceladvisor.org\/it\/iferror-vlookup\/#breadcrumb"},"inLanguage":"it-IT","potentialAction":[{"@type":"ReadAction","target":["https:\/\/exceladvisor.org\/it\/iferror-vlookup\/"]}]},{"@type":"ImageObject","inLanguage":"it-IT","@id":"https:\/\/exceladvisor.org\/it\/iferror-vlookup\/#primaryimage","url":"https:\/\/exceladvisor.org\/wp-content\/uploads\/2023\/08\/iferror-avec-vlookup-pour-eviter-une-erreur-1.png","contentUrl":"https:\/\/exceladvisor.org\/wp-content\/uploads\/2023\/08\/iferror-avec-vlookup-pour-eviter-une-erreur-1.png"},{"@type":"BreadcrumbList","@id":"https:\/\/exceladvisor.org\/it\/iferror-vlookup\/#breadcrumb","itemListElement":[{"@type":"ListItem","position":1,"name":"Home","item":"https:\/\/exceladvisor.org\/it\/"},{"@type":"ListItem","position":2,"name":"Come utilizzare seerrore con cerca.vert in excel?"}]},{"@type":"WebSite","@id":"https:\/\/exceladvisor.org\/it\/#website","url":"https:\/\/exceladvisor.org\/it\/","name":"Excel Advisor","description":"Tips, Tricks, and Time-Saving Hacks","publisher":{"@id":"https:\/\/exceladvisor.org\/it\/#organization"},"potentialAction":[{"@type":"SearchAction","target":{"@type":"EntryPoint","urlTemplate":"https:\/\/exceladvisor.org\/it\/?s={search_term_string}"},"query-input":{"@type":"PropertyValueSpecification","valueRequired":true,"valueName":"search_term_string"}}],"inLanguage":"it-IT"},{"@type":"Organization","@id":"https:\/\/exceladvisor.org\/it\/#organization","name":"Excel Advisor","url":"https:\/\/exceladvisor.org\/it\/","logo":{"@type":"ImageObject","inLanguage":"it-IT","@id":"https:\/\/exceladvisor.org\/it\/#\/schema\/logo\/image\/","url":"https:\/\/exceladvisor.org\/it\/wp-content\/uploads\/2023\/12\/exceladvisor.org_.png","contentUrl":"https:\/\/exceladvisor.org\/it\/wp-content\/uploads\/2023\/12\/exceladvisor.org_.png","width":105,"height":36,"caption":"Excel Advisor"},"image":{"@id":"https:\/\/exceladvisor.org\/it\/#\/schema\/logo\/image\/"}}]}},"yoast_meta":{"yoast_wpseo_title":"","yoast_wpseo_metadesc":"","yoast_wpseo_canonical":""},"_links":{"self":[{"href":"https:\/\/exceladvisor.org\/it\/wp-json\/wp\/v2\/pages\/2040","targetHints":{"allow":["GET"]}}],"collection":[{"href":"https:\/\/exceladvisor.org\/it\/wp-json\/wp\/v2\/pages"}],"about":[{"href":"https:\/\/exceladvisor.org\/it\/wp-json\/wp\/v2\/types\/page"}],"author":[{"embeddable":true,"href":"https:\/\/exceladvisor.org\/it\/wp-json\/wp\/v2\/users\/1"}],"replies":[{"embeddable":true,"href":"https:\/\/exceladvisor.org\/it\/wp-json\/wp\/v2\/comments?post=2040"}],"version-history":[{"count":1,"href":"https:\/\/exceladvisor.org\/it\/wp-json\/wp\/v2\/pages\/2040\/revisions"}],"predecessor-version":[{"id":2833,"href":"https:\/\/exceladvisor.org\/it\/wp-json\/wp\/v2\/pages\/2040\/revisions\/2833"}],"wp:attachment":[{"href":"https:\/\/exceladvisor.org\/it\/wp-json\/wp\/v2\/media?parent=2040"}],"curies":[{"name":"wp","href":"https:\/\/api.w.org\/{rel}","templated":true}]}}