{"id":2041,"date":"2023-10-23T06:04:06","date_gmt":"2023-10-23T06:04:06","guid":{"rendered":"https:\/\/exceladvisor.org\/it\/sostituire-piu-valori\/"},"modified":"2023-12-10T06:25:50","modified_gmt":"2023-12-10T06:25:50","slug":"sostituire-piu-valori","status":"publish","type":"page","link":"https:\/\/exceladvisor.org\/it\/sostituire-piu-valori\/","title":{"rendered":"Come sostituire pi\u00f9 valori (nidificati) in excel?"},"content":{"rendered":"<div class=\"excel-prima-del-contenuto\" id=\"excel-241613697\"><script type=\"text\/javascript\">\r\n\tatOptions = {\r\n\t\t'key' : 'c1158f160081d6540a8409e6925dab94',\r\n\t\t'format' : 'iframe',\r\n\t\t'height' : 250,\r\n\t\t'width' : 300,\r\n\t\t'params' : {}\r\n\t};\r\n<\/script>\r\n<script type=\"text\/javascript\" src=\"\/\/www.highperformanceformat.com\/c1158f160081d6540a8409e6925dab94\/invoke.js\"><\/script><\/div> <p>In Excel, se vuoi sostituire pi\u00f9 valori da una singola cella, in questo caso devi creare una formula nidificata con la funzione SOSTITUISCI. E in questo tutorial impareremo come scrivere questa formula.<\/p><h2 class=\"wp-block-heading\"> Scrivi una formula di sostituzione nidificata per sostituire pi\u00f9 valori<\/h2><p> Di seguito \u00e8 riportata la formula in cui abbiamo utilizzato le funzioni SOSTITUTO cinque volte per sostituire cinque valori nella cella A1. <\/p><div class=\"wp-block-image\"><figure class=\"aligncenter size-full is-resized\"><img loading=\"lazy\" decoding=\"async\" class=\"wp-image-83064\" src=\"https:\/\/exceladvisor.org\/wp-content\/uploads\/2023\/08\/1-remplacer-plusieurs-valeurs.png\" sizes=\"auto, \" srcset=\"\" alt=\"sostituire pi\u00f9 valori\" width=\"707\" height=\"233\"><\/figure><\/div><pre class=\"wp-block-preformatted\"> =SUBSTITUTE(SUBSTITUTE(SUBSTITUTE(SUBSTITUTE(SUBSTITUTE(A1,\"One\",\"1\"),\"Two\",\"2\"),\"Three\",\"3\"),\"Four\",\"4\"),\" Five\",\"5\")<\/pre><p> Questa formula \u00e8 una formula nidificata con la funzione SOSTITUISCI utilizzata cinque volte per sostituire cinque valori nella cella. E per aiutarti a capire questa formula, l&#8217;ho strutturata come segue: <\/p><div class=\"wp-block-image\"><figure class=\"aligncenter size-full is-resized\"><img loading=\"lazy\" decoding=\"async\" class=\"wp-image-83065\" src=\"https:\/\/exceladvisor.org\/wp-content\/uploads\/2023\/08\/2-formules-imbriquees-avec-fonction-de-substitution.png\" sizes=\"auto, \" srcset=\"\" alt=\"formula-nidificata-con-funzione-di-sostituzione\" width=\"691\" height=\"211\"><\/figure><\/div><p> Questa formula sostituisce:<\/p><ul><li> Uno \u21e2 1<\/li><li> Due \u21e2 2<\/li><li> Tre \u21e2 3<\/li><li> Forno \u21e2 4<\/li><li> Cinque \u21e2 5<\/li><\/ul><p> Poich\u00e9 si tratta di una formula nidificata, la seconda funzione utilizza il valore restituito dalla prima, la terza funzione utilizza i valori restituiti dalla seconda e cos\u00ec via. <\/p><div class=\"wp-block-image\"><figure class=\"aligncenter size-full is-resized\"><img loading=\"lazy\" decoding=\"async\" class=\"wp-image-83066\" src=\"https:\/\/exceladvisor.org\/wp-content\/uploads\/2023\/08\/3-deuxieme-fonction-utilise-la-valeur-renvoyee-par-first1.png\" sizes=\"auto, \" srcset=\"\" alt=\"la seconda funzione utilizza il valore restituito dalla prima\" width=\"700\" height=\"213\"><\/figure><\/div><h2 class=\"wp-block-heading\"> Sostituto nidificato con riferimento di cella<\/h2><p> Nella formula sopra, abbiamo inserito i valori direttamente nella formula, uno per uno. Ma puoi anche creare un riferimento di cella per tutti i valori. <\/p><div class=\"wp-block-image\"><figure class=\"aligncenter size-full is-resized\"><img loading=\"lazy\" decoding=\"async\" class=\"wp-image-83067\" src=\"https:\/\/exceladvisor.org\/wp-content\/uploads\/2023\/08\/4-substituts-imbriques-avec-reference-de-cellule.png\" sizes=\"auto, \" srcset=\"\" alt=\"sostituto-nidificato-con-riferimento-di-cella\" width=\"648\" height=\"338\"><\/figure><\/div><pre class=\"wp-block-preformatted\"> =SUBSTITUTE(SUBSTITUTE(SUBSTITUTE(SUBSTITUTE(SUBSTITUTE(A1,INDEX(D1:D5,1),INDEX(E1:E5,1)),INDEX(D1:D5,2),INDEX(E1:E5,2)) ,INDEX(D1:D5,3),INDEX(E1:E5,3)),INDEX(D1:D5,4),INDEX(E1:E5,4)),INDEX(D1:D5,5),INDEX( E1:E5,5)) <\/pre><div class=\"wp-block-image\"><figure class=\"aligncenter size-full is-resized\"><img loading=\"lazy\" decoding=\"async\" class=\"wp-image-83069\" src=\"https:\/\/exceladvisor.org\/wp-content\/uploads\/2023\/08\/5-deux-fonctions-dindex-imbriquees-dans-la-formule.png\" sizes=\"auto, \" srcset=\"\" alt=\"funzioni-nidificate-a-due-indici-in-formula\" width=\"678\" height=\"219\"><\/figure><\/div><p> In ciascuna funzione nella formula sono presenti due funzioni INDICE. La prima funzione INDICE restituisce il valore che desideri sostituire nell&#8217;intervallo E1:E5 e la seconda funzione INDICE ottiene il nuovo valore da sostituire nell&#8217;intervallo F1:F5. <\/p><div class=\"gb-container gb-container-52dfcee1 gb-container-sample-file\"><h2 class=\"gb-headline gb-headline-e289c143 gb-headline-text gb-headline-4f7959c2\"> Ottieni il file Excel<\/h2> <a class=\"gb-button gb-button-e88d6bee gb-button-text gb-button-button1\" href=\"https:\/\/exceladvisor.org\/it\/un\/\" rel=\"nofollow\">Scaricamento<\/a><\/div><div class=\"gb-container gb-container-0df56012 gb-container-mt\"> <a class=\"gb-button gb-button-f9f432f4 gb-button-text gb-button-mt-button\" href=\"https:\/\/exceladvisor.org\/it\/formule\/\">Elenco delle formule di Excel<\/a><h2 class=\"gb-headline gb-headline-233444e8 gb-headline-text gb-headline-mt-heading\"> Formule correlate <\/h2><div class=\"gb-grid-wrapper gb-grid-wrapper-a16fa65c gb-grid-wrapper-mt-grid\"><div class=\"gb-grid-column gb-grid-column-50d07e0d\"><div class=\"gb-container gb-container-50d07e0d\"><ul><li> <a href=\"https:\/\/exceladvisor.org\/it\/nuova-riga-nella-cella\/\">Aggiungi una nuova riga a una cella in Excel (interruzione di riga)<\/a><\/li><li> <a href=\"https:\/\/exceladvisor.org\/it\/zeri-iniziali\/\">Aggiungi zeri iniziali in Excel<\/a><\/li><li> <a href=\"https:\/\/exceladvisor.org\/it\/concatenare-le-celle-con-una-virgola\/\">Concatena (combina) le celle con una virgola in Excel<\/a><\/li><li> <a href=\"https:\/\/exceladvisor.org\/it\/concatenare-un-intervallo-di-celle\/\">Concatena (combina) un intervallo di celle in Excel<\/a><\/li><li> <a href=\"https:\/\/exceladvisor.org\/it\/concatenare-uninterruzione-di-riga\/\">Concatena con interruzione di riga in Excel<\/a><\/li><\/ul><\/div><\/div><\/div><\/div>","protected":false},"excerpt":{"rendered":"","protected":false},"author":1,"featured_media":0,"parent":0,"menu_order":0,"comment_status":"open","ping_status":"closed","template":"","meta":{"ub_ctt_via":"","footnotes":""},"class_list":["post-2041","page","type-page","status-publish","hentry"],"featured_image_src":null,"yoast_head":"<!-- This site is optimized with the Yoast SEO plugin v25.4 - https:\/\/yoast.com\/wordpress\/plugins\/seo\/ -->\n<title>Come sostituire pi\u00f9 valori (nidificati) in Excel?<\/title>\n<meta name=\"description\" content=\"Questo tutorial ti insegner\u00e0 come scrivere una formula Excel per sostituire pi\u00f9 valori da una stringa. Controlliamo questo...\" \/>\n<meta name=\"robots\" content=\"index, follow, max-snippet:-1, max-image-preview:large, max-video-preview:-1\" \/>\n<link rel=\"canonical\" href=\"https:\/\/exceladvisor.org\/it\/sostituire-piu-valori\/\" \/>\n<meta property=\"og:locale\" content=\"it_IT\" \/>\n<meta property=\"og:type\" content=\"article\" \/>\n<meta property=\"og:title\" content=\"Come sostituire pi\u00f9 valori (nidificati) in Excel?\" \/>\n<meta property=\"og:description\" content=\"Questo tutorial ti insegner\u00e0 come scrivere una formula Excel per sostituire pi\u00f9 valori da una stringa. Controlliamo questo...\" \/>\n<meta property=\"og:url\" content=\"https:\/\/exceladvisor.org\/it\/sostituire-piu-valori\/\" \/>\n<meta property=\"og:site_name\" content=\"Excel Advisor\" \/>\n<meta property=\"article:modified_time\" content=\"2023-12-10T06:25:50+00:00\" \/>\n<meta property=\"og:image\" content=\"https:\/\/exceladvisor.org\/wp-content\/uploads\/2023\/08\/1-remplacer-plusieurs-valeurs.png\" \/>\n<meta name=\"twitter:card\" content=\"summary_large_image\" \/>\n<meta name=\"twitter:label1\" content=\"Tempo di lettura stimato\" \/>\n\t<meta name=\"twitter:data1\" content=\"1 minuto\" \/>\n<script type=\"application\/ld+json\" class=\"yoast-schema-graph\">{\"@context\":\"https:\/\/schema.org\",\"@graph\":[{\"@type\":\"WebPage\",\"@id\":\"https:\/\/exceladvisor.org\/it\/sostituire-piu-valori\/\",\"url\":\"https:\/\/exceladvisor.org\/it\/sostituire-piu-valori\/\",\"name\":\"Come sostituire pi\u00f9 valori (nidificati) in Excel?\",\"isPartOf\":{\"@id\":\"https:\/\/exceladvisor.org\/it\/#website\"},\"primaryImageOfPage\":{\"@id\":\"https:\/\/exceladvisor.org\/it\/sostituire-piu-valori\/#primaryimage\"},\"image\":{\"@id\":\"https:\/\/exceladvisor.org\/it\/sostituire-piu-valori\/#primaryimage\"},\"thumbnailUrl\":\"https:\/\/exceladvisor.org\/wp-content\/uploads\/2023\/08\/1-remplacer-plusieurs-valeurs.png\",\"datePublished\":\"2023-10-23T06:04:06+00:00\",\"dateModified\":\"2023-12-10T06:25:50+00:00\",\"description\":\"Questo tutorial ti insegner\u00e0 come scrivere una formula Excel per sostituire pi\u00f9 valori da una stringa. Controlliamo questo...\",\"breadcrumb\":{\"@id\":\"https:\/\/exceladvisor.org\/it\/sostituire-piu-valori\/#breadcrumb\"},\"inLanguage\":\"it-IT\",\"potentialAction\":[{\"@type\":\"ReadAction\",\"target\":[\"https:\/\/exceladvisor.org\/it\/sostituire-piu-valori\/\"]}]},{\"@type\":\"ImageObject\",\"inLanguage\":\"it-IT\",\"@id\":\"https:\/\/exceladvisor.org\/it\/sostituire-piu-valori\/#primaryimage\",\"url\":\"https:\/\/exceladvisor.org\/wp-content\/uploads\/2023\/08\/1-remplacer-plusieurs-valeurs.png\",\"contentUrl\":\"https:\/\/exceladvisor.org\/wp-content\/uploads\/2023\/08\/1-remplacer-plusieurs-valeurs.png\"},{\"@type\":\"BreadcrumbList\",\"@id\":\"https:\/\/exceladvisor.org\/it\/sostituire-piu-valori\/#breadcrumb\",\"itemListElement\":[{\"@type\":\"ListItem\",\"position\":1,\"name\":\"Home\",\"item\":\"https:\/\/exceladvisor.org\/it\/\"},{\"@type\":\"ListItem\",\"position\":2,\"name\":\"Come sostituire pi\u00f9 valori (nidificati) in excel?\"}]},{\"@type\":\"WebSite\",\"@id\":\"https:\/\/exceladvisor.org\/it\/#website\",\"url\":\"https:\/\/exceladvisor.org\/it\/\",\"name\":\"Excel Advisor\",\"description\":\"Tips, Tricks, and Time-Saving Hacks\",\"publisher\":{\"@id\":\"https:\/\/exceladvisor.org\/it\/#organization\"},\"potentialAction\":[{\"@type\":\"SearchAction\",\"target\":{\"@type\":\"EntryPoint\",\"urlTemplate\":\"https:\/\/exceladvisor.org\/it\/?s={search_term_string}\"},\"query-input\":{\"@type\":\"PropertyValueSpecification\",\"valueRequired\":true,\"valueName\":\"search_term_string\"}}],\"inLanguage\":\"it-IT\"},{\"@type\":\"Organization\",\"@id\":\"https:\/\/exceladvisor.org\/it\/#organization\",\"name\":\"Excel Advisor\",\"url\":\"https:\/\/exceladvisor.org\/it\/\",\"logo\":{\"@type\":\"ImageObject\",\"inLanguage\":\"it-IT\",\"@id\":\"https:\/\/exceladvisor.org\/it\/#\/schema\/logo\/image\/\",\"url\":\"https:\/\/exceladvisor.org\/it\/wp-content\/uploads\/2023\/12\/exceladvisor.org_.png\",\"contentUrl\":\"https:\/\/exceladvisor.org\/it\/wp-content\/uploads\/2023\/12\/exceladvisor.org_.png\",\"width\":105,\"height\":36,\"caption\":\"Excel Advisor\"},\"image\":{\"@id\":\"https:\/\/exceladvisor.org\/it\/#\/schema\/logo\/image\/\"}}]}<\/script>\n<!-- \/ Yoast SEO plugin. -->","yoast_head_json":{"title":"Come sostituire pi\u00f9 valori (nidificati) in Excel?","description":"Questo tutorial ti insegner\u00e0 come scrivere una formula Excel per sostituire pi\u00f9 valori da una stringa. Controlliamo questo...","robots":{"index":"index","follow":"follow","max-snippet":"max-snippet:-1","max-image-preview":"max-image-preview:large","max-video-preview":"max-video-preview:-1"},"canonical":"https:\/\/exceladvisor.org\/it\/sostituire-piu-valori\/","og_locale":"it_IT","og_type":"article","og_title":"Come sostituire pi\u00f9 valori (nidificati) in Excel?","og_description":"Questo tutorial ti insegner\u00e0 come scrivere una formula Excel per sostituire pi\u00f9 valori da una stringa. Controlliamo questo...","og_url":"https:\/\/exceladvisor.org\/it\/sostituire-piu-valori\/","og_site_name":"Excel Advisor","article_modified_time":"2023-12-10T06:25:50+00:00","og_image":[{"url":"https:\/\/exceladvisor.org\/wp-content\/uploads\/2023\/08\/1-remplacer-plusieurs-valeurs.png","type":"","width":"","height":""}],"twitter_card":"summary_large_image","twitter_misc":{"Tempo di lettura stimato":"1 minuto"},"schema":{"@context":"https:\/\/schema.org","@graph":[{"@type":"WebPage","@id":"https:\/\/exceladvisor.org\/it\/sostituire-piu-valori\/","url":"https:\/\/exceladvisor.org\/it\/sostituire-piu-valori\/","name":"Come sostituire pi\u00f9 valori (nidificati) in Excel?","isPartOf":{"@id":"https:\/\/exceladvisor.org\/it\/#website"},"primaryImageOfPage":{"@id":"https:\/\/exceladvisor.org\/it\/sostituire-piu-valori\/#primaryimage"},"image":{"@id":"https:\/\/exceladvisor.org\/it\/sostituire-piu-valori\/#primaryimage"},"thumbnailUrl":"https:\/\/exceladvisor.org\/wp-content\/uploads\/2023\/08\/1-remplacer-plusieurs-valeurs.png","datePublished":"2023-10-23T06:04:06+00:00","dateModified":"2023-12-10T06:25:50+00:00","description":"Questo tutorial ti insegner\u00e0 come scrivere una formula Excel per sostituire pi\u00f9 valori da una stringa. Controlliamo questo...","breadcrumb":{"@id":"https:\/\/exceladvisor.org\/it\/sostituire-piu-valori\/#breadcrumb"},"inLanguage":"it-IT","potentialAction":[{"@type":"ReadAction","target":["https:\/\/exceladvisor.org\/it\/sostituire-piu-valori\/"]}]},{"@type":"ImageObject","inLanguage":"it-IT","@id":"https:\/\/exceladvisor.org\/it\/sostituire-piu-valori\/#primaryimage","url":"https:\/\/exceladvisor.org\/wp-content\/uploads\/2023\/08\/1-remplacer-plusieurs-valeurs.png","contentUrl":"https:\/\/exceladvisor.org\/wp-content\/uploads\/2023\/08\/1-remplacer-plusieurs-valeurs.png"},{"@type":"BreadcrumbList","@id":"https:\/\/exceladvisor.org\/it\/sostituire-piu-valori\/#breadcrumb","itemListElement":[{"@type":"ListItem","position":1,"name":"Home","item":"https:\/\/exceladvisor.org\/it\/"},{"@type":"ListItem","position":2,"name":"Come sostituire pi\u00f9 valori (nidificati) in excel?"}]},{"@type":"WebSite","@id":"https:\/\/exceladvisor.org\/it\/#website","url":"https:\/\/exceladvisor.org\/it\/","name":"Excel Advisor","description":"Tips, Tricks, and Time-Saving Hacks","publisher":{"@id":"https:\/\/exceladvisor.org\/it\/#organization"},"potentialAction":[{"@type":"SearchAction","target":{"@type":"EntryPoint","urlTemplate":"https:\/\/exceladvisor.org\/it\/?s={search_term_string}"},"query-input":{"@type":"PropertyValueSpecification","valueRequired":true,"valueName":"search_term_string"}}],"inLanguage":"it-IT"},{"@type":"Organization","@id":"https:\/\/exceladvisor.org\/it\/#organization","name":"Excel Advisor","url":"https:\/\/exceladvisor.org\/it\/","logo":{"@type":"ImageObject","inLanguage":"it-IT","@id":"https:\/\/exceladvisor.org\/it\/#\/schema\/logo\/image\/","url":"https:\/\/exceladvisor.org\/it\/wp-content\/uploads\/2023\/12\/exceladvisor.org_.png","contentUrl":"https:\/\/exceladvisor.org\/it\/wp-content\/uploads\/2023\/12\/exceladvisor.org_.png","width":105,"height":36,"caption":"Excel Advisor"},"image":{"@id":"https:\/\/exceladvisor.org\/it\/#\/schema\/logo\/image\/"}}]}},"yoast_meta":{"yoast_wpseo_title":"","yoast_wpseo_metadesc":"","yoast_wpseo_canonical":""},"_links":{"self":[{"href":"https:\/\/exceladvisor.org\/it\/wp-json\/wp\/v2\/pages\/2041","targetHints":{"allow":["GET"]}}],"collection":[{"href":"https:\/\/exceladvisor.org\/it\/wp-json\/wp\/v2\/pages"}],"about":[{"href":"https:\/\/exceladvisor.org\/it\/wp-json\/wp\/v2\/types\/page"}],"author":[{"embeddable":true,"href":"https:\/\/exceladvisor.org\/it\/wp-json\/wp\/v2\/users\/1"}],"replies":[{"embeddable":true,"href":"https:\/\/exceladvisor.org\/it\/wp-json\/wp\/v2\/comments?post=2041"}],"version-history":[{"count":1,"href":"https:\/\/exceladvisor.org\/it\/wp-json\/wp\/v2\/pages\/2041\/revisions"}],"predecessor-version":[{"id":2720,"href":"https:\/\/exceladvisor.org\/it\/wp-json\/wp\/v2\/pages\/2041\/revisions\/2720"}],"wp:attachment":[{"href":"https:\/\/exceladvisor.org\/it\/wp-json\/wp\/v2\/media?parent=2041"}],"curies":[{"name":"wp","href":"https:\/\/api.w.org\/{rel}","templated":true}]}}