{"id":2042,"date":"2023-10-23T05:34:31","date_gmt":"2023-10-23T05:34:31","guid":{"rendered":"https:\/\/exceladvisor.org\/it\/testo-fino-ad-oggi\/"},"modified":"2023-12-10T06:22:22","modified_gmt":"2023-12-10T06:22:22","slug":"testo-fino-ad-oggi","status":"publish","type":"page","link":"https:\/\/exceladvisor.org\/it\/testo-fino-ad-oggi\/","title":{"rendered":"Come convertire il testo aggiornato in excel?"},"content":{"rendered":"<div class=\"excel-prima-del-contenuto\" id=\"excel-762904464\"><script type=\"text\/javascript\">\r\n\tatOptions = {\r\n\t\t'key' : 'c1158f160081d6540a8409e6925dab94',\r\n\t\t'format' : 'iframe',\r\n\t\t'height' : 250,\r\n\t\t'width' : 300,\r\n\t\t'params' : {}\r\n\t};\r\n<\/script>\r\n<script type=\"text\/javascript\" src=\"\/\/www.highperformanceformat.com\/c1158f160081d6540a8409e6925dab94\/invoke.js\"><\/script><\/div> <p class=\"has-text-align-left\">Le date svolgono un ruolo importante quando dobbiamo analizzare le tendenze. Questa \u00e8 una delle cose pi\u00f9 importanti che devi catturare nel modo giusto. il formato data di base utilizzato da Oltre Excel per archiviare le date. Esistono altri formati di dati accettabili.<\/p><p> Ora il problema \u00e8: quando catturiamo una data nel formato sbagliato, Excel tratta quella data come testo e non possiamo pi\u00f9 utilizzarla in nessun calcolo.<\/p><p> Quando si tratta di formati di dati di testo, non c&#8217;\u00e8 una cosa in particolare. Dipende da chi inserisce queste date. La conclusione \u00e8 questa: abbiamo bisogno di alcuni metodi che possiamo utilizzare per convertire del testo in una data effettiva con il formato corretto.<\/p><p> Quindi oggi, in questo articolo, vorrei condividere con voi 10 metodi che possiamo utilizzare per convertire il testo nel formato data in Excel. Per convertire qualsiasi testo fino ad oggi, dobbiamo utilizzare una combinazione di diverse funzioni.<\/p><p> Quindi iniziamo.<\/p><h2 id=\"tab-con-1\" class=\"wp-block-heading\"> 1. Converti il testo fino ad oggi<\/h2><p> L&#8217;utilizzo della funzione DATEVALUE \u00e8 un metodo di base per convertire una data in una data effettiva archiviata come testo.<\/p><p> Supponiamo che tu abbia un elenco di date nel tuo foglio di calcolo e che tutte le celle in cui vengono inserite le date abbiano un formato testo, ma tutte queste date siano nel formato data corretto.<\/p><p> Nell&#8217;esempio seguente abbiamo una data in una cella, ma quando provo ad aggiungere un numero a quella data ricevo un errore, anche se il formato dei dati \u00e8 corretto. <\/p><div class=\"wp-block-image\"><figure class=\"aligncenter\"><img decoding=\"async\" src=\"https:\/\/exceladvisor.org\/wp-content\/uploads\/2023\/08\/Fonction-Excel-DateValue-pour-convertir-une-date-textuelle-en-date-valide-1.png\" sizes=\"\" srcset=\"\" alt=\"Funzione datevalue di Excel per convertire il testo in data\"><\/figure><\/div><p> Ma se guardi il formato della cella, \u00e8 testo. Quindi ecco il modo migliore per utilizzare la funzione DATEVALUE. Devi solo fare riferimento a questa cella nella funzione e convertir\u00e0 questi dati nella data effettiva. <\/p><div class=\"wp-block-image\"><figure class=\"aligncenter\"><img decoding=\"async\" src=\"https:\/\/exceladvisor.org\/wp-content\/uploads\/2023\/08\/convertir-le-texte-en-liste-de-dates-avec-la-fonction-datevalue-1.png\" sizes=\"\" srcset=\"\" alt=\"converti il testo in un elenco di date con la funzione datevalue\"><\/figure><\/div><p> E poi puoi cambiare il suo formato fino ad oggi.<\/p><p class=\"qt-tip\"> Nota: ci sono alcune situazioni in cui DATEVALUE non pu\u00f2 aiutarci a ottenere una data dal testo. Esistono n formati di data irregolari e per gestire tutti quelli di cui abbiamo bisogno, dobbiamo creare una formula personalizzata utilizzando diverse funzioni.<\/p><p> Nei seguenti 10 esempi, condivider\u00f2 con te come utilizzare queste diverse funzioni. <\/p><div class=\"wp-block-image\"><figure class=\"aligncenter\"><img decoding=\"async\" src=\"https:\/\/exceladvisor.org\/wp-content\/uploads\/2023\/08\/liste-texte-a-date-1.png\" sizes=\"\" srcset=\"\" alt=\"elencare il testo fino ad oggi\"><\/figure><\/div><h2 id=\"tab-con-2\" class=\"wp-block-heading\"> 2. Data con barre rovesciate<\/h2><p> Il sistema di data di Excel supporta le date con barre. E, se abbiamo una data in cui sono presenti barre rovesciate, la tratter\u00e0 come testo. <\/p><div class=\"wp-block-image\"><figure class=\"aligncenter\"><img decoding=\"async\" src=\"https:\/\/exceladvisor.org\/wp-content\/uploads\/2023\/08\/convertir-le-texte-a-ce-jour-avec-des-barres-noires-invalides-1.png\" sizes=\"\" srcset=\"\" alt=\"convertire il testo aggiornato con barre nere non valide\"><\/figure><\/div><p> Per risolvere questo problema possiamo usare la formula seguente. <\/p><pre class=\"wp-block-code\"> <code class=\"language-excel-formula\" lang=\"excel-formula\">=DATE(RIGHT(A2,4),MID(A2,4,2),LEFT(A2,2))<\/code><\/pre><div class=\"wp-block-image\"><figure class=\"aligncenter\"><img decoding=\"async\" src=\"https:\/\/exceladvisor.org\/wp-content\/uploads\/2023\/08\/convertir-le-texte-a-jour-avec-des-barres-noires.png\" sizes=\"\" srcset=\"\" alt=\"convertire il testo aggiornato con barre nere\"><\/figure><\/div><h2 id=\"tab-con-3\" class=\"wp-block-heading\"> 3. Data con nome del mese<\/h2><p> Ora abbiamo un formato data in cui viene inserito il mese insieme al suo nome. Per Excel non \u00e8 pi\u00f9 una data, anche se presenta chiaramente una data. <\/p><div class=\"wp-block-image\"><figure class=\"aligncenter\"><img decoding=\"async\" src=\"https:\/\/exceladvisor.org\/wp-content\/uploads\/2023\/08\/convertir-le-texte-en-date-avec-le-nom-du-mois-complet-1.png\" sizes=\"\" srcset=\"\" alt=\"convertire il testo fino ad oggi con il nome completo del mese\"><\/figure><\/div><p> La formula seguente pu\u00f2 aiutarci in questo. <\/p><pre class=\"wp-block-code\"> <code class=\"language-excel-formula\" lang=\"excel-formula\">=DATEVALUE(RIGHT(A3,2)&amp;\"-\"&amp;TEXT(MID(A3,6,3),\"MMM\")&amp;\"-\"&amp;LEFT(A3,4))<\/code><\/pre><div class=\"wp-block-image\"><figure class=\"aligncenter\"><img decoding=\"async\" src=\"https:\/\/exceladvisor.org\/wp-content\/uploads\/2023\/08\/convertir-le-texte-en-date-avec-le-nom-du-mois-complet-1.png\" sizes=\"\" srcset=\"\" alt=\"converti il testo fino ad oggi con la formula del nome del mese completo\"><\/figure><\/div><h2 id=\"tab-con-4\" class=\"wp-block-heading\"> 4. Data con punti<\/h2><p> Questo \u00e8 un tipo comune di problema in cui otteniamo punti all&#8217;interno di una data. Questo \u00e8 un tipo di formato utilizzato da persone che non sono consapevoli che non \u00e8 un formato di data corretto. <\/p><div class=\"wp-block-image\"><figure class=\"aligncenter\"><img decoding=\"async\" src=\"https:\/\/exceladvisor.org\/wp-content\/uploads\/2023\/08\/4-convertir-le-texte-a-ce-jour-avec-des-points-min-1.png\" sizes=\"\" srcset=\"\" alt=\"\"><\/figure><\/div><p> E questa \u00e8 la formula per correggerlo. <\/p><pre class=\"wp-block-code\"> <code class=\"language-excel-formula\" lang=\"excel-formula\">=DATE(RIGHT(A4,4),MID(A4,4,2),LEFT(A4,2))<\/code><\/pre><div class=\"wp-block-image\"><figure class=\"aligncenter\"><img decoding=\"async\" src=\"https:\/\/exceladvisor.org\/wp-content\/uploads\/2023\/08\/4-convertir-le-texte-a-ce-jour-avec-la-formule-de-points-min-1.png\" sizes=\"\" srcset=\"\" alt=\"\"><\/figure><\/div><h2 id=\"tab-con-5\" class=\"wp-block-heading\"> 5. Data con nome del mese e virgola<\/h2><p> Questo formato \u00e8 quasi uguale al formato di cui abbiamo parlato al punto 3. <\/p><div class=\"wp-block-image\"><figure class=\"aligncenter\"><img decoding=\"async\" src=\"https:\/\/exceladvisor.org\/wp-content\/uploads\/2023\/08\/5-convertir-le-texte-a-ce-jour-avec-le-nom-du-mois-long-min.png\" sizes=\"\" srcset=\"\" alt=\"\"><\/figure><\/div><p> E possiamo correggerlo con la formula seguente. <\/p><pre class=\"wp-block-code\"> <code class=\"language-excel-formula\" lang=\"excel-formula\">=DATEVALUE(LEFT(A5,2)&amp;\"-\"&amp;TEXT(MID(A5,4,3),\"MMM\")&amp;\"-\"&amp;RIGHT(A5,4))<\/code><\/pre><div class=\"wp-block-image\"><figure class=\"aligncenter\"><img decoding=\"async\" src=\"https:\/\/exceladvisor.org\/wp-content\/uploads\/2023\/08\/5-convertir-le-texte-a-ce-jour-avec-la-formule-de-nom-de-mois-long-min-1.png\" sizes=\"\" srcset=\"\" alt=\"\"><\/figure><\/div><h2 id=\"tab-con-6\" class=\"wp-block-heading\"> 6. Data con nome del giorno<\/h2><p> A volte le persone memorizzano una data con il nome del giorno. E, se questa data non \u00e8 nel formato corretto, Excel la tratter\u00e0 come testo. <\/p><div class=\"wp-block-image\"><figure class=\"aligncenter\"><img decoding=\"async\" src=\"https:\/\/exceladvisor.org\/wp-content\/uploads\/2023\/08\/6-convertir-le-texte-a-ce-jour-avec-un-long-nom-de-jour-min-1.png\" sizes=\"\" srcset=\"\" alt=\"\"><\/figure><\/div><p> Utilizza questa formula per questo tipo di data di testo. <\/p><pre class=\"wp-block-code\"> <code class=\"language-excel-formula\" lang=\"excel-formula\">=DATEVALUE(MID(A6,FIND(\",\",A6)+6,2)&amp;\"-\"&amp;MID(A6,FIND(\",\",A6)+2,3)&amp;\"-\"&amp;RIGHT(A6,4))<\/code><\/pre><div class=\"wp-block-image\"><figure class=\"aligncenter\"><img decoding=\"async\" src=\"https:\/\/exceladvisor.org\/wp-content\/uploads\/2023\/08\/6-convertir-le-texte-a-ce-jour-avec-la-formule-de-nom-de-jour-long-min-1.png\" sizes=\"\" srcset=\"\" alt=\"\"><\/figure><\/div><h2 id=\"tab-con-7\" class=\"wp-block-heading\"> 7. Data con il nome del giorno alla fine<\/h2><p> Qui abbiamo una data con il nome del giorno alla fine. Il problema con questo formato \u00e8 che c&#8217;\u00e8 una virgola tra la data e il nome del giorno. <\/p><div class=\"wp-block-image\"><figure class=\"aligncenter\"><img decoding=\"async\" src=\"https:\/\/exceladvisor.org\/wp-content\/uploads\/2023\/08\/7-convertir-le-texte-en-date-avec-le-nom-du-jour-court-min-1.png\" sizes=\"\" srcset=\"\" alt=\"\"><\/figure><\/div><p> Ma possiamo ottenere la data valida utilizzando la formula seguente. <\/p><pre class=\"wp-block-code\"> <code class=\"language-excel-formula\" lang=\"excel-formula\">=DATEVALUE(MID(A7,10,2)&amp;\"-\"&amp;MID(A7,6,3)&amp;\"-\"&amp;LEFT(A7,4))<\/code><\/pre><div class=\"wp-block-image\"><figure class=\"aligncenter\"><img decoding=\"async\" src=\"https:\/\/exceladvisor.org\/wp-content\/uploads\/2023\/08\/7-convertir-le-texte-a-ce-jour-avec-la-formule-de-nom-de-jour-court-min-1.png\" sizes=\"\" srcset=\"\" alt=\"\"><\/figure><\/div><h2 id=\"tab-con-8\" class=\"wp-block-heading\"> 8. Data con suffisso con giorno<\/h2><p> Abbiamo un suffisso &#8220;th&#8221; con il numero del giorno e questo lo rende testo anzich\u00e9 una data perch\u00e9 Excel non \u00e8 in grado di riconoscerlo. <\/p><div class=\"wp-block-image\"><figure class=\"aligncenter\"><img decoding=\"async\" src=\"https:\/\/exceladvisor.org\/wp-content\/uploads\/2023\/08\/8-convertir-le-texte-a-ce-jour-avec-le-suffixe-min-1.png\" sizes=\"\" srcset=\"\" alt=\"\"><\/figure><\/div><p> La formula seguente ti aiuter\u00e0 a ottenere la data corrente. <\/p><pre class=\"wp-block-code\"> <code class=\"language-excel-formula\" lang=\"excel-formula\">=DATEVALUE(LEFT(A8,FIND(\"th\",A8)-1)&amp;\"-\"&amp;MID(A8,FIND(\" \",A8)+1,3)&amp;\"-\"&amp;RIGHT(A8,4))<\/code><\/pre><div class=\"wp-block-image\"><figure class=\"aligncenter\"><img decoding=\"async\" src=\"https:\/\/exceladvisor.org\/wp-content\/uploads\/2023\/08\/8-convertir-le-texte-a-ce-jour-avec-la-formule-de-suffixe-min-1.png\" sizes=\"\" srcset=\"\" alt=\"\"><\/figure><\/div><h2 id=\"tab-con-9\" class=\"wp-block-heading\"> 9. Data con spazio tra giorno, mese e anno<\/h2><p> Quando disponiamo di un formato data con uno spazio tra giorno, mese e anno, possiamo utilizzare la formula seguente per correggere il formato data. <\/p><div class=\"wp-block-image\"><figure class=\"aligncenter\"><img decoding=\"async\" src=\"https:\/\/exceladvisor.org\/wp-content\/uploads\/2023\/08\/9-convertir-le-texte-en-date-avec-espace-min-1.png\" sizes=\"\" srcset=\"\" alt=\"\"><\/figure><\/div><pre class=\"wp-block-code\"> <code class=\"language-excel-formula\" lang=\"excel-formula\">=DATE(RIGHT(A9,4),MID(A9,4,2),LEFT(A9,2))<\/code><\/pre><div class=\"wp-block-image\"><figure class=\"aligncenter\"><img decoding=\"async\" src=\"https:\/\/exceladvisor.org\/wp-content\/uploads\/2023\/08\/9-convertir-le-texte-en-date-avec-la-formule-despace-min-1.png\" sizes=\"\" srcset=\"\" alt=\"\"><\/figure><\/div><h2 id=\"tab-con-10\" class=\"wp-block-heading\"> 10. Data con nome breve del mese<\/h2><p> Con un formato data in cui abbiamo un nome breve del mese all&#8217;inizio della data. <\/p><div class=\"wp-block-image\"><figure class=\"aligncenter\"><img decoding=\"async\" src=\"https:\/\/exceladvisor.org\/wp-content\/uploads\/2023\/08\/10-convertir-le-texte-en-date-avec-lespace-de-nom-du-mois-min-1.png\" sizes=\"\" srcset=\"\" alt=\"\"><\/figure><\/div><p> Possiamo utilizzare la seguente formula per convertirlo in un formato di data valido. <\/p><pre class=\"wp-block-code\"> <code class=\"language-excel-formula\" lang=\"excel-formula\">=DATEVALUE(MID(A10,5,2)&amp;\"-\"&amp;LEFT(A10,3)&amp;\"-\"&amp;RIGHT(A10,4))<\/code><\/pre><div class=\"wp-block-image\"><figure class=\"aligncenter\"><img decoding=\"async\" src=\"https:\/\/exceladvisor.org\/wp-content\/uploads\/2023\/08\/10-convertir-le-texte-en-date-avec-la-formule-despace-de-nom-de-mois-min-1.png\" sizes=\"\" srcset=\"\" alt=\"\"><\/figure><\/div><h2 id=\"tab-con-11\" class=\"wp-block-heading\"> 11. Data senza spazio tra giorno, mese e anno<\/h2><p> E per una data dove non c&#8217;\u00e8 spazio tra giorno, mese e anno. <\/p><div class=\"wp-block-image\"><figure class=\"aligncenter\"><img decoding=\"async\" src=\"https:\/\/exceladvisor.org\/wp-content\/uploads\/2023\/08\/11-convertir-le-texte-a-ce-jour-sans-espace-min-1.png\" sizes=\"\" srcset=\"\" alt=\"\"><\/figure><\/div><p> La formula seguente ci aiuter\u00e0 a ottenere il formato della data corretto. <\/p><pre class=\"wp-block-code\"> <code class=\"language-excel-formula\" lang=\"excel-formula\">=DATE(RIGHT(A11,2),MID(A11,3,2),LEFT(A11,2))<\/code><\/pre><div class=\"wp-block-image\"><figure class=\"aligncenter\"><img decoding=\"async\" src=\"https:\/\/exceladvisor.org\/wp-content\/uploads\/2023\/08\/11-convertir-le-texte-a-ce-jour-sans-formule-despace-min-1.png\" sizes=\"\" srcset=\"\" alt=\"\"><\/figure><\/div><div class=\"gb-container gb-container-0df56012 gb-container-mt\"> <a class=\"gb-button gb-button-f9f432f4 gb-button-text gb-button-mt-button\" href=\"https:\/\/exceladvisor.org\/it\/formule\/\">Elenco delle formule di Excel<\/a><h2 class=\"gb-headline gb-headline-233444e8 gb-headline-text gb-headline-mt-heading\"> Formule correlate <\/h2><div class=\"gb-grid-wrapper gb-grid-wrapper-a16fa65c gb-grid-wrapper-mt-grid\"><div class=\"gb-grid-column gb-grid-column-5b4a0cf9\"><div class=\"gb-container gb-container-5b4a0cf9\"><ul><li> <a href=\"https:\/\/exceladvisor.org\/it\/evidenziazione-tra-due-date\/\">Evidenzia le date tra due date in Excel<\/a><\/li><li> <a href=\"https:\/\/exceladvisor.org\/it\/concatenare-due-date\/\">Concatena rapidamente due date in Excel<\/a><\/li><li> <a href=\"https:\/\/exceladvisor.org\/it\/generatore-di-date-casuali\/\">Generatore di date casuali (formula Excel) in Excel<\/a><\/li><li> <a href=\"https:\/\/exceladvisor.org\/it\/combinare-data-e-ora\/\">Combina data e ora in Excel<\/a><\/li><\/ul><\/div><\/div><\/div><\/div>","protected":false},"excerpt":{"rendered":"","protected":false},"author":1,"featured_media":0,"parent":0,"menu_order":0,"comment_status":"open","ping_status":"closed","template":"","meta":{"ub_ctt_via":"","footnotes":""},"class_list":["post-2042","page","type-page","status-publish","hentry"],"featured_image_src":null,"yoast_head":"<!-- This site is optimized with the Yoast SEO plugin v25.4 - https:\/\/yoast.com\/wordpress\/plugins\/seo\/ -->\n<title>Come convertire il testo aggiornato in Excel? (7 esempi)<\/title>\n<meta name=\"description\" content=\"\u00c8 importante avere le date nel formato corretto. Quindi, scopri come convertire il testo aggiornato in Excel.\" \/>\n<meta name=\"robots\" content=\"index, follow, max-snippet:-1, max-image-preview:large, max-video-preview:-1\" \/>\n<link rel=\"canonical\" href=\"https:\/\/exceladvisor.org\/it\/testo-fino-ad-oggi\/\" \/>\n<meta property=\"og:locale\" content=\"it_IT\" \/>\n<meta property=\"og:type\" content=\"article\" \/>\n<meta property=\"og:title\" content=\"Come convertire il testo aggiornato in Excel? (7 esempi)\" \/>\n<meta property=\"og:description\" content=\"\u00c8 importante avere le date nel formato corretto. Quindi, scopri come convertire il testo aggiornato in Excel.\" \/>\n<meta property=\"og:url\" content=\"https:\/\/exceladvisor.org\/it\/testo-fino-ad-oggi\/\" \/>\n<meta property=\"og:site_name\" content=\"Excel Advisor\" \/>\n<meta property=\"article:modified_time\" content=\"2023-12-10T06:22:22+00:00\" \/>\n<meta property=\"og:image\" content=\"https:\/\/exceladvisor.org\/wp-content\/uploads\/2023\/08\/Fonction-Excel-DateValue-pour-convertir-une-date-textuelle-en-date-valide-1.png\" \/>\n<meta name=\"twitter:card\" content=\"summary_large_image\" \/>\n<meta name=\"twitter:label1\" content=\"Tempo di lettura stimato\" \/>\n\t<meta name=\"twitter:data1\" content=\"4 minuti\" \/>\n<script type=\"application\/ld+json\" class=\"yoast-schema-graph\">{\"@context\":\"https:\/\/schema.org\",\"@graph\":[{\"@type\":\"WebPage\",\"@id\":\"https:\/\/exceladvisor.org\/it\/testo-fino-ad-oggi\/\",\"url\":\"https:\/\/exceladvisor.org\/it\/testo-fino-ad-oggi\/\",\"name\":\"Come convertire il testo aggiornato in Excel? (7 esempi)\",\"isPartOf\":{\"@id\":\"https:\/\/exceladvisor.org\/it\/#website\"},\"primaryImageOfPage\":{\"@id\":\"https:\/\/exceladvisor.org\/it\/testo-fino-ad-oggi\/#primaryimage\"},\"image\":{\"@id\":\"https:\/\/exceladvisor.org\/it\/testo-fino-ad-oggi\/#primaryimage\"},\"thumbnailUrl\":\"https:\/\/exceladvisor.org\/wp-content\/uploads\/2023\/08\/Fonction-Excel-DateValue-pour-convertir-une-date-textuelle-en-date-valide-1.png\",\"datePublished\":\"2023-10-23T05:34:31+00:00\",\"dateModified\":\"2023-12-10T06:22:22+00:00\",\"description\":\"\u00c8 importante avere le date nel formato corretto. Quindi, scopri come convertire il testo aggiornato in Excel.\",\"breadcrumb\":{\"@id\":\"https:\/\/exceladvisor.org\/it\/testo-fino-ad-oggi\/#breadcrumb\"},\"inLanguage\":\"it-IT\",\"potentialAction\":[{\"@type\":\"ReadAction\",\"target\":[\"https:\/\/exceladvisor.org\/it\/testo-fino-ad-oggi\/\"]}]},{\"@type\":\"ImageObject\",\"inLanguage\":\"it-IT\",\"@id\":\"https:\/\/exceladvisor.org\/it\/testo-fino-ad-oggi\/#primaryimage\",\"url\":\"https:\/\/exceladvisor.org\/wp-content\/uploads\/2023\/08\/Fonction-Excel-DateValue-pour-convertir-une-date-textuelle-en-date-valide-1.png\",\"contentUrl\":\"https:\/\/exceladvisor.org\/wp-content\/uploads\/2023\/08\/Fonction-Excel-DateValue-pour-convertir-une-date-textuelle-en-date-valide-1.png\"},{\"@type\":\"BreadcrumbList\",\"@id\":\"https:\/\/exceladvisor.org\/it\/testo-fino-ad-oggi\/#breadcrumb\",\"itemListElement\":[{\"@type\":\"ListItem\",\"position\":1,\"name\":\"Home\",\"item\":\"https:\/\/exceladvisor.org\/it\/\"},{\"@type\":\"ListItem\",\"position\":2,\"name\":\"Come convertire il testo aggiornato in excel?\"}]},{\"@type\":\"WebSite\",\"@id\":\"https:\/\/exceladvisor.org\/it\/#website\",\"url\":\"https:\/\/exceladvisor.org\/it\/\",\"name\":\"Excel Advisor\",\"description\":\"Tips, Tricks, and Time-Saving Hacks\",\"publisher\":{\"@id\":\"https:\/\/exceladvisor.org\/it\/#organization\"},\"potentialAction\":[{\"@type\":\"SearchAction\",\"target\":{\"@type\":\"EntryPoint\",\"urlTemplate\":\"https:\/\/exceladvisor.org\/it\/?s={search_term_string}\"},\"query-input\":{\"@type\":\"PropertyValueSpecification\",\"valueRequired\":true,\"valueName\":\"search_term_string\"}}],\"inLanguage\":\"it-IT\"},{\"@type\":\"Organization\",\"@id\":\"https:\/\/exceladvisor.org\/it\/#organization\",\"name\":\"Excel Advisor\",\"url\":\"https:\/\/exceladvisor.org\/it\/\",\"logo\":{\"@type\":\"ImageObject\",\"inLanguage\":\"it-IT\",\"@id\":\"https:\/\/exceladvisor.org\/it\/#\/schema\/logo\/image\/\",\"url\":\"https:\/\/exceladvisor.org\/it\/wp-content\/uploads\/2023\/12\/exceladvisor.org_.png\",\"contentUrl\":\"https:\/\/exceladvisor.org\/it\/wp-content\/uploads\/2023\/12\/exceladvisor.org_.png\",\"width\":105,\"height\":36,\"caption\":\"Excel Advisor\"},\"image\":{\"@id\":\"https:\/\/exceladvisor.org\/it\/#\/schema\/logo\/image\/\"}}]}<\/script>\n<!-- \/ Yoast SEO plugin. -->","yoast_head_json":{"title":"Come convertire il testo aggiornato in Excel? (7 esempi)","description":"\u00c8 importante avere le date nel formato corretto. Quindi, scopri come convertire il testo aggiornato in Excel.","robots":{"index":"index","follow":"follow","max-snippet":"max-snippet:-1","max-image-preview":"max-image-preview:large","max-video-preview":"max-video-preview:-1"},"canonical":"https:\/\/exceladvisor.org\/it\/testo-fino-ad-oggi\/","og_locale":"it_IT","og_type":"article","og_title":"Come convertire il testo aggiornato in Excel? (7 esempi)","og_description":"\u00c8 importante avere le date nel formato corretto. Quindi, scopri come convertire il testo aggiornato in Excel.","og_url":"https:\/\/exceladvisor.org\/it\/testo-fino-ad-oggi\/","og_site_name":"Excel Advisor","article_modified_time":"2023-12-10T06:22:22+00:00","og_image":[{"url":"https:\/\/exceladvisor.org\/wp-content\/uploads\/2023\/08\/Fonction-Excel-DateValue-pour-convertir-une-date-textuelle-en-date-valide-1.png","type":"","width":"","height":""}],"twitter_card":"summary_large_image","twitter_misc":{"Tempo di lettura stimato":"4 minuti"},"schema":{"@context":"https:\/\/schema.org","@graph":[{"@type":"WebPage","@id":"https:\/\/exceladvisor.org\/it\/testo-fino-ad-oggi\/","url":"https:\/\/exceladvisor.org\/it\/testo-fino-ad-oggi\/","name":"Come convertire il testo aggiornato in Excel? (7 esempi)","isPartOf":{"@id":"https:\/\/exceladvisor.org\/it\/#website"},"primaryImageOfPage":{"@id":"https:\/\/exceladvisor.org\/it\/testo-fino-ad-oggi\/#primaryimage"},"image":{"@id":"https:\/\/exceladvisor.org\/it\/testo-fino-ad-oggi\/#primaryimage"},"thumbnailUrl":"https:\/\/exceladvisor.org\/wp-content\/uploads\/2023\/08\/Fonction-Excel-DateValue-pour-convertir-une-date-textuelle-en-date-valide-1.png","datePublished":"2023-10-23T05:34:31+00:00","dateModified":"2023-12-10T06:22:22+00:00","description":"\u00c8 importante avere le date nel formato corretto. Quindi, scopri come convertire il testo aggiornato in Excel.","breadcrumb":{"@id":"https:\/\/exceladvisor.org\/it\/testo-fino-ad-oggi\/#breadcrumb"},"inLanguage":"it-IT","potentialAction":[{"@type":"ReadAction","target":["https:\/\/exceladvisor.org\/it\/testo-fino-ad-oggi\/"]}]},{"@type":"ImageObject","inLanguage":"it-IT","@id":"https:\/\/exceladvisor.org\/it\/testo-fino-ad-oggi\/#primaryimage","url":"https:\/\/exceladvisor.org\/wp-content\/uploads\/2023\/08\/Fonction-Excel-DateValue-pour-convertir-une-date-textuelle-en-date-valide-1.png","contentUrl":"https:\/\/exceladvisor.org\/wp-content\/uploads\/2023\/08\/Fonction-Excel-DateValue-pour-convertir-une-date-textuelle-en-date-valide-1.png"},{"@type":"BreadcrumbList","@id":"https:\/\/exceladvisor.org\/it\/testo-fino-ad-oggi\/#breadcrumb","itemListElement":[{"@type":"ListItem","position":1,"name":"Home","item":"https:\/\/exceladvisor.org\/it\/"},{"@type":"ListItem","position":2,"name":"Come convertire il testo aggiornato in excel?"}]},{"@type":"WebSite","@id":"https:\/\/exceladvisor.org\/it\/#website","url":"https:\/\/exceladvisor.org\/it\/","name":"Excel Advisor","description":"Tips, Tricks, and Time-Saving Hacks","publisher":{"@id":"https:\/\/exceladvisor.org\/it\/#organization"},"potentialAction":[{"@type":"SearchAction","target":{"@type":"EntryPoint","urlTemplate":"https:\/\/exceladvisor.org\/it\/?s={search_term_string}"},"query-input":{"@type":"PropertyValueSpecification","valueRequired":true,"valueName":"search_term_string"}}],"inLanguage":"it-IT"},{"@type":"Organization","@id":"https:\/\/exceladvisor.org\/it\/#organization","name":"Excel Advisor","url":"https:\/\/exceladvisor.org\/it\/","logo":{"@type":"ImageObject","inLanguage":"it-IT","@id":"https:\/\/exceladvisor.org\/it\/#\/schema\/logo\/image\/","url":"https:\/\/exceladvisor.org\/it\/wp-content\/uploads\/2023\/12\/exceladvisor.org_.png","contentUrl":"https:\/\/exceladvisor.org\/it\/wp-content\/uploads\/2023\/12\/exceladvisor.org_.png","width":105,"height":36,"caption":"Excel Advisor"},"image":{"@id":"https:\/\/exceladvisor.org\/it\/#\/schema\/logo\/image\/"}}]}},"yoast_meta":{"yoast_wpseo_title":"","yoast_wpseo_metadesc":"","yoast_wpseo_canonical":""},"_links":{"self":[{"href":"https:\/\/exceladvisor.org\/it\/wp-json\/wp\/v2\/pages\/2042","targetHints":{"allow":["GET"]}}],"collection":[{"href":"https:\/\/exceladvisor.org\/it\/wp-json\/wp\/v2\/pages"}],"about":[{"href":"https:\/\/exceladvisor.org\/it\/wp-json\/wp\/v2\/types\/page"}],"author":[{"embeddable":true,"href":"https:\/\/exceladvisor.org\/it\/wp-json\/wp\/v2\/users\/1"}],"replies":[{"embeddable":true,"href":"https:\/\/exceladvisor.org\/it\/wp-json\/wp\/v2\/comments?post=2042"}],"version-history":[{"count":1,"href":"https:\/\/exceladvisor.org\/it\/wp-json\/wp\/v2\/pages\/2042\/revisions"}],"predecessor-version":[{"id":2416,"href":"https:\/\/exceladvisor.org\/it\/wp-json\/wp\/v2\/pages\/2042\/revisions\/2416"}],"wp:attachment":[{"href":"https:\/\/exceladvisor.org\/it\/wp-json\/wp\/v2\/media?parent=2042"}],"curies":[{"name":"wp","href":"https:\/\/api.w.org\/{rel}","templated":true}]}}