{"id":2043,"date":"2023-10-23T03:12:53","date_gmt":"2023-10-23T03:12:53","guid":{"rendered":"https:\/\/exceladvisor.org\/it\/se-zero-allora-vuoto\/"},"modified":"2023-12-10T06:22:15","modified_gmt":"2023-12-10T06:22:15","slug":"se-zero-allora-vuoto","status":"publish","type":"page","link":"https:\/\/exceladvisor.org\/it\/se-zero-allora-vuoto\/","title":{"rendered":"Come controllare if 0 (zero) quindi vuoto in excel?"},"content":{"rendered":"<div class=\"excel-prima-del-contenuto\" id=\"excel-2810513694\"><script type=\"text\/javascript\">\r\n\tatOptions = {\r\n\t\t'key' : 'c1158f160081d6540a8409e6925dab94',\r\n\t\t'format' : 'iframe',\r\n\t\t'height' : 250,\r\n\t\t'width' : 300,\r\n\t\t'params' : {}\r\n\t};\r\n<\/script>\r\n<script type=\"text\/javascript\" src=\"\/\/www.highperformanceformat.com\/c1158f160081d6540a8409e6925dab94\/invoke.js\"><\/script><\/div> <p>In Excel, se vuoi controllare una cella se il valore in essa contenuto \u00e8 0 (zero) e vuoi che una formula restituisca uno spazio vuoto nel risultato, puoi utilizzare la funzione SE. In SE \u00e8 necessario specificare la cella da cui si desidera verificare la presenza di 0 e quindi specificare i valori vuoti che si desidera ottenere nel risultato una volta che la condizione \u00e8 VERA.<\/p><p> Nell&#8217;esempio seguente, abbiamo un elenco di numeri nella colonna A e ora devi scrivere una condizione. <\/p><div class=\"wp-block-image\"><figure class=\"aligncenter size-full is-resized\"><img loading=\"lazy\" decoding=\"async\" class=\"wp-image-69515\" src=\"https:\/\/exceladvisor.org\/wp-content\/uploads\/2023\/08\/1-liste-de-numeros-1.png\" sizes=\"auto, \" srcset=\"\" alt=\"elenco di numeri\" width=\"342\" height=\"487\"><\/figure><\/div><h2 class=\"wp-block-heading\"> Formula per verificare SE 0 (zero) quindi vuota<\/h2><ol type=\"1\"><li> Innanzitutto, nella cella B2, inserisci la funzione SE.<\/li><li> Successivamente, nel primo argomento, specificare la condizione per verificare i valori della cella A2 (A2=0).<\/li><li> Ora nel secondo argomento specifica uno zero.<\/li><li> E nel terzo argomento, fai riferimento alla cella A2.<\/li><li> Alla fine, inserisci le parentesi di chiusura. <\/li><\/ol><div class=\"wp-block-image\"><figure class=\"aligncenter size-full is-resized\"><img loading=\"lazy\" decoding=\"async\" class=\"wp-image-69516\" src=\"https:\/\/exceladvisor.org\/wp-content\/uploads\/2023\/08\/2-si-formule-pour-trouver-zero.png\" sizes=\"auto, \" srcset=\"\" alt=\"se-formula-per-trovare-zero\" width=\"365\" height=\"480\"><\/figure><\/div><p> Ecco la formula che dovresti usare per verificare se una cella ha un valore zero e cambiarla in zero.<\/p><pre class=\"wp-block-preformatted\"> =IF(A2=0,\"\",A2)<\/pre><p> Cerchiamo ora di capire come funziona questa formula. Questa formula funziona in tre parti, nella prima parte abbiamo una condizione che controlla se la cella ha un valore o meno. <\/p><div class=\"wp-block-image\"><figure class=\"aligncenter size-full is-resized\"><img loading=\"lazy\" decoding=\"async\" class=\"wp-image-69517\" src=\"https:\/\/exceladvisor.org\/wp-content\/uploads\/2023\/08\/3-si-formule-avec-faux.png\" sizes=\"auto, \" srcset=\"\" alt=\"se-formula-con-falso\" width=\"488\" height=\"223\"><\/figure><\/div><p> Ora le due parti successive sono facoltative e funzionano a seconda del risultato della condizione.<\/p><p> Se la condizione \u00e8 VERA (ci\u00f2 significa che il valore nella cella \u00e8 0), otterrai il valore vuoto e se la condizione \u00e8 FALSA, otterrai il valore dalla cella originale. <\/p><div class=\"wp-block-image\"><figure class=\"aligncenter size-full is-resized\"><img loading=\"lazy\" decoding=\"async\" class=\"wp-image-69518\" src=\"https:\/\/exceladvisor.org\/wp-content\/uploads\/2023\/08\/4-parties-facultatives-de-la-formule-if.png\" sizes=\"auto, \" srcset=\"\" alt=\"parti-facoltative-della-formula-if\" width=\"459\" height=\"102\"><\/figure><\/div><div class=\"gb-container gb-container-0df56012 gb-container-mt\"> <a class=\"gb-button gb-button-f9f432f4 gb-button-text gb-button-mt-button\" href=\"https:\/\/exceladvisor.org\/it\/formule\/\">Elenco delle formule di Excel<\/a><h2 class=\"gb-headline gb-headline-233444e8 gb-headline-text gb-headline-mt-heading\"> Formule correlate <\/h2><div class=\"gb-grid-wrapper gb-grid-wrapper-a16fa65c gb-grid-wrapper-mt-grid\"><div class=\"gb-grid-column gb-grid-column-50d07e0d\"><div class=\"gb-container gb-container-50d07e0d\"><ul><li> <a href=\"https:\/\/exceladvisor.org\/it\/controlla-se-esiste-un-valore-in-un-intervallo\/\">Controlla se esiste un valore in un intervallo in Excel<\/a><\/li><li> <a href=\"https:\/\/exceladvisor.org\/it\/se-e-1\/\">Combina le funzioni SE e AND in Excel<\/a><\/li><li> <a href=\"https:\/\/exceladvisor.org\/it\/se-o-1\/\">Combina le funzioni SE e OR in Excel<\/a><\/li><li> <a href=\"https:\/\/exceladvisor.org\/it\/se-la-cella-e-vuota\/\">SE la cella \u00e8 vuota (vuota) utilizzando SE + ISBLANK in Excel<\/a><\/li><li> <a href=\"https:\/\/exceladvisor.org\/it\/se-negativo-allora-zero\/\">SE negativo quindi zero (0) in Excel<\/a><\/li><\/ul><\/div><\/div><\/div><\/div>","protected":false},"excerpt":{"rendered":"","protected":false},"author":1,"featured_media":0,"parent":0,"menu_order":0,"comment_status":"open","ping_status":"closed","template":"","meta":{"ub_ctt_via":"","footnotes":""},"class_list":["post-2043","page","type-page","status-publish","hentry"],"featured_image_src":null,"yoast_head":"<!-- This site is optimized with the Yoast SEO plugin v25.4 - https:\/\/yoast.com\/wordpress\/plugins\/seo\/ -->\n<title>Come controllare IF 0 (zero) quindi vuoto in Excel?<\/title>\n<meta name=\"description\" content=\"In questo tutorial controlleremo se \u00e8 presente uno 0 (zero) in una cella e quindi restituiremo uno spazio vuoto nel risultato della formula.\" \/>\n<meta name=\"robots\" content=\"index, follow, max-snippet:-1, max-image-preview:large, max-video-preview:-1\" \/>\n<link rel=\"canonical\" href=\"https:\/\/exceladvisor.org\/it\/se-zero-allora-vuoto\/\" \/>\n<meta property=\"og:locale\" content=\"it_IT\" \/>\n<meta property=\"og:type\" content=\"article\" \/>\n<meta property=\"og:title\" content=\"Come controllare IF 0 (zero) quindi vuoto in Excel?\" \/>\n<meta property=\"og:description\" content=\"In questo tutorial controlleremo se \u00e8 presente uno 0 (zero) in una cella e quindi restituiremo uno spazio vuoto nel risultato della formula.\" \/>\n<meta property=\"og:url\" content=\"https:\/\/exceladvisor.org\/it\/se-zero-allora-vuoto\/\" \/>\n<meta property=\"og:site_name\" content=\"Excel Advisor\" \/>\n<meta property=\"article:modified_time\" content=\"2023-12-10T06:22:15+00:00\" \/>\n<meta property=\"og:image\" content=\"https:\/\/exceladvisor.org\/wp-content\/uploads\/2023\/08\/1-liste-de-numeros-1.png\" \/>\n<meta name=\"twitter:card\" content=\"summary_large_image\" \/>\n<meta name=\"twitter:label1\" content=\"Tempo di lettura stimato\" \/>\n\t<meta name=\"twitter:data1\" content=\"1 minuto\" \/>\n<script type=\"application\/ld+json\" class=\"yoast-schema-graph\">{\"@context\":\"https:\/\/schema.org\",\"@graph\":[{\"@type\":\"WebPage\",\"@id\":\"https:\/\/exceladvisor.org\/it\/se-zero-allora-vuoto\/\",\"url\":\"https:\/\/exceladvisor.org\/it\/se-zero-allora-vuoto\/\",\"name\":\"Come controllare IF 0 (zero) quindi vuoto in Excel?\",\"isPartOf\":{\"@id\":\"https:\/\/exceladvisor.org\/it\/#website\"},\"primaryImageOfPage\":{\"@id\":\"https:\/\/exceladvisor.org\/it\/se-zero-allora-vuoto\/#primaryimage\"},\"image\":{\"@id\":\"https:\/\/exceladvisor.org\/it\/se-zero-allora-vuoto\/#primaryimage\"},\"thumbnailUrl\":\"https:\/\/exceladvisor.org\/wp-content\/uploads\/2023\/08\/1-liste-de-numeros-1.png\",\"datePublished\":\"2023-10-23T03:12:53+00:00\",\"dateModified\":\"2023-12-10T06:22:15+00:00\",\"description\":\"In questo tutorial controlleremo se \u00e8 presente uno 0 (zero) in una cella e quindi restituiremo uno spazio vuoto nel risultato della formula.\",\"breadcrumb\":{\"@id\":\"https:\/\/exceladvisor.org\/it\/se-zero-allora-vuoto\/#breadcrumb\"},\"inLanguage\":\"it-IT\",\"potentialAction\":[{\"@type\":\"ReadAction\",\"target\":[\"https:\/\/exceladvisor.org\/it\/se-zero-allora-vuoto\/\"]}]},{\"@type\":\"ImageObject\",\"inLanguage\":\"it-IT\",\"@id\":\"https:\/\/exceladvisor.org\/it\/se-zero-allora-vuoto\/#primaryimage\",\"url\":\"https:\/\/exceladvisor.org\/wp-content\/uploads\/2023\/08\/1-liste-de-numeros-1.png\",\"contentUrl\":\"https:\/\/exceladvisor.org\/wp-content\/uploads\/2023\/08\/1-liste-de-numeros-1.png\"},{\"@type\":\"BreadcrumbList\",\"@id\":\"https:\/\/exceladvisor.org\/it\/se-zero-allora-vuoto\/#breadcrumb\",\"itemListElement\":[{\"@type\":\"ListItem\",\"position\":1,\"name\":\"Home\",\"item\":\"https:\/\/exceladvisor.org\/it\/\"},{\"@type\":\"ListItem\",\"position\":2,\"name\":\"Come controllare if 0 (zero) quindi vuoto in excel?\"}]},{\"@type\":\"WebSite\",\"@id\":\"https:\/\/exceladvisor.org\/it\/#website\",\"url\":\"https:\/\/exceladvisor.org\/it\/\",\"name\":\"Excel Advisor\",\"description\":\"Tips, Tricks, and Time-Saving Hacks\",\"publisher\":{\"@id\":\"https:\/\/exceladvisor.org\/it\/#organization\"},\"potentialAction\":[{\"@type\":\"SearchAction\",\"target\":{\"@type\":\"EntryPoint\",\"urlTemplate\":\"https:\/\/exceladvisor.org\/it\/?s={search_term_string}\"},\"query-input\":{\"@type\":\"PropertyValueSpecification\",\"valueRequired\":true,\"valueName\":\"search_term_string\"}}],\"inLanguage\":\"it-IT\"},{\"@type\":\"Organization\",\"@id\":\"https:\/\/exceladvisor.org\/it\/#organization\",\"name\":\"Excel Advisor\",\"url\":\"https:\/\/exceladvisor.org\/it\/\",\"logo\":{\"@type\":\"ImageObject\",\"inLanguage\":\"it-IT\",\"@id\":\"https:\/\/exceladvisor.org\/it\/#\/schema\/logo\/image\/\",\"url\":\"https:\/\/exceladvisor.org\/it\/wp-content\/uploads\/2023\/12\/exceladvisor.org_.png\",\"contentUrl\":\"https:\/\/exceladvisor.org\/it\/wp-content\/uploads\/2023\/12\/exceladvisor.org_.png\",\"width\":105,\"height\":36,\"caption\":\"Excel Advisor\"},\"image\":{\"@id\":\"https:\/\/exceladvisor.org\/it\/#\/schema\/logo\/image\/\"}}]}<\/script>\n<!-- \/ Yoast SEO plugin. -->","yoast_head_json":{"title":"Come controllare IF 0 (zero) quindi vuoto in Excel?","description":"In questo tutorial controlleremo se \u00e8 presente uno 0 (zero) in una cella e quindi restituiremo uno spazio vuoto nel risultato della formula.","robots":{"index":"index","follow":"follow","max-snippet":"max-snippet:-1","max-image-preview":"max-image-preview:large","max-video-preview":"max-video-preview:-1"},"canonical":"https:\/\/exceladvisor.org\/it\/se-zero-allora-vuoto\/","og_locale":"it_IT","og_type":"article","og_title":"Come controllare IF 0 (zero) quindi vuoto in Excel?","og_description":"In questo tutorial controlleremo se \u00e8 presente uno 0 (zero) in una cella e quindi restituiremo uno spazio vuoto nel risultato della formula.","og_url":"https:\/\/exceladvisor.org\/it\/se-zero-allora-vuoto\/","og_site_name":"Excel Advisor","article_modified_time":"2023-12-10T06:22:15+00:00","og_image":[{"url":"https:\/\/exceladvisor.org\/wp-content\/uploads\/2023\/08\/1-liste-de-numeros-1.png","type":"","width":"","height":""}],"twitter_card":"summary_large_image","twitter_misc":{"Tempo di lettura stimato":"1 minuto"},"schema":{"@context":"https:\/\/schema.org","@graph":[{"@type":"WebPage","@id":"https:\/\/exceladvisor.org\/it\/se-zero-allora-vuoto\/","url":"https:\/\/exceladvisor.org\/it\/se-zero-allora-vuoto\/","name":"Come controllare IF 0 (zero) quindi vuoto in Excel?","isPartOf":{"@id":"https:\/\/exceladvisor.org\/it\/#website"},"primaryImageOfPage":{"@id":"https:\/\/exceladvisor.org\/it\/se-zero-allora-vuoto\/#primaryimage"},"image":{"@id":"https:\/\/exceladvisor.org\/it\/se-zero-allora-vuoto\/#primaryimage"},"thumbnailUrl":"https:\/\/exceladvisor.org\/wp-content\/uploads\/2023\/08\/1-liste-de-numeros-1.png","datePublished":"2023-10-23T03:12:53+00:00","dateModified":"2023-12-10T06:22:15+00:00","description":"In questo tutorial controlleremo se \u00e8 presente uno 0 (zero) in una cella e quindi restituiremo uno spazio vuoto nel risultato della formula.","breadcrumb":{"@id":"https:\/\/exceladvisor.org\/it\/se-zero-allora-vuoto\/#breadcrumb"},"inLanguage":"it-IT","potentialAction":[{"@type":"ReadAction","target":["https:\/\/exceladvisor.org\/it\/se-zero-allora-vuoto\/"]}]},{"@type":"ImageObject","inLanguage":"it-IT","@id":"https:\/\/exceladvisor.org\/it\/se-zero-allora-vuoto\/#primaryimage","url":"https:\/\/exceladvisor.org\/wp-content\/uploads\/2023\/08\/1-liste-de-numeros-1.png","contentUrl":"https:\/\/exceladvisor.org\/wp-content\/uploads\/2023\/08\/1-liste-de-numeros-1.png"},{"@type":"BreadcrumbList","@id":"https:\/\/exceladvisor.org\/it\/se-zero-allora-vuoto\/#breadcrumb","itemListElement":[{"@type":"ListItem","position":1,"name":"Home","item":"https:\/\/exceladvisor.org\/it\/"},{"@type":"ListItem","position":2,"name":"Come controllare if 0 (zero) quindi vuoto in excel?"}]},{"@type":"WebSite","@id":"https:\/\/exceladvisor.org\/it\/#website","url":"https:\/\/exceladvisor.org\/it\/","name":"Excel Advisor","description":"Tips, Tricks, and Time-Saving Hacks","publisher":{"@id":"https:\/\/exceladvisor.org\/it\/#organization"},"potentialAction":[{"@type":"SearchAction","target":{"@type":"EntryPoint","urlTemplate":"https:\/\/exceladvisor.org\/it\/?s={search_term_string}"},"query-input":{"@type":"PropertyValueSpecification","valueRequired":true,"valueName":"search_term_string"}}],"inLanguage":"it-IT"},{"@type":"Organization","@id":"https:\/\/exceladvisor.org\/it\/#organization","name":"Excel Advisor","url":"https:\/\/exceladvisor.org\/it\/","logo":{"@type":"ImageObject","inLanguage":"it-IT","@id":"https:\/\/exceladvisor.org\/it\/#\/schema\/logo\/image\/","url":"https:\/\/exceladvisor.org\/it\/wp-content\/uploads\/2023\/12\/exceladvisor.org_.png","contentUrl":"https:\/\/exceladvisor.org\/it\/wp-content\/uploads\/2023\/12\/exceladvisor.org_.png","width":105,"height":36,"caption":"Excel Advisor"},"image":{"@id":"https:\/\/exceladvisor.org\/it\/#\/schema\/logo\/image\/"}}]}},"yoast_meta":{"yoast_wpseo_title":"","yoast_wpseo_metadesc":"","yoast_wpseo_canonical":""},"_links":{"self":[{"href":"https:\/\/exceladvisor.org\/it\/wp-json\/wp\/v2\/pages\/2043","targetHints":{"allow":["GET"]}}],"collection":[{"href":"https:\/\/exceladvisor.org\/it\/wp-json\/wp\/v2\/pages"}],"about":[{"href":"https:\/\/exceladvisor.org\/it\/wp-json\/wp\/v2\/types\/page"}],"author":[{"embeddable":true,"href":"https:\/\/exceladvisor.org\/it\/wp-json\/wp\/v2\/users\/1"}],"replies":[{"embeddable":true,"href":"https:\/\/exceladvisor.org\/it\/wp-json\/wp\/v2\/comments?post=2043"}],"version-history":[{"count":1,"href":"https:\/\/exceladvisor.org\/it\/wp-json\/wp\/v2\/pages\/2043\/revisions"}],"predecessor-version":[{"id":2409,"href":"https:\/\/exceladvisor.org\/it\/wp-json\/wp\/v2\/pages\/2043\/revisions\/2409"}],"wp:attachment":[{"href":"https:\/\/exceladvisor.org\/it\/wp-json\/wp\/v2\/media?parent=2043"}],"curies":[{"name":"wp","href":"https:\/\/api.w.org\/{rel}","templated":true}]}}