{"id":2045,"date":"2023-10-23T00:01:03","date_gmt":"2023-10-23T00:01:03","guid":{"rendered":"https:\/\/exceladvisor.org\/it\/contare-contro-contare\/"},"modified":"2023-12-10T06:28:25","modified_gmt":"2023-12-10T06:28:25","slug":"contare-contro-contare","status":"publish","type":"page","link":"https:\/\/exceladvisor.org\/it\/contare-contro-contare\/","title":{"rendered":"Qual \u00e8 la differenza tra count e counta?"},"content":{"rendered":"<div class=\"excel-prima-del-contenuto\" id=\"excel-2933543934\"><script type=\"text\/javascript\">\r\n\tatOptions = {\r\n\t\t'key' : 'c1158f160081d6540a8409e6925dab94',\r\n\t\t'format' : 'iframe',\r\n\t\t'height' : 250,\r\n\t\t'width' : 300,\r\n\t\t'params' : {}\r\n\t};\r\n<\/script>\r\n<script type=\"text\/javascript\" src=\"\/\/www.highperformanceformat.com\/c1158f160081d6540a8409e6925dab94\/invoke.js\"><\/script><\/div> <p>In Excel esistono due funzioni utilizzate di frequente COUNT e COUNTA. Entrambe le funzioni funzionano allo stesso modo, ma c&#8217;\u00e8 una grande differenza nel fatto che devi sapere come usarle in modo ottimale.<\/p><ul><li> <strong>CONTEGGIO<\/strong> : questa funzione conta le celle in cui \u00e8 presente un numero come valore nella cella. Ad esempio, se nell&#8217;intervallo A1:A10 sono presenti 5 celle con valori numerici, COUNT restituir\u00e0 5 nel risultato.<\/li><li> <strong>CONTA<\/strong> : questa funzione conta le celle in cui sono presenti valori, ovvero celle che non sono vuote o vuote. Ad esempio, se nell&#8217;intervallo A1:A10 sono presenti 7 celle con valori, verr\u00e0 restituito 7 nel risultato. <\/li><\/ul><div class=\"wp-block-image\"><figure class=\"aligncenter size-full is-resized\"><img loading=\"lazy\" decoding=\"async\" class=\"wp-image-70604\" src=\"https:\/\/exceladvisor.org\/wp-content\/uploads\/2023\/08\/1-compte-contre-comptea.png\" sizes=\"auto, \" srcset=\"\" alt=\"contare-contro-contare\" width=\"480\" height=\"331\"><\/figure><\/div><h2 class=\"wp-block-heading\"> Esempio per comprendere la differenza (COUNT Vs. COUNTA)<\/h2><p> Nell&#8217;esempio seguente, abbiamo un elenco di valori nella colonna A in cui abbiamo diversi tipi di valori tra cui numeri, testo, simboli e valori vuoti. <\/p><div class=\"wp-block-image\"><figure class=\"aligncenter size-full is-resized\"><img loading=\"lazy\" decoding=\"async\" class=\"wp-image-70605\" src=\"https:\/\/exceladvisor.org\/wp-content\/uploads\/2023\/08\/2-cellules-avec-des-valeurs-differentes.png\" sizes=\"auto, \" srcset=\"\" alt=\"celle con valori diversi\" width=\"330\" height=\"427\"><\/figure><\/div><p> Ora quando usi la funzione COUNT restituisce 3 nel risultato perch\u00e9 hai solo tre valori su 9 che sono numeri. <\/p><div class=\"wp-block-image\"><figure class=\"aligncenter size-full is-resized\"><img loading=\"lazy\" decoding=\"async\" class=\"wp-image-70606\" src=\"https:\/\/exceladvisor.org\/wp-content\/uploads\/2023\/08\/3-utiliser-la-formule-de-comptage.png\" sizes=\"auto, \" srcset=\"\" alt=\"utilizzare la formula di conteggio\" width=\"417\" height=\"403\"><\/figure><\/div><p> Ma quando usi la funzione COUNTA per lo stesso intervallo, restituisce 9 nel risultato perch\u00e9 abbiamo 9 celle con il valore nell&#8217;intervallo. <\/p><div class=\"wp-block-image\"><figure class=\"aligncenter size-full is-resized\"><img loading=\"lazy\" decoding=\"async\" class=\"wp-image-70607\" src=\"https:\/\/exceladvisor.org\/wp-content\/uploads\/2023\/08\/4-utiliser-la-formule-counta.png\" sizes=\"auto, \" srcset=\"\" alt=\"usa-counta-formula\" width=\"381\" height=\"390\"><\/figure><\/div><h2 class=\"wp-block-heading\"> Quale funzione \u00e8 migliore tra queste due?<\/h2><p> Entrambe le funzioni sono utili e facili da usare, ma, nello scenario del mondo reale, COUNTA ha pi\u00f9 senso in quanto pu\u00f2 aiutarti a contare le celle con valori pi\u00f9 frequenti rispetto al conteggio delle celle con il numero. Ma ci\u00f2 non rende la funzione COUNT meno utile, le persone che analizzano i dati usano molto la funzione COUNT.<\/p><div class=\"gb-container gb-container-0df56012 gb-container-mt\"> <a class=\"gb-button gb-button-f9f432f4 gb-button-text gb-button-mt-button\" href=\"https:\/\/exceladvisor.org\/it\/formule\/\">Elenco delle formule di Excel<\/a><h2 class=\"gb-headline gb-headline-233444e8 gb-headline-text gb-headline-mt-heading\"> Formule correlate <\/h2><div class=\"gb-grid-wrapper gb-grid-wrapper-a16fa65c gb-grid-wrapper-mt-grid\"><div class=\"gb-grid-column gb-grid-column-50d07e0d\"><div class=\"gb-container gb-container-50d07e0d\"><ul><li> <a href=\"https:\/\/exceladvisor.org\/it\/contare-le-celle-con-il-testo\/\">Contare le celle con testo in Excel<\/a><\/li><li> <a href=\"https:\/\/exceladvisor.org\/it\/contare-caratteri-specifici\/\">Contare caratteri specifici in Excel<\/a><\/li><li> <a href=\"https:\/\/exceladvisor.org\/it\/contare-il-numero-totale-di-celle\/\">Contare il numero totale di celle in un intervallo in Excel<\/a><\/li><li> <a href=\"https:\/\/exceladvisor.org\/it\/contare-valori-univoci-1\/\">Conta valori univoci in Excel<\/a><\/li><\/ul><\/div><\/div><\/div><\/div>","protected":false},"excerpt":{"rendered":"","protected":false},"author":1,"featured_media":0,"parent":0,"menu_order":0,"comment_status":"open","ping_status":"closed","template":"","meta":{"ub_ctt_via":"","footnotes":""},"class_list":["post-2045","page","type-page","status-publish","hentry"],"featured_image_src":null,"yoast_head":"<!-- This site is optimized with the Yoast SEO plugin v25.4 - https:\/\/yoast.com\/wordpress\/plugins\/seo\/ -->\n<title>Qual \u00e8 la differenza tra COUNT e COUNTA in Excel?<\/title>\n<meta name=\"description\" content=\"In questo tutorial sulle formule impareremo la differenza tra la funzione COUNT e la funzione COUNTA che abbiamo in Excel.\" \/>\n<meta name=\"robots\" content=\"index, follow, max-snippet:-1, max-image-preview:large, max-video-preview:-1\" \/>\n<link rel=\"canonical\" href=\"https:\/\/exceladvisor.org\/it\/contare-contro-contare\/\" \/>\n<meta property=\"og:locale\" content=\"it_IT\" \/>\n<meta property=\"og:type\" content=\"article\" \/>\n<meta property=\"og:title\" content=\"Qual \u00e8 la differenza tra COUNT e COUNTA in Excel?\" \/>\n<meta property=\"og:description\" content=\"In questo tutorial sulle formule impareremo la differenza tra la funzione COUNT e la funzione COUNTA che abbiamo in Excel.\" \/>\n<meta property=\"og:url\" content=\"https:\/\/exceladvisor.org\/it\/contare-contro-contare\/\" \/>\n<meta property=\"og:site_name\" content=\"Excel Advisor\" \/>\n<meta property=\"article:modified_time\" content=\"2023-12-10T06:28:25+00:00\" \/>\n<meta property=\"og:image\" content=\"https:\/\/exceladvisor.org\/wp-content\/uploads\/2023\/08\/1-compte-contre-comptea.png\" \/>\n<meta name=\"twitter:card\" content=\"summary_large_image\" \/>\n<meta name=\"twitter:label1\" content=\"Tempo di lettura stimato\" \/>\n\t<meta name=\"twitter:data1\" content=\"1 minuto\" \/>\n<script type=\"application\/ld+json\" class=\"yoast-schema-graph\">{\"@context\":\"https:\/\/schema.org\",\"@graph\":[{\"@type\":\"WebPage\",\"@id\":\"https:\/\/exceladvisor.org\/it\/contare-contro-contare\/\",\"url\":\"https:\/\/exceladvisor.org\/it\/contare-contro-contare\/\",\"name\":\"Qual \u00e8 la differenza tra COUNT e COUNTA in Excel?\",\"isPartOf\":{\"@id\":\"https:\/\/exceladvisor.org\/it\/#website\"},\"primaryImageOfPage\":{\"@id\":\"https:\/\/exceladvisor.org\/it\/contare-contro-contare\/#primaryimage\"},\"image\":{\"@id\":\"https:\/\/exceladvisor.org\/it\/contare-contro-contare\/#primaryimage\"},\"thumbnailUrl\":\"https:\/\/exceladvisor.org\/wp-content\/uploads\/2023\/08\/1-compte-contre-comptea.png\",\"datePublished\":\"2023-10-23T00:01:03+00:00\",\"dateModified\":\"2023-12-10T06:28:25+00:00\",\"description\":\"In questo tutorial sulle formule impareremo la differenza tra la funzione COUNT e la funzione COUNTA che abbiamo in Excel.\",\"breadcrumb\":{\"@id\":\"https:\/\/exceladvisor.org\/it\/contare-contro-contare\/#breadcrumb\"},\"inLanguage\":\"it-IT\",\"potentialAction\":[{\"@type\":\"ReadAction\",\"target\":[\"https:\/\/exceladvisor.org\/it\/contare-contro-contare\/\"]}]},{\"@type\":\"ImageObject\",\"inLanguage\":\"it-IT\",\"@id\":\"https:\/\/exceladvisor.org\/it\/contare-contro-contare\/#primaryimage\",\"url\":\"https:\/\/exceladvisor.org\/wp-content\/uploads\/2023\/08\/1-compte-contre-comptea.png\",\"contentUrl\":\"https:\/\/exceladvisor.org\/wp-content\/uploads\/2023\/08\/1-compte-contre-comptea.png\"},{\"@type\":\"BreadcrumbList\",\"@id\":\"https:\/\/exceladvisor.org\/it\/contare-contro-contare\/#breadcrumb\",\"itemListElement\":[{\"@type\":\"ListItem\",\"position\":1,\"name\":\"Home\",\"item\":\"https:\/\/exceladvisor.org\/it\/\"},{\"@type\":\"ListItem\",\"position\":2,\"name\":\"Qual \u00e8 la differenza tra count e counta?\"}]},{\"@type\":\"WebSite\",\"@id\":\"https:\/\/exceladvisor.org\/it\/#website\",\"url\":\"https:\/\/exceladvisor.org\/it\/\",\"name\":\"Excel Advisor\",\"description\":\"Tips, Tricks, and Time-Saving Hacks\",\"publisher\":{\"@id\":\"https:\/\/exceladvisor.org\/it\/#organization\"},\"potentialAction\":[{\"@type\":\"SearchAction\",\"target\":{\"@type\":\"EntryPoint\",\"urlTemplate\":\"https:\/\/exceladvisor.org\/it\/?s={search_term_string}\"},\"query-input\":{\"@type\":\"PropertyValueSpecification\",\"valueRequired\":true,\"valueName\":\"search_term_string\"}}],\"inLanguage\":\"it-IT\"},{\"@type\":\"Organization\",\"@id\":\"https:\/\/exceladvisor.org\/it\/#organization\",\"name\":\"Excel Advisor\",\"url\":\"https:\/\/exceladvisor.org\/it\/\",\"logo\":{\"@type\":\"ImageObject\",\"inLanguage\":\"it-IT\",\"@id\":\"https:\/\/exceladvisor.org\/it\/#\/schema\/logo\/image\/\",\"url\":\"https:\/\/exceladvisor.org\/it\/wp-content\/uploads\/2023\/12\/exceladvisor.org_.png\",\"contentUrl\":\"https:\/\/exceladvisor.org\/it\/wp-content\/uploads\/2023\/12\/exceladvisor.org_.png\",\"width\":105,\"height\":36,\"caption\":\"Excel Advisor\"},\"image\":{\"@id\":\"https:\/\/exceladvisor.org\/it\/#\/schema\/logo\/image\/\"}}]}<\/script>\n<!-- \/ Yoast SEO plugin. -->","yoast_head_json":{"title":"Qual \u00e8 la differenza tra COUNT e COUNTA in Excel?","description":"In questo tutorial sulle formule impareremo la differenza tra la funzione COUNT e la funzione COUNTA che abbiamo in Excel.","robots":{"index":"index","follow":"follow","max-snippet":"max-snippet:-1","max-image-preview":"max-image-preview:large","max-video-preview":"max-video-preview:-1"},"canonical":"https:\/\/exceladvisor.org\/it\/contare-contro-contare\/","og_locale":"it_IT","og_type":"article","og_title":"Qual \u00e8 la differenza tra COUNT e COUNTA in Excel?","og_description":"In questo tutorial sulle formule impareremo la differenza tra la funzione COUNT e la funzione COUNTA che abbiamo in Excel.","og_url":"https:\/\/exceladvisor.org\/it\/contare-contro-contare\/","og_site_name":"Excel Advisor","article_modified_time":"2023-12-10T06:28:25+00:00","og_image":[{"url":"https:\/\/exceladvisor.org\/wp-content\/uploads\/2023\/08\/1-compte-contre-comptea.png","type":"","width":"","height":""}],"twitter_card":"summary_large_image","twitter_misc":{"Tempo di lettura stimato":"1 minuto"},"schema":{"@context":"https:\/\/schema.org","@graph":[{"@type":"WebPage","@id":"https:\/\/exceladvisor.org\/it\/contare-contro-contare\/","url":"https:\/\/exceladvisor.org\/it\/contare-contro-contare\/","name":"Qual \u00e8 la differenza tra COUNT e COUNTA in Excel?","isPartOf":{"@id":"https:\/\/exceladvisor.org\/it\/#website"},"primaryImageOfPage":{"@id":"https:\/\/exceladvisor.org\/it\/contare-contro-contare\/#primaryimage"},"image":{"@id":"https:\/\/exceladvisor.org\/it\/contare-contro-contare\/#primaryimage"},"thumbnailUrl":"https:\/\/exceladvisor.org\/wp-content\/uploads\/2023\/08\/1-compte-contre-comptea.png","datePublished":"2023-10-23T00:01:03+00:00","dateModified":"2023-12-10T06:28:25+00:00","description":"In questo tutorial sulle formule impareremo la differenza tra la funzione COUNT e la funzione COUNTA che abbiamo in Excel.","breadcrumb":{"@id":"https:\/\/exceladvisor.org\/it\/contare-contro-contare\/#breadcrumb"},"inLanguage":"it-IT","potentialAction":[{"@type":"ReadAction","target":["https:\/\/exceladvisor.org\/it\/contare-contro-contare\/"]}]},{"@type":"ImageObject","inLanguage":"it-IT","@id":"https:\/\/exceladvisor.org\/it\/contare-contro-contare\/#primaryimage","url":"https:\/\/exceladvisor.org\/wp-content\/uploads\/2023\/08\/1-compte-contre-comptea.png","contentUrl":"https:\/\/exceladvisor.org\/wp-content\/uploads\/2023\/08\/1-compte-contre-comptea.png"},{"@type":"BreadcrumbList","@id":"https:\/\/exceladvisor.org\/it\/contare-contro-contare\/#breadcrumb","itemListElement":[{"@type":"ListItem","position":1,"name":"Home","item":"https:\/\/exceladvisor.org\/it\/"},{"@type":"ListItem","position":2,"name":"Qual \u00e8 la differenza tra count e counta?"}]},{"@type":"WebSite","@id":"https:\/\/exceladvisor.org\/it\/#website","url":"https:\/\/exceladvisor.org\/it\/","name":"Excel Advisor","description":"Tips, Tricks, and Time-Saving Hacks","publisher":{"@id":"https:\/\/exceladvisor.org\/it\/#organization"},"potentialAction":[{"@type":"SearchAction","target":{"@type":"EntryPoint","urlTemplate":"https:\/\/exceladvisor.org\/it\/?s={search_term_string}"},"query-input":{"@type":"PropertyValueSpecification","valueRequired":true,"valueName":"search_term_string"}}],"inLanguage":"it-IT"},{"@type":"Organization","@id":"https:\/\/exceladvisor.org\/it\/#organization","name":"Excel Advisor","url":"https:\/\/exceladvisor.org\/it\/","logo":{"@type":"ImageObject","inLanguage":"it-IT","@id":"https:\/\/exceladvisor.org\/it\/#\/schema\/logo\/image\/","url":"https:\/\/exceladvisor.org\/it\/wp-content\/uploads\/2023\/12\/exceladvisor.org_.png","contentUrl":"https:\/\/exceladvisor.org\/it\/wp-content\/uploads\/2023\/12\/exceladvisor.org_.png","width":105,"height":36,"caption":"Excel Advisor"},"image":{"@id":"https:\/\/exceladvisor.org\/it\/#\/schema\/logo\/image\/"}}]}},"yoast_meta":{"yoast_wpseo_title":"","yoast_wpseo_metadesc":"","yoast_wpseo_canonical":""},"_links":{"self":[{"href":"https:\/\/exceladvisor.org\/it\/wp-json\/wp\/v2\/pages\/2045","targetHints":{"allow":["GET"]}}],"collection":[{"href":"https:\/\/exceladvisor.org\/it\/wp-json\/wp\/v2\/pages"}],"about":[{"href":"https:\/\/exceladvisor.org\/it\/wp-json\/wp\/v2\/types\/page"}],"author":[{"embeddable":true,"href":"https:\/\/exceladvisor.org\/it\/wp-json\/wp\/v2\/users\/1"}],"replies":[{"embeddable":true,"href":"https:\/\/exceladvisor.org\/it\/wp-json\/wp\/v2\/comments?post=2045"}],"version-history":[{"count":1,"href":"https:\/\/exceladvisor.org\/it\/wp-json\/wp\/v2\/pages\/2045\/revisions"}],"predecessor-version":[{"id":2948,"href":"https:\/\/exceladvisor.org\/it\/wp-json\/wp\/v2\/pages\/2045\/revisions\/2948"}],"wp:attachment":[{"href":"https:\/\/exceladvisor.org\/it\/wp-json\/wp\/v2\/media?parent=2045"}],"curies":[{"name":"wp","href":"https:\/\/api.w.org\/{rel}","templated":true}]}}