{"id":2047,"date":"2023-10-22T20:20:14","date_gmt":"2023-10-22T20:20:14","guid":{"rendered":"https:\/\/exceladvisor.org\/it\/dimensione-della-matrice\/"},"modified":"2023-12-10T06:24:44","modified_gmt":"2023-12-10T06:24:44","slug":"dimensione-della-matrice","status":"publish","type":"page","link":"https:\/\/exceladvisor.org\/it\/dimensione-della-matrice\/","title":{"rendered":"Come ottenere la lunghezza di un array usando vba?"},"content":{"rendered":"<div class=\"excel-prima-del-contenuto\" id=\"excel-1811933554\"><script type=\"text\/javascript\">\r\n\tatOptions = {\r\n\t\t'key' : 'c1158f160081d6540a8409e6925dab94',\r\n\t\t'format' : 'iframe',\r\n\t\t'height' : 250,\r\n\t\t'width' : 300,\r\n\t\t'params' : {}\r\n\t};\r\n<\/script>\r\n<script type=\"text\/javascript\" src=\"\/\/www.highperformanceformat.com\/c1158f160081d6540a8409e6925dab94\/invoke.js\"><\/script><\/div> <p>In VBA, ottenere la lunghezza di un array significa contare il numero di elementi presenti in quell&#8217;array. Per questo \u00e8 necessario conoscere l&#8217;elemento pi\u00f9 basso e l&#8217;elemento pi\u00f9 alto. Quindi per ottenere questo \u00e8 possibile utilizzare le funzioni <a href=\"https:\/\/exceladvisor.org\/it\/ubound\/\">UBOUND<\/a> e <a href=\"https:\/\/exceladvisor.org\/it\/lbound\/\">LBOUND<\/a> che restituiscono rispettivamente il limite superiore e il limite inferiore.<\/p><p> Oltre a questo puoi anche utilizzare COUNTA che \u00e8 una funzione del foglio di calcolo. E in questo tutorial vedremo entrambi i metodi in modo che tu possa utilizzarne uno qualsiasi secondo la tua comodit\u00e0.<\/p><h2 class=\"wp-block-heading\"> Passaggi per ottenere la dimensione di un array<\/h2><p> Qui abbiamo una tabella che contiene un elenco di mesi e la quantit\u00e0 di vendita per ogni mese. <\/p><div class=\"wp-block-image is-style-default\"><figure class=\"aligncenter size-large is-resized\"><img loading=\"lazy\" decoding=\"async\" class=\"wp-image-57222\" src=\"https:\/\/exceladvisor.org\/wp-content\/uploads\/2023\/08\/1-longueur-de-tableau-vba-1.png\" sizes=\"auto, \" srcset=\"\" alt=\"vba-array-lunghezza\" width=\"451\" height=\"527\"><\/figure><\/div><ol><li> Assicurati di avere una tabella dichiarata correttamente con righe e colonne. <br><img loading=\"lazy\" decoding=\"async\" title=\"2-array-dichiarato-correttamente-2\" src=\"https:\/\/exceladvisor.org\/wp-content\/uploads\/2023\/08\/2-tableau-declare-correctement-2.png\" sizes=\"auto, \" srcset=\"\" alt=\"\" width=\"484\" height=\"291\"><\/li><li> Successivamente, altre due variabili (perch\u00e9 abbiamo un array bidimensionale) per memorizzare i limiti dell&#8217;array. <br><img loading=\"lazy\" decoding=\"async\" title=\"3-memorizzare-i-confini-di-un-array-3\" src=\"https:\/\/exceladvisor.org\/wp-content\/uploads\/2023\/08\/3-stocker-les-bornes-dun-tableau-3.png\" sizes=\"auto, \" srcset=\"\" alt=\"\" width=\"596\" height=\"298\"><\/li><li> Quindi \u00e8 necessario utilizzare una formula in cui \u00e8 necessario utilizzare la funzione Ubound per ottenere il limite superiore e quindi Lbound per ottenere il limite inferiore dell&#8217;array.<\/li><li> Dato che hai un array bidimensionale, entrambi dovete essere vincolati per le dimensioni e impostare questo valore sulle variabili. <br><img loading=\"lazy\" decoding=\"async\" title=\"4-usa-la-funzione-ubound-4\" src=\"https:\/\/exceladvisor.org\/wp-content\/uploads\/2023\/08\/4-utiliser-la-fonction-ubound-4.png\" sizes=\"auto, \" srcset=\"\" alt=\"\" width=\"682\" height=\"349\"><\/li><li> Alla fine, moltiplica le lunghezze ottenute da Ubound e Lbound come limite superiore e inferiore. <br><img loading=\"lazy\" decoding=\"async\" title=\"5-ubound-and-lbound-like-lower-and-upper-5\" src=\"https:\/\/exceladvisor.org\/wp-content\/uploads\/2023\/08\/5-ubound-et-lbound-comme-inferieur-et-superieur-5.png\" sizes=\"auto, \" srcset=\"\" alt=\"\" width=\"729\" height=\"397\"><\/li><\/ol><p> Ecco il codice completo.<\/p><pre class=\"wp-block-code\"> <code class=\"language-visual-basic\" lang=\"visual-basic\">Dim yearSales(1 To 12, 1 To 2) As Integer Dim iCount1 As Integer, iCount2 As Integer iCount1 = UBound(yearSales, 1) - LBound(yearSales, 1) + 1 iCount2 = UBound(yearSales, 2) - LBound(yearSales, 2) + 1 MsgBox iCount1 * iCount2<\/code><\/pre><p class=\"qt-tip\"> <strong>Nota:<\/strong> ti starai chiedendo se abbiamo un totale di 13 righe nella tabella che ho condiviso con te all&#8217;inizio dell&#8217;articolo.<\/p><p> Ma abbiamo utilizzato una tabella di 13 righe perch\u00e9 la prima riga era un titolo. E qui abbiamo usato una <a href=\"https:\/\/exceladvisor.org\/it\/e-vuoto\/\">funzione<\/a> <a href=\"https:\/\/exceladvisor.org\/it\/se-2\/\">IF STATEMENT<\/a> e ISEMPTY per verificare se l&#8217;array dichiarato non contiene alcun elemento.<\/p><pre class=\"wp-block-code\"> <code class=\"language-visual-basic\" lang=\"visual-basic\">Dim yearSales(1 To 12, 1 To 2) As Integer Dim iCount1 As Integer, iCount2 As Integer If IsEmpty(yearSales) = 0 Then MsgBox \"This array has zero elements.\" Else iCount1 = UBound(yearSales, 1) - LBound(yearSales, 1) + 1 iCount2 = UBound(yearSales, 2) - LBound(yearSales, 2) + 1 MsgBox \"This array has \" &amp; iCount1 * iCount2 &amp; \" element(s).\"<\/code><\/pre><h2 class=\"wp-block-heading\"> Utilizzo di COUNTA per ottenere la lunghezza dell&#8217;array<\/h2><p> Come sai, un array \u00e8 un insieme di elementi strutturati in modo unidimensionale o multidimensionale ed \u00e8 possibile utilizzare la funzione COUNTA ( <a href=\"https:\/\/exceladvisor.org\/it\/funzione-foglio-di-calcolo\/\">funzione del foglio di calcolo<\/a> ) per contare questi elementi in una volta sola.<\/p><p> Nel codice seguente hai utilizzato lo stesso array dichiarato in precedenza e quindi hai utilizzato una variabile per memorizzare il numero di elementi restituiti dalla funzione. <\/p><div class=\"wp-block-image is-style-default\"><figure class=\"aligncenter size-large is-resized\"><img loading=\"lazy\" decoding=\"async\" class=\"wp-image-57227\" src=\"https:\/\/exceladvisor.org\/wp-content\/uploads\/2023\/08\/6-utiliser-une-variable-pour-stocker-lelement-6.png\" sizes=\"auto, \" srcset=\"\" alt=\"\" width=\"644\" height=\"374\"><\/figure><\/div><p> E come puoi vedere, il risultato restituito \u00e8 24, che \u00e8 il numero totale di elementi che abbiamo nell&#8217;array.<\/p><pre class=\"wp-block-code\"> <code class=\"language-visual-basic\" lang=\"visual-basic\">Dim yearSales(1 To 12, 1 To 2) As Integer iCount = WorksheetFunction.CountA(yearSales) MsgBox iCount<\/code><\/pre><p> C&#8217;\u00e8 una cosa di cui devi occuparti, questo metodo non sar\u00e0 l&#8217;ideale da utilizzare in ogni situazione, quindi \u00e8 sempre bene utilizzare il metodo di cui abbiamo discusso in precedenza.<\/p><p> Puoi anche scrivere codice per verificare prima se l&#8217;array dichiarato non \u00e8 vuoto.<\/p><pre class=\"wp-block-code\"> <code class=\"language-visual-basic\" lang=\"visual-basic\">Dim yearSales(1 To 12, 1 To 2) As Integer If IsEmpty(yearSales) = 0 Then MsgBox \"This array has zero elements.\" Else iCount = WorksheetFunction.CountA(yearSales) MsgBox \"This array has \" &amp; iCount &amp; \" element(s).\"<\/code><\/pre><div class=\"gb-container gb-container-4db6181c gb-container-mt\"> <a class=\"gb-button gb-button-c5897111 gb-button-text gb-button-mt-button\" href=\"https:\/\/exceladvisor.org\/it\/vba\/\">Cos&#8217;\u00e8 VBA<\/a><h2 class=\"gb-headline gb-headline-665e5f6b gb-headline-text gb-headline-mt-heading\"> Ulteriori informazioni sulle <a href=\"https:\/\/exceladvisor.org\/it\/dipinti\/\">tabelle VBA<\/a> <\/h2><div class=\"gb-grid-wrapper gb-grid-wrapper-a20baf7c gb-grid-wrapper-mt-grid\"><div class=\"gb-grid-column gb-grid-column-65ddf67e\"><div class=\"gb-container gb-container-65ddf67e\"><ul><li> <a href=\"https:\/\/exceladvisor.org\/it\/aggiungere-una-nuova-matrice-di-valori\/\">VBA Aggiungi un nuovo valore all&#8217;array<\/a><\/li><li> <a href=\"https:\/\/exceladvisor.org\/it\/tavolo-con-catene\/\">Array VBA con stringhe<\/a><\/li><li> <a href=\"https:\/\/exceladvisor.org\/it\/cancella-la-lavagna\/\">Cancella matrice VBA<\/a><\/li><li> <a href=\"https:\/\/exceladvisor.org\/it\/tabella-dinamica\/\">Tabella dinamica VBA<\/a><\/li><\/ul><\/div><\/div><\/div><\/div>","protected":false},"excerpt":{"rendered":"","protected":false},"author":1,"featured_media":0,"parent":0,"menu_order":0,"comment_status":"open","ping_status":"closed","template":"","meta":{"ub_ctt_via":"","footnotes":""},"class_list":["post-2047","page","type-page","status-publish","hentry"],"featured_image_src":null,"yoast_head":"<!-- This site is optimized with the Yoast SEO plugin v25.4 - https:\/\/yoast.com\/wordpress\/plugins\/seo\/ -->\n<title>Come ottenere la lunghezza di un array usando VBA?<\/title>\n<meta name=\"description\" content=\"Qui vedrai due semplici modi per ottenere la lunghezza di un array (singolo e multidimensionale) utilizzando le funzioni UBOUND e LBOUND.\" \/>\n<meta name=\"robots\" content=\"index, follow, max-snippet:-1, max-image-preview:large, max-video-preview:-1\" \/>\n<link rel=\"canonical\" href=\"https:\/\/exceladvisor.org\/it\/dimensione-della-matrice\/\" \/>\n<meta property=\"og:locale\" content=\"it_IT\" \/>\n<meta property=\"og:type\" content=\"article\" \/>\n<meta property=\"og:title\" content=\"Come ottenere la lunghezza di un array usando VBA?\" \/>\n<meta property=\"og:description\" content=\"Qui vedrai due semplici modi per ottenere la lunghezza di un array (singolo e multidimensionale) utilizzando le funzioni UBOUND e LBOUND.\" \/>\n<meta property=\"og:url\" content=\"https:\/\/exceladvisor.org\/it\/dimensione-della-matrice\/\" \/>\n<meta property=\"og:site_name\" content=\"Excel Advisor\" \/>\n<meta property=\"article:modified_time\" content=\"2023-12-10T06:24:44+00:00\" \/>\n<meta property=\"og:image\" content=\"https:\/\/exceladvisor.org\/wp-content\/uploads\/2023\/08\/1-longueur-de-tableau-vba-1.png\" \/>\n<meta name=\"twitter:card\" content=\"summary_large_image\" \/>\n<meta name=\"twitter:label1\" content=\"Tempo di lettura stimato\" \/>\n\t<meta name=\"twitter:data1\" content=\"3 minuti\" \/>\n<script type=\"application\/ld+json\" class=\"yoast-schema-graph\">{\"@context\":\"https:\/\/schema.org\",\"@graph\":[{\"@type\":\"WebPage\",\"@id\":\"https:\/\/exceladvisor.org\/it\/dimensione-della-matrice\/\",\"url\":\"https:\/\/exceladvisor.org\/it\/dimensione-della-matrice\/\",\"name\":\"Come ottenere la lunghezza di un array usando VBA?\",\"isPartOf\":{\"@id\":\"https:\/\/exceladvisor.org\/it\/#website\"},\"primaryImageOfPage\":{\"@id\":\"https:\/\/exceladvisor.org\/it\/dimensione-della-matrice\/#primaryimage\"},\"image\":{\"@id\":\"https:\/\/exceladvisor.org\/it\/dimensione-della-matrice\/#primaryimage\"},\"thumbnailUrl\":\"https:\/\/exceladvisor.org\/wp-content\/uploads\/2023\/08\/1-longueur-de-tableau-vba-1.png\",\"datePublished\":\"2023-10-22T20:20:14+00:00\",\"dateModified\":\"2023-12-10T06:24:44+00:00\",\"description\":\"Qui vedrai due semplici modi per ottenere la lunghezza di un array (singolo e multidimensionale) utilizzando le funzioni UBOUND e LBOUND.\",\"breadcrumb\":{\"@id\":\"https:\/\/exceladvisor.org\/it\/dimensione-della-matrice\/#breadcrumb\"},\"inLanguage\":\"it-IT\",\"potentialAction\":[{\"@type\":\"ReadAction\",\"target\":[\"https:\/\/exceladvisor.org\/it\/dimensione-della-matrice\/\"]}]},{\"@type\":\"ImageObject\",\"inLanguage\":\"it-IT\",\"@id\":\"https:\/\/exceladvisor.org\/it\/dimensione-della-matrice\/#primaryimage\",\"url\":\"https:\/\/exceladvisor.org\/wp-content\/uploads\/2023\/08\/1-longueur-de-tableau-vba-1.png\",\"contentUrl\":\"https:\/\/exceladvisor.org\/wp-content\/uploads\/2023\/08\/1-longueur-de-tableau-vba-1.png\"},{\"@type\":\"BreadcrumbList\",\"@id\":\"https:\/\/exceladvisor.org\/it\/dimensione-della-matrice\/#breadcrumb\",\"itemListElement\":[{\"@type\":\"ListItem\",\"position\":1,\"name\":\"Home\",\"item\":\"https:\/\/exceladvisor.org\/it\/\"},{\"@type\":\"ListItem\",\"position\":2,\"name\":\"Come ottenere la lunghezza di un array usando vba?\"}]},{\"@type\":\"WebSite\",\"@id\":\"https:\/\/exceladvisor.org\/it\/#website\",\"url\":\"https:\/\/exceladvisor.org\/it\/\",\"name\":\"Excel Advisor\",\"description\":\"Tips, Tricks, and Time-Saving Hacks\",\"publisher\":{\"@id\":\"https:\/\/exceladvisor.org\/it\/#organization\"},\"potentialAction\":[{\"@type\":\"SearchAction\",\"target\":{\"@type\":\"EntryPoint\",\"urlTemplate\":\"https:\/\/exceladvisor.org\/it\/?s={search_term_string}\"},\"query-input\":{\"@type\":\"PropertyValueSpecification\",\"valueRequired\":true,\"valueName\":\"search_term_string\"}}],\"inLanguage\":\"it-IT\"},{\"@type\":\"Organization\",\"@id\":\"https:\/\/exceladvisor.org\/it\/#organization\",\"name\":\"Excel Advisor\",\"url\":\"https:\/\/exceladvisor.org\/it\/\",\"logo\":{\"@type\":\"ImageObject\",\"inLanguage\":\"it-IT\",\"@id\":\"https:\/\/exceladvisor.org\/it\/#\/schema\/logo\/image\/\",\"url\":\"https:\/\/exceladvisor.org\/it\/wp-content\/uploads\/2023\/12\/exceladvisor.org_.png\",\"contentUrl\":\"https:\/\/exceladvisor.org\/it\/wp-content\/uploads\/2023\/12\/exceladvisor.org_.png\",\"width\":105,\"height\":36,\"caption\":\"Excel Advisor\"},\"image\":{\"@id\":\"https:\/\/exceladvisor.org\/it\/#\/schema\/logo\/image\/\"}}]}<\/script>\n<!-- \/ Yoast SEO plugin. -->","yoast_head_json":{"title":"Come ottenere la lunghezza di un array usando VBA?","description":"Qui vedrai due semplici modi per ottenere la lunghezza di un array (singolo e multidimensionale) utilizzando le funzioni UBOUND e LBOUND.","robots":{"index":"index","follow":"follow","max-snippet":"max-snippet:-1","max-image-preview":"max-image-preview:large","max-video-preview":"max-video-preview:-1"},"canonical":"https:\/\/exceladvisor.org\/it\/dimensione-della-matrice\/","og_locale":"it_IT","og_type":"article","og_title":"Come ottenere la lunghezza di un array usando VBA?","og_description":"Qui vedrai due semplici modi per ottenere la lunghezza di un array (singolo e multidimensionale) utilizzando le funzioni UBOUND e LBOUND.","og_url":"https:\/\/exceladvisor.org\/it\/dimensione-della-matrice\/","og_site_name":"Excel Advisor","article_modified_time":"2023-12-10T06:24:44+00:00","og_image":[{"url":"https:\/\/exceladvisor.org\/wp-content\/uploads\/2023\/08\/1-longueur-de-tableau-vba-1.png","type":"","width":"","height":""}],"twitter_card":"summary_large_image","twitter_misc":{"Tempo di lettura stimato":"3 minuti"},"schema":{"@context":"https:\/\/schema.org","@graph":[{"@type":"WebPage","@id":"https:\/\/exceladvisor.org\/it\/dimensione-della-matrice\/","url":"https:\/\/exceladvisor.org\/it\/dimensione-della-matrice\/","name":"Come ottenere la lunghezza di un array usando VBA?","isPartOf":{"@id":"https:\/\/exceladvisor.org\/it\/#website"},"primaryImageOfPage":{"@id":"https:\/\/exceladvisor.org\/it\/dimensione-della-matrice\/#primaryimage"},"image":{"@id":"https:\/\/exceladvisor.org\/it\/dimensione-della-matrice\/#primaryimage"},"thumbnailUrl":"https:\/\/exceladvisor.org\/wp-content\/uploads\/2023\/08\/1-longueur-de-tableau-vba-1.png","datePublished":"2023-10-22T20:20:14+00:00","dateModified":"2023-12-10T06:24:44+00:00","description":"Qui vedrai due semplici modi per ottenere la lunghezza di un array (singolo e multidimensionale) utilizzando le funzioni UBOUND e LBOUND.","breadcrumb":{"@id":"https:\/\/exceladvisor.org\/it\/dimensione-della-matrice\/#breadcrumb"},"inLanguage":"it-IT","potentialAction":[{"@type":"ReadAction","target":["https:\/\/exceladvisor.org\/it\/dimensione-della-matrice\/"]}]},{"@type":"ImageObject","inLanguage":"it-IT","@id":"https:\/\/exceladvisor.org\/it\/dimensione-della-matrice\/#primaryimage","url":"https:\/\/exceladvisor.org\/wp-content\/uploads\/2023\/08\/1-longueur-de-tableau-vba-1.png","contentUrl":"https:\/\/exceladvisor.org\/wp-content\/uploads\/2023\/08\/1-longueur-de-tableau-vba-1.png"},{"@type":"BreadcrumbList","@id":"https:\/\/exceladvisor.org\/it\/dimensione-della-matrice\/#breadcrumb","itemListElement":[{"@type":"ListItem","position":1,"name":"Home","item":"https:\/\/exceladvisor.org\/it\/"},{"@type":"ListItem","position":2,"name":"Come ottenere la lunghezza di un array usando vba?"}]},{"@type":"WebSite","@id":"https:\/\/exceladvisor.org\/it\/#website","url":"https:\/\/exceladvisor.org\/it\/","name":"Excel Advisor","description":"Tips, Tricks, and Time-Saving Hacks","publisher":{"@id":"https:\/\/exceladvisor.org\/it\/#organization"},"potentialAction":[{"@type":"SearchAction","target":{"@type":"EntryPoint","urlTemplate":"https:\/\/exceladvisor.org\/it\/?s={search_term_string}"},"query-input":{"@type":"PropertyValueSpecification","valueRequired":true,"valueName":"search_term_string"}}],"inLanguage":"it-IT"},{"@type":"Organization","@id":"https:\/\/exceladvisor.org\/it\/#organization","name":"Excel Advisor","url":"https:\/\/exceladvisor.org\/it\/","logo":{"@type":"ImageObject","inLanguage":"it-IT","@id":"https:\/\/exceladvisor.org\/it\/#\/schema\/logo\/image\/","url":"https:\/\/exceladvisor.org\/it\/wp-content\/uploads\/2023\/12\/exceladvisor.org_.png","contentUrl":"https:\/\/exceladvisor.org\/it\/wp-content\/uploads\/2023\/12\/exceladvisor.org_.png","width":105,"height":36,"caption":"Excel Advisor"},"image":{"@id":"https:\/\/exceladvisor.org\/it\/#\/schema\/logo\/image\/"}}]}},"yoast_meta":{"yoast_wpseo_title":"","yoast_wpseo_metadesc":"","yoast_wpseo_canonical":""},"_links":{"self":[{"href":"https:\/\/exceladvisor.org\/it\/wp-json\/wp\/v2\/pages\/2047","targetHints":{"allow":["GET"]}}],"collection":[{"href":"https:\/\/exceladvisor.org\/it\/wp-json\/wp\/v2\/pages"}],"about":[{"href":"https:\/\/exceladvisor.org\/it\/wp-json\/wp\/v2\/types\/page"}],"author":[{"embeddable":true,"href":"https:\/\/exceladvisor.org\/it\/wp-json\/wp\/v2\/users\/1"}],"replies":[{"embeddable":true,"href":"https:\/\/exceladvisor.org\/it\/wp-json\/wp\/v2\/comments?post=2047"}],"version-history":[{"count":1,"href":"https:\/\/exceladvisor.org\/it\/wp-json\/wp\/v2\/pages\/2047\/revisions"}],"predecessor-version":[{"id":2600,"href":"https:\/\/exceladvisor.org\/it\/wp-json\/wp\/v2\/pages\/2047\/revisions\/2600"}],"wp:attachment":[{"href":"https:\/\/exceladvisor.org\/it\/wp-json\/wp\/v2\/media?parent=2047"}],"curies":[{"name":"wp","href":"https:\/\/api.w.org\/{rel}","templated":true}]}}