{"id":2054,"date":"2023-10-22T09:11:23","date_gmt":"2023-10-22T09:11:23","guid":{"rendered":"https:\/\/exceladvisor.org\/it\/spiaggia-denominata\/"},"modified":"2023-12-10T06:23:15","modified_gmt":"2023-12-10T06:23:15","slug":"spiaggia-denominata","status":"publish","type":"page","link":"https:\/\/exceladvisor.org\/it\/spiaggia-denominata\/","title":{"rendered":"Come creare un intervallo denominato utilizzando vba?"},"content":{"rendered":"<div class=\"excel-prima-del-contenuto\" id=\"excel-868948798\"><script type=\"text\/javascript\">\r\n\tatOptions = {\r\n\t\t'key' : 'c1158f160081d6540a8409e6925dab94',\r\n\t\t'format' : 'iframe',\r\n\t\t'height' : 250,\r\n\t\t'width' : 300,\r\n\t\t'params' : {}\r\n\t};\r\n<\/script>\r\n<script type=\"text\/javascript\" src=\"\/\/www.highperformanceformat.com\/c1158f160081d6540a8409e6925dab94\/invoke.js\"><\/script><\/div> <p>Per creare un intervallo denominato utilizzando VBA, \u00e8 necessario utilizzare ulteriormente la propriet\u00e0 &#8220;Nomi&#8221; con il metodo &#8220;Aggiungi&#8221;. Nel metodo add hai argomenti per definire quale nome vuoi dare all&#8217;intervallo e specificare l&#8217;indirizzo dell&#8217;intervallo (assicurati di utilizzare il simbolo del dollaro con l&#8217;indirizzo per congelare l&#8217;intervallo).<\/p><h2 class=\"wp-block-heading\"> Crea un intervallo di nomi utilizzando VBA<\/h2><ol type=\"1\"><li> Definire la cartella di lavoro in cui si desidera creare l&#8217;intervallo denominato.<\/li><li> Utilizza la propriet\u00e0 dei nomi, quindi aggiungi un metodo aggiuntivo.<\/li><li> Specificare il nome nell&#8217;argomento &#8220;Nome&#8221;.<\/li><li> Fare riferimento all&#8217;intervallo utilizzando l&#8217;argomento &#8220;ReferTo&#8221;. <\/li><\/ol><div class=\"wp-block-image\"><figure class=\"aligncenter size-large is-resized\"><img loading=\"lazy\" decoding=\"async\" class=\"wp-image-53866\" src=\"https:\/\/exceladvisor.org\/wp-content\/uploads\/2023\/08\/1-creer-une-plage-de-noms-en-utilisant-vba.png\" sizes=\"auto, \" srcset=\"\" alt=\"creare un intervallo di nomi utilizzando vba\" width=\"669\" height=\"284\"><\/figure><\/div><p> Nell&#8217;esempio sopra, hai la cartella di lavoro attiva, quindi utilizzando la propriet\u00e0 &#8220;Nomi&#8221; con il metodo &#8220;Aggiungi&#8221; imposti il nome dell&#8217;intervallo e, alla fine, l&#8217;indirizzo dell&#8217;intervallo che desideri utilizzare.<\/p><p> Come ho detto prima, nell&#8217;intervallo di indirizzi \u00e8 necessario utilizzare il segno $ per congelare l&#8217;indirizzo. Puoi anche utilizzare <a href=\"https:\/\/exceladvisor.org\/it\/questo-taccuino\/\">ThisWorkbook per fare riferimento alla cartella di lavoro in cui stai scrivendo il codice<\/a> oppure puoi utilizzare fare riferimento a un&#8217;altra cartella di lavoro utilizzando l&#8217;oggetto cartella di lavoro.<\/p><h2 class=\"wp-block-heading\"> VBA per creare un intervallo denominato dalla selezione<\/h2><p> \u00c8 inoltre possibile utilizzare la propriet\u00e0 di selezione per creare un intervallo denominato dalla selezione. Considera il seguente codice.<\/p><pre class=\"wp-block-code\"> <code class=\"language-visual-basic\" lang=\"visual-basic\">ActiveSheet.Names.Add Name:=\"myRangeName\", RefersTo:=Selection<\/code><\/pre><p> E nel codice seguente <a href=\"https:\/\/exceladvisor.org\/it\/casella-msg-vba\/\">hai una finestra di messaggio<\/a> con la quale puoi inserire il nome che vuoi dare all&#8217;intervallo denominato.<\/p><pre class=\"wp-block-code\"> <code class=\"language-visual-basic\" lang=\"visual-basic\">Sub vba_named_range() Dim iName As String iName = InputBox(\"Enter Name for the Selection.\") ActiveSheet.Names.Add Name:=iName, RefersTo:=Selection End Sub<\/code><\/pre><h2 class=\"wp-block-heading\"> Ridimensionare un intervallo denominato utilizzando VBA (Dynamic Named Range)<\/h2><p> Per ridimensionare un intervallo denominato gi\u00e0 presente nel foglio di lavoro, \u00e8 necessario utilizzare la propriet\u00e0 di ridimensionamento e indicare a VBA quante righe e colonne si desidera espandere dall&#8217;intervallo corrente. Considera il codice seguente che espande l&#8217;intervallo denominato &#8220;myRange&#8221; che inizialmente ha la cella A1 come intervallo ma lo ridimensiona alla colonna M e alla riga 11. <\/p><div class=\"wp-block-image\"><figure class=\"aligncenter size-large is-resized\"><img loading=\"lazy\" decoding=\"async\" class=\"wp-image-53867\" src=\"https:\/\/exceladvisor.org\/wp-content\/uploads\/2023\/08\/2-redimensionner-une-plage-nommee.png\" sizes=\"auto, \" srcset=\"\" alt=\"ridimensionare un intervallo denominato\" width=\"739\" height=\"465\"><\/figure><\/div><pre class=\"wp-block-code\"> <code class=\"language-visual-basic\" lang=\"visual-basic\">Sub vba_named_range() Dim iRow As Long Dim iColumn As Long iRow = ActiveSheet.Range(\"A1\").End(xlDown).Row iColumn = ActiveSheet.Range(\"A1\").End(xlToRight).Column ActiveSheet.Range(\"myRange\") _ .Resize(iRow, iColumn).Name = \"myRange\" End Sub<\/code><\/pre><p> L&#8217;ho diviso in tre parti per chiarirti le idee, ora veniamo al sodo. <\/p><div class=\"wp-block-image\"><figure class=\"aligncenter size-large is-resized\"><img loading=\"lazy\" decoding=\"async\" class=\"wp-image-53868\" src=\"https:\/\/exceladvisor.org\/wp-content\/uploads\/2023\/08\/3-divise-en-trois-parties.png\" sizes=\"auto, \" srcset=\"\" alt=\"diviso in tre parti\" width=\"596\" height=\"351\"><\/figure><\/div><ul><li> Nella PRIMA parte hai delle variabili dichiarate per memorizzare le righe e il numero di colonne.<\/li><li> Nella SECONDA parte, hai utilizzato il metodo &#8220;END&#8221; con l&#8217;intervallo per ottenere l&#8217;ultima riga e colonna e memorizzarla per le variabili.<\/li><li> Nella Parte TRE hai utilizzato la propriet\u00e0 Resize con l&#8217;intervallo denominato &#8220;myRange&#8221;. E dopo il numero di riga e colonna che hai nelle variabili. <\/li><\/ul><div class=\"wp-block-image\"><figure class=\"aligncenter size-large is-resized\"><img loading=\"lazy\" decoding=\"async\" class=\"wp-image-53869\" src=\"https:\/\/exceladvisor.org\/wp-content\/uploads\/2023\/08\/4-variables-declarees-pour-stocker-des-lignes.png\" sizes=\"auto, \" srcset=\"\" alt=\"variabili dichiarate per memorizzare righe\" width=\"656\" height=\"307\"><\/figure><\/div><p> Quando esegui questo codice, ridimensiona il vecchio intervallo in base ai dati che hai e lo rende un intervallo denominato dinamico. Ogni volta che \u00e8 necessario aggiornarlo, puoi eseguire il codice e ridimensionare l&#8217;intervallo denominato esistente.<\/p><div class=\"gb-container gb-container-4db6181c gb-container-mt\"> <a class=\"gb-button gb-button-c5897111 gb-button-text gb-button-mt-button\" href=\"https:\/\/exceladvisor.org\/it\/vba\/\">Cos&#8217;\u00e8 VBA<\/a><h2 class=\"gb-headline gb-headline-665e5f6b gb-headline-text gb-headline-mt-heading\"> Tutorial correlati <\/h2><div class=\"gb-grid-wrapper gb-grid-wrapper-a20baf7c gb-grid-wrapper-mt-grid\"><div class=\"gb-grid-column gb-grid-column-65ddf67e\"><div class=\"gb-container gb-container-65ddf67e\"><ul><li> <a href=\"https:\/\/exceladvisor.org\/it\/numero-di-righe\/\">Contare le righe utilizzando VBA in Excel<\/a><\/li><li> <a href=\"https:\/\/exceladvisor.org\/it\/carattere-del-carattere\/\">Carattere VBA Excel (colore, dimensione, tipo e grassetto)<\/a><\/li><li> <a href=\"https:\/\/exceladvisor.org\/it\/nascondi-mostra-la-riga-della-colonna\/\">Excel VBA Nascondi e mostra una colonna o una riga<\/a><\/li><li> <a href=\"https:\/\/exceladvisor.org\/it\/gamma-1\/\">Intervallo VBA di Excel: utilizzo di intervalli e celle<\/a><\/li><li> <a href=\"https:\/\/exceladvisor.org\/it\/frontiere\/\">Applica i bordi a una cella utilizzando VBA in Excel<\/a><\/li><\/ul><\/div><\/div><\/div><\/div>","protected":false},"excerpt":{"rendered":"","protected":false},"author":1,"featured_media":0,"parent":0,"menu_order":0,"comment_status":"open","ping_status":"closed","template":"","meta":{"ub_ctt_via":"","footnotes":""},"class_list":["post-2054","page","type-page","status-publish","hentry"],"featured_image_src":null,"yoast_head":"<!-- This site is optimized with the Yoast SEO plugin v25.4 - https:\/\/yoast.com\/wordpress\/plugins\/seo\/ -->\n<title>Come creare un intervallo denominato utilizzando VBA?<\/title>\n<meta name=\"description\" content=\"Scopri come utilizzare VBA per creare un INTERVALLO NOMINATO in Excel. Intervallo denominato dalla selezione + ridimensionamento di un intervallo denominato.\" \/>\n<meta name=\"robots\" content=\"index, follow, max-snippet:-1, max-image-preview:large, max-video-preview:-1\" \/>\n<link rel=\"canonical\" href=\"https:\/\/exceladvisor.org\/it\/spiaggia-denominata\/\" \/>\n<meta property=\"og:locale\" content=\"it_IT\" \/>\n<meta property=\"og:type\" content=\"article\" \/>\n<meta property=\"og:title\" content=\"Come creare un intervallo denominato utilizzando VBA?\" \/>\n<meta property=\"og:description\" content=\"Scopri come utilizzare VBA per creare un INTERVALLO NOMINATO in Excel. Intervallo denominato dalla selezione + ridimensionamento di un intervallo denominato.\" \/>\n<meta property=\"og:url\" content=\"https:\/\/exceladvisor.org\/it\/spiaggia-denominata\/\" \/>\n<meta property=\"og:site_name\" content=\"Excel Advisor\" \/>\n<meta property=\"article:modified_time\" content=\"2023-12-10T06:23:15+00:00\" \/>\n<meta property=\"og:image\" content=\"https:\/\/exceladvisor.org\/wp-content\/uploads\/2023\/08\/1-creer-une-plage-de-noms-en-utilisant-vba.png\" \/>\n<meta name=\"twitter:card\" content=\"summary_large_image\" \/>\n<meta name=\"twitter:label1\" content=\"Tempo di lettura stimato\" \/>\n\t<meta name=\"twitter:data1\" content=\"2 minuti\" \/>\n<script type=\"application\/ld+json\" class=\"yoast-schema-graph\">{\"@context\":\"https:\/\/schema.org\",\"@graph\":[{\"@type\":\"WebPage\",\"@id\":\"https:\/\/exceladvisor.org\/it\/spiaggia-denominata\/\",\"url\":\"https:\/\/exceladvisor.org\/it\/spiaggia-denominata\/\",\"name\":\"Come creare un intervallo denominato utilizzando VBA?\",\"isPartOf\":{\"@id\":\"https:\/\/exceladvisor.org\/it\/#website\"},\"primaryImageOfPage\":{\"@id\":\"https:\/\/exceladvisor.org\/it\/spiaggia-denominata\/#primaryimage\"},\"image\":{\"@id\":\"https:\/\/exceladvisor.org\/it\/spiaggia-denominata\/#primaryimage\"},\"thumbnailUrl\":\"https:\/\/exceladvisor.org\/wp-content\/uploads\/2023\/08\/1-creer-une-plage-de-noms-en-utilisant-vba.png\",\"datePublished\":\"2023-10-22T09:11:23+00:00\",\"dateModified\":\"2023-12-10T06:23:15+00:00\",\"description\":\"Scopri come utilizzare VBA per creare un INTERVALLO NOMINATO in Excel. Intervallo denominato dalla selezione + ridimensionamento di un intervallo denominato.\",\"breadcrumb\":{\"@id\":\"https:\/\/exceladvisor.org\/it\/spiaggia-denominata\/#breadcrumb\"},\"inLanguage\":\"it-IT\",\"potentialAction\":[{\"@type\":\"ReadAction\",\"target\":[\"https:\/\/exceladvisor.org\/it\/spiaggia-denominata\/\"]}]},{\"@type\":\"ImageObject\",\"inLanguage\":\"it-IT\",\"@id\":\"https:\/\/exceladvisor.org\/it\/spiaggia-denominata\/#primaryimage\",\"url\":\"https:\/\/exceladvisor.org\/wp-content\/uploads\/2023\/08\/1-creer-une-plage-de-noms-en-utilisant-vba.png\",\"contentUrl\":\"https:\/\/exceladvisor.org\/wp-content\/uploads\/2023\/08\/1-creer-une-plage-de-noms-en-utilisant-vba.png\"},{\"@type\":\"BreadcrumbList\",\"@id\":\"https:\/\/exceladvisor.org\/it\/spiaggia-denominata\/#breadcrumb\",\"itemListElement\":[{\"@type\":\"ListItem\",\"position\":1,\"name\":\"Home\",\"item\":\"https:\/\/exceladvisor.org\/it\/\"},{\"@type\":\"ListItem\",\"position\":2,\"name\":\"Come creare un intervallo denominato utilizzando vba?\"}]},{\"@type\":\"WebSite\",\"@id\":\"https:\/\/exceladvisor.org\/it\/#website\",\"url\":\"https:\/\/exceladvisor.org\/it\/\",\"name\":\"Excel Advisor\",\"description\":\"Tips, Tricks, and Time-Saving Hacks\",\"publisher\":{\"@id\":\"https:\/\/exceladvisor.org\/it\/#organization\"},\"potentialAction\":[{\"@type\":\"SearchAction\",\"target\":{\"@type\":\"EntryPoint\",\"urlTemplate\":\"https:\/\/exceladvisor.org\/it\/?s={search_term_string}\"},\"query-input\":{\"@type\":\"PropertyValueSpecification\",\"valueRequired\":true,\"valueName\":\"search_term_string\"}}],\"inLanguage\":\"it-IT\"},{\"@type\":\"Organization\",\"@id\":\"https:\/\/exceladvisor.org\/it\/#organization\",\"name\":\"Excel Advisor\",\"url\":\"https:\/\/exceladvisor.org\/it\/\",\"logo\":{\"@type\":\"ImageObject\",\"inLanguage\":\"it-IT\",\"@id\":\"https:\/\/exceladvisor.org\/it\/#\/schema\/logo\/image\/\",\"url\":\"https:\/\/exceladvisor.org\/it\/wp-content\/uploads\/2023\/12\/exceladvisor.org_.png\",\"contentUrl\":\"https:\/\/exceladvisor.org\/it\/wp-content\/uploads\/2023\/12\/exceladvisor.org_.png\",\"width\":105,\"height\":36,\"caption\":\"Excel Advisor\"},\"image\":{\"@id\":\"https:\/\/exceladvisor.org\/it\/#\/schema\/logo\/image\/\"}}]}<\/script>\n<!-- \/ Yoast SEO plugin. -->","yoast_head_json":{"title":"Come creare un intervallo denominato utilizzando VBA?","description":"Scopri come utilizzare VBA per creare un INTERVALLO NOMINATO in Excel. Intervallo denominato dalla selezione + ridimensionamento di un intervallo denominato.","robots":{"index":"index","follow":"follow","max-snippet":"max-snippet:-1","max-image-preview":"max-image-preview:large","max-video-preview":"max-video-preview:-1"},"canonical":"https:\/\/exceladvisor.org\/it\/spiaggia-denominata\/","og_locale":"it_IT","og_type":"article","og_title":"Come creare un intervallo denominato utilizzando VBA?","og_description":"Scopri come utilizzare VBA per creare un INTERVALLO NOMINATO in Excel. Intervallo denominato dalla selezione + ridimensionamento di un intervallo denominato.","og_url":"https:\/\/exceladvisor.org\/it\/spiaggia-denominata\/","og_site_name":"Excel Advisor","article_modified_time":"2023-12-10T06:23:15+00:00","og_image":[{"url":"https:\/\/exceladvisor.org\/wp-content\/uploads\/2023\/08\/1-creer-une-plage-de-noms-en-utilisant-vba.png","type":"","width":"","height":""}],"twitter_card":"summary_large_image","twitter_misc":{"Tempo di lettura stimato":"2 minuti"},"schema":{"@context":"https:\/\/schema.org","@graph":[{"@type":"WebPage","@id":"https:\/\/exceladvisor.org\/it\/spiaggia-denominata\/","url":"https:\/\/exceladvisor.org\/it\/spiaggia-denominata\/","name":"Come creare un intervallo denominato utilizzando VBA?","isPartOf":{"@id":"https:\/\/exceladvisor.org\/it\/#website"},"primaryImageOfPage":{"@id":"https:\/\/exceladvisor.org\/it\/spiaggia-denominata\/#primaryimage"},"image":{"@id":"https:\/\/exceladvisor.org\/it\/spiaggia-denominata\/#primaryimage"},"thumbnailUrl":"https:\/\/exceladvisor.org\/wp-content\/uploads\/2023\/08\/1-creer-une-plage-de-noms-en-utilisant-vba.png","datePublished":"2023-10-22T09:11:23+00:00","dateModified":"2023-12-10T06:23:15+00:00","description":"Scopri come utilizzare VBA per creare un INTERVALLO NOMINATO in Excel. Intervallo denominato dalla selezione + ridimensionamento di un intervallo denominato.","breadcrumb":{"@id":"https:\/\/exceladvisor.org\/it\/spiaggia-denominata\/#breadcrumb"},"inLanguage":"it-IT","potentialAction":[{"@type":"ReadAction","target":["https:\/\/exceladvisor.org\/it\/spiaggia-denominata\/"]}]},{"@type":"ImageObject","inLanguage":"it-IT","@id":"https:\/\/exceladvisor.org\/it\/spiaggia-denominata\/#primaryimage","url":"https:\/\/exceladvisor.org\/wp-content\/uploads\/2023\/08\/1-creer-une-plage-de-noms-en-utilisant-vba.png","contentUrl":"https:\/\/exceladvisor.org\/wp-content\/uploads\/2023\/08\/1-creer-une-plage-de-noms-en-utilisant-vba.png"},{"@type":"BreadcrumbList","@id":"https:\/\/exceladvisor.org\/it\/spiaggia-denominata\/#breadcrumb","itemListElement":[{"@type":"ListItem","position":1,"name":"Home","item":"https:\/\/exceladvisor.org\/it\/"},{"@type":"ListItem","position":2,"name":"Come creare un intervallo denominato utilizzando vba?"}]},{"@type":"WebSite","@id":"https:\/\/exceladvisor.org\/it\/#website","url":"https:\/\/exceladvisor.org\/it\/","name":"Excel Advisor","description":"Tips, Tricks, and Time-Saving Hacks","publisher":{"@id":"https:\/\/exceladvisor.org\/it\/#organization"},"potentialAction":[{"@type":"SearchAction","target":{"@type":"EntryPoint","urlTemplate":"https:\/\/exceladvisor.org\/it\/?s={search_term_string}"},"query-input":{"@type":"PropertyValueSpecification","valueRequired":true,"valueName":"search_term_string"}}],"inLanguage":"it-IT"},{"@type":"Organization","@id":"https:\/\/exceladvisor.org\/it\/#organization","name":"Excel Advisor","url":"https:\/\/exceladvisor.org\/it\/","logo":{"@type":"ImageObject","inLanguage":"it-IT","@id":"https:\/\/exceladvisor.org\/it\/#\/schema\/logo\/image\/","url":"https:\/\/exceladvisor.org\/it\/wp-content\/uploads\/2023\/12\/exceladvisor.org_.png","contentUrl":"https:\/\/exceladvisor.org\/it\/wp-content\/uploads\/2023\/12\/exceladvisor.org_.png","width":105,"height":36,"caption":"Excel Advisor"},"image":{"@id":"https:\/\/exceladvisor.org\/it\/#\/schema\/logo\/image\/"}}]}},"yoast_meta":{"yoast_wpseo_title":"","yoast_wpseo_metadesc":"","yoast_wpseo_canonical":""},"_links":{"self":[{"href":"https:\/\/exceladvisor.org\/it\/wp-json\/wp\/v2\/pages\/2054","targetHints":{"allow":["GET"]}}],"collection":[{"href":"https:\/\/exceladvisor.org\/it\/wp-json\/wp\/v2\/pages"}],"about":[{"href":"https:\/\/exceladvisor.org\/it\/wp-json\/wp\/v2\/types\/page"}],"author":[{"embeddable":true,"href":"https:\/\/exceladvisor.org\/it\/wp-json\/wp\/v2\/users\/1"}],"replies":[{"embeddable":true,"href":"https:\/\/exceladvisor.org\/it\/wp-json\/wp\/v2\/comments?post=2054"}],"version-history":[{"count":1,"href":"https:\/\/exceladvisor.org\/it\/wp-json\/wp\/v2\/pages\/2054\/revisions"}],"predecessor-version":[{"id":2498,"href":"https:\/\/exceladvisor.org\/it\/wp-json\/wp\/v2\/pages\/2054\/revisions\/2498"}],"wp:attachment":[{"href":"https:\/\/exceladvisor.org\/it\/wp-json\/wp\/v2\/media?parent=2054"}],"curies":[{"name":"wp","href":"https:\/\/api.w.org\/{rel}","templated":true}]}}