{"id":2057,"date":"2023-10-22T04:39:17","date_gmt":"2023-10-22T04:39:17","guid":{"rendered":"https:\/\/exceladvisor.org\/it\/domenica-precedente-2\/"},"modified":"2023-12-10T06:24:41","modified_gmt":"2023-12-10T06:24:41","slug":"domenica-precedente-2","status":"publish","type":"page","link":"https:\/\/exceladvisor.org\/it\/domenica-precedente-2\/","title":{"rendered":"Come ottenere la data della domenica precedente in excel?"},"content":{"rendered":"<div class=\"excel-prima-del-contenuto\" id=\"excel-2138257927\"><script type=\"text\/javascript\">\r\n\tatOptions = {\r\n\t\t'key' : 'c1158f160081d6540a8409e6925dab94',\r\n\t\t'format' : 'iframe',\r\n\t\t'height' : 250,\r\n\t\t'width' : 300,\r\n\t\t'params' : {}\r\n\t};\r\n<\/script>\r\n<script type=\"text\/javascript\" src=\"\/\/www.highperformanceformat.com\/c1158f160081d6540a8409e6925dab94\/invoke.js\"><\/script><\/div> <p>Se desideri ottenere la data della domenica precedente per una data particolare in Excel, devi scrivere una formula utilizzando la funzione GIORNO DELLA SETTIMANA di Excel. <\/p><div class=\"wp-block-image\"><figure class=\"aligncenter size-full is-resized\"><img loading=\"lazy\" decoding=\"async\" class=\"wp-image-83667\" src=\"https:\/\/exceladvisor.org\/wp-content\/uploads\/2023\/08\/1-obtenir-le-dimanche-precedent.png\" sizes=\"auto, \" srcset=\"\" alt=\"prendi-domenica-precedente\" width=\"472\" height=\"320\"><\/figure><\/div><h2 class=\"wp-block-heading\"> Formula per ottenere l&#8217;ultima domenica<\/h2><p> Di seguito sono riportati i passaggi da seguire:<\/p><ol type=\"1\"><li> Fai riferimento alla cella A1 dove hai la data corrente.<\/li><li> Digitare l&#8217;operatore meno (-).<\/li><li> Inserire la funzione GIORNO DELLA SETTIMANA; Nel primo argomento (), fare riferimento alla cella A1.<\/li><li> Nel secondo argomento, inserisci (11) e premi Invio per ottenere il risultato. <\/li><\/ol><div class=\"wp-block-image\"><figure class=\"aligncenter size-full is-resized\"><img loading=\"lazy\" decoding=\"async\" class=\"wp-image-83668\" src=\"https:\/\/exceladvisor.org\/wp-content\/uploads\/2023\/08\/2-formules-a-obtenir-dimanche-dernier.png\" sizes=\"auto, \" srcset=\"\" alt=\"formula da prendere domenica scorsa\" width=\"527\" height=\"351\"><\/figure><\/div><p> Dopo aver premuto Invio, verr\u00e0 restituita la data dell&#8217;ultima domenica dalla data originale nella cella A1. <\/p><div class=\"wp-block-image\"><figure class=\"aligncenter size-full is-resized\"><img loading=\"lazy\" decoding=\"async\" class=\"wp-image-83669\" src=\"https:\/\/exceladvisor.org\/wp-content\/uploads\/2023\/08\/3-renvoie-la-date-du-dernier-dimanche.png\" sizes=\"auto, \" srcset=\"\" alt=\"restituire la data di domenica scorsa\" width=\"538\" height=\"363\"><\/figure><\/div><h3 class=\"wp-block-heading\"> Come funziona questa formula?<\/h3><p> Per comprendere questa formula, devi prima comprendere la funzione GIORNO DELLA SETTIMANA. Quando fai riferimento a una data nella funzione WEEKDAY, restituisce un numero compreso tra 1 e 7 a seconda del giorno della data e della struttura settimanale scelta. <\/p><div class=\"wp-block-image\"><figure class=\"aligncenter size-full is-resized\"><img loading=\"lazy\" decoding=\"async\" class=\"wp-image-83670\" src=\"https:\/\/exceladvisor.org\/wp-content\/uploads\/2023\/08\/4-comprendre-la-fonction-des-jours-de-la-semaine.png\" sizes=\"auto, \" srcset=\"\" alt=\"comprendere la funzione dei giorni feriali\" width=\"584\" height=\"119\"><\/figure><\/div><p> Nel secondo argomento (return_type), \u00e8 necessario specificare un numero che indica alla funzione di considerare il primo giorno della settimana. E se selezioni (2 o 11), la settimana inizier\u00e0 da luned\u00ec.<\/p><p> Ad esempio: <strong>se il giorno \u00e8 mercoled\u00ec e la settimana inizia luned\u00ec, il numero del giorno per la data sar\u00e0 3.<\/strong> Quindi sotto puoi vedere che abbiamo 3 nel risultato. <\/p><div class=\"wp-block-image\"><figure class=\"aligncenter size-full is-resized\"><img loading=\"lazy\" decoding=\"async\" class=\"wp-image-83671\" src=\"https:\/\/exceladvisor.org\/wp-content\/uploads\/2023\/08\/5-resultats-du-jour-de-la-semaine.png\" sizes=\"auto, \" srcset=\"\" alt=\"risultato del giorno della settimana\" width=\"470\" height=\"203\"><\/figure><\/div><p> E alla fine, quando hai 3 di WEEKDAY e lo sottrai dalla data originale, nel risultato ottieni la data della domenica precedente. <\/p><div class=\"wp-block-image\"><figure class=\"aligncenter size-full is-resized\"><img loading=\"lazy\" decoding=\"async\" class=\"wp-image-83672\" src=\"https:\/\/exceladvisor.org\/wp-content\/uploads\/2023\/08\/6-date-du-dimanche-precedent.png\" sizes=\"auto, \" srcset=\"\" alt=\"data-della-domenica-precedente\" width=\"599\" height=\"195\"><\/figure><\/div><h3 class=\"wp-block-heading\"> Ottieni altri giorni precedenti<\/h3><p> Puoi ottenere anche altri giorni precedenti se vuoi. <\/p><div class=\"wp-block-image\"><figure class=\"aligncenter size-full is-resized\"><img loading=\"lazy\" decoding=\"async\" class=\"wp-image-83674\" src=\"https:\/\/exceladvisor.org\/wp-content\/uploads\/2023\/08\/7-obtenir-dautres-jours-precedents.png\" sizes=\"auto, \" srcset=\"\" alt=\"prendi-altri-giorni-precedenti\" width=\"587\" height=\"320\"><\/figure><\/div><pre class=\"wp-block-code\"> <code class=\"language-excel-formula\" lang=\"excel-formula\">=date-WEEKDAY(date,11) =date-WEEKDAY(date,12) =date-WEEKDAY(date,13) =date -WEEKDAY(date,14) =date -WEEKDAY(date,15) =date -WEEKDAY(date,16) =date-WEEKDAY(date,17)<\/code><\/pre><p> \u00c8 necessario modificare l&#8217;argomento [return_type] nella funzione per modificare il giorno di inizio della settimana.<\/p><h3 class=\"wp-block-heading\"> Applicare la formattazione del giorno con la data<\/h3><p> Non otterrai il nome del giorno in una cella quando ottieni una data in una cella. Ma puoi modificare la formattazione per farlo rapidamente.<\/p><ol type=\"1\"><li> Seleziona la cella e apri l&#8217;opzione Formato celle (Ctrl+1).<\/li><li> Fare clic sulla categoria Personalizzato e fare clic con la barra di input (Tipo).<\/li><li> Immettere (gg-mmm-aa, gg) e fare clic su OK per applicare. <\/li><\/ol><div class=\"wp-block-image\"><figure class=\"aligncenter size-full is-resized\"><img loading=\"lazy\" decoding=\"async\" class=\"wp-image-83675\" src=\"https:\/\/exceladvisor.org\/wp-content\/uploads\/2023\/08\/Formatage-8-jours-avec-date.png\" sizes=\"auto, \" srcset=\"\" alt=\"formattazione-giorno-con-data\" width=\"589\" height=\"584\"><\/figure><\/div><h2 class=\"wp-block-heading\"> Secondo metodo<\/h2><p> \u00c8 inoltre possibile utilizzare SELEZIONA con GIORNO DELLA SETTIMANA per ottenere la domenica precedente. <\/p><div class=\"wp-block-image\"><figure class=\"aligncenter size-full is-resized\"><img loading=\"lazy\" decoding=\"async\" class=\"wp-image-83676\" src=\"https:\/\/exceladvisor.org\/wp-content\/uploads\/2023\/08\/Methode-en-9-secondes-pour-obtenir-le-dimanche-precedent.png\" sizes=\"auto, \" srcset=\"\" alt=\"secondo-metodo-per-ottenere-la-domenica-precedente\" width=\"569\" height=\"332\"><\/figure><\/div><pre class=\"wp-block-code\"> <code class=\"language-excel-formula\" lang=\"excel-formula\">=A1-CHOOSE(WEEKDAY(A1),0,1,2,3,4,5,6)<\/code><\/pre><p> In questa formula abbiamo utilizzato WEEKDAY senza specificare l&#8217;argomento [return_type], accetta il valore predefinito e utilizza la domenica come primo giorno della settimana.<\/p><p> Se hai mercoled\u00ec, WEEKNUM restituisce 4 nel risultato e SCEGLI restituisce 3 nell&#8217;elenco dei numeri. E poi, alla fine, otterrai la data della domenica sottraendo 3 giorni dalla data originale.<\/p><p> Nota: \u00e8 meglio utilizzare il primo metodo per ottenere la domenica precedente o qualsiasi giorno. <\/p><div class=\"gb-container gb-container-52dfcee1 gb-container-sample-file\"><h2 class=\"gb-headline gb-headline-e289c143 gb-headline-text gb-headline-4f7959c2\"> Ottieni il file Excel<\/h2><p> <a class=\"gb-button gb-button-e88d6bee gb-button-text gb-button-button1\" href=\"https:\/\/exceladvisor.org\/it\/un\/\" rel=\"nofollow\">Scaricamento<\/a><\/p><\/div><div class=\"gb-container gb-container-0df56012 gb-container-mt\"> <a class=\"gb-button gb-button-f9f432f4 gb-button-text gb-button-mt-button\" href=\"https:\/\/exceladvisor.org\/it\/formule\/\">Elenco delle formule di Excel<\/a><h2 class=\"gb-headline gb-headline-233444e8 gb-headline-text gb-headline-mt-heading\"> Formule correlate <\/h2><div class=\"gb-grid-wrapper gb-grid-wrapper-a16fa65c gb-grid-wrapper-mt-grid\"><div class=\"gb-grid-column gb-grid-column-50d07e0d\"><div class=\"gb-container gb-container-50d07e0d\"><ul><li> <a href=\"https:\/\/exceladvisor.org\/it\/aggiungere-la-data-della-settimana\/\">Aggiungi-sottrai settimana da una data in Excel<\/a><\/li><li> <a href=\"https:\/\/exceladvisor.org\/it\/ottieni-il-nome-del-giorno\/\">Ottieni il nome del giorno da una data in Excel<\/a><\/li><li> <a href=\"https:\/\/exceladvisor.org\/it\/giorni-del-mese\/\">Ottieni il numero totale di giorni di mesi in Excel<\/a><\/li><li> <a href=\"https:\/\/exceladvisor.org\/it\/mesi-giorni-lavorativi\/\">Giorni lavorativi in un mese<\/a><\/li><li> <a href=\"https:\/\/exceladvisor.org\/it\/data-al-testo-2\/\">Converti la data in testo<\/a><\/li><\/ul><\/div><\/div><\/div><\/div>","protected":false},"excerpt":{"rendered":"","protected":false},"author":1,"featured_media":0,"parent":0,"menu_order":0,"comment_status":"open","ping_status":"closed","template":"","meta":{"ub_ctt_via":"","footnotes":""},"class_list":["post-2057","page","type-page","status-publish","hentry"],"featured_image_src":null,"yoast_head":"<!-- This site is optimized with the Yoast SEO plugin v25.4 - https:\/\/yoast.com\/wordpress\/plugins\/seo\/ -->\n<title>Come ottenere la data della domenica precedente in Excel?<\/title>\n<meta name=\"description\" content=\"Questo tutorial ti insegner\u00e0 come scrivere una formula Excel per ottenere la data della domenica precedente. Controlliamo questo...\" \/>\n<meta name=\"robots\" content=\"index, follow, max-snippet:-1, max-image-preview:large, max-video-preview:-1\" \/>\n<link rel=\"canonical\" href=\"https:\/\/exceladvisor.org\/it\/domenica-precedente-2\/\" \/>\n<meta property=\"og:locale\" content=\"it_IT\" \/>\n<meta property=\"og:type\" content=\"article\" \/>\n<meta property=\"og:title\" content=\"Come ottenere la data della domenica precedente in Excel?\" \/>\n<meta property=\"og:description\" content=\"Questo tutorial ti insegner\u00e0 come scrivere una formula Excel per ottenere la data della domenica precedente. Controlliamo questo...\" \/>\n<meta property=\"og:url\" content=\"https:\/\/exceladvisor.org\/it\/domenica-precedente-2\/\" \/>\n<meta property=\"og:site_name\" content=\"Excel Advisor\" \/>\n<meta property=\"article:modified_time\" content=\"2023-12-10T06:24:41+00:00\" \/>\n<meta property=\"og:image\" content=\"https:\/\/exceladvisor.org\/wp-content\/uploads\/2023\/08\/1-obtenir-le-dimanche-precedent.png\" \/>\n<meta name=\"twitter:card\" content=\"summary_large_image\" \/>\n<meta name=\"twitter:label1\" content=\"Tempo di lettura stimato\" \/>\n\t<meta name=\"twitter:data1\" content=\"2 minuti\" \/>\n<script type=\"application\/ld+json\" class=\"yoast-schema-graph\">{\"@context\":\"https:\/\/schema.org\",\"@graph\":[{\"@type\":\"WebPage\",\"@id\":\"https:\/\/exceladvisor.org\/it\/domenica-precedente-2\/\",\"url\":\"https:\/\/exceladvisor.org\/it\/domenica-precedente-2\/\",\"name\":\"Come ottenere la data della domenica precedente in Excel?\",\"isPartOf\":{\"@id\":\"https:\/\/exceladvisor.org\/it\/#website\"},\"primaryImageOfPage\":{\"@id\":\"https:\/\/exceladvisor.org\/it\/domenica-precedente-2\/#primaryimage\"},\"image\":{\"@id\":\"https:\/\/exceladvisor.org\/it\/domenica-precedente-2\/#primaryimage\"},\"thumbnailUrl\":\"https:\/\/exceladvisor.org\/wp-content\/uploads\/2023\/08\/1-obtenir-le-dimanche-precedent.png\",\"datePublished\":\"2023-10-22T04:39:17+00:00\",\"dateModified\":\"2023-12-10T06:24:41+00:00\",\"description\":\"Questo tutorial ti insegner\u00e0 come scrivere una formula Excel per ottenere la data della domenica precedente. Controlliamo questo...\",\"breadcrumb\":{\"@id\":\"https:\/\/exceladvisor.org\/it\/domenica-precedente-2\/#breadcrumb\"},\"inLanguage\":\"it-IT\",\"potentialAction\":[{\"@type\":\"ReadAction\",\"target\":[\"https:\/\/exceladvisor.org\/it\/domenica-precedente-2\/\"]}]},{\"@type\":\"ImageObject\",\"inLanguage\":\"it-IT\",\"@id\":\"https:\/\/exceladvisor.org\/it\/domenica-precedente-2\/#primaryimage\",\"url\":\"https:\/\/exceladvisor.org\/wp-content\/uploads\/2023\/08\/1-obtenir-le-dimanche-precedent.png\",\"contentUrl\":\"https:\/\/exceladvisor.org\/wp-content\/uploads\/2023\/08\/1-obtenir-le-dimanche-precedent.png\"},{\"@type\":\"BreadcrumbList\",\"@id\":\"https:\/\/exceladvisor.org\/it\/domenica-precedente-2\/#breadcrumb\",\"itemListElement\":[{\"@type\":\"ListItem\",\"position\":1,\"name\":\"Home\",\"item\":\"https:\/\/exceladvisor.org\/it\/\"},{\"@type\":\"ListItem\",\"position\":2,\"name\":\"Come ottenere la data della domenica precedente in excel?\"}]},{\"@type\":\"WebSite\",\"@id\":\"https:\/\/exceladvisor.org\/it\/#website\",\"url\":\"https:\/\/exceladvisor.org\/it\/\",\"name\":\"Excel Advisor\",\"description\":\"Tips, Tricks, and Time-Saving Hacks\",\"publisher\":{\"@id\":\"https:\/\/exceladvisor.org\/it\/#organization\"},\"potentialAction\":[{\"@type\":\"SearchAction\",\"target\":{\"@type\":\"EntryPoint\",\"urlTemplate\":\"https:\/\/exceladvisor.org\/it\/?s={search_term_string}\"},\"query-input\":{\"@type\":\"PropertyValueSpecification\",\"valueRequired\":true,\"valueName\":\"search_term_string\"}}],\"inLanguage\":\"it-IT\"},{\"@type\":\"Organization\",\"@id\":\"https:\/\/exceladvisor.org\/it\/#organization\",\"name\":\"Excel Advisor\",\"url\":\"https:\/\/exceladvisor.org\/it\/\",\"logo\":{\"@type\":\"ImageObject\",\"inLanguage\":\"it-IT\",\"@id\":\"https:\/\/exceladvisor.org\/it\/#\/schema\/logo\/image\/\",\"url\":\"https:\/\/exceladvisor.org\/it\/wp-content\/uploads\/2023\/12\/exceladvisor.org_.png\",\"contentUrl\":\"https:\/\/exceladvisor.org\/it\/wp-content\/uploads\/2023\/12\/exceladvisor.org_.png\",\"width\":105,\"height\":36,\"caption\":\"Excel Advisor\"},\"image\":{\"@id\":\"https:\/\/exceladvisor.org\/it\/#\/schema\/logo\/image\/\"}}]}<\/script>\n<!-- \/ Yoast SEO plugin. -->","yoast_head_json":{"title":"Come ottenere la data della domenica precedente in Excel?","description":"Questo tutorial ti insegner\u00e0 come scrivere una formula Excel per ottenere la data della domenica precedente. Controlliamo questo...","robots":{"index":"index","follow":"follow","max-snippet":"max-snippet:-1","max-image-preview":"max-image-preview:large","max-video-preview":"max-video-preview:-1"},"canonical":"https:\/\/exceladvisor.org\/it\/domenica-precedente-2\/","og_locale":"it_IT","og_type":"article","og_title":"Come ottenere la data della domenica precedente in Excel?","og_description":"Questo tutorial ti insegner\u00e0 come scrivere una formula Excel per ottenere la data della domenica precedente. Controlliamo questo...","og_url":"https:\/\/exceladvisor.org\/it\/domenica-precedente-2\/","og_site_name":"Excel Advisor","article_modified_time":"2023-12-10T06:24:41+00:00","og_image":[{"url":"https:\/\/exceladvisor.org\/wp-content\/uploads\/2023\/08\/1-obtenir-le-dimanche-precedent.png","type":"","width":"","height":""}],"twitter_card":"summary_large_image","twitter_misc":{"Tempo di lettura stimato":"2 minuti"},"schema":{"@context":"https:\/\/schema.org","@graph":[{"@type":"WebPage","@id":"https:\/\/exceladvisor.org\/it\/domenica-precedente-2\/","url":"https:\/\/exceladvisor.org\/it\/domenica-precedente-2\/","name":"Come ottenere la data della domenica precedente in Excel?","isPartOf":{"@id":"https:\/\/exceladvisor.org\/it\/#website"},"primaryImageOfPage":{"@id":"https:\/\/exceladvisor.org\/it\/domenica-precedente-2\/#primaryimage"},"image":{"@id":"https:\/\/exceladvisor.org\/it\/domenica-precedente-2\/#primaryimage"},"thumbnailUrl":"https:\/\/exceladvisor.org\/wp-content\/uploads\/2023\/08\/1-obtenir-le-dimanche-precedent.png","datePublished":"2023-10-22T04:39:17+00:00","dateModified":"2023-12-10T06:24:41+00:00","description":"Questo tutorial ti insegner\u00e0 come scrivere una formula Excel per ottenere la data della domenica precedente. Controlliamo questo...","breadcrumb":{"@id":"https:\/\/exceladvisor.org\/it\/domenica-precedente-2\/#breadcrumb"},"inLanguage":"it-IT","potentialAction":[{"@type":"ReadAction","target":["https:\/\/exceladvisor.org\/it\/domenica-precedente-2\/"]}]},{"@type":"ImageObject","inLanguage":"it-IT","@id":"https:\/\/exceladvisor.org\/it\/domenica-precedente-2\/#primaryimage","url":"https:\/\/exceladvisor.org\/wp-content\/uploads\/2023\/08\/1-obtenir-le-dimanche-precedent.png","contentUrl":"https:\/\/exceladvisor.org\/wp-content\/uploads\/2023\/08\/1-obtenir-le-dimanche-precedent.png"},{"@type":"BreadcrumbList","@id":"https:\/\/exceladvisor.org\/it\/domenica-precedente-2\/#breadcrumb","itemListElement":[{"@type":"ListItem","position":1,"name":"Home","item":"https:\/\/exceladvisor.org\/it\/"},{"@type":"ListItem","position":2,"name":"Come ottenere la data della domenica precedente in excel?"}]},{"@type":"WebSite","@id":"https:\/\/exceladvisor.org\/it\/#website","url":"https:\/\/exceladvisor.org\/it\/","name":"Excel Advisor","description":"Tips, Tricks, and Time-Saving Hacks","publisher":{"@id":"https:\/\/exceladvisor.org\/it\/#organization"},"potentialAction":[{"@type":"SearchAction","target":{"@type":"EntryPoint","urlTemplate":"https:\/\/exceladvisor.org\/it\/?s={search_term_string}"},"query-input":{"@type":"PropertyValueSpecification","valueRequired":true,"valueName":"search_term_string"}}],"inLanguage":"it-IT"},{"@type":"Organization","@id":"https:\/\/exceladvisor.org\/it\/#organization","name":"Excel Advisor","url":"https:\/\/exceladvisor.org\/it\/","logo":{"@type":"ImageObject","inLanguage":"it-IT","@id":"https:\/\/exceladvisor.org\/it\/#\/schema\/logo\/image\/","url":"https:\/\/exceladvisor.org\/it\/wp-content\/uploads\/2023\/12\/exceladvisor.org_.png","contentUrl":"https:\/\/exceladvisor.org\/it\/wp-content\/uploads\/2023\/12\/exceladvisor.org_.png","width":105,"height":36,"caption":"Excel Advisor"},"image":{"@id":"https:\/\/exceladvisor.org\/it\/#\/schema\/logo\/image\/"}}]}},"yoast_meta":{"yoast_wpseo_title":"","yoast_wpseo_metadesc":"","yoast_wpseo_canonical":""},"_links":{"self":[{"href":"https:\/\/exceladvisor.org\/it\/wp-json\/wp\/v2\/pages\/2057","targetHints":{"allow":["GET"]}}],"collection":[{"href":"https:\/\/exceladvisor.org\/it\/wp-json\/wp\/v2\/pages"}],"about":[{"href":"https:\/\/exceladvisor.org\/it\/wp-json\/wp\/v2\/types\/page"}],"author":[{"embeddable":true,"href":"https:\/\/exceladvisor.org\/it\/wp-json\/wp\/v2\/users\/1"}],"replies":[{"embeddable":true,"href":"https:\/\/exceladvisor.org\/it\/wp-json\/wp\/v2\/comments?post=2057"}],"version-history":[{"count":1,"href":"https:\/\/exceladvisor.org\/it\/wp-json\/wp\/v2\/pages\/2057\/revisions"}],"predecessor-version":[{"id":2596,"href":"https:\/\/exceladvisor.org\/it\/wp-json\/wp\/v2\/pages\/2057\/revisions\/2596"}],"wp:attachment":[{"href":"https:\/\/exceladvisor.org\/it\/wp-json\/wp\/v2\/media?parent=2057"}],"curies":[{"name":"wp","href":"https:\/\/api.w.org\/{rel}","templated":true}]}}