{"id":2060,"date":"2023-10-21T13:57:49","date_gmt":"2023-10-21T13:57:49","guid":{"rendered":"https:\/\/exceladvisor.org\/it\/carattere-del-carattere\/"},"modified":"2023-12-10T06:20:47","modified_gmt":"2023-12-10T06:20:47","slug":"carattere-del-carattere","status":"publish","type":"page","link":"https:\/\/exceladvisor.org\/it\/carattere-del-carattere\/","title":{"rendered":"Come apportare modifiche al carattere utilizzando vba?"},"content":{"rendered":"<div class=\"excel-prima-del-contenuto\" id=\"excel-2398976176\"><script type=\"text\/javascript\">\r\n\tatOptions = {\r\n\t\t'key' : 'c1158f160081d6540a8409e6925dab94',\r\n\t\t'format' : 'iframe',\r\n\t\t'height' : 250,\r\n\t\t'width' : 300,\r\n\t\t'params' : {}\r\n\t};\r\n<\/script>\r\n<script type=\"text\/javascript\" src=\"\/\/www.highperformanceformat.com\/c1158f160081d6540a8409e6925dab94\/invoke.js\"><\/script><\/div> <h2 class=\"wp-block-heading\">Note chiave<\/h2><ul><li> Per apportare modifiche a un carattere \u00e8 necessario utilizzare l&#8217;oggetto Font VBA.<\/li><li> Sono presenti un totale di 18 propriet\u00e0 con l&#8217;oggetto carattere a cui \u00e8 possibile accedere e a cui \u00e8 possibile apportare modifiche.<\/li><\/ul><h2 class=\"wp-block-heading\"> Oggetto carattere VBA<\/h2><p> In VBA, esiste un oggetto carattere che puoi utilizzare per modificare le propriet\u00e0 del carattere da una cella, come il colore del carattere, la dimensione del carattere, il tipo di carattere e puoi anche applicare il grassetto e il corsivo al carattere.<\/p><h3 class=\"wp-block-heading\"> Sintassi<\/h3><pre class=\"wp-block-code\"> <code class=\"language-visual-basic\" lang=\"visual-basic\">expression.font<\/code><\/pre><p> Per utilizzarlo \u00e8 necessario innanzitutto impostare l&#8217;indirizzo della cella, che \u00e8 possibile specificare nei seguenti modi.<\/p><pre class=\"wp-block-code\"> <code class=\"language-visual-basic\" lang=\"visual-basic\">Selection.Font Range(\"A1\").Font Cells(1, 1).Font Range(\"A1:A5\").Font<\/code><\/pre><h2 class=\"wp-block-heading\"> Colore del carattere VBA<\/h2><p> Per cambiare il colore del carattere, hai due modi diversi:<\/p><h3 class=\"wp-block-heading\"> 1. Utilizzo delle costanti di colore<\/h3><p> Excel dispone di alcune costanti di colore che puoi utilizzare per applicare un colore al carattere. Ad esempio, se desideri applicare il colore rosso al carattere nella cella A1, il codice sarebbe il seguente: <\/p><pre class=\"wp-block-code\"> <code class=\"language-visual-basic\" lang=\"visual-basic\">Range(\"A1\").Font.Color = vbRed<\/code><\/pre><div class=\"wp-block-image\"><figure class=\"aligncenter size-large is-resized\"><img loading=\"lazy\" decoding=\"async\" class=\"wp-image-50948\" src=\"https:\/\/exceladvisor.org\/wp-content\/uploads\/2023\/08\/1-en-utilisant-des-constantes-de-couleur.png\" sizes=\"auto, \" srcset=\"\" alt=\"utilizzare costanti di colore\" width=\"317\" height=\"157\"><\/figure><\/div><p> Nel codice sopra, dopo l&#8217;oggetto font, color \u00e8 la propriet\u00e0 e hai utilizzato la costante vbRed che indica a VBA di applicare il colore rosso alla cella A1. Ci sono un totale di otto costanti che puoi utilizzare:<\/p><ol type=\"1\"><li> vbNero: nero<\/li><li> vbRosso: rosso<\/li><li> vbVerde: verde<\/li><li> vbGiallo: giallo<\/li><li> vbBlu: blu<\/li><li> vbMagenta: magenta<\/li><li> vbCiano: ciano<\/li><li> vbBianco: bianco<\/li><\/ol><h3 class=\"wp-block-heading\"> 2. Utilizzo dell&#8217;RGB<\/h3><p> Puoi anche utilizzare la codifica colore RGB per applicare un colore al carattere. RGB \u00e8 la combinazione di colori di rosso, verde e blu, in cui \u00e8 possibile creare un colore personalizzato utilizzando il codice. Diciamo che se volessi applicare una combinazione di colori verde e blu alla cella A1, il codice sarebbe: <\/p><pre class=\"wp-block-code\"> <code class=\"language-visual-basic\" lang=\"visual-basic\">Range(\"A1\").Font.Color = RGB(0, 255, 255)<\/code><\/pre><div class=\"wp-block-image\"><figure class=\"aligncenter size-large is-resized\"><img loading=\"lazy\" decoding=\"async\" class=\"wp-image-50949\" src=\"https:\/\/exceladvisor.org\/wp-content\/uploads\/2023\/08\/2-en-utilisant-RVB.png\" sizes=\"auto, \" srcset=\"\" alt=\"usando-rgb\" width=\"462\" height=\"174\"><\/figure><\/div><h2 class=\"wp-block-heading\"> Dimensione carattere VBA<\/h2><p> L&#8217;oggetto Font ti d\u00e0 anche accesso alla propriet\u00e0 size del carattere. Supponiamo che tu voglia applicare la dimensione del carattere 16 al carattere nella cella A1, il codice sarebbe: <\/p><pre class=\"wp-block-code\"> <code class=\"language-visual-basic\" lang=\"visual-basic\">Range(\"A1\").Font.Size = 16<\/code><\/pre><div class=\"wp-block-image\"><figure class=\"aligncenter size-large is-resized\"><img loading=\"lazy\" decoding=\"async\" class=\"wp-image-50950\" src=\"https:\/\/exceladvisor.org\/wp-content\/uploads\/2023\/08\/3-taille-de-police-vba.png\" sizes=\"auto, \" srcset=\"\" alt=\"dimensione del carattere vba\" width=\"363\" height=\"161\"><\/figure><\/div><p> Se desideri applicare la dimensione del carattere a tutte le celle di un foglio di lavoro, puoi utilizzare il seguente codice:<\/p><pre class=\"wp-block-code\"> <code class=\"language-visual-basic\" lang=\"visual-basic\">Cells.Font.Size = 16<\/code><\/pre><p> E se desideri applicare la dimensione del carattere solo alle celle in cui sono presenti dati, il codice sarebbe:<\/p><pre class=\"wp-block-code\"> <code class=\"language-visual-basic\" lang=\"visual-basic\">ActiveSheet.UsedRange.Font.Size = 16<\/code><\/pre><p> O alla cella selezionata.<\/p><pre class=\"wp-block-code\"> <code class=\"language-visual-basic\" lang=\"visual-basic\">Selection.Font.Size = 16<\/code><\/pre><h2 class=\"wp-block-heading\"> Nome del carattere VBA<\/h2><p> Allo stesso modo, puoi anche modificare il nome del carattere utilizzando la propriet\u00e0 name dell&#8217;oggetto font. Supponiamo <a href=\"https:\/\/exceladvisor.org\/it\/i-migliori-caratteri\/\">che tu voglia applicare il carattere &#8220;Consolas&#8221;<\/a> alla cella A1. Il codice sarebbe: <\/p><pre class=\"wp-block-code\"> <code class=\"language-visual-basic\" lang=\"visual-basic\">Range(\"A1\").Font.Name = \"Consolas\"<\/code><\/pre><div class=\"wp-block-image\"><figure class=\"aligncenter size-large is-resized\"><img loading=\"lazy\" decoding=\"async\" class=\"wp-image-50951\" src=\"https:\/\/exceladvisor.org\/wp-content\/uploads\/2023\/08\/4-nom-de-police-vba.png\" sizes=\"auto, \" srcset=\"\" alt=\"nome-carattere-vba\" width=\"344\" height=\"144\"><\/figure><\/div><p> Quando utilizzi questa propriet\u00e0, devi digitare il nome corretto del carattere che desideri applicare e, se il nome non \u00e8 corretto, non verr\u00e0 visualizzato un errore.<\/p><h2 class=\"wp-block-heading\"> Carattere VBA grassetto, corsivo e sottolineato<\/h2><p> Esistono anche propriet\u00e0 che puoi utilizzare per rendere il carattere in grassetto, corsivo e sottolineato. Di seguito sono riportati i codici che \u00e8 necessario scrivere per questo. <\/p><pre class=\"wp-block-code\"> <code class=\"language-visual-basic\" lang=\"visual-basic\">Range(\"A1\").Font.Bold = True Range(\"A1\").Font.Italic = True Range(\"A1\").Font.Underline = True<\/code><\/pre><div class=\"wp-block-image\"><figure class=\"aligncenter size-large is-resized\"><img loading=\"lazy\" decoding=\"async\" class=\"wp-image-50952\" src=\"https:\/\/exceladvisor.org\/wp-content\/uploads\/2023\/08\/5-police-vba-gras-italique-souligne.png\" sizes=\"auto, \" srcset=\"\" alt=\"vba-bold-font-italic-underline\" width=\"327\" height=\"163\"><\/figure><\/div><p> Con queste propriet\u00e0 \u00e8 necessario impostare TRUE o FALSE. Pertanto, se il carattere \u00e8 gi\u00e0 in grassetto o corsivo e desideri rimuoverlo, devi utilizzare FALSE per rimuoverlo.<\/p><h2 class=\"wp-block-heading\"> Altre propriet\u00e0 utili dei caratteri<\/h2><p> Aggiungi qui alcune propriet\u00e0 aggiuntive che potrebbero esserti utili ( <a href=\"https:\/\/exceladvisor.org\/it\/asta\/\">Barrato<\/a> , <a href=\"https:\/\/exceladvisor.org\/it\/indice-2\/\">Pedice<\/a> e <a href=\"https:\/\/exceladvisor.org\/it\/esponente\/\">Apice<\/a> ).<\/p><pre class=\"wp-block-code\"> <code class=\"language-visual-basic\" lang=\"visual-basic\">Range(\"A1\").Font.Strikethrough = True Range(\"A1\").Font.Subscript = True Range(\"A1\").Font.Superscript = True<\/code><\/pre><div class=\"gb-container gb-container-4db6181c gb-container-mt\"> <a class=\"gb-button gb-button-c5897111 gb-button-text gb-button-mt-button\" href=\"https:\/\/exceladvisor.org\/it\/vba\/\">Cos&#8217;\u00e8 VBA<\/a><h2 class=\"gb-headline gb-headline-665e5f6b gb-headline-text gb-headline-mt-heading\"> Tutorial correlati <\/h2><div class=\"gb-grid-wrapper gb-grid-wrapper-a20baf7c gb-grid-wrapper-mt-grid\"><div class=\"gb-grid-column gb-grid-column-65ddf67e\"><div class=\"gb-container gb-container-65ddf67e\"><ul><li> <a href=\"https:\/\/exceladvisor.org\/it\/numero-di-righe\/\">Contare le righe utilizzando VBA in Excel<\/a><\/li><li> <a href=\"https:\/\/exceladvisor.org\/it\/nascondi-mostra-la-riga-della-colonna\/\">Excel VBA Nascondi e mostra una colonna o una riga<\/a><\/li><li> <a href=\"https:\/\/exceladvisor.org\/it\/gamma-1\/\">Intervallo VBA di Excel: utilizzo di intervalli e celle<\/a><\/li><li> <a href=\"https:\/\/exceladvisor.org\/it\/frontiere\/\">Applica i bordi a una cella utilizzando VBA in Excel<\/a><\/li><li> <a href=\"https:\/\/exceladvisor.org\/it\/trova-la-cella-della-colonna-dellultima-riga\/\">Trova l&#8217;ultima riga, colonna e cella utilizzando VBA in Excel<\/a><\/li><\/ul><\/div><\/div><\/div><\/div>","protected":false},"excerpt":{"rendered":"","protected":false},"author":1,"featured_media":0,"parent":0,"menu_order":0,"comment_status":"open","ping_status":"closed","template":"","meta":{"ub_ctt_via":"","footnotes":""},"class_list":["post-2060","page","type-page","status-publish","hentry"],"featured_image_src":null,"yoast_head":"<!-- This site is optimized with the Yoast SEO plugin v25.4 - https:\/\/yoast.com\/wordpress\/plugins\/seo\/ -->\n<title>Come apportare modifiche al carattere utilizzando VBA?<\/title>\n<meta name=\"description\" content=\"Per apportare modifiche al carattere in una cella, \u00e8 necessario utilizzare l&#039;oggetto carattere VBA.\" \/>\n<meta name=\"robots\" content=\"index, follow, max-snippet:-1, max-image-preview:large, max-video-preview:-1\" \/>\n<link rel=\"canonical\" href=\"https:\/\/exceladvisor.org\/it\/carattere-del-carattere\/\" \/>\n<meta property=\"og:locale\" content=\"it_IT\" \/>\n<meta property=\"og:type\" content=\"article\" \/>\n<meta property=\"og:title\" content=\"Come apportare modifiche al carattere utilizzando VBA?\" \/>\n<meta property=\"og:description\" content=\"Per apportare modifiche al carattere in una cella, \u00e8 necessario utilizzare l&#039;oggetto carattere VBA.\" \/>\n<meta property=\"og:url\" content=\"https:\/\/exceladvisor.org\/it\/carattere-del-carattere\/\" \/>\n<meta property=\"og:site_name\" content=\"Excel Advisor\" \/>\n<meta property=\"article:modified_time\" content=\"2023-12-10T06:20:47+00:00\" \/>\n<meta property=\"og:image\" content=\"https:\/\/exceladvisor.org\/wp-content\/uploads\/2023\/08\/1-en-utilisant-des-constantes-de-couleur.png\" \/>\n<meta name=\"twitter:card\" content=\"summary_large_image\" \/>\n<meta name=\"twitter:label1\" content=\"Tempo di lettura stimato\" \/>\n\t<meta name=\"twitter:data1\" content=\"3 minuti\" \/>\n<script type=\"application\/ld+json\" class=\"yoast-schema-graph\">{\"@context\":\"https:\/\/schema.org\",\"@graph\":[{\"@type\":\"WebPage\",\"@id\":\"https:\/\/exceladvisor.org\/it\/carattere-del-carattere\/\",\"url\":\"https:\/\/exceladvisor.org\/it\/carattere-del-carattere\/\",\"name\":\"Come apportare modifiche al carattere utilizzando VBA?\",\"isPartOf\":{\"@id\":\"https:\/\/exceladvisor.org\/it\/#website\"},\"primaryImageOfPage\":{\"@id\":\"https:\/\/exceladvisor.org\/it\/carattere-del-carattere\/#primaryimage\"},\"image\":{\"@id\":\"https:\/\/exceladvisor.org\/it\/carattere-del-carattere\/#primaryimage\"},\"thumbnailUrl\":\"https:\/\/exceladvisor.org\/wp-content\/uploads\/2023\/08\/1-en-utilisant-des-constantes-de-couleur.png\",\"datePublished\":\"2023-10-21T13:57:49+00:00\",\"dateModified\":\"2023-12-10T06:20:47+00:00\",\"description\":\"Per apportare modifiche al carattere in una cella, \u00e8 necessario utilizzare l&#39;oggetto carattere VBA.\",\"breadcrumb\":{\"@id\":\"https:\/\/exceladvisor.org\/it\/carattere-del-carattere\/#breadcrumb\"},\"inLanguage\":\"it-IT\",\"potentialAction\":[{\"@type\":\"ReadAction\",\"target\":[\"https:\/\/exceladvisor.org\/it\/carattere-del-carattere\/\"]}]},{\"@type\":\"ImageObject\",\"inLanguage\":\"it-IT\",\"@id\":\"https:\/\/exceladvisor.org\/it\/carattere-del-carattere\/#primaryimage\",\"url\":\"https:\/\/exceladvisor.org\/wp-content\/uploads\/2023\/08\/1-en-utilisant-des-constantes-de-couleur.png\",\"contentUrl\":\"https:\/\/exceladvisor.org\/wp-content\/uploads\/2023\/08\/1-en-utilisant-des-constantes-de-couleur.png\"},{\"@type\":\"BreadcrumbList\",\"@id\":\"https:\/\/exceladvisor.org\/it\/carattere-del-carattere\/#breadcrumb\",\"itemListElement\":[{\"@type\":\"ListItem\",\"position\":1,\"name\":\"Home\",\"item\":\"https:\/\/exceladvisor.org\/it\/\"},{\"@type\":\"ListItem\",\"position\":2,\"name\":\"Come apportare modifiche al carattere utilizzando vba?\"}]},{\"@type\":\"WebSite\",\"@id\":\"https:\/\/exceladvisor.org\/it\/#website\",\"url\":\"https:\/\/exceladvisor.org\/it\/\",\"name\":\"Excel Advisor\",\"description\":\"Tips, Tricks, and Time-Saving Hacks\",\"publisher\":{\"@id\":\"https:\/\/exceladvisor.org\/it\/#organization\"},\"potentialAction\":[{\"@type\":\"SearchAction\",\"target\":{\"@type\":\"EntryPoint\",\"urlTemplate\":\"https:\/\/exceladvisor.org\/it\/?s={search_term_string}\"},\"query-input\":{\"@type\":\"PropertyValueSpecification\",\"valueRequired\":true,\"valueName\":\"search_term_string\"}}],\"inLanguage\":\"it-IT\"},{\"@type\":\"Organization\",\"@id\":\"https:\/\/exceladvisor.org\/it\/#organization\",\"name\":\"Excel Advisor\",\"url\":\"https:\/\/exceladvisor.org\/it\/\",\"logo\":{\"@type\":\"ImageObject\",\"inLanguage\":\"it-IT\",\"@id\":\"https:\/\/exceladvisor.org\/it\/#\/schema\/logo\/image\/\",\"url\":\"https:\/\/exceladvisor.org\/it\/wp-content\/uploads\/2023\/12\/exceladvisor.org_.png\",\"contentUrl\":\"https:\/\/exceladvisor.org\/it\/wp-content\/uploads\/2023\/12\/exceladvisor.org_.png\",\"width\":105,\"height\":36,\"caption\":\"Excel Advisor\"},\"image\":{\"@id\":\"https:\/\/exceladvisor.org\/it\/#\/schema\/logo\/image\/\"}}]}<\/script>\n<!-- \/ Yoast SEO plugin. -->","yoast_head_json":{"title":"Come apportare modifiche al carattere utilizzando VBA?","description":"Per apportare modifiche al carattere in una cella, \u00e8 necessario utilizzare l&#39;oggetto carattere VBA.","robots":{"index":"index","follow":"follow","max-snippet":"max-snippet:-1","max-image-preview":"max-image-preview:large","max-video-preview":"max-video-preview:-1"},"canonical":"https:\/\/exceladvisor.org\/it\/carattere-del-carattere\/","og_locale":"it_IT","og_type":"article","og_title":"Come apportare modifiche al carattere utilizzando VBA?","og_description":"Per apportare modifiche al carattere in una cella, \u00e8 necessario utilizzare l&#39;oggetto carattere VBA.","og_url":"https:\/\/exceladvisor.org\/it\/carattere-del-carattere\/","og_site_name":"Excel Advisor","article_modified_time":"2023-12-10T06:20:47+00:00","og_image":[{"url":"https:\/\/exceladvisor.org\/wp-content\/uploads\/2023\/08\/1-en-utilisant-des-constantes-de-couleur.png","type":"","width":"","height":""}],"twitter_card":"summary_large_image","twitter_misc":{"Tempo di lettura stimato":"3 minuti"},"schema":{"@context":"https:\/\/schema.org","@graph":[{"@type":"WebPage","@id":"https:\/\/exceladvisor.org\/it\/carattere-del-carattere\/","url":"https:\/\/exceladvisor.org\/it\/carattere-del-carattere\/","name":"Come apportare modifiche al carattere utilizzando VBA?","isPartOf":{"@id":"https:\/\/exceladvisor.org\/it\/#website"},"primaryImageOfPage":{"@id":"https:\/\/exceladvisor.org\/it\/carattere-del-carattere\/#primaryimage"},"image":{"@id":"https:\/\/exceladvisor.org\/it\/carattere-del-carattere\/#primaryimage"},"thumbnailUrl":"https:\/\/exceladvisor.org\/wp-content\/uploads\/2023\/08\/1-en-utilisant-des-constantes-de-couleur.png","datePublished":"2023-10-21T13:57:49+00:00","dateModified":"2023-12-10T06:20:47+00:00","description":"Per apportare modifiche al carattere in una cella, \u00e8 necessario utilizzare l&#39;oggetto carattere VBA.","breadcrumb":{"@id":"https:\/\/exceladvisor.org\/it\/carattere-del-carattere\/#breadcrumb"},"inLanguage":"it-IT","potentialAction":[{"@type":"ReadAction","target":["https:\/\/exceladvisor.org\/it\/carattere-del-carattere\/"]}]},{"@type":"ImageObject","inLanguage":"it-IT","@id":"https:\/\/exceladvisor.org\/it\/carattere-del-carattere\/#primaryimage","url":"https:\/\/exceladvisor.org\/wp-content\/uploads\/2023\/08\/1-en-utilisant-des-constantes-de-couleur.png","contentUrl":"https:\/\/exceladvisor.org\/wp-content\/uploads\/2023\/08\/1-en-utilisant-des-constantes-de-couleur.png"},{"@type":"BreadcrumbList","@id":"https:\/\/exceladvisor.org\/it\/carattere-del-carattere\/#breadcrumb","itemListElement":[{"@type":"ListItem","position":1,"name":"Home","item":"https:\/\/exceladvisor.org\/it\/"},{"@type":"ListItem","position":2,"name":"Come apportare modifiche al carattere utilizzando vba?"}]},{"@type":"WebSite","@id":"https:\/\/exceladvisor.org\/it\/#website","url":"https:\/\/exceladvisor.org\/it\/","name":"Excel Advisor","description":"Tips, Tricks, and Time-Saving Hacks","publisher":{"@id":"https:\/\/exceladvisor.org\/it\/#organization"},"potentialAction":[{"@type":"SearchAction","target":{"@type":"EntryPoint","urlTemplate":"https:\/\/exceladvisor.org\/it\/?s={search_term_string}"},"query-input":{"@type":"PropertyValueSpecification","valueRequired":true,"valueName":"search_term_string"}}],"inLanguage":"it-IT"},{"@type":"Organization","@id":"https:\/\/exceladvisor.org\/it\/#organization","name":"Excel Advisor","url":"https:\/\/exceladvisor.org\/it\/","logo":{"@type":"ImageObject","inLanguage":"it-IT","@id":"https:\/\/exceladvisor.org\/it\/#\/schema\/logo\/image\/","url":"https:\/\/exceladvisor.org\/it\/wp-content\/uploads\/2023\/12\/exceladvisor.org_.png","contentUrl":"https:\/\/exceladvisor.org\/it\/wp-content\/uploads\/2023\/12\/exceladvisor.org_.png","width":105,"height":36,"caption":"Excel Advisor"},"image":{"@id":"https:\/\/exceladvisor.org\/it\/#\/schema\/logo\/image\/"}}]}},"yoast_meta":{"yoast_wpseo_title":"","yoast_wpseo_metadesc":"","yoast_wpseo_canonical":""},"_links":{"self":[{"href":"https:\/\/exceladvisor.org\/it\/wp-json\/wp\/v2\/pages\/2060","targetHints":{"allow":["GET"]}}],"collection":[{"href":"https:\/\/exceladvisor.org\/it\/wp-json\/wp\/v2\/pages"}],"about":[{"href":"https:\/\/exceladvisor.org\/it\/wp-json\/wp\/v2\/types\/page"}],"author":[{"embeddable":true,"href":"https:\/\/exceladvisor.org\/it\/wp-json\/wp\/v2\/users\/1"}],"replies":[{"embeddable":true,"href":"https:\/\/exceladvisor.org\/it\/wp-json\/wp\/v2\/comments?post=2060"}],"version-history":[{"count":1,"href":"https:\/\/exceladvisor.org\/it\/wp-json\/wp\/v2\/pages\/2060\/revisions"}],"predecessor-version":[{"id":2323,"href":"https:\/\/exceladvisor.org\/it\/wp-json\/wp\/v2\/pages\/2060\/revisions\/2323"}],"wp:attachment":[{"href":"https:\/\/exceladvisor.org\/it\/wp-json\/wp\/v2\/media?parent=2060"}],"curies":[{"name":"wp","href":"https:\/\/api.w.org\/{rel}","templated":true}]}}