{"id":2061,"date":"2023-10-21T13:45:37","date_gmt":"2023-10-21T13:45:37","guid":{"rendered":"https:\/\/exceladvisor.org\/it\/fare-mentre\/"},"modified":"2023-12-10T06:26:28","modified_gmt":"2023-12-10T06:26:28","slug":"fare-mentre","status":"publish","type":"page","link":"https:\/\/exceladvisor.org\/it\/fare-mentre\/","title":{"rendered":"Come utilizzare il ciclo do while in vba?"},"content":{"rendered":"<div class=\"excel-prima-del-contenuto\" id=\"excel-3345671910\"><script type=\"text\/javascript\">\r\n\tatOptions = {\r\n\t\t'key' : 'c1158f160081d6540a8409e6925dab94',\r\n\t\t'format' : 'iframe',\r\n\t\t'height' : 250,\r\n\t\t'width' : 300,\r\n\t\t'params' : {}\r\n\t};\r\n<\/script>\r\n<script type=\"text\/javascript\" src=\"\/\/www.highperformanceformat.com\/c1158f160081d6540a8409e6925dab94\/invoke.js\"><\/script><\/div> <p>VBA Do while \u00e8 un ciclo in cui \u00e8 necessario specificare una condizione e tale condizione deve rimanere vera affinch\u00e9 il ciclo venga eseguito. In parole semplici, prima controlla che la condizione che hai specificato sia vera o no e se quella condizione \u00e8 vera esegue il ciclo, altrimenti niente.<\/p><p> Ad ogni iterazione verifica la condizione e solo successivamente esegue l&#8217;istruzione. Immagina di voler <a href=\"https:\/\/exceladvisor.org\/it\/aggiungi-un-nuovo-foglio-1\/\">aggiungere fogli di lavoro<\/a> in Excel ma il conteggio completo dei fogli di lavoro \u00e8 12 o meno. In questo caso, puoi utilizzare il ciclo do- while per scrivere questo codice.<\/p><h3 class=\"wp-block-heading\"> Sintassi<\/h3><p> Ecco la sintassi VBA per ogni ciclo successivo. <\/p><pre class=\"wp-block-code\"> <code class=\"language-visual-basic\" lang=\"visual-basic\">Do While Condition [statements] Loop<\/code><\/pre><div class=\"wp-block-image\"><figure class=\"aligncenter size-large is-resized\"><img loading=\"lazy\" decoding=\"async\" class=\"wp-image-51937\" src=\"https:\/\/exceladvisor.org\/wp-content\/uploads\/2023\/08\/1-vba-do-while-declaration-de-condition-de-boucle.png\" sizes=\"auto, \" srcset=\"\" alt=\"istruzione-condizione-vba-do-through-loop\" width=\"465\" height=\"283\"><\/figure><\/div><ol type=\"1\"><li> <strong>Condizione:<\/strong> questa \u00e8 la condizione specificata e questa condizione deve essere vera per eseguire il ciclo.<\/li><li> <strong>Istruzione<\/strong> : la riga o le righe di codice su cui si desidera che il ciclo Do While esegua la condizione sono vere.<\/li><li> <strong>Loop<\/strong> : questa \u00e8 l&#8217;istruzione finale di un&#8217;iterazione del loop e indica a VBA di tornare indietro per testare nuovamente la condizione.<\/li><\/ol><h3 class=\"wp-block-heading\"> Esempio per comprendere il ciclo DO While<\/h3><p> Per comprendere Do While Loop, scriviamo un codice per aggiungere fogli di lavoro a una cartella di lavoro quando il numero totale di fogli di lavoro \u00e8 inferiore a dodici. Non \u00e8 necessario che tu dica a VBA quanti fogli aggiungere e avrai sempre un totale di 12 fogli ogni volta che esegui questo codice.<\/p><p> Utilizzare i seguenti passaggi:<\/p><ol><li> Prima di tutto, devi digitare &#8220;Do While&#8221; sulla tastiera. <br><img loading=\"lazy\" decoding=\"async\" title=\"2-digitare-la-parola-chiave-fare-mentre\" src=\"https:\/\/exceladvisor.org\/wp-content\/uploads\/2023\/08\/2-tapez-le-mot-cle-do-while.png\" sizes=\"auto, \" srcset=\"\" alt=\"type-the-keyword-do-while\" width=\"470\" height=\"235\"><\/li><li> Successivamente, \u00e8 necessario scrivere una condizione che possa verificare se il numero totale di fogli di lavoro nella cartella di lavoro \u00e8 inferiore a dodici.<\/li><li> Per fare ci\u00f2 \u00e8 necessario utilizzare il codice riportato di seguito, che conta il numero totale di fogli di lavoro e poi lo confronta con il numero dodici. <br><img loading=\"lazy\" decoding=\"async\" title=\"Controlla 3 fogli di lavoro sulle condizioni\" src=\"https:\/\/exceladvisor.org\/wp-content\/uploads\/2023\/08\/3-conditions-pour-verifier-les-feuilles-de-travail.png\" sizes=\"auto, \" srcset=\"\" alt=\"condition-to-check-worksheets\" width=\"534\" height=\"179\"><\/li><li> Successivamente, \u00e8 necessario scrivere il codice per aggiungere un foglio di lavoro. Questo codice verr\u00e0 eseguito quando la condizione specificata \u00e8 vera. <br><img loading=\"lazy\" decoding=\"async\" title=\"Foglio di lavoro con 4 codici da aggiungere\" src=\"https:\/\/exceladvisor.org\/wp-content\/uploads\/2023\/08\/4-code-pour-ajouter-une-feuille-de-calcul.png\" sizes=\"auto, \" srcset=\"\" alt=\"code-to-add-worksheet\" width=\"591\" height=\"217\"><\/li><li> E, alla fine, digita la parola chiave \u201cLoop\u201d per completare il codice. <br><img loading=\"lazy\" decoding=\"async\" title=\"Codice loop-to-finish di 5 tipi\" src=\"https:\/\/exceladvisor.org\/wp-content\/uploads\/2023\/08\/Boucle-de-type-5-pour-terminer-le-code.png\" sizes=\"auto, \" srcset=\"\" alt=\"type-loop-to-end-the-code\" width=\"565\" height=\"235\"><\/li><\/ol><p> Ecco il codice completo che hai appena scritto:<\/p><pre class=\"wp-block-code\"> <code class=\"language-visual-basic\" lang=\"visual-basic\">Sub vba_do_while_loop() Do While ActiveWorkbook.Worksheets.Count &lt; 12 Sheets.Add Loop End Sub<\/code><\/pre><p> Ora lasciami spiegare come funziona questo codice: la <strong>condizione specificata controlla il numero totale di fogli di lavoro<\/strong> nella cartella di lavoro e quindi hai un operatore inferiore a che controlla il numero di fogli di lavoro rispetto a dodici.<\/p><p> Quando il <strong>numero di fogli di lavoro \u00e8 inferiore a dodici, il ciclo continuer\u00e0 a funzionare<\/strong> e continuer\u00e0 ad aggiungere nuovi fogli di lavoro, ma una volta che il numero di fogli di lavoro raggiunge dodici, il ciclo si interromper\u00e0.<\/p><p> In termini semplici, il ciclo continuer\u00e0 a funzionare finch\u00e9 il numero di fogli di lavoro sar\u00e0 inferiore a dodici. <\/p><div class=\"wp-block-image\"><figure class=\"aligncenter size-full is-resized\"><img loading=\"lazy\" decoding=\"async\" class=\"wp-image-62277\" src=\"https:\/\/exceladvisor.org\/wp-content\/uploads\/2023\/08\/exemple-de-boucle-do-while.gif\" sizes=\"auto, \" srcset=\"\" alt=\"esempio di ciclo do- while\" width=\"597\" height=\"395\"><\/figure><\/div><p> Il punto \u00e8 questo: con il codice che hai appena scritto non \u00e8 necessario specificare il numero di fogli di lavoro che desideri aggiungere, ma se vai al ciclo successivo devi specificare il numero di fogli di calcolo che desideri aggiungere.<\/p><h2 class=\"wp-block-heading\"> Crea un ciclo per<\/h2><p> Do Loop While \u00e8 una versione estesa di Do While Loop poich\u00e9 funziona allo stesso modo ma c&#8217;\u00e8 una leggera differenza quando si testa la condizione.<\/p><p> In Do Loop Mentre esegue un&#8217;iterazione del ciclo prima di testare la condizione specificata e se la condizione \u00e8 vera continuer\u00e0 il ciclo.<\/p><p> Supponiamo che tu voglia scrivere del codice per controllare una password per eseguire del codice e continuare il loop mentre la password non \u00e8 corretta (lo vediamo nell&#8217;esempio).<\/p><h3 class=\"wp-block-heading\"> Sintassi<\/h3><p> Ecco la sintassi di VBA Do Loop While. <\/p><div class=\"wp-block-image\"><figure class=\"aligncenter size-large is-resized\"><img loading=\"lazy\" decoding=\"async\" class=\"wp-image-51942\" src=\"https:\/\/exceladvisor.org\/wp-content\/uploads\/2023\/08\/6-syntaxe-pour-la-boucle-vba-do-while.png\" sizes=\"auto, \" srcset=\"\" alt=\"sintassi-per-vba-do-loop-mentre\" width=\"457\" height=\"327\"><\/figure><\/div><ol type=\"1\"><li> Do: questa \u00e8 la parola chiave iniziale del ciclo Do While.<\/li><li> Dichiarazione: questa \u00e8 la riga o le righe di codice che desideri eseguire nel ciclo.<\/li><li> Loop While: questa \u00e8 la parola chiave per continuare il ciclo e testare la condizione specificata.<\/li><li> Condizione: questa \u00e8 la condizione che desideri testare prima che il ciclo inizi la sua seconda iterazione e continui il ciclo.<\/li><\/ol><p> Come puoi vedere nella sintassi di Do Loop While, prima eseguir\u00e0 l&#8217;istruzione una volta, poi andr\u00e0 alla condizione e la tester\u00e0, e se quella condizione \u00e8 vera, avvier\u00e0 il ciclo e lo continuer\u00e0 mentre la condizione \u00e8 VERO.<\/p><h3 class=\"wp-block-heading\"> Esempio per comprendere il ciclo DO while<\/h3><p> Per comprendere il ciclo do while, scriviamo del codice per visualizzare una casella di input e chiedere all&#8217;utente di inserire la password.<\/p><p> Questa casella di input continuer\u00e0 a mostrare chiaramente che la password inserita dall&#8217;utente non \u00e8 corretta per un massimo di cinque tentativi, dopodich\u00e9 la casella di input scomparir\u00e0 senza eseguire la procedura.<\/p><ol><li> Innanzitutto, dichiara due variabili necessarie per memorizzare la password e il contatore dei tentativi. <br><img loading=\"lazy\" decoding=\"async\" title=\"7-dichiarare-due-variabili-necessarie-per-l'archiviazione\" src=\"https:\/\/exceladvisor.org\/wp-content\/uploads\/2023\/08\/7-declarer-deux-variables-dont-vous-avez-besoin-pour-le-stockage.png\" sizes=\"auto, \" srcset=\"\" alt=\"declare-two-variables-you-need-for-storing\" width=\"468\" height=\"181\"><\/li><li> Successivamente, digita la parola chiave &#8220;Fai&#8221;. Qui non \u00e8 necessario definire prima la condizione come hai visto nella sintassi. <br><img loading=\"lazy\" decoding=\"async\" title=\"8-digita-la-parola-chiave\" src=\"https:\/\/exceladvisor.org\/wp-content\/uploads\/2023\/08\/8-tapez-le-mot-cle-do.png\" sizes=\"auto, \" srcset=\"\" alt=\"type-the-do-keyword\" width=\"462\" height=\"174\"><\/li><li> Successivamente, \u00e8 necessario scrivere una riga di codice per visualizzare la casella di input che chiede all&#8217;utente di inserire la password. <br><img loading=\"lazy\" decoding=\"async\" title=\"9-scrivere-una-riga-di-codice\" src=\"https:\/\/exceladvisor.org\/wp-content\/uploads\/2023\/08\/9-ecrire-une-ligne-de-code.png\" sizes=\"auto, \" srcset=\"\" alt=\"write-a-line-of-code\" width=\"478\" height=\"213\"><\/li><li> Da qui \u00e8 necessario impostare un contatore che possa contare fino a cinque (si somma ad ogni iterazione del ciclo). <br><img loading=\"lazy\" decoding=\"async\" title=\"10 set a contatore\" src=\"https:\/\/exceladvisor.org\/wp-content\/uploads\/2023\/08\/10-definir-un-compteur.png\" sizes=\"auto, \" srcset=\"\" alt=\"define-a-counter\" width=\"508\" height=\"233\"><\/li><li> Ora digita la parola chiave &#8220;Loop While&#8221; e imposta due condizioni che possono controllare il valore inserito dall&#8217;utente nella casella di input e possono testare il valore del contatore se \u00e8 inferiore a 5. <br><img loading=\"lazy\" decoding=\"async\" title=\"11-tipo-parola-chiave-loop-mentre-e-definisci-due-condizioni\" src=\"https:\/\/exceladvisor.org\/wp-content\/uploads\/2023\/08\/11-tapez-une-boucle-de-mots-cles-tandis-que-et-definissez-deux-conditions.png\" sizes=\"auto, \" srcset=\"\" alt=\"type-keyword-loop-while-and-define-two-condition\" width=\"519\" height=\"256\"><\/li><li> Alla fine, scrivi il codice che vuoi eseguire. Qui sto utilizzando l&#8217;istruzione IF che visualizzer\u00e0 una finestra di messaggio se la password inserita dall&#8217;utente \u00e8 corretta. <br><img loading=\"lazy\" decoding=\"async\" title=\"12-scrivi-il-codice-che-vuoi-eseguire\" src=\"https:\/\/exceladvisor.org\/wp-content\/uploads\/2023\/08\/12-ecrivez-le-code-que-vous-voulez-executer.png\" sizes=\"auto, \" srcset=\"\" alt=\"write-the-code-you-want-to-run\" width=\"503\" height=\"306\"><\/li><\/ol><pre class=\"wp-block-code\"> <code class=\"language-visual-basic\" lang=\"visual-basic\">Sub vba_do_loop_while() Dim varPassword As Variant, i As Double Do varPassword = InputBox _ (\"Enter the password to start the procedure:\", _ \"Check Password 1.0\") i = i + 1 Loop While varPassword &lt;&gt; \"CorrectPassword\" And i &lt; 5 If varPassword = \"CorrectPassword\" Then MsgBox \"Your Password is Correct\" End If End Sub<\/code><\/pre><p> Lascia che ti spieghi questo codice.<\/p><ul><li> Nella prima parte di questo codice hai il ciclo do while che mostrer\u00e0 una casella di input all&#8217;utente e <strong>gli chieder\u00e0 una password<\/strong> .<\/li><li> E <strong>se la password non \u00e8 corretta, continuer\u00e0 a eseguire il ciclo<\/strong> finch\u00e9 l&#8217;utente non inserir\u00e0 la password corretta.<\/li><li> Ma poich\u00e9 stai utilizzando un contatore per contare le iterazioni del ciclo e <strong>una volta che questo contatore raggiunge 5, il ciclo si fermer\u00e0<\/strong> .<\/li><\/ul><div class=\"gb-container gb-container-4db6181c gb-container-mt\"> <a class=\"gb-button gb-button-c5897111 gb-button-text gb-button-mt-button\" href=\"https:\/\/exceladvisor.org\/it\/vba\/\">Cos&#8217;\u00e8 VBA<\/a><h2 class=\"gb-headline gb-headline-665e5f6b gb-headline-text gb-headline-mt-heading\"> Tutorial correlati <\/h2><div class=\"gb-grid-wrapper gb-grid-wrapper-a20baf7c gb-grid-wrapper-mt-grid\"><div class=\"gb-grid-column gb-grid-column-65ddf67e\"><div class=\"gb-container gb-container-65ddf67e\"><ul><li> <a href=\"https:\/\/exceladvisor.org\/it\/loop\/\">Loop VBA (da principiante ad avanzato)<\/a><\/li><li> <a href=\"https:\/\/exceladvisor.org\/it\/seleziona-il-caso\/\">VBA Seleziona caso<\/a><\/li><li> <a href=\"https:\/\/exceladvisor.org\/it\/foglie-ad-anello\/\">Passa in rassegna tutti i fogli utilizzando VBA in Excel<\/a> <\/li><\/ul><\/div><\/div><div class=\"gb-grid-column gb-grid-column-50067b57\"><div class=\"gb-container gb-container-50067b57\"><ul><li> <a href=\"https:\/\/exceladvisor.org\/it\/scorrere-lintervallo\/\">Passare attraverso un intervallo utilizzando VBA (Colonne, Riga e UsedRange)<\/a><\/li><li> <a href=\"https:\/\/exceladvisor.org\/it\/per-il-ciclo\/\">VBA FOR LOOP (Per successivo, Per ciascuno)<\/a><\/li><li> <a href=\"https:\/\/exceladvisor.org\/it\/vai-a-1\/\">GoTo Dichiarazione VBA<\/a><\/li><\/ul><\/div><\/div><\/div><\/div>","protected":false},"excerpt":{"rendered":"","protected":false},"author":1,"featured_media":0,"parent":0,"menu_order":0,"comment_status":"open","ping_status":"closed","template":"","meta":{"ub_ctt_via":"","footnotes":""},"class_list":["post-2061","page","type-page","status-publish","hentry"],"featured_image_src":null,"yoast_head":"<!-- This site is optimized with the Yoast SEO plugin v25.4 - https:\/\/yoast.com\/wordpress\/plugins\/seo\/ -->\n<title>Come utilizzare il ciclo Do While in VBA? (e Esegui il loop while)<\/title>\n<meta name=\"description\" content=\"In questo tutorial imparerai come utilizzare Do While Loop e Do Loop While nel codice VBA in Excel.\" \/>\n<meta name=\"robots\" content=\"index, follow, max-snippet:-1, max-image-preview:large, max-video-preview:-1\" \/>\n<link rel=\"canonical\" href=\"https:\/\/exceladvisor.org\/it\/fare-mentre\/\" \/>\n<meta property=\"og:locale\" content=\"it_IT\" \/>\n<meta property=\"og:type\" content=\"article\" \/>\n<meta property=\"og:title\" content=\"Come utilizzare il ciclo Do While in VBA? (e Esegui il loop while)\" \/>\n<meta property=\"og:description\" content=\"In questo tutorial imparerai come utilizzare Do While Loop e Do Loop While nel codice VBA in Excel.\" \/>\n<meta property=\"og:url\" content=\"https:\/\/exceladvisor.org\/it\/fare-mentre\/\" \/>\n<meta property=\"og:site_name\" content=\"Excel Advisor\" \/>\n<meta property=\"article:modified_time\" content=\"2023-12-10T06:26:28+00:00\" \/>\n<meta property=\"og:image\" content=\"https:\/\/exceladvisor.org\/wp-content\/uploads\/2023\/08\/1-vba-do-while-declaration-de-condition-de-boucle.png\" \/>\n<meta name=\"twitter:card\" content=\"summary_large_image\" \/>\n<meta name=\"twitter:label1\" content=\"Tempo di lettura stimato\" \/>\n\t<meta name=\"twitter:data1\" content=\"5 minuti\" \/>\n<script type=\"application\/ld+json\" class=\"yoast-schema-graph\">{\"@context\":\"https:\/\/schema.org\",\"@graph\":[{\"@type\":\"WebPage\",\"@id\":\"https:\/\/exceladvisor.org\/it\/fare-mentre\/\",\"url\":\"https:\/\/exceladvisor.org\/it\/fare-mentre\/\",\"name\":\"Come utilizzare il ciclo Do While in VBA? (e Esegui il loop while)\",\"isPartOf\":{\"@id\":\"https:\/\/exceladvisor.org\/it\/#website\"},\"primaryImageOfPage\":{\"@id\":\"https:\/\/exceladvisor.org\/it\/fare-mentre\/#primaryimage\"},\"image\":{\"@id\":\"https:\/\/exceladvisor.org\/it\/fare-mentre\/#primaryimage\"},\"thumbnailUrl\":\"https:\/\/exceladvisor.org\/wp-content\/uploads\/2023\/08\/1-vba-do-while-declaration-de-condition-de-boucle.png\",\"datePublished\":\"2023-10-21T13:45:37+00:00\",\"dateModified\":\"2023-12-10T06:26:28+00:00\",\"description\":\"In questo tutorial imparerai come utilizzare Do While Loop e Do Loop While nel codice VBA in Excel.\",\"breadcrumb\":{\"@id\":\"https:\/\/exceladvisor.org\/it\/fare-mentre\/#breadcrumb\"},\"inLanguage\":\"it-IT\",\"potentialAction\":[{\"@type\":\"ReadAction\",\"target\":[\"https:\/\/exceladvisor.org\/it\/fare-mentre\/\"]}]},{\"@type\":\"ImageObject\",\"inLanguage\":\"it-IT\",\"@id\":\"https:\/\/exceladvisor.org\/it\/fare-mentre\/#primaryimage\",\"url\":\"https:\/\/exceladvisor.org\/wp-content\/uploads\/2023\/08\/1-vba-do-while-declaration-de-condition-de-boucle.png\",\"contentUrl\":\"https:\/\/exceladvisor.org\/wp-content\/uploads\/2023\/08\/1-vba-do-while-declaration-de-condition-de-boucle.png\"},{\"@type\":\"BreadcrumbList\",\"@id\":\"https:\/\/exceladvisor.org\/it\/fare-mentre\/#breadcrumb\",\"itemListElement\":[{\"@type\":\"ListItem\",\"position\":1,\"name\":\"Home\",\"item\":\"https:\/\/exceladvisor.org\/it\/\"},{\"@type\":\"ListItem\",\"position\":2,\"name\":\"Come utilizzare il ciclo do while in vba?\"}]},{\"@type\":\"WebSite\",\"@id\":\"https:\/\/exceladvisor.org\/it\/#website\",\"url\":\"https:\/\/exceladvisor.org\/it\/\",\"name\":\"Excel Advisor\",\"description\":\"Tips, Tricks, and Time-Saving Hacks\",\"publisher\":{\"@id\":\"https:\/\/exceladvisor.org\/it\/#organization\"},\"potentialAction\":[{\"@type\":\"SearchAction\",\"target\":{\"@type\":\"EntryPoint\",\"urlTemplate\":\"https:\/\/exceladvisor.org\/it\/?s={search_term_string}\"},\"query-input\":{\"@type\":\"PropertyValueSpecification\",\"valueRequired\":true,\"valueName\":\"search_term_string\"}}],\"inLanguage\":\"it-IT\"},{\"@type\":\"Organization\",\"@id\":\"https:\/\/exceladvisor.org\/it\/#organization\",\"name\":\"Excel Advisor\",\"url\":\"https:\/\/exceladvisor.org\/it\/\",\"logo\":{\"@type\":\"ImageObject\",\"inLanguage\":\"it-IT\",\"@id\":\"https:\/\/exceladvisor.org\/it\/#\/schema\/logo\/image\/\",\"url\":\"https:\/\/exceladvisor.org\/it\/wp-content\/uploads\/2023\/12\/exceladvisor.org_.png\",\"contentUrl\":\"https:\/\/exceladvisor.org\/it\/wp-content\/uploads\/2023\/12\/exceladvisor.org_.png\",\"width\":105,\"height\":36,\"caption\":\"Excel Advisor\"},\"image\":{\"@id\":\"https:\/\/exceladvisor.org\/it\/#\/schema\/logo\/image\/\"}}]}<\/script>\n<!-- \/ Yoast SEO plugin. -->","yoast_head_json":{"title":"Come utilizzare il ciclo Do While in VBA? (e Esegui il loop while)","description":"In questo tutorial imparerai come utilizzare Do While Loop e Do Loop While nel codice VBA in Excel.","robots":{"index":"index","follow":"follow","max-snippet":"max-snippet:-1","max-image-preview":"max-image-preview:large","max-video-preview":"max-video-preview:-1"},"canonical":"https:\/\/exceladvisor.org\/it\/fare-mentre\/","og_locale":"it_IT","og_type":"article","og_title":"Come utilizzare il ciclo Do While in VBA? (e Esegui il loop while)","og_description":"In questo tutorial imparerai come utilizzare Do While Loop e Do Loop While nel codice VBA in Excel.","og_url":"https:\/\/exceladvisor.org\/it\/fare-mentre\/","og_site_name":"Excel Advisor","article_modified_time":"2023-12-10T06:26:28+00:00","og_image":[{"url":"https:\/\/exceladvisor.org\/wp-content\/uploads\/2023\/08\/1-vba-do-while-declaration-de-condition-de-boucle.png","type":"","width":"","height":""}],"twitter_card":"summary_large_image","twitter_misc":{"Tempo di lettura stimato":"5 minuti"},"schema":{"@context":"https:\/\/schema.org","@graph":[{"@type":"WebPage","@id":"https:\/\/exceladvisor.org\/it\/fare-mentre\/","url":"https:\/\/exceladvisor.org\/it\/fare-mentre\/","name":"Come utilizzare il ciclo Do While in VBA? (e Esegui il loop while)","isPartOf":{"@id":"https:\/\/exceladvisor.org\/it\/#website"},"primaryImageOfPage":{"@id":"https:\/\/exceladvisor.org\/it\/fare-mentre\/#primaryimage"},"image":{"@id":"https:\/\/exceladvisor.org\/it\/fare-mentre\/#primaryimage"},"thumbnailUrl":"https:\/\/exceladvisor.org\/wp-content\/uploads\/2023\/08\/1-vba-do-while-declaration-de-condition-de-boucle.png","datePublished":"2023-10-21T13:45:37+00:00","dateModified":"2023-12-10T06:26:28+00:00","description":"In questo tutorial imparerai come utilizzare Do While Loop e Do Loop While nel codice VBA in Excel.","breadcrumb":{"@id":"https:\/\/exceladvisor.org\/it\/fare-mentre\/#breadcrumb"},"inLanguage":"it-IT","potentialAction":[{"@type":"ReadAction","target":["https:\/\/exceladvisor.org\/it\/fare-mentre\/"]}]},{"@type":"ImageObject","inLanguage":"it-IT","@id":"https:\/\/exceladvisor.org\/it\/fare-mentre\/#primaryimage","url":"https:\/\/exceladvisor.org\/wp-content\/uploads\/2023\/08\/1-vba-do-while-declaration-de-condition-de-boucle.png","contentUrl":"https:\/\/exceladvisor.org\/wp-content\/uploads\/2023\/08\/1-vba-do-while-declaration-de-condition-de-boucle.png"},{"@type":"BreadcrumbList","@id":"https:\/\/exceladvisor.org\/it\/fare-mentre\/#breadcrumb","itemListElement":[{"@type":"ListItem","position":1,"name":"Home","item":"https:\/\/exceladvisor.org\/it\/"},{"@type":"ListItem","position":2,"name":"Come utilizzare il ciclo do while in vba?"}]},{"@type":"WebSite","@id":"https:\/\/exceladvisor.org\/it\/#website","url":"https:\/\/exceladvisor.org\/it\/","name":"Excel Advisor","description":"Tips, Tricks, and Time-Saving Hacks","publisher":{"@id":"https:\/\/exceladvisor.org\/it\/#organization"},"potentialAction":[{"@type":"SearchAction","target":{"@type":"EntryPoint","urlTemplate":"https:\/\/exceladvisor.org\/it\/?s={search_term_string}"},"query-input":{"@type":"PropertyValueSpecification","valueRequired":true,"valueName":"search_term_string"}}],"inLanguage":"it-IT"},{"@type":"Organization","@id":"https:\/\/exceladvisor.org\/it\/#organization","name":"Excel Advisor","url":"https:\/\/exceladvisor.org\/it\/","logo":{"@type":"ImageObject","inLanguage":"it-IT","@id":"https:\/\/exceladvisor.org\/it\/#\/schema\/logo\/image\/","url":"https:\/\/exceladvisor.org\/it\/wp-content\/uploads\/2023\/12\/exceladvisor.org_.png","contentUrl":"https:\/\/exceladvisor.org\/it\/wp-content\/uploads\/2023\/12\/exceladvisor.org_.png","width":105,"height":36,"caption":"Excel Advisor"},"image":{"@id":"https:\/\/exceladvisor.org\/it\/#\/schema\/logo\/image\/"}}]}},"yoast_meta":{"yoast_wpseo_title":"","yoast_wpseo_metadesc":"","yoast_wpseo_canonical":""},"_links":{"self":[{"href":"https:\/\/exceladvisor.org\/it\/wp-json\/wp\/v2\/pages\/2061","targetHints":{"allow":["GET"]}}],"collection":[{"href":"https:\/\/exceladvisor.org\/it\/wp-json\/wp\/v2\/pages"}],"about":[{"href":"https:\/\/exceladvisor.org\/it\/wp-json\/wp\/v2\/types\/page"}],"author":[{"embeddable":true,"href":"https:\/\/exceladvisor.org\/it\/wp-json\/wp\/v2\/users\/1"}],"replies":[{"embeddable":true,"href":"https:\/\/exceladvisor.org\/it\/wp-json\/wp\/v2\/comments?post=2061"}],"version-history":[{"count":1,"href":"https:\/\/exceladvisor.org\/it\/wp-json\/wp\/v2\/pages\/2061\/revisions"}],"predecessor-version":[{"id":2797,"href":"https:\/\/exceladvisor.org\/it\/wp-json\/wp\/v2\/pages\/2061\/revisions\/2797"}],"wp:attachment":[{"href":"https:\/\/exceladvisor.org\/it\/wp-json\/wp\/v2\/media?parent=2061"}],"curies":[{"name":"wp","href":"https:\/\/api.w.org\/{rel}","templated":true}]}}