{"id":2062,"date":"2023-10-21T12:39:59","date_gmt":"2023-10-21T12:39:59","guid":{"rendered":"https:\/\/exceladvisor.org\/it\/aggiornamento-dello-schermo\/"},"modified":"2023-12-10T06:19:31","modified_gmt":"2023-12-10T06:19:31","slug":"aggiornamento-dello-schermo","status":"publish","type":"page","link":"https:\/\/exceladvisor.org\/it\/aggiornamento-dello-schermo\/","title":{"rendered":"Come abilitare e disabilitare l&#39;aggiornamento dello schermo in vba?"},"content":{"rendered":"<div class=\"excel-prima-del-contenuto\" id=\"excel-835067829\"><script type=\"text\/javascript\">\r\n\tatOptions = {\r\n\t\t'key' : 'c1158f160081d6540a8409e6925dab94',\r\n\t\t'format' : 'iframe',\r\n\t\t'height' : 250,\r\n\t\t'width' : 300,\r\n\t\t'params' : {}\r\n\t};\r\n<\/script>\r\n<script type=\"text\/javascript\" src=\"\/\/www.highperformanceformat.com\/c1158f160081d6540a8409e6925dab94\/invoke.js\"><\/script><\/div> <h2 class=\"wp-block-heading\">Cos&#8217;\u00e8 l&#8217;aggiornamento dello schermo VBA?<\/h2><p> ScreenUpdating \u00e8 una propriet\u00e0 in VBA che \u00e8 possibile utilizzare per attivare l&#8217;aggiornamento dello schermo su &#8220;ON&#8221; e &#8220;OFF&#8221; durante l&#8217;esecuzione del codice. Puoi disabilitarlo prima di eseguire qualsiasi codice che accelera l&#8217;esecuzione del tuo codice, quindi abilitarlo nuovamente al termine dell&#8217;esecuzione del codice. Puoi leggere e scrivere questa propriet\u00e0. <\/p><div class=\"wp-block-image\"><figure class=\"aligncenter size-large is-resized\"><img loading=\"lazy\" decoding=\"async\" class=\"wp-image-55686\" src=\"https:\/\/exceladvisor.org\/wp-content\/uploads\/2023\/08\/1-mise-a-jour-de-lecran-vba.png\" sizes=\"auto, \" srcset=\"\" alt=\"aggiornamento dello schermo vba\" width=\"512\" height=\"332\"><\/figure><\/div><p> Per impostazione predefinita, l&#8217;aggiornamento dello schermo \u00e8 &#8220;ON&#8221; in Excel. Quando <a href=\"https:\/\/exceladvisor.org\/it\/eseguire-una-macro-2\/\">esegui un codice normalmente,<\/a> \u00e8 necessario molto sfarfallio se il codice impiega molto tempo, ma se disattivi l&#8217;aggiornamento dello schermo, l&#8217;esecuzione richieder\u00e0 meno tempo del normale.<\/p><h2 class=\"wp-block-heading\"> Disabilita l&#8217;aggiornamento dello schermo in VBA<\/h2><ol type=\"1\"><li> Per prima cosa digita la parola chiave &#8220;Applicazione&#8221;.<\/li><li> Successivamente, tocca un file \u201c. \u00bb per aprire l&#8217;elenco delle propriet\u00e0 e dei metodi.<\/li><li> Ora seleziona &#8220;Aggiornamento schermo&#8221;.<\/li><li> Alla fine, specifica &#8220;Falso&#8221;. <\/li><\/ol><div class=\"wp-block-image\"><figure class=\"aligncenter size-large is-resized\"><img loading=\"lazy\" decoding=\"async\" class=\"wp-image-55687\" src=\"https:\/\/exceladvisor.org\/wp-content\/uploads\/2023\/08\/2-desactiver-la-mise-a-jour-de-lecran.png\" sizes=\"auto, \" srcset=\"\" alt=\"\" width=\"463\" height=\"180\"><\/figure><\/div><p> Una volta disabilitato l&#8217;aggiornamento dello schermo, VBA non lo abiliter\u00e0 dopo l&#8217;esecuzione del codice. Quindi \u00e8 sempre meglio disattivarlo da parte tua. Il codice sarebbe come qualcosa di seguito. <\/p><div class=\"wp-block-image\"><figure class=\"aligncenter size-large is-resized\"><img loading=\"lazy\" decoding=\"async\" class=\"wp-image-55688\" src=\"https:\/\/exceladvisor.org\/wp-content\/uploads\/2023\/08\/3-desactiver-la-mise-a-jour-de-lecran.png\" sizes=\"auto, \" srcset=\"\" alt=\"\" width=\"477\" height=\"363\"><\/figure><\/div><h2 class=\"wp-block-heading\"> Cose da considerare<\/h2><ul><li> Assicurati che lo schermo sia aggiornato su &#8220;ON&#8221; quando utilizzi un modulo utente.<\/li><li> Se stai eseguendo il debug del codice, \u00e8 meglio avere una schermata di aggiornamento &#8220;ON&#8221; in modo da poter vedere tutta l&#8217;attivit\u00e0 cos\u00ec com&#8217;\u00e8.<\/li><\/ul><div class=\"gb-container gb-container-4db6181c gb-container-mt\"> <a class=\"gb-button gb-button-c5897111 gb-button-text gb-button-mt-button\" href=\"https:\/\/exceladvisor.org\/it\/vba\/\">Cos&#8217;\u00e8 VBA<\/a><h2 class=\"gb-headline gb-headline-665e5f6b gb-headline-text gb-headline-mt-heading\"> Tutorial correlati <\/h2><div class=\"gb-grid-wrapper gb-grid-wrapper-a20baf7c gb-grid-wrapper-mt-grid\"><div class=\"gb-grid-column gb-grid-column-65ddf67e\"><div class=\"gb-container gb-container-65ddf67e\"><ul><li> <a href=\"https:\/\/exceladvisor.org\/it\/evidenziare-i-valori-duplicati\/\">Evidenzia i valori duplicati utilizzando VBA<\/a><\/li><li> <a href=\"https:\/\/exceladvisor.org\/it\/estrarre-il-collegamento-ipertestuale\/\">Estrai l&#8217;indirizzo del collegamento ipertestuale (URL) VBA<\/a><\/li><li> <a href=\"https:\/\/exceladvisor.org\/it\/campo-di-immissione\/\">Casella di input in VBA<\/a><\/li><li> <a href=\"https:\/\/exceladvisor.org\/it\/file-di-testo\/\">VBA crea e scrive in un file di testo<\/a><\/li><\/ul><\/div><\/div><\/div><\/div>","protected":false},"excerpt":{"rendered":"","protected":false},"author":1,"featured_media":0,"parent":0,"menu_order":0,"comment_status":"open","ping_status":"closed","template":"","meta":{"ub_ctt_via":"","footnotes":""},"class_list":["post-2062","page","type-page","status-publish","hentry"],"featured_image_src":null,"yoast_head":"<!-- This site is optimized with the Yoast SEO plugin v25.4 - https:\/\/yoast.com\/wordpress\/plugins\/seo\/ -->\n<title>Come abilitare e disabilitare l&#039;aggiornamento dello schermo in VBA?<\/title>\n<meta name=\"description\" content=\"Cos&#039;\u00e8 l&#039;aggiornamento dello schermo VBA? Scopri come abilitare e disabilitare l&#039;aggiornamento dello schermo in VBA.\" \/>\n<meta name=\"robots\" content=\"index, follow, max-snippet:-1, max-image-preview:large, max-video-preview:-1\" \/>\n<link rel=\"canonical\" href=\"https:\/\/exceladvisor.org\/it\/aggiornamento-dello-schermo\/\" \/>\n<meta property=\"og:locale\" content=\"it_IT\" \/>\n<meta property=\"og:type\" content=\"article\" \/>\n<meta property=\"og:title\" content=\"Come abilitare e disabilitare l&#039;aggiornamento dello schermo in VBA?\" \/>\n<meta property=\"og:description\" content=\"Cos&#039;\u00e8 l&#039;aggiornamento dello schermo VBA? Scopri come abilitare e disabilitare l&#039;aggiornamento dello schermo in VBA.\" \/>\n<meta property=\"og:url\" content=\"https:\/\/exceladvisor.org\/it\/aggiornamento-dello-schermo\/\" \/>\n<meta property=\"og:site_name\" content=\"Excel Advisor\" \/>\n<meta property=\"article:modified_time\" content=\"2023-12-10T06:19:31+00:00\" \/>\n<meta property=\"og:image\" content=\"https:\/\/exceladvisor.org\/wp-content\/uploads\/2023\/08\/1-mise-a-jour-de-lecran-vba.png\" \/>\n<meta name=\"twitter:card\" content=\"summary_large_image\" \/>\n<meta name=\"twitter:label1\" content=\"Tempo di lettura stimato\" \/>\n\t<meta name=\"twitter:data1\" content=\"1 minuto\" \/>\n<script type=\"application\/ld+json\" class=\"yoast-schema-graph\">{\"@context\":\"https:\/\/schema.org\",\"@graph\":[{\"@type\":\"WebPage\",\"@id\":\"https:\/\/exceladvisor.org\/it\/aggiornamento-dello-schermo\/\",\"url\":\"https:\/\/exceladvisor.org\/it\/aggiornamento-dello-schermo\/\",\"name\":\"Come abilitare e disabilitare l&#39;aggiornamento dello schermo in VBA?\",\"isPartOf\":{\"@id\":\"https:\/\/exceladvisor.org\/it\/#website\"},\"primaryImageOfPage\":{\"@id\":\"https:\/\/exceladvisor.org\/it\/aggiornamento-dello-schermo\/#primaryimage\"},\"image\":{\"@id\":\"https:\/\/exceladvisor.org\/it\/aggiornamento-dello-schermo\/#primaryimage\"},\"thumbnailUrl\":\"https:\/\/exceladvisor.org\/wp-content\/uploads\/2023\/08\/1-mise-a-jour-de-lecran-vba.png\",\"datePublished\":\"2023-10-21T12:39:59+00:00\",\"dateModified\":\"2023-12-10T06:19:31+00:00\",\"description\":\"Cos&#39;\u00e8 l&#39;aggiornamento dello schermo VBA? Scopri come abilitare e disabilitare l&#39;aggiornamento dello schermo in VBA.\",\"breadcrumb\":{\"@id\":\"https:\/\/exceladvisor.org\/it\/aggiornamento-dello-schermo\/#breadcrumb\"},\"inLanguage\":\"it-IT\",\"potentialAction\":[{\"@type\":\"ReadAction\",\"target\":[\"https:\/\/exceladvisor.org\/it\/aggiornamento-dello-schermo\/\"]}]},{\"@type\":\"ImageObject\",\"inLanguage\":\"it-IT\",\"@id\":\"https:\/\/exceladvisor.org\/it\/aggiornamento-dello-schermo\/#primaryimage\",\"url\":\"https:\/\/exceladvisor.org\/wp-content\/uploads\/2023\/08\/1-mise-a-jour-de-lecran-vba.png\",\"contentUrl\":\"https:\/\/exceladvisor.org\/wp-content\/uploads\/2023\/08\/1-mise-a-jour-de-lecran-vba.png\"},{\"@type\":\"BreadcrumbList\",\"@id\":\"https:\/\/exceladvisor.org\/it\/aggiornamento-dello-schermo\/#breadcrumb\",\"itemListElement\":[{\"@type\":\"ListItem\",\"position\":1,\"name\":\"Home\",\"item\":\"https:\/\/exceladvisor.org\/it\/\"},{\"@type\":\"ListItem\",\"position\":2,\"name\":\"Come abilitare e disabilitare l&#39;aggiornamento dello schermo in vba?\"}]},{\"@type\":\"WebSite\",\"@id\":\"https:\/\/exceladvisor.org\/it\/#website\",\"url\":\"https:\/\/exceladvisor.org\/it\/\",\"name\":\"Excel Advisor\",\"description\":\"Tips, Tricks, and Time-Saving Hacks\",\"publisher\":{\"@id\":\"https:\/\/exceladvisor.org\/it\/#organization\"},\"potentialAction\":[{\"@type\":\"SearchAction\",\"target\":{\"@type\":\"EntryPoint\",\"urlTemplate\":\"https:\/\/exceladvisor.org\/it\/?s={search_term_string}\"},\"query-input\":{\"@type\":\"PropertyValueSpecification\",\"valueRequired\":true,\"valueName\":\"search_term_string\"}}],\"inLanguage\":\"it-IT\"},{\"@type\":\"Organization\",\"@id\":\"https:\/\/exceladvisor.org\/it\/#organization\",\"name\":\"Excel Advisor\",\"url\":\"https:\/\/exceladvisor.org\/it\/\",\"logo\":{\"@type\":\"ImageObject\",\"inLanguage\":\"it-IT\",\"@id\":\"https:\/\/exceladvisor.org\/it\/#\/schema\/logo\/image\/\",\"url\":\"https:\/\/exceladvisor.org\/it\/wp-content\/uploads\/2023\/12\/exceladvisor.org_.png\",\"contentUrl\":\"https:\/\/exceladvisor.org\/it\/wp-content\/uploads\/2023\/12\/exceladvisor.org_.png\",\"width\":105,\"height\":36,\"caption\":\"Excel Advisor\"},\"image\":{\"@id\":\"https:\/\/exceladvisor.org\/it\/#\/schema\/logo\/image\/\"}}]}<\/script>\n<!-- \/ Yoast SEO plugin. -->","yoast_head_json":{"title":"Come abilitare e disabilitare l&#39;aggiornamento dello schermo in VBA?","description":"Cos&#39;\u00e8 l&#39;aggiornamento dello schermo VBA? Scopri come abilitare e disabilitare l&#39;aggiornamento dello schermo in VBA.","robots":{"index":"index","follow":"follow","max-snippet":"max-snippet:-1","max-image-preview":"max-image-preview:large","max-video-preview":"max-video-preview:-1"},"canonical":"https:\/\/exceladvisor.org\/it\/aggiornamento-dello-schermo\/","og_locale":"it_IT","og_type":"article","og_title":"Come abilitare e disabilitare l&#39;aggiornamento dello schermo in VBA?","og_description":"Cos&#39;\u00e8 l&#39;aggiornamento dello schermo VBA? Scopri come abilitare e disabilitare l&#39;aggiornamento dello schermo in VBA.","og_url":"https:\/\/exceladvisor.org\/it\/aggiornamento-dello-schermo\/","og_site_name":"Excel Advisor","article_modified_time":"2023-12-10T06:19:31+00:00","og_image":[{"url":"https:\/\/exceladvisor.org\/wp-content\/uploads\/2023\/08\/1-mise-a-jour-de-lecran-vba.png","type":"","width":"","height":""}],"twitter_card":"summary_large_image","twitter_misc":{"Tempo di lettura stimato":"1 minuto"},"schema":{"@context":"https:\/\/schema.org","@graph":[{"@type":"WebPage","@id":"https:\/\/exceladvisor.org\/it\/aggiornamento-dello-schermo\/","url":"https:\/\/exceladvisor.org\/it\/aggiornamento-dello-schermo\/","name":"Come abilitare e disabilitare l&#39;aggiornamento dello schermo in VBA?","isPartOf":{"@id":"https:\/\/exceladvisor.org\/it\/#website"},"primaryImageOfPage":{"@id":"https:\/\/exceladvisor.org\/it\/aggiornamento-dello-schermo\/#primaryimage"},"image":{"@id":"https:\/\/exceladvisor.org\/it\/aggiornamento-dello-schermo\/#primaryimage"},"thumbnailUrl":"https:\/\/exceladvisor.org\/wp-content\/uploads\/2023\/08\/1-mise-a-jour-de-lecran-vba.png","datePublished":"2023-10-21T12:39:59+00:00","dateModified":"2023-12-10T06:19:31+00:00","description":"Cos&#39;\u00e8 l&#39;aggiornamento dello schermo VBA? Scopri come abilitare e disabilitare l&#39;aggiornamento dello schermo in VBA.","breadcrumb":{"@id":"https:\/\/exceladvisor.org\/it\/aggiornamento-dello-schermo\/#breadcrumb"},"inLanguage":"it-IT","potentialAction":[{"@type":"ReadAction","target":["https:\/\/exceladvisor.org\/it\/aggiornamento-dello-schermo\/"]}]},{"@type":"ImageObject","inLanguage":"it-IT","@id":"https:\/\/exceladvisor.org\/it\/aggiornamento-dello-schermo\/#primaryimage","url":"https:\/\/exceladvisor.org\/wp-content\/uploads\/2023\/08\/1-mise-a-jour-de-lecran-vba.png","contentUrl":"https:\/\/exceladvisor.org\/wp-content\/uploads\/2023\/08\/1-mise-a-jour-de-lecran-vba.png"},{"@type":"BreadcrumbList","@id":"https:\/\/exceladvisor.org\/it\/aggiornamento-dello-schermo\/#breadcrumb","itemListElement":[{"@type":"ListItem","position":1,"name":"Home","item":"https:\/\/exceladvisor.org\/it\/"},{"@type":"ListItem","position":2,"name":"Come abilitare e disabilitare l&#39;aggiornamento dello schermo in vba?"}]},{"@type":"WebSite","@id":"https:\/\/exceladvisor.org\/it\/#website","url":"https:\/\/exceladvisor.org\/it\/","name":"Excel Advisor","description":"Tips, Tricks, and Time-Saving Hacks","publisher":{"@id":"https:\/\/exceladvisor.org\/it\/#organization"},"potentialAction":[{"@type":"SearchAction","target":{"@type":"EntryPoint","urlTemplate":"https:\/\/exceladvisor.org\/it\/?s={search_term_string}"},"query-input":{"@type":"PropertyValueSpecification","valueRequired":true,"valueName":"search_term_string"}}],"inLanguage":"it-IT"},{"@type":"Organization","@id":"https:\/\/exceladvisor.org\/it\/#organization","name":"Excel Advisor","url":"https:\/\/exceladvisor.org\/it\/","logo":{"@type":"ImageObject","inLanguage":"it-IT","@id":"https:\/\/exceladvisor.org\/it\/#\/schema\/logo\/image\/","url":"https:\/\/exceladvisor.org\/it\/wp-content\/uploads\/2023\/12\/exceladvisor.org_.png","contentUrl":"https:\/\/exceladvisor.org\/it\/wp-content\/uploads\/2023\/12\/exceladvisor.org_.png","width":105,"height":36,"caption":"Excel Advisor"},"image":{"@id":"https:\/\/exceladvisor.org\/it\/#\/schema\/logo\/image\/"}}]}},"yoast_meta":{"yoast_wpseo_title":"","yoast_wpseo_metadesc":"","yoast_wpseo_canonical":""},"_links":{"self":[{"href":"https:\/\/exceladvisor.org\/it\/wp-json\/wp\/v2\/pages\/2062","targetHints":{"allow":["GET"]}}],"collection":[{"href":"https:\/\/exceladvisor.org\/it\/wp-json\/wp\/v2\/pages"}],"about":[{"href":"https:\/\/exceladvisor.org\/it\/wp-json\/wp\/v2\/types\/page"}],"author":[{"embeddable":true,"href":"https:\/\/exceladvisor.org\/it\/wp-json\/wp\/v2\/users\/1"}],"replies":[{"embeddable":true,"href":"https:\/\/exceladvisor.org\/it\/wp-json\/wp\/v2\/comments?post=2062"}],"version-history":[{"count":1,"href":"https:\/\/exceladvisor.org\/it\/wp-json\/wp\/v2\/pages\/2062\/revisions"}],"predecessor-version":[{"id":2248,"href":"https:\/\/exceladvisor.org\/it\/wp-json\/wp\/v2\/pages\/2062\/revisions\/2248"}],"wp:attachment":[{"href":"https:\/\/exceladvisor.org\/it\/wp-json\/wp\/v2\/media?parent=2062"}],"curies":[{"name":"wp","href":"https:\/\/api.w.org\/{rel}","templated":true}]}}