{"id":2063,"date":"2023-10-21T12:28:37","date_gmt":"2023-10-21T12:28:37","guid":{"rendered":"https:\/\/exceladvisor.org\/it\/seleziona-il-caso\/"},"modified":"2023-12-10T06:26:37","modified_gmt":"2023-12-10T06:26:37","slug":"seleziona-il-caso","status":"publish","type":"page","link":"https:\/\/exceladvisor.org\/it\/seleziona-il-caso\/","title":{"rendered":"Come utilizzare l&#39;istruzione select case in vba?"},"content":{"rendered":"<div class=\"excel-prima-del-contenuto\" id=\"excel-4084590334\"><script type=\"text\/javascript\">\r\n\tatOptions = {\r\n\t\t'key' : 'c1158f160081d6540a8409e6925dab94',\r\n\t\t'format' : 'iframe',\r\n\t\t'height' : 250,\r\n\t\t'width' : 300,\r\n\t\t'params' : {}\r\n\t};\r\n<\/script>\r\n<script type=\"text\/javascript\" src=\"\/\/www.highperformanceformat.com\/c1158f160081d6540a8409e6925dab94\/invoke.js\"><\/script><\/div> <h2 class=\"wp-block-heading\">Punti chiave<\/h2><ul><li> Con SELECT CASE puoi testare pi\u00f9 condizioni, soprattutto quando lavori su pi\u00f9 di due.<\/li><li> Il codice che scrivi con SELECT CASE \u00e8 molto pi\u00f9 strutturato del codice condizionale standard.<\/li><li> \u00c8 pi\u00f9 semplice modificarlo quando \u00e8 necessario modificare uno o pi\u00f9 valori nel codice.<\/li><\/ul><h2 class=\"wp-block-heading\"> Cos&#8217;\u00e8 VBA Select Case<\/h2><p> VBA SELECT CASE \u00e8 un&#8217;istruzione per testare pi\u00f9 condizioni. In questa istruzione \u00e8 possibile specificare una condizione, quindi specificare del codice da eseguire se tale condizione \u00e8 vera, quindi specificare una seconda condizione e del codice da eseguire se tale condizione \u00e8 vera. In questo modo \u00e8 possibile specificare pi\u00f9 condizioni e pi\u00f9 istruzioni.<\/p><h2 class=\"wp-block-heading\"> La sintassi per selezionare il caso<\/h2><p> Di seguito \u00e8 riportata la sintassi che \u00e8 necessario seguire per scrivere un&#8217;istruzione select case.<\/p><pre class=\"wp-block-code\"> <code class=\"language-visual-basic\" lang=\"visual-basic\">Select Case Test Expression Case (Condition to Test) Statement1 [Line of Code to Run if CASE 1 is TRUE] Case (Condition to Test) Statement1 [Line of Code to Run if CASE 2 is TRUE] Case Else Statement [Line of Code to Run if no CASE is TRUE] End Select<\/code><\/pre><p> In SELECT CASE, la sintassi inizia con la parola chiave &#8220;Select&#8221; e termina con &#8220;End Select&#8221;. Per comprenderne la sintassi dobbiamo dividerlo in quattro parti: <\/p><div class=\"wp-block-image\"><figure class=\"aligncenter size-large\"><img loading=\"lazy\" decoding=\"async\" class=\"wp-image-49679\" src=\"https:\/\/exceladvisor.org\/wp-content\/uploads\/2023\/08\/selectionner-la-syntaxe-de-la-casse.png\" sizes=\"auto, \" srcset=\"\" alt=\"sintassi select-case\" width=\"1139\" height=\"575\"><\/figure><\/div><ul><li> Nella <strong>PRIMA<\/strong> parte, \u00e8 necessario specificare l'&#8221;espressione di test&#8221; su cui vengono testate tutte le condizioni.<\/li><li> Successivamente, nella <strong>SECONDA<\/strong> parte, occorre specificare il caso da testare (ovvero la condizione da testare).<\/li><li> Ora nella <strong>TERZA<\/strong> parte devi scrivere un altro caso in cui devi testare se la condizione nella seconda parte non \u00e8 VERA.<\/li><li> Alla fine, nella Parte <strong>QUATTRO<\/strong> , devi specificare un risultato che dovrebbe verificarsi quando entrambi i casi precedenti non sono VERI.<\/li><\/ul><h3 class=\"wp-block-heading\"> Un semplice esempio per comprendere un&#8217;istruzione select case<\/h3><p> La sintassi di SELECT CASE \u00e8 autoesplicativa e abbastanza facile da seguire durante la scrittura del codice. Ma facciamo un esempio e lo comprendiamo appieno. Di seguito hai un semplice codice per testare il valore della cella A1.<\/p><pre class=\"wp-block-code\"> <code class=\"language-visual-basic\" lang=\"visual-basic\">Sub SelectCaseExample1() Select Case Range(\"A1\").Value Case \"Yes\" MsgBox \"It's a Yes.\" Case \"No\" MsgBox \"It's a No\" Case Else MsgBox \"Can't Say\" End Select End Sub<\/code><\/pre><p> Ora comprendiamo questo codice con ogni riga: <\/p><div class=\"wp-block-image\"><figure class=\"aligncenter size-large is-resized\"><img loading=\"lazy\" decoding=\"async\" class=\"wp-image-49686\" src=\"https:\/\/exceladvisor.org\/wp-content\/uploads\/2023\/08\/exemple-dinstruction-select-case.png\" sizes=\"auto, \" srcset=\"\" alt=\"select-case-istruzione-esempio\" width=\"574\" height=\"431\"><\/figure><\/div><ul><li> <strong>PRIMA<\/strong> hai la parola chiave SELECT CASE e la cella A1 da utilizzare come espressione per testare la condizione.<\/li><li> <strong>SECONDO<\/strong> , hai la parola chiave CASE e la condizione (&#8220;SI&#8221;) da verificare dalla cella A1 e il codice per visualizzare una finestra di messaggio con il messaggio &#8220;\u00c8 un s\u00ec&#8221; se la condizione menzionata in case1 \u00e8 vera.<\/li><li> TERZO, hai ancora la parola chiave case e la condizione (&#8220;No&#8221;) da controllare dalla cella A1 e il codice per visualizzare una finestra di messaggio con il messaggio &#8220;\u00c8 un no&#8221; se la condizione menzionata nel caso due \u00e8 vera.<\/li><li> <strong>QUARTO<\/strong> , hai la parola chiave CASE ELSE e una riga di codice per visualizzare una finestra di messaggio con il messaggio &#8220;Non posso dire&#8221; se nessuno dei due casi \u00e8 vero.<\/li><li> <strong>FIFTH<\/strong> , hai la parola chiave END SELECT per terminare l&#8217;istruzione SELECT CASE.<\/li><\/ul><p> <strong><em>Correlato:<\/em><\/strong> <a href=\"https:\/\/exceladvisor.org\/it\/casella-msg-vba\/\"><em><strong>CASELLA MESSAGGIO VBA<\/strong><\/em><\/a><\/p><h2 class=\"wp-block-heading\"> Punti importanti<\/h2><ul><li> Pu\u00f2 testare pi\u00f9 condizioni ed eseguire una riga di codice in base al risultato.<\/li><li> \u00c8 possibile utilizzare gli operatori di confronto (=, &gt;, &lt;, &lt;&gt;, &gt;=, &lt;=) quando si verifica una condizione utilizzando la parola chiave Is.<\/li><li> Puoi utilizzare una virgola per testare pi\u00f9 condizioni nello stesso caso.<\/li><li> Puoi anche utilizzare un intervallo di numeri quando testi una condizione in un singolo caso.<\/li><li> Quando una condizione viene soddisfatta, VBA si ferma per testare il resto dei casi dell&#8217;istruzione.<\/li><li> Puoi anche aggiungere una sezione case else alla fine per eseguire una riga di codice quando nessuna delle condizioni \u00e8 soddisfatta.<\/li><li> Puoi saltare l&#8217;utilizzo dell&#8217;istruzione CASE END.<\/li><\/ul><h2 class=\"wp-block-heading\"> Altri esempi da utilizzare Seleziona caso<\/h2><p> \u00c8 giunto il momento di utilizzare SELECT CASE in diversi modi ed ecco alcuni degli esempi utili ed essenziali che puoi imparare.<\/p><p> <strong>100 esempi di macro di Excel<\/strong><\/p><h3 class=\"wp-block-heading\"> 1. Seleziona il caso con i numeri<\/h3><p> Quando si scrive codice VBA per l&#8217;istruzione SELECT CASE, \u00e8 possibile utilizzare gli operatori per confrontare i valori. Ora nel codice seguente hai gli operatori &gt;, &lt; e = per testare le condizioni. <\/p><div class=\"wp-block-image\"><figure class=\"aligncenter size-large is-resized\"><img loading=\"lazy\" decoding=\"async\" class=\"wp-image-50298\" src=\"https:\/\/exceladvisor.org\/wp-content\/uploads\/2023\/08\/3-cas-choisis-avec-des-nombres.png\" sizes=\"auto, \" srcset=\"\" alt=\"select-case-with-numbers\" width=\"451\" height=\"278\"><\/figure><\/div><pre class=\"wp-block-code\"> <code class=\"language-visual-basic\" lang=\"visual-basic\">Sub SelectCaseExample1() Select Case Range(\"A1\").Value Case Is &gt;= 45 MsgBox \"Pass\" Case Is &lt; 45 MsgBox \"Fail\" End Select End Sub<\/code><\/pre><ul><li> Il primo caso di questa istruzione controlla se il valore della cella A1 \u00e8 maggiore o uguale a 45 oppure no e restituisce una finestra di messaggio con il messaggio &#8220;Passato&#8221;.<\/li><li> E il secondo caso dell&#8217;istruzione controlla se il valore della cella A1 \u00e8 inferiore a 45 e restituisce una finestra di messaggio con il messaggio &#8220;Failed&#8221;.<\/li><\/ul><h3 class=\"wp-block-heading\"> 2. Selezionare il caso con un intervallo di numeri<\/h3><p> Puoi anche utilizzare una serie di numeri per testare la condizione. Nel codice seguente hai una condizione con un intervallo di numeri in ogni caso da testare.<\/p><pre class=\"wp-block-code\"> <code class=\"language-visual-basic\" lang=\"visual-basic\">Sub SelectCaseExample2() Select Case Range(\u201cA1\u201d).Value Case 45 To 100 MsgBox \u201cPass\u201d Case 0 To 44 MsgBox \u201cFail\u201d Case Else MsgBox \u201cOut of Range\u201d End Select End Sub<\/code><\/pre><ul><li> Il primo caso dell&#8217;istruzione controlla il numero nella cella A1 utilizzando l&#8217;intervallo di numeri compreso tra 45 e 100 e restituisce &#8220;Passato&#8221; se il valore scende al di sotto di questo intervallo.<\/li><li> La seconda istruzione ha un intervallo compreso tra 0 e 44 per verificare il valore nella cella A1 e restituisce &#8220;Fail&#8221; se il valore scende al di sotto di questo intervallo.<\/li><li> La terza istruzione \u00e8 case else visualizza una finestra di messaggio con il messaggio &#8220;Fuori intervallo&#8221; se i casi uno e due sono falsi.<\/li><\/ul><h3 class=\"wp-block-heading\"> 3. Utilizzando l&#8217;operatore Due punti<\/h3><p> Quando si scrive il codice per SELECT CASE, \u00e8 possibile utilizzare gli operatori due punti per scrivere l&#8217;intero caso su un&#8217;unica riga.<\/p><p> Nel codice seguente, la riga inizia con il caso, poi la condizione da testare, poi i due punti, quindi l&#8217;istruzione da eseguire in questo caso \u00e8 vera. <\/p><div class=\"wp-block-image\"><figure class=\"aligncenter size-large is-resized\"><img loading=\"lazy\" decoding=\"async\" class=\"wp-image-50299\" src=\"https:\/\/exceladvisor.org\/wp-content\/uploads\/2023\/08\/4-en-utilisant-loperateur-deux-points.png\" sizes=\"auto, \" srcset=\"\" alt=\"utilizzando l'operatore dei due punti\" width=\"439\" height=\"288\"><\/figure><\/div><pre class=\"wp-block-code\"> <code class=\"language-visual-basic\" lang=\"visual-basic\">Sub SelectCaseExample3() Select Case Range(\u201cA1\u201d).Value Case 45 To 100: MsgBox \u201cPass\u201d Case 0 To 44: MsgBox \u201cFail\u201d Case Else: MsgBox \u201cOut of Range\u201d End Select End Sub<\/code><\/pre><h3 class=\"wp-block-heading\"> 4. Utilizzare Seleziona caso con pi\u00f9 condizioni<\/h3><p> Proprio come impostare un intervallo per un caso, puoi anche specificare pi\u00f9 valori per testare la condizione. Nel codice seguente, ogni caso ha tre numeri da testare. <\/p><div class=\"wp-block-image\"><figure class=\"aligncenter size-large is-resized\"><img loading=\"lazy\" decoding=\"async\" class=\"wp-image-50300\" src=\"https:\/\/exceladvisor.org\/wp-content\/uploads\/2023\/08\/5-selectionner-le-cas-avec-plusieurs-valeurs.png\" sizes=\"auto, \" srcset=\"\" alt=\"selezionare-caso-con-valori-multipli\" width=\"376\" height=\"308\"><\/figure><\/div><pre class=\"wp-block-code\"> <code class=\"language-visual-basic\" lang=\"visual-basic\">Sub SelectCaseExample() Select Case Range(\"A1\").Value Case 1, 3, 5 MsgBox \"Yes\" Case 2, 4, 6 MsgBox \"No\" Case Else MsgBox \"Out of range\" End Select End Sub<\/code><\/pre><ul><li> Il primo caso di questo codice tester\u00e0 il valore della cella se \u00e8 1, 3 o 5 e restituir\u00e0 &#8220;S\u00ec&#8221; in una finestra di messaggio.<\/li><li> E il secondo caso di questo codice tester\u00e0 il valore della cella A1 se \u00e8 2, 4 o 6.<\/li><\/ul><h3 class=\"wp-block-heading\"> 5. Utilizzo di Seleziona caso in una funzione personalizzata<\/h3><p> \u00c8 inoltre possibile utilizzare SELECT CASE durante la scrittura del codice per una <a href=\"https:\/\/exceladvisor.org\/it\/funzione-definita-dallutente-2\/\"><strong>funzione VBA<\/strong><\/a> . <\/p><div class=\"wp-block-image\"><figure class=\"aligncenter size-large is-resized\"><img loading=\"lazy\" decoding=\"async\" class=\"wp-image-50301\" src=\"https:\/\/exceladvisor.org\/wp-content\/uploads\/2023\/08\/6-selectionner-le-cas-dans-la-fonction-personnalisee.png\" sizes=\"auto, \" srcset=\"\" alt=\"seleziona-case-in-funzione-personalizzata\" width=\"433\" height=\"405\"><\/figure><\/div><pre class=\"wp-block-code\"> <code class=\"language-visual-basic\" lang=\"visual-basic\">Function udfGrade(student_marks As Integer) Dim myGrade As String Select Case student_marks Case Is &lt; 40: myGrade = \u201cBad\u201d Case 41 To 50: myGrade = \u201cAverage\u201d Case 51 To 60: myGrade = \u201cGood\u201d Case 61 To 80: myGrade = \u201cVery Good\u201d Case 81 To 100: myGrade = \u201cExcellent\u201d End Select udfGrade = myGrade End Function<\/code><\/pre><p> Nella funzione sopra ci sono cinque caselle per controllare il punteggio degli studenti in una cella. Tutti e 5 i casi utilizzano un intervallo di numeri e restituiscono il valore definito nell&#8217;istruzione.<\/p><h3 class=\"wp-block-heading\"> 6. Utilizzo di Seleziona caso da condizioni nidificate<\/h3><p> \u00c8 inoltre possibile creare un&#8217;istruzione di condizione nidificata. Quello che sto cercando di dire \u00e8 che puoi scrivere codice per testare pi\u00f9 condizioni con il caso selezionato.<\/p><p> Immagina di voler scrivere un codice in grado di testare le condizioni in base ai valori di due celle diverse. <\/p><pre class=\"wp-block-code\"> <code class=\"language-visual-basic\" lang=\"visual-basic\">Sub SelectCaseStatement() Select Case Range(\"A2\") Case \"Boy\" Select Case Range(\"B2\") Case \"Commerce\": MsgBox \"Boy (Commerce)\" Case \"Science\": MsgBox \"Boy (Science)\" End Select Case \"Girl\" Select Case Range(\"B2\") Case \"Commerce\": MsgBox \"Girl (Commerce)\" Case \"Science\": MsgBox \"Girl (Science)\" End Select End Select End Sub<\/code><\/pre><div class=\"wp-block-image\"><figure class=\"aligncenter size-large is-resized\"><img loading=\"lazy\" decoding=\"async\" class=\"wp-image-50302\" src=\"https:\/\/exceladvisor.org\/wp-content\/uploads\/2023\/08\/7-selectionner-le-cas-parmi-les-conditions-imbriquees.png\" sizes=\"auto, \" srcset=\"\" alt=\"selezionare-caso-da-condizioni-nidificate\" width=\"478\" height=\"341\"><\/figure><\/div><p> Nel codice sopra hai tre istruzioni case select. C&#8217;\u00e8 un&#8217;istruzione principale che controlla il valore della cella A2 se \u00e8 &#8220;Ragazzo&#8221; o &#8220;Ragazza&#8221;.<\/p><p> Quindi, in base al risultato, vengono eseguite altre due istruzioni e controlla il valore della cella B2 se \u00e8 Commercio o Scienza.<\/p><h2 class=\"wp-block-heading\"> <a href=\"https:\/\/exceladvisor.org\/it\/se-2\/\">Istruzione SCEGLI CASO e IF THEN ELSE<\/a><\/h2><ul><li> Quando desideri testare pi\u00f9 condizioni, \u00e8 semplice scrivere codice utilizzando SELECT CASE anzich\u00e9 IF-THEN.<\/li><li> Anche \u00e8 facile modificare e apportare modifiche in un&#8217;istruzione SELECT CASE rispetto a IF-THEN.<\/li><\/ul><div class=\"gb-container gb-container-4db6181c gb-container-mt\"> <a class=\"gb-button gb-button-c5897111 gb-button-text gb-button-mt-button\" href=\"https:\/\/exceladvisor.org\/it\/vba\/\">Cos&#8217;\u00e8 VBA<\/a><h2 class=\"gb-headline gb-headline-665e5f6b gb-headline-text gb-headline-mt-heading\"> Tutorial correlati <\/h2><div class=\"gb-grid-wrapper gb-grid-wrapper-a20baf7c gb-grid-wrapper-mt-grid\"><div class=\"gb-grid-column gb-grid-column-65ddf67e\"><div class=\"gb-container gb-container-65ddf67e\"><ul><li> <a href=\"https:\/\/exceladvisor.org\/it\/loop\/\">Loop VBA (da principiante ad avanzato)<\/a><\/li><li> <a href=\"https:\/\/exceladvisor.org\/it\/fare-mentre\/\">Excel VBA Do While Loop e (Do Loop While) &#8211; Una guida<\/a><\/li><li> <a href=\"https:\/\/exceladvisor.org\/it\/foglie-ad-anello\/\">Passa in rassegna tutti i fogli utilizzando VBA in Excel<\/a> <\/li><\/ul><\/div><\/div><div class=\"gb-grid-column gb-grid-column-50067b57\"><div class=\"gb-container gb-container-50067b57\"><ul><li> <a href=\"https:\/\/exceladvisor.org\/it\/scorrere-lintervallo\/\">Passare attraverso un intervallo utilizzando VBA (Colonne, Riga e UsedRange)<\/a><\/li><li> <a href=\"https:\/\/exceladvisor.org\/it\/per-il-ciclo\/\">VBA FOR LOOP (Per successivo, Per ciascuno)<\/a><\/li><li> <a href=\"https:\/\/exceladvisor.org\/it\/vai-a-1\/\">GoTo Dichiarazione VBA<\/a><\/li><\/ul><\/div><\/div><\/div><\/div>","protected":false},"excerpt":{"rendered":"","protected":false},"author":1,"featured_media":0,"parent":0,"menu_order":0,"comment_status":"open","ping_status":"closed","template":"","meta":{"ub_ctt_via":"","footnotes":""},"class_list":["post-2063","page","type-page","status-publish","hentry"],"featured_image_src":null,"yoast_head":"<!-- This site is optimized with the Yoast SEO plugin v25.4 - https:\/\/yoast.com\/wordpress\/plugins\/seo\/ -->\n<title>Come utilizzare l&#039;istruzione SELECT CASE in VBA?<\/title>\n<meta name=\"description\" content=\"In SELECT CASE, puoi specificare una condizione, quindi specificare del codice da eseguire se tale condizione \u00e8 vera, quindi specificare un...\" \/>\n<meta name=\"robots\" content=\"index, follow, max-snippet:-1, max-image-preview:large, max-video-preview:-1\" \/>\n<link rel=\"canonical\" href=\"https:\/\/exceladvisor.org\/it\/seleziona-il-caso\/\" \/>\n<meta property=\"og:locale\" content=\"it_IT\" \/>\n<meta property=\"og:type\" content=\"article\" \/>\n<meta property=\"og:title\" content=\"Come utilizzare l&#039;istruzione SELECT CASE in VBA?\" \/>\n<meta property=\"og:description\" content=\"In SELECT CASE, puoi specificare una condizione, quindi specificare del codice da eseguire se tale condizione \u00e8 vera, quindi specificare un...\" \/>\n<meta property=\"og:url\" content=\"https:\/\/exceladvisor.org\/it\/seleziona-il-caso\/\" \/>\n<meta property=\"og:site_name\" content=\"Excel Advisor\" \/>\n<meta property=\"article:modified_time\" content=\"2023-12-10T06:26:37+00:00\" \/>\n<meta property=\"og:image\" content=\"https:\/\/exceladvisor.org\/wp-content\/uploads\/2023\/08\/selectionner-la-syntaxe-de-la-casse.png\" \/>\n<meta name=\"twitter:card\" content=\"summary_large_image\" \/>\n<meta name=\"twitter:label1\" content=\"Tempo di lettura stimato\" \/>\n\t<meta name=\"twitter:data1\" content=\"7 minuti\" \/>\n<script type=\"application\/ld+json\" class=\"yoast-schema-graph\">{\"@context\":\"https:\/\/schema.org\",\"@graph\":[{\"@type\":\"WebPage\",\"@id\":\"https:\/\/exceladvisor.org\/it\/seleziona-il-caso\/\",\"url\":\"https:\/\/exceladvisor.org\/it\/seleziona-il-caso\/\",\"name\":\"Come utilizzare l&#39;istruzione SELECT CASE in VBA?\",\"isPartOf\":{\"@id\":\"https:\/\/exceladvisor.org\/it\/#website\"},\"primaryImageOfPage\":{\"@id\":\"https:\/\/exceladvisor.org\/it\/seleziona-il-caso\/#primaryimage\"},\"image\":{\"@id\":\"https:\/\/exceladvisor.org\/it\/seleziona-il-caso\/#primaryimage\"},\"thumbnailUrl\":\"https:\/\/exceladvisor.org\/wp-content\/uploads\/2023\/08\/selectionner-la-syntaxe-de-la-casse.png\",\"datePublished\":\"2023-10-21T12:28:37+00:00\",\"dateModified\":\"2023-12-10T06:26:37+00:00\",\"description\":\"In SELECT CASE, puoi specificare una condizione, quindi specificare del codice da eseguire se tale condizione \u00e8 vera, quindi specificare un...\",\"breadcrumb\":{\"@id\":\"https:\/\/exceladvisor.org\/it\/seleziona-il-caso\/#breadcrumb\"},\"inLanguage\":\"it-IT\",\"potentialAction\":[{\"@type\":\"ReadAction\",\"target\":[\"https:\/\/exceladvisor.org\/it\/seleziona-il-caso\/\"]}]},{\"@type\":\"ImageObject\",\"inLanguage\":\"it-IT\",\"@id\":\"https:\/\/exceladvisor.org\/it\/seleziona-il-caso\/#primaryimage\",\"url\":\"https:\/\/exceladvisor.org\/wp-content\/uploads\/2023\/08\/selectionner-la-syntaxe-de-la-casse.png\",\"contentUrl\":\"https:\/\/exceladvisor.org\/wp-content\/uploads\/2023\/08\/selectionner-la-syntaxe-de-la-casse.png\"},{\"@type\":\"BreadcrumbList\",\"@id\":\"https:\/\/exceladvisor.org\/it\/seleziona-il-caso\/#breadcrumb\",\"itemListElement\":[{\"@type\":\"ListItem\",\"position\":1,\"name\":\"Home\",\"item\":\"https:\/\/exceladvisor.org\/it\/\"},{\"@type\":\"ListItem\",\"position\":2,\"name\":\"Come utilizzare l&#39;istruzione select case in vba?\"}]},{\"@type\":\"WebSite\",\"@id\":\"https:\/\/exceladvisor.org\/it\/#website\",\"url\":\"https:\/\/exceladvisor.org\/it\/\",\"name\":\"Excel Advisor\",\"description\":\"Tips, Tricks, and Time-Saving Hacks\",\"publisher\":{\"@id\":\"https:\/\/exceladvisor.org\/it\/#organization\"},\"potentialAction\":[{\"@type\":\"SearchAction\",\"target\":{\"@type\":\"EntryPoint\",\"urlTemplate\":\"https:\/\/exceladvisor.org\/it\/?s={search_term_string}\"},\"query-input\":{\"@type\":\"PropertyValueSpecification\",\"valueRequired\":true,\"valueName\":\"search_term_string\"}}],\"inLanguage\":\"it-IT\"},{\"@type\":\"Organization\",\"@id\":\"https:\/\/exceladvisor.org\/it\/#organization\",\"name\":\"Excel Advisor\",\"url\":\"https:\/\/exceladvisor.org\/it\/\",\"logo\":{\"@type\":\"ImageObject\",\"inLanguage\":\"it-IT\",\"@id\":\"https:\/\/exceladvisor.org\/it\/#\/schema\/logo\/image\/\",\"url\":\"https:\/\/exceladvisor.org\/it\/wp-content\/uploads\/2023\/12\/exceladvisor.org_.png\",\"contentUrl\":\"https:\/\/exceladvisor.org\/it\/wp-content\/uploads\/2023\/12\/exceladvisor.org_.png\",\"width\":105,\"height\":36,\"caption\":\"Excel Advisor\"},\"image\":{\"@id\":\"https:\/\/exceladvisor.org\/it\/#\/schema\/logo\/image\/\"}}]}<\/script>\n<!-- \/ Yoast SEO plugin. -->","yoast_head_json":{"title":"Come utilizzare l&#39;istruzione SELECT CASE in VBA?","description":"In SELECT CASE, puoi specificare una condizione, quindi specificare del codice da eseguire se tale condizione \u00e8 vera, quindi specificare un...","robots":{"index":"index","follow":"follow","max-snippet":"max-snippet:-1","max-image-preview":"max-image-preview:large","max-video-preview":"max-video-preview:-1"},"canonical":"https:\/\/exceladvisor.org\/it\/seleziona-il-caso\/","og_locale":"it_IT","og_type":"article","og_title":"Come utilizzare l&#39;istruzione SELECT CASE in VBA?","og_description":"In SELECT CASE, puoi specificare una condizione, quindi specificare del codice da eseguire se tale condizione \u00e8 vera, quindi specificare un...","og_url":"https:\/\/exceladvisor.org\/it\/seleziona-il-caso\/","og_site_name":"Excel Advisor","article_modified_time":"2023-12-10T06:26:37+00:00","og_image":[{"url":"https:\/\/exceladvisor.org\/wp-content\/uploads\/2023\/08\/selectionner-la-syntaxe-de-la-casse.png","type":"","width":"","height":""}],"twitter_card":"summary_large_image","twitter_misc":{"Tempo di lettura stimato":"7 minuti"},"schema":{"@context":"https:\/\/schema.org","@graph":[{"@type":"WebPage","@id":"https:\/\/exceladvisor.org\/it\/seleziona-il-caso\/","url":"https:\/\/exceladvisor.org\/it\/seleziona-il-caso\/","name":"Come utilizzare l&#39;istruzione SELECT CASE in VBA?","isPartOf":{"@id":"https:\/\/exceladvisor.org\/it\/#website"},"primaryImageOfPage":{"@id":"https:\/\/exceladvisor.org\/it\/seleziona-il-caso\/#primaryimage"},"image":{"@id":"https:\/\/exceladvisor.org\/it\/seleziona-il-caso\/#primaryimage"},"thumbnailUrl":"https:\/\/exceladvisor.org\/wp-content\/uploads\/2023\/08\/selectionner-la-syntaxe-de-la-casse.png","datePublished":"2023-10-21T12:28:37+00:00","dateModified":"2023-12-10T06:26:37+00:00","description":"In SELECT CASE, puoi specificare una condizione, quindi specificare del codice da eseguire se tale condizione \u00e8 vera, quindi specificare un...","breadcrumb":{"@id":"https:\/\/exceladvisor.org\/it\/seleziona-il-caso\/#breadcrumb"},"inLanguage":"it-IT","potentialAction":[{"@type":"ReadAction","target":["https:\/\/exceladvisor.org\/it\/seleziona-il-caso\/"]}]},{"@type":"ImageObject","inLanguage":"it-IT","@id":"https:\/\/exceladvisor.org\/it\/seleziona-il-caso\/#primaryimage","url":"https:\/\/exceladvisor.org\/wp-content\/uploads\/2023\/08\/selectionner-la-syntaxe-de-la-casse.png","contentUrl":"https:\/\/exceladvisor.org\/wp-content\/uploads\/2023\/08\/selectionner-la-syntaxe-de-la-casse.png"},{"@type":"BreadcrumbList","@id":"https:\/\/exceladvisor.org\/it\/seleziona-il-caso\/#breadcrumb","itemListElement":[{"@type":"ListItem","position":1,"name":"Home","item":"https:\/\/exceladvisor.org\/it\/"},{"@type":"ListItem","position":2,"name":"Come utilizzare l&#39;istruzione select case in vba?"}]},{"@type":"WebSite","@id":"https:\/\/exceladvisor.org\/it\/#website","url":"https:\/\/exceladvisor.org\/it\/","name":"Excel Advisor","description":"Tips, Tricks, and Time-Saving Hacks","publisher":{"@id":"https:\/\/exceladvisor.org\/it\/#organization"},"potentialAction":[{"@type":"SearchAction","target":{"@type":"EntryPoint","urlTemplate":"https:\/\/exceladvisor.org\/it\/?s={search_term_string}"},"query-input":{"@type":"PropertyValueSpecification","valueRequired":true,"valueName":"search_term_string"}}],"inLanguage":"it-IT"},{"@type":"Organization","@id":"https:\/\/exceladvisor.org\/it\/#organization","name":"Excel Advisor","url":"https:\/\/exceladvisor.org\/it\/","logo":{"@type":"ImageObject","inLanguage":"it-IT","@id":"https:\/\/exceladvisor.org\/it\/#\/schema\/logo\/image\/","url":"https:\/\/exceladvisor.org\/it\/wp-content\/uploads\/2023\/12\/exceladvisor.org_.png","contentUrl":"https:\/\/exceladvisor.org\/it\/wp-content\/uploads\/2023\/12\/exceladvisor.org_.png","width":105,"height":36,"caption":"Excel Advisor"},"image":{"@id":"https:\/\/exceladvisor.org\/it\/#\/schema\/logo\/image\/"}}]}},"yoast_meta":{"yoast_wpseo_title":"","yoast_wpseo_metadesc":"","yoast_wpseo_canonical":""},"_links":{"self":[{"href":"https:\/\/exceladvisor.org\/it\/wp-json\/wp\/v2\/pages\/2063","targetHints":{"allow":["GET"]}}],"collection":[{"href":"https:\/\/exceladvisor.org\/it\/wp-json\/wp\/v2\/pages"}],"about":[{"href":"https:\/\/exceladvisor.org\/it\/wp-json\/wp\/v2\/types\/page"}],"author":[{"embeddable":true,"href":"https:\/\/exceladvisor.org\/it\/wp-json\/wp\/v2\/users\/1"}],"replies":[{"embeddable":true,"href":"https:\/\/exceladvisor.org\/it\/wp-json\/wp\/v2\/comments?post=2063"}],"version-history":[{"count":1,"href":"https:\/\/exceladvisor.org\/it\/wp-json\/wp\/v2\/pages\/2063\/revisions"}],"predecessor-version":[{"id":2814,"href":"https:\/\/exceladvisor.org\/it\/wp-json\/wp\/v2\/pages\/2063\/revisions\/2814"}],"wp:attachment":[{"href":"https:\/\/exceladvisor.org\/it\/wp-json\/wp\/v2\/media?parent=2063"}],"curies":[{"name":"wp","href":"https:\/\/api.w.org\/{rel}","templated":true}]}}