{"id":2078,"date":"2023-10-20T04:08:08","date_gmt":"2023-10-20T04:08:08","guid":{"rendered":"https:\/\/exceladvisor.org\/it\/selezionare-una-riga\/"},"modified":"2023-12-10T06:25:41","modified_gmt":"2023-12-10T06:25:41","slug":"selezionare-una-riga","status":"publish","type":"page","link":"https:\/\/exceladvisor.org\/it\/selezionare-una-riga\/","title":{"rendered":"Come selezionare le righe utilizzando la scorciatoia di excel?"},"content":{"rendered":"<div class=\"excel-prima-del-contenuto\" id=\"excel-3100987161\"><script type=\"text\/javascript\">\r\n\tatOptions = {\r\n\t\t'key' : 'c1158f160081d6540a8409e6925dab94',\r\n\t\t'format' : 'iframe',\r\n\t\t'height' : 250,\r\n\t\t'width' : 300,\r\n\t\t'params' : {}\r\n\t};\r\n<\/script>\r\n<script type=\"text\/javascript\" src=\"\/\/www.highperformanceformat.com\/c1158f160081d6540a8409e6925dab94\/invoke.js\"><\/script><\/div> <p>Un foglio di calcolo Excel \u00e8 una combinazione di pi\u00f9 righe e colonne contenenti celle.<\/p><p> Quando si lavora in Excel, il numero di volte in cui gli utenti desiderano selezionare una riga per vari motivi, ad esempio eliminare la riga specifica, formattare la riga specifica o inserire una nuova riga sopra la riga selezionata.<\/p><p> Pertanto, diventa importante per ogni utente di Excel avere familiarit\u00e0 con la scorciatoia per selezionare le righe e in questo tutorial ti abbiamo spiegato lo stesso.<\/p><h2 class=\"wp-block-heading\"> Scorciatoia da tastiera per selezionare una riga in Excel<\/h2><p> <kbd>Maiusc<\/kbd> + <kbd>Spazio<\/kbd> <\/p><div class=\"wp-block-image\"><figure class=\"aligncenter size-full is-resized\"><img loading=\"lazy\" decoding=\"async\" class=\"wp-image-69476\" src=\"https:\/\/exceladvisor.org\/wp-content\/uploads\/2023\/08\/1-raccourci-pour-selectionner-la-ligne.png\" sizes=\"auto, \" srcset=\"\" alt=\"scorciatoia per selezionare una riga\" width=\"805\" height=\"316\"><\/figure><\/div><h2 class=\"wp-block-heading\"> Passaggi per selezionare le righe utilizzando la scorciatoia da tastiera<\/h2><ul><li> Per prima cosa vai su qualsiasi cella nella riga che desideri selezionare. <br><img decoding=\"async\" title=\"2 celle in fila\" src=\"https:\/\/exceladvisor.org\/wp-content\/uploads\/2023\/08\/2-cellules-dans-la-rangee.png\" sizes=\"\" srcset=\"\" alt=\"cell-in-the-row\"><\/li><li> Successivamente, premi semplicemente &#8220;Maiusc + Barra spaziatrice&#8221; e la tua riga verr\u00e0 selezionata ed evidenziata.<\/li><li> Ora, se vuoi eliminare le righe selezionate, premi \u201cCtrl + \u2013\u201d (segno meno), o se vuoi aggiungere la nuova riga sopra la riga selezionata, premi \u201cCtrl + +\u201d (segno pi\u00f9) o vai a formattazione se vuoi formattare solo la riga selezionata.<\/li><li> Per selezionare pi\u00f9 linee adiacenti alla linea selezionata, premere i tasti &#8220;Maiusc + Freccia gi\u00f9&#8221; o &#8220;Maiusc + Freccia su&#8221; per selezionare le linee verso il basso o verso l&#8217;alto. <br><img decoding=\"async\" title=\"3 linee selezionate\" src=\"https:\/\/exceladvisor.org\/wp-content\/uploads\/2023\/08\/3-ligne-selectionnee.png\" sizes=\"\" srcset=\"\" alt=\"selected-row\"><\/li><\/ul><h2 class=\"wp-block-heading\"> Asporto<\/h2><ul><li> Per selezionare pi\u00f9 linee non adiacenti, si consiglia di selezionare le linee utilizzando il mouse o utilizzando l&#8217;opzione filtro.<\/li><li> Se nel foglio corrente sono presenti pi\u00f9 set di dati, \u00e8 meglio convertire i set di dati in tabelle perch\u00e9 nelle tabelle &#8220;Maiusc + Barra spaziatrice&#8221; seleziona solo la riga nella tabella e senza tabelle seleziona l&#8217;intera riga da un&#8217;estremit\u00e0 all&#8217;altra nel foglio corrente foglio di calcolo. <\/li><\/ul><div class=\"wp-block-group more-tutorials is-layout-flow\"><div class=\"wp-block-group__inner-container\"><h2 class=\"wp-block-heading\"> Altri tutorial <\/h2><div class=\"wp-block-columns is-layout-flex wp-container-47\"><div class=\"wp-block-column is-layout-flow\"><ul><li> <a href=\"https:\/\/exceladvisor.org\/it\/riferimento-assoluto\/\">Riferimento assoluto<\/a><\/li><li> <a href=\"https:\/\/exceladvisor.org\/it\/copia-incolla\/\">Copia e incolla<\/a><\/li><li> <a href=\"https:\/\/exceladvisor.org\/it\/taglia-e-incolla\/\">Taglia e incolla<\/a><\/li><li> Blocca le celle<\/li><\/ul><\/div><\/div><\/div><\/div>","protected":false},"excerpt":{"rendered":"","protected":false},"author":1,"featured_media":0,"parent":0,"menu_order":0,"comment_status":"open","ping_status":"closed","template":"","meta":{"ub_ctt_via":"","footnotes":""},"class_list":["post-2078","page","type-page","status-publish","hentry"],"featured_image_src":null,"yoast_head":"<!-- This site is optimized with the Yoast SEO plugin v25.4 - https:\/\/yoast.com\/wordpress\/plugins\/seo\/ -->\n<title>Come selezionare le righe utilizzando la scorciatoia di Excel?<\/title>\n<meta name=\"description\" content=\"Scopri come utilizzare una scorciatoia da tastiera per applicare una riga selezionata in Excel. Ora questa scorciatoia da tastiera include...\" \/>\n<meta name=\"robots\" content=\"index, follow, max-snippet:-1, max-image-preview:large, max-video-preview:-1\" \/>\n<link rel=\"canonical\" href=\"https:\/\/exceladvisor.org\/it\/selezionare-una-riga\/\" \/>\n<meta property=\"og:locale\" content=\"it_IT\" \/>\n<meta property=\"og:type\" content=\"article\" \/>\n<meta property=\"og:title\" content=\"Come selezionare le righe utilizzando la scorciatoia di Excel?\" \/>\n<meta property=\"og:description\" content=\"Scopri come utilizzare una scorciatoia da tastiera per applicare una riga selezionata in Excel. Ora questa scorciatoia da tastiera include...\" \/>\n<meta property=\"og:url\" content=\"https:\/\/exceladvisor.org\/it\/selezionare-una-riga\/\" \/>\n<meta property=\"og:site_name\" content=\"Excel Advisor\" \/>\n<meta property=\"article:modified_time\" content=\"2023-12-10T06:25:41+00:00\" \/>\n<meta property=\"og:image\" content=\"https:\/\/exceladvisor.org\/wp-content\/uploads\/2023\/08\/1-raccourci-pour-selectionner-la-ligne.png\" \/>\n<meta name=\"twitter:card\" content=\"summary_large_image\" \/>\n<meta name=\"twitter:label1\" content=\"Tempo di lettura stimato\" \/>\n\t<meta name=\"twitter:data1\" content=\"1 minuto\" \/>\n<script type=\"application\/ld+json\" class=\"yoast-schema-graph\">{\"@context\":\"https:\/\/schema.org\",\"@graph\":[{\"@type\":\"WebPage\",\"@id\":\"https:\/\/exceladvisor.org\/it\/selezionare-una-riga\/\",\"url\":\"https:\/\/exceladvisor.org\/it\/selezionare-una-riga\/\",\"name\":\"Come selezionare le righe utilizzando la scorciatoia di Excel?\",\"isPartOf\":{\"@id\":\"https:\/\/exceladvisor.org\/it\/#website\"},\"primaryImageOfPage\":{\"@id\":\"https:\/\/exceladvisor.org\/it\/selezionare-una-riga\/#primaryimage\"},\"image\":{\"@id\":\"https:\/\/exceladvisor.org\/it\/selezionare-una-riga\/#primaryimage\"},\"thumbnailUrl\":\"https:\/\/exceladvisor.org\/wp-content\/uploads\/2023\/08\/1-raccourci-pour-selectionner-la-ligne.png\",\"datePublished\":\"2023-10-20T04:08:08+00:00\",\"dateModified\":\"2023-12-10T06:25:41+00:00\",\"description\":\"Scopri come utilizzare una scorciatoia da tastiera per applicare una riga selezionata in Excel. Ora questa scorciatoia da tastiera include...\",\"breadcrumb\":{\"@id\":\"https:\/\/exceladvisor.org\/it\/selezionare-una-riga\/#breadcrumb\"},\"inLanguage\":\"it-IT\",\"potentialAction\":[{\"@type\":\"ReadAction\",\"target\":[\"https:\/\/exceladvisor.org\/it\/selezionare-una-riga\/\"]}]},{\"@type\":\"ImageObject\",\"inLanguage\":\"it-IT\",\"@id\":\"https:\/\/exceladvisor.org\/it\/selezionare-una-riga\/#primaryimage\",\"url\":\"https:\/\/exceladvisor.org\/wp-content\/uploads\/2023\/08\/1-raccourci-pour-selectionner-la-ligne.png\",\"contentUrl\":\"https:\/\/exceladvisor.org\/wp-content\/uploads\/2023\/08\/1-raccourci-pour-selectionner-la-ligne.png\"},{\"@type\":\"BreadcrumbList\",\"@id\":\"https:\/\/exceladvisor.org\/it\/selezionare-una-riga\/#breadcrumb\",\"itemListElement\":[{\"@type\":\"ListItem\",\"position\":1,\"name\":\"Home\",\"item\":\"https:\/\/exceladvisor.org\/it\/\"},{\"@type\":\"ListItem\",\"position\":2,\"name\":\"Come selezionare le righe utilizzando la scorciatoia di excel?\"}]},{\"@type\":\"WebSite\",\"@id\":\"https:\/\/exceladvisor.org\/it\/#website\",\"url\":\"https:\/\/exceladvisor.org\/it\/\",\"name\":\"Excel Advisor\",\"description\":\"Tips, Tricks, and Time-Saving Hacks\",\"publisher\":{\"@id\":\"https:\/\/exceladvisor.org\/it\/#organization\"},\"potentialAction\":[{\"@type\":\"SearchAction\",\"target\":{\"@type\":\"EntryPoint\",\"urlTemplate\":\"https:\/\/exceladvisor.org\/it\/?s={search_term_string}\"},\"query-input\":{\"@type\":\"PropertyValueSpecification\",\"valueRequired\":true,\"valueName\":\"search_term_string\"}}],\"inLanguage\":\"it-IT\"},{\"@type\":\"Organization\",\"@id\":\"https:\/\/exceladvisor.org\/it\/#organization\",\"name\":\"Excel Advisor\",\"url\":\"https:\/\/exceladvisor.org\/it\/\",\"logo\":{\"@type\":\"ImageObject\",\"inLanguage\":\"it-IT\",\"@id\":\"https:\/\/exceladvisor.org\/it\/#\/schema\/logo\/image\/\",\"url\":\"https:\/\/exceladvisor.org\/it\/wp-content\/uploads\/2023\/12\/exceladvisor.org_.png\",\"contentUrl\":\"https:\/\/exceladvisor.org\/it\/wp-content\/uploads\/2023\/12\/exceladvisor.org_.png\",\"width\":105,\"height\":36,\"caption\":\"Excel Advisor\"},\"image\":{\"@id\":\"https:\/\/exceladvisor.org\/it\/#\/schema\/logo\/image\/\"}}]}<\/script>\n<!-- \/ Yoast SEO plugin. -->","yoast_head_json":{"title":"Come selezionare le righe utilizzando la scorciatoia di Excel?","description":"Scopri come utilizzare una scorciatoia da tastiera per applicare una riga selezionata in Excel. Ora questa scorciatoia da tastiera include...","robots":{"index":"index","follow":"follow","max-snippet":"max-snippet:-1","max-image-preview":"max-image-preview:large","max-video-preview":"max-video-preview:-1"},"canonical":"https:\/\/exceladvisor.org\/it\/selezionare-una-riga\/","og_locale":"it_IT","og_type":"article","og_title":"Come selezionare le righe utilizzando la scorciatoia di Excel?","og_description":"Scopri come utilizzare una scorciatoia da tastiera per applicare una riga selezionata in Excel. Ora questa scorciatoia da tastiera include...","og_url":"https:\/\/exceladvisor.org\/it\/selezionare-una-riga\/","og_site_name":"Excel Advisor","article_modified_time":"2023-12-10T06:25:41+00:00","og_image":[{"url":"https:\/\/exceladvisor.org\/wp-content\/uploads\/2023\/08\/1-raccourci-pour-selectionner-la-ligne.png","type":"","width":"","height":""}],"twitter_card":"summary_large_image","twitter_misc":{"Tempo di lettura stimato":"1 minuto"},"schema":{"@context":"https:\/\/schema.org","@graph":[{"@type":"WebPage","@id":"https:\/\/exceladvisor.org\/it\/selezionare-una-riga\/","url":"https:\/\/exceladvisor.org\/it\/selezionare-una-riga\/","name":"Come selezionare le righe utilizzando la scorciatoia di Excel?","isPartOf":{"@id":"https:\/\/exceladvisor.org\/it\/#website"},"primaryImageOfPage":{"@id":"https:\/\/exceladvisor.org\/it\/selezionare-una-riga\/#primaryimage"},"image":{"@id":"https:\/\/exceladvisor.org\/it\/selezionare-una-riga\/#primaryimage"},"thumbnailUrl":"https:\/\/exceladvisor.org\/wp-content\/uploads\/2023\/08\/1-raccourci-pour-selectionner-la-ligne.png","datePublished":"2023-10-20T04:08:08+00:00","dateModified":"2023-12-10T06:25:41+00:00","description":"Scopri come utilizzare una scorciatoia da tastiera per applicare una riga selezionata in Excel. Ora questa scorciatoia da tastiera include...","breadcrumb":{"@id":"https:\/\/exceladvisor.org\/it\/selezionare-una-riga\/#breadcrumb"},"inLanguage":"it-IT","potentialAction":[{"@type":"ReadAction","target":["https:\/\/exceladvisor.org\/it\/selezionare-una-riga\/"]}]},{"@type":"ImageObject","inLanguage":"it-IT","@id":"https:\/\/exceladvisor.org\/it\/selezionare-una-riga\/#primaryimage","url":"https:\/\/exceladvisor.org\/wp-content\/uploads\/2023\/08\/1-raccourci-pour-selectionner-la-ligne.png","contentUrl":"https:\/\/exceladvisor.org\/wp-content\/uploads\/2023\/08\/1-raccourci-pour-selectionner-la-ligne.png"},{"@type":"BreadcrumbList","@id":"https:\/\/exceladvisor.org\/it\/selezionare-una-riga\/#breadcrumb","itemListElement":[{"@type":"ListItem","position":1,"name":"Home","item":"https:\/\/exceladvisor.org\/it\/"},{"@type":"ListItem","position":2,"name":"Come selezionare le righe utilizzando la scorciatoia di excel?"}]},{"@type":"WebSite","@id":"https:\/\/exceladvisor.org\/it\/#website","url":"https:\/\/exceladvisor.org\/it\/","name":"Excel Advisor","description":"Tips, Tricks, and Time-Saving Hacks","publisher":{"@id":"https:\/\/exceladvisor.org\/it\/#organization"},"potentialAction":[{"@type":"SearchAction","target":{"@type":"EntryPoint","urlTemplate":"https:\/\/exceladvisor.org\/it\/?s={search_term_string}"},"query-input":{"@type":"PropertyValueSpecification","valueRequired":true,"valueName":"search_term_string"}}],"inLanguage":"it-IT"},{"@type":"Organization","@id":"https:\/\/exceladvisor.org\/it\/#organization","name":"Excel Advisor","url":"https:\/\/exceladvisor.org\/it\/","logo":{"@type":"ImageObject","inLanguage":"it-IT","@id":"https:\/\/exceladvisor.org\/it\/#\/schema\/logo\/image\/","url":"https:\/\/exceladvisor.org\/it\/wp-content\/uploads\/2023\/12\/exceladvisor.org_.png","contentUrl":"https:\/\/exceladvisor.org\/it\/wp-content\/uploads\/2023\/12\/exceladvisor.org_.png","width":105,"height":36,"caption":"Excel Advisor"},"image":{"@id":"https:\/\/exceladvisor.org\/it\/#\/schema\/logo\/image\/"}}]}},"yoast_meta":{"yoast_wpseo_title":"","yoast_wpseo_metadesc":"","yoast_wpseo_canonical":""},"_links":{"self":[{"href":"https:\/\/exceladvisor.org\/it\/wp-json\/wp\/v2\/pages\/2078","targetHints":{"allow":["GET"]}}],"collection":[{"href":"https:\/\/exceladvisor.org\/it\/wp-json\/wp\/v2\/pages"}],"about":[{"href":"https:\/\/exceladvisor.org\/it\/wp-json\/wp\/v2\/types\/page"}],"author":[{"embeddable":true,"href":"https:\/\/exceladvisor.org\/it\/wp-json\/wp\/v2\/users\/1"}],"replies":[{"embeddable":true,"href":"https:\/\/exceladvisor.org\/it\/wp-json\/wp\/v2\/comments?post=2078"}],"version-history":[{"count":1,"href":"https:\/\/exceladvisor.org\/it\/wp-json\/wp\/v2\/pages\/2078\/revisions"}],"predecessor-version":[{"id":2702,"href":"https:\/\/exceladvisor.org\/it\/wp-json\/wp\/v2\/pages\/2078\/revisions\/2702"}],"wp:attachment":[{"href":"https:\/\/exceladvisor.org\/it\/wp-json\/wp\/v2\/media?parent=2078"}],"curies":[{"name":"wp","href":"https:\/\/api.w.org\/{rel}","templated":true}]}}