{"id":2080,"date":"2023-10-20T00:30:00","date_gmt":"2023-10-20T00:30:00","guid":{"rendered":"https:\/\/exceladvisor.org\/it\/gruppo-musicale\/"},"modified":"2023-12-10T06:28:26","modified_gmt":"2023-12-10T06:28:26","slug":"gruppo-musicale","status":"publish","type":"page","link":"https:\/\/exceladvisor.org\/it\/gruppo-musicale\/","title":{"rendered":"Qual \u00e8 la scorciatoia da tastiera per il gruppo in excel?"},"content":{"rendered":"<div class=\"excel-prima-del-contenuto\" id=\"excel-2702348906\"><script type=\"text\/javascript\">\r\n\tatOptions = {\r\n\t\t'key' : 'c1158f160081d6540a8409e6925dab94',\r\n\t\t'format' : 'iframe',\r\n\t\t'height' : 250,\r\n\t\t'width' : 300,\r\n\t\t'params' : {}\r\n\t};\r\n<\/script>\r\n<script type=\"text\/javascript\" src=\"\/\/www.highperformanceformat.com\/c1158f160081d6540a8409e6925dab94\/invoke.js\"><\/script><\/div> <p>Raggruppa in Excel \u00e8 una funzionalit\u00e0 utilizzata per raggruppare righe e colonne. Se lavori con set di dati di grandi dimensioni, non hai mai sentito il bisogno di raggruppare righe e\/o colonne in gruppi per nascondere gruppi di righe o colonne e rendere i dati pi\u00f9 efficienti.<\/p><p> Utilizzando questa funzionalit\u00e0 di gruppo, puoi creare pi\u00f9 gruppi aggiungendo diverse righe o colonne selezionate in questi gruppi e, come altre funzionalit\u00e0 di Excel, puoi farlo manualmente o utilizzando la scorciatoia da tastiera.<\/p><p> Se sei un amante delle scorciatoie, questo tutorial ti aiuter\u00e0 a imparare come raggruppare righe e colonne utilizzando la scorciatoia da tastiera.<\/p><h2 class=\"wp-block-heading\"> Scorciatoia da tastiera per raggruppare in Excel<\/h2><p> <kbd>Alt<\/kbd> + <kbd>Maiusc<\/kbd> + <kbd>\u279e<\/kbd> <\/p><div class=\"wp-block-image\"><figure class=\"aligncenter size-full is-resized\"><img loading=\"lazy\" decoding=\"async\" class=\"wp-image-70444\" src=\"https:\/\/exceladvisor.org\/wp-content\/uploads\/2023\/08\/1-raccourci-clavier-pour-le-regroupement.png\" sizes=\"auto, \" srcset=\"\" alt=\"tasto di scelta rapida per il raggruppamento\" width=\"724\" height=\"284\"><\/figure><\/div><h2 class=\"wp-block-heading\"> Passaggi per raggruppare righe o colonne utilizzando una scorciatoia da tastiera<\/h2><ol><li> Innanzitutto, seleziona le righe o le colonne che desideri raggruppare. <br><img loading=\"lazy\" decoding=\"async\" title=\"2-seleziona-righe-per-raggruppamento\" src=\"https:\/\/exceladvisor.org\/wp-content\/uploads\/2023\/08\/2-lignes-de-selection-pour-le-regroupement.png\" sizes=\"auto, \" srcset=\"\" alt=\"select-rows-for-grouping\" width=\"534\" height=\"200\"><\/li><li> Successivamente, premi i tasti &#8220;Alt + Maiusc + \u279e (Freccia destra)&#8221; e otterrai le righe o le colonne selezionate raggruppate insieme.<\/li><li> Ora per comprimere le righe raggruppate, puoi andare in qualsiasi cella nelle righe raggruppate e premere i tasti &#8220;Alt \u2192 A \u2192 H&#8221; e il tuo gruppo verr\u00e0 compresso e le righe nascoste.<\/li><li> Oppure puoi fare clic sui segni di raggruppamento (-) nella barra sinistra del foglio di lavoro per comprimere le righe raggruppate. <br><img loading=\"lazy\" decoding=\"async\" title=\"3 righe raggruppate\" src=\"https:\/\/exceladvisor.org\/wp-content\/uploads\/2023\/08\/3-rangees-groupees.png\" sizes=\"auto, \" srcset=\"\" alt=\"grouped-rows\" width=\"572\" height=\"199\"><\/li><li> Per espandere le linee raggruppate, vai alla linea raggruppata e premi i tasti &#8220;Alt \u2192 A \u2192 H&#8221; o premi il segno (+) e il tuo gruppo verr\u00e0 espanso. <br><img loading=\"lazy\" decoding=\"async\" title=\"4 linee raggruppate insieme\" src=\"https:\/\/exceladvisor.org\/wp-content\/uploads\/2023\/08\/4-rangees-groupees-collees.png\" sizes=\"auto, \" srcset=\"\" alt=\"collaped-grouped-rows\" width=\"616\" height=\"100\"><\/li><\/ol><p> Se selezioni solo le celle invece di selezionare intere righe o colonne, quando premi i tasti &#8220;Alt + Maiusc + \u279e&#8221;, ti verr\u00e0 mostrato il pop-up che ti chiede di selezionare l&#8217;opzione di righe o colonne per il raggruppamento. <\/p><div class=\"wp-block-image is-style-default\"><figure class=\"aligncenter size-full is-resized\"><img loading=\"lazy\" decoding=\"async\" class=\"wp-image-70448\" src=\"https:\/\/exceladvisor.org\/wp-content\/uploads\/2023\/08\/Boite-de-dialogue-a-5-groupes.png\" sizes=\"auto, \" srcset=\"\" alt=\"dialogo di gruppo\" width=\"200\" height=\"156\"><\/figure><\/div><div class=\"wp-block-group more-tutorials is-layout-flow\"><div class=\"wp-block-group__inner-container\"><h2 class=\"wp-block-heading\"> Altri tutorial <\/h2><div class=\"wp-block-columns is-layout-flex wp-container-19\"><div class=\"wp-block-column is-layout-flow\"><ul><li> <a href=\"https:\/\/exceladvisor.org\/it\/vicino\/\">Vicino<\/a><\/li><li> <a href=\"https:\/\/exceladvisor.org\/it\/a-schermo-intero\/\">A schermo intero<\/a><\/li><li> <a href=\"https:\/\/exceladvisor.org\/it\/anteprima-di-stampa-1\/\">Anteprima prima della stampa<\/a><\/li><\/ul><\/div><\/div><\/div><\/div>","protected":false},"excerpt":{"rendered":"","protected":false},"author":1,"featured_media":0,"parent":0,"menu_order":0,"comment_status":"open","ping_status":"closed","template":"","meta":{"ub_ctt_via":"","footnotes":""},"class_list":["post-2080","page","type-page","status-publish","hentry"],"featured_image_src":null,"yoast_head":"<!-- This site is optimized with the Yoast SEO plugin v25.4 - https:\/\/yoast.com\/wordpress\/plugins\/seo\/ -->\n<title>Qual \u00e8 la scorciatoia da tastiera per il gruppo in Excel?<\/title>\n<meta name=\"description\" content=\"In questo tutorial imparerai come utilizzare una scorciatoia da tastiera per raggruppare righe e colonne in Excel.\" \/>\n<meta name=\"robots\" content=\"index, follow, max-snippet:-1, max-image-preview:large, max-video-preview:-1\" \/>\n<link rel=\"canonical\" href=\"https:\/\/exceladvisor.org\/it\/gruppo-musicale\/\" \/>\n<meta property=\"og:locale\" content=\"it_IT\" \/>\n<meta property=\"og:type\" content=\"article\" \/>\n<meta property=\"og:title\" content=\"Qual \u00e8 la scorciatoia da tastiera per il gruppo in Excel?\" \/>\n<meta property=\"og:description\" content=\"In questo tutorial imparerai come utilizzare una scorciatoia da tastiera per raggruppare righe e colonne in Excel.\" \/>\n<meta property=\"og:url\" content=\"https:\/\/exceladvisor.org\/it\/gruppo-musicale\/\" \/>\n<meta property=\"og:site_name\" content=\"Excel Advisor\" \/>\n<meta property=\"article:modified_time\" content=\"2023-12-10T06:28:26+00:00\" \/>\n<meta property=\"og:image\" content=\"https:\/\/exceladvisor.org\/wp-content\/uploads\/2023\/08\/1-raccourci-clavier-pour-le-regroupement.png\" \/>\n<meta name=\"twitter:card\" content=\"summary_large_image\" \/>\n<meta name=\"twitter:label1\" content=\"Tempo di lettura stimato\" \/>\n\t<meta name=\"twitter:data1\" content=\"1 minuto\" \/>\n<script type=\"application\/ld+json\" class=\"yoast-schema-graph\">{\"@context\":\"https:\/\/schema.org\",\"@graph\":[{\"@type\":\"WebPage\",\"@id\":\"https:\/\/exceladvisor.org\/it\/gruppo-musicale\/\",\"url\":\"https:\/\/exceladvisor.org\/it\/gruppo-musicale\/\",\"name\":\"Qual \u00e8 la scorciatoia da tastiera per il gruppo in Excel?\",\"isPartOf\":{\"@id\":\"https:\/\/exceladvisor.org\/it\/#website\"},\"primaryImageOfPage\":{\"@id\":\"https:\/\/exceladvisor.org\/it\/gruppo-musicale\/#primaryimage\"},\"image\":{\"@id\":\"https:\/\/exceladvisor.org\/it\/gruppo-musicale\/#primaryimage\"},\"thumbnailUrl\":\"https:\/\/exceladvisor.org\/wp-content\/uploads\/2023\/08\/1-raccourci-clavier-pour-le-regroupement.png\",\"datePublished\":\"2023-10-20T00:30:00+00:00\",\"dateModified\":\"2023-12-10T06:28:26+00:00\",\"description\":\"In questo tutorial imparerai come utilizzare una scorciatoia da tastiera per raggruppare righe e colonne in Excel.\",\"breadcrumb\":{\"@id\":\"https:\/\/exceladvisor.org\/it\/gruppo-musicale\/#breadcrumb\"},\"inLanguage\":\"it-IT\",\"potentialAction\":[{\"@type\":\"ReadAction\",\"target\":[\"https:\/\/exceladvisor.org\/it\/gruppo-musicale\/\"]}]},{\"@type\":\"ImageObject\",\"inLanguage\":\"it-IT\",\"@id\":\"https:\/\/exceladvisor.org\/it\/gruppo-musicale\/#primaryimage\",\"url\":\"https:\/\/exceladvisor.org\/wp-content\/uploads\/2023\/08\/1-raccourci-clavier-pour-le-regroupement.png\",\"contentUrl\":\"https:\/\/exceladvisor.org\/wp-content\/uploads\/2023\/08\/1-raccourci-clavier-pour-le-regroupement.png\"},{\"@type\":\"BreadcrumbList\",\"@id\":\"https:\/\/exceladvisor.org\/it\/gruppo-musicale\/#breadcrumb\",\"itemListElement\":[{\"@type\":\"ListItem\",\"position\":1,\"name\":\"Home\",\"item\":\"https:\/\/exceladvisor.org\/it\/\"},{\"@type\":\"ListItem\",\"position\":2,\"name\":\"Qual \u00e8 la scorciatoia da tastiera per il gruppo in excel?\"}]},{\"@type\":\"WebSite\",\"@id\":\"https:\/\/exceladvisor.org\/it\/#website\",\"url\":\"https:\/\/exceladvisor.org\/it\/\",\"name\":\"Excel Advisor\",\"description\":\"Tips, Tricks, and Time-Saving Hacks\",\"publisher\":{\"@id\":\"https:\/\/exceladvisor.org\/it\/#organization\"},\"potentialAction\":[{\"@type\":\"SearchAction\",\"target\":{\"@type\":\"EntryPoint\",\"urlTemplate\":\"https:\/\/exceladvisor.org\/it\/?s={search_term_string}\"},\"query-input\":{\"@type\":\"PropertyValueSpecification\",\"valueRequired\":true,\"valueName\":\"search_term_string\"}}],\"inLanguage\":\"it-IT\"},{\"@type\":\"Organization\",\"@id\":\"https:\/\/exceladvisor.org\/it\/#organization\",\"name\":\"Excel Advisor\",\"url\":\"https:\/\/exceladvisor.org\/it\/\",\"logo\":{\"@type\":\"ImageObject\",\"inLanguage\":\"it-IT\",\"@id\":\"https:\/\/exceladvisor.org\/it\/#\/schema\/logo\/image\/\",\"url\":\"https:\/\/exceladvisor.org\/it\/wp-content\/uploads\/2023\/12\/exceladvisor.org_.png\",\"contentUrl\":\"https:\/\/exceladvisor.org\/it\/wp-content\/uploads\/2023\/12\/exceladvisor.org_.png\",\"width\":105,\"height\":36,\"caption\":\"Excel Advisor\"},\"image\":{\"@id\":\"https:\/\/exceladvisor.org\/it\/#\/schema\/logo\/image\/\"}}]}<\/script>\n<!-- \/ Yoast SEO plugin. -->","yoast_head_json":{"title":"Qual \u00e8 la scorciatoia da tastiera per il gruppo in Excel?","description":"In questo tutorial imparerai come utilizzare una scorciatoia da tastiera per raggruppare righe e colonne in Excel.","robots":{"index":"index","follow":"follow","max-snippet":"max-snippet:-1","max-image-preview":"max-image-preview:large","max-video-preview":"max-video-preview:-1"},"canonical":"https:\/\/exceladvisor.org\/it\/gruppo-musicale\/","og_locale":"it_IT","og_type":"article","og_title":"Qual \u00e8 la scorciatoia da tastiera per il gruppo in Excel?","og_description":"In questo tutorial imparerai come utilizzare una scorciatoia da tastiera per raggruppare righe e colonne in Excel.","og_url":"https:\/\/exceladvisor.org\/it\/gruppo-musicale\/","og_site_name":"Excel Advisor","article_modified_time":"2023-12-10T06:28:26+00:00","og_image":[{"url":"https:\/\/exceladvisor.org\/wp-content\/uploads\/2023\/08\/1-raccourci-clavier-pour-le-regroupement.png","type":"","width":"","height":""}],"twitter_card":"summary_large_image","twitter_misc":{"Tempo di lettura stimato":"1 minuto"},"schema":{"@context":"https:\/\/schema.org","@graph":[{"@type":"WebPage","@id":"https:\/\/exceladvisor.org\/it\/gruppo-musicale\/","url":"https:\/\/exceladvisor.org\/it\/gruppo-musicale\/","name":"Qual \u00e8 la scorciatoia da tastiera per il gruppo in Excel?","isPartOf":{"@id":"https:\/\/exceladvisor.org\/it\/#website"},"primaryImageOfPage":{"@id":"https:\/\/exceladvisor.org\/it\/gruppo-musicale\/#primaryimage"},"image":{"@id":"https:\/\/exceladvisor.org\/it\/gruppo-musicale\/#primaryimage"},"thumbnailUrl":"https:\/\/exceladvisor.org\/wp-content\/uploads\/2023\/08\/1-raccourci-clavier-pour-le-regroupement.png","datePublished":"2023-10-20T00:30:00+00:00","dateModified":"2023-12-10T06:28:26+00:00","description":"In questo tutorial imparerai come utilizzare una scorciatoia da tastiera per raggruppare righe e colonne in Excel.","breadcrumb":{"@id":"https:\/\/exceladvisor.org\/it\/gruppo-musicale\/#breadcrumb"},"inLanguage":"it-IT","potentialAction":[{"@type":"ReadAction","target":["https:\/\/exceladvisor.org\/it\/gruppo-musicale\/"]}]},{"@type":"ImageObject","inLanguage":"it-IT","@id":"https:\/\/exceladvisor.org\/it\/gruppo-musicale\/#primaryimage","url":"https:\/\/exceladvisor.org\/wp-content\/uploads\/2023\/08\/1-raccourci-clavier-pour-le-regroupement.png","contentUrl":"https:\/\/exceladvisor.org\/wp-content\/uploads\/2023\/08\/1-raccourci-clavier-pour-le-regroupement.png"},{"@type":"BreadcrumbList","@id":"https:\/\/exceladvisor.org\/it\/gruppo-musicale\/#breadcrumb","itemListElement":[{"@type":"ListItem","position":1,"name":"Home","item":"https:\/\/exceladvisor.org\/it\/"},{"@type":"ListItem","position":2,"name":"Qual \u00e8 la scorciatoia da tastiera per il gruppo in excel?"}]},{"@type":"WebSite","@id":"https:\/\/exceladvisor.org\/it\/#website","url":"https:\/\/exceladvisor.org\/it\/","name":"Excel Advisor","description":"Tips, Tricks, and Time-Saving Hacks","publisher":{"@id":"https:\/\/exceladvisor.org\/it\/#organization"},"potentialAction":[{"@type":"SearchAction","target":{"@type":"EntryPoint","urlTemplate":"https:\/\/exceladvisor.org\/it\/?s={search_term_string}"},"query-input":{"@type":"PropertyValueSpecification","valueRequired":true,"valueName":"search_term_string"}}],"inLanguage":"it-IT"},{"@type":"Organization","@id":"https:\/\/exceladvisor.org\/it\/#organization","name":"Excel Advisor","url":"https:\/\/exceladvisor.org\/it\/","logo":{"@type":"ImageObject","inLanguage":"it-IT","@id":"https:\/\/exceladvisor.org\/it\/#\/schema\/logo\/image\/","url":"https:\/\/exceladvisor.org\/it\/wp-content\/uploads\/2023\/12\/exceladvisor.org_.png","contentUrl":"https:\/\/exceladvisor.org\/it\/wp-content\/uploads\/2023\/12\/exceladvisor.org_.png","width":105,"height":36,"caption":"Excel Advisor"},"image":{"@id":"https:\/\/exceladvisor.org\/it\/#\/schema\/logo\/image\/"}}]}},"yoast_meta":{"yoast_wpseo_title":"","yoast_wpseo_metadesc":"","yoast_wpseo_canonical":""},"_links":{"self":[{"href":"https:\/\/exceladvisor.org\/it\/wp-json\/wp\/v2\/pages\/2080","targetHints":{"allow":["GET"]}}],"collection":[{"href":"https:\/\/exceladvisor.org\/it\/wp-json\/wp\/v2\/pages"}],"about":[{"href":"https:\/\/exceladvisor.org\/it\/wp-json\/wp\/v2\/types\/page"}],"author":[{"embeddable":true,"href":"https:\/\/exceladvisor.org\/it\/wp-json\/wp\/v2\/users\/1"}],"replies":[{"embeddable":true,"href":"https:\/\/exceladvisor.org\/it\/wp-json\/wp\/v2\/comments?post=2080"}],"version-history":[{"count":1,"href":"https:\/\/exceladvisor.org\/it\/wp-json\/wp\/v2\/pages\/2080\/revisions"}],"predecessor-version":[{"id":2949,"href":"https:\/\/exceladvisor.org\/it\/wp-json\/wp\/v2\/pages\/2080\/revisions\/2949"}],"wp:attachment":[{"href":"https:\/\/exceladvisor.org\/it\/wp-json\/wp\/v2\/media?parent=2080"}],"curies":[{"name":"wp","href":"https:\/\/api.w.org\/{rel}","templated":true}]}}