{"id":2082,"date":"2023-10-19T09:41:31","date_gmt":"2023-10-19T09:41:31","guid":{"rendered":"https:\/\/exceladvisor.org\/it\/intervallo-di-aggiornamento-automatico\/"},"modified":"2023-12-10T06:24:48","modified_gmt":"2023-12-10T06:24:48","slug":"intervallo-di-aggiornamento-automatico","status":"publish","type":"page","link":"https:\/\/exceladvisor.org\/it\/intervallo-di-aggiornamento-automatico\/","title":{"rendered":"Come posso aggiornare automaticamente un intervallo di tabelle pivot?"},"content":{"rendered":"<div class=\"excel-prima-del-contenuto\" id=\"excel-961397792\"><script type=\"text\/javascript\">\r\n\tatOptions = {\r\n\t\t'key' : 'c1158f160081d6540a8409e6925dab94',\r\n\t\t'format' : 'iframe',\r\n\t\t'height' : 250,\r\n\t\t'width' : 300,\r\n\t\t'params' : {}\r\n\t};\r\n<\/script>\r\n<script type=\"text\/javascript\" src=\"\/\/www.highperformanceformat.com\/c1158f160081d6540a8409e6925dab94\/invoke.js\"><\/script><\/div> <p>Aggiornare una tabella pivot \u00e8 una seccatura, non \u00e8 vero? Se usi spesso le tabelle pivot nel tuo lavoro, sono sicuro che puoi identificarti.<\/p><p> Il fatto \u00e8 che ogni volta che aggiungi nuovi dati al foglio di origine, devi aggiornare l&#8217;intervallo di origine della tabella pivot prima di aggiornare la tabella pivot.<\/p><p> Ora immagina che se aggiungi dati al tuo foglio di origine ogni giorno, devi aggiornare l&#8217;intervallo di origine ogni giorno.<\/p><p> E ogni volta che si cambia l&#8217;intervallo della tabella pivot \u00e8 un disastro. S\u00ec, \u00e8 vero, pi\u00f9 frequentemente aggiungi dati, pi\u00f9 devi aggiornare l&#8217;intervallo di origine.<\/p><p> Quindi il punto \u00e8 che hai bisogno di un metodo per aggiornare automaticamente l&#8217;intervallo di origine quando aggiungi nuovi dati.<\/p><p class=\"qt-tip\"> <strong>NOTA<\/strong> : le tabelle pivot fanno parte delle <a href=\"https:\/\/exceladvisor.org\/it\/eccellere-nelle-competenze\/\">COMPETENZE EXCEL INTERMEDIE<\/a> .<\/p><h2 id=\"0-apply-table-to-have-an-auto-updating-pivot-table-range\" class=\"wp-block-heading\"> Applica tabella per aggiornare automaticamente l&#8217;intervallo della tabella pivot<\/h2><p> Qualche giorno fa ho chiesto a <a href=\"https:\/\/www.myexcelonline.com\/\" target=\"_blank\" rel=\"noreferrer noopener\">John Michaloudis<\/a> del suo consiglio da un milione di dollari per la tabella pivot. Dice: inserisci i tuoi dati di origine in una tabella. Credimi, questa \u00e8 una mancia da un milione di dollari.<\/p><p> Applicando una tabella nei dati di origine, non \u00e8 necessario modificare pi\u00f9 e pi\u00f9 volte l&#8217;intervallo di origine della tabella pivot.<\/p><p> Ogni volta che aggiungi nuovi dati, aggiorna automaticamente l&#8217;intervallo della tabella pivot.<\/p><h3 id=\"1-convert-data-into-a-table-before-creating-a-pivot-table\" class=\"wp-block-heading\"> Converti i dati in tabella prima di creare una tabella pivot<\/h3><p> Ogni volta prima di <a href=\"https:\/\/exceladvisor.org\/it\/tabella-pivot-1\/\" data-wpel-link=\"internal\" data-wpil=\"url\">creare una tabella pivot,<\/a> assicurati di applicare la tabella ai dati di origine utilizzando i seguenti passaggi.<\/p><ol><li> Seleziona una delle celle nei tuoi dati.<\/li><li> Utilizzare il tasto di scelta rapida Ctrl + T o accedere a \u2192 Inserisci scheda \u2192 Tabelle \u2192 Tabella.<\/li><li> Verr\u00e0 visualizzato un popup con l&#8217;intervallo di dati corrente. <br><img decoding=\"async\" title=\"aggiungi tabella per aggiornare l'intervallo della tabella pivot\" src=\"https:\/\/exceladvisor.org\/wp-content\/uploads\/2023\/08\/ajouter-un-tableau-pour-mettre-a-jour-la-plage-du-tableau-croise-dynamique-1.png\" sizes=\"\" srcset=\"\" alt=\"add table to update pivot table range\"><\/li><li> Fare clic su OK.<\/li><li> Ora per creare una tabella pivot, seleziona qualsiasi cella nei tuoi dati. Vai a \u2192 scheda Progettazione \u2192 Strumenti \u2192 Riepiloga con tabella pivot. <br><img decoding=\"async\" title=\"nuova-tabella-pivot-per-aggiornare-l'intervallo-della-tabella-pivot\" src=\"https:\/\/exceladvisor.org\/wp-content\/uploads\/2023\/08\/nouveau-tableau-croise-dynamique-pour-mettre-a-jour-la-plage-du-tableau-croise-dynamique-1.png\" sizes=\"\" srcset=\"\" alt=\"new pivot table to update pivot table range\"><\/li><li> Fare clic su OK.<\/li><\/ol><p> Ora, ogni volta che aggiungi nuovi dati al tuo foglio dati, l&#8217;intervallo della tabella pivot viene aggiornato automaticamente e devi solo aggiornare la tabella pivot.<\/p><h3 id=\"2-convert-data-into-a-table-after-creating-a-pivot-table\" class=\"wp-block-heading\"> Converti i dati in tabella dopo aver creato una tabella pivot<\/h3><p> Se hai gi\u00e0 una tabella pivot nel tuo foglio di lavoro, puoi utilizzare i seguenti passaggi per convertire la tua origine dati in una tabella.<\/p><ol><li> Seleziona una delle celle nell&#8217;origine dati.<\/li><li> Utilizzare il tasto di scelta rapida Ctrl + T o accedere a \u2192 Inserisci scheda \u2192 Tabelle \u2192 Tabella.<\/li><li> Verr\u00e0 visualizzato un popup con l&#8217;intervallo di dati corrente.<\/li><li> Fare clic su OK.<\/li><li> Ora seleziona una delle celle nella tabella pivot e vai su \u2192 Analizza \u2192 Dati \u2192 Modifica origine dati \u2192 Modifica origine dati (menu a discesa).<\/li><li> Verr\u00e0 visualizzato un popup per riselezionare l&#8217;origine dati oppure puoi anche inserire il nome della tabella nella voce dell&#8217;intervallo. <br><img decoding=\"async\" title=\"modifica-dati-origine-per-aggiornare-intervallo-tabella-pivot\" src=\"https:\/\/exceladvisor.org\/wp-content\/uploads\/2023\/08\/modifier-les-donnees-source-pour-mettre-a-jour-la-plage-du-tableau-croise-dynamique-1.png\" sizes=\"\" srcset=\"\" alt=\"change source data to update pivot table range\"><\/li><li> Fare clic su OK.<\/li><\/ol><p> D&#8217;ora in poi, ogni volta che aggiungi nuovi dati nel tuo foglio di origine, l&#8217;intervallo della tabella pivot aumenter\u00e0 per aggiornarlo automaticamente.<\/p><h2 id=\"3-create-a-dynamic-pivot-table-range-with-offset-function\" class=\"wp-block-heading\"> Crea un intervallo di tabelle pivot dinamiche con la funzione OFFSET<\/h2><p> L&#8217;altro modo migliore per aggiornare automaticamente l&#8217;intervallo della tabella pivot \u00e8 utilizzare un intervallo dinamico.<\/p><p> L&#8217;intervallo dinamico pu\u00f2 espandersi automaticamente ogni volta che aggiungi nuovi dati al foglio di origine. Ecco i passaggi per creare una gamma dinamica.<\/p><ol><li> Vai a \u2192 Scheda Formule \u2192 Nomi definiti \u2192 Gestione nomi.<\/li><li> Dopo aver fatto clic sul gestore dei nomi, verr\u00e0 visualizzata una finestra pop-up. <br><img decoding=\"async\" title=\"utilizzare-nome-gestore-per-aggiornare-l'intervallo-della-tabella-pivot\" src=\"https:\/\/exceladvisor.org\/wp-content\/uploads\/2023\/08\/utiliser-le-gestionnaire-de-noms-pour-mettre-a-jour-la-plage-du-tableau-croise-dynamique-1.png\" sizes=\"\" srcset=\"\" alt=\"use name manager to update pivot table range\"><\/li><li> Nella finestra Gestione nomi, fai clic su Nuovo per creare un intervallo denominato.<\/li><li> Nella finestra del nuovo nome, inserisci<ol><li> Un nome per la tua nuova gamma. Utilizzo il nome &#8220;SourceData&#8221;.<\/li><li> Specificare l&#8217;estensione dell&#8217;intervallo. \u00c8 possibile specificare tra il foglio di lavoro corrente o la cartella di lavoro.<\/li><li> Aggiungi un commento per descrivere l&#8217;intervallo denominato. Inserisci la formula seguente nella barra di inserimento &#8220;Fare riferimento a&#8221;.<br><pre> =OFFSET(PivotTableData!$A$1,0,0,COUNTA(PivotTableData!$A:$A),COUNTA(PivotTableData!$1:$1))<\/pre><\/li><\/ol><\/li><li> Alla fine, fare clic su OK. <\/li><\/ol><div class=\"wp-block-image\"><figure class=\"aligncenter size-large is-resized\"><img loading=\"lazy\" decoding=\"async\" class=\"wp-image-16657\" src=\"https:\/\/exceladvisor.org\/wp-content\/uploads\/2023\/08\/creer-un-nouveau-nom-pour-mettre-a-jour-la-plage-du-tableau-croise-dynamique-1.png\" sizes=\"auto, \" srcset=\"\" alt=\"crea un nuovo nome per aggiornare l'intervallo della tabella pivot\" width=\"566\" height=\"358\"><\/figure><\/div><p> Ora hai l&#8217;intervallo dinamico per creare una tabella pivot.<\/p><p> Tutto quello che devi fare \u00e8 semplicemente creare una tabella pivot con i tuoi dati di origine e quindi modificare l&#8217;origine con l&#8217;intervallo denominato utilizzando lo stesso metodo che ho utilizzato nel metodo delle prime tabelle.<\/p><p> Dopo aver aggiunto nuovi dati al foglio di origine, aggiorna semplicemente la tabella pivot.<\/p><h3 id=\"4-how-does-this-formula-works\" class=\"wp-block-heading\"> Come funziona questa formula?<\/h3><p> Nella formula sopra, ho utilizzato la funzione offset per creare un intervallo dinamico.<\/p><p> Ho menzionato la cella A1 come punto di partenza, quindi, senza menzionare righe e colonne, ho specificato l&#8217;altezza e la larghezza dell&#8217;intervallo utilizzando COUNTA.<\/p><p> COUNTA conter\u00e0 le celle con valori dalla colonna A e dalla riga 1 e dir\u00e0 a offset di espandere di conseguenza la sua altezza e larghezza.<\/p><p> L&#8217;unica cosa a cui devi prestare attenzione \u00e8 che non ci siano celle vuote tra la colonna A e la riga 1.<\/p><h2 id=\"5-update-the-pivot-table-using-a-vba-code\" class=\"wp-block-heading\"> Aggiorna la tabella pivot utilizzando il codice VBA<\/h2><p> Alla maggior parte delle persone piace usare i codici VBA. Quindi ecco il codice da utilizzare per aggiornare l&#8217;intervallo della tabella pivot con VBA.<\/p><pre class=\"wp-block-code\"> <code class=\"language-visual-basic line-numbers\" lang=\"visual-basic\">Sub UpdatePivotTableRange() Dim Data_Sheet As Worksheet Dim Pivot_Sheet As Worksheet Dim StartPoint As Range Dim DataRange As Range Dim PivotName As String Dim NewRange As String Dim LastCol As Long Dim lastRow As Long 'Set Pivot Table &amp; Source Worksheet Set Data_Sheet = ThisWorkbook.Worksheets(\"PivotTableData3\") Set Pivot_Sheet = ThisWorkbook.Worksheets(\"Pivot3\") 'Enter in Pivot Table Name PivotName = \"PivotTable2\" 'Defining Staring Point &amp; Dynamic Range Data_Sheet.Activate Set StartPoint = Data_Sheet.Range(\"A1\") LastCol = StartPoint.End(xlToRight).Column DownCell = StartPoint.End(xlDown).Row Set DataRange = Data_Sheet.Range(StartPoint, Cells(DownCell, LastCol)) NewRange = Data_Sheet.Name &amp; \"!\" &amp; DataRange.Address(ReferenceStyle:=xlR1C1) 'Change Pivot Table Data Source Range Address Pivot_Sheet.PivotTables(PivotName). _ ChangePivotCache ActiveWorkbook. _ PivotCaches.Create(SourceType:=xlDatabase, SourceData:=NewRange) 'Ensure Pivot Table is Refreshed Pivot_Sheet.PivotTables(PivotName).RefreshTable 'Complete Message Pivot_Sheet.Activate MsgBox \"Your Pivot Table is now updated.\" End Sub<\/code><\/pre><p> Cose che devi cambiare prima di usarlo nella tua cartella di lavoro.<\/p><ol><li> Riga 13: modifica il nome del foglio di lavoro di origine.<\/li><li> Riga 14: modifica il nome del foglio della tabella pivot.<\/li><li><u><\/u> Riga 17: modifica il nome della tabella pivot.<\/li><\/ol><p> Se riscontri ancora problemi durante l&#8217;utilizzo di questo codice, scrivimi nella casella dei commenti. Ora lascia che ti mostri come funziona questo codice in modo che tu possa modificarlo facilmente in base alle tue esigenze.<\/p><pre class=\"wp-block-code\"> <code class=\"language-visual-basic line-numbers\" lang=\"visual-basic\">Set Data_Sheet = ThisWorkbook.Worksheets(\"PivotTableData3\") Set Pivot_Sheet = ThisWorkbook.Worksheets(\"Pivot3\")<\/code><\/pre><p> Nella parte precedente del codice, abbiamo specificato la tabella pivot e le variabili del foglio di lavoro dei dati di origine. Puoi modificare il nome del foglio di calcolo da qui.<\/p><pre class=\"wp-block-code\"> <code class=\"language-visual-basic line-numbers\" lang=\"visual-basic\">PivotName = \"PivotTable2\"<\/code><\/pre><p> Nella parte sopra del codice, inserisci il nome della tabella pivot su cui desideri utilizzare questo codice.<\/p><pre class=\"wp-block-code\"> <code class=\"language-visual-basic line-numbers\" lang=\"visual-basic\">Data_Sheet.Activate Set StartPoint = Data_Sheet.Range(\"A1\") LastCol = StartPoint.End(xlToRight).Column DownCell = StartPoint.End(xlDown).Row Set DataRange = Data_Sheet.Range(StartPoint, Cells(DownCell, LastCol))<\/code><\/pre><p> La parte precedente del codice creer\u00e0 un intervallo dinamico utilizzando la cella A1 del foglio di lavoro dell&#8217;origine dati.<\/p><p> Controller\u00e0 l&#8217;ultima colonna e l&#8217;ultima riga con i dati per creare un intervallo dinamico. Ogni volta che esegui questa macro, creer\u00e0 una nuova gamma dinamica.<\/p><pre class=\"wp-block-code\"> <code class=\"language-visual-basic line-numbers\" lang=\"visual-basic\">'Ensure Pivot Table is Refreshed Pivot_Sheet.PivotTables(PivotName).RefreshTable 'Complete Message Pivot_Sheet.Activate MsgBox \"Your Pivot Table is now updated.\"<\/code><\/pre><p> La parte precedente del codice aggiorner\u00e0 la tabella pivot e visualizzer\u00e0 un messaggio all&#8217;utente che la tabella pivot \u00e8 ora aggiornata. <\/p><div class=\"gb-container gb-container-52dfcee1 gb-container-sample-file\"><h2 id=\"6-get-the-excel-file\" class=\"gb-headline gb-headline-e289c143 gb-headline-text gb-headline-4f7959c2\"> Ottieni il file Excel<\/h2> <a class=\"gb-button gb-button-e88d6bee gb-button-text gb-button-button1\" href=\"https:\/\/exceladvisor.org\/wp-content\/uploads\/2023\/08\/mettre-a-jour-automatiquement-la-plage-du-tableau-croise-dynamique.zip\" rel=\"nofollow\">Scaricamento<\/a> <\/div><div class=\"wp-block-group main-page-bottom is-layout-flow\"><div class=\"wp-block-group__inner-container\"><h2 id=\"7-more-pivot-table-tutorials\" class=\"wp-block-heading\"> Altre esercitazioni sulle tabelle pivot <\/h2><div class=\"wp-block-columns is-layout-flex wp-container-62\"><div class=\"wp-block-column is-layout-flow\"><ul><li> <a href=\"https:\/\/exceladvisor.org\/it\/aggiungi-elimina-il-totale-complessivo\/\">Aggiungi o rimuovi il totale complessivo in una tabella pivot<\/a><\/li><li> <a href=\"https:\/\/exceladvisor.org\/it\/totale-cumulativo\/\">Aggiungi un totale parziale a una tabella pivot<\/a><\/li><li> <a href=\"https:\/\/exceladvisor.org\/it\/calcolo-nella-tabella-pivot\/\">Formule in una tabella pivot (campo calcolato e elemento)<\/a><\/li><li> <a href=\"https:\/\/exceladvisor.org\/it\/modificare-lorigine-dati\/\">Modifica l&#8217;origine dati per la tabella pivot in Excel<\/a><\/li><li> <a href=\"https:\/\/exceladvisor.org\/it\/contare-valori-univoci\/\">Conta valori univoci in una tabella pivot in Excel<\/a><\/li><\/ul><\/div><\/div><\/div><\/div>","protected":false},"excerpt":{"rendered":"","protected":false},"author":1,"featured_media":0,"parent":0,"menu_order":0,"comment_status":"open","ping_status":"closed","template":"","meta":{"ub_ctt_via":"","footnotes":""},"class_list":["post-2082","page","type-page","status-publish","hentry"],"featured_image_src":null,"yoast_head":"<!-- This site is optimized with the Yoast SEO plugin v25.4 - https:\/\/yoast.com\/wordpress\/plugins\/seo\/ -->\n<title>Come aggiornare automaticamente un intervallo di tabelle pivot?<\/title>\n<meta name=\"description\" content=\"Sai come aggiornare automaticamente l&#039;intervallo della tabella pivot? Questa guida serve per impararlo.\" \/>\n<meta name=\"robots\" content=\"index, follow, max-snippet:-1, max-image-preview:large, max-video-preview:-1\" \/>\n<link rel=\"canonical\" href=\"https:\/\/exceladvisor.org\/it\/intervallo-di-aggiornamento-automatico\/\" \/>\n<meta property=\"og:locale\" content=\"it_IT\" \/>\n<meta property=\"og:type\" content=\"article\" \/>\n<meta property=\"og:title\" content=\"Come aggiornare automaticamente un intervallo di tabelle pivot?\" \/>\n<meta property=\"og:description\" content=\"Sai come aggiornare automaticamente l&#039;intervallo della tabella pivot? Questa guida serve per impararlo.\" \/>\n<meta property=\"og:url\" content=\"https:\/\/exceladvisor.org\/it\/intervallo-di-aggiornamento-automatico\/\" \/>\n<meta property=\"og:site_name\" content=\"Excel Advisor\" \/>\n<meta property=\"article:modified_time\" content=\"2023-12-10T06:24:48+00:00\" \/>\n<meta property=\"og:image\" content=\"https:\/\/exceladvisor.org\/wp-content\/uploads\/2023\/08\/ajouter-un-tableau-pour-mettre-a-jour-la-plage-du-tableau-croise-dynamique-1.png\" \/>\n<meta name=\"twitter:card\" content=\"summary_large_image\" \/>\n<meta name=\"twitter:label1\" content=\"Tempo di lettura stimato\" \/>\n\t<meta name=\"twitter:data1\" content=\"6 minuti\" \/>\n<script type=\"application\/ld+json\" class=\"yoast-schema-graph\">{\"@context\":\"https:\/\/schema.org\",\"@graph\":[{\"@type\":\"WebPage\",\"@id\":\"https:\/\/exceladvisor.org\/it\/intervallo-di-aggiornamento-automatico\/\",\"url\":\"https:\/\/exceladvisor.org\/it\/intervallo-di-aggiornamento-automatico\/\",\"name\":\"Come aggiornare automaticamente un intervallo di tabelle pivot?\",\"isPartOf\":{\"@id\":\"https:\/\/exceladvisor.org\/it\/#website\"},\"primaryImageOfPage\":{\"@id\":\"https:\/\/exceladvisor.org\/it\/intervallo-di-aggiornamento-automatico\/#primaryimage\"},\"image\":{\"@id\":\"https:\/\/exceladvisor.org\/it\/intervallo-di-aggiornamento-automatico\/#primaryimage\"},\"thumbnailUrl\":\"https:\/\/exceladvisor.org\/wp-content\/uploads\/2023\/08\/ajouter-un-tableau-pour-mettre-a-jour-la-plage-du-tableau-croise-dynamique-1.png\",\"datePublished\":\"2023-10-19T09:41:31+00:00\",\"dateModified\":\"2023-12-10T06:24:48+00:00\",\"description\":\"Sai come aggiornare automaticamente l&#39;intervallo della tabella pivot? Questa guida serve per impararlo.\",\"breadcrumb\":{\"@id\":\"https:\/\/exceladvisor.org\/it\/intervallo-di-aggiornamento-automatico\/#breadcrumb\"},\"inLanguage\":\"it-IT\",\"potentialAction\":[{\"@type\":\"ReadAction\",\"target\":[\"https:\/\/exceladvisor.org\/it\/intervallo-di-aggiornamento-automatico\/\"]}]},{\"@type\":\"ImageObject\",\"inLanguage\":\"it-IT\",\"@id\":\"https:\/\/exceladvisor.org\/it\/intervallo-di-aggiornamento-automatico\/#primaryimage\",\"url\":\"https:\/\/exceladvisor.org\/wp-content\/uploads\/2023\/08\/ajouter-un-tableau-pour-mettre-a-jour-la-plage-du-tableau-croise-dynamique-1.png\",\"contentUrl\":\"https:\/\/exceladvisor.org\/wp-content\/uploads\/2023\/08\/ajouter-un-tableau-pour-mettre-a-jour-la-plage-du-tableau-croise-dynamique-1.png\"},{\"@type\":\"BreadcrumbList\",\"@id\":\"https:\/\/exceladvisor.org\/it\/intervallo-di-aggiornamento-automatico\/#breadcrumb\",\"itemListElement\":[{\"@type\":\"ListItem\",\"position\":1,\"name\":\"Home\",\"item\":\"https:\/\/exceladvisor.org\/it\/\"},{\"@type\":\"ListItem\",\"position\":2,\"name\":\"Come posso aggiornare automaticamente un intervallo di tabelle pivot?\"}]},{\"@type\":\"WebSite\",\"@id\":\"https:\/\/exceladvisor.org\/it\/#website\",\"url\":\"https:\/\/exceladvisor.org\/it\/\",\"name\":\"Excel Advisor\",\"description\":\"Tips, Tricks, and Time-Saving Hacks\",\"publisher\":{\"@id\":\"https:\/\/exceladvisor.org\/it\/#organization\"},\"potentialAction\":[{\"@type\":\"SearchAction\",\"target\":{\"@type\":\"EntryPoint\",\"urlTemplate\":\"https:\/\/exceladvisor.org\/it\/?s={search_term_string}\"},\"query-input\":{\"@type\":\"PropertyValueSpecification\",\"valueRequired\":true,\"valueName\":\"search_term_string\"}}],\"inLanguage\":\"it-IT\"},{\"@type\":\"Organization\",\"@id\":\"https:\/\/exceladvisor.org\/it\/#organization\",\"name\":\"Excel Advisor\",\"url\":\"https:\/\/exceladvisor.org\/it\/\",\"logo\":{\"@type\":\"ImageObject\",\"inLanguage\":\"it-IT\",\"@id\":\"https:\/\/exceladvisor.org\/it\/#\/schema\/logo\/image\/\",\"url\":\"https:\/\/exceladvisor.org\/it\/wp-content\/uploads\/2023\/12\/exceladvisor.org_.png\",\"contentUrl\":\"https:\/\/exceladvisor.org\/it\/wp-content\/uploads\/2023\/12\/exceladvisor.org_.png\",\"width\":105,\"height\":36,\"caption\":\"Excel Advisor\"},\"image\":{\"@id\":\"https:\/\/exceladvisor.org\/it\/#\/schema\/logo\/image\/\"}}]}<\/script>\n<!-- \/ Yoast SEO plugin. -->","yoast_head_json":{"title":"Come aggiornare automaticamente un intervallo di tabelle pivot?","description":"Sai come aggiornare automaticamente l&#39;intervallo della tabella pivot? Questa guida serve per impararlo.","robots":{"index":"index","follow":"follow","max-snippet":"max-snippet:-1","max-image-preview":"max-image-preview:large","max-video-preview":"max-video-preview:-1"},"canonical":"https:\/\/exceladvisor.org\/it\/intervallo-di-aggiornamento-automatico\/","og_locale":"it_IT","og_type":"article","og_title":"Come aggiornare automaticamente un intervallo di tabelle pivot?","og_description":"Sai come aggiornare automaticamente l&#39;intervallo della tabella pivot? Questa guida serve per impararlo.","og_url":"https:\/\/exceladvisor.org\/it\/intervallo-di-aggiornamento-automatico\/","og_site_name":"Excel Advisor","article_modified_time":"2023-12-10T06:24:48+00:00","og_image":[{"url":"https:\/\/exceladvisor.org\/wp-content\/uploads\/2023\/08\/ajouter-un-tableau-pour-mettre-a-jour-la-plage-du-tableau-croise-dynamique-1.png","type":"","width":"","height":""}],"twitter_card":"summary_large_image","twitter_misc":{"Tempo di lettura stimato":"6 minuti"},"schema":{"@context":"https:\/\/schema.org","@graph":[{"@type":"WebPage","@id":"https:\/\/exceladvisor.org\/it\/intervallo-di-aggiornamento-automatico\/","url":"https:\/\/exceladvisor.org\/it\/intervallo-di-aggiornamento-automatico\/","name":"Come aggiornare automaticamente un intervallo di tabelle pivot?","isPartOf":{"@id":"https:\/\/exceladvisor.org\/it\/#website"},"primaryImageOfPage":{"@id":"https:\/\/exceladvisor.org\/it\/intervallo-di-aggiornamento-automatico\/#primaryimage"},"image":{"@id":"https:\/\/exceladvisor.org\/it\/intervallo-di-aggiornamento-automatico\/#primaryimage"},"thumbnailUrl":"https:\/\/exceladvisor.org\/wp-content\/uploads\/2023\/08\/ajouter-un-tableau-pour-mettre-a-jour-la-plage-du-tableau-croise-dynamique-1.png","datePublished":"2023-10-19T09:41:31+00:00","dateModified":"2023-12-10T06:24:48+00:00","description":"Sai come aggiornare automaticamente l&#39;intervallo della tabella pivot? Questa guida serve per impararlo.","breadcrumb":{"@id":"https:\/\/exceladvisor.org\/it\/intervallo-di-aggiornamento-automatico\/#breadcrumb"},"inLanguage":"it-IT","potentialAction":[{"@type":"ReadAction","target":["https:\/\/exceladvisor.org\/it\/intervallo-di-aggiornamento-automatico\/"]}]},{"@type":"ImageObject","inLanguage":"it-IT","@id":"https:\/\/exceladvisor.org\/it\/intervallo-di-aggiornamento-automatico\/#primaryimage","url":"https:\/\/exceladvisor.org\/wp-content\/uploads\/2023\/08\/ajouter-un-tableau-pour-mettre-a-jour-la-plage-du-tableau-croise-dynamique-1.png","contentUrl":"https:\/\/exceladvisor.org\/wp-content\/uploads\/2023\/08\/ajouter-un-tableau-pour-mettre-a-jour-la-plage-du-tableau-croise-dynamique-1.png"},{"@type":"BreadcrumbList","@id":"https:\/\/exceladvisor.org\/it\/intervallo-di-aggiornamento-automatico\/#breadcrumb","itemListElement":[{"@type":"ListItem","position":1,"name":"Home","item":"https:\/\/exceladvisor.org\/it\/"},{"@type":"ListItem","position":2,"name":"Come posso aggiornare automaticamente un intervallo di tabelle pivot?"}]},{"@type":"WebSite","@id":"https:\/\/exceladvisor.org\/it\/#website","url":"https:\/\/exceladvisor.org\/it\/","name":"Excel Advisor","description":"Tips, Tricks, and Time-Saving Hacks","publisher":{"@id":"https:\/\/exceladvisor.org\/it\/#organization"},"potentialAction":[{"@type":"SearchAction","target":{"@type":"EntryPoint","urlTemplate":"https:\/\/exceladvisor.org\/it\/?s={search_term_string}"},"query-input":{"@type":"PropertyValueSpecification","valueRequired":true,"valueName":"search_term_string"}}],"inLanguage":"it-IT"},{"@type":"Organization","@id":"https:\/\/exceladvisor.org\/it\/#organization","name":"Excel Advisor","url":"https:\/\/exceladvisor.org\/it\/","logo":{"@type":"ImageObject","inLanguage":"it-IT","@id":"https:\/\/exceladvisor.org\/it\/#\/schema\/logo\/image\/","url":"https:\/\/exceladvisor.org\/it\/wp-content\/uploads\/2023\/12\/exceladvisor.org_.png","contentUrl":"https:\/\/exceladvisor.org\/it\/wp-content\/uploads\/2023\/12\/exceladvisor.org_.png","width":105,"height":36,"caption":"Excel Advisor"},"image":{"@id":"https:\/\/exceladvisor.org\/it\/#\/schema\/logo\/image\/"}}]}},"yoast_meta":{"yoast_wpseo_title":"","yoast_wpseo_metadesc":"","yoast_wpseo_canonical":""},"_links":{"self":[{"href":"https:\/\/exceladvisor.org\/it\/wp-json\/wp\/v2\/pages\/2082","targetHints":{"allow":["GET"]}}],"collection":[{"href":"https:\/\/exceladvisor.org\/it\/wp-json\/wp\/v2\/pages"}],"about":[{"href":"https:\/\/exceladvisor.org\/it\/wp-json\/wp\/v2\/types\/page"}],"author":[{"embeddable":true,"href":"https:\/\/exceladvisor.org\/it\/wp-json\/wp\/v2\/users\/1"}],"replies":[{"embeddable":true,"href":"https:\/\/exceladvisor.org\/it\/wp-json\/wp\/v2\/comments?post=2082"}],"version-history":[{"count":1,"href":"https:\/\/exceladvisor.org\/it\/wp-json\/wp\/v2\/pages\/2082\/revisions"}],"predecessor-version":[{"id":2604,"href":"https:\/\/exceladvisor.org\/it\/wp-json\/wp\/v2\/pages\/2082\/revisions\/2604"}],"wp:attachment":[{"href":"https:\/\/exceladvisor.org\/it\/wp-json\/wp\/v2\/media?parent=2082"}],"curies":[{"name":"wp","href":"https:\/\/api.w.org\/{rel}","templated":true}]}}