{"id":2084,"date":"2023-10-19T05:57:49","date_gmt":"2023-10-19T05:57:49","guid":{"rendered":"https:\/\/exceladvisor.org\/it\/collegare-laffettatrice-a-diverse-tabelle-pivot\/"},"modified":"2023-12-10T06:21:45","modified_gmt":"2023-12-10T06:21:45","slug":"collegare-laffettatrice-a-diverse-tabelle-pivot","status":"publish","type":"page","link":"https:\/\/exceladvisor.org\/it\/collegare-laffettatrice-a-diverse-tabelle-pivot\/","title":{"rendered":"Come collegare un singolo segmento con pi\u00f9 tabelle pivot?"},"content":{"rendered":"<div class=\"excel-prima-del-contenuto\" id=\"excel-1661377376\"><script type=\"text\/javascript\">\r\n\tatOptions = {\r\n\t\t'key' : 'c1158f160081d6540a8409e6925dab94',\r\n\t\t'format' : 'iframe',\r\n\t\t'height' : 250,\r\n\t\t'width' : 300,\r\n\t\t'params' : {}\r\n\t};\r\n<\/script>\r\n<script type=\"text\/javascript\" src=\"\/\/www.highperformanceformat.com\/c1158f160081d6540a8409e6925dab94\/invoke.js\"><\/script><\/div> <p>A volte l&#8217;utilizzo di pi\u00f9 di una tabella pivot \u00e8 un disastro. Ma non \u00e8 uno spreco se colleghi tutte le tabelle pivot con un&#8217;affettatrice. Quindi sai come collegare un&#8217;affettatrice con pi\u00f9 tabelle pivot?<\/p><p> Se non lo sai, segui questo post e imparerai un ottimo consiglio per creare dashboard interattive.<\/p><p> Si \u00e8 vero.<\/p><p> Supponiamo che tu stia lavorando su una dashboard in cui utilizzi pi\u00f9 tabelle pivot. Se riesci a connettere un&#8217;affettatrice a tutte le tabelle pivot, puoi controllare l&#8217;intera dashboard con un&#8217;affettatrice singola. <\/p><div class=\"wp-block-image\"><figure class=\"aligncenter\"><img decoding=\"async\" src=\"https:\/\/exceladvisor.org\/wp-content\/uploads\/2023\/08\/connecter-un-seul-slicer-a-plusieurs-tableaux-croises-dynamiques-1.gif\" sizes=\"\" srcset=\"\" alt=\"connettere una singola affettatrice a pi\u00f9 tabelle pivot\"><\/figure><\/div><p> Nell&#8217;esempio sopra, abbiamo un singolo slicer per controllare entrambe le tabelle pivot.<\/p><p class=\"qt-tip\"> NOTA: le tabelle pivot fanno parte di <a href=\"https:\/\/exceladvisor.org\/it\/eccellere-nelle-competenze\/\">COMPETENZE EXCEL INTERMEDIE<\/a> .<\/p><h2 class=\"wp-block-heading\"> Passaggi per connettere un&#8217;affettatrice a pi\u00f9 tabelle pivot<\/h2><p> Di seguito sono riportati i passaggi per creare un segmento con collegamento multiplo:<\/p><ol><li> Innanzitutto, <strong>prendi due o pi\u00f9 tabelle pivot<\/strong> per connettere un segmento. <img decoding=\"async\" src=\"https:\/\/exceladvisor.org\/wp-content\/uploads\/2023\/08\/deux-tableaux-croises-dynamiques-pour-se-connecter-avec-un-seul-slicer-1.png\" sizes=\"\" srcset=\"\"><\/li><li> Successivamente, seleziona una cella in una delle tabelle pivot.<\/li><li> Da l\u00ec, vai su Analizza \u2192 Filtro \u2192 Inserisci segmento.<\/li><li> Ora, nella finestra di dialogo &#8220;Inserisci affettatore&#8221;, seleziona la colonna da utilizzare come filtro nell&#8217;affettatrice e fai clic su OK. <img decoding=\"async\" src=\"https:\/\/exceladvisor.org\/wp-content\/uploads\/2023\/08\/cliquez-sur-len-tete-de-colonne-pour-inserer-un-segment-et-vous-connecter-avec-tous-les-tableaux-croises-dynamiques-1.png\" sizes=\"\" srcset=\"\"><\/li><li> A questo punto, nel tuo foglio di lavoro \u00e8 presente un&#8217;affettatrice in grado di filtrare la tabella pivot in cui la inserisci.<\/li><li> Quindi \u00e8 necessario collegarlo alla seconda tabella pivot.<\/li><li> Da l\u00ec, seleziona l&#8217;affettatrice e vai ad Analizza \u2192 Affettatrice \u2192 Connessioni report. <img decoding=\"async\" src=\"https:\/\/exceladvisor.org\/wp-content\/uploads\/2023\/08\/cliquez-sur-rapport-de-connexion-pour-inserer-un-slicer-que-vous-pouvez-connecter-avec-tous-les-tableaux-croises-dynamiques-1.png\" sizes=\"\" srcset=\"\"><\/li><li> Otterrai una nuova finestra di dialogo con l&#8217;elenco delle tabelle pivot presenti nella tua cartella di lavoro.<\/li><li> Alla fine, controlla tutte le tabelle pivot e fai clic su OK. <img decoding=\"async\" src=\"https:\/\/exceladvisor.org\/wp-content\/uploads\/2023\/08\/selectionner-tous-les-pivots-qui-doivent-se-connecter-avec-le-slicer-1.png\" sizes=\"\" srcset=\"\"><\/li><\/ol><p> <strong><span style=\"color: #ea493f;\">Congratulazioni!<\/span><\/strong> Hai collegato l&#8217;affettatrice a due tabelle pivot.<\/p><h2 class=\"wp-block-heading\"> <strong>Ulteriori informazioni sulle tabelle pivot<\/strong><\/h2><ul><li> <a style=\"outline: none;\" href=\"https:\/\/exceladvisor.org\/it\/rinfrescare-tutto\/\" data-wpel-link=\"internal\">Aggiorna tutte le tabelle pivot contemporaneamente<\/a><\/li><li> <a style=\"outline: none;\" href=\"https:\/\/exceladvisor.org\/it\/date-di-gruppo\/\" data-wpel-link=\"internal\">Raggruppare le date in una tabella pivot<\/a><\/li><li> <a href=\"https:\/\/exceladvisor.org\/it\/filtro-della-sequenza-temporale\/\" data-wpel-link=\"internal\">Cronologia della tabella pivot<\/a><\/li><li> <a style=\"outline: none;\" href=\"https:\/\/exceladvisor.org\/it\/intervallo-di-aggiornamento-automatico\/\" rel=\"external noopener noreferrer\" data-wpel-link=\"external\">Aggiorna automaticamente un intervallo di tabelle pivot<\/a><\/li><li> <a style=\"outline: none;\" href=\"https:\/\/exceladvisor.org\/it\/applicare-la-formattazione-condizionale\/\" data-wpel-link=\"internal\">Formattazione condizionale di una tabella pivot<\/a><\/li><\/ul>","protected":false},"excerpt":{"rendered":"","protected":false},"author":1,"featured_media":0,"parent":0,"menu_order":0,"comment_status":"open","ping_status":"closed","template":"","meta":{"ub_ctt_via":"","footnotes":""},"class_list":["post-2084","page","type-page","status-publish","hentry"],"featured_image_src":null,"yoast_head":"<!-- This site is optimized with the Yoast SEO plugin v25.4 - https:\/\/yoast.com\/wordpress\/plugins\/seo\/ -->\n<title>Come collegare un singolo segmento con pi\u00f9 tabelle pivot?<\/title>\n<meta name=\"description\" content=\"Se colleghi l&#039;affettatrice a pi\u00f9 tabelle pivot, sarai in grado di controllare tutte le tabelle pivot con un&#039;unica affettatrice.\" \/>\n<meta name=\"robots\" content=\"index, follow, max-snippet:-1, max-image-preview:large, max-video-preview:-1\" \/>\n<link rel=\"canonical\" href=\"https:\/\/exceladvisor.org\/it\/collegare-laffettatrice-a-diverse-tabelle-pivot\/\" \/>\n<meta property=\"og:locale\" content=\"it_IT\" \/>\n<meta property=\"og:type\" content=\"article\" \/>\n<meta property=\"og:title\" content=\"Come collegare un singolo segmento con pi\u00f9 tabelle pivot?\" \/>\n<meta property=\"og:description\" content=\"Se colleghi l&#039;affettatrice a pi\u00f9 tabelle pivot, sarai in grado di controllare tutte le tabelle pivot con un&#039;unica affettatrice.\" \/>\n<meta property=\"og:url\" content=\"https:\/\/exceladvisor.org\/it\/collegare-laffettatrice-a-diverse-tabelle-pivot\/\" \/>\n<meta property=\"og:site_name\" content=\"Excel Advisor\" \/>\n<meta property=\"article:modified_time\" content=\"2023-12-10T06:21:45+00:00\" \/>\n<meta property=\"og:image\" content=\"https:\/\/exceladvisor.org\/wp-content\/uploads\/2023\/08\/connecter-un-seul-slicer-a-plusieurs-tableaux-croises-dynamiques-1.gif\" \/>\n<meta name=\"twitter:card\" content=\"summary_large_image\" \/>\n<meta name=\"twitter:label1\" content=\"Tempo di lettura stimato\" \/>\n\t<meta name=\"twitter:data1\" content=\"1 minuto\" \/>\n<script type=\"application\/ld+json\" class=\"yoast-schema-graph\">{\"@context\":\"https:\/\/schema.org\",\"@graph\":[{\"@type\":\"WebPage\",\"@id\":\"https:\/\/exceladvisor.org\/it\/collegare-laffettatrice-a-diverse-tabelle-pivot\/\",\"url\":\"https:\/\/exceladvisor.org\/it\/collegare-laffettatrice-a-diverse-tabelle-pivot\/\",\"name\":\"Come collegare un singolo segmento con pi\u00f9 tabelle pivot?\",\"isPartOf\":{\"@id\":\"https:\/\/exceladvisor.org\/it\/#website\"},\"primaryImageOfPage\":{\"@id\":\"https:\/\/exceladvisor.org\/it\/collegare-laffettatrice-a-diverse-tabelle-pivot\/#primaryimage\"},\"image\":{\"@id\":\"https:\/\/exceladvisor.org\/it\/collegare-laffettatrice-a-diverse-tabelle-pivot\/#primaryimage\"},\"thumbnailUrl\":\"https:\/\/exceladvisor.org\/wp-content\/uploads\/2023\/08\/connecter-un-seul-slicer-a-plusieurs-tableaux-croises-dynamiques-1.gif\",\"datePublished\":\"2023-10-19T05:57:49+00:00\",\"dateModified\":\"2023-12-10T06:21:45+00:00\",\"description\":\"Se colleghi l&#39;affettatrice a pi\u00f9 tabelle pivot, sarai in grado di controllare tutte le tabelle pivot con un&#39;unica affettatrice.\",\"breadcrumb\":{\"@id\":\"https:\/\/exceladvisor.org\/it\/collegare-laffettatrice-a-diverse-tabelle-pivot\/#breadcrumb\"},\"inLanguage\":\"it-IT\",\"potentialAction\":[{\"@type\":\"ReadAction\",\"target\":[\"https:\/\/exceladvisor.org\/it\/collegare-laffettatrice-a-diverse-tabelle-pivot\/\"]}]},{\"@type\":\"ImageObject\",\"inLanguage\":\"it-IT\",\"@id\":\"https:\/\/exceladvisor.org\/it\/collegare-laffettatrice-a-diverse-tabelle-pivot\/#primaryimage\",\"url\":\"https:\/\/exceladvisor.org\/wp-content\/uploads\/2023\/08\/connecter-un-seul-slicer-a-plusieurs-tableaux-croises-dynamiques-1.gif\",\"contentUrl\":\"https:\/\/exceladvisor.org\/wp-content\/uploads\/2023\/08\/connecter-un-seul-slicer-a-plusieurs-tableaux-croises-dynamiques-1.gif\"},{\"@type\":\"BreadcrumbList\",\"@id\":\"https:\/\/exceladvisor.org\/it\/collegare-laffettatrice-a-diverse-tabelle-pivot\/#breadcrumb\",\"itemListElement\":[{\"@type\":\"ListItem\",\"position\":1,\"name\":\"Home\",\"item\":\"https:\/\/exceladvisor.org\/it\/\"},{\"@type\":\"ListItem\",\"position\":2,\"name\":\"Come collegare un singolo segmento con pi\u00f9 tabelle pivot?\"}]},{\"@type\":\"WebSite\",\"@id\":\"https:\/\/exceladvisor.org\/it\/#website\",\"url\":\"https:\/\/exceladvisor.org\/it\/\",\"name\":\"Excel Advisor\",\"description\":\"Tips, Tricks, and Time-Saving Hacks\",\"publisher\":{\"@id\":\"https:\/\/exceladvisor.org\/it\/#organization\"},\"potentialAction\":[{\"@type\":\"SearchAction\",\"target\":{\"@type\":\"EntryPoint\",\"urlTemplate\":\"https:\/\/exceladvisor.org\/it\/?s={search_term_string}\"},\"query-input\":{\"@type\":\"PropertyValueSpecification\",\"valueRequired\":true,\"valueName\":\"search_term_string\"}}],\"inLanguage\":\"it-IT\"},{\"@type\":\"Organization\",\"@id\":\"https:\/\/exceladvisor.org\/it\/#organization\",\"name\":\"Excel Advisor\",\"url\":\"https:\/\/exceladvisor.org\/it\/\",\"logo\":{\"@type\":\"ImageObject\",\"inLanguage\":\"it-IT\",\"@id\":\"https:\/\/exceladvisor.org\/it\/#\/schema\/logo\/image\/\",\"url\":\"https:\/\/exceladvisor.org\/it\/wp-content\/uploads\/2023\/12\/exceladvisor.org_.png\",\"contentUrl\":\"https:\/\/exceladvisor.org\/it\/wp-content\/uploads\/2023\/12\/exceladvisor.org_.png\",\"width\":105,\"height\":36,\"caption\":\"Excel Advisor\"},\"image\":{\"@id\":\"https:\/\/exceladvisor.org\/it\/#\/schema\/logo\/image\/\"}}]}<\/script>\n<!-- \/ Yoast SEO plugin. -->","yoast_head_json":{"title":"Come collegare un singolo segmento con pi\u00f9 tabelle pivot?","description":"Se colleghi l&#39;affettatrice a pi\u00f9 tabelle pivot, sarai in grado di controllare tutte le tabelle pivot con un&#39;unica affettatrice.","robots":{"index":"index","follow":"follow","max-snippet":"max-snippet:-1","max-image-preview":"max-image-preview:large","max-video-preview":"max-video-preview:-1"},"canonical":"https:\/\/exceladvisor.org\/it\/collegare-laffettatrice-a-diverse-tabelle-pivot\/","og_locale":"it_IT","og_type":"article","og_title":"Come collegare un singolo segmento con pi\u00f9 tabelle pivot?","og_description":"Se colleghi l&#39;affettatrice a pi\u00f9 tabelle pivot, sarai in grado di controllare tutte le tabelle pivot con un&#39;unica affettatrice.","og_url":"https:\/\/exceladvisor.org\/it\/collegare-laffettatrice-a-diverse-tabelle-pivot\/","og_site_name":"Excel Advisor","article_modified_time":"2023-12-10T06:21:45+00:00","og_image":[{"url":"https:\/\/exceladvisor.org\/wp-content\/uploads\/2023\/08\/connecter-un-seul-slicer-a-plusieurs-tableaux-croises-dynamiques-1.gif","type":"","width":"","height":""}],"twitter_card":"summary_large_image","twitter_misc":{"Tempo di lettura stimato":"1 minuto"},"schema":{"@context":"https:\/\/schema.org","@graph":[{"@type":"WebPage","@id":"https:\/\/exceladvisor.org\/it\/collegare-laffettatrice-a-diverse-tabelle-pivot\/","url":"https:\/\/exceladvisor.org\/it\/collegare-laffettatrice-a-diverse-tabelle-pivot\/","name":"Come collegare un singolo segmento con pi\u00f9 tabelle pivot?","isPartOf":{"@id":"https:\/\/exceladvisor.org\/it\/#website"},"primaryImageOfPage":{"@id":"https:\/\/exceladvisor.org\/it\/collegare-laffettatrice-a-diverse-tabelle-pivot\/#primaryimage"},"image":{"@id":"https:\/\/exceladvisor.org\/it\/collegare-laffettatrice-a-diverse-tabelle-pivot\/#primaryimage"},"thumbnailUrl":"https:\/\/exceladvisor.org\/wp-content\/uploads\/2023\/08\/connecter-un-seul-slicer-a-plusieurs-tableaux-croises-dynamiques-1.gif","datePublished":"2023-10-19T05:57:49+00:00","dateModified":"2023-12-10T06:21:45+00:00","description":"Se colleghi l&#39;affettatrice a pi\u00f9 tabelle pivot, sarai in grado di controllare tutte le tabelle pivot con un&#39;unica affettatrice.","breadcrumb":{"@id":"https:\/\/exceladvisor.org\/it\/collegare-laffettatrice-a-diverse-tabelle-pivot\/#breadcrumb"},"inLanguage":"it-IT","potentialAction":[{"@type":"ReadAction","target":["https:\/\/exceladvisor.org\/it\/collegare-laffettatrice-a-diverse-tabelle-pivot\/"]}]},{"@type":"ImageObject","inLanguage":"it-IT","@id":"https:\/\/exceladvisor.org\/it\/collegare-laffettatrice-a-diverse-tabelle-pivot\/#primaryimage","url":"https:\/\/exceladvisor.org\/wp-content\/uploads\/2023\/08\/connecter-un-seul-slicer-a-plusieurs-tableaux-croises-dynamiques-1.gif","contentUrl":"https:\/\/exceladvisor.org\/wp-content\/uploads\/2023\/08\/connecter-un-seul-slicer-a-plusieurs-tableaux-croises-dynamiques-1.gif"},{"@type":"BreadcrumbList","@id":"https:\/\/exceladvisor.org\/it\/collegare-laffettatrice-a-diverse-tabelle-pivot\/#breadcrumb","itemListElement":[{"@type":"ListItem","position":1,"name":"Home","item":"https:\/\/exceladvisor.org\/it\/"},{"@type":"ListItem","position":2,"name":"Come collegare un singolo segmento con pi\u00f9 tabelle pivot?"}]},{"@type":"WebSite","@id":"https:\/\/exceladvisor.org\/it\/#website","url":"https:\/\/exceladvisor.org\/it\/","name":"Excel Advisor","description":"Tips, Tricks, and Time-Saving Hacks","publisher":{"@id":"https:\/\/exceladvisor.org\/it\/#organization"},"potentialAction":[{"@type":"SearchAction","target":{"@type":"EntryPoint","urlTemplate":"https:\/\/exceladvisor.org\/it\/?s={search_term_string}"},"query-input":{"@type":"PropertyValueSpecification","valueRequired":true,"valueName":"search_term_string"}}],"inLanguage":"it-IT"},{"@type":"Organization","@id":"https:\/\/exceladvisor.org\/it\/#organization","name":"Excel Advisor","url":"https:\/\/exceladvisor.org\/it\/","logo":{"@type":"ImageObject","inLanguage":"it-IT","@id":"https:\/\/exceladvisor.org\/it\/#\/schema\/logo\/image\/","url":"https:\/\/exceladvisor.org\/it\/wp-content\/uploads\/2023\/12\/exceladvisor.org_.png","contentUrl":"https:\/\/exceladvisor.org\/it\/wp-content\/uploads\/2023\/12\/exceladvisor.org_.png","width":105,"height":36,"caption":"Excel Advisor"},"image":{"@id":"https:\/\/exceladvisor.org\/it\/#\/schema\/logo\/image\/"}}]}},"yoast_meta":{"yoast_wpseo_title":"","yoast_wpseo_metadesc":"","yoast_wpseo_canonical":""},"_links":{"self":[{"href":"https:\/\/exceladvisor.org\/it\/wp-json\/wp\/v2\/pages\/2084","targetHints":{"allow":["GET"]}}],"collection":[{"href":"https:\/\/exceladvisor.org\/it\/wp-json\/wp\/v2\/pages"}],"about":[{"href":"https:\/\/exceladvisor.org\/it\/wp-json\/wp\/v2\/types\/page"}],"author":[{"embeddable":true,"href":"https:\/\/exceladvisor.org\/it\/wp-json\/wp\/v2\/users\/1"}],"replies":[{"embeddable":true,"href":"https:\/\/exceladvisor.org\/it\/wp-json\/wp\/v2\/comments?post=2084"}],"version-history":[{"count":1,"href":"https:\/\/exceladvisor.org\/it\/wp-json\/wp\/v2\/pages\/2084\/revisions"}],"predecessor-version":[{"id":2378,"href":"https:\/\/exceladvisor.org\/it\/wp-json\/wp\/v2\/pages\/2084\/revisions\/2378"}],"wp:attachment":[{"href":"https:\/\/exceladvisor.org\/it\/wp-json\/wp\/v2\/media?parent=2084"}],"curies":[{"name":"wp","href":"https:\/\/api.w.org\/{rel}","templated":true}]}}