{"id":2085,"date":"2023-10-19T05:07:52","date_gmt":"2023-10-19T05:07:52","guid":{"rendered":"https:\/\/exceladvisor.org\/it\/filtrato\/"},"modified":"2023-12-10T06:23:35","modified_gmt":"2023-12-10T06:23:35","slug":"filtrato","status":"publish","type":"page","link":"https:\/\/exceladvisor.org\/it\/filtrato\/","title":{"rendered":"Come filtrare una tabella pivot in excel?"},"content":{"rendered":"<div class=\"excel-prima-del-contenuto\" id=\"excel-3827421693\"><script type=\"text\/javascript\">\r\n\tatOptions = {\r\n\t\t'key' : 'c1158f160081d6540a8409e6925dab94',\r\n\t\t'format' : 'iframe',\r\n\t\t'height' : 250,\r\n\t\t'width' : 300,\r\n\t\t'params' : {}\r\n\t};\r\n<\/script>\r\n<script type=\"text\/javascript\" src=\"\/\/www.highperformanceformat.com\/c1158f160081d6540a8409e6925dab94\/invoke.js\"><\/script><\/div> <h2 class=\"wp-block-heading\">Filtri etichetta e filtri valore<\/h2><p> I filtri etichetta e valore sono i filtri integrati in una tabella pivot. L&#8217;unica cosa che differenzia i due \u00e8 che puoi filtrare i tuoi dati in base ai numeri, ovvero ai valori utilizzando i filtri dei valori e al testo utilizzando i filtri delle etichette.<\/p><p> In poche parole, se stai filtrando i numeri, dovresti utilizzare i filtri dei valori e i filtri delle etichette quando giochi con il testo. Troverai alcune opzioni interessanti quando fai clic sui filtri valore\/etichetta. Alcune opzioni sono comuni ad eccezione delle prime 10, che troverai nei filtri dei valori. <\/p><div class=\"wp-block-image\"><figure class=\"aligncenter size-large is-resized\"><img loading=\"lazy\" decoding=\"async\" class=\"wp-image-59583\" src=\"https:\/\/exceladvisor.org\/wp-content\/uploads\/2023\/08\/1-filtres-de-libelle-et-de-valeur.png\" sizes=\"auto, \" srcset=\"\" alt=\"filtri di etichette e valori\" width=\"451\" height=\"385\"><figcaption class=\"wp-element-caption\"> filtri di etichette e valori<\/figcaption><\/figure><\/div><ol type=\"1\"><li> <strong>Uguale a:<\/strong> puoi filtrare i tuoi dati in base al loro valore con la corrispondenza esatta, \u00e8 come filtrare i valori con la corrispondenza esatta.<\/li><li> <strong>Non \u00e8 uguale:<\/strong> filtrer\u00e0 tutti i valori che non contengono i valori menzionati. Questo \u00e8 l&#8217;esatto opposto dell&#8217;opzione precedente.<\/li><li> <strong>Inizia con:<\/strong> filtrer\u00e0 i dati iniziando con il testo specifico che hai menzionato.<\/li><li> <strong>Non inizia con:<\/strong> questo ti aiuter\u00e0 a filtrare tutti i dati che non iniziano con il testo specifico che hai menzionato.<\/li><li> <strong>Termina con:<\/strong> come suggerisce il nome, filtra i dati che terminano con un testo specifico.<\/li><li> <strong>Non termina con:<\/strong> \u00e8 l&#8217;esatto contrario di \u201cTermina con\u201d. Questo filtrer\u00e0 tutti i dati che non terminano con la stringa menzionata.<\/li><li> <strong>Contiene:<\/strong> ora questo ti aiuta a filtrare i dati che contengono testo\/parola specifico al centro, all&#8217;inizio o alla fine.<\/li><li> <strong>Non contiene:<\/strong> ti aiuta a filtrare i dati che non contengono testo\/parola specifici.<\/li><li> <strong>Maggiore di:<\/strong> questo \u00e8 un filtro di valore che filtrer\u00e0 tutti i dati maggiori del valore menzionato.<\/li><li> <strong>Maggiore o uguale a:<\/strong> questo \u00e8 un filtro di valore che filtrer\u00e0 tutti i dati maggiori o uguali al valore menzionato.<\/li><li> <strong>Minore di:<\/strong> questo \u00e8 un filtro di valore che filtrer\u00e0 tutti i dati inferiori al valore menzionato.<\/li><li> <strong>Minore o uguale a:<\/strong> questo \u00e8 un filtro di valore che filtrer\u00e0 tutti i dati inferiori o uguali al valore menzionato.<\/li><li> <strong>Tra:<\/strong> questa opzione \u00e8 utile quando si desidera applicare un filtro tra gli intervalli <strong>.<\/strong> Ad esempio, dovresti filtrare i settori con prezzi di costo compresi tra 100 e 150.<\/li><li> <strong>Non tra:<\/strong> \u00e8 utile quando si desidera applicare un filtro per alcuni valori specifici.<\/li><li> <strong>Primi 10:<\/strong> quando devi filtrare i primi 10 o gli ultimi 10 valori nel tuo pivot, hai bisogno di questo filtro. Verr\u00e0 visualizzato solo il numero di valori scelti che corrispondono ai tuoi criteri.<\/li><\/ol><h2 class=\"wp-block-heading\"> Utilizzando il filtro del rapporto<\/h2><p> I filtri dei report sono straordinari quando \u00e8 necessario filtrare i dati in base a due o pi\u00f9 criteri. Per aggiungere una colonna ai filtri dei report.<\/p><ul><li> Innanzitutto, fai clic in un punto qualsiasi della tabella pivot e abilita l&#8217;opzione dell&#8217;elenco dei campi.<\/li><li> Ora seleziona la colonna che desideri aggiungere ai filtri del report. Qui aggiungeremo l&#8217;industria.<\/li><li> Qui, trascina\/aggiungi la colonna Settore ai filtri nei campi della tabella pivot. <br><img loading=\"lazy\" decoding=\"async\" title=\"2-utilizzando-il-filtro-del-report\" src=\"https:\/\/exceladvisor.org\/wp-content\/uploads\/2023\/08\/2-a-laide-du-filtre-de-rapport.png\" sizes=\"auto, \" srcset=\"\" alt=\"using-report-filter\" width=\"279\" height=\"370\"><\/li><li> Ora la tabella pivot sar\u00e0 simile a questa. <br><img loading=\"lazy\" decoding=\"async\" title=\"3 tavoli pivot\" src=\"https:\/\/exceladvisor.org\/wp-content\/uploads\/2023\/08\/3-tableau-croise-dynamique.png\" sizes=\"auto, \" srcset=\"\" alt=\"pivot-table\" width=\"213\" height=\"488\"><\/li><li> Successivamente, fai clic sul piccolo menu a discesa accanto al settore. <br><img loading=\"lazy\" decoding=\"async\" title=\"4 clic sull'elenco a discesa\" src=\"https:\/\/exceladvisor.org\/wp-content\/uploads\/2023\/08\/4-cliquez-sur-le-menu-deroulant.png\" sizes=\"auto, \" srcset=\"\" alt=\"click-on-the-drop-down\" width=\"228\" height=\"269\"><\/li><li> Qui otterrai un elenco di settori nei tuoi dati.<\/li><li> Ora, per selezionare pi\u00f9, seleziona la casella in basso \u201cSeleziona pi\u00f9\u201d. <br><img loading=\"lazy\" decoding=\"async\" title=\"5-seleziona-pi\u00f9-elementi\" src=\"https:\/\/exceladvisor.org\/wp-content\/uploads\/2023\/08\/5-selectionner-plusieurs-elements.png\" sizes=\"auto, \" srcset=\"\" alt=\"select-multiple-items\" width=\"229\" height=\"260\"><\/li><li> Alla fine, se hai un lungo elenco, puoi semplicemente digitare nella casella di ricerca. Qui digitiamo &#8220;Med&#8221; e tutti i settori con il testo &#8220;Med&#8221; verranno filtrati. <br><img loading=\"lazy\" decoding=\"async\" title=\"6-digita-nel-campo-di-ricerca\" src=\"https:\/\/exceladvisor.org\/wp-content\/uploads\/2023\/08\/6-tapez-dans-le-champ-de-recherche.png\" sizes=\"auto, \" srcset=\"\" alt=\"type-in-the-search-box\" width=\"223\" height=\"252\"><\/li><li> Qui puoi deselezionare o selezionare i settori che desideri filtrare.<\/li><\/ul><h2 class=\"wp-block-heading\"> Barra di ricerca<\/h2><p> La casella di ricerca \u00e8 il filtro pi\u00f9 semplice e conveniente.<\/p><ul><li> Innanzitutto, fai clic nella casella di ricerca. <br><img loading=\"lazy\" decoding=\"async\" title=\"7 clic nel campo di ricerca\" src=\"https:\/\/exceladvisor.org\/wp-content\/uploads\/2023\/08\/7-cliquez-dans-le-champ-de-recherche.png\" sizes=\"auto, \" srcset=\"\" alt=\"click-inside-the-search-box\" width=\"229\" height=\"343\"><\/li><li> Qui, inizia a digitare il testo per filtrare i dati. <br><img loading=\"lazy\" decoding=\"async\" title=\"8 tipi di testo per filtrare i dati\" src=\"https:\/\/exceladvisor.org\/wp-content\/uploads\/2023\/08\/8-saisir-du-texte-pour-filtrer-les-donnees.png\" sizes=\"auto, \" srcset=\"\" alt=\"type-text-to-filter-data\" width=\"236\" height=\"353\"><\/li><li> Successivamente, vedrai che i dati sono filtrati dal testo &#8220;ENT&#8221;. Qui noterai che tutti gli elementi che hanno &#8220;ENT&#8221; sono elencati di seguito.<\/li><li> Deseleziona gli elementi che non ti servono. <br><img loading=\"lazy\" decoding=\"async\" title=\"9-deseleziona-gli-elementi\" src=\"https:\/\/exceladvisor.org\/wp-content\/uploads\/2023\/08\/9-decochez-les-elements.png\" sizes=\"auto, \" srcset=\"\" alt=\"untick-the-items\" width=\"238\" height=\"355\"><\/li><li> Premere OK.<\/li><\/ul><h2 class=\"wp-block-heading\"> Cancella il filtro da una riga o colonna<\/h2><h3 class=\"wp-block-heading\"> Metodo 1<\/h3><ul><li> Fai clic sulla riga\/colonna a cui hai applicato il filtro e fai clic con il pulsante destro del mouse. <br><img loading=\"lazy\" decoding=\"async\" title=\"Filtro da 10 righe o colonne cancellabili\" src=\"https:\/\/exceladvisor.org\/wp-content\/uploads\/2023\/08\/10-effacer-le-filtre-de-la-ligne-ou-de-la-colonne.png\" sizes=\"auto, \" srcset=\"\" alt=\"clear-filter-from-row-or-column\" width=\"177\" height=\"376\"><\/li><li> Qui, cerca l&#8217;opzione &#8220;Filtro&#8221; e fai clic per ottenere l&#8217;opzione &#8220;Cancella filtro nome&#8221;. <br><img loading=\"lazy\" decoding=\"async\" title=\"11-filtro-cancella-nome\" src=\"https:\/\/exceladvisor.org\/wp-content\/uploads\/2023\/08\/11-effacer-le-filtre-du-nom.png\" sizes=\"auto, \" srcset=\"\" alt=\"clear-filter-from-name\" width=\"303\" height=\"310\"><\/li><\/ul><h3 class=\"wp-block-heading\"> Metodo 2<\/h3><ul><li> Un altro modo per farlo \u00e8 semplicemente fare clic sulla freccia accanto alla colonna &#8220;Nome&#8221;. <br><img loading=\"lazy\" decoding=\"async\" title=\"12 clic sulla freccia\" src=\"https:\/\/exceladvisor.org\/wp-content\/uploads\/2023\/08\/12-cliquez-sur-la-fleche.png\" sizes=\"auto, \" srcset=\"\" alt=\"click-on-the-arrow\" width=\"240\" height=\"190\"><\/li><li> Ora fai clic su \u201cCancella filtri \u201cNome\u201d\u201d. <br><img loading=\"lazy\" decoding=\"async\" title=\"Cancella il filtro in 13 clic\" src=\"https:\/\/exceladvisor.org\/wp-content\/uploads\/2023\/08\/Effacer-le-filtre-en-13-clics.png\" sizes=\"auto, \" srcset=\"\" alt=\"click-clear-filter\" width=\"258\" height=\"385\"><\/li><\/ul><h2 class=\"wp-block-heading\"> Cancella tutti i filtri<\/h2><p> Se desideri cancellare tutti i filtri indipendentemente dalle colonne e dalle righe, procedi nel seguente modo.<\/p><ul><li> Per iniziare, fai clic sulla tabella pivot per attivare la scheda di analisi. <br><img loading=\"lazy\" decoding=\"async\" title=\"14-filtro-cancella-tutto\" src=\"https:\/\/exceladvisor.org\/wp-content\/uploads\/2023\/08\/14-Effacer-tout-le-filtre.png\" sizes=\"auto, \" srcset=\"\" alt=\"clear-all-filter\" width=\"172\" height=\"175\"><\/li><li> Ora fai clic sulla piccola freccia rivolta verso il basso accanto a Elimina. <br><img loading=\"lazy\" decoding=\"async\" title=\"Cancella i filtri in 15 clic\" src=\"https:\/\/exceladvisor.org\/wp-content\/uploads\/2023\/08\/Effacer-les-filtres-en-15-clics.png\" sizes=\"auto, \" srcset=\"\" alt=\"click-clear-filters\" width=\"172\" height=\"167\"><\/li><li> Infine, fai clic su \u201cCancella filtri\u201d. Ci\u00f2 canceller\u00e0 tutti i filtri applicati alla tabella pivot (in altre parole, reimposter\u00e0 i filtri). <\/li><\/ul><div class=\"wp-block-group main-page-bottom is-layout-flow\"><div class=\"wp-block-group__inner-container\"><h2 class=\"wp-block-heading\"> Altre esercitazioni sulle tabelle pivot <\/h2><div class=\"wp-block-columns is-layout-flex wp-container-3\"><div class=\"wp-block-column is-layout-flow\"><ul><li> <a href=\"https:\/\/exceladvisor.org\/it\/date-di-gruppo\/\">Raggruppare le date in un pivot in Excel<\/a><\/li><li> <a href=\"https:\/\/exceladvisor.org\/it\/collegare-laffettatrice-a-diverse-tabelle-pivot\/\">Connetti una singola affettatrice con pi\u00f9 tabelle pivot in Excel<\/a><\/li><li> <a href=\"https:\/\/exceladvisor.org\/it\/spostare-la-tabella-pivot\/\">Sposta una tabella pivot in Excel<\/a><\/li><li> <a href=\"https:\/\/exceladvisor.org\/it\/disposizione\/\">Formattazione delle tabelle pivot in Excel<\/a><\/li><li> <a href=\"https:\/\/exceladvisor.org\/it\/scorciatoie-da-tastiera-1\/\">Scorciatoie da tastiera della tabella pivot<\/a><\/li><\/ul><\/div><\/div><\/div><\/div>","protected":false},"excerpt":{"rendered":"","protected":false},"author":1,"featured_media":0,"parent":0,"menu_order":0,"comment_status":"open","ping_status":"closed","template":"","meta":{"ub_ctt_via":"","footnotes":""},"class_list":["post-2085","page","type-page","status-publish","hentry"],"featured_image_src":null,"yoast_head":"<!-- This site is optimized with the Yoast SEO plugin v25.4 - https:\/\/yoast.com\/wordpress\/plugins\/seo\/ -->\n<title>Come filtrare una tabella pivot in Excel?<\/title>\n<meta name=\"description\" content=\"In questo tutorial capiremo come filtrare i dati in una tabella pivot.\" \/>\n<meta name=\"robots\" content=\"index, follow, max-snippet:-1, max-image-preview:large, max-video-preview:-1\" \/>\n<link rel=\"canonical\" href=\"https:\/\/exceladvisor.org\/it\/filtrato\/\" \/>\n<meta property=\"og:locale\" content=\"it_IT\" \/>\n<meta property=\"og:type\" content=\"article\" \/>\n<meta property=\"og:title\" content=\"Come filtrare una tabella pivot in Excel?\" \/>\n<meta property=\"og:description\" content=\"In questo tutorial capiremo come filtrare i dati in una tabella pivot.\" \/>\n<meta property=\"og:url\" content=\"https:\/\/exceladvisor.org\/it\/filtrato\/\" \/>\n<meta property=\"og:site_name\" content=\"Excel Advisor\" \/>\n<meta property=\"article:modified_time\" content=\"2023-12-10T06:23:35+00:00\" \/>\n<meta property=\"og:image\" content=\"https:\/\/exceladvisor.org\/wp-content\/uploads\/2023\/08\/1-filtres-de-libelle-et-de-valeur.png\" \/>\n<meta name=\"twitter:card\" content=\"summary_large_image\" \/>\n<meta name=\"twitter:label1\" content=\"Tempo di lettura stimato\" \/>\n\t<meta name=\"twitter:data1\" content=\"4 minuti\" \/>\n<script type=\"application\/ld+json\" class=\"yoast-schema-graph\">{\"@context\":\"https:\/\/schema.org\",\"@graph\":[{\"@type\":\"WebPage\",\"@id\":\"https:\/\/exceladvisor.org\/it\/filtrato\/\",\"url\":\"https:\/\/exceladvisor.org\/it\/filtrato\/\",\"name\":\"Come filtrare una tabella pivot in Excel?\",\"isPartOf\":{\"@id\":\"https:\/\/exceladvisor.org\/it\/#website\"},\"primaryImageOfPage\":{\"@id\":\"https:\/\/exceladvisor.org\/it\/filtrato\/#primaryimage\"},\"image\":{\"@id\":\"https:\/\/exceladvisor.org\/it\/filtrato\/#primaryimage\"},\"thumbnailUrl\":\"https:\/\/exceladvisor.org\/wp-content\/uploads\/2023\/08\/1-filtres-de-libelle-et-de-valeur.png\",\"datePublished\":\"2023-10-19T05:07:52+00:00\",\"dateModified\":\"2023-12-10T06:23:35+00:00\",\"description\":\"In questo tutorial capiremo come filtrare i dati in una tabella pivot.\",\"breadcrumb\":{\"@id\":\"https:\/\/exceladvisor.org\/it\/filtrato\/#breadcrumb\"},\"inLanguage\":\"it-IT\",\"potentialAction\":[{\"@type\":\"ReadAction\",\"target\":[\"https:\/\/exceladvisor.org\/it\/filtrato\/\"]}]},{\"@type\":\"ImageObject\",\"inLanguage\":\"it-IT\",\"@id\":\"https:\/\/exceladvisor.org\/it\/filtrato\/#primaryimage\",\"url\":\"https:\/\/exceladvisor.org\/wp-content\/uploads\/2023\/08\/1-filtres-de-libelle-et-de-valeur.png\",\"contentUrl\":\"https:\/\/exceladvisor.org\/wp-content\/uploads\/2023\/08\/1-filtres-de-libelle-et-de-valeur.png\"},{\"@type\":\"BreadcrumbList\",\"@id\":\"https:\/\/exceladvisor.org\/it\/filtrato\/#breadcrumb\",\"itemListElement\":[{\"@type\":\"ListItem\",\"position\":1,\"name\":\"Home\",\"item\":\"https:\/\/exceladvisor.org\/it\/\"},{\"@type\":\"ListItem\",\"position\":2,\"name\":\"Come filtrare una tabella pivot in excel?\"}]},{\"@type\":\"WebSite\",\"@id\":\"https:\/\/exceladvisor.org\/it\/#website\",\"url\":\"https:\/\/exceladvisor.org\/it\/\",\"name\":\"Excel Advisor\",\"description\":\"Tips, Tricks, and Time-Saving Hacks\",\"publisher\":{\"@id\":\"https:\/\/exceladvisor.org\/it\/#organization\"},\"potentialAction\":[{\"@type\":\"SearchAction\",\"target\":{\"@type\":\"EntryPoint\",\"urlTemplate\":\"https:\/\/exceladvisor.org\/it\/?s={search_term_string}\"},\"query-input\":{\"@type\":\"PropertyValueSpecification\",\"valueRequired\":true,\"valueName\":\"search_term_string\"}}],\"inLanguage\":\"it-IT\"},{\"@type\":\"Organization\",\"@id\":\"https:\/\/exceladvisor.org\/it\/#organization\",\"name\":\"Excel Advisor\",\"url\":\"https:\/\/exceladvisor.org\/it\/\",\"logo\":{\"@type\":\"ImageObject\",\"inLanguage\":\"it-IT\",\"@id\":\"https:\/\/exceladvisor.org\/it\/#\/schema\/logo\/image\/\",\"url\":\"https:\/\/exceladvisor.org\/it\/wp-content\/uploads\/2023\/12\/exceladvisor.org_.png\",\"contentUrl\":\"https:\/\/exceladvisor.org\/it\/wp-content\/uploads\/2023\/12\/exceladvisor.org_.png\",\"width\":105,\"height\":36,\"caption\":\"Excel Advisor\"},\"image\":{\"@id\":\"https:\/\/exceladvisor.org\/it\/#\/schema\/logo\/image\/\"}}]}<\/script>\n<!-- \/ Yoast SEO plugin. -->","yoast_head_json":{"title":"Come filtrare una tabella pivot in Excel?","description":"In questo tutorial capiremo come filtrare i dati in una tabella pivot.","robots":{"index":"index","follow":"follow","max-snippet":"max-snippet:-1","max-image-preview":"max-image-preview:large","max-video-preview":"max-video-preview:-1"},"canonical":"https:\/\/exceladvisor.org\/it\/filtrato\/","og_locale":"it_IT","og_type":"article","og_title":"Come filtrare una tabella pivot in Excel?","og_description":"In questo tutorial capiremo come filtrare i dati in una tabella pivot.","og_url":"https:\/\/exceladvisor.org\/it\/filtrato\/","og_site_name":"Excel Advisor","article_modified_time":"2023-12-10T06:23:35+00:00","og_image":[{"url":"https:\/\/exceladvisor.org\/wp-content\/uploads\/2023\/08\/1-filtres-de-libelle-et-de-valeur.png","type":"","width":"","height":""}],"twitter_card":"summary_large_image","twitter_misc":{"Tempo di lettura stimato":"4 minuti"},"schema":{"@context":"https:\/\/schema.org","@graph":[{"@type":"WebPage","@id":"https:\/\/exceladvisor.org\/it\/filtrato\/","url":"https:\/\/exceladvisor.org\/it\/filtrato\/","name":"Come filtrare una tabella pivot in Excel?","isPartOf":{"@id":"https:\/\/exceladvisor.org\/it\/#website"},"primaryImageOfPage":{"@id":"https:\/\/exceladvisor.org\/it\/filtrato\/#primaryimage"},"image":{"@id":"https:\/\/exceladvisor.org\/it\/filtrato\/#primaryimage"},"thumbnailUrl":"https:\/\/exceladvisor.org\/wp-content\/uploads\/2023\/08\/1-filtres-de-libelle-et-de-valeur.png","datePublished":"2023-10-19T05:07:52+00:00","dateModified":"2023-12-10T06:23:35+00:00","description":"In questo tutorial capiremo come filtrare i dati in una tabella pivot.","breadcrumb":{"@id":"https:\/\/exceladvisor.org\/it\/filtrato\/#breadcrumb"},"inLanguage":"it-IT","potentialAction":[{"@type":"ReadAction","target":["https:\/\/exceladvisor.org\/it\/filtrato\/"]}]},{"@type":"ImageObject","inLanguage":"it-IT","@id":"https:\/\/exceladvisor.org\/it\/filtrato\/#primaryimage","url":"https:\/\/exceladvisor.org\/wp-content\/uploads\/2023\/08\/1-filtres-de-libelle-et-de-valeur.png","contentUrl":"https:\/\/exceladvisor.org\/wp-content\/uploads\/2023\/08\/1-filtres-de-libelle-et-de-valeur.png"},{"@type":"BreadcrumbList","@id":"https:\/\/exceladvisor.org\/it\/filtrato\/#breadcrumb","itemListElement":[{"@type":"ListItem","position":1,"name":"Home","item":"https:\/\/exceladvisor.org\/it\/"},{"@type":"ListItem","position":2,"name":"Come filtrare una tabella pivot in excel?"}]},{"@type":"WebSite","@id":"https:\/\/exceladvisor.org\/it\/#website","url":"https:\/\/exceladvisor.org\/it\/","name":"Excel Advisor","description":"Tips, Tricks, and Time-Saving Hacks","publisher":{"@id":"https:\/\/exceladvisor.org\/it\/#organization"},"potentialAction":[{"@type":"SearchAction","target":{"@type":"EntryPoint","urlTemplate":"https:\/\/exceladvisor.org\/it\/?s={search_term_string}"},"query-input":{"@type":"PropertyValueSpecification","valueRequired":true,"valueName":"search_term_string"}}],"inLanguage":"it-IT"},{"@type":"Organization","@id":"https:\/\/exceladvisor.org\/it\/#organization","name":"Excel Advisor","url":"https:\/\/exceladvisor.org\/it\/","logo":{"@type":"ImageObject","inLanguage":"it-IT","@id":"https:\/\/exceladvisor.org\/it\/#\/schema\/logo\/image\/","url":"https:\/\/exceladvisor.org\/it\/wp-content\/uploads\/2023\/12\/exceladvisor.org_.png","contentUrl":"https:\/\/exceladvisor.org\/it\/wp-content\/uploads\/2023\/12\/exceladvisor.org_.png","width":105,"height":36,"caption":"Excel Advisor"},"image":{"@id":"https:\/\/exceladvisor.org\/it\/#\/schema\/logo\/image\/"}}]}},"yoast_meta":{"yoast_wpseo_title":"","yoast_wpseo_metadesc":"","yoast_wpseo_canonical":""},"_links":{"self":[{"href":"https:\/\/exceladvisor.org\/it\/wp-json\/wp\/v2\/pages\/2085","targetHints":{"allow":["GET"]}}],"collection":[{"href":"https:\/\/exceladvisor.org\/it\/wp-json\/wp\/v2\/pages"}],"about":[{"href":"https:\/\/exceladvisor.org\/it\/wp-json\/wp\/v2\/types\/page"}],"author":[{"embeddable":true,"href":"https:\/\/exceladvisor.org\/it\/wp-json\/wp\/v2\/users\/1"}],"replies":[{"embeddable":true,"href":"https:\/\/exceladvisor.org\/it\/wp-json\/wp\/v2\/comments?post=2085"}],"version-history":[{"count":1,"href":"https:\/\/exceladvisor.org\/it\/wp-json\/wp\/v2\/pages\/2085\/revisions"}],"predecessor-version":[{"id":2531,"href":"https:\/\/exceladvisor.org\/it\/wp-json\/wp\/v2\/pages\/2085\/revisions\/2531"}],"wp:attachment":[{"href":"https:\/\/exceladvisor.org\/it\/wp-json\/wp\/v2\/media?parent=2085"}],"curies":[{"name":"wp","href":"https:\/\/api.w.org\/{rel}","templated":true}]}}