{"id":2086,"date":"2023-10-19T04:10:16","date_gmt":"2023-10-19T04:10:16","guid":{"rendered":"https:\/\/exceladvisor.org\/it\/calcolo-nella-tabella-pivot\/"},"modified":"2023-12-10T06:26:19","modified_gmt":"2023-12-10T06:26:19","slug":"calcolo-nella-tabella-pivot","status":"publish","type":"page","link":"https:\/\/exceladvisor.org\/it\/calcolo-nella-tabella-pivot\/","title":{"rendered":"Come utilizzare elementi e campi calcolati in excel?"},"content":{"rendered":"<div class=\"excel-prima-del-contenuto\" id=\"excel-3690933391\"><script type=\"text\/javascript\">\r\n\tatOptions = {\r\n\t\t'key' : 'c1158f160081d6540a8409e6925dab94',\r\n\t\t'format' : 'iframe',\r\n\t\t'height' : 250,\r\n\t\t'width' : 300,\r\n\t\t'params' : {}\r\n\t};\r\n<\/script>\r\n<script type=\"text\/javascript\" src=\"\/\/www.highperformanceformat.com\/c1158f160081d6540a8409e6925dab94\/invoke.js\"><\/script><\/div> <p>Uno dei modi migliori per diventare un utente <a style=\"outline: none;\" href=\"https:\/\/exceladvisor.org\/it\/tabella-pivot\/\" data-wpel-link=\"internal\">avanzato della tabella pivot<\/a> e utilizzare Excel per l&#8217;analisi dei dati \u00e8 utilizzare elementi calcolati e campi calcolati in una tabella pivot.<\/p><p> Utilizza formule in una tabella pivot o calcoli personalizzati che non esistono nei dati di origine ma funzionano come gli altri campi.<\/p><p> In termini semplici, questi sono i calcoli nella tabella pivot. Nell&#8217;esempio seguente puoi vedere una tabella pivot con un campo calcolato che calcola il prezzo di vendita medio. D&#8217;altra parte, i dati di origine non hanno tipi di campo come questo. <\/p><div class=\"wp-block-image\"><figure class=\"aligncenter\"><img decoding=\"async\" title=\"inserisci-calcolo-nella-tabella-pivot\" src=\"https:\/\/exceladvisor.org\/wp-content\/uploads\/2023\/08\/inserer-le-calcul-dans-le-tableau-croise-dynamique-10.png\" sizes=\"\" srcset=\"\" alt=\"insert calculation in pivot table\"><\/figure><\/div><p class=\"qt-tip\"> Le tabelle pivot fanno parte delle <a style=\"outline: none;\" href=\"https:\/\/exceladvisor.org\/it\/eccellere-nelle-competenze\/\">COMPETENZE EXCEL INTERMEDIE<\/a> .<\/p><h2 class=\"wp-block-heading\"> Campo calcolato in una tabella pivot<\/h2><p> Nella tabella pivot di Excel, il campo calcolato \u00e8 come tutti gli altri campi della tabella pivot, ma non esistono nei dati di origine. Ma vengono creati utilizzando le formule nella tabella pivot. Segui questi semplici passaggi per inserire il campo calcolato in una tabella pivot.<\/p><ol><li> Innanzitutto, \u00e8 necessaria una semplice tabella pivot per aggiungere un campo calcolato. <br><img decoding=\"async\" title=\"Inserisci-calcolo-nella-tabella-pivot-2\" src=\"https:\/\/exceladvisor.org\/wp-content\/uploads\/2023\/08\/Inserer-le-calcul-dans-le-tableau-croise-dynamique-2-1.png\" sizes=\"\" srcset=\"\" alt=\"Use A Simple Data Table To Add Calculated Field To Insert Calculation In Pivot Table\"><\/li><li> Basta fare clic su uno dei campi nella tabella pivot. Vedrai un&#8217;opzione della tabella pivot nella barra multifunzione che ha inoltre due opzioni <strong>(Analizza e progettazione).<\/strong> Fai clic sull&#8217;opzione di analisi, quindi su <strong>Campi, elementi e set<\/strong> . Otterrai inoltre un elenco di opzioni, basta fare clic sul campo calcolato. <br><img decoding=\"async\" title=\"Inserisci-calcolo-nella-tabella-pivot-3\" src=\"https:\/\/exceladvisor.org\/wp-content\/uploads\/2023\/08\/Inserer-le-calcul-dans-le-tableau-croise-dynamique-3-1.png\" sizes=\"\" srcset=\"\" alt=\"Insert Calculated Field To Add Calculation In Pivot Table\"><\/li><li> Dopo aver fatto clic sul campo calcolato, verr\u00e0 visualizzato un menu contestuale, come di seguito. Questo menu contestuale include due opzioni di input (nome e formula) e un&#8217;opzione di selezione. <br><img decoding=\"async\" title=\"Inserisci-calcolo-nella-tabella-pivot-4\" src=\"https:\/\/exceladvisor.org\/wp-content\/uploads\/2023\/08\/Inserer-le-calcul-dans-le-tableau-croise-dynamique-4-1.png\" sizes=\"\" srcset=\"\" alt=\"Calculated Field Pop-Up Box To Insert Calculation In Pivot Table\"><\/li><li> <strong data-rich-text-format-boundary=\"true\">Nome:<\/strong> nome del campo calcolato che verr\u00e0 visualizzato nella tabella pivot.<\/li><li> <strong>Formula:<\/strong> un&#8217;opzione di input per inserire una formula per il campo calcolato.<\/li><li> <strong>Campi:<\/strong> un&#8217;opzione a discesa per selezionare altri campi dai dati di origine per calcolare un nuovo campo.<\/li><\/ol><h2 id=\"4\" class=\"wp-block-heading\"> Elementi calcolati in una tabella pivot<\/h2><p> Gli elementi calcolati sono come qualsiasi altro elemento nella tabella pivot, ma la differenza \u00e8 che non esistono nei dati di origine. Vengono semplicemente creati utilizzando una formula. \u00c8 possibile modificare, modificare o eliminare gli elementi calcolati secondo necessit\u00e0.<\/p><ol><li> Basta fare clic su uno degli elementi nella tabella pivot. Vedrai un&#8217;opzione Tabella pivot sulla barra multifunzione insieme ad altre due opzioni (Analizza e Progetta).<\/li><li> Fare clic su Analizza, quindi su Campi, elementi e insiemi.<\/li><li> Otterrai inoltre un elenco di opzioni, basta fare clic su Articolo calcolato. <br><img decoding=\"async\" title=\"Inserisci-Calcolo-nella-tabella-pivot-7\" src=\"https:\/\/exceladvisor.org\/wp-content\/uploads\/2023\/08\/Inserer-le-calcul-dans-le-tableau-croise-dynamique-7-1.png\" sizes=\"\" srcset=\"\" alt=\"Calculated Item Dialog Box To Insert Calculation In Pivot Table\"><\/li><li> Dopo aver fatto clic sull&#8217;elemento calcolato, otterrai un menu contestuale, come sopra. Questo menu contestuale include due opzioni di input (Nome e Formula) e due opzioni di selezione (Campo e Elementi).<\/li><li> Abbiamo gi\u00e0 parlato di \u201c <strong>Nome, Formula e Campi<\/strong> \u201d nei campi calcolati.<\/li><li> <strong>Elementi<\/strong> : Per selezionare gli elementi da calcolare.<\/li><li> In questo esempio calcoleremo il prezzo di vendita medio e la formula sar\u00e0 = importo\/quantit\u00e0.<\/li><li> Nell&#8217;opzione Campi, seleziona Importo e fai clic su Inserisci, quindi inserisci l&#8217;operatore di divisione &#8220;\/&#8221; e quindi inserisci la quantit\u00e0.<\/li><li> Premere OK.<\/li><li> Ora appare un nuovo campo nella tua tabella pivot. <br><img decoding=\"async\" title=\"Inserisci-calcolo-nella-tabella-pivot-5\" src=\"https:\/\/exceladvisor.org\/wp-content\/uploads\/2023\/08\/Inserer-le-calcul-dans-le-tableau-croise-dynamique-5-1.png\" sizes=\"\" srcset=\"\" alt=\"Insert Formula In Calculated Feild To Insert Calculation In Pivot Table\"><\/li><li> Il tuo nuovo campo calcolato viene creato senza alcun formato numerico. <br><img decoding=\"async\" title=\"Inserisci-Calcolo-nella-tabella-pivot-6\" src=\"https:\/\/exceladvisor.org\/wp-content\/uploads\/2023\/08\/Inserer-le-calcul-dans-le-tableau-croise-dynamique-6-1.png\" sizes=\"\" srcset=\"\" alt=\"Your New Calculated Field By inserting Calculation In Pivot Table\"><\/li><\/ol><p> In questo esempio calcoleremo la media del primo semestre e del secondo semestre. Basta aggiungere la formula.<\/p><pre class=\"wp-block-code\"> <code class=\"language-excel-formula\" lang=\"excel-formula\">=average(jan, feb, mar, apr, may, jun)<\/code><\/pre><p> Ora devi calcolare i tuoi elementi pivot, mostrando una media dei primi sei mesi e degli ultimi sei mesi dell&#8217;anno. <\/p><div class=\"wp-block-image\"><figure class=\"aligncenter\"><img decoding=\"async\" src=\"https:\/\/exceladvisor.org\/wp-content\/uploads\/2023\/08\/Inserer-le-calcul-dans-le-tableau-croise-dynamique-8-1.png\" sizes=\"\" srcset=\"\" alt=\"Inserisci un elemento calcolato per aggiungere un calcolo alla tabella pivot\"><\/figure><\/div><p> <span style=\"color: #333333;\">Ma aspetta un attimo. Cos&#8217;\u00e8 questo? Il totale complessivo va da $ 1.506 e $ 311.820 a $ 1.746 e $ 361.600.<\/span> <\/p><div class=\"wp-block-image\"><figure class=\"aligncenter\"><img decoding=\"async\" src=\"https:\/\/exceladvisor.org\/wp-content\/uploads\/2023\/08\/Inserer-le-calcul-dans-le-tableau-croise-dynamique-9-1.png\" sizes=\"\" srcset=\"\" alt=\"Elemento calcolato inserito per inserire il calcolo nella tabella pivot\"><\/figure><\/div><p> Il motivo di ci\u00f2 \u00e8 che i totali e i totali parziali della tabella pivot includono i campi calcolati durante il calcolo del totale e del totale parziale. Quindi \u00e8 necessario filtrare gli elementi calcolati se si desidera visualizzare l&#8217;immagine reale.<\/p><h2 id=\"6\" class=\"wp-block-heading\"> Cose da ricordare<\/h2><ol><li> Ricordarsi di rimuovere 0 dall&#8217;opzione di immissione della formula quando si inserisce una formula per il calcolo.<\/li><li> Puoi utilizzare solo formule che non richiedono riferimenti di cella.<\/li><li> Dovresti verificare se gli elementi calcolati influiscono sui risultati del pivot (totali parziali e totali generali).<\/li><li> Modifica l&#8217;ordine delle soluzioni in base ai tuoi requisiti di calcolo. <\/li><\/ol><div class=\"wp-block-group main-page-bottom is-layout-flow\"><div class=\"wp-block-group__inner-container\"><h2 class=\"wp-block-heading\"> Ulteriori informazioni sulle tabelle pivot<\/h2><ul><li> <a href=\"https:\/\/exceladvisor.org\/it\/contare-valori-univoci\/\">Conta valori univoci in una tabella pivot in Excel<\/a><\/li><li> <a href=\"https:\/\/exceladvisor.org\/it\/colonna-dei-ranghi\/\">Aggiungi righe nella tabella pivot in Excel<\/a><\/li><li> <a href=\"https:\/\/exceladvisor.org\/it\/date-di-gruppo\/\">Raggruppare le date in una tabella pivot<\/a><\/li><\/ul><\/div><\/div>","protected":false},"excerpt":{"rendered":"","protected":false},"author":1,"featured_media":0,"parent":0,"menu_order":0,"comment_status":"open","ping_status":"closed","template":"","meta":{"ub_ctt_via":"","footnotes":""},"class_list":["post-2086","page","type-page","status-publish","hentry"],"featured_image_src":null,"yoast_head":"<!-- This site is optimized with the Yoast SEO plugin v25.4 - https:\/\/yoast.com\/wordpress\/plugins\/seo\/ -->\n<title>Come utilizzare elementi e campi calcolati in Excel?<\/title>\n<meta name=\"description\" content=\"Il calcolo nella tabella pivot pu\u00f2 essere eseguito calcolando i campi e gli elementi calcolati.\" \/>\n<meta name=\"robots\" content=\"index, follow, max-snippet:-1, max-image-preview:large, max-video-preview:-1\" \/>\n<link rel=\"canonical\" href=\"https:\/\/exceladvisor.org\/it\/calcolo-nella-tabella-pivot\/\" \/>\n<meta property=\"og:locale\" content=\"it_IT\" \/>\n<meta property=\"og:type\" content=\"article\" \/>\n<meta property=\"og:title\" content=\"Come utilizzare elementi e campi calcolati in Excel?\" \/>\n<meta property=\"og:description\" content=\"Il calcolo nella tabella pivot pu\u00f2 essere eseguito calcolando i campi e gli elementi calcolati.\" \/>\n<meta property=\"og:url\" content=\"https:\/\/exceladvisor.org\/it\/calcolo-nella-tabella-pivot\/\" \/>\n<meta property=\"og:site_name\" content=\"Excel Advisor\" \/>\n<meta property=\"article:modified_time\" content=\"2023-12-10T06:26:19+00:00\" \/>\n<meta property=\"og:image\" content=\"https:\/\/exceladvisor.org\/wp-content\/uploads\/2023\/08\/inserer-le-calcul-dans-le-tableau-croise-dynamique-10.png\" \/>\n<meta name=\"twitter:card\" content=\"summary_large_image\" \/>\n<meta name=\"twitter:label1\" content=\"Tempo di lettura stimato\" \/>\n\t<meta name=\"twitter:data1\" content=\"3 minuti\" \/>\n<script type=\"application\/ld+json\" class=\"yoast-schema-graph\">{\"@context\":\"https:\/\/schema.org\",\"@graph\":[{\"@type\":\"WebPage\",\"@id\":\"https:\/\/exceladvisor.org\/it\/calcolo-nella-tabella-pivot\/\",\"url\":\"https:\/\/exceladvisor.org\/it\/calcolo-nella-tabella-pivot\/\",\"name\":\"Come utilizzare elementi e campi calcolati in Excel?\",\"isPartOf\":{\"@id\":\"https:\/\/exceladvisor.org\/it\/#website\"},\"primaryImageOfPage\":{\"@id\":\"https:\/\/exceladvisor.org\/it\/calcolo-nella-tabella-pivot\/#primaryimage\"},\"image\":{\"@id\":\"https:\/\/exceladvisor.org\/it\/calcolo-nella-tabella-pivot\/#primaryimage\"},\"thumbnailUrl\":\"https:\/\/exceladvisor.org\/wp-content\/uploads\/2023\/08\/inserer-le-calcul-dans-le-tableau-croise-dynamique-10.png\",\"datePublished\":\"2023-10-19T04:10:16+00:00\",\"dateModified\":\"2023-12-10T06:26:19+00:00\",\"description\":\"Il calcolo nella tabella pivot pu\u00f2 essere eseguito calcolando i campi e gli elementi calcolati.\",\"breadcrumb\":{\"@id\":\"https:\/\/exceladvisor.org\/it\/calcolo-nella-tabella-pivot\/#breadcrumb\"},\"inLanguage\":\"it-IT\",\"potentialAction\":[{\"@type\":\"ReadAction\",\"target\":[\"https:\/\/exceladvisor.org\/it\/calcolo-nella-tabella-pivot\/\"]}]},{\"@type\":\"ImageObject\",\"inLanguage\":\"it-IT\",\"@id\":\"https:\/\/exceladvisor.org\/it\/calcolo-nella-tabella-pivot\/#primaryimage\",\"url\":\"https:\/\/exceladvisor.org\/wp-content\/uploads\/2023\/08\/inserer-le-calcul-dans-le-tableau-croise-dynamique-10.png\",\"contentUrl\":\"https:\/\/exceladvisor.org\/wp-content\/uploads\/2023\/08\/inserer-le-calcul-dans-le-tableau-croise-dynamique-10.png\"},{\"@type\":\"BreadcrumbList\",\"@id\":\"https:\/\/exceladvisor.org\/it\/calcolo-nella-tabella-pivot\/#breadcrumb\",\"itemListElement\":[{\"@type\":\"ListItem\",\"position\":1,\"name\":\"Home\",\"item\":\"https:\/\/exceladvisor.org\/it\/\"},{\"@type\":\"ListItem\",\"position\":2,\"name\":\"Come utilizzare elementi e campi calcolati in excel?\"}]},{\"@type\":\"WebSite\",\"@id\":\"https:\/\/exceladvisor.org\/it\/#website\",\"url\":\"https:\/\/exceladvisor.org\/it\/\",\"name\":\"Excel Advisor\",\"description\":\"Tips, Tricks, and Time-Saving Hacks\",\"publisher\":{\"@id\":\"https:\/\/exceladvisor.org\/it\/#organization\"},\"potentialAction\":[{\"@type\":\"SearchAction\",\"target\":{\"@type\":\"EntryPoint\",\"urlTemplate\":\"https:\/\/exceladvisor.org\/it\/?s={search_term_string}\"},\"query-input\":{\"@type\":\"PropertyValueSpecification\",\"valueRequired\":true,\"valueName\":\"search_term_string\"}}],\"inLanguage\":\"it-IT\"},{\"@type\":\"Organization\",\"@id\":\"https:\/\/exceladvisor.org\/it\/#organization\",\"name\":\"Excel Advisor\",\"url\":\"https:\/\/exceladvisor.org\/it\/\",\"logo\":{\"@type\":\"ImageObject\",\"inLanguage\":\"it-IT\",\"@id\":\"https:\/\/exceladvisor.org\/it\/#\/schema\/logo\/image\/\",\"url\":\"https:\/\/exceladvisor.org\/it\/wp-content\/uploads\/2023\/12\/exceladvisor.org_.png\",\"contentUrl\":\"https:\/\/exceladvisor.org\/it\/wp-content\/uploads\/2023\/12\/exceladvisor.org_.png\",\"width\":105,\"height\":36,\"caption\":\"Excel Advisor\"},\"image\":{\"@id\":\"https:\/\/exceladvisor.org\/it\/#\/schema\/logo\/image\/\"}}]}<\/script>\n<!-- \/ Yoast SEO plugin. -->","yoast_head_json":{"title":"Come utilizzare elementi e campi calcolati in Excel?","description":"Il calcolo nella tabella pivot pu\u00f2 essere eseguito calcolando i campi e gli elementi calcolati.","robots":{"index":"index","follow":"follow","max-snippet":"max-snippet:-1","max-image-preview":"max-image-preview:large","max-video-preview":"max-video-preview:-1"},"canonical":"https:\/\/exceladvisor.org\/it\/calcolo-nella-tabella-pivot\/","og_locale":"it_IT","og_type":"article","og_title":"Come utilizzare elementi e campi calcolati in Excel?","og_description":"Il calcolo nella tabella pivot pu\u00f2 essere eseguito calcolando i campi e gli elementi calcolati.","og_url":"https:\/\/exceladvisor.org\/it\/calcolo-nella-tabella-pivot\/","og_site_name":"Excel Advisor","article_modified_time":"2023-12-10T06:26:19+00:00","og_image":[{"url":"https:\/\/exceladvisor.org\/wp-content\/uploads\/2023\/08\/inserer-le-calcul-dans-le-tableau-croise-dynamique-10.png","type":"","width":"","height":""}],"twitter_card":"summary_large_image","twitter_misc":{"Tempo di lettura stimato":"3 minuti"},"schema":{"@context":"https:\/\/schema.org","@graph":[{"@type":"WebPage","@id":"https:\/\/exceladvisor.org\/it\/calcolo-nella-tabella-pivot\/","url":"https:\/\/exceladvisor.org\/it\/calcolo-nella-tabella-pivot\/","name":"Come utilizzare elementi e campi calcolati in Excel?","isPartOf":{"@id":"https:\/\/exceladvisor.org\/it\/#website"},"primaryImageOfPage":{"@id":"https:\/\/exceladvisor.org\/it\/calcolo-nella-tabella-pivot\/#primaryimage"},"image":{"@id":"https:\/\/exceladvisor.org\/it\/calcolo-nella-tabella-pivot\/#primaryimage"},"thumbnailUrl":"https:\/\/exceladvisor.org\/wp-content\/uploads\/2023\/08\/inserer-le-calcul-dans-le-tableau-croise-dynamique-10.png","datePublished":"2023-10-19T04:10:16+00:00","dateModified":"2023-12-10T06:26:19+00:00","description":"Il calcolo nella tabella pivot pu\u00f2 essere eseguito calcolando i campi e gli elementi calcolati.","breadcrumb":{"@id":"https:\/\/exceladvisor.org\/it\/calcolo-nella-tabella-pivot\/#breadcrumb"},"inLanguage":"it-IT","potentialAction":[{"@type":"ReadAction","target":["https:\/\/exceladvisor.org\/it\/calcolo-nella-tabella-pivot\/"]}]},{"@type":"ImageObject","inLanguage":"it-IT","@id":"https:\/\/exceladvisor.org\/it\/calcolo-nella-tabella-pivot\/#primaryimage","url":"https:\/\/exceladvisor.org\/wp-content\/uploads\/2023\/08\/inserer-le-calcul-dans-le-tableau-croise-dynamique-10.png","contentUrl":"https:\/\/exceladvisor.org\/wp-content\/uploads\/2023\/08\/inserer-le-calcul-dans-le-tableau-croise-dynamique-10.png"},{"@type":"BreadcrumbList","@id":"https:\/\/exceladvisor.org\/it\/calcolo-nella-tabella-pivot\/#breadcrumb","itemListElement":[{"@type":"ListItem","position":1,"name":"Home","item":"https:\/\/exceladvisor.org\/it\/"},{"@type":"ListItem","position":2,"name":"Come utilizzare elementi e campi calcolati in excel?"}]},{"@type":"WebSite","@id":"https:\/\/exceladvisor.org\/it\/#website","url":"https:\/\/exceladvisor.org\/it\/","name":"Excel Advisor","description":"Tips, Tricks, and Time-Saving Hacks","publisher":{"@id":"https:\/\/exceladvisor.org\/it\/#organization"},"potentialAction":[{"@type":"SearchAction","target":{"@type":"EntryPoint","urlTemplate":"https:\/\/exceladvisor.org\/it\/?s={search_term_string}"},"query-input":{"@type":"PropertyValueSpecification","valueRequired":true,"valueName":"search_term_string"}}],"inLanguage":"it-IT"},{"@type":"Organization","@id":"https:\/\/exceladvisor.org\/it\/#organization","name":"Excel Advisor","url":"https:\/\/exceladvisor.org\/it\/","logo":{"@type":"ImageObject","inLanguage":"it-IT","@id":"https:\/\/exceladvisor.org\/it\/#\/schema\/logo\/image\/","url":"https:\/\/exceladvisor.org\/it\/wp-content\/uploads\/2023\/12\/exceladvisor.org_.png","contentUrl":"https:\/\/exceladvisor.org\/it\/wp-content\/uploads\/2023\/12\/exceladvisor.org_.png","width":105,"height":36,"caption":"Excel Advisor"},"image":{"@id":"https:\/\/exceladvisor.org\/it\/#\/schema\/logo\/image\/"}}]}},"yoast_meta":{"yoast_wpseo_title":"","yoast_wpseo_metadesc":"","yoast_wpseo_canonical":""},"_links":{"self":[{"href":"https:\/\/exceladvisor.org\/it\/wp-json\/wp\/v2\/pages\/2086","targetHints":{"allow":["GET"]}}],"collection":[{"href":"https:\/\/exceladvisor.org\/it\/wp-json\/wp\/v2\/pages"}],"about":[{"href":"https:\/\/exceladvisor.org\/it\/wp-json\/wp\/v2\/types\/page"}],"author":[{"embeddable":true,"href":"https:\/\/exceladvisor.org\/it\/wp-json\/wp\/v2\/users\/1"}],"replies":[{"embeddable":true,"href":"https:\/\/exceladvisor.org\/it\/wp-json\/wp\/v2\/comments?post=2086"}],"version-history":[{"count":1,"href":"https:\/\/exceladvisor.org\/it\/wp-json\/wp\/v2\/pages\/2086\/revisions"}],"predecessor-version":[{"id":2779,"href":"https:\/\/exceladvisor.org\/it\/wp-json\/wp\/v2\/pages\/2086\/revisions\/2779"}],"wp:attachment":[{"href":"https:\/\/exceladvisor.org\/it\/wp-json\/wp\/v2\/media?parent=2086"}],"curies":[{"name":"wp","href":"https:\/\/api.w.org\/{rel}","templated":true}]}}