{"id":2087,"date":"2023-10-18T23:45:41","date_gmt":"2023-10-18T23:45:41","guid":{"rendered":"https:\/\/exceladvisor.org\/it\/cambiare-il-numero-negativo-in-positivo\/"},"modified":"2023-12-10T06:22:29","modified_gmt":"2023-12-10T06:22:29","slug":"cambiare-il-numero-negativo-in-positivo","status":"publish","type":"page","link":"https:\/\/exceladvisor.org\/it\/cambiare-il-numero-negativo-in-positivo\/","title":{"rendered":"Come convertire un numero negativo in positivo in excel?"},"content":{"rendered":"<div class=\"excel-prima-del-contenuto\" id=\"excel-2151759832\"><script type=\"text\/javascript\">\r\n\tatOptions = {\r\n\t\t'key' : 'c1158f160081d6540a8409e6925dab94',\r\n\t\t'format' : 'iframe',\r\n\t\t'height' : 250,\r\n\t\t'width' : 300,\r\n\t\t'params' : {}\r\n\t};\r\n<\/script>\r\n<script type=\"text\/javascript\" src=\"\/\/www.highperformanceformat.com\/c1158f160081d6540a8409e6925dab94\/invoke.js\"><\/script><\/div> <p>E rimarrai stupito di sapere che ho sette metodi diversi che puoi usare per gestire i numeri negativi. <span style=\"font-family: inherit;\">La settimana scorsa ho ricevuto un&#8217;e-mail da uno dei miei iscritti con una domanda.<\/span><\/p><p> <span style=\"font-family: inherit;\"><strong>Ehi, quanti metodi abbiamo per convertire un numero negativo in un numero positivo?<\/strong><\/span><\/p><p> Sai, quello che ha chiesto \u00e8 un compito comune. Sono sicuro che questo ti accade spesso, quando ottieni valori numerici negativi e successivamente li converti in valori positivi.<\/p><p> Non c&#8217;\u00e8 #scienzarazziale in questo. Ma hai gi\u00e0 verificato come i miei diversi metodi ti consentono di farlo? Bene, sono sempre curioso di conoscere i diversi metodi per completare un&#8217;attivit\u00e0 in Excel.<\/p><p> Quindi questa volta ho preso un foglio e ho elencato tutti i metodi che posso utilizzare per convertire un numero negativo in positivo. Quindi oggi in questo articolo vorrei condividere con voi tutti questi metodi.<\/p><p> Iniziamo.<\/p><h2 id=\"tab-con-4\" class=\"wp-block-heading\"> 1. Moltiplicare per uno negativo per convertire un numero positivo<\/h2><p> A differenza di me, se sei bravo in matematica, sicuramente saprai che quando moltiplichi due segni meno insieme, il risultato \u00e8 sempre positivo. Quindi puoi utilizzare lo stesso metodo in Excel per convertire un numero negativo in positivo.<\/p><p> Tutto quello che devi fare \u00e8 semplicemente moltiplicare un valore negativo per -1 e restituir\u00e0 il numero positivo anzich\u00e9 quello negativo.<\/p><pre class=\"wp-block-code\"> <code class=\"language-excel-formula\" lang=\"excel-formula\">=negative_value*-1<\/code><\/pre><p> Sotto hai un intervallo di celle con numeri negativi. Quindi per convertirli in positivo, inserisci semplicemente la formula nella cella B2 e trascinala sull&#8217;ultima cella. <\/p><div class=\"wp-block-image\"><figure class=\"aligncenter\"><img decoding=\"async\" src=\"https:\/\/exceladvisor.org\/wp-content\/uploads\/2023\/08\/nombre-negatif-en-positif-avec-simple-multiplication-avec-moins-un-1.gif\" sizes=\"\" srcset=\"\" alt=\"numero negativo in positivo con la semplice moltiplicazione con noi per uno\"><\/figure><\/div><p class=\"mynote\"> Se hai numeri misti (positivi e negativi), puoi invece utilizzare il metodo seguente.<\/p><pre class=\"wp-block-code\"> <code class=\"language-excel-formula\" lang=\"excel-formula\"><kbd>=IF(A1&lt;0,A1*-1,A1)<\/kbd><\/code><\/pre><h2 id=\"tab-con-5\" class=\"wp-block-heading\"> 2. Converti in numero assoluto con la funzione ABS<\/h2><p> Trasformare un numero negativo in positivo \u00e8 abbastanza semplice con ABS. Questa funzione \u00e8 specifica per questo compito.<\/p><p class=\"qt-tip\"> <strong>Introduzione rapida:<\/strong> pu\u00f2 convertire qualsiasi numero in un numero assoluto. In termini semplici, restituir\u00e0 un numero dopo aver rimosso il segno.<\/p><pre class=\"wp-block-code\"> <code class=\"language-Visual Basic\" lang=\"Visual Basic\">=ABS(number)<\/code><\/pre><p> Devi solo fare riferimento a un numero negativo nella funzione e lo trasformer\u00e0 in un valore positivo.<\/p><ol><li> Nell&#8217;esempio seguente sono presenti valori negativi nell&#8217;intervallo A2:A11.<\/li><li> Inserisci <code><strong>=ABS(A2)<\/strong><\/code> in B2 e trascinalo sull&#8217;ultima cella. <\/li><\/ol><div class=\"wp-block-image\"><figure class=\"aligncenter\"><img decoding=\"async\" src=\"https:\/\/exceladvisor.org\/wp-content\/uploads\/2023\/08\/nombre-negatif-en-positif-avec-fonction-abs-1.gif\" sizes=\"\" srcset=\"\" alt=\"\"><\/figure><\/div><p> Questa funzione funziona anche quando hai numeri misti (positivi e negativi).<\/p><h2 id=\"tab-con-6\" class=\"wp-block-heading\"> 3. <a href=\"https:\/\/exceladvisor.org\/it\/incolla-la-moltiplicazione-speciale\/\">Multipli utilizzando incollaggi speciali<\/a><\/h2><p> Pensiamo a una situazione diversa in cui invece di ottenere numeri positivi in una colonna diversa, ne hai bisogno nella stessa colonna.<\/p><p> E per questo puoi usare l&#8217;opzione incolla speciale. Ti stai chiedendo come? Lascia che ti dica. Nell&#8217;opzione speciale Incolla sono presenti opzioni di &#8220;operazione&#8221; che \u00e8 possibile utilizzare per eseguire calcoli semplici. Puoi utilizzare queste stesse opzioni per rendere positivi i numeri negativi senza utilizzare una formula o aggiungere una colonna aggiuntiva. Basta seguire questi passaggi. <\/p><div class=\"wp-block-image\"><figure class=\"aligncenter\"><img decoding=\"async\" src=\"https:\/\/exceladvisor.org\/wp-content\/uploads\/2023\/08\/nombre-negatif-en-positif-avec-pate-speciale-1.gif\" sizes=\"\" srcset=\"\" alt=\"numero negativo in positivo con pasta speciale\"><\/figure><\/div><ol><li> Innanzitutto, in qualsiasi cella del foglio di calcolo, inserisci -1.<\/li><li> Dopodich\u00e9, copialo.<\/li><li> Ora seleziona l&#8217;intervallo di celle in cui sono presenti numeri negativi.<\/li><li> Fare clic con il tasto destro \u21e2 Incolla speciale \u21e2 Operazioni \u21e2 Moltiplica.<\/li><li> Alla fine, fare clic su OK.<\/li><\/ol><p> Tutti i numeri negativi vengono convertiti in numeri positivi.<\/p><p> L&#8217;unica cosa di cui devi occuparti \u00e8 che non \u00e8 un metodo dinamico. Quindi, devi farlo ancora e ancora se aggiorni frequentemente i tuoi dati. Ma questo metodo \u00e8 rapido e facile da usare e non \u00e8 necessaria una formula.<\/p><h2 id=\"tab-con-7\" class=\"wp-block-heading\"> 4. Rimuovi il segno negativo con Flash Fill<\/h2><p> Sono sicuro che hai usato il Flash Fill una volta nella vita e, in caso contrario, devi usarlo, \u00e8 un punto di svolta. Questo \u00e8 un metodo pazzesco per trasformare i numeri negativi in numeri positivi, ecco i passaggi. <\/p><div class=\"wp-block-image\"><figure class=\"aligncenter\"><img decoding=\"async\" src=\"https:\/\/exceladvisor.org\/wp-content\/uploads\/2023\/08\/nombre-negatif-en-positif-avec-remplissage-flash-1.gif\" sizes=\"\" srcset=\"\" alt=\"numero negativo in positivo con riempimento flash\"><\/figure><\/div><ol><li> Innanzitutto, nella cella B2, inserisci il numero positivo per il numero negativo che hai nella cella A2.<\/li><li> Successivamente, vieni alla cella B3 e premi il tasto di scelta rapida Ctrl + E.<\/li><li> A questo punto, nella colonna B, hai tutti i numeri in forma positiva.<\/li><li> Ora fai clic sulla piccola icona che hai sul lato destro della colonna B e seleziona &#8220;Accetta suggerimenti&#8221;.<\/li><\/ol><p> Congratulazioni, hai convertito tutti i numeri negativi in numeri positivi con riempimento flash.<\/p><p><mark class=\"has-inline-color\" style=\"background-color: #f5e053;\"> <em><strong>Anche questo metodo non \u00e8 dinamico, ma veloce e facile da usare.<\/strong><\/em><\/mark><\/p><h2 id=\"tab-con-8\" class=\"wp-block-heading\"> 5. Applicare la formattazione personalizzata per visualizzare come numeri positivi<\/h2><p> \u00c8 anche possibile che invece di convertire un numero negativo, tu voglia semplicemente visualizzarlo come numero positivo. E in questa situazione puoi utilizzare la formattazione personalizzata. Ecco i passaggi da seguire.<\/p><ol><li> Innanzitutto, seleziona l&#8217;intervallo di celle che devi convertire in numeri positivi.<\/li><li> Successivamente, premi il tasto di scelta rapida Ctrl + 1. Questo aprir\u00e0 le opzioni di formattazione personalizzata.<\/li><li> Ora vai su \u201cPersonalizzato\u201d e nella barra di inserimento testo inserisci \u201c#,###;#,###\u201d.<\/li><li> Alla fine, fare clic su OK. <\/li><\/ol><div class=\"wp-block-image\"><figure class=\"aligncenter\"><img decoding=\"async\" src=\"https:\/\/exceladvisor.org\/wp-content\/uploads\/2023\/08\/ajouter-un-format-personnalise-dans-la-barre-de-saisie-pour-convertir-un-nombre-negatif-en-min-positif-1.png\" sizes=\"\" srcset=\"\" alt=\"aggiungi un formato personalizzato nella barra di input per convertire il numero negativo in positivo\"><\/figure><\/div><p> Questo mostrer\u00e0 tutti i numeri negativi come positivi. Ma in realt\u00e0 sono ancora numeri negativi, \u00e8 cambiata solo la formattazione. <\/p><div class=\"wp-block-image\"><figure class=\"aligncenter\"><img decoding=\"async\" src=\"https:\/\/exceladvisor.org\/wp-content\/uploads\/2023\/08\/nombre-negatif-en-positif-toujours-negatif-dans-la-barre-de-formule-min-1.png\" sizes=\"\" srcset=\"\" alt=\"numero negativo in positivo sempre negativo nella barra della formula\"><\/figure><\/div><p> Se selezioni una cella e guardi la barra della formula, puoi verificare che si tratta ancora di un numero negativo. Quindi, quando lo usi in un calcolo successivo, agir\u00e0 come un numero negativo.<\/p><h2 id=\"tab-con-1\" class=\"wp-block-heading\"> 6. Esegui il codice VBA per convertirlo in numeri positivi<\/h2><p> Se sei un amante del VBA, puoi utilizzare un semplice codice per invertire istantaneamente il segno dei numeri negativi.<\/p><pre class=\"wp-block-code\"> <code class=\"language-visual-basic line-numbers\" lang=\"visual-basic\">Sub numberP2N() Dim myCell As Range For Each myCell In Selection If myCell.Value &lt;&gt; \"\" Then If IsNumeric(myCell.Value) Then myCell.Value = Abs(myCell.Value) End If End If Next myCell End Sub<\/code><\/pre><p> Per utilizzare questo codice, seleziona semplicemente l&#8217;intervallo di numeri negativi ed esegui questa macro.<\/p><p> Innanzitutto, controller\u00e0 ciascuna cella di selezione se contiene o meno un valore numerico e quindi la convertir\u00e0 in un valore positivo.<\/p><p> Una volta <a href=\"https:\/\/exceladvisor.org\/it\/eseguire-una-macro-2\/\">eseguito questo codice<\/a> , non puoi annullare l&#8217;azione.<\/p><p> <em>Correlato: <a href=\"https:\/\/exceladvisor.org\/it\/vba\/\">Tutorial VBA<\/a><\/em><\/p><h2 id=\"tab-con-2\" class=\"wp-block-heading\"> 7. Utilizzare Power Query per convertire Ottieni numeri positivi<\/h2><p> S\u00ec, puoi utilizzare una query avanzata per convertire un numero negativo in un numero positivo e la parte migliore \u00e8 che si tratta di un&#8217;impostazione una tantum. Basta seguire questi semplici passaggi.<\/p><ul><li> Innanzitutto, seleziona una delle celle nell&#8217;intervallo di dati in cui sono presenti numeri negativi. <\/li><\/ul><div class=\"wp-block-image\"><figure class=\"aligncenter\"><img decoding=\"async\" src=\"https:\/\/exceladvisor.org\/wp-content\/uploads\/2023\/08\/convertir-un-nombre-negatif-en-positif-a-laide-de-la-requete-de-puissance-selectionner-la-cellule-min-1.png\" sizes=\"\" srcset=\"\" alt=\"convertire il numero negativo in positivo utilizzando la cella di selezione della query di potenza\"><\/figure><\/div><ul><li> Successivamente, vai alla scheda Dati \u279c Dalla tabella. <\/li><\/ul><div class=\"wp-block-image\"><figure class=\"aligncenter\"><img decoding=\"async\" src=\"https:\/\/exceladvisor.org\/wp-content\/uploads\/2023\/08\/convertir-un-nombre-negatif-en-positif-a-laide-dune-requete-de-puissance-cliquez-sur-a-partir-du-tableau-min-1.png\" sizes=\"\" srcset=\"\" alt=\"converti il numero negativo in positivo utilizzando la query di potenza, fai clic sulla tabella\"><\/figure><\/div><ul><li> Convertir\u00e0 l&#8217;intervallo in una tabella e lo caricher\u00e0 nel potente editor di query. <\/li><\/ul><div class=\"wp-block-image\"><figure class=\"aligncenter\"><img decoding=\"async\" src=\"https:\/\/exceladvisor.org\/wp-content\/uploads\/2023\/08\/convertir-un-nombre-negatif-en-positif-en-utilisant-les-donnees-de-requete-de-puissance-dans-lediteur-min-1.png\" sizes=\"\" srcset=\"\" alt=\"converti il numero negativo in positivo utilizzando i dati della query di potenza nell'editor\"><\/figure><\/div><ul><li> Ora fai clic con il pulsante destro del mouse sulla colonna e vai su Trasforma \u279c Valore assoluto. <\/li><\/ul><div class=\"wp-block-image\"><figure class=\"aligncenter\"><img decoding=\"async\" src=\"https:\/\/exceladvisor.org\/wp-content\/uploads\/2023\/08\/convertir-un-nombre-negatif-en-positif-en-utilisant-une-requete-de-puissance-cliquez-sur-la-valeur-absolue-min-1.png\" sizes=\"\" srcset=\"\" alt=\"convertire il numero negativo in positivo utilizzando la query di potenza fare clic sul valore assoluto\"><\/figure><\/div><ul><li> Alla fine, nell&#8217;editor di Power Query, vai alla scheda Home \u279c Chiudi \u279c Chiudi e carica. <\/li><\/ul><div class=\"wp-block-image\"><figure class=\"aligncenter\"><img decoding=\"async\" src=\"https:\/\/exceladvisor.org\/wp-content\/uploads\/2023\/08\/convertir-un-nombre-negatif-en-positif-en-utilisant-une-requete-de-puissance-cliquez-sur-charger-min-1.png\" sizes=\"\" srcset=\"\" alt=\"convertire il numero negativo in positivo utilizzando la query di potenza facendo clic su Carica\"><\/figure><\/div><p> <em>Correlato: <a style=\"outline: none;\" href=\"https:\/\/exceladvisor.org\/it\/richiesta-di-potenza\/\">esercitazione su Power Query<\/a><\/em><\/p><h2 id=\"t-1597320234891\" class=\"wp-block-heading\"> Conclusione<\/h2><p> Come ho detto, per trasformare un numero negativo in un numero positivo non \u00e8 necessario usare la scienza missilistica. Anche un solo metodo pu\u00f2 bastare, ma ho elencato tutti questi metodi per aiutarti ad affrontare diverse situazioni.<\/p><p> Sono sicuro che hai trovato utili tutti questi metodi, ma ora devi dirmi una cosa.<\/p><p> Conosci un altro metodo per questo? Per favore condividi le tue opinioni con me nella sezione commenti. Mi piacerebbe sentire la tua opinione e non dimenticare di condividerlo con i tuoi amici, sono sicuro che lo apprezzeranno.<\/p><div class=\"gb-container gb-container-4db6181c gb-container-mt\"> <a class=\"gb-button gb-button-c5897111 gb-button-text gb-button-mt-button\" href=\"https:\/\/exceladvisor.org\/it\/nozioni-di-base-su-excel\/\">Nozioni di base su Microsoft Excel (componenti, parti e note informative)<\/a><h2 class=\"gb-headline gb-headline-665e5f6b gb-headline-text gb-headline-mt-heading\"> Tutorial correlati <\/h2><div class=\"gb-grid-wrapper gb-grid-wrapper-a20baf7c gb-grid-wrapper-mt-grid\"><div class=\"gb-grid-column gb-grid-column-65ddf67e\"><div class=\"gb-container gb-container-65ddf67e\"><ul><li> <a href=\"https:\/\/exceladvisor.org\/it\/timestamp\/\">Inserisci un timestamp in Excel<\/a><\/li><li> <a href=\"https:\/\/exceladvisor.org\/it\/pulci\/\">Inserisci punti elenco in Excel<\/a><\/li><li> <a href=\"https:\/\/exceladvisor.org\/it\/inserire-una-freccia\/\">Inserisci una freccia in una cella in Excel<\/a><\/li><li> Aggiungi automaticamente i numeri di serie in Excel<\/li><\/ul><\/div><\/div><\/div><\/div>","protected":false},"excerpt":{"rendered":"","protected":false},"author":1,"featured_media":0,"parent":0,"menu_order":0,"comment_status":"open","ping_status":"closed","template":"","meta":{"ub_ctt_via":"","footnotes":""},"class_list":["post-2087","page","type-page","status-publish","hentry"],"featured_image_src":null,"yoast_head":"<!-- This site is optimized with the Yoast SEO plugin v25.4 - https:\/\/yoast.com\/wordpress\/plugins\/seo\/ -->\n<title>Come convertire un numero negativo in positivo in Excel?<\/title>\n<meta name=\"description\" content=\"Ho elencato 7 metodi diversi per modificare un numero negativo in positivo in Excel.\" \/>\n<meta name=\"robots\" content=\"index, follow, max-snippet:-1, max-image-preview:large, max-video-preview:-1\" \/>\n<link rel=\"canonical\" href=\"https:\/\/exceladvisor.org\/it\/cambiare-il-numero-negativo-in-positivo\/\" \/>\n<meta property=\"og:locale\" content=\"it_IT\" \/>\n<meta property=\"og:type\" content=\"article\" \/>\n<meta property=\"og:title\" content=\"Come convertire un numero negativo in positivo in Excel?\" \/>\n<meta property=\"og:description\" content=\"Ho elencato 7 metodi diversi per modificare un numero negativo in positivo in Excel.\" \/>\n<meta property=\"og:url\" content=\"https:\/\/exceladvisor.org\/it\/cambiare-il-numero-negativo-in-positivo\/\" \/>\n<meta property=\"og:site_name\" content=\"Excel Advisor\" \/>\n<meta property=\"article:modified_time\" content=\"2023-12-10T06:22:29+00:00\" \/>\n<meta property=\"og:image\" content=\"https:\/\/exceladvisor.org\/wp-content\/uploads\/2023\/08\/nombre-negatif-en-positif-avec-simple-multiplication-avec-moins-un-1.gif\" \/>\n<meta name=\"twitter:card\" content=\"summary_large_image\" \/>\n<meta name=\"twitter:label1\" content=\"Tempo di lettura stimato\" \/>\n\t<meta name=\"twitter:data1\" content=\"6 minuti\" \/>\n<script type=\"application\/ld+json\" class=\"yoast-schema-graph\">{\"@context\":\"https:\/\/schema.org\",\"@graph\":[{\"@type\":\"WebPage\",\"@id\":\"https:\/\/exceladvisor.org\/it\/cambiare-il-numero-negativo-in-positivo\/\",\"url\":\"https:\/\/exceladvisor.org\/it\/cambiare-il-numero-negativo-in-positivo\/\",\"name\":\"Come convertire un numero negativo in positivo in Excel?\",\"isPartOf\":{\"@id\":\"https:\/\/exceladvisor.org\/it\/#website\"},\"primaryImageOfPage\":{\"@id\":\"https:\/\/exceladvisor.org\/it\/cambiare-il-numero-negativo-in-positivo\/#primaryimage\"},\"image\":{\"@id\":\"https:\/\/exceladvisor.org\/it\/cambiare-il-numero-negativo-in-positivo\/#primaryimage\"},\"thumbnailUrl\":\"https:\/\/exceladvisor.org\/wp-content\/uploads\/2023\/08\/nombre-negatif-en-positif-avec-simple-multiplication-avec-moins-un-1.gif\",\"datePublished\":\"2023-10-18T23:45:41+00:00\",\"dateModified\":\"2023-12-10T06:22:29+00:00\",\"description\":\"Ho elencato 7 metodi diversi per modificare un numero negativo in positivo in Excel.\",\"breadcrumb\":{\"@id\":\"https:\/\/exceladvisor.org\/it\/cambiare-il-numero-negativo-in-positivo\/#breadcrumb\"},\"inLanguage\":\"it-IT\",\"potentialAction\":[{\"@type\":\"ReadAction\",\"target\":[\"https:\/\/exceladvisor.org\/it\/cambiare-il-numero-negativo-in-positivo\/\"]}]},{\"@type\":\"ImageObject\",\"inLanguage\":\"it-IT\",\"@id\":\"https:\/\/exceladvisor.org\/it\/cambiare-il-numero-negativo-in-positivo\/#primaryimage\",\"url\":\"https:\/\/exceladvisor.org\/wp-content\/uploads\/2023\/08\/nombre-negatif-en-positif-avec-simple-multiplication-avec-moins-un-1.gif\",\"contentUrl\":\"https:\/\/exceladvisor.org\/wp-content\/uploads\/2023\/08\/nombre-negatif-en-positif-avec-simple-multiplication-avec-moins-un-1.gif\"},{\"@type\":\"BreadcrumbList\",\"@id\":\"https:\/\/exceladvisor.org\/it\/cambiare-il-numero-negativo-in-positivo\/#breadcrumb\",\"itemListElement\":[{\"@type\":\"ListItem\",\"position\":1,\"name\":\"Home\",\"item\":\"https:\/\/exceladvisor.org\/it\/\"},{\"@type\":\"ListItem\",\"position\":2,\"name\":\"Come convertire un numero negativo in positivo in excel?\"}]},{\"@type\":\"WebSite\",\"@id\":\"https:\/\/exceladvisor.org\/it\/#website\",\"url\":\"https:\/\/exceladvisor.org\/it\/\",\"name\":\"Excel Advisor\",\"description\":\"Tips, Tricks, and Time-Saving Hacks\",\"publisher\":{\"@id\":\"https:\/\/exceladvisor.org\/it\/#organization\"},\"potentialAction\":[{\"@type\":\"SearchAction\",\"target\":{\"@type\":\"EntryPoint\",\"urlTemplate\":\"https:\/\/exceladvisor.org\/it\/?s={search_term_string}\"},\"query-input\":{\"@type\":\"PropertyValueSpecification\",\"valueRequired\":true,\"valueName\":\"search_term_string\"}}],\"inLanguage\":\"it-IT\"},{\"@type\":\"Organization\",\"@id\":\"https:\/\/exceladvisor.org\/it\/#organization\",\"name\":\"Excel Advisor\",\"url\":\"https:\/\/exceladvisor.org\/it\/\",\"logo\":{\"@type\":\"ImageObject\",\"inLanguage\":\"it-IT\",\"@id\":\"https:\/\/exceladvisor.org\/it\/#\/schema\/logo\/image\/\",\"url\":\"https:\/\/exceladvisor.org\/it\/wp-content\/uploads\/2023\/12\/exceladvisor.org_.png\",\"contentUrl\":\"https:\/\/exceladvisor.org\/it\/wp-content\/uploads\/2023\/12\/exceladvisor.org_.png\",\"width\":105,\"height\":36,\"caption\":\"Excel Advisor\"},\"image\":{\"@id\":\"https:\/\/exceladvisor.org\/it\/#\/schema\/logo\/image\/\"}}]}<\/script>\n<!-- \/ Yoast SEO plugin. -->","yoast_head_json":{"title":"Come convertire un numero negativo in positivo in Excel?","description":"Ho elencato 7 metodi diversi per modificare un numero negativo in positivo in Excel.","robots":{"index":"index","follow":"follow","max-snippet":"max-snippet:-1","max-image-preview":"max-image-preview:large","max-video-preview":"max-video-preview:-1"},"canonical":"https:\/\/exceladvisor.org\/it\/cambiare-il-numero-negativo-in-positivo\/","og_locale":"it_IT","og_type":"article","og_title":"Come convertire un numero negativo in positivo in Excel?","og_description":"Ho elencato 7 metodi diversi per modificare un numero negativo in positivo in Excel.","og_url":"https:\/\/exceladvisor.org\/it\/cambiare-il-numero-negativo-in-positivo\/","og_site_name":"Excel Advisor","article_modified_time":"2023-12-10T06:22:29+00:00","og_image":[{"url":"https:\/\/exceladvisor.org\/wp-content\/uploads\/2023\/08\/nombre-negatif-en-positif-avec-simple-multiplication-avec-moins-un-1.gif","type":"","width":"","height":""}],"twitter_card":"summary_large_image","twitter_misc":{"Tempo di lettura stimato":"6 minuti"},"schema":{"@context":"https:\/\/schema.org","@graph":[{"@type":"WebPage","@id":"https:\/\/exceladvisor.org\/it\/cambiare-il-numero-negativo-in-positivo\/","url":"https:\/\/exceladvisor.org\/it\/cambiare-il-numero-negativo-in-positivo\/","name":"Come convertire un numero negativo in positivo in Excel?","isPartOf":{"@id":"https:\/\/exceladvisor.org\/it\/#website"},"primaryImageOfPage":{"@id":"https:\/\/exceladvisor.org\/it\/cambiare-il-numero-negativo-in-positivo\/#primaryimage"},"image":{"@id":"https:\/\/exceladvisor.org\/it\/cambiare-il-numero-negativo-in-positivo\/#primaryimage"},"thumbnailUrl":"https:\/\/exceladvisor.org\/wp-content\/uploads\/2023\/08\/nombre-negatif-en-positif-avec-simple-multiplication-avec-moins-un-1.gif","datePublished":"2023-10-18T23:45:41+00:00","dateModified":"2023-12-10T06:22:29+00:00","description":"Ho elencato 7 metodi diversi per modificare un numero negativo in positivo in Excel.","breadcrumb":{"@id":"https:\/\/exceladvisor.org\/it\/cambiare-il-numero-negativo-in-positivo\/#breadcrumb"},"inLanguage":"it-IT","potentialAction":[{"@type":"ReadAction","target":["https:\/\/exceladvisor.org\/it\/cambiare-il-numero-negativo-in-positivo\/"]}]},{"@type":"ImageObject","inLanguage":"it-IT","@id":"https:\/\/exceladvisor.org\/it\/cambiare-il-numero-negativo-in-positivo\/#primaryimage","url":"https:\/\/exceladvisor.org\/wp-content\/uploads\/2023\/08\/nombre-negatif-en-positif-avec-simple-multiplication-avec-moins-un-1.gif","contentUrl":"https:\/\/exceladvisor.org\/wp-content\/uploads\/2023\/08\/nombre-negatif-en-positif-avec-simple-multiplication-avec-moins-un-1.gif"},{"@type":"BreadcrumbList","@id":"https:\/\/exceladvisor.org\/it\/cambiare-il-numero-negativo-in-positivo\/#breadcrumb","itemListElement":[{"@type":"ListItem","position":1,"name":"Home","item":"https:\/\/exceladvisor.org\/it\/"},{"@type":"ListItem","position":2,"name":"Come convertire un numero negativo in positivo in excel?"}]},{"@type":"WebSite","@id":"https:\/\/exceladvisor.org\/it\/#website","url":"https:\/\/exceladvisor.org\/it\/","name":"Excel Advisor","description":"Tips, Tricks, and Time-Saving Hacks","publisher":{"@id":"https:\/\/exceladvisor.org\/it\/#organization"},"potentialAction":[{"@type":"SearchAction","target":{"@type":"EntryPoint","urlTemplate":"https:\/\/exceladvisor.org\/it\/?s={search_term_string}"},"query-input":{"@type":"PropertyValueSpecification","valueRequired":true,"valueName":"search_term_string"}}],"inLanguage":"it-IT"},{"@type":"Organization","@id":"https:\/\/exceladvisor.org\/it\/#organization","name":"Excel Advisor","url":"https:\/\/exceladvisor.org\/it\/","logo":{"@type":"ImageObject","inLanguage":"it-IT","@id":"https:\/\/exceladvisor.org\/it\/#\/schema\/logo\/image\/","url":"https:\/\/exceladvisor.org\/it\/wp-content\/uploads\/2023\/12\/exceladvisor.org_.png","contentUrl":"https:\/\/exceladvisor.org\/it\/wp-content\/uploads\/2023\/12\/exceladvisor.org_.png","width":105,"height":36,"caption":"Excel Advisor"},"image":{"@id":"https:\/\/exceladvisor.org\/it\/#\/schema\/logo\/image\/"}}]}},"yoast_meta":{"yoast_wpseo_title":"","yoast_wpseo_metadesc":"","yoast_wpseo_canonical":""},"_links":{"self":[{"href":"https:\/\/exceladvisor.org\/it\/wp-json\/wp\/v2\/pages\/2087","targetHints":{"allow":["GET"]}}],"collection":[{"href":"https:\/\/exceladvisor.org\/it\/wp-json\/wp\/v2\/pages"}],"about":[{"href":"https:\/\/exceladvisor.org\/it\/wp-json\/wp\/v2\/types\/page"}],"author":[{"embeddable":true,"href":"https:\/\/exceladvisor.org\/it\/wp-json\/wp\/v2\/users\/1"}],"replies":[{"embeddable":true,"href":"https:\/\/exceladvisor.org\/it\/wp-json\/wp\/v2\/comments?post=2087"}],"version-history":[{"count":1,"href":"https:\/\/exceladvisor.org\/it\/wp-json\/wp\/v2\/pages\/2087\/revisions"}],"predecessor-version":[{"id":2422,"href":"https:\/\/exceladvisor.org\/it\/wp-json\/wp\/v2\/pages\/2087\/revisions\/2422"}],"wp:attachment":[{"href":"https:\/\/exceladvisor.org\/it\/wp-json\/wp\/v2\/media?parent=2087"}],"curies":[{"name":"wp","href":"https:\/\/api.w.org\/{rel}","templated":true}]}}