{"id":2090,"date":"2023-10-18T13:42:20","date_gmt":"2023-10-18T13:42:20","guid":{"rendered":"https:\/\/exceladvisor.org\/it\/riga-vs-colonna\/"},"modified":"2023-12-10T06:27:29","modified_gmt":"2023-12-10T06:27:29","slug":"riga-vs-colonna","status":"publish","type":"page","link":"https:\/\/exceladvisor.org\/it\/riga-vs-colonna\/","title":{"rendered":"Differenza tra riga e colonna in excel"},"content":{"rendered":"<div class=\"excel-prima-del-contenuto\" id=\"excel-1341589553\"><script type=\"text\/javascript\">\r\n\tatOptions = {\r\n\t\t'key' : 'c1158f160081d6540a8409e6925dab94',\r\n\t\t'format' : 'iframe',\r\n\t\t'height' : 250,\r\n\t\t'width' : 300,\r\n\t\t'params' : {}\r\n\t};\r\n<\/script>\r\n<script type=\"text\/javascript\" src=\"\/\/www.highperformanceformat.com\/c1158f160081d6540a8409e6925dab94\/invoke.js\"><\/script><\/div> <p>Se non conosci Excel, dovresti sapere qual \u00e8 la differenza tra una riga e una colonna. Queste due parole sono molto importanti da conoscere.<\/p><p> Allora faccio un esempio per spiegarmi.<\/p><p> Nell&#8217;esempio seguente \u00e8 possibile visualizzare un foglio di lavoro che \u00e8 un foglio di lavoro Excel e questo foglio Excel \u00e8 costituito da celle. <\/p><div class=\"wp-block-image\"><figure class=\"aligncenter size-full is-resized\"><img loading=\"lazy\" decoding=\"async\" class=\"wp-image-67153\" src=\"https:\/\/exceladvisor.org\/wp-content\/uploads\/2023\/08\/1-cellules-dans-une-feuille-Excel.png\" sizes=\"auto, \" srcset=\"\" alt=\"celle nel foglio Excel\" width=\"527\" height=\"266\"><\/figure><\/div><p> Ma qui devi conoscere una riga e una colonna, giusto? <\/p><div class=\"wp-block-image\"><figure class=\"aligncenter size-full is-resized\"><img loading=\"lazy\" decoding=\"async\" class=\"wp-image-67154\" src=\"https:\/\/exceladvisor.org\/wp-content\/uploads\/2023\/08\/2-lignes-et-colonnes.png\" sizes=\"auto, \" srcset=\"\" alt=\"riga e colonna\" width=\"488\" height=\"315\"><\/figure><\/div><h2 class=\"wp-block-heading\"> Differenza tra righe e colonne <\/h2><figure class=\"wp-block-table\"><table class=\"mtr-table mtr-tr-td\"><tbody><tr><td class=\"mtr-td-tag\" data-mtr-content=\"Row\"><div class=\"mtr-cell-content\"> <strong>linea<\/strong><\/div><\/td><td class=\"mtr-td-tag\" data-mtr-content=\"Column\"><div class=\"mtr-cell-content\"> <strong>Colonna<\/strong><\/div><\/td><\/tr><tr><td class=\"mtr-td-tag\" data-mtr-content=\"Row\"><div class=\"mtr-cell-content\"> Una riga \u00e8 una combinazione orizzontale della cella.<\/div><\/td><td class=\"mtr-td-tag\" data-mtr-content=\"Column\"><div class=\"mtr-cell-content\"> Una colonna \u00e8 una combinazione verticale della cella.<\/div><\/td><\/tr><tr><td class=\"mtr-td-tag\" data-mtr-content=\"Row\"><div class=\"mtr-cell-content\"> Puoi fare riferimento a una riga tramite il suo numero. cio\u00e8 1, 2, 3<\/div><\/td><td class=\"mtr-td-tag\" data-mtr-content=\"Column\"><div class=\"mtr-cell-content\"> Puoi fare riferimento a una colonna tramite il suo alfabeto. cio\u00e8 A, B, C<\/div><\/td><\/tr><tr><td class=\"mtr-td-tag\" data-mtr-content=\"Row\"><div class=\"mtr-cell-content\"> \u00c8 possibile fare riferimento a pi\u00f9 righe utilizzando un intervallo di righe. Ad esempio <strong>,<\/strong> 1:3 significa riferirsi alla riga 1 alla riga 3.<\/div><\/td><td class=\"mtr-td-tag\" data-mtr-content=\"Column\"><div class=\"mtr-cell-content\"> Puoi fare riferimento a pi\u00f9 colonne utilizzando un intervallo di colonne. Ad esempio, A:C significa fare riferimento alla colonna A alla colonna C.<\/div><\/td><\/tr><tr><td class=\"mtr-td-tag\" data-mtr-content=\"Row\"><div class=\"mtr-cell-content\"> Ci sono un totale di 1048576 righe in un singolo foglio di lavoro.<\/div><\/td><td class=\"mtr-td-tag\" data-mtr-content=\"Column\"><div class=\"mtr-cell-content\"> Ci sono un totale di 16384 colonne in un singolo foglio di lavoro.<\/div><\/td><\/tr><tr><td class=\"mtr-td-tag\" data-mtr-content=\"Row\"><div class=\"mtr-cell-content\"> Per selezionare una riga <strong>,<\/strong> puoi fare clic sull&#8217;intestazione del numero a sinistra del foglio di lavoro oppure selezionare una cella nella riga che desideri selezionare e utilizzare la scorciatoia da tastiera MAIUSC + BARRA SPAZIATRICE.<\/div><\/td><td class=\"mtr-td-tag\" data-mtr-content=\"Column\"><div class=\"mtr-cell-content\"> Per selezionare una colonna, puoi fare clic sull&#8217;intestazione alfabetica della colonna nella parte superiore del foglio di lavoro oppure puoi selezionare una cella nella colonna che desideri selezionare e utilizzare la scorciatoia da tastiera CRTL + SPAZIO.<\/div><\/td><\/tr><\/tbody><\/table><\/figure><h2 class=\"wp-block-heading\"> Cose da sapere<\/h2><ol type=\"1\"><li> Puoi nascondere una colonna e una riga utilizzando il menu contestuale del mouse.<\/li><li> Puoi sommare tutti i valori in una colonna o riga semplicemente facendo riferimento ad essa tramite il suo indirizzo.<\/li><li> \u00c8 possibile <a href=\"https:\/\/exceladvisor.org\/it\/inserire-una-riga\/\">inserire una nuova riga<\/a> e colonna dal menu contestuale. Potresti avere pi\u00f9 righe (1048576) e colonne (16384) rispetto al numero totale presente nel foglio di lavoro.<\/li><\/ol><div class=\"gb-container gb-container-4db6181c gb-container-mt\"> <a class=\"gb-button gb-button-c5897111 gb-button-text gb-button-mt-button\" href=\"https:\/\/exceladvisor.org\/it\/nozioni-di-base-su-excel\/\">Nozioni di base su Microsoft Excel (componenti, parti e note informative)<\/a><h2 class=\"gb-headline gb-headline-665e5f6b gb-headline-text gb-headline-mt-heading\"> Tutorial correlati <\/h2><div class=\"gb-grid-wrapper gb-grid-wrapper-a20baf7c gb-grid-wrapper-mt-grid\"><div class=\"gb-grid-column gb-grid-column-65ddf67e\"><div class=\"gb-container gb-container-65ddf67e\"><ul><li> <a href=\"https:\/\/exceladvisor.org\/it\/aggiungi-rimuovi-collegamenti-ipertestuali\/\">Aggiungi e rimuovi collegamenti ipertestuali in Excel<\/a><\/li><li> <a href=\"https:\/\/exceladvisor.org\/it\/aggiungi-filigrana\/\">Aggiungi una filigrana in Excel<\/a><\/li><li> <a href=\"https:\/\/exceladvisor.org\/it\/rimuovere-le-colonne-delle-righe-nascoste\/\">Elimina le righe nascoste in Excel<\/a><\/li><li> <a href=\"https:\/\/exceladvisor.org\/it\/deselezionare-le-celle\/\">Deseleziona le celle in Excel<\/a><\/li><li> <a href=\"https:\/\/exceladvisor.org\/it\/aggiungi-una-colonna\/\">Aggiungi una colonna in Excel<\/a><\/li><\/ul><\/div><\/div><\/div><\/div>","protected":false},"excerpt":{"rendered":"","protected":false},"author":1,"featured_media":0,"parent":0,"menu_order":0,"comment_status":"open","ping_status":"closed","template":"","meta":{"ub_ctt_via":"","footnotes":""},"class_list":["post-2090","page","type-page","status-publish","hentry"],"featured_image_src":null,"yoast_head":"<!-- This site is optimized with the Yoast SEO plugin v25.4 - https:\/\/yoast.com\/wordpress\/plugins\/seo\/ -->\n<title>Qual \u00e8 la differenza tra riga e colonna in Excel?<\/title>\n<meta name=\"description\" content=\"Scopri la differenza tra una riga e una colonna in Excel. Questi due elementi sono una delle basi di Excel...\" \/>\n<meta name=\"robots\" content=\"index, follow, max-snippet:-1, max-image-preview:large, max-video-preview:-1\" \/>\n<link rel=\"canonical\" href=\"https:\/\/exceladvisor.org\/it\/riga-vs-colonna\/\" \/>\n<meta property=\"og:locale\" content=\"it_IT\" \/>\n<meta property=\"og:type\" content=\"article\" \/>\n<meta property=\"og:title\" content=\"Qual \u00e8 la differenza tra riga e colonna in Excel?\" \/>\n<meta property=\"og:description\" content=\"Scopri la differenza tra una riga e una colonna in Excel. Questi due elementi sono una delle basi di Excel...\" \/>\n<meta property=\"og:url\" content=\"https:\/\/exceladvisor.org\/it\/riga-vs-colonna\/\" \/>\n<meta property=\"og:site_name\" content=\"Excel Advisor\" \/>\n<meta property=\"article:modified_time\" content=\"2023-12-10T06:27:29+00:00\" \/>\n<meta property=\"og:image\" content=\"https:\/\/exceladvisor.org\/wp-content\/uploads\/2023\/08\/1-cellules-dans-une-feuille-Excel.png\" \/>\n<meta name=\"twitter:card\" content=\"summary_large_image\" \/>\n<meta name=\"twitter:label1\" content=\"Tempo di lettura stimato\" \/>\n\t<meta name=\"twitter:data1\" content=\"2 minuti\" \/>\n<script type=\"application\/ld+json\" class=\"yoast-schema-graph\">{\"@context\":\"https:\/\/schema.org\",\"@graph\":[{\"@type\":\"WebPage\",\"@id\":\"https:\/\/exceladvisor.org\/it\/riga-vs-colonna\/\",\"url\":\"https:\/\/exceladvisor.org\/it\/riga-vs-colonna\/\",\"name\":\"Qual \u00e8 la differenza tra riga e colonna in Excel?\",\"isPartOf\":{\"@id\":\"https:\/\/exceladvisor.org\/it\/#website\"},\"primaryImageOfPage\":{\"@id\":\"https:\/\/exceladvisor.org\/it\/riga-vs-colonna\/#primaryimage\"},\"image\":{\"@id\":\"https:\/\/exceladvisor.org\/it\/riga-vs-colonna\/#primaryimage\"},\"thumbnailUrl\":\"https:\/\/exceladvisor.org\/wp-content\/uploads\/2023\/08\/1-cellules-dans-une-feuille-Excel.png\",\"datePublished\":\"2023-10-18T13:42:20+00:00\",\"dateModified\":\"2023-12-10T06:27:29+00:00\",\"description\":\"Scopri la differenza tra una riga e una colonna in Excel. Questi due elementi sono una delle basi di Excel...\",\"breadcrumb\":{\"@id\":\"https:\/\/exceladvisor.org\/it\/riga-vs-colonna\/#breadcrumb\"},\"inLanguage\":\"it-IT\",\"potentialAction\":[{\"@type\":\"ReadAction\",\"target\":[\"https:\/\/exceladvisor.org\/it\/riga-vs-colonna\/\"]}]},{\"@type\":\"ImageObject\",\"inLanguage\":\"it-IT\",\"@id\":\"https:\/\/exceladvisor.org\/it\/riga-vs-colonna\/#primaryimage\",\"url\":\"https:\/\/exceladvisor.org\/wp-content\/uploads\/2023\/08\/1-cellules-dans-une-feuille-Excel.png\",\"contentUrl\":\"https:\/\/exceladvisor.org\/wp-content\/uploads\/2023\/08\/1-cellules-dans-une-feuille-Excel.png\"},{\"@type\":\"BreadcrumbList\",\"@id\":\"https:\/\/exceladvisor.org\/it\/riga-vs-colonna\/#breadcrumb\",\"itemListElement\":[{\"@type\":\"ListItem\",\"position\":1,\"name\":\"Home\",\"item\":\"https:\/\/exceladvisor.org\/it\/\"},{\"@type\":\"ListItem\",\"position\":2,\"name\":\"Differenza tra riga e colonna in excel\"}]},{\"@type\":\"WebSite\",\"@id\":\"https:\/\/exceladvisor.org\/it\/#website\",\"url\":\"https:\/\/exceladvisor.org\/it\/\",\"name\":\"Excel Advisor\",\"description\":\"Tips, Tricks, and Time-Saving Hacks\",\"publisher\":{\"@id\":\"https:\/\/exceladvisor.org\/it\/#organization\"},\"potentialAction\":[{\"@type\":\"SearchAction\",\"target\":{\"@type\":\"EntryPoint\",\"urlTemplate\":\"https:\/\/exceladvisor.org\/it\/?s={search_term_string}\"},\"query-input\":{\"@type\":\"PropertyValueSpecification\",\"valueRequired\":true,\"valueName\":\"search_term_string\"}}],\"inLanguage\":\"it-IT\"},{\"@type\":\"Organization\",\"@id\":\"https:\/\/exceladvisor.org\/it\/#organization\",\"name\":\"Excel Advisor\",\"url\":\"https:\/\/exceladvisor.org\/it\/\",\"logo\":{\"@type\":\"ImageObject\",\"inLanguage\":\"it-IT\",\"@id\":\"https:\/\/exceladvisor.org\/it\/#\/schema\/logo\/image\/\",\"url\":\"https:\/\/exceladvisor.org\/it\/wp-content\/uploads\/2023\/12\/exceladvisor.org_.png\",\"contentUrl\":\"https:\/\/exceladvisor.org\/it\/wp-content\/uploads\/2023\/12\/exceladvisor.org_.png\",\"width\":105,\"height\":36,\"caption\":\"Excel Advisor\"},\"image\":{\"@id\":\"https:\/\/exceladvisor.org\/it\/#\/schema\/logo\/image\/\"}}]}<\/script>\n<!-- \/ Yoast SEO plugin. -->","yoast_head_json":{"title":"Qual \u00e8 la differenza tra riga e colonna in Excel?","description":"Scopri la differenza tra una riga e una colonna in Excel. Questi due elementi sono una delle basi di Excel...","robots":{"index":"index","follow":"follow","max-snippet":"max-snippet:-1","max-image-preview":"max-image-preview:large","max-video-preview":"max-video-preview:-1"},"canonical":"https:\/\/exceladvisor.org\/it\/riga-vs-colonna\/","og_locale":"it_IT","og_type":"article","og_title":"Qual \u00e8 la differenza tra riga e colonna in Excel?","og_description":"Scopri la differenza tra una riga e una colonna in Excel. Questi due elementi sono una delle basi di Excel...","og_url":"https:\/\/exceladvisor.org\/it\/riga-vs-colonna\/","og_site_name":"Excel Advisor","article_modified_time":"2023-12-10T06:27:29+00:00","og_image":[{"url":"https:\/\/exceladvisor.org\/wp-content\/uploads\/2023\/08\/1-cellules-dans-une-feuille-Excel.png","type":"","width":"","height":""}],"twitter_card":"summary_large_image","twitter_misc":{"Tempo di lettura stimato":"2 minuti"},"schema":{"@context":"https:\/\/schema.org","@graph":[{"@type":"WebPage","@id":"https:\/\/exceladvisor.org\/it\/riga-vs-colonna\/","url":"https:\/\/exceladvisor.org\/it\/riga-vs-colonna\/","name":"Qual \u00e8 la differenza tra riga e colonna in Excel?","isPartOf":{"@id":"https:\/\/exceladvisor.org\/it\/#website"},"primaryImageOfPage":{"@id":"https:\/\/exceladvisor.org\/it\/riga-vs-colonna\/#primaryimage"},"image":{"@id":"https:\/\/exceladvisor.org\/it\/riga-vs-colonna\/#primaryimage"},"thumbnailUrl":"https:\/\/exceladvisor.org\/wp-content\/uploads\/2023\/08\/1-cellules-dans-une-feuille-Excel.png","datePublished":"2023-10-18T13:42:20+00:00","dateModified":"2023-12-10T06:27:29+00:00","description":"Scopri la differenza tra una riga e una colonna in Excel. Questi due elementi sono una delle basi di Excel...","breadcrumb":{"@id":"https:\/\/exceladvisor.org\/it\/riga-vs-colonna\/#breadcrumb"},"inLanguage":"it-IT","potentialAction":[{"@type":"ReadAction","target":["https:\/\/exceladvisor.org\/it\/riga-vs-colonna\/"]}]},{"@type":"ImageObject","inLanguage":"it-IT","@id":"https:\/\/exceladvisor.org\/it\/riga-vs-colonna\/#primaryimage","url":"https:\/\/exceladvisor.org\/wp-content\/uploads\/2023\/08\/1-cellules-dans-une-feuille-Excel.png","contentUrl":"https:\/\/exceladvisor.org\/wp-content\/uploads\/2023\/08\/1-cellules-dans-une-feuille-Excel.png"},{"@type":"BreadcrumbList","@id":"https:\/\/exceladvisor.org\/it\/riga-vs-colonna\/#breadcrumb","itemListElement":[{"@type":"ListItem","position":1,"name":"Home","item":"https:\/\/exceladvisor.org\/it\/"},{"@type":"ListItem","position":2,"name":"Differenza tra riga e colonna in excel"}]},{"@type":"WebSite","@id":"https:\/\/exceladvisor.org\/it\/#website","url":"https:\/\/exceladvisor.org\/it\/","name":"Excel Advisor","description":"Tips, Tricks, and Time-Saving Hacks","publisher":{"@id":"https:\/\/exceladvisor.org\/it\/#organization"},"potentialAction":[{"@type":"SearchAction","target":{"@type":"EntryPoint","urlTemplate":"https:\/\/exceladvisor.org\/it\/?s={search_term_string}"},"query-input":{"@type":"PropertyValueSpecification","valueRequired":true,"valueName":"search_term_string"}}],"inLanguage":"it-IT"},{"@type":"Organization","@id":"https:\/\/exceladvisor.org\/it\/#organization","name":"Excel Advisor","url":"https:\/\/exceladvisor.org\/it\/","logo":{"@type":"ImageObject","inLanguage":"it-IT","@id":"https:\/\/exceladvisor.org\/it\/#\/schema\/logo\/image\/","url":"https:\/\/exceladvisor.org\/it\/wp-content\/uploads\/2023\/12\/exceladvisor.org_.png","contentUrl":"https:\/\/exceladvisor.org\/it\/wp-content\/uploads\/2023\/12\/exceladvisor.org_.png","width":105,"height":36,"caption":"Excel Advisor"},"image":{"@id":"https:\/\/exceladvisor.org\/it\/#\/schema\/logo\/image\/"}}]}},"yoast_meta":{"yoast_wpseo_title":"","yoast_wpseo_metadesc":"","yoast_wpseo_canonical":""},"_links":{"self":[{"href":"https:\/\/exceladvisor.org\/it\/wp-json\/wp\/v2\/pages\/2090","targetHints":{"allow":["GET"]}}],"collection":[{"href":"https:\/\/exceladvisor.org\/it\/wp-json\/wp\/v2\/pages"}],"about":[{"href":"https:\/\/exceladvisor.org\/it\/wp-json\/wp\/v2\/types\/page"}],"author":[{"embeddable":true,"href":"https:\/\/exceladvisor.org\/it\/wp-json\/wp\/v2\/users\/1"}],"replies":[{"embeddable":true,"href":"https:\/\/exceladvisor.org\/it\/wp-json\/wp\/v2\/comments?post=2090"}],"version-history":[{"count":1,"href":"https:\/\/exceladvisor.org\/it\/wp-json\/wp\/v2\/pages\/2090\/revisions"}],"predecessor-version":[{"id":2894,"href":"https:\/\/exceladvisor.org\/it\/wp-json\/wp\/v2\/pages\/2090\/revisions\/2894"}],"wp:attachment":[{"href":"https:\/\/exceladvisor.org\/it\/wp-json\/wp\/v2\/media?parent=2090"}],"curies":[{"name":"wp","href":"https:\/\/api.w.org\/{rel}","templated":true}]}}