{"id":2093,"date":"2023-10-18T04:39:54","date_gmt":"2023-10-18T04:39:54","guid":{"rendered":"https:\/\/exceladvisor.org\/it\/colonna-2\/"},"modified":"2023-12-10T06:27:19","modified_gmt":"2023-12-10T06:27:19","slug":"colonna-2","status":"publish","type":"page","link":"https:\/\/exceladvisor.org\/it\/colonna-2\/","title":{"rendered":"Cos&#39;\u00e8 una colonna in excel?"},"content":{"rendered":"<div class=\"excel-prima-del-contenuto\" id=\"excel-2107826122\"><script type=\"text\/javascript\">\r\n\tatOptions = {\r\n\t\t'key' : 'c1158f160081d6540a8409e6925dab94',\r\n\t\t'format' : 'iframe',\r\n\t\t'height' : 250,\r\n\t\t'width' : 300,\r\n\t\t'params' : {}\r\n\t};\r\n<\/script>\r\n<script type=\"text\/javascript\" src=\"\/\/www.highperformanceformat.com\/c1158f160081d6540a8409e6925dab94\/invoke.js\"><\/script><\/div> <p>Una colonna in Excel \u00e8 un allineamento verticale di celle. Ogni colonna ha il suo indirizzo univoco, etichettato come un alfabeto (da A a XFD). E ci sono pi\u00f9 di un milione di celle in una singola colonna e ci sono un totale di 16384 colonne in un singolo foglio di lavoro. <\/p><div class=\"wp-block-image\"><figure class=\"aligncenter size-full is-resized\"><img loading=\"lazy\" decoding=\"async\" class=\"wp-image-77894\" src=\"https:\/\/exceladvisor.org\/wp-content\/uploads\/2023\/08\/1-faisant-reference-a-la-communaute.png\" sizes=\"auto, \" srcset=\"\" alt=\"riferimento alla colonna\" width=\"641\" height=\"469\"><\/figure><\/div><h2 class=\"wp-block-heading\"> Seleziona una colonna<\/h2><p> Per selezionare una colonna, devi solo fare clic sull&#8217;intestazione della colonna dove hai l&#8217;alfabeto della colonna e selezioner\u00e0 l&#8217;intera colonna dalla prima cella all&#8217;ultima. <\/p><div class=\"wp-block-image\"><figure class=\"aligncenter size-full is-resized\"><img loading=\"lazy\" decoding=\"async\" class=\"wp-image-77895\" src=\"https:\/\/exceladvisor.org\/wp-content\/uploads\/2023\/08\/2-se-referant-a-une-seule-colonne.png\" sizes=\"auto, \" srcset=\"\" alt=\"riferito ad una sola colonna\" width=\"478\" height=\"296\"><\/figure><\/div><p> Un altro modo per selezionare un&#8217;intera colonna \u00e8 utilizzare la scorciatoia da tastiera. Dopo aver selezionato una delle celle nella colonna che desideri selezionare, tieni premuto il tasto Control, quindi premi la barra spaziatrice. Questo selezioner\u00e0 l&#8217;intera colonna.<\/p><p> <em><strong>Imparentato:<\/strong><\/em><mark class=\"has-inline-color\" style=\"background-color: #eafaeb;\"> <strong><em><a href=\"https:\/\/exceladvisor.org\/it\/tasti-rapidi\/\">Scorciatoie da tastiera per Excel (scheda di riferimento PDF)<\/a><\/em><\/strong><\/mark><\/p><h2 class=\"wp-block-heading\"> Fare riferimento a una colonna in Excel<\/h2><p> Come ho detto e puoi anche vedere nell&#8217;istantanea qui sopra, ogni colonna ha il suo nome univoco, composto dall&#8217;alfabeto. Ora, per fare riferimento a una colonna, \u00e8 necessario utilizzare il suo nome. Se vuoi fare riferimento alla colonna A, devi utilizzare il suo indirizzo come A:A. <\/p><div class=\"wp-block-image\"><figure class=\"aligncenter size-full is-resized\"><img loading=\"lazy\" decoding=\"async\" class=\"wp-image-77896\" src=\"https:\/\/exceladvisor.org\/wp-content\/uploads\/2023\/08\/3-se-referant-a-une-colonne-en-utilisant-ladresse.png\" sizes=\"auto, \" srcset=\"\" alt=\"riferimento a una colonna utilizzando un indirizzo\" width=\"502\" height=\"480\"><\/figure><\/div><p> Nell&#8217;esempio sopra puoi vedere che ci riferiamo alla colonna A utilizzando il suo indirizzo nella funzione somma. Ora, se desideri fare riferimento a pi\u00f9 colonne, puoi utilizzare un indirizzo che faccia riferimento a pi\u00f9 colonne. <\/p><div class=\"wp-block-image\"><figure class=\"aligncenter size-full is-resized\"><img loading=\"lazy\" decoding=\"async\" class=\"wp-image-77897\" src=\"https:\/\/exceladvisor.org\/wp-content\/uploads\/2023\/08\/4-faisant-reference-a-plusieurs-colonnes-adjacentes.png\" sizes=\"auto, \" srcset=\"\" alt=\"riferito a pi\u00f9 colonne adiacenti\" width=\"517\" height=\"501\"><\/figure><\/div><p> Ora nell&#8217;esempio sopra ci riferiamo alle quattro colonne dalla A alla D e nell&#8217;indirizzo abbiamo usato A:D che significa dalla colonna A alla colonna D. <\/p><div class=\"wp-block-image\"><figure class=\"aligncenter size-full is-resized\"><img loading=\"lazy\" decoding=\"async\" class=\"wp-image-77898\" src=\"https:\/\/exceladvisor.org\/wp-content\/uploads\/2023\/08\/5-se-referant-a-deux-colonnes-non-continues.png\" sizes=\"auto, \" srcset=\"\" alt=\"riferimento non continuo a due colonne\" width=\"642\" height=\"463\"><\/figure><\/div><p> E nell&#8217;esempio sopra, ci riferiamo a due colonne che non sono continue e le abbiamo utilizzate utilizzando il loro indirizzo separatamente utilizzando una virgola in mezzo.<\/p><h2 class=\"wp-block-heading\"> Qual \u00e8 l&#8217;ultima colonna in Excel<\/h2><p> L&#8217;ultima colonna in Excel \u00e8 la colonna XFD. In un singolo foglio di calcolo sono presenti 16384 colonne. Questo numero \u00e8 fisso, non \u00e8 possibile aggiungere pi\u00f9 colonne a un singolo foglio di lavoro e se si desidera aggiungere pi\u00f9 dati \u00e8 necessario <a href=\"https:\/\/exceladvisor.org\/it\/aggiungere\/\" data-wpil=\"url\">inserire un nuovo foglio di lavoro<\/a> che avr\u00e0 inoltre 16384 colonne. <\/p><div class=\"wp-block-image\"><figure class=\"aligncenter size-full is-resized\"><img loading=\"lazy\" decoding=\"async\" class=\"wp-image-77899\" src=\"https:\/\/exceladvisor.org\/wp-content\/uploads\/2023\/08\/6-total-16384-colonnes.png\" sizes=\"auto, \" srcset=\"\" alt=\"totale-16384-colonne\" width=\"359\" height=\"209\"><\/figure><\/div><h2 class=\"wp-block-heading\"> Posso avere il nome della colonna come numero?<\/h2><p> S\u00ec, puoi avere un nome di colonna come numero anzich\u00e9 come alfabeto. Per fare ci\u00f2, \u00e8 necessario modificare lo stile di riferimento in R1C1. <\/p><div class=\"wp-block-image\"><figure class=\"aligncenter size-full is-resized\"><img loading=\"lazy\" decoding=\"async\" class=\"wp-image-77900\" src=\"https:\/\/exceladvisor.org\/wp-content\/uploads\/2023\/08\/7-nom-de-colonne-sous-forme-de-nombre.png\" sizes=\"auto, \" srcset=\"\" alt=\"nome-colonna-come-numero\" width=\"451\" height=\"266\"><\/figure><\/div><p> Con R1C1 \u00e8 possibile modificare il riferimento della colonna, consentendo di fare riferimento a una colonna utilizzando un numero. Per fare ci\u00f2, vai alla scheda File \u279c <a href=\"https:\/\/exceladvisor.org\/it\/opzioni\/\">Opzioni<\/a> \u279c Lavora con le formule. Quindi seleziona &#8220;Stile di riferimento R1C1&#8221;. <\/p><div class=\"wp-block-image\"><figure class=\"aligncenter size-full is-resized\"><img loading=\"lazy\" decoding=\"async\" class=\"wp-image-77901\" src=\"https:\/\/exceladvisor.org\/wp-content\/uploads\/2023\/08\/8-changer-la-reference-de-la-colonne.png\" sizes=\"auto, \" srcset=\"\" alt=\"modifica-riferimento-colonna\" width=\"580\" height=\"448\"><\/figure><\/div><p> Ma prima di passare a questo <a href=\"https:\/\/exceladvisor.org\/it\/r1c1\/\">, assicurati di leggerlo<\/a> .<\/p><div class=\"gb-container gb-container-4db6181c gb-container-mt\"> <a class=\"gb-button gb-button-c5897111 gb-button-text gb-button-mt-button\" href=\"https:\/\/exceladvisor.org\/it\/nozioni-di-base-su-excel\/\">Nozioni di base su Microsoft Excel (componenti, parti e note informative)<\/a><h2 class=\"gb-headline gb-headline-665e5f6b gb-headline-text gb-headline-mt-heading\"> Tutorial correlati <\/h2><div class=\"gb-grid-wrapper gb-grid-wrapper-a20baf7c gb-grid-wrapper-mt-grid\"><div class=\"gb-grid-column gb-grid-column-50067b57\"><div class=\"gb-container gb-container-50067b57\"><ul><li> <a href=\"https:\/\/exceladvisor.org\/it\/linea-2\/\">Riga in Excel<\/a><\/li><li> <a href=\"https:\/\/exceladvisor.org\/it\/mostra-linee\/\">Mostra righe in Excel<\/a><\/li><li> <a href=\"https:\/\/exceladvisor.org\/it\/allineare\/\">Intervallo in Excel<\/a><\/li><li> <a href=\"https:\/\/exceladvisor.org\/it\/selezionare-lintervallo\/\">Seleziona l&#8217;intervallo in Excel<\/a><\/li><li> <a href=\"https:\/\/exceladvisor.org\/it\/cellula-attiva\/\">Attiva la cella in Excel<\/a><\/li><\/ul><\/div><\/div><\/div><\/div>","protected":false},"excerpt":{"rendered":"","protected":false},"author":1,"featured_media":0,"parent":0,"menu_order":0,"comment_status":"open","ping_status":"closed","template":"","meta":{"ub_ctt_via":"","footnotes":""},"class_list":["post-2093","page","type-page","status-publish","hentry"],"featured_image_src":null,"yoast_head":"<!-- This site is optimized with the Yoast SEO plugin v25.4 - https:\/\/yoast.com\/wordpress\/plugins\/seo\/ -->\n<title>Cos&#039;\u00e8 una colonna in Excel? \u2013 Consulente Excel<\/title>\n<meta name=\"description\" content=\"Se hai appena iniziato a imparare Excel, questo tutorial ti aiuter\u00e0 a capire alcune cose importanti sulle colonne...\" \/>\n<meta name=\"robots\" content=\"index, follow, max-snippet:-1, max-image-preview:large, max-video-preview:-1\" \/>\n<link rel=\"canonical\" href=\"https:\/\/exceladvisor.org\/it\/colonna-2\/\" \/>\n<meta property=\"og:locale\" content=\"it_IT\" \/>\n<meta property=\"og:type\" content=\"article\" \/>\n<meta property=\"og:title\" content=\"Cos&#039;\u00e8 una colonna in Excel? \u2013 Consulente Excel\" \/>\n<meta property=\"og:description\" content=\"Se hai appena iniziato a imparare Excel, questo tutorial ti aiuter\u00e0 a capire alcune cose importanti sulle colonne...\" \/>\n<meta property=\"og:url\" content=\"https:\/\/exceladvisor.org\/it\/colonna-2\/\" \/>\n<meta property=\"og:site_name\" content=\"Excel Advisor\" \/>\n<meta property=\"article:modified_time\" content=\"2023-12-10T06:27:19+00:00\" \/>\n<meta property=\"og:image\" content=\"https:\/\/exceladvisor.org\/wp-content\/uploads\/2023\/08\/1-faisant-reference-a-la-communaute.png\" \/>\n<meta name=\"twitter:card\" content=\"summary_large_image\" \/>\n<meta name=\"twitter:label1\" content=\"Tempo di lettura stimato\" \/>\n\t<meta name=\"twitter:data1\" content=\"2 minuti\" \/>\n<script type=\"application\/ld+json\" class=\"yoast-schema-graph\">{\"@context\":\"https:\/\/schema.org\",\"@graph\":[{\"@type\":\"WebPage\",\"@id\":\"https:\/\/exceladvisor.org\/it\/colonna-2\/\",\"url\":\"https:\/\/exceladvisor.org\/it\/colonna-2\/\",\"name\":\"Cos&#39;\u00e8 una colonna in Excel? \u2013 Consulente Excel\",\"isPartOf\":{\"@id\":\"https:\/\/exceladvisor.org\/it\/#website\"},\"primaryImageOfPage\":{\"@id\":\"https:\/\/exceladvisor.org\/it\/colonna-2\/#primaryimage\"},\"image\":{\"@id\":\"https:\/\/exceladvisor.org\/it\/colonna-2\/#primaryimage\"},\"thumbnailUrl\":\"https:\/\/exceladvisor.org\/wp-content\/uploads\/2023\/08\/1-faisant-reference-a-la-communaute.png\",\"datePublished\":\"2023-10-18T04:39:54+00:00\",\"dateModified\":\"2023-12-10T06:27:19+00:00\",\"description\":\"Se hai appena iniziato a imparare Excel, questo tutorial ti aiuter\u00e0 a capire alcune cose importanti sulle colonne...\",\"breadcrumb\":{\"@id\":\"https:\/\/exceladvisor.org\/it\/colonna-2\/#breadcrumb\"},\"inLanguage\":\"it-IT\",\"potentialAction\":[{\"@type\":\"ReadAction\",\"target\":[\"https:\/\/exceladvisor.org\/it\/colonna-2\/\"]}]},{\"@type\":\"ImageObject\",\"inLanguage\":\"it-IT\",\"@id\":\"https:\/\/exceladvisor.org\/it\/colonna-2\/#primaryimage\",\"url\":\"https:\/\/exceladvisor.org\/wp-content\/uploads\/2023\/08\/1-faisant-reference-a-la-communaute.png\",\"contentUrl\":\"https:\/\/exceladvisor.org\/wp-content\/uploads\/2023\/08\/1-faisant-reference-a-la-communaute.png\"},{\"@type\":\"BreadcrumbList\",\"@id\":\"https:\/\/exceladvisor.org\/it\/colonna-2\/#breadcrumb\",\"itemListElement\":[{\"@type\":\"ListItem\",\"position\":1,\"name\":\"Home\",\"item\":\"https:\/\/exceladvisor.org\/it\/\"},{\"@type\":\"ListItem\",\"position\":2,\"name\":\"Cos&#39;\u00e8 una colonna in excel?\"}]},{\"@type\":\"WebSite\",\"@id\":\"https:\/\/exceladvisor.org\/it\/#website\",\"url\":\"https:\/\/exceladvisor.org\/it\/\",\"name\":\"Excel Advisor\",\"description\":\"Tips, Tricks, and Time-Saving Hacks\",\"publisher\":{\"@id\":\"https:\/\/exceladvisor.org\/it\/#organization\"},\"potentialAction\":[{\"@type\":\"SearchAction\",\"target\":{\"@type\":\"EntryPoint\",\"urlTemplate\":\"https:\/\/exceladvisor.org\/it\/?s={search_term_string}\"},\"query-input\":{\"@type\":\"PropertyValueSpecification\",\"valueRequired\":true,\"valueName\":\"search_term_string\"}}],\"inLanguage\":\"it-IT\"},{\"@type\":\"Organization\",\"@id\":\"https:\/\/exceladvisor.org\/it\/#organization\",\"name\":\"Excel Advisor\",\"url\":\"https:\/\/exceladvisor.org\/it\/\",\"logo\":{\"@type\":\"ImageObject\",\"inLanguage\":\"it-IT\",\"@id\":\"https:\/\/exceladvisor.org\/it\/#\/schema\/logo\/image\/\",\"url\":\"https:\/\/exceladvisor.org\/it\/wp-content\/uploads\/2023\/12\/exceladvisor.org_.png\",\"contentUrl\":\"https:\/\/exceladvisor.org\/it\/wp-content\/uploads\/2023\/12\/exceladvisor.org_.png\",\"width\":105,\"height\":36,\"caption\":\"Excel Advisor\"},\"image\":{\"@id\":\"https:\/\/exceladvisor.org\/it\/#\/schema\/logo\/image\/\"}}]}<\/script>\n<!-- \/ Yoast SEO plugin. -->","yoast_head_json":{"title":"Cos&#39;\u00e8 una colonna in Excel? \u2013 Consulente Excel","description":"Se hai appena iniziato a imparare Excel, questo tutorial ti aiuter\u00e0 a capire alcune cose importanti sulle colonne...","robots":{"index":"index","follow":"follow","max-snippet":"max-snippet:-1","max-image-preview":"max-image-preview:large","max-video-preview":"max-video-preview:-1"},"canonical":"https:\/\/exceladvisor.org\/it\/colonna-2\/","og_locale":"it_IT","og_type":"article","og_title":"Cos&#39;\u00e8 una colonna in Excel? \u2013 Consulente Excel","og_description":"Se hai appena iniziato a imparare Excel, questo tutorial ti aiuter\u00e0 a capire alcune cose importanti sulle colonne...","og_url":"https:\/\/exceladvisor.org\/it\/colonna-2\/","og_site_name":"Excel Advisor","article_modified_time":"2023-12-10T06:27:19+00:00","og_image":[{"url":"https:\/\/exceladvisor.org\/wp-content\/uploads\/2023\/08\/1-faisant-reference-a-la-communaute.png","type":"","width":"","height":""}],"twitter_card":"summary_large_image","twitter_misc":{"Tempo di lettura stimato":"2 minuti"},"schema":{"@context":"https:\/\/schema.org","@graph":[{"@type":"WebPage","@id":"https:\/\/exceladvisor.org\/it\/colonna-2\/","url":"https:\/\/exceladvisor.org\/it\/colonna-2\/","name":"Cos&#39;\u00e8 una colonna in Excel? \u2013 Consulente Excel","isPartOf":{"@id":"https:\/\/exceladvisor.org\/it\/#website"},"primaryImageOfPage":{"@id":"https:\/\/exceladvisor.org\/it\/colonna-2\/#primaryimage"},"image":{"@id":"https:\/\/exceladvisor.org\/it\/colonna-2\/#primaryimage"},"thumbnailUrl":"https:\/\/exceladvisor.org\/wp-content\/uploads\/2023\/08\/1-faisant-reference-a-la-communaute.png","datePublished":"2023-10-18T04:39:54+00:00","dateModified":"2023-12-10T06:27:19+00:00","description":"Se hai appena iniziato a imparare Excel, questo tutorial ti aiuter\u00e0 a capire alcune cose importanti sulle colonne...","breadcrumb":{"@id":"https:\/\/exceladvisor.org\/it\/colonna-2\/#breadcrumb"},"inLanguage":"it-IT","potentialAction":[{"@type":"ReadAction","target":["https:\/\/exceladvisor.org\/it\/colonna-2\/"]}]},{"@type":"ImageObject","inLanguage":"it-IT","@id":"https:\/\/exceladvisor.org\/it\/colonna-2\/#primaryimage","url":"https:\/\/exceladvisor.org\/wp-content\/uploads\/2023\/08\/1-faisant-reference-a-la-communaute.png","contentUrl":"https:\/\/exceladvisor.org\/wp-content\/uploads\/2023\/08\/1-faisant-reference-a-la-communaute.png"},{"@type":"BreadcrumbList","@id":"https:\/\/exceladvisor.org\/it\/colonna-2\/#breadcrumb","itemListElement":[{"@type":"ListItem","position":1,"name":"Home","item":"https:\/\/exceladvisor.org\/it\/"},{"@type":"ListItem","position":2,"name":"Cos&#39;\u00e8 una colonna in excel?"}]},{"@type":"WebSite","@id":"https:\/\/exceladvisor.org\/it\/#website","url":"https:\/\/exceladvisor.org\/it\/","name":"Excel Advisor","description":"Tips, Tricks, and Time-Saving Hacks","publisher":{"@id":"https:\/\/exceladvisor.org\/it\/#organization"},"potentialAction":[{"@type":"SearchAction","target":{"@type":"EntryPoint","urlTemplate":"https:\/\/exceladvisor.org\/it\/?s={search_term_string}"},"query-input":{"@type":"PropertyValueSpecification","valueRequired":true,"valueName":"search_term_string"}}],"inLanguage":"it-IT"},{"@type":"Organization","@id":"https:\/\/exceladvisor.org\/it\/#organization","name":"Excel Advisor","url":"https:\/\/exceladvisor.org\/it\/","logo":{"@type":"ImageObject","inLanguage":"it-IT","@id":"https:\/\/exceladvisor.org\/it\/#\/schema\/logo\/image\/","url":"https:\/\/exceladvisor.org\/it\/wp-content\/uploads\/2023\/12\/exceladvisor.org_.png","contentUrl":"https:\/\/exceladvisor.org\/it\/wp-content\/uploads\/2023\/12\/exceladvisor.org_.png","width":105,"height":36,"caption":"Excel Advisor"},"image":{"@id":"https:\/\/exceladvisor.org\/it\/#\/schema\/logo\/image\/"}}]}},"yoast_meta":{"yoast_wpseo_title":"","yoast_wpseo_metadesc":"","yoast_wpseo_canonical":""},"_links":{"self":[{"href":"https:\/\/exceladvisor.org\/it\/wp-json\/wp\/v2\/pages\/2093","targetHints":{"allow":["GET"]}}],"collection":[{"href":"https:\/\/exceladvisor.org\/it\/wp-json\/wp\/v2\/pages"}],"about":[{"href":"https:\/\/exceladvisor.org\/it\/wp-json\/wp\/v2\/types\/page"}],"author":[{"embeddable":true,"href":"https:\/\/exceladvisor.org\/it\/wp-json\/wp\/v2\/users\/1"}],"replies":[{"embeddable":true,"href":"https:\/\/exceladvisor.org\/it\/wp-json\/wp\/v2\/comments?post=2093"}],"version-history":[{"count":1,"href":"https:\/\/exceladvisor.org\/it\/wp-json\/wp\/v2\/pages\/2093\/revisions"}],"predecessor-version":[{"id":2884,"href":"https:\/\/exceladvisor.org\/it\/wp-json\/wp\/v2\/pages\/2093\/revisions\/2884"}],"wp:attachment":[{"href":"https:\/\/exceladvisor.org\/it\/wp-json\/wp\/v2\/media?parent=2093"}],"curies":[{"name":"wp","href":"https:\/\/api.w.org\/{rel}","templated":true}]}}