{"id":2096,"date":"2023-10-18T00:33:31","date_gmt":"2023-10-18T00:33:31","guid":{"rendered":"https:\/\/exceladvisor.org\/it\/mostra-linee\/"},"modified":"2023-12-10T06:27:09","modified_gmt":"2023-12-10T06:27:09","slug":"mostra-linee","status":"publish","type":"page","link":"https:\/\/exceladvisor.org\/it\/mostra-linee\/","title":{"rendered":"Come visualizzare le righe in excel?"},"content":{"rendered":"<div class=\"excel-prima-del-contenuto\" id=\"excel-4261158792\"><script type=\"text\/javascript\">\r\n\tatOptions = {\r\n\t\t'key' : 'c1158f160081d6540a8409e6925dab94',\r\n\t\t'format' : 'iframe',\r\n\t\t'height' : 250,\r\n\t\t'width' : 300,\r\n\t\t'params' : {}\r\n\t};\r\n<\/script>\r\n<script type=\"text\/javascript\" src=\"\/\/www.highperformanceformat.com\/c1158f160081d6540a8409e6925dab94\/invoke.js\"><\/script><\/div> <p>Questo tutorial ti insegner\u00e0 come visualizzare righe singole e multiple (continue e non continue) in Excel.<\/p><h2 id=\"h-steps-to-unhide-a-single-row\" class=\"wp-block-heading\"> Passaggi per visualizzare una singola riga<\/h2><p> \u00c8 possibile utilizzare i seguenti passaggi:<\/p><ol type=\"1\"><li> Innanzitutto, devi trovare il numero di riga mancante nell&#8217;intestazione della riga.<\/li><li> Successivamente, sposta il cursore sul numero della riga nascosta e ti mostrer\u00e0 il segno di trascinamento.<\/li><li> Quindi fare clic su di esso e tenere premuto il mouse.<\/li><li> E tenendolo premuto, espandi la linea nascosta. Sarai in grado di vedere questa linea nascosta. <\/li><\/ol><div class=\"wp-block-image\"><figure class=\"aligncenter size-full is-resized\"><img loading=\"lazy\" decoding=\"async\" class=\"wp-image-79053\" src=\"https:\/\/exceladvisor.org\/wp-content\/uploads\/2023\/08\/gif-afficher-une-seule-ligne.gif\" sizes=\"auto, \" srcset=\"\" alt=\"Mostra riga singola\" width=\"571\" height=\"371\"><\/figure><\/div><p> Tuttavia, puoi anche &#8220;mostrare&#8221; questa riga facendo clic con il pulsante destro del mouse sullo spazio tra le righe. <\/p><div class=\"wp-block-image\"><figure class=\"aligncenter size-full is-resized\"><img loading=\"lazy\" decoding=\"async\" class=\"wp-image-79054\" src=\"https:\/\/exceladvisor.org\/wp-content\/uploads\/2023\/08\/1-clic-droit-dessus-1.png\" sizes=\"auto, \" srcset=\"\" alt=\"fare clic con il tasto destro su di esso\" width=\"284\" height=\"292\"><\/figure><\/div><p> E quindi fare clic sull&#8217;opzione &#8220;Mostra&#8221; per mostrare la riga nascosta. <\/p><div class=\"wp-block-image\"><figure class=\"aligncenter size-full is-resized\"><img loading=\"lazy\" decoding=\"async\" class=\"wp-image-79055\" src=\"https:\/\/exceladvisor.org\/wp-content\/uploads\/2023\/08\/2-cliquez-sur-afficher-pour-afficher-la-ligne.png\" sizes=\"auto, \" srcset=\"\" alt=\"fare clic su mostra per mostrare la riga\" width=\"275\" height=\"480\"><\/figure><\/div><h2 id=\"h-unhide-the-multiple-continues-rows\" class=\"wp-block-heading\"> Mostra pi\u00f9 linee continue<\/h2><p> Quando desideri visualizzare pi\u00f9 linee continue contemporaneamente, procedi nel seguente modo:<\/p><ul><li> Ancora una volta, il primo passo \u00e8 trovare l&#8217;intervallo di righe nascoste nel foglio di lavoro. <\/li><\/ul><div class=\"wp-block-image\"><figure class=\"aligncenter size-full is-resized\"><img loading=\"lazy\" decoding=\"async\" class=\"wp-image-79056\" src=\"https:\/\/exceladvisor.org\/wp-content\/uploads\/2023\/08\/3-lignes-multiples-manquantes.png\" sizes=\"auto, \" srcset=\"\" alt=\"mancano pi\u00f9 righe\" width=\"543\" height=\"204\"><\/figure><\/div><ul><li> In futuro, seleziona la singola riga sopra le righe nascoste, quindi tieni premuto Maiusc per selezionare un&#8217;altra riga sotto le righe nascoste dall&#8217;intestazione della riga. <\/li><\/ul><div class=\"wp-block-image\"><figure class=\"aligncenter size-full is-resized\"><img loading=\"lazy\" decoding=\"async\" class=\"wp-image-79057\" src=\"https:\/\/exceladvisor.org\/wp-content\/uploads\/2023\/08\/4-au-dessus-et-au-dessous-de-la-ligne.png\" sizes=\"auto, \" srcset=\"\" alt=\"selezionare sopra e sotto la riga\" width=\"558\" height=\"236\"><\/figure><\/div><ul><li> Successivamente, fai clic con il pulsante destro del mouse su una qualsiasi delle righe selezionate e scegli l&#8217;opzione &#8220;Mostra&#8221; da l\u00ec. <\/li><\/ul><div class=\"wp-block-image\"><figure class=\"aligncenter size-full is-resized\"><img loading=\"lazy\" decoding=\"async\" class=\"wp-image-79058\" src=\"https:\/\/exceladvisor.org\/wp-content\/uploads\/2023\/08\/5-clic-droit-et-afficher.png\" sizes=\"auto, \" srcset=\"\" alt=\"fare clic con il tasto destro e visualizzare\" width=\"436\" height=\"504\"><\/figure><\/div><ul><li> Ora tutti i dati sono visibili sul foglio quando le molteplici righe nascoste diventano visibili. <\/li><\/ul><div class=\"wp-block-image\"><figure class=\"aligncenter size-full is-resized\"><img loading=\"lazy\" decoding=\"async\" class=\"wp-image-79059\" src=\"https:\/\/exceladvisor.org\/wp-content\/uploads\/2023\/08\/6-toutes-les-lignes-masquees.png\" sizes=\"auto, \" srcset=\"\" alt=\"tutte le linee nascoste\" width=\"553\" height=\"339\"><\/figure><\/div><p class=\"mynote\"> Se desideri visualizzare l&#8217;unica riga nascosta tra pi\u00f9 righe, posiziona il cursore sull&#8217;intestazione della riga nascosta. Successivamente, fai doppio clic su di esso e ti mostrer\u00e0 la singola riga nascosta in precedenza. In questo modo puoi visualizzare le righe una per una.<\/p><h2 id=\"h-unhide-all-rows-from-the-worksheet\" class=\"wp-block-heading\"> Mostra tutte le righe nel foglio di lavoro<\/h2><p> \u00c8 piuttosto interessante visualizzare tutte le righe dell&#8217;intero foglio di calcolo. Poich\u00e9 consente di risparmiare tempo e fatica. \u00c8 possibile utilizzare i seguenti passaggi:<\/p><ul><li> Innanzitutto, scansiona tutte le righe nascoste nell&#8217;intestazione. <\/li><\/ul><div class=\"wp-block-image\"><figure class=\"aligncenter size-full is-resized\"><img loading=\"lazy\" decoding=\"async\" class=\"wp-image-79060\" src=\"https:\/\/exceladvisor.org\/wp-content\/uploads\/2023\/08\/7-toutes-les-lignes-masquees-de-la-feuille.png\" sizes=\"auto, \" srcset=\"\" alt=\"tutte le righe nascoste del foglio\" width=\"638\" height=\"213\"><\/figure><\/div><ul><li> Successivamente, vai alla <a href=\"https:\/\/exceladvisor.org\/it\/nastro\/\">barra multifunzione di Excel<\/a> \u21e2 scheda Home \u21e2 Formato. <\/li><\/ul><div class=\"wp-block-image\"><figure class=\"aligncenter size-full is-resized\"><img loading=\"lazy\" decoding=\"async\" class=\"wp-image-79061\" src=\"https:\/\/exceladvisor.org\/wp-content\/uploads\/2023\/08\/8-cliquez-sur-format-selectionner-masquer-afficher.png\" sizes=\"auto, \" srcset=\"\" alt=\"fai clic su formato-seleziona-nascondi-mostra\" width=\"772\" height=\"429\"><\/figure><\/div><ul><li> Successivamente, seleziona l&#8217;intero foglio e fai clic sull&#8217;opzione Mostra righe nell&#8217;elenco a discesa &#8220;Nascondi e mostra&#8221;. <\/li><\/ul><div class=\"wp-block-image\"><figure class=\"aligncenter size-full is-resized\"><img loading=\"lazy\" decoding=\"async\" class=\"wp-image-79062\" src=\"https:\/\/exceladvisor.org\/wp-content\/uploads\/2023\/08\/9-selectionnez-la-feuille-entiere-cliquez-sur-afficher-les-lignes.png\" sizes=\"auto, \" srcset=\"\" alt=\"seleziona-intero-foglio-fai clic-mostra-righe\" width=\"356\" height=\"448\"><\/figure><\/div><ul><li> Dopo aver fatto clic su di esso, recupererai tutte le righe nascoste nel foglio di lavoro. <\/li><\/ul><div class=\"wp-block-image\"><figure class=\"aligncenter size-full is-resized\"><img loading=\"lazy\" decoding=\"async\" class=\"wp-image-79063\" src=\"https:\/\/exceladvisor.org\/wp-content\/uploads\/2023\/08\/10-toutes-les-lignes-disponibles.png\" sizes=\"auto, \" srcset=\"\" alt=\"disponibile su tutte le linee\" width=\"433\" height=\"306\"><\/figure><\/div><div class=\"gb-container gb-container-4db6181c gb-container-mt\"> <a class=\"gb-button gb-button-c5897111 gb-button-text gb-button-mt-button\" href=\"https:\/\/exceladvisor.org\/it\/nozioni-di-base-su-excel\/\">Nozioni di base su Microsoft Excel (componenti, parti e note informative)<\/a><h2 class=\"gb-headline gb-headline-665e5f6b gb-headline-text gb-headline-mt-heading\"> Tutorial correlati <\/h2><div class=\"gb-grid-wrapper gb-grid-wrapper-a20baf7c gb-grid-wrapper-mt-grid\"><div class=\"gb-grid-column gb-grid-column-50067b57\"><div class=\"gb-container gb-container-50067b57\"><ul><li> <a href=\"https:\/\/exceladvisor.org\/it\/eliminare-le-righe\/\">Elimina una riga o pi\u00f9 righe in Excel<\/a><\/li><li> <a href=\"https:\/\/exceladvisor.org\/it\/copia-colonna\/\">Copia e incolla una colonna in Excel<\/a><\/li><li> <a href=\"https:\/\/exceladvisor.org\/it\/sposta-la-colonna-della-riga\/\">Sposta una riga e una colonna in Excel<\/a><\/li><li> <a href=\"https:\/\/exceladvisor.org\/it\/larghezza-della-colonna\/\">Come modificare la larghezza delle colonne in Excel<\/a><\/li><li> <a href=\"https:\/\/exceladvisor.org\/it\/scambiare-la-cella\/\">Scambia rapidamente due celle in Excel<\/a><\/li><\/ul><\/div><\/div><\/div><\/div>","protected":false},"excerpt":{"rendered":"","protected":false},"author":1,"featured_media":0,"parent":0,"menu_order":0,"comment_status":"open","ping_status":"closed","template":"","meta":{"ub_ctt_via":"","footnotes":""},"class_list":["post-2096","page","type-page","status-publish","hentry"],"featured_image_src":null,"yoast_head":"<!-- This site is optimized with the Yoast SEO plugin v25.4 - https:\/\/yoast.com\/wordpress\/plugins\/seo\/ -->\n<title>Come visualizzare le righe in Excel? \u2013 Consulente Excel<\/title>\n<meta name=\"description\" content=\"Questo \u00e8 un tutorial di base su Microsoft Excel per imparare a visualizzare le righe in un foglio (singola + tutte le righe).\" \/>\n<meta name=\"robots\" content=\"index, follow, max-snippet:-1, max-image-preview:large, max-video-preview:-1\" \/>\n<link rel=\"canonical\" href=\"https:\/\/exceladvisor.org\/it\/mostra-linee\/\" \/>\n<meta property=\"og:locale\" content=\"it_IT\" \/>\n<meta property=\"og:type\" content=\"article\" \/>\n<meta property=\"og:title\" content=\"Come visualizzare le righe in Excel? \u2013 Consulente Excel\" \/>\n<meta property=\"og:description\" content=\"Questo \u00e8 un tutorial di base su Microsoft Excel per imparare a visualizzare le righe in un foglio (singola + tutte le righe).\" \/>\n<meta property=\"og:url\" content=\"https:\/\/exceladvisor.org\/it\/mostra-linee\/\" \/>\n<meta property=\"og:site_name\" content=\"Excel Advisor\" \/>\n<meta property=\"article:modified_time\" content=\"2023-12-10T06:27:09+00:00\" \/>\n<meta property=\"og:image\" content=\"https:\/\/exceladvisor.org\/wp-content\/uploads\/2023\/08\/gif-afficher-une-seule-ligne.gif\" \/>\n<meta name=\"twitter:card\" content=\"summary_large_image\" \/>\n<meta name=\"twitter:label1\" content=\"Tempo di lettura stimato\" \/>\n\t<meta name=\"twitter:data1\" content=\"2 minuti\" \/>\n<script type=\"application\/ld+json\" class=\"yoast-schema-graph\">{\"@context\":\"https:\/\/schema.org\",\"@graph\":[{\"@type\":\"WebPage\",\"@id\":\"https:\/\/exceladvisor.org\/it\/mostra-linee\/\",\"url\":\"https:\/\/exceladvisor.org\/it\/mostra-linee\/\",\"name\":\"Come visualizzare le righe in Excel? \u2013 Consulente Excel\",\"isPartOf\":{\"@id\":\"https:\/\/exceladvisor.org\/it\/#website\"},\"primaryImageOfPage\":{\"@id\":\"https:\/\/exceladvisor.org\/it\/mostra-linee\/#primaryimage\"},\"image\":{\"@id\":\"https:\/\/exceladvisor.org\/it\/mostra-linee\/#primaryimage\"},\"thumbnailUrl\":\"https:\/\/exceladvisor.org\/wp-content\/uploads\/2023\/08\/gif-afficher-une-seule-ligne.gif\",\"datePublished\":\"2023-10-18T00:33:31+00:00\",\"dateModified\":\"2023-12-10T06:27:09+00:00\",\"description\":\"Questo \u00e8 un tutorial di base su Microsoft Excel per imparare a visualizzare le righe in un foglio (singola + tutte le righe).\",\"breadcrumb\":{\"@id\":\"https:\/\/exceladvisor.org\/it\/mostra-linee\/#breadcrumb\"},\"inLanguage\":\"it-IT\",\"potentialAction\":[{\"@type\":\"ReadAction\",\"target\":[\"https:\/\/exceladvisor.org\/it\/mostra-linee\/\"]}]},{\"@type\":\"ImageObject\",\"inLanguage\":\"it-IT\",\"@id\":\"https:\/\/exceladvisor.org\/it\/mostra-linee\/#primaryimage\",\"url\":\"https:\/\/exceladvisor.org\/wp-content\/uploads\/2023\/08\/gif-afficher-une-seule-ligne.gif\",\"contentUrl\":\"https:\/\/exceladvisor.org\/wp-content\/uploads\/2023\/08\/gif-afficher-une-seule-ligne.gif\"},{\"@type\":\"BreadcrumbList\",\"@id\":\"https:\/\/exceladvisor.org\/it\/mostra-linee\/#breadcrumb\",\"itemListElement\":[{\"@type\":\"ListItem\",\"position\":1,\"name\":\"Home\",\"item\":\"https:\/\/exceladvisor.org\/it\/\"},{\"@type\":\"ListItem\",\"position\":2,\"name\":\"Come visualizzare le righe in excel?\"}]},{\"@type\":\"WebSite\",\"@id\":\"https:\/\/exceladvisor.org\/it\/#website\",\"url\":\"https:\/\/exceladvisor.org\/it\/\",\"name\":\"Excel Advisor\",\"description\":\"Tips, Tricks, and Time-Saving Hacks\",\"publisher\":{\"@id\":\"https:\/\/exceladvisor.org\/it\/#organization\"},\"potentialAction\":[{\"@type\":\"SearchAction\",\"target\":{\"@type\":\"EntryPoint\",\"urlTemplate\":\"https:\/\/exceladvisor.org\/it\/?s={search_term_string}\"},\"query-input\":{\"@type\":\"PropertyValueSpecification\",\"valueRequired\":true,\"valueName\":\"search_term_string\"}}],\"inLanguage\":\"it-IT\"},{\"@type\":\"Organization\",\"@id\":\"https:\/\/exceladvisor.org\/it\/#organization\",\"name\":\"Excel Advisor\",\"url\":\"https:\/\/exceladvisor.org\/it\/\",\"logo\":{\"@type\":\"ImageObject\",\"inLanguage\":\"it-IT\",\"@id\":\"https:\/\/exceladvisor.org\/it\/#\/schema\/logo\/image\/\",\"url\":\"https:\/\/exceladvisor.org\/it\/wp-content\/uploads\/2023\/12\/exceladvisor.org_.png\",\"contentUrl\":\"https:\/\/exceladvisor.org\/it\/wp-content\/uploads\/2023\/12\/exceladvisor.org_.png\",\"width\":105,\"height\":36,\"caption\":\"Excel Advisor\"},\"image\":{\"@id\":\"https:\/\/exceladvisor.org\/it\/#\/schema\/logo\/image\/\"}}]}<\/script>\n<!-- \/ Yoast SEO plugin. -->","yoast_head_json":{"title":"Come visualizzare le righe in Excel? \u2013 Consulente Excel","description":"Questo \u00e8 un tutorial di base su Microsoft Excel per imparare a visualizzare le righe in un foglio (singola + tutte le righe).","robots":{"index":"index","follow":"follow","max-snippet":"max-snippet:-1","max-image-preview":"max-image-preview:large","max-video-preview":"max-video-preview:-1"},"canonical":"https:\/\/exceladvisor.org\/it\/mostra-linee\/","og_locale":"it_IT","og_type":"article","og_title":"Come visualizzare le righe in Excel? \u2013 Consulente Excel","og_description":"Questo \u00e8 un tutorial di base su Microsoft Excel per imparare a visualizzare le righe in un foglio (singola + tutte le righe).","og_url":"https:\/\/exceladvisor.org\/it\/mostra-linee\/","og_site_name":"Excel Advisor","article_modified_time":"2023-12-10T06:27:09+00:00","og_image":[{"url":"https:\/\/exceladvisor.org\/wp-content\/uploads\/2023\/08\/gif-afficher-une-seule-ligne.gif","type":"","width":"","height":""}],"twitter_card":"summary_large_image","twitter_misc":{"Tempo di lettura stimato":"2 minuti"},"schema":{"@context":"https:\/\/schema.org","@graph":[{"@type":"WebPage","@id":"https:\/\/exceladvisor.org\/it\/mostra-linee\/","url":"https:\/\/exceladvisor.org\/it\/mostra-linee\/","name":"Come visualizzare le righe in Excel? \u2013 Consulente Excel","isPartOf":{"@id":"https:\/\/exceladvisor.org\/it\/#website"},"primaryImageOfPage":{"@id":"https:\/\/exceladvisor.org\/it\/mostra-linee\/#primaryimage"},"image":{"@id":"https:\/\/exceladvisor.org\/it\/mostra-linee\/#primaryimage"},"thumbnailUrl":"https:\/\/exceladvisor.org\/wp-content\/uploads\/2023\/08\/gif-afficher-une-seule-ligne.gif","datePublished":"2023-10-18T00:33:31+00:00","dateModified":"2023-12-10T06:27:09+00:00","description":"Questo \u00e8 un tutorial di base su Microsoft Excel per imparare a visualizzare le righe in un foglio (singola + tutte le righe).","breadcrumb":{"@id":"https:\/\/exceladvisor.org\/it\/mostra-linee\/#breadcrumb"},"inLanguage":"it-IT","potentialAction":[{"@type":"ReadAction","target":["https:\/\/exceladvisor.org\/it\/mostra-linee\/"]}]},{"@type":"ImageObject","inLanguage":"it-IT","@id":"https:\/\/exceladvisor.org\/it\/mostra-linee\/#primaryimage","url":"https:\/\/exceladvisor.org\/wp-content\/uploads\/2023\/08\/gif-afficher-une-seule-ligne.gif","contentUrl":"https:\/\/exceladvisor.org\/wp-content\/uploads\/2023\/08\/gif-afficher-une-seule-ligne.gif"},{"@type":"BreadcrumbList","@id":"https:\/\/exceladvisor.org\/it\/mostra-linee\/#breadcrumb","itemListElement":[{"@type":"ListItem","position":1,"name":"Home","item":"https:\/\/exceladvisor.org\/it\/"},{"@type":"ListItem","position":2,"name":"Come visualizzare le righe in excel?"}]},{"@type":"WebSite","@id":"https:\/\/exceladvisor.org\/it\/#website","url":"https:\/\/exceladvisor.org\/it\/","name":"Excel Advisor","description":"Tips, Tricks, and Time-Saving Hacks","publisher":{"@id":"https:\/\/exceladvisor.org\/it\/#organization"},"potentialAction":[{"@type":"SearchAction","target":{"@type":"EntryPoint","urlTemplate":"https:\/\/exceladvisor.org\/it\/?s={search_term_string}"},"query-input":{"@type":"PropertyValueSpecification","valueRequired":true,"valueName":"search_term_string"}}],"inLanguage":"it-IT"},{"@type":"Organization","@id":"https:\/\/exceladvisor.org\/it\/#organization","name":"Excel Advisor","url":"https:\/\/exceladvisor.org\/it\/","logo":{"@type":"ImageObject","inLanguage":"it-IT","@id":"https:\/\/exceladvisor.org\/it\/#\/schema\/logo\/image\/","url":"https:\/\/exceladvisor.org\/it\/wp-content\/uploads\/2023\/12\/exceladvisor.org_.png","contentUrl":"https:\/\/exceladvisor.org\/it\/wp-content\/uploads\/2023\/12\/exceladvisor.org_.png","width":105,"height":36,"caption":"Excel Advisor"},"image":{"@id":"https:\/\/exceladvisor.org\/it\/#\/schema\/logo\/image\/"}}]}},"yoast_meta":{"yoast_wpseo_title":"","yoast_wpseo_metadesc":"","yoast_wpseo_canonical":""},"_links":{"self":[{"href":"https:\/\/exceladvisor.org\/it\/wp-json\/wp\/v2\/pages\/2096","targetHints":{"allow":["GET"]}}],"collection":[{"href":"https:\/\/exceladvisor.org\/it\/wp-json\/wp\/v2\/pages"}],"about":[{"href":"https:\/\/exceladvisor.org\/it\/wp-json\/wp\/v2\/types\/page"}],"author":[{"embeddable":true,"href":"https:\/\/exceladvisor.org\/it\/wp-json\/wp\/v2\/users\/1"}],"replies":[{"embeddable":true,"href":"https:\/\/exceladvisor.org\/it\/wp-json\/wp\/v2\/comments?post=2096"}],"version-history":[{"count":1,"href":"https:\/\/exceladvisor.org\/it\/wp-json\/wp\/v2\/pages\/2096\/revisions"}],"predecessor-version":[{"id":2872,"href":"https:\/\/exceladvisor.org\/it\/wp-json\/wp\/v2\/pages\/2096\/revisions\/2872"}],"wp:attachment":[{"href":"https:\/\/exceladvisor.org\/it\/wp-json\/wp\/v2\/media?parent=2096"}],"curies":[{"name":"wp","href":"https:\/\/api.w.org\/{rel}","templated":true}]}}