{"id":2098,"date":"2023-10-17T19:47:21","date_gmt":"2023-10-17T19:47:21","guid":{"rendered":"https:\/\/exceladvisor.org\/it\/concentrarsi-sulla-selezione\/"},"modified":"2023-12-10T06:21:40","modified_gmt":"2023-12-10T06:21:40","slug":"concentrarsi-sulla-selezione","status":"publish","type":"page","link":"https:\/\/exceladvisor.org\/it\/concentrarsi-sulla-selezione\/","title":{"rendered":"Come centrare una selezione in excel?"},"content":{"rendered":"<div class=\"excel-prima-del-contenuto\" id=\"excel-1117032212\"><script type=\"text\/javascript\">\r\n\tatOptions = {\r\n\t\t'key' : 'c1158f160081d6540a8409e6925dab94',\r\n\t\t'format' : 'iframe',\r\n\t\t'height' : 250,\r\n\t\t'width' : 300,\r\n\t\t'params' : {}\r\n\t};\r\n<\/script>\r\n<script type=\"text\/javascript\" src=\"\/\/www.highperformanceformat.com\/c1158f160081d6540a8409e6925dab94\/invoke.js\"><\/script><\/div> <p>In Excel, molti di noi utilizzano ancora la funzione &#8220;Unisci celle&#8221; per centrare il testo su pi\u00f9 colonne unendo le celle, ma esiste un&#8217;altra funzionalit\u00e0 chiamata &#8220;Centra sulla selezione&#8221; che consente agli utenti di centrare il testo orizzontalmente su pi\u00f9 colonne. ma senza unire le celle.<\/p><p> Questa funzionalit\u00e0 di centrare il testo senza unire la selezione rende preferibile l&#8217;uso su celle unite perch\u00e9in caso di unione di celle la struttura dei dati pu\u00f2 essere manipolata e se selezioni una colonna che fa parte delle celle unite le altre colonne che fanno parte delle celle unite verranno selezionate anche le celle.<\/p><p> In questo tutorial, ti mostreremo come centrare il testo su pi\u00f9 celle selezionate.<\/p><h2 class=\"wp-block-heading\"> Passaggi per centrare sulla selezione in Excel<\/h2><ol><li> Innanzitutto, seleziona l&#8217;intervallo di celle su cui desideri centrare il testo.<\/li><li> Dopodich\u00e9 fai clic con il pulsante destro del mouse, quindi fai clic sull&#8217;opzione &#8220;Formatta celle&#8221; dall&#8217;elenco a discesa. <br><img loading=\"lazy\" decoding=\"async\" title=\"-seleziona-intervallo-celle\" src=\"https:\/\/exceladvisor.org\/wp-content\/uploads\/2023\/08\/1-selectionner-la-plage-de-cellules-2.png\" sizes=\"auto, \" srcset=\"\" alt=\"select-the-cells-range\" width=\"482\" height=\"391\"><\/li><li> Oppure seleziona l&#8217;intervallo di celle, quindi vai alla scheda &#8220;Home&#8221;, quindi fai clic su &#8220;Freccia di raggruppamento di allineamento&#8221; dal gruppo &#8220;Allineamento&#8221;. <br><img loading=\"lazy\" decoding=\"async\" title=\"-align-raggruppamento-freccia\" src=\"https:\/\/exceladvisor.org\/wp-content\/uploads\/2023\/08\/2-fleche-de-regroupement-dalignement.png\" sizes=\"auto, \" srcset=\"\" alt=\"alignment-grouping-arrow\" width=\"603\" height=\"253\"><\/li><li> A questo punto si aprir\u00e0 la finestra di dialogo \u201cFormatta celle\u201d.<\/li><li> Qui, vai alla scheda \u201cAllineamento\u201d, quindi fai clic sulla freccia a discesa del campo \u201cOrizzontale\u201d e scegli \u201cCentra sulla selezione\u201d e fai clic su OK. <br><img loading=\"lazy\" decoding=\"async\" title=\"-scegli-centra sulla selezione\" src=\"https:\/\/exceladvisor.org\/wp-content\/uploads\/2023\/08\/3-choisir-le-centre-de-la-selection.png\" sizes=\"auto, \" srcset=\"\" alt=\"choose-center-across-selection\" width=\"514\" height=\"419\"><\/li><li> Ora quando inserisci il testo nella prima cella della selezione, Excel lo posizioner\u00e0 &#8220;Centrato sulla selezione&#8221;. <br><img loading=\"lazy\" decoding=\"async\" title=\"-inserisci-testo-nella-prima-cella-dell'intervallo-di-selezione\" src=\"https:\/\/exceladvisor.org\/wp-content\/uploads\/2023\/08\/4-saisir-du-texte-dans-la-premiere-cellule-de-la-plage-de-selection.png\" sizes=\"auto, \" srcset=\"\" alt=\"enter-text-in-first-cell-of-selection-range\" width=\"659\" height=\"140\"><\/li><\/ol><p> Nell&#8217;immagine sopra puoi vedere che abbiamo inserito il testo nella colonna A e creato Excel in &#8220;Centra sulla selezione&#8221; e sembra che le celle siano unite ma non lo sono.<\/p><p> Anche se inserisci il testo in una delle celle della selezione anzich\u00e9 nella prima cella, sar\u00e0 comunque centrato nella selezione, ma quel centro non sar\u00e0 il centro esatto.<\/p><h2 class=\"wp-block-heading\"> Centrare la selezione utilizzando la scorciatoia da tastiera<\/h2><p> Non esiste una scorciatoia da tastiera diretta per centrare il testo sulla selezione, ma s\u00ec, usando la combinazione di alcune scorciatoie da tastiera puoi farlo.<\/p><p> <kbd>Ctrl<\/kbd> + <kbd>1<\/kbd> \u2192 <kbd>A<\/kbd> \u2192 <kbd>Tab<\/kbd> \u2192 <kbd>C<\/kbd> \u2192 <kbd>C<\/kbd> \u2192 <kbd>Invio<\/kbd> \u2192 <kbd>Invio<\/kbd><\/p><ul><li> Innanzitutto, seleziona l&#8217;intervallo di celle, quindi premi la scorciatoia &#8220;Ctrl+1&#8221; per aprire la finestra di dialogo &#8220;Formatta celle&#8221;.<\/li><li> Una volta aperto, premi semplicemente &#8220;A&#8221; per accedere alla scheda &#8220;Allineamento&#8221; nella finestra di dialogo &#8220;Formato celle&#8221;.<\/li><li> Successivamente, premi il tasto &#8220;Tab&#8221; per evidenziare il campo &#8220;Orizzontale&#8221;.<\/li><li> Ora, premi due volte il tasto \u201cC\u201d per selezionare l\u2019opzione \u201cCentra sulla selezione\u201d, quindi premi due volte il tasto \u201cInvio\u201d.<\/li><\/ul><h2 class=\"wp-block-heading\"> Centra sulla selezione VS unisci le celle<\/h2><p> Credo che tu abbia gi\u00e0 notato che la differenza tra questi due \u00e8 &#8220;Unione e non unione di celle&#8221; mentre si crea il testo &#8220;Centra sulla selezione&#8221;.<\/p><p> Finora, durante la stesura di questo blog, non abbiamo trovato alcun modo per utilizzare questo &#8220;Center Across Selection&#8221; sulla selezione verticale.<\/p><div class=\"gb-container gb-container-4db6181c gb-container-mt\"> <a class=\"gb-button gb-button-c5897111 gb-button-text gb-button-mt-button\" href=\"https:\/\/exceladvisor.org\/it\/nozioni-di-base-su-excel\/\">Nozioni di base su Microsoft Excel (componenti, parti e note informative)<\/a><h2 class=\"gb-headline gb-headline-665e5f6b gb-headline-text gb-headline-mt-heading\"> Tutorial correlati <\/h2><div class=\"gb-grid-wrapper gb-grid-wrapper-a20baf7c gb-grid-wrapper-mt-grid\"><div class=\"gb-grid-column gb-grid-column-65ddf67e\"><div class=\"gb-container gb-container-65ddf67e\"><ul><li> <a href=\"https:\/\/exceladvisor.org\/it\/stampare-i-titoli\/\">Applica titoli di stampa in Excel (imposta la riga 1 per stampare su ogni pagina)<\/a><\/li><li> <a href=\"https:\/\/exceladvisor.org\/it\/carta-millimetrata\/\">Stampare un foglio di carta millimetrata in Excel (modello di griglia quadrata)<\/a><\/li><li> <a href=\"https:\/\/exceladvisor.org\/it\/rimuovere-linterruzione-di-pagina\/\">Rimuovi l&#8217;interruzione di pagina in Excel<\/a><\/li><li> <a href=\"https:\/\/exceladvisor.org\/it\/impostare-larea-di-stampa\/\">Imposta l&#8217;area di stampa in Excel<\/a><\/li><li> <a href=\"https:\/\/exceladvisor.org\/it\/centrare-il-foglio-di-lavoro-orizzontalmente\/\">Centrare un foglio di lavoro orizzontalmente e verticalmente in Excel<\/a><\/li><\/ul><\/div><\/div><\/div><\/div>","protected":false},"excerpt":{"rendered":"","protected":false},"author":1,"featured_media":0,"parent":0,"menu_order":0,"comment_status":"open","ping_status":"closed","template":"","meta":{"ub_ctt_via":"","footnotes":""},"class_list":["post-2098","page","type-page","status-publish","hentry"],"featured_image_src":null,"yoast_head":"<!-- This site is optimized with the Yoast SEO plugin v25.4 - https:\/\/yoast.com\/wordpress\/plugins\/seo\/ -->\n<title>Come centrare una selezione in Excel?<\/title>\n<meta name=\"description\" content=\"Questa guida rapida ti aiuter\u00e0 a unire le celle con Centra nella selezione. Ne discuteremo in passaggi facili da seguire.\" \/>\n<meta name=\"robots\" content=\"index, follow, max-snippet:-1, max-image-preview:large, max-video-preview:-1\" \/>\n<link rel=\"canonical\" href=\"https:\/\/exceladvisor.org\/it\/concentrarsi-sulla-selezione\/\" \/>\n<meta property=\"og:locale\" content=\"it_IT\" \/>\n<meta property=\"og:type\" content=\"article\" \/>\n<meta property=\"og:title\" content=\"Come centrare una selezione in Excel?\" \/>\n<meta property=\"og:description\" content=\"Questa guida rapida ti aiuter\u00e0 a unire le celle con Centra nella selezione. Ne discuteremo in passaggi facili da seguire.\" \/>\n<meta property=\"og:url\" content=\"https:\/\/exceladvisor.org\/it\/concentrarsi-sulla-selezione\/\" \/>\n<meta property=\"og:site_name\" content=\"Excel Advisor\" \/>\n<meta property=\"article:modified_time\" content=\"2023-12-10T06:21:40+00:00\" \/>\n<meta property=\"og:image\" content=\"https:\/\/exceladvisor.org\/wp-content\/uploads\/2023\/08\/1-selectionner-la-plage-de-cellules-2.png\" \/>\n<meta name=\"twitter:card\" content=\"summary_large_image\" \/>\n<meta name=\"twitter:label1\" content=\"Tempo di lettura stimato\" \/>\n\t<meta name=\"twitter:data1\" content=\"3 minuti\" \/>\n<script type=\"application\/ld+json\" class=\"yoast-schema-graph\">{\"@context\":\"https:\/\/schema.org\",\"@graph\":[{\"@type\":\"WebPage\",\"@id\":\"https:\/\/exceladvisor.org\/it\/concentrarsi-sulla-selezione\/\",\"url\":\"https:\/\/exceladvisor.org\/it\/concentrarsi-sulla-selezione\/\",\"name\":\"Come centrare una selezione in Excel?\",\"isPartOf\":{\"@id\":\"https:\/\/exceladvisor.org\/it\/#website\"},\"primaryImageOfPage\":{\"@id\":\"https:\/\/exceladvisor.org\/it\/concentrarsi-sulla-selezione\/#primaryimage\"},\"image\":{\"@id\":\"https:\/\/exceladvisor.org\/it\/concentrarsi-sulla-selezione\/#primaryimage\"},\"thumbnailUrl\":\"https:\/\/exceladvisor.org\/wp-content\/uploads\/2023\/08\/1-selectionner-la-plage-de-cellules-2.png\",\"datePublished\":\"2023-10-17T19:47:21+00:00\",\"dateModified\":\"2023-12-10T06:21:40+00:00\",\"description\":\"Questa guida rapida ti aiuter\u00e0 a unire le celle con Centra nella selezione. Ne discuteremo in passaggi facili da seguire.\",\"breadcrumb\":{\"@id\":\"https:\/\/exceladvisor.org\/it\/concentrarsi-sulla-selezione\/#breadcrumb\"},\"inLanguage\":\"it-IT\",\"potentialAction\":[{\"@type\":\"ReadAction\",\"target\":[\"https:\/\/exceladvisor.org\/it\/concentrarsi-sulla-selezione\/\"]}]},{\"@type\":\"ImageObject\",\"inLanguage\":\"it-IT\",\"@id\":\"https:\/\/exceladvisor.org\/it\/concentrarsi-sulla-selezione\/#primaryimage\",\"url\":\"https:\/\/exceladvisor.org\/wp-content\/uploads\/2023\/08\/1-selectionner-la-plage-de-cellules-2.png\",\"contentUrl\":\"https:\/\/exceladvisor.org\/wp-content\/uploads\/2023\/08\/1-selectionner-la-plage-de-cellules-2.png\"},{\"@type\":\"BreadcrumbList\",\"@id\":\"https:\/\/exceladvisor.org\/it\/concentrarsi-sulla-selezione\/#breadcrumb\",\"itemListElement\":[{\"@type\":\"ListItem\",\"position\":1,\"name\":\"Home\",\"item\":\"https:\/\/exceladvisor.org\/it\/\"},{\"@type\":\"ListItem\",\"position\":2,\"name\":\"Come centrare una selezione in excel?\"}]},{\"@type\":\"WebSite\",\"@id\":\"https:\/\/exceladvisor.org\/it\/#website\",\"url\":\"https:\/\/exceladvisor.org\/it\/\",\"name\":\"Excel Advisor\",\"description\":\"Tips, Tricks, and Time-Saving Hacks\",\"publisher\":{\"@id\":\"https:\/\/exceladvisor.org\/it\/#organization\"},\"potentialAction\":[{\"@type\":\"SearchAction\",\"target\":{\"@type\":\"EntryPoint\",\"urlTemplate\":\"https:\/\/exceladvisor.org\/it\/?s={search_term_string}\"},\"query-input\":{\"@type\":\"PropertyValueSpecification\",\"valueRequired\":true,\"valueName\":\"search_term_string\"}}],\"inLanguage\":\"it-IT\"},{\"@type\":\"Organization\",\"@id\":\"https:\/\/exceladvisor.org\/it\/#organization\",\"name\":\"Excel Advisor\",\"url\":\"https:\/\/exceladvisor.org\/it\/\",\"logo\":{\"@type\":\"ImageObject\",\"inLanguage\":\"it-IT\",\"@id\":\"https:\/\/exceladvisor.org\/it\/#\/schema\/logo\/image\/\",\"url\":\"https:\/\/exceladvisor.org\/it\/wp-content\/uploads\/2023\/12\/exceladvisor.org_.png\",\"contentUrl\":\"https:\/\/exceladvisor.org\/it\/wp-content\/uploads\/2023\/12\/exceladvisor.org_.png\",\"width\":105,\"height\":36,\"caption\":\"Excel Advisor\"},\"image\":{\"@id\":\"https:\/\/exceladvisor.org\/it\/#\/schema\/logo\/image\/\"}}]}<\/script>\n<!-- \/ Yoast SEO plugin. -->","yoast_head_json":{"title":"Come centrare una selezione in Excel?","description":"Questa guida rapida ti aiuter\u00e0 a unire le celle con Centra nella selezione. Ne discuteremo in passaggi facili da seguire.","robots":{"index":"index","follow":"follow","max-snippet":"max-snippet:-1","max-image-preview":"max-image-preview:large","max-video-preview":"max-video-preview:-1"},"canonical":"https:\/\/exceladvisor.org\/it\/concentrarsi-sulla-selezione\/","og_locale":"it_IT","og_type":"article","og_title":"Come centrare una selezione in Excel?","og_description":"Questa guida rapida ti aiuter\u00e0 a unire le celle con Centra nella selezione. Ne discuteremo in passaggi facili da seguire.","og_url":"https:\/\/exceladvisor.org\/it\/concentrarsi-sulla-selezione\/","og_site_name":"Excel Advisor","article_modified_time":"2023-12-10T06:21:40+00:00","og_image":[{"url":"https:\/\/exceladvisor.org\/wp-content\/uploads\/2023\/08\/1-selectionner-la-plage-de-cellules-2.png","type":"","width":"","height":""}],"twitter_card":"summary_large_image","twitter_misc":{"Tempo di lettura stimato":"3 minuti"},"schema":{"@context":"https:\/\/schema.org","@graph":[{"@type":"WebPage","@id":"https:\/\/exceladvisor.org\/it\/concentrarsi-sulla-selezione\/","url":"https:\/\/exceladvisor.org\/it\/concentrarsi-sulla-selezione\/","name":"Come centrare una selezione in Excel?","isPartOf":{"@id":"https:\/\/exceladvisor.org\/it\/#website"},"primaryImageOfPage":{"@id":"https:\/\/exceladvisor.org\/it\/concentrarsi-sulla-selezione\/#primaryimage"},"image":{"@id":"https:\/\/exceladvisor.org\/it\/concentrarsi-sulla-selezione\/#primaryimage"},"thumbnailUrl":"https:\/\/exceladvisor.org\/wp-content\/uploads\/2023\/08\/1-selectionner-la-plage-de-cellules-2.png","datePublished":"2023-10-17T19:47:21+00:00","dateModified":"2023-12-10T06:21:40+00:00","description":"Questa guida rapida ti aiuter\u00e0 a unire le celle con Centra nella selezione. Ne discuteremo in passaggi facili da seguire.","breadcrumb":{"@id":"https:\/\/exceladvisor.org\/it\/concentrarsi-sulla-selezione\/#breadcrumb"},"inLanguage":"it-IT","potentialAction":[{"@type":"ReadAction","target":["https:\/\/exceladvisor.org\/it\/concentrarsi-sulla-selezione\/"]}]},{"@type":"ImageObject","inLanguage":"it-IT","@id":"https:\/\/exceladvisor.org\/it\/concentrarsi-sulla-selezione\/#primaryimage","url":"https:\/\/exceladvisor.org\/wp-content\/uploads\/2023\/08\/1-selectionner-la-plage-de-cellules-2.png","contentUrl":"https:\/\/exceladvisor.org\/wp-content\/uploads\/2023\/08\/1-selectionner-la-plage-de-cellules-2.png"},{"@type":"BreadcrumbList","@id":"https:\/\/exceladvisor.org\/it\/concentrarsi-sulla-selezione\/#breadcrumb","itemListElement":[{"@type":"ListItem","position":1,"name":"Home","item":"https:\/\/exceladvisor.org\/it\/"},{"@type":"ListItem","position":2,"name":"Come centrare una selezione in excel?"}]},{"@type":"WebSite","@id":"https:\/\/exceladvisor.org\/it\/#website","url":"https:\/\/exceladvisor.org\/it\/","name":"Excel Advisor","description":"Tips, Tricks, and Time-Saving Hacks","publisher":{"@id":"https:\/\/exceladvisor.org\/it\/#organization"},"potentialAction":[{"@type":"SearchAction","target":{"@type":"EntryPoint","urlTemplate":"https:\/\/exceladvisor.org\/it\/?s={search_term_string}"},"query-input":{"@type":"PropertyValueSpecification","valueRequired":true,"valueName":"search_term_string"}}],"inLanguage":"it-IT"},{"@type":"Organization","@id":"https:\/\/exceladvisor.org\/it\/#organization","name":"Excel Advisor","url":"https:\/\/exceladvisor.org\/it\/","logo":{"@type":"ImageObject","inLanguage":"it-IT","@id":"https:\/\/exceladvisor.org\/it\/#\/schema\/logo\/image\/","url":"https:\/\/exceladvisor.org\/it\/wp-content\/uploads\/2023\/12\/exceladvisor.org_.png","contentUrl":"https:\/\/exceladvisor.org\/it\/wp-content\/uploads\/2023\/12\/exceladvisor.org_.png","width":105,"height":36,"caption":"Excel Advisor"},"image":{"@id":"https:\/\/exceladvisor.org\/it\/#\/schema\/logo\/image\/"}}]}},"yoast_meta":{"yoast_wpseo_title":"","yoast_wpseo_metadesc":"","yoast_wpseo_canonical":""},"_links":{"self":[{"href":"https:\/\/exceladvisor.org\/it\/wp-json\/wp\/v2\/pages\/2098","targetHints":{"allow":["GET"]}}],"collection":[{"href":"https:\/\/exceladvisor.org\/it\/wp-json\/wp\/v2\/pages"}],"about":[{"href":"https:\/\/exceladvisor.org\/it\/wp-json\/wp\/v2\/types\/page"}],"author":[{"embeddable":true,"href":"https:\/\/exceladvisor.org\/it\/wp-json\/wp\/v2\/users\/1"}],"replies":[{"embeddable":true,"href":"https:\/\/exceladvisor.org\/it\/wp-json\/wp\/v2\/comments?post=2098"}],"version-history":[{"count":1,"href":"https:\/\/exceladvisor.org\/it\/wp-json\/wp\/v2\/pages\/2098\/revisions"}],"predecessor-version":[{"id":2374,"href":"https:\/\/exceladvisor.org\/it\/wp-json\/wp\/v2\/pages\/2098\/revisions\/2374"}],"wp:attachment":[{"href":"https:\/\/exceladvisor.org\/it\/wp-json\/wp\/v2\/media?parent=2098"}],"curies":[{"name":"wp","href":"https:\/\/api.w.org\/{rel}","templated":true}]}}