{"id":2099,"date":"2023-10-17T18:10:45","date_gmt":"2023-10-17T18:10:45","guid":{"rendered":"https:\/\/exceladvisor.org\/it\/mesi-a-scorrimento-automatico\/"},"modified":"2023-12-10T06:22:58","modified_gmt":"2023-12-10T06:22:58","slug":"mesi-a-scorrimento-automatico","status":"publish","type":"page","link":"https:\/\/exceladvisor.org\/it\/mesi-a-scorrimento-automatico\/","title":{"rendered":"Come creare mesi consecutivi in excel?"},"content":{"rendered":"<div class=\"excel-prima-del-contenuto\" id=\"excel-4060435265\"><script type=\"text\/javascript\">\r\n\tatOptions = {\r\n\t\t'key' : 'c1158f160081d6540a8409e6925dab94',\r\n\t\t'format' : 'iframe',\r\n\t\t'height' : 250,\r\n\t\t'width' : 300,\r\n\t\t'params' : {}\r\n\t};\r\n<\/script>\r\n<script type=\"text\/javascript\" src=\"\/\/www.highperformanceformat.com\/c1158f160081d6540a8409e6925dab94\/invoke.js\"><\/script><\/div> <p>Quando si lavora con i set di dati, ci si trova spesso nella situazione di aggiungere una serie di date e di farlo solo con l&#8217;incremento dei mesi consecutivi. Molti di noi potrebbero non sapere che Excel ha la funzionalit\u00e0 disponibile per automatizzare lo stesso, il che pu\u00f2 far risparmiare tempo.<\/p><p> In questo tutorial ti mostreremo alcuni modi semplici e veloci per automatizzare i mesi consecutivi nella serie di date.<\/p><h2 class=\"wp-block-heading\"> Passaggi per creare mesi a scorrimento automatico utilizzando la maniglia di riempimento<\/h2><p> Fill Handle pu\u00f2 essere utilizzato per automatizzare diversi tipi di serie di dati e i mesi consecutivi sono uno di questi. Questo \u00e8 il modo pi\u00f9 semplice per automatizzare i mesi consecutivi.<\/p><ol><li> Inserisci prima la prima data nella cella da cui vuoi iniziare la serie di dati.<\/li><li> Successivamente, posiziona il cursore sulla \u201c <a href=\"https:\/\/exceladvisor.org\/it\/maniglia-di-riempimento\/\">maniglia di riempimento<\/a> \u201d in basso a destra della cella.<\/li><li> Ora premi e tieni premuto il mouse l\u00ec, quindi scorri verso il basso e creer\u00e0 la serie di date ma con l&#8217;incremento delle date.<\/li><li> Una volta terminato, fai clic sulla &#8220;maniglia di riempimento&#8221;, quindi scegli l&#8217;opzione &#8220;Riempi mesi&#8221;.<\/li><li> Nel momento in cui scegli &#8220;Riempi mesi&#8221;, la serie verr\u00e0 aggiornata con incrementi solo nei mesi consecutivi. <\/li><\/ol><div class=\"wp-block-image\"><figure class=\"aligncenter size-full is-resized\"><img loading=\"lazy\" decoding=\"async\" class=\"wp-image-84479\" src=\"https:\/\/exceladvisor.org\/wp-content\/uploads\/2023\/08\/1-mois-glissants-automatiques.gif\" sizes=\"auto, \" srcset=\"\" alt=\"mesi a scorrimento automatico\" width=\"338\" height=\"370\"><\/figure><\/div><h2 class=\"wp-block-heading\"> Automatizza i mesi consecutivi utilizzando l&#8217;opzione di riempimento<\/h2><ol><li> Innanzitutto, inserisci la data nella cella, quindi posiziona il cursore sulla &#8221; <a href=\"https:\/\/exceladvisor.org\/it\/maniglia-di-riempimento\/\">maniglia di riempimento<\/a> &#8221; in basso a destra della cella. <br><img loading=\"lazy\" decoding=\"async\" title=\"Maniglia a 2 passaggi con il mouse sul riempimento\" src=\"https:\/\/exceladvisor.org\/wp-content\/uploads\/2023\/08\/2-pointez-sur-la-poignee-de-remplissage.png\" sizes=\"auto, \" srcset=\"\" alt=\"hover-on-fill-handle\" width=\"261\" height=\"189\"><\/li><li> Successivamente, tieni premuto il mouse l\u00ec, quindi scorri verso il basso e creer\u00e0 la serie di date ma con l&#8217;incremento delle date. <br><img loading=\"lazy\" decoding=\"async\" title=\"Serie a 3 date con maniglia di riempimento\" src=\"https:\/\/exceladvisor.org\/wp-content\/uploads\/2023\/08\/3-series-de-dates-avec-poignee-de-remplissage.png\" sizes=\"auto, \" srcset=\"\" alt=\"date-series-with-fill-handle\" width=\"197\" height=\"320\"><\/li><li> Ora seleziona l&#8217;intera serie e vai alla scheda &#8220;Home&#8221;, quindi fai clic sull&#8217;icona &#8220;Riempi&#8221; sotto il gruppo &#8220;Modifica&#8221; e scegli l&#8217;opzione &#8220;Serie&#8221;. <br><img loading=\"lazy\" decoding=\"async\" title=\"4-scegli-la-serie-attualmente-modificata\" src=\"https:\/\/exceladvisor.org\/wp-content\/uploads\/2023\/08\/4-choisir-la-serie-en-cours-dedition.png\" sizes=\"auto, \" srcset=\"\" alt=\"choose-series-under-editing\" width=\"517\" height=\"364\"><\/li><li> Nella finestra di dialogo &#8220;Serie&#8221;, scegli l&#8217;opzione &#8220;Colonne&#8221;, quindi &#8220;Data&#8221;, quindi &#8220;Mese&#8221;, quindi inserisci 1 come valore nel campo &#8220;Valore passo&#8221; e fai clic su OK. <br><img loading=\"lazy\" decoding=\"async\" title=\"Dialogo della quinta serie\" src=\"https:\/\/exceladvisor.org\/wp-content\/uploads\/2023\/08\/Boite-de-dialogue-de-la-serie-5.png\" sizes=\"auto, \" srcset=\"\" alt=\"series-dialog-box\" width=\"337\" height=\"287\"><\/li><li> Nel momento in cui fai clic su OK, la serie di date selezionata verr\u00e0 aggiornata solo con incrementi in mesi. <br><img loading=\"lazy\" decoding=\"async\" title=\"Serie di 6 date con mesi incrementali\" src=\"https:\/\/exceladvisor.org\/wp-content\/uploads\/2023\/08\/6-series-de-dates-avec-des-mois-supplementaires.png\" sizes=\"auto, \" srcset=\"\" alt=\"date-series-with-incremental-months\" width=\"194\" height=\"318\"><\/li><\/ol><h2 class=\"wp-block-heading\"> Automatizza i mesi consecutivi utilizzando una formula<\/h2><p> \u00c8 inoltre possibile creare serie di date con mesi consecutivi utilizzando la combinazione delle funzioni DATA, ANNO, MESE, MOD e GIORNO.<\/p><pre class=\"wp-block-preformatted\"> =DATE(IF(MONTH(A2)+1&gt;12,YEAR(A2)+1,YEAR(A2)),IF(MONTH(A2)+1&gt;12,MOD(MONTH(A2)+1,12), MONTH(A2)+1),DAY(A2))<\/pre><ol><li> Inserisci prima la prima data nella cella da cui vuoi iniziare la serie di dati.<\/li><li> Successivamente, nella cella successiva appena sotto questa cella, scrivi la formula combinata fornita sopra e otterrai i dati con il mese mobile. <br><img loading=\"lazy\" decoding=\"async\" title=\"7 mesi scorrevoli utilizzando la formula\" src=\"https:\/\/exceladvisor.org\/wp-content\/uploads\/2023\/08\/7-mois-glissants-en-utilisant-la-formule.png\" sizes=\"auto, \" srcset=\"\" alt=\"rolling-months-using-formula\" width=\"994\" height=\"189\"><\/li><li> Ora, utilizzando l&#8217;opzione <a href=\"https:\/\/exceladvisor.org\/it\/maniglia-di-riempimento\/\">&#8220;Riempi maniglia&#8221;<\/a> , crea la serie di dati verso il basso. <br><img loading=\"lazy\" decoding=\"async\" title=\"8 trascinamenti utilizzando la maniglia di riempimento\" src=\"https:\/\/exceladvisor.org\/wp-content\/uploads\/2023\/08\/8-faites-glisser-a-laide-de-la-poignee-de-recopie.png\" sizes=\"auto, \" srcset=\"\" alt=\"drag-using-fill-handle\" width=\"247\" height=\"214\"><\/li><li> A questo punto, la serie di date \u00e8 stata creata con mesi consecutivi. <br><img loading=\"lazy\" decoding=\"async\" title=\"Solo serie di 9 date con mesi consecutivi\" src=\"https:\/\/exceladvisor.org\/wp-content\/uploads\/2023\/08\/9-series-de-dates-uniquement-avec-des-mois-glissants.png\" sizes=\"auto, \" srcset=\"\" alt=\"date-series-only-with-rolling-months\" width=\"200\" height=\"315\"><\/li><\/ol><h2 class=\"wp-block-heading\"> Come funziona questa formula?<\/h2><p> Per capire la formula. Dividiamo la formula in tre parti: <\/p><div class=\"wp-block-image\"><figure class=\"aligncenter size-full\"><img loading=\"lazy\" decoding=\"async\" class=\"wp-image-84488\" src=\"https:\/\/exceladvisor.org\/wp-content\/uploads\/2023\/08\/Formule-10-mois-glissants.png\" sizes=\"auto, \" srcset=\"\" alt=\"formula dei mesi mobili\" width=\"1514\" height=\"114\"><\/figure><\/div><pre class=\"wp-block-preformatted\"> =IF(MONTH(A2)+1&gt;12,YEAR(A2)+1,YEAR(A2))<\/pre><p> Nella prima parte, se il totale del mese pi\u00f9 1 \u00e8 maggiore di 12, restituir\u00e0 il valore dell&#8217;anno aggiungendovi 1, altrimenti restituir\u00e0 lo stesso anno che abbiamo nella data.<\/p><pre class=\"wp-block-preformatted\"> =IF(MONTH(A2)+1&gt;12,MOD(MONTH(A2)+1,12),MONTH(A2)+1)<\/pre><p> Nella seconda parte, se il mese pi\u00f9 1 totale \u00e8 maggiore di 12, divider\u00e0 il mese pi\u00f9 1 totale per 12 e restituir\u00e0 il resto di conseguenza, altrimenti aggiunger\u00e0 1 nel mese di conseguenza<\/p><p> Nella terza parte, la funzione &#8220;Data&#8221; prender\u00e0 i valori risultanti del mese e dell&#8217;anno dalla prima e dalla seconda parte della formula e aggiunger\u00e0 loro il numero del giorno della data.<\/p><div class=\"gb-container gb-container-4db6181c gb-container-mt\"> <a class=\"gb-button gb-button-c5897111 gb-button-text gb-button-mt-button\" href=\"https:\/\/exceladvisor.org\/it\/eccellere-in-anticipo\/\">Esercitazioni avanzate su Excel<\/a><h2 class=\"gb-headline gb-headline-665e5f6b gb-headline-text gb-headline-mt-heading\"> Tutorial correlati <\/h2><div class=\"gb-grid-wrapper gb-grid-wrapper-a20baf7c gb-grid-wrapper-mt-grid\"><div class=\"gb-grid-column gb-grid-column-65ddf67e\"><div class=\"gb-container gb-container-65ddf67e\"><ul><li> <a href=\"https:\/\/exceladvisor.org\/it\/giustificare-completamente\/\">Compila Giustifica in Excel<\/a><\/li><li> <a href=\"https:\/\/exceladvisor.org\/it\/barra-delle-formule-excel\/\">Barra della formula in Excel (nascondi, mostra ed espandi)<\/a><\/li><li> <a href=\"https:\/\/exceladvisor.org\/it\/aggiungi-unintestazione-a-pie-di-pagina\/\">Aggiungi un&#8217;intestazione e un pi\u00e8 di pagina in Excel<\/a><\/li><li> <a href=\"https:\/\/exceladvisor.org\/it\/governate\/\">Mostra righello in Excel<\/a><\/li><li> <a href=\"https:\/\/exceladvisor.org\/it\/maniglia-di-riempimento\/\">Maniglia di riempimento in Excel<\/a><\/li><\/ul><\/div><\/div><\/div><\/div>","protected":false},"excerpt":{"rendered":"","protected":false},"author":1,"featured_media":0,"parent":0,"menu_order":0,"comment_status":"open","ping_status":"closed","template":"","meta":{"ub_ctt_via":"","footnotes":""},"class_list":["post-2099","page","type-page","status-publish","hentry"],"featured_image_src":null,"yoast_head":"<!-- This site is optimized with the Yoast SEO plugin v25.4 - https:\/\/yoast.com\/wordpress\/plugins\/seo\/ -->\n<title>Come creare mesi consecutivi in Excel?<\/title>\n<meta name=\"description\" content=\"Questa guida rapida ti aiuter\u00e0 a creare mesi consecutivi in Excel utilizzando l&#039;opzione maniglia di riempimento. Controlliamo questo.\" \/>\n<meta name=\"robots\" content=\"index, follow, max-snippet:-1, max-image-preview:large, max-video-preview:-1\" \/>\n<link rel=\"canonical\" href=\"https:\/\/exceladvisor.org\/it\/mesi-a-scorrimento-automatico\/\" \/>\n<meta property=\"og:locale\" content=\"it_IT\" \/>\n<meta property=\"og:type\" content=\"article\" \/>\n<meta property=\"og:title\" content=\"Come creare mesi consecutivi in Excel?\" \/>\n<meta property=\"og:description\" content=\"Questa guida rapida ti aiuter\u00e0 a creare mesi consecutivi in Excel utilizzando l&#039;opzione maniglia di riempimento. Controlliamo questo.\" \/>\n<meta property=\"og:url\" content=\"https:\/\/exceladvisor.org\/it\/mesi-a-scorrimento-automatico\/\" \/>\n<meta property=\"og:site_name\" content=\"Excel Advisor\" \/>\n<meta property=\"article:modified_time\" content=\"2023-12-10T06:22:58+00:00\" \/>\n<meta property=\"og:image\" content=\"https:\/\/exceladvisor.org\/wp-content\/uploads\/2023\/08\/1-mois-glissants-automatiques.gif\" \/>\n<meta name=\"twitter:card\" content=\"summary_large_image\" \/>\n<meta name=\"twitter:label1\" content=\"Tempo di lettura stimato\" \/>\n\t<meta name=\"twitter:data1\" content=\"3 minuti\" \/>\n<script type=\"application\/ld+json\" class=\"yoast-schema-graph\">{\"@context\":\"https:\/\/schema.org\",\"@graph\":[{\"@type\":\"WebPage\",\"@id\":\"https:\/\/exceladvisor.org\/it\/mesi-a-scorrimento-automatico\/\",\"url\":\"https:\/\/exceladvisor.org\/it\/mesi-a-scorrimento-automatico\/\",\"name\":\"Come creare mesi consecutivi in Excel?\",\"isPartOf\":{\"@id\":\"https:\/\/exceladvisor.org\/it\/#website\"},\"primaryImageOfPage\":{\"@id\":\"https:\/\/exceladvisor.org\/it\/mesi-a-scorrimento-automatico\/#primaryimage\"},\"image\":{\"@id\":\"https:\/\/exceladvisor.org\/it\/mesi-a-scorrimento-automatico\/#primaryimage\"},\"thumbnailUrl\":\"https:\/\/exceladvisor.org\/wp-content\/uploads\/2023\/08\/1-mois-glissants-automatiques.gif\",\"datePublished\":\"2023-10-17T18:10:45+00:00\",\"dateModified\":\"2023-12-10T06:22:58+00:00\",\"description\":\"Questa guida rapida ti aiuter\u00e0 a creare mesi consecutivi in Excel utilizzando l&#39;opzione maniglia di riempimento. Controlliamo questo.\",\"breadcrumb\":{\"@id\":\"https:\/\/exceladvisor.org\/it\/mesi-a-scorrimento-automatico\/#breadcrumb\"},\"inLanguage\":\"it-IT\",\"potentialAction\":[{\"@type\":\"ReadAction\",\"target\":[\"https:\/\/exceladvisor.org\/it\/mesi-a-scorrimento-automatico\/\"]}]},{\"@type\":\"ImageObject\",\"inLanguage\":\"it-IT\",\"@id\":\"https:\/\/exceladvisor.org\/it\/mesi-a-scorrimento-automatico\/#primaryimage\",\"url\":\"https:\/\/exceladvisor.org\/wp-content\/uploads\/2023\/08\/1-mois-glissants-automatiques.gif\",\"contentUrl\":\"https:\/\/exceladvisor.org\/wp-content\/uploads\/2023\/08\/1-mois-glissants-automatiques.gif\"},{\"@type\":\"BreadcrumbList\",\"@id\":\"https:\/\/exceladvisor.org\/it\/mesi-a-scorrimento-automatico\/#breadcrumb\",\"itemListElement\":[{\"@type\":\"ListItem\",\"position\":1,\"name\":\"Home\",\"item\":\"https:\/\/exceladvisor.org\/it\/\"},{\"@type\":\"ListItem\",\"position\":2,\"name\":\"Come creare mesi consecutivi in excel?\"}]},{\"@type\":\"WebSite\",\"@id\":\"https:\/\/exceladvisor.org\/it\/#website\",\"url\":\"https:\/\/exceladvisor.org\/it\/\",\"name\":\"Excel Advisor\",\"description\":\"Tips, Tricks, and Time-Saving Hacks\",\"publisher\":{\"@id\":\"https:\/\/exceladvisor.org\/it\/#organization\"},\"potentialAction\":[{\"@type\":\"SearchAction\",\"target\":{\"@type\":\"EntryPoint\",\"urlTemplate\":\"https:\/\/exceladvisor.org\/it\/?s={search_term_string}\"},\"query-input\":{\"@type\":\"PropertyValueSpecification\",\"valueRequired\":true,\"valueName\":\"search_term_string\"}}],\"inLanguage\":\"it-IT\"},{\"@type\":\"Organization\",\"@id\":\"https:\/\/exceladvisor.org\/it\/#organization\",\"name\":\"Excel Advisor\",\"url\":\"https:\/\/exceladvisor.org\/it\/\",\"logo\":{\"@type\":\"ImageObject\",\"inLanguage\":\"it-IT\",\"@id\":\"https:\/\/exceladvisor.org\/it\/#\/schema\/logo\/image\/\",\"url\":\"https:\/\/exceladvisor.org\/it\/wp-content\/uploads\/2023\/12\/exceladvisor.org_.png\",\"contentUrl\":\"https:\/\/exceladvisor.org\/it\/wp-content\/uploads\/2023\/12\/exceladvisor.org_.png\",\"width\":105,\"height\":36,\"caption\":\"Excel Advisor\"},\"image\":{\"@id\":\"https:\/\/exceladvisor.org\/it\/#\/schema\/logo\/image\/\"}}]}<\/script>\n<!-- \/ Yoast SEO plugin. -->","yoast_head_json":{"title":"Come creare mesi consecutivi in Excel?","description":"Questa guida rapida ti aiuter\u00e0 a creare mesi consecutivi in Excel utilizzando l&#39;opzione maniglia di riempimento. Controlliamo questo.","robots":{"index":"index","follow":"follow","max-snippet":"max-snippet:-1","max-image-preview":"max-image-preview:large","max-video-preview":"max-video-preview:-1"},"canonical":"https:\/\/exceladvisor.org\/it\/mesi-a-scorrimento-automatico\/","og_locale":"it_IT","og_type":"article","og_title":"Come creare mesi consecutivi in Excel?","og_description":"Questa guida rapida ti aiuter\u00e0 a creare mesi consecutivi in Excel utilizzando l&#39;opzione maniglia di riempimento. Controlliamo questo.","og_url":"https:\/\/exceladvisor.org\/it\/mesi-a-scorrimento-automatico\/","og_site_name":"Excel Advisor","article_modified_time":"2023-12-10T06:22:58+00:00","og_image":[{"url":"https:\/\/exceladvisor.org\/wp-content\/uploads\/2023\/08\/1-mois-glissants-automatiques.gif","type":"","width":"","height":""}],"twitter_card":"summary_large_image","twitter_misc":{"Tempo di lettura stimato":"3 minuti"},"schema":{"@context":"https:\/\/schema.org","@graph":[{"@type":"WebPage","@id":"https:\/\/exceladvisor.org\/it\/mesi-a-scorrimento-automatico\/","url":"https:\/\/exceladvisor.org\/it\/mesi-a-scorrimento-automatico\/","name":"Come creare mesi consecutivi in Excel?","isPartOf":{"@id":"https:\/\/exceladvisor.org\/it\/#website"},"primaryImageOfPage":{"@id":"https:\/\/exceladvisor.org\/it\/mesi-a-scorrimento-automatico\/#primaryimage"},"image":{"@id":"https:\/\/exceladvisor.org\/it\/mesi-a-scorrimento-automatico\/#primaryimage"},"thumbnailUrl":"https:\/\/exceladvisor.org\/wp-content\/uploads\/2023\/08\/1-mois-glissants-automatiques.gif","datePublished":"2023-10-17T18:10:45+00:00","dateModified":"2023-12-10T06:22:58+00:00","description":"Questa guida rapida ti aiuter\u00e0 a creare mesi consecutivi in Excel utilizzando l&#39;opzione maniglia di riempimento. Controlliamo questo.","breadcrumb":{"@id":"https:\/\/exceladvisor.org\/it\/mesi-a-scorrimento-automatico\/#breadcrumb"},"inLanguage":"it-IT","potentialAction":[{"@type":"ReadAction","target":["https:\/\/exceladvisor.org\/it\/mesi-a-scorrimento-automatico\/"]}]},{"@type":"ImageObject","inLanguage":"it-IT","@id":"https:\/\/exceladvisor.org\/it\/mesi-a-scorrimento-automatico\/#primaryimage","url":"https:\/\/exceladvisor.org\/wp-content\/uploads\/2023\/08\/1-mois-glissants-automatiques.gif","contentUrl":"https:\/\/exceladvisor.org\/wp-content\/uploads\/2023\/08\/1-mois-glissants-automatiques.gif"},{"@type":"BreadcrumbList","@id":"https:\/\/exceladvisor.org\/it\/mesi-a-scorrimento-automatico\/#breadcrumb","itemListElement":[{"@type":"ListItem","position":1,"name":"Home","item":"https:\/\/exceladvisor.org\/it\/"},{"@type":"ListItem","position":2,"name":"Come creare mesi consecutivi in excel?"}]},{"@type":"WebSite","@id":"https:\/\/exceladvisor.org\/it\/#website","url":"https:\/\/exceladvisor.org\/it\/","name":"Excel Advisor","description":"Tips, Tricks, and Time-Saving Hacks","publisher":{"@id":"https:\/\/exceladvisor.org\/it\/#organization"},"potentialAction":[{"@type":"SearchAction","target":{"@type":"EntryPoint","urlTemplate":"https:\/\/exceladvisor.org\/it\/?s={search_term_string}"},"query-input":{"@type":"PropertyValueSpecification","valueRequired":true,"valueName":"search_term_string"}}],"inLanguage":"it-IT"},{"@type":"Organization","@id":"https:\/\/exceladvisor.org\/it\/#organization","name":"Excel Advisor","url":"https:\/\/exceladvisor.org\/it\/","logo":{"@type":"ImageObject","inLanguage":"it-IT","@id":"https:\/\/exceladvisor.org\/it\/#\/schema\/logo\/image\/","url":"https:\/\/exceladvisor.org\/it\/wp-content\/uploads\/2023\/12\/exceladvisor.org_.png","contentUrl":"https:\/\/exceladvisor.org\/it\/wp-content\/uploads\/2023\/12\/exceladvisor.org_.png","width":105,"height":36,"caption":"Excel Advisor"},"image":{"@id":"https:\/\/exceladvisor.org\/it\/#\/schema\/logo\/image\/"}}]}},"yoast_meta":{"yoast_wpseo_title":"","yoast_wpseo_metadesc":"","yoast_wpseo_canonical":""},"_links":{"self":[{"href":"https:\/\/exceladvisor.org\/it\/wp-json\/wp\/v2\/pages\/2099","targetHints":{"allow":["GET"]}}],"collection":[{"href":"https:\/\/exceladvisor.org\/it\/wp-json\/wp\/v2\/pages"}],"about":[{"href":"https:\/\/exceladvisor.org\/it\/wp-json\/wp\/v2\/types\/page"}],"author":[{"embeddable":true,"href":"https:\/\/exceladvisor.org\/it\/wp-json\/wp\/v2\/users\/1"}],"replies":[{"embeddable":true,"href":"https:\/\/exceladvisor.org\/it\/wp-json\/wp\/v2\/comments?post=2099"}],"version-history":[{"count":1,"href":"https:\/\/exceladvisor.org\/it\/wp-json\/wp\/v2\/pages\/2099\/revisions"}],"predecessor-version":[{"id":2464,"href":"https:\/\/exceladvisor.org\/it\/wp-json\/wp\/v2\/pages\/2099\/revisions\/2464"}],"wp:attachment":[{"href":"https:\/\/exceladvisor.org\/it\/wp-json\/wp\/v2\/media?parent=2099"}],"curies":[{"name":"wp","href":"https:\/\/api.w.org\/{rel}","templated":true}]}}