{"id":2101,"date":"2023-10-17T00:17:04","date_gmt":"2023-10-17T00:17:04","guid":{"rendered":"https:\/\/exceladvisor.org\/it\/allineare\/"},"modified":"2023-12-10T06:19:29","modified_gmt":"2023-12-10T06:19:29","slug":"allineare","status":"publish","type":"page","link":"https:\/\/exceladvisor.org\/it\/allineare\/","title":{"rendered":"Che cos&#39;\u00e8 un intervallo excel e le sue caratteristiche?"},"content":{"rendered":"<div class=\"excel-prima-del-contenuto\" id=\"excel-4015344634\"><script type=\"text\/javascript\">\r\n\tatOptions = {\r\n\t\t'key' : 'c1158f160081d6540a8409e6925dab94',\r\n\t\t'format' : 'iframe',\r\n\t\t'height' : 250,\r\n\t\t'width' : 300,\r\n\t\t'params' : {}\r\n\t};\r\n<\/script>\r\n<script type=\"text\/javascript\" src=\"\/\/www.highperformanceformat.com\/c1158f160081d6540a8409e6925dab94\/invoke.js\"><\/script><\/div> <h2 class=\"wp-block-heading\">Che cos&#8217;\u00e8 un intervallo in Excel<\/h2><p> Un intervallo \u00e8 un gruppo di pi\u00f9 celle in Excel. Pu\u00f2 esserci un intervallo continuo o non continuo. Proprio come una singola cella, ogni intervallo ha un indirizzo che puoi utilizzare per fare riferimento a quell&#8217;intervallo. Anche una colonna e una riga sono una forma di intervallo continuo perch\u00e9 sono un gruppo di celle.<\/p><h2 class=\"wp-block-heading\"> Seleziona l&#8217;intervallo di celle<\/h2><p> Quando lavori con i dati in Excel, devi selezionare un intervallo che ti consenta di copiarli, spostarli ed eliminarli (anche molte altre cose).<\/p><p> Per selezionare l&#8217;intero intervallo, selezionare la cella da cui si vuole iniziare la selezione (C1). Tenendo premuto il pulsante sinistro del mouse, seleziona la cella in cui desideri estendere la selezione dell&#8217;intervallo. <\/p><div class=\"wp-block-image\"><figure class=\"aligncenter size-full is-resized\"><img loading=\"lazy\" decoding=\"async\" class=\"wp-image-78750\" src=\"https:\/\/exceladvisor.org\/wp-content\/uploads\/2023\/08\/image-gif.gif\" sizes=\"auto, \" srcset=\"\" alt=\"\" width=\"480\" height=\"321\"><\/figure><\/div><p> Un altro modo per selezionare l&#8217;intervallo \u00e8 premere il tasto Maiusc e utilizzare i tasti di navigazione. Come puoi vedere nell&#8217;istantanea sopra, selezioniamo l&#8217;intervallo da C1 a C10.<\/p><p class=\"tips\"> Quando selezioni un intervallo, Excel visualizza il numero di righe e colonne nella casella Nome a sinistra della barra della formula.<\/p><p class=\"tips\"> Una volta completata la selezione, nella casella del nome viene visualizzato l&#8217;indirizzo della cella attiva che non \u00e8 evidenziata. <\/p><div class=\"wp-block-image\"><figure class=\"aligncenter size-full is-resized\"><img loading=\"lazy\" decoding=\"async\" class=\"wp-image-78744\" src=\"https:\/\/exceladvisor.org\/wp-content\/uploads\/2023\/08\/1-case-nom-dans-la-feuille.png\" sizes=\"auto, \" srcset=\"\" alt=\"nome-campo-nel-foglio\" width=\"500\" height=\"216\"><\/figure><\/div><h2 class=\"wp-block-heading\"> Riferito ad un intervallo contiguo<\/h2><p> Per fare riferimento a un intervallo in una funzione o formula, sono disponibili due metodi diversi:<\/p><ul><li> <strong>Mouse:<\/strong> puoi selezionare l&#8217;intervallo utilizzando il mouse mentre inserisci una funzione o una formula.<\/li><li> <strong>Digita:<\/strong> puoi anche digitare l&#8217;indirizzo dell&#8217;intervallo con la tastiera quando inserisci una funzione o una formula. <\/li><\/ul><div class=\"wp-block-image\"><figure class=\"aligncenter size-full is-resized\"><img loading=\"lazy\" decoding=\"async\" class=\"wp-image-78745\" src=\"https:\/\/exceladvisor.org\/wp-content\/uploads\/2023\/08\/2-plage-continue-de-reference.png\" sizes=\"auto, \" srcset=\"\" alt=\"intervallo-di-riferimento-continua\" width=\"721\" height=\"196\"><\/figure><\/div><h2 class=\"wp-block-heading\"> Riferimento ad un intervallo non contiguo<\/h2><p> Per fare riferimento a un intervallo non continuo, attenersi alla seguente procedura:<\/p><ol><li> Innanzitutto, seleziona la prima cella o intervallo e digita un comando.<\/li><li> Successivamente, tieni premuto il tasto Ctrl e seleziona la seconda riga nel foglio di lavoro, quindi digita nuovamente una virgola.<\/li><li> Alla fine, seleziona la terza riga di celle.<\/li><\/ol><p> Di seguito abbiamo selezionato B3:B5, C2:C6 e D3:D5. <\/p><div class=\"wp-block-image\"><figure class=\"aligncenter size-full is-resized\"><img loading=\"lazy\" decoding=\"async\" class=\"wp-image-78746\" src=\"https:\/\/exceladvisor.org\/wp-content\/uploads\/2023\/08\/3-gamme-non-continue-de-reference.png\" sizes=\"auto, \" srcset=\"\" alt=\"riferimento ad ambito non continuo\" width=\"646\" height=\"332\"><\/figure><\/div><p> Un altro modo per inserire l&#8217;indirizzo del primo intervallo, quindi utilizzare una virgola e digitare il secondo intervallo, quindi utilizzare nuovamente una virgola e digitare il terzo intervallo di celle nella formula o funzione.<\/p><div class=\"gb-container gb-container-4db6181c gb-container-mt\"> <a class=\"gb-button gb-button-c5897111 gb-button-text gb-button-mt-button\" href=\"https:\/\/exceladvisor.org\/it\/nozioni-di-base-su-excel\/\">Nozioni di base su Microsoft Excel (componenti, parti e note informative)<\/a><h2 class=\"gb-headline gb-headline-665e5f6b gb-headline-text gb-headline-mt-heading\"> Tutorial correlati <\/h2><div class=\"gb-grid-wrapper gb-grid-wrapper-a20baf7c gb-grid-wrapper-mt-grid\"><div class=\"gb-grid-column gb-grid-column-65ddf67e\"><div class=\"gb-container gb-container-65ddf67e\"><ul><li> <a href=\"https:\/\/exceladvisor.org\/it\/aggiungi-rimuovi-collegamenti-ipertestuali\/\">Aggiungi e rimuovi collegamenti ipertestuali in Excel<\/a><\/li><li> <a href=\"https:\/\/exceladvisor.org\/it\/aggiungi-filigrana\/\">Aggiungi una filigrana in Excel<\/a><\/li><li> <a href=\"https:\/\/exceladvisor.org\/it\/rimuovere-le-colonne-delle-righe-nascoste\/\">Elimina le righe nascoste in Excel<\/a><\/li><li> <a href=\"https:\/\/exceladvisor.org\/it\/deselezionare-le-celle\/\">Deseleziona le celle in Excel<\/a><\/li><li> <a href=\"https:\/\/exceladvisor.org\/it\/aggiungi-una-colonna\/\">Aggiungi una colonna in Excel<\/a><\/li><\/ul><\/div><\/div><\/div><\/div>","protected":false},"excerpt":{"rendered":"","protected":false},"author":1,"featured_media":0,"parent":0,"menu_order":0,"comment_status":"open","ping_status":"closed","template":"","meta":{"ub_ctt_via":"","footnotes":""},"class_list":["post-2101","page","type-page","status-publish","hentry"],"featured_image_src":null,"yoast_head":"<!-- This site is optimized with the Yoast SEO plugin v25.4 - https:\/\/yoast.com\/wordpress\/plugins\/seo\/ -->\n<title>\u25b7 Cos&#039;\u00e8 un intervallo Excel e le sue caratteristiche?<\/title>\n<meta name=\"description\" content=\"Questo \u00e8 un tutorial di base di Microsoft Excel per conoscere un intervallo di celle. Scopri anche come fare riferimento a un intervallo...\" \/>\n<meta name=\"robots\" content=\"index, follow, max-snippet:-1, max-image-preview:large, max-video-preview:-1\" \/>\n<link rel=\"canonical\" href=\"https:\/\/exceladvisor.org\/it\/allineare\/\" \/>\n<meta property=\"og:locale\" content=\"it_IT\" \/>\n<meta property=\"og:type\" content=\"article\" \/>\n<meta property=\"og:title\" content=\"\u25b7 Cos&#039;\u00e8 un intervallo Excel e le sue caratteristiche?\" \/>\n<meta property=\"og:description\" content=\"Questo \u00e8 un tutorial di base di Microsoft Excel per conoscere un intervallo di celle. Scopri anche come fare riferimento a un intervallo...\" \/>\n<meta property=\"og:url\" content=\"https:\/\/exceladvisor.org\/it\/allineare\/\" \/>\n<meta property=\"og:site_name\" content=\"Excel Advisor\" \/>\n<meta property=\"article:modified_time\" content=\"2023-12-10T06:19:29+00:00\" \/>\n<meta property=\"og:image\" content=\"https:\/\/exceladvisor.org\/wp-content\/uploads\/2023\/08\/image-gif.gif\" \/>\n<meta name=\"twitter:card\" content=\"summary_large_image\" \/>\n<meta name=\"twitter:label1\" content=\"Tempo di lettura stimato\" \/>\n\t<meta name=\"twitter:data1\" content=\"2 minuti\" \/>\n<script type=\"application\/ld+json\" class=\"yoast-schema-graph\">{\"@context\":\"https:\/\/schema.org\",\"@graph\":[{\"@type\":\"WebPage\",\"@id\":\"https:\/\/exceladvisor.org\/it\/allineare\/\",\"url\":\"https:\/\/exceladvisor.org\/it\/allineare\/\",\"name\":\"\u25b7 Cos&#39;\u00e8 un intervallo Excel e le sue caratteristiche?\",\"isPartOf\":{\"@id\":\"https:\/\/exceladvisor.org\/it\/#website\"},\"primaryImageOfPage\":{\"@id\":\"https:\/\/exceladvisor.org\/it\/allineare\/#primaryimage\"},\"image\":{\"@id\":\"https:\/\/exceladvisor.org\/it\/allineare\/#primaryimage\"},\"thumbnailUrl\":\"https:\/\/exceladvisor.org\/wp-content\/uploads\/2023\/08\/image-gif.gif\",\"datePublished\":\"2023-10-17T00:17:04+00:00\",\"dateModified\":\"2023-12-10T06:19:29+00:00\",\"description\":\"Questo \u00e8 un tutorial di base di Microsoft Excel per conoscere un intervallo di celle. Scopri anche come fare riferimento a un intervallo...\",\"breadcrumb\":{\"@id\":\"https:\/\/exceladvisor.org\/it\/allineare\/#breadcrumb\"},\"inLanguage\":\"it-IT\",\"potentialAction\":[{\"@type\":\"ReadAction\",\"target\":[\"https:\/\/exceladvisor.org\/it\/allineare\/\"]}]},{\"@type\":\"ImageObject\",\"inLanguage\":\"it-IT\",\"@id\":\"https:\/\/exceladvisor.org\/it\/allineare\/#primaryimage\",\"url\":\"https:\/\/exceladvisor.org\/wp-content\/uploads\/2023\/08\/image-gif.gif\",\"contentUrl\":\"https:\/\/exceladvisor.org\/wp-content\/uploads\/2023\/08\/image-gif.gif\"},{\"@type\":\"BreadcrumbList\",\"@id\":\"https:\/\/exceladvisor.org\/it\/allineare\/#breadcrumb\",\"itemListElement\":[{\"@type\":\"ListItem\",\"position\":1,\"name\":\"Home\",\"item\":\"https:\/\/exceladvisor.org\/it\/\"},{\"@type\":\"ListItem\",\"position\":2,\"name\":\"Che cos&#39;\u00e8 un intervallo excel e le sue caratteristiche?\"}]},{\"@type\":\"WebSite\",\"@id\":\"https:\/\/exceladvisor.org\/it\/#website\",\"url\":\"https:\/\/exceladvisor.org\/it\/\",\"name\":\"Excel Advisor\",\"description\":\"Tips, Tricks, and Time-Saving Hacks\",\"publisher\":{\"@id\":\"https:\/\/exceladvisor.org\/it\/#organization\"},\"potentialAction\":[{\"@type\":\"SearchAction\",\"target\":{\"@type\":\"EntryPoint\",\"urlTemplate\":\"https:\/\/exceladvisor.org\/it\/?s={search_term_string}\"},\"query-input\":{\"@type\":\"PropertyValueSpecification\",\"valueRequired\":true,\"valueName\":\"search_term_string\"}}],\"inLanguage\":\"it-IT\"},{\"@type\":\"Organization\",\"@id\":\"https:\/\/exceladvisor.org\/it\/#organization\",\"name\":\"Excel Advisor\",\"url\":\"https:\/\/exceladvisor.org\/it\/\",\"logo\":{\"@type\":\"ImageObject\",\"inLanguage\":\"it-IT\",\"@id\":\"https:\/\/exceladvisor.org\/it\/#\/schema\/logo\/image\/\",\"url\":\"https:\/\/exceladvisor.org\/it\/wp-content\/uploads\/2023\/12\/exceladvisor.org_.png\",\"contentUrl\":\"https:\/\/exceladvisor.org\/it\/wp-content\/uploads\/2023\/12\/exceladvisor.org_.png\",\"width\":105,\"height\":36,\"caption\":\"Excel Advisor\"},\"image\":{\"@id\":\"https:\/\/exceladvisor.org\/it\/#\/schema\/logo\/image\/\"}}]}<\/script>\n<!-- \/ Yoast SEO plugin. -->","yoast_head_json":{"title":"\u25b7 Cos&#39;\u00e8 un intervallo Excel e le sue caratteristiche?","description":"Questo \u00e8 un tutorial di base di Microsoft Excel per conoscere un intervallo di celle. Scopri anche come fare riferimento a un intervallo...","robots":{"index":"index","follow":"follow","max-snippet":"max-snippet:-1","max-image-preview":"max-image-preview:large","max-video-preview":"max-video-preview:-1"},"canonical":"https:\/\/exceladvisor.org\/it\/allineare\/","og_locale":"it_IT","og_type":"article","og_title":"\u25b7 Cos&#39;\u00e8 un intervallo Excel e le sue caratteristiche?","og_description":"Questo \u00e8 un tutorial di base di Microsoft Excel per conoscere un intervallo di celle. Scopri anche come fare riferimento a un intervallo...","og_url":"https:\/\/exceladvisor.org\/it\/allineare\/","og_site_name":"Excel Advisor","article_modified_time":"2023-12-10T06:19:29+00:00","og_image":[{"url":"https:\/\/exceladvisor.org\/wp-content\/uploads\/2023\/08\/image-gif.gif","type":"","width":"","height":""}],"twitter_card":"summary_large_image","twitter_misc":{"Tempo di lettura stimato":"2 minuti"},"schema":{"@context":"https:\/\/schema.org","@graph":[{"@type":"WebPage","@id":"https:\/\/exceladvisor.org\/it\/allineare\/","url":"https:\/\/exceladvisor.org\/it\/allineare\/","name":"\u25b7 Cos&#39;\u00e8 un intervallo Excel e le sue caratteristiche?","isPartOf":{"@id":"https:\/\/exceladvisor.org\/it\/#website"},"primaryImageOfPage":{"@id":"https:\/\/exceladvisor.org\/it\/allineare\/#primaryimage"},"image":{"@id":"https:\/\/exceladvisor.org\/it\/allineare\/#primaryimage"},"thumbnailUrl":"https:\/\/exceladvisor.org\/wp-content\/uploads\/2023\/08\/image-gif.gif","datePublished":"2023-10-17T00:17:04+00:00","dateModified":"2023-12-10T06:19:29+00:00","description":"Questo \u00e8 un tutorial di base di Microsoft Excel per conoscere un intervallo di celle. Scopri anche come fare riferimento a un intervallo...","breadcrumb":{"@id":"https:\/\/exceladvisor.org\/it\/allineare\/#breadcrumb"},"inLanguage":"it-IT","potentialAction":[{"@type":"ReadAction","target":["https:\/\/exceladvisor.org\/it\/allineare\/"]}]},{"@type":"ImageObject","inLanguage":"it-IT","@id":"https:\/\/exceladvisor.org\/it\/allineare\/#primaryimage","url":"https:\/\/exceladvisor.org\/wp-content\/uploads\/2023\/08\/image-gif.gif","contentUrl":"https:\/\/exceladvisor.org\/wp-content\/uploads\/2023\/08\/image-gif.gif"},{"@type":"BreadcrumbList","@id":"https:\/\/exceladvisor.org\/it\/allineare\/#breadcrumb","itemListElement":[{"@type":"ListItem","position":1,"name":"Home","item":"https:\/\/exceladvisor.org\/it\/"},{"@type":"ListItem","position":2,"name":"Che cos&#39;\u00e8 un intervallo excel e le sue caratteristiche?"}]},{"@type":"WebSite","@id":"https:\/\/exceladvisor.org\/it\/#website","url":"https:\/\/exceladvisor.org\/it\/","name":"Excel Advisor","description":"Tips, Tricks, and Time-Saving Hacks","publisher":{"@id":"https:\/\/exceladvisor.org\/it\/#organization"},"potentialAction":[{"@type":"SearchAction","target":{"@type":"EntryPoint","urlTemplate":"https:\/\/exceladvisor.org\/it\/?s={search_term_string}"},"query-input":{"@type":"PropertyValueSpecification","valueRequired":true,"valueName":"search_term_string"}}],"inLanguage":"it-IT"},{"@type":"Organization","@id":"https:\/\/exceladvisor.org\/it\/#organization","name":"Excel Advisor","url":"https:\/\/exceladvisor.org\/it\/","logo":{"@type":"ImageObject","inLanguage":"it-IT","@id":"https:\/\/exceladvisor.org\/it\/#\/schema\/logo\/image\/","url":"https:\/\/exceladvisor.org\/it\/wp-content\/uploads\/2023\/12\/exceladvisor.org_.png","contentUrl":"https:\/\/exceladvisor.org\/it\/wp-content\/uploads\/2023\/12\/exceladvisor.org_.png","width":105,"height":36,"caption":"Excel Advisor"},"image":{"@id":"https:\/\/exceladvisor.org\/it\/#\/schema\/logo\/image\/"}}]}},"yoast_meta":{"yoast_wpseo_title":"","yoast_wpseo_metadesc":"","yoast_wpseo_canonical":""},"_links":{"self":[{"href":"https:\/\/exceladvisor.org\/it\/wp-json\/wp\/v2\/pages\/2101","targetHints":{"allow":["GET"]}}],"collection":[{"href":"https:\/\/exceladvisor.org\/it\/wp-json\/wp\/v2\/pages"}],"about":[{"href":"https:\/\/exceladvisor.org\/it\/wp-json\/wp\/v2\/types\/page"}],"author":[{"embeddable":true,"href":"https:\/\/exceladvisor.org\/it\/wp-json\/wp\/v2\/users\/1"}],"replies":[{"embeddable":true,"href":"https:\/\/exceladvisor.org\/it\/wp-json\/wp\/v2\/comments?post=2101"}],"version-history":[{"count":1,"href":"https:\/\/exceladvisor.org\/it\/wp-json\/wp\/v2\/pages\/2101\/revisions"}],"predecessor-version":[{"id":2246,"href":"https:\/\/exceladvisor.org\/it\/wp-json\/wp\/v2\/pages\/2101\/revisions\/2246"}],"wp:attachment":[{"href":"https:\/\/exceladvisor.org\/it\/wp-json\/wp\/v2\/media?parent=2101"}],"curies":[{"name":"wp","href":"https:\/\/api.w.org\/{rel}","templated":true}]}}