{"id":2105,"date":"2023-10-16T03:28:30","date_gmt":"2023-10-16T03:28:30","guid":{"rendered":"https:\/\/exceladvisor.org\/it\/avvolgere-il-testo\/"},"modified":"2023-12-10T06:24:08","modified_gmt":"2023-12-10T06:24:08","slug":"avvolgere-il-testo","status":"publish","type":"page","link":"https:\/\/exceladvisor.org\/it\/avvolgere-il-testo\/","title":{"rendered":"Come mandare a capo il testo in excel?"},"content":{"rendered":"<div class=\"excel-prima-del-contenuto\" id=\"excel-3110230970\"><script type=\"text\/javascript\">\r\n\tatOptions = {\r\n\t\t'key' : 'c1158f160081d6540a8409e6925dab94',\r\n\t\t'format' : 'iframe',\r\n\t\t'height' : 250,\r\n\t\t'width' : 300,\r\n\t\t'params' : {}\r\n\t};\r\n<\/script>\r\n<script type=\"text\/javascript\" src=\"\/\/www.highperformanceformat.com\/c1158f160081d6540a8409e6925dab94\/invoke.js\"><\/script><\/div> <p>Excel ha la larghezza e l&#8217;altezza della cella predefinite, quindi quando inserisci il testo lungo nella cella, la parte di quel testo trabocca dalle celle o diventa invisibile a causa delle dimensioni maggiori di quel testo.<\/p><p> Per superare questo problema, Excel dispone della funzione di avvolgimento del testo che converte il testo in pi\u00f9 righe nella cella per adattarlo al testo nella cella. Ci\u00f2 converte il testo in pi\u00f9 righe e aumenta l&#8217;altezza della cella per adattarla al testo nella cella. <\/p><div class=\"wp-block-image\"><figure class=\"aligncenter size-full is-resized\"><img loading=\"lazy\" decoding=\"async\" class=\"wp-image-69497\" src=\"https:\/\/exceladvisor.org\/wp-content\/uploads\/2023\/08\/1-valeurs-reparties-sur-les-cellules.png\" sizes=\"auto, \" srcset=\"\" alt=\"valori riversati sulle cellule\" width=\"552\" height=\"216\"><\/figure><\/div><h2 class=\"wp-block-heading\"> Scorciatoia da tastiera per mandare a capo il testo in Excel<\/h2><p> La scorciatoia da tastiera per mandare a capo il testo \u00e8 la seguente:<\/p><p> <kbd>Alt<\/kbd> \u2192 <kbd>A<\/kbd> \u2192 <kbd>L<\/kbd> <\/p><div class=\"wp-block-image\"><figure class=\"aligncenter size-full is-resized\"><img loading=\"lazy\" decoding=\"async\" class=\"wp-image-69499\" src=\"https:\/\/exceladvisor.org\/wp-content\/uploads\/2023\/08\/2-raccourci-clavier-pour-envelopper-le-texte.png\" sizes=\"auto, \" srcset=\"\" alt=\"scorciatoia da tastiera per mandare a capo il testo\" width=\"810\" height=\"318\"><\/figure><\/div><h2 class=\"wp-block-heading\"> Passaggi per mandare a capo il testo utilizzando una scorciatoia da tastiera<\/h2><ol><li> Seleziona prima la cella, l&#8217;intervallo di celle o l&#8217;intera colonna. <br><img decoding=\"async\" title=\"Intervallo di 3 celle selezionato\" src=\"https:\/\/exceladvisor.org\/wp-content\/uploads\/2023\/08\/3-selectionner-une-plage-de-cellules.png\" sizes=\"\" srcset=\"\" alt=\"select-cells-range\"><\/li><li> Successivamente, premi i tasti &#8220;Alt \u2192 H \u2192 W&#8221; e i tuoi dati nelle celle verranno inseriti. <br><img decoding=\"async\" title=\"Testo a 4 a capo\" src=\"https:\/\/exceladvisor.org\/wp-content\/uploads\/2023\/08\/4-texte-enveloppe.png\" sizes=\"\" srcset=\"\" alt=\"wrapped-text\"><\/li><\/ol><p class=\"mynote\"> La disposizione del testo avvolge il testo aumentando l&#8217;altezza della cella e la larghezza della cella rimane invariata. Pertanto, quando aumenti o diminuisci la larghezza della cella, la disposizione del testo si regola automaticamente.<\/p><div class=\"gb-container gb-container-2116538e gb-container-mt\"> <a class=\"gb-button gb-button-f7d2c131 gb-button-text gb-button-mt-button\" href=\"https:\/\/exceladvisor.org\/it\/tasti-rapidi\/\">Scorciatoie da tastiera di Excel PDF<\/a><h2 class=\"gb-headline gb-headline-7ed68554 gb-headline-text gb-headline-mt-heading\"> Pi\u00f9 scorciatoie <\/h2><div class=\"gb-grid-wrapper gb-grid-wrapper-edeef538 gb-grid-wrapper-mt-grid\"><div class=\"gb-grid-column gb-grid-column-6ab6fbc6\"><div class=\"gb-container gb-container-6ab6fbc6\"><ul><li> <a href=\"https:\/\/exceladvisor.org\/it\/opzioni-di-cella-in-formato-aperto\/\">Opzione per aprire le celle di formato<\/a><\/li><li> <a href=\"https:\/\/exceladvisor.org\/it\/regolazione-automatica\/\">Regolazione automatica<\/a><\/li><li> <a href=\"https:\/\/exceladvisor.org\/it\/formato-pittore-1\/\">Formato pittore<\/a> <\/li><\/ul><\/div><\/div><div class=\"gb-grid-column gb-grid-column-766d598b\"><div class=\"gb-container gb-container-766d598b\"><ul><li> <a href=\"https:\/\/exceladvisor.org\/it\/aggiungi-un-trattino\/\">Aggiungi un trattino<\/a><\/li><li> <a href=\"https:\/\/exceladvisor.org\/it\/applicare-i-bordi\/\">Applicare il bordo<\/a><\/li><li> <a href=\"https:\/\/exceladvisor.org\/it\/colore-di-riempimento\/\">Colore di riempimento<\/a><\/li><\/ul><\/div><\/div><\/div><\/div>","protected":false},"excerpt":{"rendered":"","protected":false},"author":1,"featured_media":0,"parent":0,"menu_order":0,"comment_status":"open","ping_status":"closed","template":"","meta":{"ub_ctt_via":"","footnotes":""},"class_list":["post-2105","page","type-page","status-publish","hentry"],"featured_image_src":null,"yoast_head":"<!-- This site is optimized with the Yoast SEO plugin v25.4 - https:\/\/yoast.com\/wordpress\/plugins\/seo\/ -->\n<title>Come mandare a capo il testo in Excel? (scorciatoia Excel)<\/title>\n<meta name=\"description\" content=\"In questo tutorial imparerai come utilizzare una scorciatoia da tastiera per applicare il testo alla riga in Excel. Ora questa scorciatoia\" \/>\n<meta name=\"robots\" content=\"index, follow, max-snippet:-1, max-image-preview:large, max-video-preview:-1\" \/>\n<link rel=\"canonical\" href=\"https:\/\/exceladvisor.org\/it\/avvolgere-il-testo\/\" \/>\n<meta property=\"og:locale\" content=\"it_IT\" \/>\n<meta property=\"og:type\" content=\"article\" \/>\n<meta property=\"og:title\" content=\"Come mandare a capo il testo in Excel? (scorciatoia Excel)\" \/>\n<meta property=\"og:description\" content=\"In questo tutorial imparerai come utilizzare una scorciatoia da tastiera per applicare il testo alla riga in Excel. Ora questa scorciatoia\" \/>\n<meta property=\"og:url\" content=\"https:\/\/exceladvisor.org\/it\/avvolgere-il-testo\/\" \/>\n<meta property=\"og:site_name\" content=\"Excel Advisor\" \/>\n<meta property=\"article:modified_time\" content=\"2023-12-10T06:24:08+00:00\" \/>\n<meta property=\"og:image\" content=\"https:\/\/exceladvisor.org\/wp-content\/uploads\/2023\/08\/1-valeurs-reparties-sur-les-cellules.png\" \/>\n<meta name=\"twitter:card\" content=\"summary_large_image\" \/>\n<meta name=\"twitter:label1\" content=\"Tempo di lettura stimato\" \/>\n\t<meta name=\"twitter:data1\" content=\"1 minuto\" \/>\n<script type=\"application\/ld+json\" class=\"yoast-schema-graph\">{\"@context\":\"https:\/\/schema.org\",\"@graph\":[{\"@type\":\"WebPage\",\"@id\":\"https:\/\/exceladvisor.org\/it\/avvolgere-il-testo\/\",\"url\":\"https:\/\/exceladvisor.org\/it\/avvolgere-il-testo\/\",\"name\":\"Come mandare a capo il testo in Excel? (scorciatoia Excel)\",\"isPartOf\":{\"@id\":\"https:\/\/exceladvisor.org\/it\/#website\"},\"primaryImageOfPage\":{\"@id\":\"https:\/\/exceladvisor.org\/it\/avvolgere-il-testo\/#primaryimage\"},\"image\":{\"@id\":\"https:\/\/exceladvisor.org\/it\/avvolgere-il-testo\/#primaryimage\"},\"thumbnailUrl\":\"https:\/\/exceladvisor.org\/wp-content\/uploads\/2023\/08\/1-valeurs-reparties-sur-les-cellules.png\",\"datePublished\":\"2023-10-16T03:28:30+00:00\",\"dateModified\":\"2023-12-10T06:24:08+00:00\",\"description\":\"In questo tutorial imparerai come utilizzare una scorciatoia da tastiera per applicare il testo alla riga in Excel. Ora questa scorciatoia\",\"breadcrumb\":{\"@id\":\"https:\/\/exceladvisor.org\/it\/avvolgere-il-testo\/#breadcrumb\"},\"inLanguage\":\"it-IT\",\"potentialAction\":[{\"@type\":\"ReadAction\",\"target\":[\"https:\/\/exceladvisor.org\/it\/avvolgere-il-testo\/\"]}]},{\"@type\":\"ImageObject\",\"inLanguage\":\"it-IT\",\"@id\":\"https:\/\/exceladvisor.org\/it\/avvolgere-il-testo\/#primaryimage\",\"url\":\"https:\/\/exceladvisor.org\/wp-content\/uploads\/2023\/08\/1-valeurs-reparties-sur-les-cellules.png\",\"contentUrl\":\"https:\/\/exceladvisor.org\/wp-content\/uploads\/2023\/08\/1-valeurs-reparties-sur-les-cellules.png\"},{\"@type\":\"BreadcrumbList\",\"@id\":\"https:\/\/exceladvisor.org\/it\/avvolgere-il-testo\/#breadcrumb\",\"itemListElement\":[{\"@type\":\"ListItem\",\"position\":1,\"name\":\"Home\",\"item\":\"https:\/\/exceladvisor.org\/it\/\"},{\"@type\":\"ListItem\",\"position\":2,\"name\":\"Come mandare a capo il testo in excel?\"}]},{\"@type\":\"WebSite\",\"@id\":\"https:\/\/exceladvisor.org\/it\/#website\",\"url\":\"https:\/\/exceladvisor.org\/it\/\",\"name\":\"Excel Advisor\",\"description\":\"Tips, Tricks, and Time-Saving Hacks\",\"publisher\":{\"@id\":\"https:\/\/exceladvisor.org\/it\/#organization\"},\"potentialAction\":[{\"@type\":\"SearchAction\",\"target\":{\"@type\":\"EntryPoint\",\"urlTemplate\":\"https:\/\/exceladvisor.org\/it\/?s={search_term_string}\"},\"query-input\":{\"@type\":\"PropertyValueSpecification\",\"valueRequired\":true,\"valueName\":\"search_term_string\"}}],\"inLanguage\":\"it-IT\"},{\"@type\":\"Organization\",\"@id\":\"https:\/\/exceladvisor.org\/it\/#organization\",\"name\":\"Excel Advisor\",\"url\":\"https:\/\/exceladvisor.org\/it\/\",\"logo\":{\"@type\":\"ImageObject\",\"inLanguage\":\"it-IT\",\"@id\":\"https:\/\/exceladvisor.org\/it\/#\/schema\/logo\/image\/\",\"url\":\"https:\/\/exceladvisor.org\/it\/wp-content\/uploads\/2023\/12\/exceladvisor.org_.png\",\"contentUrl\":\"https:\/\/exceladvisor.org\/it\/wp-content\/uploads\/2023\/12\/exceladvisor.org_.png\",\"width\":105,\"height\":36,\"caption\":\"Excel Advisor\"},\"image\":{\"@id\":\"https:\/\/exceladvisor.org\/it\/#\/schema\/logo\/image\/\"}}]}<\/script>\n<!-- \/ Yoast SEO plugin. -->","yoast_head_json":{"title":"Come mandare a capo il testo in Excel? (scorciatoia Excel)","description":"In questo tutorial imparerai come utilizzare una scorciatoia da tastiera per applicare il testo alla riga in Excel. Ora questa scorciatoia","robots":{"index":"index","follow":"follow","max-snippet":"max-snippet:-1","max-image-preview":"max-image-preview:large","max-video-preview":"max-video-preview:-1"},"canonical":"https:\/\/exceladvisor.org\/it\/avvolgere-il-testo\/","og_locale":"it_IT","og_type":"article","og_title":"Come mandare a capo il testo in Excel? (scorciatoia Excel)","og_description":"In questo tutorial imparerai come utilizzare una scorciatoia da tastiera per applicare il testo alla riga in Excel. Ora questa scorciatoia","og_url":"https:\/\/exceladvisor.org\/it\/avvolgere-il-testo\/","og_site_name":"Excel Advisor","article_modified_time":"2023-12-10T06:24:08+00:00","og_image":[{"url":"https:\/\/exceladvisor.org\/wp-content\/uploads\/2023\/08\/1-valeurs-reparties-sur-les-cellules.png","type":"","width":"","height":""}],"twitter_card":"summary_large_image","twitter_misc":{"Tempo di lettura stimato":"1 minuto"},"schema":{"@context":"https:\/\/schema.org","@graph":[{"@type":"WebPage","@id":"https:\/\/exceladvisor.org\/it\/avvolgere-il-testo\/","url":"https:\/\/exceladvisor.org\/it\/avvolgere-il-testo\/","name":"Come mandare a capo il testo in Excel? (scorciatoia Excel)","isPartOf":{"@id":"https:\/\/exceladvisor.org\/it\/#website"},"primaryImageOfPage":{"@id":"https:\/\/exceladvisor.org\/it\/avvolgere-il-testo\/#primaryimage"},"image":{"@id":"https:\/\/exceladvisor.org\/it\/avvolgere-il-testo\/#primaryimage"},"thumbnailUrl":"https:\/\/exceladvisor.org\/wp-content\/uploads\/2023\/08\/1-valeurs-reparties-sur-les-cellules.png","datePublished":"2023-10-16T03:28:30+00:00","dateModified":"2023-12-10T06:24:08+00:00","description":"In questo tutorial imparerai come utilizzare una scorciatoia da tastiera per applicare il testo alla riga in Excel. Ora questa scorciatoia","breadcrumb":{"@id":"https:\/\/exceladvisor.org\/it\/avvolgere-il-testo\/#breadcrumb"},"inLanguage":"it-IT","potentialAction":[{"@type":"ReadAction","target":["https:\/\/exceladvisor.org\/it\/avvolgere-il-testo\/"]}]},{"@type":"ImageObject","inLanguage":"it-IT","@id":"https:\/\/exceladvisor.org\/it\/avvolgere-il-testo\/#primaryimage","url":"https:\/\/exceladvisor.org\/wp-content\/uploads\/2023\/08\/1-valeurs-reparties-sur-les-cellules.png","contentUrl":"https:\/\/exceladvisor.org\/wp-content\/uploads\/2023\/08\/1-valeurs-reparties-sur-les-cellules.png"},{"@type":"BreadcrumbList","@id":"https:\/\/exceladvisor.org\/it\/avvolgere-il-testo\/#breadcrumb","itemListElement":[{"@type":"ListItem","position":1,"name":"Home","item":"https:\/\/exceladvisor.org\/it\/"},{"@type":"ListItem","position":2,"name":"Come mandare a capo il testo in excel?"}]},{"@type":"WebSite","@id":"https:\/\/exceladvisor.org\/it\/#website","url":"https:\/\/exceladvisor.org\/it\/","name":"Excel Advisor","description":"Tips, Tricks, and Time-Saving Hacks","publisher":{"@id":"https:\/\/exceladvisor.org\/it\/#organization"},"potentialAction":[{"@type":"SearchAction","target":{"@type":"EntryPoint","urlTemplate":"https:\/\/exceladvisor.org\/it\/?s={search_term_string}"},"query-input":{"@type":"PropertyValueSpecification","valueRequired":true,"valueName":"search_term_string"}}],"inLanguage":"it-IT"},{"@type":"Organization","@id":"https:\/\/exceladvisor.org\/it\/#organization","name":"Excel Advisor","url":"https:\/\/exceladvisor.org\/it\/","logo":{"@type":"ImageObject","inLanguage":"it-IT","@id":"https:\/\/exceladvisor.org\/it\/#\/schema\/logo\/image\/","url":"https:\/\/exceladvisor.org\/it\/wp-content\/uploads\/2023\/12\/exceladvisor.org_.png","contentUrl":"https:\/\/exceladvisor.org\/it\/wp-content\/uploads\/2023\/12\/exceladvisor.org_.png","width":105,"height":36,"caption":"Excel Advisor"},"image":{"@id":"https:\/\/exceladvisor.org\/it\/#\/schema\/logo\/image\/"}}]}},"yoast_meta":{"yoast_wpseo_title":"","yoast_wpseo_metadesc":"","yoast_wpseo_canonical":""},"_links":{"self":[{"href":"https:\/\/exceladvisor.org\/it\/wp-json\/wp\/v2\/pages\/2105","targetHints":{"allow":["GET"]}}],"collection":[{"href":"https:\/\/exceladvisor.org\/it\/wp-json\/wp\/v2\/pages"}],"about":[{"href":"https:\/\/exceladvisor.org\/it\/wp-json\/wp\/v2\/types\/page"}],"author":[{"embeddable":true,"href":"https:\/\/exceladvisor.org\/it\/wp-json\/wp\/v2\/users\/1"}],"replies":[{"embeddable":true,"href":"https:\/\/exceladvisor.org\/it\/wp-json\/wp\/v2\/comments?post=2105"}],"version-history":[{"count":1,"href":"https:\/\/exceladvisor.org\/it\/wp-json\/wp\/v2\/pages\/2105\/revisions"}],"predecessor-version":[{"id":2564,"href":"https:\/\/exceladvisor.org\/it\/wp-json\/wp\/v2\/pages\/2105\/revisions\/2564"}],"wp:attachment":[{"href":"https:\/\/exceladvisor.org\/it\/wp-json\/wp\/v2\/media?parent=2105"}],"curies":[{"name":"wp","href":"https:\/\/api.w.org\/{rel}","templated":true}]}}