{"id":2106,"date":"2023-10-15T17:12:29","date_gmt":"2023-10-15T17:12:29","guid":{"rendered":"https:\/\/exceladvisor.org\/it\/formule-di-funzione\/"},"modified":"2023-12-10T06:26:20","modified_gmt":"2023-12-10T06:26:20","slug":"formule-di-funzione","status":"publish","type":"page","link":"https:\/\/exceladvisor.org\/it\/formule-di-funzione\/","title":{"rendered":"Come utilizzare funzioni e formule in power query?"},"content":{"rendered":"<div class=\"excel-prima-del-contenuto\" id=\"excel-281953184\"><script type=\"text\/javascript\">\r\n\tatOptions = {\r\n\t\t'key' : 'c1158f160081d6540a8409e6925dab94',\r\n\t\t'format' : 'iframe',\r\n\t\t'height' : 250,\r\n\t\t'width' : 300,\r\n\t\t'params' : {}\r\n\t};\r\n<\/script>\r\n<script type=\"text\/javascript\" src=\"\/\/www.highperformanceformat.com\/c1158f160081d6540a8409e6925dab94\/invoke.js\"><\/script><\/div> <p>In Power Query \u00e8 possibile utilizzare funzioni e formule quasi come se si utilizzassero in un foglio di calcolo. Power Query ha un lungo elenco di funzioni ed \u00e8 possibile scrivere formule utilizzando diverse funzioni o operatori di calcolo.<\/p><p> E in questo tutorial comprenderemo funzioni e formule in dettaglio.<\/p><h2 class=\"wp-block-heading\"> Scrivi la tua prima formula in Power Query<\/h2><p> In Power Query, a differenza di Excel, \u00e8 necessario aggiungere una nuova colonna per immettere una formula. Tuttavia, puoi inserirlo in una singola cella. Capiamolo con un esempio. Di seguito abbiamo alcuni valori nelle colonne A e B. <\/p><div class=\"wp-block-image\"><figure class=\"aligncenter size-full is-resized\"><img loading=\"lazy\" decoding=\"async\" class=\"wp-image-88811\" src=\"https:\/\/exceladvisor.org\/wp-content\/uploads\/2023\/08\/1-formule-dans-power-query.png\" sizes=\"auto, \" srcset=\"\" alt=\"formula-in-power-query\" width=\"185\" height=\"306\"><\/figure><\/div><p> E ora inserisci una nuova colonna con il totale di entrambe le colonne. Per ottenerlo, puoi seguire i passaggi seguenti:<\/p><ol><li> Innanzitutto, carica i dati nel potente editor di query (scheda Dati &gt; Da altre origini &gt; Da intervallo\/tabella). <br><img decoding=\"async\" style=\"height: 442px; width: 509px;\" title=\"2 query di caricamento dei dati in alimentazione\" src=\"https:\/\/exceladvisor.org\/wp-content\/uploads\/2023\/08\/2-charger-les-donnees-dans-la-requete-de-puissance.png\" sizes=\"\" srcset=\"\" alt=\"load-data-into-power-query\"><\/li><li> Nell&#8217;editor, devi andare alla scheda Aggiungi colonna e fare clic sul pulsante Colonna personalizzata per aprire la finestra di dialogo. <br><img decoding=\"async\" style=\"height: 429px; width: 540px;\" title=\"Colonna a 3 pulsanti personalizzata\" src=\"https:\/\/exceladvisor.org\/wp-content\/uploads\/2023\/08\/3-bouton-de-colonne-personnalise.png\" sizes=\"\" srcset=\"\" alt=\"custom-column-button\"><\/li><li> Da l\u00ec, nella finestra di dialogo, devi inserire la formula che desideri utilizzare. Il segno di uguale \u00e8 gi\u00e0 presente, quindi non \u00e8 necessario digitarlo. <br><img decoding=\"async\" style=\"height: 304px; width: 797px;\" title=\"4-inserire-la-formula-nella-finestra-di-dialogo\" src=\"https:\/\/exceladvisor.org\/wp-content\/uploads\/2023\/08\/4-entrez-la-formule-dans-la-boite-de-dialogue.png\" sizes=\"\" srcset=\"\" alt=\"enter-the-formula-in-dialog-box\"><\/li><li> Successivamente, \u00e8 necessario scrivere la formula:<ul><li> Fare clic su Jan nelle colonne disponibili per inserirlo nella formula.<\/li><\/ul><ul><li> Inserisci il segno pi\u00f9 (+).<\/li><\/ul><ul><li> Fare clic sul febbraio nelle colonne disponibili per inserirlo nella formula.<\/li><\/ul><ul><li> Inserisci anche un nome per la colonna. <\/li><\/ul><p><img decoding=\"async\" style=\"height: 404px; width: 665px;\" title=\"5-scrivi-formula-per-entrare-con-nuova-colonna-personalizzata\" src=\"https:\/\/exceladvisor.org\/wp-content\/uploads\/2023\/08\/5-ecrire-une-formule-a-saisir-avec-une-nouvelle-colonne-personnalisee.png\" sizes=\"\" srcset=\"\" alt=\"write-formula-to-enter-with-new-custom-column\"><\/p><\/li><li> Alla fine, fai clic su OK per inserire la formula con una nuova colonna personalizzata.<\/li><\/ol><p> Nel momento in cui premi Invio, viene inserita una nuova colonna con la somma delle colonne A e B (Gennaio e Febbraio). <\/p><div class=\"wp-block-image\"><figure class=\"aligncenter size-full is-resized\"><img loading=\"lazy\" decoding=\"async\" class=\"wp-image-88816\" src=\"https:\/\/exceladvisor.org\/wp-content\/uploads\/2023\/08\/6-nouvelle-colonne-avec-les-resultats-de-la-formule.png\" sizes=\"auto, \" srcset=\"\" alt=\"nuova colonna con risultati della formula\" width=\"552\" height=\"306\"><\/figure><\/div><p> Alla fine, fai clic sul pulsante Chiudi e carica nella scheda Home per caricare i dati in un nuovo foglio di lavoro in Excel. <\/p><div class=\"wp-block-image\"><figure class=\"aligncenter size-full is-resized\"><img loading=\"lazy\" decoding=\"async\" class=\"wp-image-88817\" src=\"https:\/\/exceladvisor.org\/wp-content\/uploads\/2023\/08\/7-cliquez-sur-fermer-et-charger.png\" sizes=\"auto, \" srcset=\"\" alt=\"fai clic su chiudi e carica\" width=\"494\" height=\"156\"><\/figure><\/div><p> E una volta fatto clic su di esso, chiuder\u00e0 il potente editor di query e caricher\u00e0 i dati inserendo un nuovo foglio di lavoro. <\/p><div class=\"wp-block-image\"><figure class=\"aligncenter size-full is-resized\"><img loading=\"lazy\" decoding=\"async\" class=\"wp-image-88818\" src=\"https:\/\/exceladvisor.org\/wp-content\/uploads\/2023\/08\/8-charge-les-donnees-en-inserant-une-nouvelle-feuille-de-calcul.png\" sizes=\"auto, \" srcset=\"\" alt=\"caricare-dati-inserendo-un-nuovo-foglio-di-lavoro\" width=\"435\" height=\"401\"><\/figure><\/div><p> Come query avanzata in tempo reale, ottieni tutti i nuovi valori in questa tabella quando inserisci nuovi valori nei dati di origine e aggiorni la nuova tabella ricaricata dall&#8217;editor di query avanzate. Quindi anche il calcolo dei nuovi valori verr\u00e0 fatto anche durante il refresh.<\/p><h2 class=\"wp-block-heading\"> Modifica di una formula<\/h2><p> Dopo aver scritto una formula in Power Query, puoi modificarla.<\/p><ul><li> Innanzitutto, seleziona una delle celle nella nuova tabella e vai alla scheda &#8220;Query&#8221; sulla barra multifunzione.<\/li><li> E poi, fai clic sul pulsante Modifica. <\/li><\/ul><div class=\"wp-block-image\"><figure class=\"aligncenter size-full is-resized\"><img loading=\"lazy\" decoding=\"async\" class=\"wp-image-88819\" src=\"https:\/\/exceladvisor.org\/wp-content\/uploads\/2023\/08\/9-modifier-une-formule-dans-power-query.png\" sizes=\"auto, \" srcset=\"\" alt=\"modificare-una-formula-in-power-query\" width=\"473\" height=\"379\"><\/figure><\/div><p> Dopo aver fatto clic sul pulsante Modifica, si apre l&#8217;editor di Power Query. <\/p><div class=\"wp-block-image\"><figure class=\"aligncenter size-full is-resized\"><img loading=\"lazy\" decoding=\"async\" class=\"wp-image-88820\" src=\"https:\/\/exceladvisor.org\/wp-content\/uploads\/2023\/08\/10-editeur-de-requete-de-puissance-ouvert.png\" sizes=\"auto, \" srcset=\"\" alt=\"power-query-editor-aperto\" width=\"600\" height=\"377\"><\/figure><\/div><p> Da qui, devi andare sul lato destro della finestra dove si trovano i \u201cPassaggi applicati\u201d.<\/p><p> Quindi fai clic su &#8220;Aggiunta personalizzata&#8221; per aprire la finestra di dialogo della colonna personalizzata in cui inserisci inizialmente la formula. <\/p><div class=\"wp-block-image\"><figure class=\"aligncenter size-full is-resized\"><img loading=\"lazy\" decoding=\"async\" class=\"wp-image-88821\" src=\"https:\/\/exceladvisor.org\/wp-content\/uploads\/2023\/08\/11-cliquez-sur-la-coutume-ajoutee.png\" sizes=\"auto, \" srcset=\"\" alt=\"fare clic su aggiunto-personalizzato\" width=\"242\" height=\"274\"><\/figure><\/div><p> E dalla finestra di dialogo puoi modificare e modificare la formula che hai scritto. <\/p><div class=\"wp-block-image\"><figure class=\"aligncenter size-full is-resized\"><img loading=\"lazy\" decoding=\"async\" class=\"wp-image-88822\" src=\"https:\/\/exceladvisor.org\/wp-content\/uploads\/2023\/08\/12-modifier-ou-modifier-la-formule-existante.png\" sizes=\"auto, \" srcset=\"\" alt=\"modificare-o-cambiare-la-formula-esistente\" width=\"626\" height=\"238\"><\/figure><\/div><p> L&#8217;uso delle formule in Power Query \u00e8 simile <a href=\"https:\/\/exceladvisor.org\/it\/formule\/\">alle formule in Excel<\/a> ; \u00e8 sufficiente conoscere la funzione o l&#8217;operatore corretto da utilizzare.<\/p><p> Nella parte successiva di questo tutorial, impareremo come utilizzare una funzione per ottenere il risultato desiderato o creare un risultato specifico con Power query.<\/p><h2 class=\"wp-block-heading\"> Utilizzo delle funzioni in Power Query<\/h2><p> Come Excel, Power Query ha un lungo elenco di funzioni che puoi utilizzare per calcoli specifici.<\/p><p> E pi\u00f9 avanti in questo tutorial, impareremo come utilizzare una funzione per capire come inserirla utilizzando una nuova colonna personalizzata, ed <a href=\"https:\/\/learn.microsoft.com\/en-us\/powerquery-m\/power-query-m-function-reference\" target=\"_blank\" rel=\"noreferrer noopener nofollow\">ecco l&#8217;elenco<\/a> delle funzioni Microsoft che puoi consultare per trovare la funzione di cui hai bisogno.<\/p><p> Nell&#8217;esempio seguente, abbiamo un elenco di date e ora dobbiamo ottenere l&#8217;ultima data del mese a cui appartengono questi giorni. Ad esempio, se una data \u00e8 del mese (maggio), dobbiamo ottenere l&#8217;ultima data di maggio. <\/p><div class=\"wp-block-image\"><figure class=\"aligncenter size-full is-resized\"><img loading=\"lazy\" decoding=\"async\" class=\"wp-image-88823\" src=\"https:\/\/exceladvisor.org\/wp-content\/uploads\/2023\/08\/13-fonctions-dutilisation-dans-la-requete-de-puissance.png\" sizes=\"auto, \" srcset=\"\" alt=\"utilizzare-funzioni-in-power-query\" width=\"152\" height=\"311\"><\/figure><\/div><p> E per questo possiamo usare la funzione Date.EndOfMonth. In questa funzione, abbiamo solo un argomento da definire: <strong>dateTime<\/strong> .<\/p><p> Dopo aver caricato i dati nell&#8217;editor di query avanzato, devi andare alla scheda Aggiungi colonna e fare clic sul pulsante Colonna personalizzata per aprire la finestra di dialogo della colonna personalizzata. <\/p><div class=\"wp-block-image\"><figure class=\"aligncenter size-full is-resized\"><img loading=\"lazy\" decoding=\"async\" class=\"wp-image-88824\" src=\"https:\/\/exceladvisor.org\/wp-content\/uploads\/2023\/08\/14-ouvrir-une-boite-de-dialogue-personnalisee.png\" sizes=\"auto, \" srcset=\"\" alt=\"aprire la finestra di dialogo personalizzata\" width=\"406\" height=\"150\"><\/figure><\/div><p> Nella finestra di dialogo, immettere il nome della funzione, Date.EndOfMonth. Immediatamente, Intellisense visualizzer\u00e0 un elenco di funzioni correlate quando inizi a digitare il nome della funzione. <\/p><div class=\"wp-block-image\"><figure class=\"aligncenter size-full is-resized\"><img loading=\"lazy\" decoding=\"async\" class=\"wp-image-88825\" src=\"https:\/\/exceladvisor.org\/wp-content\/uploads\/2023\/08\/15-dans-la-boite-de-dialogue-entrez-le-nom-de-la-fonction.png\" sizes=\"auto, \" srcset=\"\" alt=\"nella-finestra-di-dialogo-inserisci-il-nome-della-funzione\" width=\"566\" height=\"311\"><\/figure><\/div><p> Puoi inserire il nome completo della funzione o fare clic sul nome che hai nell&#8217;elenco. Dopo aver inserito il nome della funzione, devi inserire una parentesi iniziale e ti mostrer\u00e0 i dettagli degli argomenti che devi specificare. <\/p><div class=\"wp-block-image\"><figure class=\"aligncenter size-full is-resized\"><img loading=\"lazy\" decoding=\"async\" class=\"wp-image-88826\" src=\"https:\/\/exceladvisor.org\/wp-content\/uploads\/2023\/08\/16-entrez-une-parenthese-ouvrante-apres-le-nom-de-la-formule.png\" sizes=\"auto, \" srcset=\"\" alt=\"inserisci le parentesi iniziali dopo il nome della formula\" width=\"591\" height=\"233\"><\/figure><\/div><p> Come ho detto prima, dobbiamo specificare l&#8217;argomento dateTime, che pu\u00f2 essere una data o un valore datetime. E abbiamo un elenco di date nei dati caricati nella query di alimentazione.<\/p><p> Pertanto, \u00e8 necessario inserire il nome della colonna nell&#8217;argomento della funzione. E poi chiudi la funzione con le parentesi di chiusura. <\/p><div class=\"wp-block-image\"><figure class=\"aligncenter size-full is-resized\"><img loading=\"lazy\" decoding=\"async\" class=\"wp-image-88827\" src=\"https:\/\/exceladvisor.org\/wp-content\/uploads\/2023\/08\/17-nom-de-colonne-dans-largument-de-la-fonction.png\" sizes=\"auto, \" srcset=\"\" alt=\"nome-colonna-nell'argomento-funzione\" width=\"712\" height=\"257\"><\/figure><\/div><p> Prima di fare clic su OK, aggiungi un nome per la nuova colonna. <\/p><div class=\"wp-block-image\"><figure class=\"aligncenter size-full is-resized\"><img loading=\"lazy\" decoding=\"async\" class=\"wp-image-88829\" src=\"https:\/\/exceladvisor.org\/wp-content\/uploads\/2023\/08\/18-ajouter-le-nom-de-la-nouvelle-colonne.png\" sizes=\"auto, \" srcset=\"\" alt=\"aggiungi-nuovo-nome-colonna\" width=\"696\" height=\"219\"><\/figure><\/div><p> Alla fine, fare clic su OK per inserire la colonna. E una volta fatto clic su OK, verr\u00e0 inserita una nuova colonna con l&#8217;ultima data del mese in base alla data che hai nella colonna corrispondente. <\/p><div class=\"wp-block-image\"><figure class=\"aligncenter size-full is-resized\"><img loading=\"lazy\" decoding=\"async\" class=\"wp-image-88830\" src=\"https:\/\/exceladvisor.org\/wp-content\/uploads\/2023\/08\/19-nouvelles-colonnes-avec-la-derniere-date-du-mois.png\" sizes=\"auto, \" srcset=\"\" alt=\"nuova-colonna-con-ultima-data-del-mese\" width=\"431\" height=\"316\"><\/figure><\/div><p> Questa colonna ha anche un&#8217;ora con la data, quindi \u00e8 necessario modificare il formato della colonna solo per la data. Fare clic sul menu a discesa &#8220;Tipo di dati&#8221; e selezionare &#8220;Data&#8221;. <\/p><div class=\"wp-block-image\"><figure class=\"aligncenter size-full is-resized\"><img loading=\"lazy\" decoding=\"async\" class=\"wp-image-88831\" src=\"https:\/\/exceladvisor.org\/wp-content\/uploads\/2023\/08\/20-a-partir-du-type-de-donnees-selectionner-la-date.png\" sizes=\"auto, \" srcset=\"\" alt=\"da-tipo-dati-seleziona-data\" width=\"626\" height=\"364\"><\/figure><\/div><p> Ci\u00f2 cambier\u00e0 il formato della colonna in Data. E puoi vedere che abbiamo l&#8217;ultima data del mese in base al mese che hai nella prima colonna. <\/p><div class=\"wp-block-image\"><figure class=\"aligncenter size-full is-resized\"><img loading=\"lazy\" decoding=\"async\" class=\"wp-image-88832\" src=\"https:\/\/exceladvisor.org\/wp-content\/uploads\/2023\/08\/Format-21-colonnes-change-en-date.png\" sizes=\"auto, \" srcset=\"\" alt=\"formato-colonna-modificato-in-data\" width=\"390\" height=\"286\"><\/figure><\/div><h2 class=\"wp-block-heading\"> Utilizzo delle funzioni per i calcoli<\/h2><p> Nell&#8217;esempio sopra, abbiamo utilizzato una semplice funzione per farti comprendere i passaggi per utilizzare qualsiasi funzione in Power query.<\/p><p> Una volta che sai quale funzione utilizzare per il calcolo che ti serve, puoi inserire una colonna personalizzata e inserire la funzione, quindi specificare gli argomenti richiesti.<\/p><div class=\"gb-container gb-container-9e2850fe gb-container-mt\"> <a class=\"gb-button gb-button-71636faa gb-button-text gb-button-mt-button\" href=\"https:\/\/exceladvisor.org\/it\/richiesta-di-potenza\/\">PowerQuery in Excel (esercitazione)<\/a><h2 class=\"gb-headline gb-headline-c566b2ed gb-headline-text gb-headline-mt-heading\"> Tutorial correlati <\/h2><div class=\"gb-grid-wrapper gb-grid-wrapper-b15ed1bf gb-grid-wrapper-mt-grid\"><div class=\"gb-grid-column gb-grid-column-6e9de105\"><div class=\"gb-container gb-container-6e9de105\"><ul><li> Unisci [Combina] pi\u00f9 FILE Excel in UN UNICO NOTEBOOK<\/li><li> <a href=\"https:\/\/exceladvisor.org\/it\/cercav-2\/\">Esegui CERCA.VERT in Power Query in Excel<\/a><\/li><li> <a href=\"https:\/\/exceladvisor.org\/it\/dati-non-ruotati\/\">Rimuovere il pivot dei dati in Excel utilizzando Power Query<\/a><\/li><li> <a href=\"https:\/\/exceladvisor.org\/it\/catena\/\">Power Query: concatena valori (testo e numeri)<\/a><\/li><li> <a href=\"https:\/\/exceladvisor.org\/it\/differenza-di-date\/\">Power query: differenza di data<\/a> <\/li><\/ul><\/div><\/div><div class=\"gb-grid-column gb-grid-column-4eaecde3\"><div class=\"gb-container gb-container-4eaecde3\"><\/div><\/div><\/div><\/div>","protected":false},"excerpt":{"rendered":"","protected":false},"author":1,"featured_media":0,"parent":0,"menu_order":0,"comment_status":"open","ping_status":"closed","template":"","meta":{"ub_ctt_via":"","footnotes":""},"class_list":["post-2106","page","type-page","status-publish","hentry"],"featured_image_src":null,"yoast_head":"<!-- This site is optimized with the Yoast SEO plugin v25.4 - https:\/\/yoast.com\/wordpress\/plugins\/seo\/ -->\n<title>Come utilizzare funzioni e formule in Power Query?<\/title>\n<meta name=\"description\" content=\"In Power Query \u00e8 possibile utilizzare funzioni e formule quasi come se si utilizzassero in un foglio di calcolo.\" \/>\n<meta name=\"robots\" content=\"index, follow, max-snippet:-1, max-image-preview:large, max-video-preview:-1\" \/>\n<link rel=\"canonical\" href=\"https:\/\/exceladvisor.org\/it\/formule-di-funzione\/\" \/>\n<meta property=\"og:locale\" content=\"it_IT\" \/>\n<meta property=\"og:type\" content=\"article\" \/>\n<meta property=\"og:title\" content=\"Come utilizzare funzioni e formule in Power Query?\" \/>\n<meta property=\"og:description\" content=\"In Power Query \u00e8 possibile utilizzare funzioni e formule quasi come se si utilizzassero in un foglio di calcolo.\" \/>\n<meta property=\"og:url\" content=\"https:\/\/exceladvisor.org\/it\/formule-di-funzione\/\" \/>\n<meta property=\"og:site_name\" content=\"Excel Advisor\" \/>\n<meta property=\"article:modified_time\" content=\"2023-12-10T06:26:20+00:00\" \/>\n<meta property=\"og:image\" content=\"https:\/\/exceladvisor.org\/wp-content\/uploads\/2023\/08\/1-formule-dans-power-query.png\" \/>\n<meta name=\"twitter:card\" content=\"summary_large_image\" \/>\n<meta name=\"twitter:label1\" content=\"Tempo di lettura stimato\" \/>\n\t<meta name=\"twitter:data1\" content=\"5 minuti\" \/>\n<script type=\"application\/ld+json\" class=\"yoast-schema-graph\">{\"@context\":\"https:\/\/schema.org\",\"@graph\":[{\"@type\":\"WebPage\",\"@id\":\"https:\/\/exceladvisor.org\/it\/formule-di-funzione\/\",\"url\":\"https:\/\/exceladvisor.org\/it\/formule-di-funzione\/\",\"name\":\"Come utilizzare funzioni e formule in Power Query?\",\"isPartOf\":{\"@id\":\"https:\/\/exceladvisor.org\/it\/#website\"},\"primaryImageOfPage\":{\"@id\":\"https:\/\/exceladvisor.org\/it\/formule-di-funzione\/#primaryimage\"},\"image\":{\"@id\":\"https:\/\/exceladvisor.org\/it\/formule-di-funzione\/#primaryimage\"},\"thumbnailUrl\":\"https:\/\/exceladvisor.org\/wp-content\/uploads\/2023\/08\/1-formule-dans-power-query.png\",\"datePublished\":\"2023-10-15T17:12:29+00:00\",\"dateModified\":\"2023-12-10T06:26:20+00:00\",\"description\":\"In Power Query \u00e8 possibile utilizzare funzioni e formule quasi come se si utilizzassero in un foglio di calcolo.\",\"breadcrumb\":{\"@id\":\"https:\/\/exceladvisor.org\/it\/formule-di-funzione\/#breadcrumb\"},\"inLanguage\":\"it-IT\",\"potentialAction\":[{\"@type\":\"ReadAction\",\"target\":[\"https:\/\/exceladvisor.org\/it\/formule-di-funzione\/\"]}]},{\"@type\":\"ImageObject\",\"inLanguage\":\"it-IT\",\"@id\":\"https:\/\/exceladvisor.org\/it\/formule-di-funzione\/#primaryimage\",\"url\":\"https:\/\/exceladvisor.org\/wp-content\/uploads\/2023\/08\/1-formule-dans-power-query.png\",\"contentUrl\":\"https:\/\/exceladvisor.org\/wp-content\/uploads\/2023\/08\/1-formule-dans-power-query.png\"},{\"@type\":\"BreadcrumbList\",\"@id\":\"https:\/\/exceladvisor.org\/it\/formule-di-funzione\/#breadcrumb\",\"itemListElement\":[{\"@type\":\"ListItem\",\"position\":1,\"name\":\"Home\",\"item\":\"https:\/\/exceladvisor.org\/it\/\"},{\"@type\":\"ListItem\",\"position\":2,\"name\":\"Come utilizzare funzioni e formule in power query?\"}]},{\"@type\":\"WebSite\",\"@id\":\"https:\/\/exceladvisor.org\/it\/#website\",\"url\":\"https:\/\/exceladvisor.org\/it\/\",\"name\":\"Excel Advisor\",\"description\":\"Tips, Tricks, and Time-Saving Hacks\",\"publisher\":{\"@id\":\"https:\/\/exceladvisor.org\/it\/#organization\"},\"potentialAction\":[{\"@type\":\"SearchAction\",\"target\":{\"@type\":\"EntryPoint\",\"urlTemplate\":\"https:\/\/exceladvisor.org\/it\/?s={search_term_string}\"},\"query-input\":{\"@type\":\"PropertyValueSpecification\",\"valueRequired\":true,\"valueName\":\"search_term_string\"}}],\"inLanguage\":\"it-IT\"},{\"@type\":\"Organization\",\"@id\":\"https:\/\/exceladvisor.org\/it\/#organization\",\"name\":\"Excel Advisor\",\"url\":\"https:\/\/exceladvisor.org\/it\/\",\"logo\":{\"@type\":\"ImageObject\",\"inLanguage\":\"it-IT\",\"@id\":\"https:\/\/exceladvisor.org\/it\/#\/schema\/logo\/image\/\",\"url\":\"https:\/\/exceladvisor.org\/it\/wp-content\/uploads\/2023\/12\/exceladvisor.org_.png\",\"contentUrl\":\"https:\/\/exceladvisor.org\/it\/wp-content\/uploads\/2023\/12\/exceladvisor.org_.png\",\"width\":105,\"height\":36,\"caption\":\"Excel Advisor\"},\"image\":{\"@id\":\"https:\/\/exceladvisor.org\/it\/#\/schema\/logo\/image\/\"}}]}<\/script>\n<!-- \/ Yoast SEO plugin. -->","yoast_head_json":{"title":"Come utilizzare funzioni e formule in Power Query?","description":"In Power Query \u00e8 possibile utilizzare funzioni e formule quasi come se si utilizzassero in un foglio di calcolo.","robots":{"index":"index","follow":"follow","max-snippet":"max-snippet:-1","max-image-preview":"max-image-preview:large","max-video-preview":"max-video-preview:-1"},"canonical":"https:\/\/exceladvisor.org\/it\/formule-di-funzione\/","og_locale":"it_IT","og_type":"article","og_title":"Come utilizzare funzioni e formule in Power Query?","og_description":"In Power Query \u00e8 possibile utilizzare funzioni e formule quasi come se si utilizzassero in un foglio di calcolo.","og_url":"https:\/\/exceladvisor.org\/it\/formule-di-funzione\/","og_site_name":"Excel Advisor","article_modified_time":"2023-12-10T06:26:20+00:00","og_image":[{"url":"https:\/\/exceladvisor.org\/wp-content\/uploads\/2023\/08\/1-formule-dans-power-query.png","type":"","width":"","height":""}],"twitter_card":"summary_large_image","twitter_misc":{"Tempo di lettura stimato":"5 minuti"},"schema":{"@context":"https:\/\/schema.org","@graph":[{"@type":"WebPage","@id":"https:\/\/exceladvisor.org\/it\/formule-di-funzione\/","url":"https:\/\/exceladvisor.org\/it\/formule-di-funzione\/","name":"Come utilizzare funzioni e formule in Power Query?","isPartOf":{"@id":"https:\/\/exceladvisor.org\/it\/#website"},"primaryImageOfPage":{"@id":"https:\/\/exceladvisor.org\/it\/formule-di-funzione\/#primaryimage"},"image":{"@id":"https:\/\/exceladvisor.org\/it\/formule-di-funzione\/#primaryimage"},"thumbnailUrl":"https:\/\/exceladvisor.org\/wp-content\/uploads\/2023\/08\/1-formule-dans-power-query.png","datePublished":"2023-10-15T17:12:29+00:00","dateModified":"2023-12-10T06:26:20+00:00","description":"In Power Query \u00e8 possibile utilizzare funzioni e formule quasi come se si utilizzassero in un foglio di calcolo.","breadcrumb":{"@id":"https:\/\/exceladvisor.org\/it\/formule-di-funzione\/#breadcrumb"},"inLanguage":"it-IT","potentialAction":[{"@type":"ReadAction","target":["https:\/\/exceladvisor.org\/it\/formule-di-funzione\/"]}]},{"@type":"ImageObject","inLanguage":"it-IT","@id":"https:\/\/exceladvisor.org\/it\/formule-di-funzione\/#primaryimage","url":"https:\/\/exceladvisor.org\/wp-content\/uploads\/2023\/08\/1-formule-dans-power-query.png","contentUrl":"https:\/\/exceladvisor.org\/wp-content\/uploads\/2023\/08\/1-formule-dans-power-query.png"},{"@type":"BreadcrumbList","@id":"https:\/\/exceladvisor.org\/it\/formule-di-funzione\/#breadcrumb","itemListElement":[{"@type":"ListItem","position":1,"name":"Home","item":"https:\/\/exceladvisor.org\/it\/"},{"@type":"ListItem","position":2,"name":"Come utilizzare funzioni e formule in power query?"}]},{"@type":"WebSite","@id":"https:\/\/exceladvisor.org\/it\/#website","url":"https:\/\/exceladvisor.org\/it\/","name":"Excel Advisor","description":"Tips, Tricks, and Time-Saving Hacks","publisher":{"@id":"https:\/\/exceladvisor.org\/it\/#organization"},"potentialAction":[{"@type":"SearchAction","target":{"@type":"EntryPoint","urlTemplate":"https:\/\/exceladvisor.org\/it\/?s={search_term_string}"},"query-input":{"@type":"PropertyValueSpecification","valueRequired":true,"valueName":"search_term_string"}}],"inLanguage":"it-IT"},{"@type":"Organization","@id":"https:\/\/exceladvisor.org\/it\/#organization","name":"Excel Advisor","url":"https:\/\/exceladvisor.org\/it\/","logo":{"@type":"ImageObject","inLanguage":"it-IT","@id":"https:\/\/exceladvisor.org\/it\/#\/schema\/logo\/image\/","url":"https:\/\/exceladvisor.org\/it\/wp-content\/uploads\/2023\/12\/exceladvisor.org_.png","contentUrl":"https:\/\/exceladvisor.org\/it\/wp-content\/uploads\/2023\/12\/exceladvisor.org_.png","width":105,"height":36,"caption":"Excel Advisor"},"image":{"@id":"https:\/\/exceladvisor.org\/it\/#\/schema\/logo\/image\/"}}]}},"yoast_meta":{"yoast_wpseo_title":"","yoast_wpseo_metadesc":"","yoast_wpseo_canonical":""},"_links":{"self":[{"href":"https:\/\/exceladvisor.org\/it\/wp-json\/wp\/v2\/pages\/2106","targetHints":{"allow":["GET"]}}],"collection":[{"href":"https:\/\/exceladvisor.org\/it\/wp-json\/wp\/v2\/pages"}],"about":[{"href":"https:\/\/exceladvisor.org\/it\/wp-json\/wp\/v2\/types\/page"}],"author":[{"embeddable":true,"href":"https:\/\/exceladvisor.org\/it\/wp-json\/wp\/v2\/users\/1"}],"replies":[{"embeddable":true,"href":"https:\/\/exceladvisor.org\/it\/wp-json\/wp\/v2\/comments?post=2106"}],"version-history":[{"count":1,"href":"https:\/\/exceladvisor.org\/it\/wp-json\/wp\/v2\/pages\/2106\/revisions"}],"predecessor-version":[{"id":2781,"href":"https:\/\/exceladvisor.org\/it\/wp-json\/wp\/v2\/pages\/2106\/revisions\/2781"}],"wp:attachment":[{"href":"https:\/\/exceladvisor.org\/it\/wp-json\/wp\/v2\/media?parent=2106"}],"curies":[{"name":"wp","href":"https:\/\/api.w.org\/{rel}","templated":true}]}}