{"id":2111,"date":"2023-10-15T13:31:10","date_gmt":"2023-10-15T13:31:10","guid":{"rendered":"https:\/\/exceladvisor.org\/it\/eccellere-nelle-funzioni-finanziarie\/"},"modified":"2023-12-10T06:27:51","modified_gmt":"2023-12-10T06:27:51","slug":"eccellere-nelle-funzioni-finanziarie","status":"publish","type":"page","link":"https:\/\/exceladvisor.org\/it\/eccellere-nelle-funzioni-finanziarie\/","title":{"rendered":"Funzioni finanziarie di excel (con esempi)"},"content":{"rendered":"<div class=\"excel-prima-del-contenuto\" id=\"excel-2108296723\"><script type=\"text\/javascript\">\r\n\tatOptions = {\r\n\t\t'key' : 'c1158f160081d6540a8409e6925dab94',\r\n\t\t'format' : 'iframe',\r\n\t\t'height' : 250,\r\n\t\t'width' : 300,\r\n\t\t'params' : {}\r\n\t};\r\n<\/script>\r\n<script type=\"text\/javascript\" src=\"\/\/www.highperformanceformat.com\/c1158f160081d6540a8409e6925dab94\/invoke.js\"><\/script><\/div> <p><strong><em><a href=\"https:\/\/exceladvisor.org\/wp-content\/uploads\/2023\/08\/excel_financial_functions_sample_files.zip\" target=\"_blank\" rel=\"noreferrer noopener nofollow\">file di esempio<\/a><\/em><\/strong> <\/p><div class=\"wp-block-group groupx is-layout-constrained\"><div class=\"wp-block-group__inner-container\"><h2 class=\"wp-block-heading\"> 1. Funzione VF<\/h2><p> La funzione FV restituisce il valore futuro di un investimento utilizzando pagamenti costanti e un tasso di interesse costante. In termini semplici, restituir\u00e0 il valore futuro di un investimento in cui si hanno pagamenti costanti e un tasso di interesse costante per tutto il periodo di investimento.<\/p><h3 class=\"wp-block-heading\"> <strong>Sintassi<\/strong><\/h3><p> <em>FV(tariffa,nper,pmt,[pv],[tipo])<\/em><\/p><h3 class=\"wp-block-heading\"> <strong>argomenti<\/strong><\/h3><ul><li> <strong>tasso:<\/strong> un tasso di interesse costante che si desidera utilizzare nel calcolo.<\/li><li> <strong>nper:<\/strong> numero di pagamenti.<\/li><li> <strong>pmt:<\/strong> importo di pagamento costante da corrispondere periodicamente durante tutta la vita dell&#8217;investimento.<\/li><li> <strong>[pv]:<\/strong> il valore attuale dei pagamenti futuri. Deve essere inserito come valore negativo. 0 se omesso.<\/li><li> <strong>[tipo]:<\/strong> un numero per specificare quando \u00e8 dovuto il pagamento. 0 = alla fine del periodo, 1 = all&#8217;inizio del periodo.<\/li><\/ul><h3 class=\"wp-block-heading\"> <strong>Commenti<\/strong><\/h3><ul><li> Se pmt \u00e8 il denaro che hai pagato (es. depositi di risparmio, ecc.), il valore deve essere negativo; e se si tratta di denaro ricevuto (reddito, dividendi), il valore deve essere positivo.<\/li><li> Assicurati di avere una tariffa e un numero di pagamenti costantemente specificati. Se il tasso \u00e8 su base annuale, \u00e8 necessario specificare anche i periodi di pagamento su base annuale e se si desidera specificare i pagamenti su base mensile, \u00e8 necessario convertire il tasso di interesse in base mensile dividendo per 12. Idem per un tasso trimestrale e semestrale.<\/li><\/ul><h3 class=\"wp-block-heading\"> Esempio<\/h3><p> Nell&#8217;esempio seguente, abbiamo utilizzato un tasso di interesse del 10%, 5 pagamenti su base annuale, un importo di pagamento di $ 1.000, nessun importo PV e tipo di pagamento all&#8217;inizio del periodo. E la funzione ha restituito 6716 come risultato. <\/p><div class=\"wp-block-image\"><figure class=\"aligncenter size-large is-resized\"><img loading=\"lazy\" decoding=\"async\" class=\"wp-image-36926\" src=\"https:\/\/exceladvisor.org\/wp-content\/uploads\/2023\/08\/exemple-de-fonction-fv-excel-1.png\" sizes=\"auto, \" srcset=\"\" alt=\"funzione-excel-fv-esempio-1\" width=\"473\" height=\"238\"><\/figure><\/div><p> Lasciatemi spiegare i fenomeni dietro FV.<\/p><p> All&#8217;inizio di ogni periodo calcoler\u00e0 gli interessi sul pagamento e riporter\u00e0 tale importo (importo effettivo + interessi) al periodo successivo. E nel periodo successivo verr\u00e0 fatto lo stesso calcolo e cos\u00ec via.<\/p><p> La parte migliore di FV \u00e8 che pu\u00f2 eseguire questo calcolo passo passo per te in una singola cella. Nell&#8217;esempio seguente abbiamo utilizzato i pagamenti mensili. <\/p><div class=\"wp-block-image\"><figure class=\"aligncenter size-large is-resized\"><img loading=\"lazy\" decoding=\"async\" class=\"wp-image-36928\" src=\"https:\/\/exceladvisor.org\/wp-content\/uploads\/2023\/08\/exemple-de-fonction-fv-excel-2.png\" sizes=\"auto, \" srcset=\"\" alt=\"funzione-excel-fv-esempio-2\" width=\"572\" height=\"181\"><\/figure><\/div><p> Per questo abbiamo convertito il tasso di interesse annuo in un mese dividendo per 12 e 60 mesi invece di 5 anni e poi abbiamo specificato 10000 per il pagamento. Puoi anche <a href=\"https:\/\/exceladvisor.org\/it\/interesse-composto\/\">calcolare l&#8217;interesse composto<\/a> con FV. <\/p><\/div><\/div><div class=\"wp-block-group groupx is-layout-constrained\"><div class=\"wp-block-group__inner-container\"><h2 class=\"wp-block-heading\"> 2.IMP<\/h2><p> La funzione PMT restituisce la rata periodica del prestito che devi pagare. In termini semplici, calcola il rimborso del prestito in base a pagamenti mensili fissi e un tasso di interesse costante (pagamento del prestito basato su pagamenti mensili fissi e un tasso di interesse costante).<\/p><h3 class=\"wp-block-heading\"> <strong>Sintassi<\/strong><\/h3><p> <em>PMT(tasso, nper, pv, [fv], [tipo])<\/em><\/p><h3 class=\"wp-block-heading\"> <strong>argomenti<\/strong><\/h3><ul><li> <strong>Tasso:<\/strong> il tasso di interesse del prestito. Questo tasso di interesse deve essere costante.<\/li><li> <strong>nper:<\/strong> il numero totale di pagamenti.<\/li><li> <strong>pv:<\/strong> il valore attuale o l&#8217;importo totale del prestito.<\/li><li> <strong>[fv]:<\/strong> il valore futuro o il saldo in contanti desiderato dopo l&#8217;ultimo pagamento. Il valore predefinito \u00e8 0.<\/li><li> <strong>[tipo]:<\/strong> utilizzare 0 o 1 per specificare la data di scadenza del pagamento. \u00c8 possibile utilizzare 0 quando il pagamento \u00e8 dovuto alla fine di ogni pagamento o 1 se il pagamento \u00e8 dovuto all&#8217;inizio di ogni periodo. Se non si specifica il tipo, verr\u00e0 assunto 0.<\/li><\/ul><h3 class=\"wp-block-heading\"> <strong>Commenti<\/strong><\/h3><ul><li> L&#8217;importo della restituzione del pagamento PMT include solo il pagamento e gli interessi, ma non include le tasse e altre commissioni relative al prestito.<\/li><li> \u00c8 necessario essere sicuri quando si specifica il valore del tasso e degli argomenti nper. Se desideri pagare le rate mensili di un prestito quinquennale a un tasso di interesse annuo dell&#8217;8%, utilizza 8%\/12 per tasso e 5*12 per nper. Per i pagamenti annuali sullo stesso prestito, utilizzare l&#8217;8% per il tasso e 5 per il nper.<\/li><\/ul><h3 class=\"wp-block-heading\"> Esempio<\/h3><p> Supponiamo che tu voglia accendere un mutuo ventennale per $ 250.000 assumendo un tasso di interesse del 2,5%. Ora qui possiamo utilizzare PMT per calcolare i pagamenti mensili. <\/p><div class=\"wp-block-image\"><figure class=\"aligncenter size-large is-resized\"><img loading=\"lazy\" decoding=\"async\" class=\"wp-image-37227\" src=\"https:\/\/exceladvisor.org\/wp-content\/uploads\/2023\/08\/exemple-de-fonction-excel-pmt-1.png\" sizes=\"auto, \" srcset=\"\" alt=\"funzione-excel-pmt-esempio-1\" width=\"485\" height=\"278\"><\/figure><\/div><p> Nel calcolo precedente, abbiamo convertito il tasso di interesse annuo in mesi dividendo per 12 e gli anni in mesi moltiplicando per 12.<\/p><p> Ma non abbiamo menzionato alcun valore futuro e il tipo di pagamento \u00e8 predefinito. Di conseguenza abbiamo un valore negativo, perch\u00e9 l&#8217;importo di $ 987,80 \u00e8 ci\u00f2 che dobbiamo pagare ogni mese per 30 anni. <\/p><\/div><\/div><div class=\"wp-block-group groupx is-layout-constrained\"><div class=\"wp-block-group__inner-container\"><h2 class=\"wp-block-heading\"> 3. PV<\/h2><p> <span style=\"background-color: #f6e6c5;\"><strong>La funzione PV restituisce il valore corrente di un investimento finanziario o di un prestito.<\/strong><\/span> In termini semplici, con la funzione PV puoi calcolare il valore attuale di un investimento o di un prestito e verificarne lo stato.<\/p><h3 class=\"wp-block-heading\"> <strong>Sintassi<\/strong><\/h3><p> <em>PV(tariffa, nper, pmt, [fv], [tipo])<\/em><\/p><h3 class=\"wp-block-heading\"> <strong>argomenti<\/strong><\/h3><ul><li> <strong>Tasso:<\/strong> il tasso di interesse per il rimborso del prestito.<\/li><li> <strong>nper:<\/strong> numero totale di periodi di pagamento<\/li><li> <strong>pmt:<\/strong> importo costante del pagamento da effettuare dopo ogni periodo.<\/li><li> <strong>[FV]:<\/strong> Il valore futuro o il saldo di cassa di un prestito o investimento che si desidera raggiungere dopo il pagamento finale. Se omesso, verr\u00e0 considerato pari a 0.<\/li><li> <strong>[tipo]:<\/strong> Orario del pagamento. Inizio periodo (utilizzare \u201c0\u201d) o fine periodo (utilizzare \u201c1\u201d).<\/li><\/ul><h3 class=\"wp-block-heading\"> <strong>Commenti<\/strong><\/h3><ol><li> Le unit\u00e0 utilizzate come argomenti devono essere coerenti. Ad esempio, se si utilizzano periodi in mesi (36 mesi = 3 anni), \u00e8 necessario convertire il tasso di interesse annuale in un tasso di interesse mensile (6%\/12 = 0,5%).<\/li><li> La funzione PV \u00e8 una funzione di rendita. Nelle funzioni di rendita, i pagamenti in contanti effettuati sono rappresentati da numeri negativi e i pagamenti ricevuti sono rappresentati da numeri positivi.<\/li><\/ol><h3 class=\"wp-block-heading\"> Esempio<\/h3><p> Supponiamo che tu voglia investire <strong>$ 4.000<\/strong> in un piano di investimenti e in cambio riceverai $ 1.000 alla fine di ogni anno per i prossimi 5 anni.<\/p><p> Ci\u00f2 significa che riceverai un totale di $ 5.000 nei prossimi 5 anni.<\/p><p> Ora il punto \u00e8 che bisogna valutare se questo investimento \u00e8 redditizio oppure no. Investi $ 4.000 oggi e il rendimento ti arriver\u00e0 nei prossimi 5 anni. <\/p><div class=\"wp-block-image\"><figure class=\"aligncenter size-large is-resized\"><img loading=\"lazy\" decoding=\"async\" class=\"wp-image-37232\" src=\"https:\/\/exceladvisor.org\/wp-content\/uploads\/2023\/08\/exemple-de-fonction-pv-excel-1.png\" sizes=\"auto, \" srcset=\"\" alt=\"funzione-excel-pv-esempio-1\" width=\"471\" height=\"504\"><\/figure><\/div><p> Nel calcolo sopra riportato \u00e8 risultato -4329. Il valore attuale del tuo investimento \u00e8 $ 4.329 e ci investi $ 4.000. Quindi il tuo investimento \u00e8 redditizio.<\/p><\/div><\/div><h2 class=\"wp-block-heading\" style=\"font-size: 24px;\"> Altri tutorial su Excel<\/h2><ul><li> <a href=\"https:\/\/exceladvisor.org\/it\/nozioni-di-base-su-excel\/\">Panoramica di Excel<\/a><\/li><li> <a href=\"https:\/\/exceladvisor.org\/it\/eccellere-nelle-competenze\/\">Competenze di Excel<\/a><\/li><li> <a href=\"https:\/\/exceladvisor.org\/it\/tasti-rapidi\/\">Excel per commercialisti<\/a><\/li><li> <a href=\"https:\/\/exceladvisor.org\/it\/consiglio\/\" data-wpil=\"url\">Suggerimenti e trucchi per Excel<\/a><\/li><li> <a href=\"https:\/\/exceladvisor.org\/it\/tasti-rapidi\/\">Scorciatoie da tastiera (scheda di riferimento PDF)<\/a><\/li><\/ul>","protected":false},"excerpt":{"rendered":"","protected":false},"author":1,"featured_media":0,"parent":0,"menu_order":0,"comment_status":"open","ping_status":"closed","template":"","meta":{"ub_ctt_via":"","footnotes":""},"class_list":["post-2111","page","type-page","status-publish","hentry"],"featured_image_src":null,"yoast_head":"<!-- This site is optimized with the Yoast SEO plugin v25.4 - https:\/\/yoast.com\/wordpress\/plugins\/seo\/ -->\n<title>Funzioni finanziarie di Excel (con esempi) \u2013 Excel Advisor<\/title>\n<meta name=\"description\" content=\"In Excel diverse funzioni finanziarie possono aiutarti a gestire i calcoli finanziari. Queste funzioni possono aiutarti a sapere...\" \/>\n<meta name=\"robots\" content=\"index, follow, max-snippet:-1, max-image-preview:large, max-video-preview:-1\" \/>\n<link rel=\"canonical\" href=\"https:\/\/exceladvisor.org\/it\/eccellere-nelle-funzioni-finanziarie\/\" \/>\n<meta property=\"og:locale\" content=\"it_IT\" \/>\n<meta property=\"og:type\" content=\"article\" \/>\n<meta property=\"og:title\" content=\"Funzioni finanziarie di Excel (con esempi) \u2013 Excel Advisor\" \/>\n<meta property=\"og:description\" content=\"In Excel diverse funzioni finanziarie possono aiutarti a gestire i calcoli finanziari. Queste funzioni possono aiutarti a sapere...\" \/>\n<meta property=\"og:url\" content=\"https:\/\/exceladvisor.org\/it\/eccellere-nelle-funzioni-finanziarie\/\" \/>\n<meta property=\"og:site_name\" content=\"Excel Advisor\" \/>\n<meta property=\"article:modified_time\" content=\"2023-12-10T06:27:51+00:00\" \/>\n<meta property=\"og:image\" content=\"https:\/\/exceladvisor.org\/wp-content\/uploads\/2023\/08\/exemple-de-fonction-fv-excel-1.png\" \/>\n<meta name=\"twitter:card\" content=\"summary_large_image\" \/>\n<meta name=\"twitter:label1\" content=\"Tempo di lettura stimato\" \/>\n\t<meta name=\"twitter:data1\" content=\"5 minuti\" \/>\n<script type=\"application\/ld+json\" class=\"yoast-schema-graph\">{\"@context\":\"https:\/\/schema.org\",\"@graph\":[{\"@type\":\"WebPage\",\"@id\":\"https:\/\/exceladvisor.org\/it\/eccellere-nelle-funzioni-finanziarie\/\",\"url\":\"https:\/\/exceladvisor.org\/it\/eccellere-nelle-funzioni-finanziarie\/\",\"name\":\"Funzioni finanziarie di Excel (con esempi) \u2013 Excel Advisor\",\"isPartOf\":{\"@id\":\"https:\/\/exceladvisor.org\/it\/#website\"},\"primaryImageOfPage\":{\"@id\":\"https:\/\/exceladvisor.org\/it\/eccellere-nelle-funzioni-finanziarie\/#primaryimage\"},\"image\":{\"@id\":\"https:\/\/exceladvisor.org\/it\/eccellere-nelle-funzioni-finanziarie\/#primaryimage\"},\"thumbnailUrl\":\"https:\/\/exceladvisor.org\/wp-content\/uploads\/2023\/08\/exemple-de-fonction-fv-excel-1.png\",\"datePublished\":\"2023-10-15T13:31:10+00:00\",\"dateModified\":\"2023-12-10T06:27:51+00:00\",\"description\":\"In Excel diverse funzioni finanziarie possono aiutarti a gestire i calcoli finanziari. Queste funzioni possono aiutarti a sapere...\",\"breadcrumb\":{\"@id\":\"https:\/\/exceladvisor.org\/it\/eccellere-nelle-funzioni-finanziarie\/#breadcrumb\"},\"inLanguage\":\"it-IT\",\"potentialAction\":[{\"@type\":\"ReadAction\",\"target\":[\"https:\/\/exceladvisor.org\/it\/eccellere-nelle-funzioni-finanziarie\/\"]}]},{\"@type\":\"ImageObject\",\"inLanguage\":\"it-IT\",\"@id\":\"https:\/\/exceladvisor.org\/it\/eccellere-nelle-funzioni-finanziarie\/#primaryimage\",\"url\":\"https:\/\/exceladvisor.org\/wp-content\/uploads\/2023\/08\/exemple-de-fonction-fv-excel-1.png\",\"contentUrl\":\"https:\/\/exceladvisor.org\/wp-content\/uploads\/2023\/08\/exemple-de-fonction-fv-excel-1.png\"},{\"@type\":\"BreadcrumbList\",\"@id\":\"https:\/\/exceladvisor.org\/it\/eccellere-nelle-funzioni-finanziarie\/#breadcrumb\",\"itemListElement\":[{\"@type\":\"ListItem\",\"position\":1,\"name\":\"Home\",\"item\":\"https:\/\/exceladvisor.org\/it\/\"},{\"@type\":\"ListItem\",\"position\":2,\"name\":\"Funzioni finanziarie di excel (con esempi)\"}]},{\"@type\":\"WebSite\",\"@id\":\"https:\/\/exceladvisor.org\/it\/#website\",\"url\":\"https:\/\/exceladvisor.org\/it\/\",\"name\":\"Excel Advisor\",\"description\":\"Tips, Tricks, and Time-Saving Hacks\",\"publisher\":{\"@id\":\"https:\/\/exceladvisor.org\/it\/#organization\"},\"potentialAction\":[{\"@type\":\"SearchAction\",\"target\":{\"@type\":\"EntryPoint\",\"urlTemplate\":\"https:\/\/exceladvisor.org\/it\/?s={search_term_string}\"},\"query-input\":{\"@type\":\"PropertyValueSpecification\",\"valueRequired\":true,\"valueName\":\"search_term_string\"}}],\"inLanguage\":\"it-IT\"},{\"@type\":\"Organization\",\"@id\":\"https:\/\/exceladvisor.org\/it\/#organization\",\"name\":\"Excel Advisor\",\"url\":\"https:\/\/exceladvisor.org\/it\/\",\"logo\":{\"@type\":\"ImageObject\",\"inLanguage\":\"it-IT\",\"@id\":\"https:\/\/exceladvisor.org\/it\/#\/schema\/logo\/image\/\",\"url\":\"https:\/\/exceladvisor.org\/it\/wp-content\/uploads\/2023\/12\/exceladvisor.org_.png\",\"contentUrl\":\"https:\/\/exceladvisor.org\/it\/wp-content\/uploads\/2023\/12\/exceladvisor.org_.png\",\"width\":105,\"height\":36,\"caption\":\"Excel Advisor\"},\"image\":{\"@id\":\"https:\/\/exceladvisor.org\/it\/#\/schema\/logo\/image\/\"}}]}<\/script>\n<!-- \/ Yoast SEO plugin. -->","yoast_head_json":{"title":"Funzioni finanziarie di Excel (con esempi) \u2013 Excel Advisor","description":"In Excel diverse funzioni finanziarie possono aiutarti a gestire i calcoli finanziari. Queste funzioni possono aiutarti a sapere...","robots":{"index":"index","follow":"follow","max-snippet":"max-snippet:-1","max-image-preview":"max-image-preview:large","max-video-preview":"max-video-preview:-1"},"canonical":"https:\/\/exceladvisor.org\/it\/eccellere-nelle-funzioni-finanziarie\/","og_locale":"it_IT","og_type":"article","og_title":"Funzioni finanziarie di Excel (con esempi) \u2013 Excel Advisor","og_description":"In Excel diverse funzioni finanziarie possono aiutarti a gestire i calcoli finanziari. Queste funzioni possono aiutarti a sapere...","og_url":"https:\/\/exceladvisor.org\/it\/eccellere-nelle-funzioni-finanziarie\/","og_site_name":"Excel Advisor","article_modified_time":"2023-12-10T06:27:51+00:00","og_image":[{"url":"https:\/\/exceladvisor.org\/wp-content\/uploads\/2023\/08\/exemple-de-fonction-fv-excel-1.png","type":"","width":"","height":""}],"twitter_card":"summary_large_image","twitter_misc":{"Tempo di lettura stimato":"5 minuti"},"schema":{"@context":"https:\/\/schema.org","@graph":[{"@type":"WebPage","@id":"https:\/\/exceladvisor.org\/it\/eccellere-nelle-funzioni-finanziarie\/","url":"https:\/\/exceladvisor.org\/it\/eccellere-nelle-funzioni-finanziarie\/","name":"Funzioni finanziarie di Excel (con esempi) \u2013 Excel Advisor","isPartOf":{"@id":"https:\/\/exceladvisor.org\/it\/#website"},"primaryImageOfPage":{"@id":"https:\/\/exceladvisor.org\/it\/eccellere-nelle-funzioni-finanziarie\/#primaryimage"},"image":{"@id":"https:\/\/exceladvisor.org\/it\/eccellere-nelle-funzioni-finanziarie\/#primaryimage"},"thumbnailUrl":"https:\/\/exceladvisor.org\/wp-content\/uploads\/2023\/08\/exemple-de-fonction-fv-excel-1.png","datePublished":"2023-10-15T13:31:10+00:00","dateModified":"2023-12-10T06:27:51+00:00","description":"In Excel diverse funzioni finanziarie possono aiutarti a gestire i calcoli finanziari. Queste funzioni possono aiutarti a sapere...","breadcrumb":{"@id":"https:\/\/exceladvisor.org\/it\/eccellere-nelle-funzioni-finanziarie\/#breadcrumb"},"inLanguage":"it-IT","potentialAction":[{"@type":"ReadAction","target":["https:\/\/exceladvisor.org\/it\/eccellere-nelle-funzioni-finanziarie\/"]}]},{"@type":"ImageObject","inLanguage":"it-IT","@id":"https:\/\/exceladvisor.org\/it\/eccellere-nelle-funzioni-finanziarie\/#primaryimage","url":"https:\/\/exceladvisor.org\/wp-content\/uploads\/2023\/08\/exemple-de-fonction-fv-excel-1.png","contentUrl":"https:\/\/exceladvisor.org\/wp-content\/uploads\/2023\/08\/exemple-de-fonction-fv-excel-1.png"},{"@type":"BreadcrumbList","@id":"https:\/\/exceladvisor.org\/it\/eccellere-nelle-funzioni-finanziarie\/#breadcrumb","itemListElement":[{"@type":"ListItem","position":1,"name":"Home","item":"https:\/\/exceladvisor.org\/it\/"},{"@type":"ListItem","position":2,"name":"Funzioni finanziarie di excel (con esempi)"}]},{"@type":"WebSite","@id":"https:\/\/exceladvisor.org\/it\/#website","url":"https:\/\/exceladvisor.org\/it\/","name":"Excel Advisor","description":"Tips, Tricks, and Time-Saving Hacks","publisher":{"@id":"https:\/\/exceladvisor.org\/it\/#organization"},"potentialAction":[{"@type":"SearchAction","target":{"@type":"EntryPoint","urlTemplate":"https:\/\/exceladvisor.org\/it\/?s={search_term_string}"},"query-input":{"@type":"PropertyValueSpecification","valueRequired":true,"valueName":"search_term_string"}}],"inLanguage":"it-IT"},{"@type":"Organization","@id":"https:\/\/exceladvisor.org\/it\/#organization","name":"Excel Advisor","url":"https:\/\/exceladvisor.org\/it\/","logo":{"@type":"ImageObject","inLanguage":"it-IT","@id":"https:\/\/exceladvisor.org\/it\/#\/schema\/logo\/image\/","url":"https:\/\/exceladvisor.org\/it\/wp-content\/uploads\/2023\/12\/exceladvisor.org_.png","contentUrl":"https:\/\/exceladvisor.org\/it\/wp-content\/uploads\/2023\/12\/exceladvisor.org_.png","width":105,"height":36,"caption":"Excel Advisor"},"image":{"@id":"https:\/\/exceladvisor.org\/it\/#\/schema\/logo\/image\/"}}]}},"yoast_meta":{"yoast_wpseo_title":"","yoast_wpseo_metadesc":"","yoast_wpseo_canonical":""},"_links":{"self":[{"href":"https:\/\/exceladvisor.org\/it\/wp-json\/wp\/v2\/pages\/2111","targetHints":{"allow":["GET"]}}],"collection":[{"href":"https:\/\/exceladvisor.org\/it\/wp-json\/wp\/v2\/pages"}],"about":[{"href":"https:\/\/exceladvisor.org\/it\/wp-json\/wp\/v2\/types\/page"}],"author":[{"embeddable":true,"href":"https:\/\/exceladvisor.org\/it\/wp-json\/wp\/v2\/users\/1"}],"replies":[{"embeddable":true,"href":"https:\/\/exceladvisor.org\/it\/wp-json\/wp\/v2\/comments?post=2111"}],"version-history":[{"count":1,"href":"https:\/\/exceladvisor.org\/it\/wp-json\/wp\/v2\/pages\/2111\/revisions"}],"predecessor-version":[{"id":2916,"href":"https:\/\/exceladvisor.org\/it\/wp-json\/wp\/v2\/pages\/2111\/revisions\/2916"}],"wp:attachment":[{"href":"https:\/\/exceladvisor.org\/it\/wp-json\/wp\/v2\/media?parent=2111"}],"curies":[{"name":"wp","href":"https:\/\/api.w.org\/{rel}","templated":true}]}}