{"id":2112,"date":"2023-10-15T13:08:31","date_gmt":"2023-10-15T13:08:31","guid":{"rendered":"https:\/\/exceladvisor.org\/it\/funzioni-temporali-excel\/"},"modified":"2023-12-10T06:26:36","modified_gmt":"2023-12-10T06:26:36","slug":"funzioni-temporali-excel","status":"publish","type":"page","link":"https:\/\/exceladvisor.org\/it\/funzioni-temporali-excel\/","title":{"rendered":"Come utilizzare le funzioni temporali in excel?"},"content":{"rendered":"<div class=\"excel-prima-del-contenuto\" id=\"excel-1248000494\"><script type=\"text\/javascript\">\r\n\tatOptions = {\r\n\t\t'key' : 'c1158f160081d6540a8409e6925dab94',\r\n\t\t'format' : 'iframe',\r\n\t\t'height' : 250,\r\n\t\t'width' : 300,\r\n\t\t'params' : {}\r\n\t};\r\n<\/script>\r\n<script type=\"text\/javascript\" src=\"\/\/www.highperformanceformat.com\/c1158f160081d6540a8409e6925dab94\/invoke.js\"><\/script><\/div> <p><strong><em><a href=\"https:\/\/exceladvisor.org\/wp-content\/uploads\/2023\/08\/excel_time_functions_sample_files.zip\" target=\"_blank\" rel=\"noreferrer noopener nofollow\">file di esempio<\/a><\/em><\/strong> <\/p><div class=\"wp-block-group groupx is-layout-constrained\"><div class=\"wp-block-group__inner-container\"><h2 class=\"wp-block-heading\"> 1. Funzione TEMPO<\/h2><p> <strong>La funzione TIME restituisce il valore temporale da un orario valido.<\/strong> Il valore temporale \u00e8 composto da ore, minuti e secondi e la funzione TIME prende il valore orario e ignora il resto.<\/p><h3 class=\"wp-block-heading\"> <strong>Sintassi<\/strong><\/h3><p> <em>ORA(numero_seriale)<\/em><\/p><h3 class=\"wp-block-heading\"> <strong>argomenti<\/strong><\/h3><ul><li> <strong>serial_number:<\/strong> un&#8217;ora valida da cui si desidera ottenere il valore temporale.<\/li><\/ul><h3 class=\"wp-block-heading\"> <strong>Esempio<\/strong><\/h3><h4 class=\"wp-block-heading\"> <strong>1. Utilizza il riferimento di cella<\/strong><\/h4><p> Nell&#8217;esempio seguente, abbiamo fatto riferimento a una cella in cui ho un valore temporale valido. Da questo valore temporale la funzione ha estratto solo l&#8217;ora nel formato 24 ore. Puoi utilizzare questo metodo quando disponi di dati temporali e desideri estrarre il tempo da questi valori. <\/p><div class=\"wp-block-image\"><figure class=\"aligncenter size-large is-resized\"><img loading=\"lazy\" decoding=\"async\" class=\"wp-image-36933\" src=\"https:\/\/exceladvisor.org\/wp-content\/uploads\/2023\/08\/Excel-fonction-heure-exemple-1.png\" sizes=\"auto, \" srcset=\"\" alt=\"excel-time-funzione-esempio-1\" width=\"379\" height=\"251\"><\/figure><\/div><h4 class=\"wp-block-heading\"> <strong>2. Utilizzare la data come riferimento<\/strong><\/h4><p> Nell&#8217;esempio seguente, abbiamo utilizzato una data contenente un valore temporale e HOUR ne ha estratto l&#8217;ora come numero intero. <\/p><div class=\"wp-block-image\"><figure class=\"aligncenter size-large is-resized\"><img loading=\"lazy\" decoding=\"async\" class=\"wp-image-36934\" src=\"https:\/\/exceladvisor.org\/wp-content\/uploads\/2023\/08\/Excel-fonction-heure-exemple-2.png\" sizes=\"auto, \" srcset=\"\" alt=\"funzione-excel-time-esempio-2\" width=\"421\" height=\"285\"><\/figure><\/div><p> E se converti questa data in valore modificandone il formato, saprai che ha un valore temporale in forma decimale. <\/p><div class=\"wp-block-image\"><figure class=\"aligncenter size-large is-resized\"><img loading=\"lazy\" decoding=\"async\" class=\"wp-image-36935\" src=\"https:\/\/exceladvisor.org\/wp-content\/uploads\/2023\/08\/Excel-fonction-heure-exemple-3.png\" sizes=\"auto, \" srcset=\"\" alt=\"excel-time-funzione-esempio-3\" width=\"466\" height=\"279\"><\/figure><\/div><\/div><\/div><div class=\"wp-block-group groupx is-layout-constrained\"><div class=\"wp-block-group__inner-container\"><h2 class=\"wp-block-heading\"> 2. Funzione MINUTI<\/h2><p> <strong>La funzione MINUTO restituisce il valore dei minuti da un orario valido.<\/strong> Il valore temporale \u00e8 composto da ore, minuti e secondi e la funzione MINUTI prende il valore dei minuti e ignora il resto.<\/p><h3 class=\"wp-block-heading\"> <strong>Sintassi<\/strong><\/h3><p> <em>MINUTO(numero_seriale)<\/em><\/p><h3 class=\"wp-block-heading\"> <strong>argomenti<\/strong><\/h3><ul><li> <strong>serial_number:<\/strong> un orario valido da cui si desidera ottenere il valore dei minuti.<\/li><\/ul><h3 class=\"wp-block-heading\"> <strong>Esempio<\/strong><\/h3><p> Nell&#8217;esempio seguente, abbiamo utilizzato la funzione minuti per estrarre il valore dei minuti da diversi valori temporali. <\/p><div class=\"wp-block-image\"><figure class=\"aligncenter size-large is-resized\"><img loading=\"lazy\" decoding=\"async\" class=\"wp-image-37196\" src=\"https:\/\/exceladvisor.org\/wp-content\/uploads\/2023\/08\/exemple-de-fonction-minute-excel-1.png\" sizes=\"auto, \" srcset=\"\" alt=\"excel-minuti-funzione-esempio-1\" width=\"452\" height=\"319\"><\/figure><\/div><\/div><\/div><div class=\"wp-block-group groupx is-layout-constrained\"><div class=\"wp-block-group__inner-container\"><h2 class=\"wp-block-heading\"> 3. Funzione ORA<\/h2><p> <strong>La funzione ADESSO restituisce la data e l&#8217;ora correnti in base alla data e all&#8217;ora del sistema.<\/strong> La data e l&#8217;ora restituite dalla funzione ADESSO vengono aggiornate continuamente ogni volta che si aggiorna qualcosa nel foglio di lavoro.<\/p><h3 class=\"wp-block-heading\"> <strong>Sintassi<\/strong><\/h3><p> <em>ORA()<\/em><\/p><h3 class=\"wp-block-heading\"> <strong>argomenti<\/strong><\/h3><ul><li> In NOW non c&#8217;\u00e8 alcun argomento da specificare, ma devi fare attenzione che questa funzione \u00e8 una funzione volatile che cambia valore ogni volta che aggiorni il calcolo del tuo foglio di calcolo.<\/li><\/ul><h3 class=\"wp-block-heading\"> <strong>Esempio<\/strong><\/h3><p> Di seguito abbiamo utilizzato NOW in due modi diversi: <\/p><div class=\"wp-block-image\"><figure class=\"aligncenter size-large is-resized\"><img loading=\"lazy\" decoding=\"async\" class=\"wp-image-37221\" src=\"https:\/\/exceladvisor.org\/wp-content\/uploads\/2023\/08\/excel-maintenant-fonction-exemple-1.png\" sizes=\"auto, \" srcset=\"\" alt=\"excel-now-funzione-esempio-1\" width=\"531\" height=\"326\"><\/figure><\/div><ul><li> Nel primo esempio, abbiamo utilizzato la funzione TEXT con now per estrarre l&#8217;ora corrente.<\/li><li> Nel secondo esempio, abbiamo cambiato il formato della cella in \u201cGenerale\u201d. Il numero prima della virgola decimale \u00e8 la data corrente e il numero dopo la virgola decimale \u00e8 l&#8217;ora. <\/li><\/ul><\/div><\/div><div class=\"wp-block-group groupx is-layout-constrained\"><div class=\"wp-block-group__inner-container\"><h2 class=\"wp-block-heading\"> 4. SECONDA Funzione<\/h2><p> <strong>La funzione SECOND restituisce il valore dei secondi da un momento valido.<\/strong> Il valore temporale \u00e8 composto da ore, minuti e secondi e la funzione SECOND prende il valore dei secondi e ignora tutto il resto.<\/p><h3 class=\"wp-block-heading\"> <strong>Sintassi<\/strong><\/h3><p> <em>SECONDO(numero_seriale)<\/em><\/p><h3 class=\"wp-block-heading\"> <strong>argomenti<\/strong><\/h3><ul><li> <strong>serial_number<\/strong> : un&#8217;ora valida da cui si desidera ottenere il secondo valore.<\/li><\/ul><h3 class=\"wp-block-heading\"> <strong>Esempio<\/strong><\/h3><p> Nell&#8217;esempio seguente, abbiamo utilizzato un valore di input diverso per ottenere il secondo. Il valore di input deve essere una data e un&#8217;ora valide in base al sistema di data e ora di Excel. <\/p><div class=\"wp-block-image\"><figure class=\"aligncenter size-large is-resized\"><img loading=\"lazy\" decoding=\"async\" class=\"wp-image-37317\" src=\"https:\/\/exceladvisor.org\/wp-content\/uploads\/2023\/08\/excel-deuxieme-fonction-exemple-1.png\" sizes=\"auto, \" srcset=\"\" alt=\"excel-seconda-funzione-esempio-1\" width=\"440\" height=\"289\"><\/figure><\/div><p> Un valore di input che non contiene alcun valore di secondi restituir\u00e0 0 di conseguenza. <\/p><div class=\"wp-block-image\"><figure class=\"aligncenter size-large is-resized\"><img loading=\"lazy\" decoding=\"async\" class=\"wp-image-37318\" src=\"https:\/\/exceladvisor.org\/wp-content\/uploads\/2023\/08\/excel-deuxieme-fonction-exemple-2.png\" sizes=\"auto, \" srcset=\"\" alt=\"excel-seconda-funzione-esempio-2\" width=\"463\" height=\"287\"><\/figure><\/div><\/div><\/div><div class=\"wp-block-group groupx is-layout-constrained\"><div class=\"wp-block-group__inner-container\"><h2 class=\"wp-block-heading\"> 5. Funzione TEMPO<\/h2><p> <strong>La funzione TIME restituisce un&#8217;ora valida in base alle ore, ai minuti e ai secondi immessi.<\/strong> In termini semplici, \u00e8 necessario specificare tutti i componenti temporali e con essi verr\u00e0 creato un valore temporale e restituito il risultato.<\/p><h3 class=\"wp-block-heading\"> <strong>Sintassi<\/strong><\/h3><p> <em>TEMPO (ora, minuto, secondo)<\/em><\/p><h3 class=\"wp-block-heading\"> <strong>argomenti<\/strong><\/h3><ul><li> <strong>ora:<\/strong> il numero da utilizzare come valore dell&#8217;ora.<\/li><li> <strong>minuto:<\/strong> il numero da utilizzare come valore dei minuti.<\/li><li> <strong>secondo:<\/strong> il numero da utilizzare come secondo valore.<\/li><\/ul><h3 class=\"wp-block-heading\"> <strong>Esempio<\/strong><\/h3><p> Nell&#8217;esempio seguente abbiamo utilizzato argomenti diversi: <\/p><div class=\"wp-block-image\"><figure class=\"aligncenter size-large is-resized\"><img loading=\"lazy\" decoding=\"async\" class=\"wp-image-37344\" src=\"https:\/\/exceladvisor.org\/wp-content\/uploads\/2023\/08\/Excel-fonction-de-temps-exemple-1.png\" sizes=\"auto, \" srcset=\"\" alt=\"excel-time-funzione-esempio-1\" width=\"538\" height=\"345\"><\/figure><\/div><ul><li> L&#8217;ora restituita da questa funzione \u00e8 nel formato 12 ore.<\/li><li> Se usi zero per il valore dell&#8217;ora, questo ti dar\u00e0 l&#8217;ora dall&#8217;ora di inizio di un giorno.<\/li><li> Quando specifichi un numero negativo, quel valore verr\u00e0 sottratto dall&#8217;ora, dal minuto o dal secondo precedente.<\/li><li> La funzione ora restituisce un numero decimale che rappresenta un&#8217;ora particolare in Excel. <\/li><\/ul><\/div><\/div><div class=\"wp-block-group groupx is-layout-constrained\"><div class=\"wp-block-group__inner-container\"><h2 class=\"wp-block-heading\"> 6. Funzione VALORETEMPO<\/h2><p> <strong>La funzione TIMEVALUE restituisce l&#8217;ora dopo aver convertito il testo che rappresenta un&#8217;ora nell&#8217;ora effettiva.<\/strong> In termini semplici, converte l&#8217;ora in un&#8217;ora effettiva formattata come testo.<\/p><h3 class=\"wp-block-heading\"> <strong>Sintassi<\/strong><\/h3><p> <em>TIMEVALUE(text_time)<\/em><\/p><h3 class=\"wp-block-heading\"> <strong>argomenti<\/strong><\/h3><ul><li> <strong>time_text:<\/strong> un testo che \u00e8 un valore temporale ma memorizzato come testo.<\/li><\/ul><h3 class=\"wp-block-heading\"> <strong>Esempio<\/strong><\/h3><p> Dobbiamo provarlo in un esempio, quindi assicurati di controllare quello qui sotto: <\/p><div class=\"wp-block-image\"><figure class=\"aligncenter size-large is-resized\"><img loading=\"lazy\" decoding=\"async\" class=\"wp-image-37347\" src=\"https:\/\/exceladvisor.org\/wp-content\/uploads\/2023\/08\/exemple-de-fonction-excel-timevalue-1.png\" sizes=\"auto, \" srcset=\"\" alt=\"excel-timevalue-funzione-esempio-1\" width=\"501\" height=\"388\"><\/figure><\/div><p> Se utilizzi un valore temporale di testo senza am\/pm, la funzione restituir\u00e0 un numero seriale che rappresenta l&#8217;ora nel formato 24 ore. \u00c8 possibile modificare il formato del numero di serie per ottenere l&#8217;ora.<\/p><p> TIMEVALUE convertir\u00e0 qualsiasi valore temporale di testo riconoscibile da Excel in un numero decimale. Poich\u00e9 12:00 \u00e8 l&#8217;ora di inizio della giornata, la funzione restituisce 0.<\/p><p> Rappresenta l&#8217;orario dalle 00:00 alle 23:59. \u00c8 abbastanza intelligente ottenere l&#8217;ora di una data se quella data contiene l&#8217;ora. Quando usi TIMEVALUE, devi solo preoccuparti di una data che Excel possa riconoscere.<\/p><\/div><\/div>","protected":false},"excerpt":{"rendered":"","protected":false},"author":1,"featured_media":0,"parent":0,"menu_order":0,"comment_status":"open","ping_status":"closed","template":"","meta":{"ub_ctt_via":"","footnotes":""},"class_list":["post-2112","page","type-page","status-publish","hentry"],"featured_image_src":null,"yoast_head":"<!-- This site is optimized with the Yoast SEO plugin v25.4 - https:\/\/yoast.com\/wordpress\/plugins\/seo\/ -->\n<title>Come utilizzare le funzioni temporali in Excel? (esempi)<\/title>\n<meta name=\"description\" content=\"Funzioni temporali di Excel per eseguire calcoli relativi al tempo in Excel.\" \/>\n<meta name=\"robots\" content=\"index, follow, max-snippet:-1, max-image-preview:large, max-video-preview:-1\" \/>\n<link rel=\"canonical\" href=\"https:\/\/exceladvisor.org\/it\/funzioni-temporali-excel\/\" \/>\n<meta property=\"og:locale\" content=\"it_IT\" \/>\n<meta property=\"og:type\" content=\"article\" \/>\n<meta property=\"og:title\" content=\"Come utilizzare le funzioni temporali in Excel? (esempi)\" \/>\n<meta property=\"og:description\" content=\"Funzioni temporali di Excel per eseguire calcoli relativi al tempo in Excel.\" \/>\n<meta property=\"og:url\" content=\"https:\/\/exceladvisor.org\/it\/funzioni-temporali-excel\/\" \/>\n<meta property=\"og:site_name\" content=\"Excel Advisor\" \/>\n<meta property=\"article:modified_time\" content=\"2023-12-10T06:26:36+00:00\" \/>\n<meta property=\"og:image\" content=\"https:\/\/exceladvisor.org\/wp-content\/uploads\/2023\/08\/Excel-fonction-heure-exemple-1.png\" \/>\n<meta name=\"twitter:card\" content=\"summary_large_image\" \/>\n<meta name=\"twitter:label1\" content=\"Tempo di lettura stimato\" \/>\n\t<meta name=\"twitter:data1\" content=\"4 minuti\" \/>\n<script type=\"application\/ld+json\" class=\"yoast-schema-graph\">{\"@context\":\"https:\/\/schema.org\",\"@graph\":[{\"@type\":\"WebPage\",\"@id\":\"https:\/\/exceladvisor.org\/it\/funzioni-temporali-excel\/\",\"url\":\"https:\/\/exceladvisor.org\/it\/funzioni-temporali-excel\/\",\"name\":\"Come utilizzare le funzioni temporali in Excel? (esempi)\",\"isPartOf\":{\"@id\":\"https:\/\/exceladvisor.org\/it\/#website\"},\"primaryImageOfPage\":{\"@id\":\"https:\/\/exceladvisor.org\/it\/funzioni-temporali-excel\/#primaryimage\"},\"image\":{\"@id\":\"https:\/\/exceladvisor.org\/it\/funzioni-temporali-excel\/#primaryimage\"},\"thumbnailUrl\":\"https:\/\/exceladvisor.org\/wp-content\/uploads\/2023\/08\/Excel-fonction-heure-exemple-1.png\",\"datePublished\":\"2023-10-15T13:08:31+00:00\",\"dateModified\":\"2023-12-10T06:26:36+00:00\",\"description\":\"Funzioni temporali di Excel per eseguire calcoli relativi al tempo in Excel.\",\"breadcrumb\":{\"@id\":\"https:\/\/exceladvisor.org\/it\/funzioni-temporali-excel\/#breadcrumb\"},\"inLanguage\":\"it-IT\",\"potentialAction\":[{\"@type\":\"ReadAction\",\"target\":[\"https:\/\/exceladvisor.org\/it\/funzioni-temporali-excel\/\"]}]},{\"@type\":\"ImageObject\",\"inLanguage\":\"it-IT\",\"@id\":\"https:\/\/exceladvisor.org\/it\/funzioni-temporali-excel\/#primaryimage\",\"url\":\"https:\/\/exceladvisor.org\/wp-content\/uploads\/2023\/08\/Excel-fonction-heure-exemple-1.png\",\"contentUrl\":\"https:\/\/exceladvisor.org\/wp-content\/uploads\/2023\/08\/Excel-fonction-heure-exemple-1.png\"},{\"@type\":\"BreadcrumbList\",\"@id\":\"https:\/\/exceladvisor.org\/it\/funzioni-temporali-excel\/#breadcrumb\",\"itemListElement\":[{\"@type\":\"ListItem\",\"position\":1,\"name\":\"Home\",\"item\":\"https:\/\/exceladvisor.org\/it\/\"},{\"@type\":\"ListItem\",\"position\":2,\"name\":\"Come utilizzare le funzioni temporali in excel?\"}]},{\"@type\":\"WebSite\",\"@id\":\"https:\/\/exceladvisor.org\/it\/#website\",\"url\":\"https:\/\/exceladvisor.org\/it\/\",\"name\":\"Excel Advisor\",\"description\":\"Tips, Tricks, and Time-Saving Hacks\",\"publisher\":{\"@id\":\"https:\/\/exceladvisor.org\/it\/#organization\"},\"potentialAction\":[{\"@type\":\"SearchAction\",\"target\":{\"@type\":\"EntryPoint\",\"urlTemplate\":\"https:\/\/exceladvisor.org\/it\/?s={search_term_string}\"},\"query-input\":{\"@type\":\"PropertyValueSpecification\",\"valueRequired\":true,\"valueName\":\"search_term_string\"}}],\"inLanguage\":\"it-IT\"},{\"@type\":\"Organization\",\"@id\":\"https:\/\/exceladvisor.org\/it\/#organization\",\"name\":\"Excel Advisor\",\"url\":\"https:\/\/exceladvisor.org\/it\/\",\"logo\":{\"@type\":\"ImageObject\",\"inLanguage\":\"it-IT\",\"@id\":\"https:\/\/exceladvisor.org\/it\/#\/schema\/logo\/image\/\",\"url\":\"https:\/\/exceladvisor.org\/it\/wp-content\/uploads\/2023\/12\/exceladvisor.org_.png\",\"contentUrl\":\"https:\/\/exceladvisor.org\/it\/wp-content\/uploads\/2023\/12\/exceladvisor.org_.png\",\"width\":105,\"height\":36,\"caption\":\"Excel Advisor\"},\"image\":{\"@id\":\"https:\/\/exceladvisor.org\/it\/#\/schema\/logo\/image\/\"}}]}<\/script>\n<!-- \/ Yoast SEO plugin. -->","yoast_head_json":{"title":"Come utilizzare le funzioni temporali in Excel? (esempi)","description":"Funzioni temporali di Excel per eseguire calcoli relativi al tempo in Excel.","robots":{"index":"index","follow":"follow","max-snippet":"max-snippet:-1","max-image-preview":"max-image-preview:large","max-video-preview":"max-video-preview:-1"},"canonical":"https:\/\/exceladvisor.org\/it\/funzioni-temporali-excel\/","og_locale":"it_IT","og_type":"article","og_title":"Come utilizzare le funzioni temporali in Excel? (esempi)","og_description":"Funzioni temporali di Excel per eseguire calcoli relativi al tempo in Excel.","og_url":"https:\/\/exceladvisor.org\/it\/funzioni-temporali-excel\/","og_site_name":"Excel Advisor","article_modified_time":"2023-12-10T06:26:36+00:00","og_image":[{"url":"https:\/\/exceladvisor.org\/wp-content\/uploads\/2023\/08\/Excel-fonction-heure-exemple-1.png","type":"","width":"","height":""}],"twitter_card":"summary_large_image","twitter_misc":{"Tempo di lettura stimato":"4 minuti"},"schema":{"@context":"https:\/\/schema.org","@graph":[{"@type":"WebPage","@id":"https:\/\/exceladvisor.org\/it\/funzioni-temporali-excel\/","url":"https:\/\/exceladvisor.org\/it\/funzioni-temporali-excel\/","name":"Come utilizzare le funzioni temporali in Excel? (esempi)","isPartOf":{"@id":"https:\/\/exceladvisor.org\/it\/#website"},"primaryImageOfPage":{"@id":"https:\/\/exceladvisor.org\/it\/funzioni-temporali-excel\/#primaryimage"},"image":{"@id":"https:\/\/exceladvisor.org\/it\/funzioni-temporali-excel\/#primaryimage"},"thumbnailUrl":"https:\/\/exceladvisor.org\/wp-content\/uploads\/2023\/08\/Excel-fonction-heure-exemple-1.png","datePublished":"2023-10-15T13:08:31+00:00","dateModified":"2023-12-10T06:26:36+00:00","description":"Funzioni temporali di Excel per eseguire calcoli relativi al tempo in Excel.","breadcrumb":{"@id":"https:\/\/exceladvisor.org\/it\/funzioni-temporali-excel\/#breadcrumb"},"inLanguage":"it-IT","potentialAction":[{"@type":"ReadAction","target":["https:\/\/exceladvisor.org\/it\/funzioni-temporali-excel\/"]}]},{"@type":"ImageObject","inLanguage":"it-IT","@id":"https:\/\/exceladvisor.org\/it\/funzioni-temporali-excel\/#primaryimage","url":"https:\/\/exceladvisor.org\/wp-content\/uploads\/2023\/08\/Excel-fonction-heure-exemple-1.png","contentUrl":"https:\/\/exceladvisor.org\/wp-content\/uploads\/2023\/08\/Excel-fonction-heure-exemple-1.png"},{"@type":"BreadcrumbList","@id":"https:\/\/exceladvisor.org\/it\/funzioni-temporali-excel\/#breadcrumb","itemListElement":[{"@type":"ListItem","position":1,"name":"Home","item":"https:\/\/exceladvisor.org\/it\/"},{"@type":"ListItem","position":2,"name":"Come utilizzare le funzioni temporali in excel?"}]},{"@type":"WebSite","@id":"https:\/\/exceladvisor.org\/it\/#website","url":"https:\/\/exceladvisor.org\/it\/","name":"Excel Advisor","description":"Tips, Tricks, and Time-Saving Hacks","publisher":{"@id":"https:\/\/exceladvisor.org\/it\/#organization"},"potentialAction":[{"@type":"SearchAction","target":{"@type":"EntryPoint","urlTemplate":"https:\/\/exceladvisor.org\/it\/?s={search_term_string}"},"query-input":{"@type":"PropertyValueSpecification","valueRequired":true,"valueName":"search_term_string"}}],"inLanguage":"it-IT"},{"@type":"Organization","@id":"https:\/\/exceladvisor.org\/it\/#organization","name":"Excel Advisor","url":"https:\/\/exceladvisor.org\/it\/","logo":{"@type":"ImageObject","inLanguage":"it-IT","@id":"https:\/\/exceladvisor.org\/it\/#\/schema\/logo\/image\/","url":"https:\/\/exceladvisor.org\/it\/wp-content\/uploads\/2023\/12\/exceladvisor.org_.png","contentUrl":"https:\/\/exceladvisor.org\/it\/wp-content\/uploads\/2023\/12\/exceladvisor.org_.png","width":105,"height":36,"caption":"Excel Advisor"},"image":{"@id":"https:\/\/exceladvisor.org\/it\/#\/schema\/logo\/image\/"}}]}},"yoast_meta":{"yoast_wpseo_title":"","yoast_wpseo_metadesc":"","yoast_wpseo_canonical":""},"_links":{"self":[{"href":"https:\/\/exceladvisor.org\/it\/wp-json\/wp\/v2\/pages\/2112","targetHints":{"allow":["GET"]}}],"collection":[{"href":"https:\/\/exceladvisor.org\/it\/wp-json\/wp\/v2\/pages"}],"about":[{"href":"https:\/\/exceladvisor.org\/it\/wp-json\/wp\/v2\/types\/page"}],"author":[{"embeddable":true,"href":"https:\/\/exceladvisor.org\/it\/wp-json\/wp\/v2\/users\/1"}],"replies":[{"embeddable":true,"href":"https:\/\/exceladvisor.org\/it\/wp-json\/wp\/v2\/comments?post=2112"}],"version-history":[{"count":1,"href":"https:\/\/exceladvisor.org\/it\/wp-json\/wp\/v2\/pages\/2112\/revisions"}],"predecessor-version":[{"id":2813,"href":"https:\/\/exceladvisor.org\/it\/wp-json\/wp\/v2\/pages\/2112\/revisions\/2813"}],"wp:attachment":[{"href":"https:\/\/exceladvisor.org\/it\/wp-json\/wp\/v2\/media?parent=2112"}],"curies":[{"name":"wp","href":"https:\/\/api.w.org\/{rel}","templated":true}]}}