{"id":2116,"date":"2023-10-15T10:48:02","date_gmt":"2023-10-15T10:48:02","guid":{"rendered":"https:\/\/exceladvisor.org\/it\/somma-2\/"},"modified":"2023-12-10T06:25:21","modified_gmt":"2023-12-10T06:25:21","slug":"somma-2","status":"publish","type":"page","link":"https:\/\/exceladvisor.org\/it\/somma-2\/","title":{"rendered":"Come utilizzare la funzione somma.fs in excel?"},"content":{"rendered":"<div class=\"excel-prima-del-contenuto\" id=\"excel-1578579475\"><script type=\"text\/javascript\">\r\n\tatOptions = {\r\n\t\t'key' : 'c1158f160081d6540a8409e6925dab94',\r\n\t\t'format' : 'iframe',\r\n\t\t'height' : 250,\r\n\t\t'width' : 300,\r\n\t\t'params' : {}\r\n\t};\r\n<\/script>\r\n<script type=\"text\/javascript\" src=\"\/\/www.highperformanceformat.com\/c1158f160081d6540a8409e6925dab94\/invoke.js\"><\/script><\/div> <p>SUMIFS <strong>restituisce la somma dei numeri che soddisfano pi\u00f9 condizioni<\/strong> specificate. S\u00ec, puoi specificare pi\u00f9 condizioni con cui eseguire il test. A differenza di SOMMA.SE, \u00e8 possibile definire pi\u00f9 condizioni e sommare solo i valori che soddisfano tutte queste condizioni. <\/p><div class=\"wp-block-image\"><figure class=\"aligncenter size-full is-resized\"><img loading=\"lazy\" decoding=\"async\" class=\"wp-image-72738\" src=\"https:\/\/exceladvisor.org\/wp-content\/uploads\/2023\/08\/1-fonction-sumifs.png\" sizes=\"auto, \" srcset=\"\" alt=\"funzione sumif\" width=\"588\" height=\"167\"><\/figure><\/div><h2 class=\"wp-block-heading\"> Sintassi<\/h2><p> <em>SOMMA.FS(intervallo_somma, intervallo_criteri1, criteri1, [intervallo_criteri2, criteri2], \u2026)<\/em><\/p><h2 class=\"wp-block-heading\"> argomenti<\/h2><ul><li> <strong>[sum_range]<\/strong> : un intervallo di celle e valori che desideri sommare.<\/li><li> <strong>intervallo_criteri1<\/strong> : un intervallo da cui si desidera testare i criteri.<\/li><li> <strong>criterio1<\/strong> : un criterio che pu\u00f2 essere un numero, un testo, un&#8217;espressione, un riferimento di cella o una funzione.<\/li><li> <strong>[criteria_range2]<\/strong> : intervallo da cui si desidera testare i criteri.<\/li><li> <strong>[criterio2]<\/strong> : un criterio che pu\u00f2 essere un numero, un testo, un&#8217;espressione, un riferimento di cella o una funzione.<\/li><\/ul><h2 class=\"wp-block-heading\"> Esempio<\/h2><p> Nell&#8217;esempio seguente, abbiamo utilizzato tre criteri diversi per controllare rispettivamente le colonne A, B e C e ha restituito la somma dei valori nella colonna E che soddisfano questi criteri. <\/p><div class=\"wp-block-image\"><figure class=\"aligncenter size-full is-resized\"><img loading=\"lazy\" decoding=\"async\" class=\"wp-image-72739\" src=\"https:\/\/exceladvisor.org\/wp-content\/uploads\/2023\/08\/2-trois-criteres-differents-pour-les-sumifs.png\" sizes=\"auto, \" srcset=\"\" alt=\"tre diversi criteri per le somme\" width=\"593\" height=\"587\"><\/figure><\/div><p> Nell&#8217;esempio seguente abbiamo utilizzato <a href=\"https:\/\/exceladvisor.org\/it\/caratteri-jolly-2\/\" data-wpil=\"url\">i caratteri jolly<\/a> per specificare tre criteri diversi. <\/p><div class=\"wp-block-image\"><figure class=\"aligncenter size-full is-resized\"><img loading=\"lazy\" decoding=\"async\" class=\"wp-image-72740\" src=\"https:\/\/exceladvisor.org\/wp-content\/uploads\/2023\/08\/3-caracteres-sauvages-avec-sumif.png\" sizes=\"auto, \" srcset=\"\" alt=\"caratteri-selvatici-con-sumif\" width=\"596\" height=\"569\"><\/figure><\/div><ul><li> Il primo intervallo di criteri \u00e8 A2:A9 e i criteri nella cella A12 sommeranno solo le celle che contengono l&#8217;alfabeto O.<\/li><li> Il secondo intervallo di criteri \u00e8 B2:B9 e i criteri della cella B12 che sommeranno solo le celle che hanno l&#8217;alfabeto P. Si applicher\u00e0 a tutte le celle che soddisfano la condizione 1.<\/li><li> Il terzo intervallo di criteri \u00e8 C2:C9 e il criterio nella cella C12 che sommer\u00e0 le celle con qualsiasi tipo di valore. Si applicher\u00e0 a tutte le celle che soddisfano le condizioni 1 e 2.<\/li><\/ul><h2 class=\"wp-block-heading\"> Commenti<\/h2><ol type=\"1\"><li> La dimensione dell&#8217;intervallo dei criteri e dell&#8217;intervallo della somma deve avere la stessa dimensione.<\/li><li> Se si ignora la specifica dell&#8217;intervallo SOMMA, questo SOMM\u00c0 i valori dell&#8217;intervallo di criteri che soddisfano i criteri.<\/li><\/ol><div class=\"more-box myList\"><p> <strong>Altri esempi<\/strong><\/p><ul style=\"list-style-type: circle;\"><li> <a href=\"https:\/\/exceladvisor.org\/it\/somma-di-valori-tra-due-date\/\">SUMIFS Intervallo di date<\/a><\/li><li> <a href=\"https:\/\/exceladvisor.org\/it\/sumif-sumif-o-logica\/\">SOMMA.FS con logica OR<\/a><\/li><li> <a href=\"https:\/\/exceladvisor.org\/it\/sutive-non-uguali\/\">Somma di valori non uguali (SUMIFS)<\/a><\/li><\/ul><\/div>","protected":false},"excerpt":{"rendered":"","protected":false},"author":1,"featured_media":0,"parent":0,"menu_order":0,"comment_status":"open","ping_status":"closed","template":"","meta":{"ub_ctt_via":"","footnotes":""},"class_list":["post-2116","page","type-page","status-publish","hentry"],"featured_image_src":null,"yoast_head":"<!-- This site is optimized with the Yoast SEO plugin v25.4 - https:\/\/yoast.com\/wordpress\/plugins\/seo\/ -->\n<title>Come utilizzare la funzione SOMMA.FS in Excel? (Con esempio)<\/title>\n<meta name=\"description\" content=\"Un tutorial semplice e veloce per imparare a utilizzare la funzione SOMMA.FS in Excel.\" \/>\n<meta name=\"robots\" content=\"index, follow, max-snippet:-1, max-image-preview:large, max-video-preview:-1\" \/>\n<link rel=\"canonical\" href=\"https:\/\/exceladvisor.org\/it\/somma-2\/\" \/>\n<meta property=\"og:locale\" content=\"it_IT\" \/>\n<meta property=\"og:type\" content=\"article\" \/>\n<meta property=\"og:title\" content=\"Come utilizzare la funzione SOMMA.FS in Excel? (Con esempio)\" \/>\n<meta property=\"og:description\" content=\"Un tutorial semplice e veloce per imparare a utilizzare la funzione SOMMA.FS in Excel.\" \/>\n<meta property=\"og:url\" content=\"https:\/\/exceladvisor.org\/it\/somma-2\/\" \/>\n<meta property=\"og:site_name\" content=\"Excel Advisor\" \/>\n<meta property=\"article:modified_time\" content=\"2023-12-10T06:25:21+00:00\" \/>\n<meta property=\"og:image\" content=\"https:\/\/exceladvisor.org\/wp-content\/uploads\/2023\/08\/1-fonction-sumifs.png\" \/>\n<meta name=\"twitter:card\" content=\"summary_large_image\" \/>\n<meta name=\"twitter:label1\" content=\"Tempo di lettura stimato\" \/>\n\t<meta name=\"twitter:data1\" content=\"1 minuto\" \/>\n<script type=\"application\/ld+json\" class=\"yoast-schema-graph\">{\"@context\":\"https:\/\/schema.org\",\"@graph\":[{\"@type\":\"WebPage\",\"@id\":\"https:\/\/exceladvisor.org\/it\/somma-2\/\",\"url\":\"https:\/\/exceladvisor.org\/it\/somma-2\/\",\"name\":\"Come utilizzare la funzione SOMMA.FS in Excel? (Con esempio)\",\"isPartOf\":{\"@id\":\"https:\/\/exceladvisor.org\/it\/#website\"},\"primaryImageOfPage\":{\"@id\":\"https:\/\/exceladvisor.org\/it\/somma-2\/#primaryimage\"},\"image\":{\"@id\":\"https:\/\/exceladvisor.org\/it\/somma-2\/#primaryimage\"},\"thumbnailUrl\":\"https:\/\/exceladvisor.org\/wp-content\/uploads\/2023\/08\/1-fonction-sumifs.png\",\"datePublished\":\"2023-10-15T10:48:02+00:00\",\"dateModified\":\"2023-12-10T06:25:21+00:00\",\"description\":\"Un tutorial semplice e veloce per imparare a utilizzare la funzione SOMMA.FS in Excel.\",\"breadcrumb\":{\"@id\":\"https:\/\/exceladvisor.org\/it\/somma-2\/#breadcrumb\"},\"inLanguage\":\"it-IT\",\"potentialAction\":[{\"@type\":\"ReadAction\",\"target\":[\"https:\/\/exceladvisor.org\/it\/somma-2\/\"]}]},{\"@type\":\"ImageObject\",\"inLanguage\":\"it-IT\",\"@id\":\"https:\/\/exceladvisor.org\/it\/somma-2\/#primaryimage\",\"url\":\"https:\/\/exceladvisor.org\/wp-content\/uploads\/2023\/08\/1-fonction-sumifs.png\",\"contentUrl\":\"https:\/\/exceladvisor.org\/wp-content\/uploads\/2023\/08\/1-fonction-sumifs.png\"},{\"@type\":\"BreadcrumbList\",\"@id\":\"https:\/\/exceladvisor.org\/it\/somma-2\/#breadcrumb\",\"itemListElement\":[{\"@type\":\"ListItem\",\"position\":1,\"name\":\"Home\",\"item\":\"https:\/\/exceladvisor.org\/it\/\"},{\"@type\":\"ListItem\",\"position\":2,\"name\":\"Come utilizzare la funzione somma.fs in excel?\"}]},{\"@type\":\"WebSite\",\"@id\":\"https:\/\/exceladvisor.org\/it\/#website\",\"url\":\"https:\/\/exceladvisor.org\/it\/\",\"name\":\"Excel Advisor\",\"description\":\"Tips, Tricks, and Time-Saving Hacks\",\"publisher\":{\"@id\":\"https:\/\/exceladvisor.org\/it\/#organization\"},\"potentialAction\":[{\"@type\":\"SearchAction\",\"target\":{\"@type\":\"EntryPoint\",\"urlTemplate\":\"https:\/\/exceladvisor.org\/it\/?s={search_term_string}\"},\"query-input\":{\"@type\":\"PropertyValueSpecification\",\"valueRequired\":true,\"valueName\":\"search_term_string\"}}],\"inLanguage\":\"it-IT\"},{\"@type\":\"Organization\",\"@id\":\"https:\/\/exceladvisor.org\/it\/#organization\",\"name\":\"Excel Advisor\",\"url\":\"https:\/\/exceladvisor.org\/it\/\",\"logo\":{\"@type\":\"ImageObject\",\"inLanguage\":\"it-IT\",\"@id\":\"https:\/\/exceladvisor.org\/it\/#\/schema\/logo\/image\/\",\"url\":\"https:\/\/exceladvisor.org\/it\/wp-content\/uploads\/2023\/12\/exceladvisor.org_.png\",\"contentUrl\":\"https:\/\/exceladvisor.org\/it\/wp-content\/uploads\/2023\/12\/exceladvisor.org_.png\",\"width\":105,\"height\":36,\"caption\":\"Excel Advisor\"},\"image\":{\"@id\":\"https:\/\/exceladvisor.org\/it\/#\/schema\/logo\/image\/\"}}]}<\/script>\n<!-- \/ Yoast SEO plugin. -->","yoast_head_json":{"title":"Come utilizzare la funzione SOMMA.FS in Excel? (Con esempio)","description":"Un tutorial semplice e veloce per imparare a utilizzare la funzione SOMMA.FS in Excel.","robots":{"index":"index","follow":"follow","max-snippet":"max-snippet:-1","max-image-preview":"max-image-preview:large","max-video-preview":"max-video-preview:-1"},"canonical":"https:\/\/exceladvisor.org\/it\/somma-2\/","og_locale":"it_IT","og_type":"article","og_title":"Come utilizzare la funzione SOMMA.FS in Excel? (Con esempio)","og_description":"Un tutorial semplice e veloce per imparare a utilizzare la funzione SOMMA.FS in Excel.","og_url":"https:\/\/exceladvisor.org\/it\/somma-2\/","og_site_name":"Excel Advisor","article_modified_time":"2023-12-10T06:25:21+00:00","og_image":[{"url":"https:\/\/exceladvisor.org\/wp-content\/uploads\/2023\/08\/1-fonction-sumifs.png","type":"","width":"","height":""}],"twitter_card":"summary_large_image","twitter_misc":{"Tempo di lettura stimato":"1 minuto"},"schema":{"@context":"https:\/\/schema.org","@graph":[{"@type":"WebPage","@id":"https:\/\/exceladvisor.org\/it\/somma-2\/","url":"https:\/\/exceladvisor.org\/it\/somma-2\/","name":"Come utilizzare la funzione SOMMA.FS in Excel? (Con esempio)","isPartOf":{"@id":"https:\/\/exceladvisor.org\/it\/#website"},"primaryImageOfPage":{"@id":"https:\/\/exceladvisor.org\/it\/somma-2\/#primaryimage"},"image":{"@id":"https:\/\/exceladvisor.org\/it\/somma-2\/#primaryimage"},"thumbnailUrl":"https:\/\/exceladvisor.org\/wp-content\/uploads\/2023\/08\/1-fonction-sumifs.png","datePublished":"2023-10-15T10:48:02+00:00","dateModified":"2023-12-10T06:25:21+00:00","description":"Un tutorial semplice e veloce per imparare a utilizzare la funzione SOMMA.FS in Excel.","breadcrumb":{"@id":"https:\/\/exceladvisor.org\/it\/somma-2\/#breadcrumb"},"inLanguage":"it-IT","potentialAction":[{"@type":"ReadAction","target":["https:\/\/exceladvisor.org\/it\/somma-2\/"]}]},{"@type":"ImageObject","inLanguage":"it-IT","@id":"https:\/\/exceladvisor.org\/it\/somma-2\/#primaryimage","url":"https:\/\/exceladvisor.org\/wp-content\/uploads\/2023\/08\/1-fonction-sumifs.png","contentUrl":"https:\/\/exceladvisor.org\/wp-content\/uploads\/2023\/08\/1-fonction-sumifs.png"},{"@type":"BreadcrumbList","@id":"https:\/\/exceladvisor.org\/it\/somma-2\/#breadcrumb","itemListElement":[{"@type":"ListItem","position":1,"name":"Home","item":"https:\/\/exceladvisor.org\/it\/"},{"@type":"ListItem","position":2,"name":"Come utilizzare la funzione somma.fs in excel?"}]},{"@type":"WebSite","@id":"https:\/\/exceladvisor.org\/it\/#website","url":"https:\/\/exceladvisor.org\/it\/","name":"Excel Advisor","description":"Tips, Tricks, and Time-Saving Hacks","publisher":{"@id":"https:\/\/exceladvisor.org\/it\/#organization"},"potentialAction":[{"@type":"SearchAction","target":{"@type":"EntryPoint","urlTemplate":"https:\/\/exceladvisor.org\/it\/?s={search_term_string}"},"query-input":{"@type":"PropertyValueSpecification","valueRequired":true,"valueName":"search_term_string"}}],"inLanguage":"it-IT"},{"@type":"Organization","@id":"https:\/\/exceladvisor.org\/it\/#organization","name":"Excel Advisor","url":"https:\/\/exceladvisor.org\/it\/","logo":{"@type":"ImageObject","inLanguage":"it-IT","@id":"https:\/\/exceladvisor.org\/it\/#\/schema\/logo\/image\/","url":"https:\/\/exceladvisor.org\/it\/wp-content\/uploads\/2023\/12\/exceladvisor.org_.png","contentUrl":"https:\/\/exceladvisor.org\/it\/wp-content\/uploads\/2023\/12\/exceladvisor.org_.png","width":105,"height":36,"caption":"Excel Advisor"},"image":{"@id":"https:\/\/exceladvisor.org\/it\/#\/schema\/logo\/image\/"}}]}},"yoast_meta":{"yoast_wpseo_title":"","yoast_wpseo_metadesc":"","yoast_wpseo_canonical":""},"_links":{"self":[{"href":"https:\/\/exceladvisor.org\/it\/wp-json\/wp\/v2\/pages\/2116","targetHints":{"allow":["GET"]}}],"collection":[{"href":"https:\/\/exceladvisor.org\/it\/wp-json\/wp\/v2\/pages"}],"about":[{"href":"https:\/\/exceladvisor.org\/it\/wp-json\/wp\/v2\/types\/page"}],"author":[{"embeddable":true,"href":"https:\/\/exceladvisor.org\/it\/wp-json\/wp\/v2\/users\/1"}],"replies":[{"embeddable":true,"href":"https:\/\/exceladvisor.org\/it\/wp-json\/wp\/v2\/comments?post=2116"}],"version-history":[{"count":1,"href":"https:\/\/exceladvisor.org\/it\/wp-json\/wp\/v2\/pages\/2116\/revisions"}],"predecessor-version":[{"id":2663,"href":"https:\/\/exceladvisor.org\/it\/wp-json\/wp\/v2\/pages\/2116\/revisions\/2663"}],"wp:attachment":[{"href":"https:\/\/exceladvisor.org\/it\/wp-json\/wp\/v2\/media?parent=2116"}],"curies":[{"name":"wp","href":"https:\/\/api.w.org\/{rel}","templated":true}]}}