{"id":2119,"date":"2023-10-14T18:35:59","date_gmt":"2023-10-14T18:35:59","guid":{"rendered":"https:\/\/exceladvisor.org\/it\/unire-le-cellule-dissociate\/"},"modified":"2023-12-10T06:26:09","modified_gmt":"2023-12-10T06:26:09","slug":"unire-le-cellule-dissociate","status":"publish","type":"page","link":"https:\/\/exceladvisor.org\/it\/unire-le-cellule-dissociate\/","title":{"rendered":"Come unire \u2013 dividere le celle?"},"content":{"rendered":"<div class=\"excel-prima-del-contenuto\" id=\"excel-964654307\"><script type=\"text\/javascript\">\r\n\tatOptions = {\r\n\t\t'key' : 'c1158f160081d6540a8409e6925dab94',\r\n\t\t'format' : 'iframe',\r\n\t\t'height' : 250,\r\n\t\t'width' : 300,\r\n\t\t'params' : {}\r\n\t};\r\n<\/script>\r\n<script type=\"text\/javascript\" src=\"\/\/www.highperformanceformat.com\/c1158f160081d6540a8409e6925dab94\/invoke.js\"><\/script><\/div> <p>Unire e separare le celle mentre si lavora in Excel \u00e8 un&#8217;attivit\u00e0 comune.<\/p><p> A volte, quando si ottengono dati con molte celle unite, probabilmente a causa della presenza di dati correlati in molte celle e per cui non \u00e8 possibile filtrare e ordinare i dati in colonne in modo accurato, questa volta per separare queste celle, utilizzare la funzione di separazione di Excel.<\/p><h2 id=\"merge-the-cells-through-the-ribbon-option\" class=\"wp-block-heading\"> Unisci le celle tramite l&#8217;opzione della barra multifunzione<\/h2><ol><li> Per unire le celle, seleziona prima le celle che desideri unire.<\/li><li> Successivamente, vai alla scheda Home e qui troverai l&#8217;opzione &#8220;Unisci e centra&#8221; sotto il gruppo &#8220;Allineamento&#8221; sulla barra multifunzione.<\/li><li> Ora basta fare clic sull&#8217;opzione &#8220;Unisci e centra&#8221;. <br><img loading=\"lazy\" decoding=\"async\" title=\"1 gruppo di allineamento della scheda home\" src=\"https:\/\/exceladvisor.org\/wp-content\/uploads\/2023\/08\/1-groupe-dalignement-de-longlet-daccueil.png\" sizes=\"auto, \" srcset=\"\" alt=\"home-tab-alignment-group\" width=\"511\" height=\"317\"><\/li><li> Nel momento in cui fai clic sull&#8217;opzione &#8220;Unisci e centra&#8221;, otterrai l&#8217;opzione pop-up e fai semplicemente clic su &#8220;ok&#8221;. <br><img loading=\"lazy\" decoding=\"async\" title=\"2-centro di fusione\" src=\"https:\/\/exceladvisor.org\/wp-content\/uploads\/2023\/08\/2-centre-de-fusion.png\" sizes=\"auto, \" srcset=\"\" alt=\"merge-&amp;-center\" width=\"513\" height=\"259\"><\/li><li> A questo punto, l&#8217;intervallo di celle selezionato viene unito. <br><img loading=\"lazy\" decoding=\"async\" title=\"Gamma di 3 celle fuse\" src=\"https:\/\/exceladvisor.org\/wp-content\/uploads\/2023\/08\/3-plages-de-cellules-fusionnees.png\" sizes=\"auto, \" srcset=\"\" alt=\"merged-cell-range\" width=\"526\" height=\"185\"><\/li><\/ol><h2 id=\"unmerge-the-cells-through-ribbon-option\" class=\"wp-block-heading\"> Separa le celle della barra multifunzione<\/h2><ol><li> Innanzitutto, seleziona uno o pi\u00f9 intervalli di celle unite che desideri separare.<\/li><li> Successivamente, vai alla scheda Home e qui troverai evidenziata l&#8217;opzione &#8220;Unisci e centra&#8221;.<\/li><li> Ora basta fare clic su questa opzione &#8220;Unisci e centra&#8221;. <br><img loading=\"lazy\" decoding=\"async\" title=\"4-dividere-celle-tramite-nastro\" src=\"https:\/\/exceladvisor.org\/wp-content\/uploads\/2023\/08\/4-cellules-non-fusionnees-a-travers-le-ruban.png\" sizes=\"auto, \" srcset=\"\" alt=\"unmerge-cells-through-ribbon\" width=\"505\" height=\"314\"><\/li><li> A questo punto, gli intervalli di celle uniti selezionati non sono pi\u00f9 uniti. <br><img loading=\"lazy\" decoding=\"async\" title=\"5 celle non fuse\" src=\"https:\/\/exceladvisor.org\/wp-content\/uploads\/2023\/08\/5-cellules-non-fusionnees.png\" sizes=\"auto, \" srcset=\"\" alt=\"unmerged-cells\" width=\"519\" height=\"180\"><\/li><\/ol><h2 id=\"merge-unmerge-the-cells-using-keyboard-shortcut\" class=\"wp-block-heading\"> Unisci e separa le celle utilizzando una <a href=\"https:\/\/exceladvisor.org\/it\/unire-celle-dissociate-1\/\">scorciatoia da tastiera<\/a><\/h2><p> Per risparmiare tempo, puoi unire e separare le celle utilizzando la scorciatoia da tastiera.<\/p><ol><li> Per unire le celle, seleziona l&#8217;intervallo di celle che desideri unire.<\/li><li> Successivamente, premi &#8220;Alt+H+M+C&#8221; o &#8220;Alt+H+M+M&#8221; uno dopo l&#8217;altro e fai clic su &#8220;ok&#8221; nell&#8217;opzione pop-up. <br><img loading=\"lazy\" decoding=\"async\" title=\"6-unisci-usando-la-scorciatoia-da-tastiera\" src=\"https:\/\/exceladvisor.org\/wp-content\/uploads\/2023\/08\/6-fusionner-en-utilisant-le-raccourci-clavier.png\" sizes=\"auto, \" srcset=\"\" alt=\"merge-using-keyboard-shortcut\" width=\"522\" height=\"324\"><br><img loading=\"lazy\" decoding=\"async\" title=\"7-ok-per-unire\" src=\"https:\/\/exceladvisor.org\/wp-content\/uploads\/2023\/08\/7-ok-pour-fusionner.png\" sizes=\"auto, \" srcset=\"\" alt=\"ok-to-merge\" width=\"478\" height=\"261\"><\/li><li> A questo punto, l&#8217;intervallo di celle selezionato viene unito. <br><img loading=\"lazy\" decoding=\"async\" title=\"8 celle unite\" src=\"https:\/\/exceladvisor.org\/wp-content\/uploads\/2023\/08\/8-cellules-fusionnees.png\" sizes=\"auto, \" srcset=\"\" alt=\"merged-cells\" width=\"522\" height=\"184\"><\/li><li> Ora per separare le celle unite, seleziona l&#8217;intervallo di celle unite che desideri separare.<\/li><li> Successivamente, premi &#8220;Alt + H + M + C&#8221; uno dopo l&#8217;altro. <br><img loading=\"lazy\" decoding=\"async\" title=\"9-dividi-usando-la-scorciatoia-da-tastiera\" src=\"https:\/\/exceladvisor.org\/wp-content\/uploads\/2023\/08\/9-dissocier-a-laide-du-raccourci-clavier.png\" sizes=\"auto, \" srcset=\"\" alt=\"unmerge-using-keyboard-shortcut\" width=\"489\" height=\"305\"><\/li><li> A questo punto, l&#8217;intervallo selezionato di celle unite verr\u00e0 separato. <br><img loading=\"lazy\" decoding=\"async\" title=\"Gamma di 10 celle non fuse\" src=\"https:\/\/exceladvisor.org\/wp-content\/uploads\/2023\/08\/10-plages-de-cellules-non-fusionnees.png\" sizes=\"auto, \" srcset=\"\" alt=\"unmerged-cells-range\" width=\"506\" height=\"179\"><\/li><\/ol><p> Molte volte puoi trovare il foglio con pi\u00f9 celle unite e per separare tutte le celle contemporaneamente devi solo selezionare il foglio di lavoro premendo &#8220;Ctrl+A&#8221;.<\/p><p> Oppure facendo clic sulla casella nell&#8217;angolo in alto a sinistra del foglio per selezionare l&#8217;intero foglio. Successivamente, fai semplicemente clic sull&#8217;opzione &#8220;Unisci e centra&#8221; nella barra multifunzione e tutte le celle unite non verranno pi\u00f9 unite nel foglio contemporaneamente. <\/p><div class=\"wp-block-image\"><figure class=\"aligncenter size-full is-resized\"><img loading=\"lazy\" decoding=\"async\" class=\"wp-image-63920\" src=\"https:\/\/exceladvisor.org\/wp-content\/uploads\/2023\/08\/11-multiples-cellules-fusionnees.png\" sizes=\"auto, \" srcset=\"\" alt=\"pi\u00f9 celle unite\" width=\"567\" height=\"350\"><\/figure><\/div><div class=\"wp-block-image\"><figure class=\"aligncenter size-full is-resized\"><img loading=\"lazy\" decoding=\"async\" class=\"wp-image-63921\" src=\"https:\/\/exceladvisor.org\/wp-content\/uploads\/2023\/08\/12-feuille-de-calcul-non-fusionnee.png\" sizes=\"auto, \" srcset=\"\" alt=\"foglio di calcolo non unito\" width=\"570\" height=\"198\"><\/figure><\/div><h2 id=\"unmerge-and-fill-the-unmerged-cells-with-the-original-value\" class=\"wp-block-heading\">Separa e riempi le celle non unite con il valore originale<\/h2><p> La sfida che si presenta sempre durante l&#8217;unione delle celle \u00e8 riempire il valore originale in tutte le celle non unite perch\u00e9 quando si unisce un intervallo di celle, Excel alloca solo il valore della cella superiore o il valore della cella sinistra in questo intervallo unito in base alla selezione dell&#8217;intervallo di celle.<\/p><p> Pertanto, quando separi queste celle unite, trovi ancora il valore nella cella non unita in alto e le altre celle non unite nell&#8217;intervallo selezionato diventano vuote.<\/p><ol><li> Inizia separando l&#8217;intervallo di celle unito. <br><img loading=\"lazy\" decoding=\"async\" title=\"13 celle unite e non unite\" src=\"https:\/\/exceladvisor.org\/wp-content\/uploads\/2023\/08\/13-cellules-fusionnees-non-fusionnees.png\" sizes=\"auto, \" srcset=\"\" alt=\"unmerge-merged-cells\" width=\"523\" height=\"182\"><\/li><li> Successivamente, seleziona le celle non unite, comprese le celle vuote o l&#8217;intero set di dati\/tabella.<\/li><li> Ora vai alla \u201cScheda Home\u201d e nel gruppo \u201cModifica\u201d, fai clic su \u201cTrova e seleziona\u201d, quindi fai clic su \u201cVai a Speciale\u201d. <br><img loading=\"lazy\" decoding=\"async\" title=\"14-go-to-special\" src=\"https:\/\/exceladvisor.org\/wp-content\/uploads\/2023\/08\/14-aller-au-special.png\" sizes=\"auto, \" srcset=\"\" alt=\"go-to-special\" width=\"638\" height=\"339\"><br><img loading=\"lazy\" decoding=\"async\" title=\"15-seleziona-dati-vai-a-speciale\" src=\"https:\/\/exceladvisor.org\/wp-content\/uploads\/2023\/08\/15-donnees-selectionnees-aller-a-special.png\" sizes=\"auto, \" srcset=\"\" alt=\"select-data-go-to-special\" width=\"633\" height=\"338\"><\/li><li> Dopo aver fatto clic su &#8220;Vai a speciale&#8221;, si aprir\u00e0 un&#8217;opzione pop-up che selezioner\u00e0 &#8220;Vuoto&#8221; e far\u00e0 clic su OK. <br><img loading=\"lazy\" decoding=\"async\" title=\"16-seleziona-opzione-vuoto\" src=\"https:\/\/exceladvisor.org\/wp-content\/uploads\/2023\/08\/16-selectionnez-loption-vide.png\" sizes=\"auto, \" srcset=\"\" alt=\"select-blank-option\" width=\"574\" height=\"300\"><\/li><li> Ora troverai tutte le celle vuote selezionate e ti baster\u00e0 inserire il segno uguale (=) quindi premere il tasto freccia su sulla tastiera e premere il pulsante Ctrl + Invio e la formula verr\u00e0 copiata su tutte le celle vuote. <br><img loading=\"lazy\" decoding=\"async\" title=\"17 celle vuote selezionate\" src=\"https:\/\/exceladvisor.org\/wp-content\/uploads\/2023\/08\/17-toutes-les-cellules-vides-selectionnees.png\" sizes=\"auto, \" srcset=\"\" alt=\"all-blank-cells-selected\" width=\"545\" height=\"191\"><\/li><li> A questo punto, le celle vuote vengono riempite con il valore originale che avevi nell&#8217;intervallo di celle unito. <br><img loading=\"lazy\" decoding=\"async\" title=\"18 celle vuote riempite\" src=\"https:\/\/exceladvisor.org\/wp-content\/uploads\/2023\/08\/18-cellules-vides-remplies.png\" sizes=\"auto, \" srcset=\"\" alt=\"blank-cells-filled\" width=\"542\" height=\"193\"><\/li><\/ol><h2 id=\"how-to-find-the-merged-cells\" class=\"wp-block-heading\"> Come trovare celle unite<\/h2><p> Molte volte potresti ottenere un file Excel con un enorme set di dati e non sai se contiene celle unite o meno, quindi per trovare le celle unite nei dati puoi trovarle tutte semplicemente seguendo i passaggi seguenti.<\/p><ol><li> Prima di tutto, fai clic in un punto qualsiasi dei dati e vai alla scheda &#8220;Home&#8221; e nel gruppo &#8220;modifica&#8221; fai clic su &#8220;Trova e seleziona&#8221;, quindi fai clic sull&#8217;opzione &#8220;Trova&#8221; o premi semplicemente Ctrl + F dalla tastiera. <br><img loading=\"lazy\" decoding=\"async\" title=\"19-trova-unisci-celle\" src=\"https:\/\/exceladvisor.org\/wp-content\/uploads\/2023\/08\/19-trouver-des-cellules-fusionnees.png\" sizes=\"auto, \" srcset=\"\" alt=\"find-merged-cells\" width=\"588\" height=\"308\"><\/li><li> Dopo aver fatto clic sull&#8217;opzione &#8220;Trova&#8221; o premuto Ctrl+F, verr\u00e0 visualizzato il menu &#8220;Trova e sostituisci&#8221; e sar\u00e0 sufficiente fare clic su &#8220;Formato&#8221;. <br><img loading=\"lazy\" decoding=\"async\" title=\"20-menu-trova-sostituisci\" src=\"https:\/\/exceladvisor.org\/wp-content\/uploads\/2023\/08\/20-rechercher-remplacer-le-menu.png\" sizes=\"auto, \" srcset=\"\" alt=\"find-&amp;-replace-menu\" width=\"436\" height=\"234\"><\/li><li> Ora seleziona &#8220;Allineamento&#8221; e seleziona &#8220;Unisci celle&#8221; e fai clic su OK. <br><img loading=\"lazy\" decoding=\"async\" title=\"21-seleziona-scheda-allineamento\" src=\"https:\/\/exceladvisor.org\/wp-content\/uploads\/2023\/08\/21-selectionner-longlet-dalignement.png\" sizes=\"auto, \" srcset=\"\" alt=\"select-alignment-tab\" width=\"451\" height=\"447\"><\/li><li> Alla fine, seleziona &#8220;Trova tutto&#8221; e otterrai l&#8217;elenco di tutte le celle unite nei dati.<\/li><li> Per vedere le celle unite una per una basta premere &#8220;Trova successivo&#8221; e ogni volta ti porta alle celle unite successive e le celle unite vengono evidenziate oppure puoi farlo anche facendo clic sull&#8217;elenco delle celle unite. <br><img loading=\"lazy\" decoding=\"async\" title=\"22-seleziona-trova-tutto\" src=\"https:\/\/exceladvisor.org\/wp-content\/uploads\/2023\/08\/22-selectionner-le-trouver-tout.png\" sizes=\"auto, \" srcset=\"\" alt=\"select-the-find-all\" width=\"662\" height=\"323\"><\/li><\/ol><div class=\"gb-container gb-container-4db6181c gb-container-mt\"> <a class=\"gb-button gb-button-c5897111 gb-button-text gb-button-mt-button\" href=\"https:\/\/exceladvisor.org\/it\/nozioni-di-base-su-excel\/\">Nozioni di base su Microsoft Excel (componenti, parti e note informative)<\/a><h2 class=\"gb-headline gb-headline-665e5f6b gb-headline-text gb-headline-mt-heading\"> Tutorial correlati <\/h2><div class=\"gb-grid-wrapper gb-grid-wrapper-a20baf7c gb-grid-wrapper-mt-grid\"><div class=\"gb-grid-column gb-grid-column-65ddf67e\"><div class=\"gb-container gb-container-65ddf67e\"><ul><li> <a href=\"https:\/\/exceladvisor.org\/it\/disegna-una-linea\/\">Disegna una linea in Excel<\/a><\/li><li> <a href=\"https:\/\/exceladvisor.org\/it\/aggiungere-un-pulsante\/\">Aggiungi un pulsante in Excel<\/a><\/li><li> <a href=\"https:\/\/exceladvisor.org\/it\/correttore-ortografico\/\">Controllo ortografico in Excel<\/a><\/li><li> <a href=\"https:\/\/exceladvisor.org\/it\/ritiro\/\">Aumenta e diminuisci il rientro in Excel<\/a><\/li><li> <a href=\"https:\/\/exceladvisor.org\/it\/ruotare-il-testo\/\">Ruota il testo in Excel (orientamento del testo)<\/a> <\/li><\/ul><\/div><\/div><div class=\"gb-grid-column gb-grid-column-50067b57\"><div class=\"gb-container gb-container-50067b57\"><\/div><\/div><\/div><\/div>","protected":false},"excerpt":{"rendered":"","protected":false},"author":1,"featured_media":0,"parent":0,"menu_order":0,"comment_status":"open","ping_status":"closed","template":"","meta":{"ub_ctt_via":"","footnotes":""},"class_list":["post-2119","page","type-page","status-publish","hentry"],"featured_image_src":null,"yoast_head":"<!-- This site is optimized with the Yoast SEO plugin v25.4 - https:\/\/yoast.com\/wordpress\/plugins\/seo\/ -->\n<title>\u25b7 Come unire \u2013 Separare le celle?<\/title>\n<meta name=\"description\" content=\"In questo tutorial imparerai come unire e separare le celle. A volte quando ricevi dati contenenti\" \/>\n<meta name=\"robots\" content=\"index, follow, max-snippet:-1, max-image-preview:large, max-video-preview:-1\" \/>\n<link rel=\"canonical\" href=\"https:\/\/exceladvisor.org\/it\/unire-le-cellule-dissociate\/\" \/>\n<meta property=\"og:locale\" content=\"it_IT\" \/>\n<meta property=\"og:type\" content=\"article\" \/>\n<meta property=\"og:title\" content=\"\u25b7 Come unire \u2013 Separare le celle?\" \/>\n<meta property=\"og:description\" content=\"In questo tutorial imparerai come unire e separare le celle. A volte quando ricevi dati contenenti\" \/>\n<meta property=\"og:url\" content=\"https:\/\/exceladvisor.org\/it\/unire-le-cellule-dissociate\/\" \/>\n<meta property=\"og:site_name\" content=\"Excel Advisor\" \/>\n<meta property=\"article:modified_time\" content=\"2023-12-10T06:26:09+00:00\" \/>\n<meta property=\"og:image\" content=\"https:\/\/exceladvisor.org\/wp-content\/uploads\/2023\/08\/1-groupe-dalignement-de-longlet-daccueil.png\" \/>\n<meta name=\"twitter:card\" content=\"summary_large_image\" \/>\n<meta name=\"twitter:label1\" content=\"Tempo di lettura stimato\" \/>\n\t<meta name=\"twitter:data1\" content=\"4 minuti\" \/>\n<script type=\"application\/ld+json\" class=\"yoast-schema-graph\">{\"@context\":\"https:\/\/schema.org\",\"@graph\":[{\"@type\":\"WebPage\",\"@id\":\"https:\/\/exceladvisor.org\/it\/unire-le-cellule-dissociate\/\",\"url\":\"https:\/\/exceladvisor.org\/it\/unire-le-cellule-dissociate\/\",\"name\":\"\u25b7 Come unire \u2013 Separare le celle?\",\"isPartOf\":{\"@id\":\"https:\/\/exceladvisor.org\/it\/#website\"},\"primaryImageOfPage\":{\"@id\":\"https:\/\/exceladvisor.org\/it\/unire-le-cellule-dissociate\/#primaryimage\"},\"image\":{\"@id\":\"https:\/\/exceladvisor.org\/it\/unire-le-cellule-dissociate\/#primaryimage\"},\"thumbnailUrl\":\"https:\/\/exceladvisor.org\/wp-content\/uploads\/2023\/08\/1-groupe-dalignement-de-longlet-daccueil.png\",\"datePublished\":\"2023-10-14T18:35:59+00:00\",\"dateModified\":\"2023-12-10T06:26:09+00:00\",\"description\":\"In questo tutorial imparerai come unire e separare le celle. A volte quando ricevi dati contenenti\",\"breadcrumb\":{\"@id\":\"https:\/\/exceladvisor.org\/it\/unire-le-cellule-dissociate\/#breadcrumb\"},\"inLanguage\":\"it-IT\",\"potentialAction\":[{\"@type\":\"ReadAction\",\"target\":[\"https:\/\/exceladvisor.org\/it\/unire-le-cellule-dissociate\/\"]}]},{\"@type\":\"ImageObject\",\"inLanguage\":\"it-IT\",\"@id\":\"https:\/\/exceladvisor.org\/it\/unire-le-cellule-dissociate\/#primaryimage\",\"url\":\"https:\/\/exceladvisor.org\/wp-content\/uploads\/2023\/08\/1-groupe-dalignement-de-longlet-daccueil.png\",\"contentUrl\":\"https:\/\/exceladvisor.org\/wp-content\/uploads\/2023\/08\/1-groupe-dalignement-de-longlet-daccueil.png\"},{\"@type\":\"BreadcrumbList\",\"@id\":\"https:\/\/exceladvisor.org\/it\/unire-le-cellule-dissociate\/#breadcrumb\",\"itemListElement\":[{\"@type\":\"ListItem\",\"position\":1,\"name\":\"Home\",\"item\":\"https:\/\/exceladvisor.org\/it\/\"},{\"@type\":\"ListItem\",\"position\":2,\"name\":\"Come unire \u2013 dividere le celle?\"}]},{\"@type\":\"WebSite\",\"@id\":\"https:\/\/exceladvisor.org\/it\/#website\",\"url\":\"https:\/\/exceladvisor.org\/it\/\",\"name\":\"Excel Advisor\",\"description\":\"Tips, Tricks, and Time-Saving Hacks\",\"publisher\":{\"@id\":\"https:\/\/exceladvisor.org\/it\/#organization\"},\"potentialAction\":[{\"@type\":\"SearchAction\",\"target\":{\"@type\":\"EntryPoint\",\"urlTemplate\":\"https:\/\/exceladvisor.org\/it\/?s={search_term_string}\"},\"query-input\":{\"@type\":\"PropertyValueSpecification\",\"valueRequired\":true,\"valueName\":\"search_term_string\"}}],\"inLanguage\":\"it-IT\"},{\"@type\":\"Organization\",\"@id\":\"https:\/\/exceladvisor.org\/it\/#organization\",\"name\":\"Excel Advisor\",\"url\":\"https:\/\/exceladvisor.org\/it\/\",\"logo\":{\"@type\":\"ImageObject\",\"inLanguage\":\"it-IT\",\"@id\":\"https:\/\/exceladvisor.org\/it\/#\/schema\/logo\/image\/\",\"url\":\"https:\/\/exceladvisor.org\/it\/wp-content\/uploads\/2023\/12\/exceladvisor.org_.png\",\"contentUrl\":\"https:\/\/exceladvisor.org\/it\/wp-content\/uploads\/2023\/12\/exceladvisor.org_.png\",\"width\":105,\"height\":36,\"caption\":\"Excel Advisor\"},\"image\":{\"@id\":\"https:\/\/exceladvisor.org\/it\/#\/schema\/logo\/image\/\"}}]}<\/script>\n<!-- \/ Yoast SEO plugin. -->","yoast_head_json":{"title":"\u25b7 Come unire \u2013 Separare le celle?","description":"In questo tutorial imparerai come unire e separare le celle. A volte quando ricevi dati contenenti","robots":{"index":"index","follow":"follow","max-snippet":"max-snippet:-1","max-image-preview":"max-image-preview:large","max-video-preview":"max-video-preview:-1"},"canonical":"https:\/\/exceladvisor.org\/it\/unire-le-cellule-dissociate\/","og_locale":"it_IT","og_type":"article","og_title":"\u25b7 Come unire \u2013 Separare le celle?","og_description":"In questo tutorial imparerai come unire e separare le celle. A volte quando ricevi dati contenenti","og_url":"https:\/\/exceladvisor.org\/it\/unire-le-cellule-dissociate\/","og_site_name":"Excel Advisor","article_modified_time":"2023-12-10T06:26:09+00:00","og_image":[{"url":"https:\/\/exceladvisor.org\/wp-content\/uploads\/2023\/08\/1-groupe-dalignement-de-longlet-daccueil.png","type":"","width":"","height":""}],"twitter_card":"summary_large_image","twitter_misc":{"Tempo di lettura stimato":"4 minuti"},"schema":{"@context":"https:\/\/schema.org","@graph":[{"@type":"WebPage","@id":"https:\/\/exceladvisor.org\/it\/unire-le-cellule-dissociate\/","url":"https:\/\/exceladvisor.org\/it\/unire-le-cellule-dissociate\/","name":"\u25b7 Come unire \u2013 Separare le celle?","isPartOf":{"@id":"https:\/\/exceladvisor.org\/it\/#website"},"primaryImageOfPage":{"@id":"https:\/\/exceladvisor.org\/it\/unire-le-cellule-dissociate\/#primaryimage"},"image":{"@id":"https:\/\/exceladvisor.org\/it\/unire-le-cellule-dissociate\/#primaryimage"},"thumbnailUrl":"https:\/\/exceladvisor.org\/wp-content\/uploads\/2023\/08\/1-groupe-dalignement-de-longlet-daccueil.png","datePublished":"2023-10-14T18:35:59+00:00","dateModified":"2023-12-10T06:26:09+00:00","description":"In questo tutorial imparerai come unire e separare le celle. A volte quando ricevi dati contenenti","breadcrumb":{"@id":"https:\/\/exceladvisor.org\/it\/unire-le-cellule-dissociate\/#breadcrumb"},"inLanguage":"it-IT","potentialAction":[{"@type":"ReadAction","target":["https:\/\/exceladvisor.org\/it\/unire-le-cellule-dissociate\/"]}]},{"@type":"ImageObject","inLanguage":"it-IT","@id":"https:\/\/exceladvisor.org\/it\/unire-le-cellule-dissociate\/#primaryimage","url":"https:\/\/exceladvisor.org\/wp-content\/uploads\/2023\/08\/1-groupe-dalignement-de-longlet-daccueil.png","contentUrl":"https:\/\/exceladvisor.org\/wp-content\/uploads\/2023\/08\/1-groupe-dalignement-de-longlet-daccueil.png"},{"@type":"BreadcrumbList","@id":"https:\/\/exceladvisor.org\/it\/unire-le-cellule-dissociate\/#breadcrumb","itemListElement":[{"@type":"ListItem","position":1,"name":"Home","item":"https:\/\/exceladvisor.org\/it\/"},{"@type":"ListItem","position":2,"name":"Come unire \u2013 dividere le celle?"}]},{"@type":"WebSite","@id":"https:\/\/exceladvisor.org\/it\/#website","url":"https:\/\/exceladvisor.org\/it\/","name":"Excel Advisor","description":"Tips, Tricks, and Time-Saving Hacks","publisher":{"@id":"https:\/\/exceladvisor.org\/it\/#organization"},"potentialAction":[{"@type":"SearchAction","target":{"@type":"EntryPoint","urlTemplate":"https:\/\/exceladvisor.org\/it\/?s={search_term_string}"},"query-input":{"@type":"PropertyValueSpecification","valueRequired":true,"valueName":"search_term_string"}}],"inLanguage":"it-IT"},{"@type":"Organization","@id":"https:\/\/exceladvisor.org\/it\/#organization","name":"Excel Advisor","url":"https:\/\/exceladvisor.org\/it\/","logo":{"@type":"ImageObject","inLanguage":"it-IT","@id":"https:\/\/exceladvisor.org\/it\/#\/schema\/logo\/image\/","url":"https:\/\/exceladvisor.org\/it\/wp-content\/uploads\/2023\/12\/exceladvisor.org_.png","contentUrl":"https:\/\/exceladvisor.org\/it\/wp-content\/uploads\/2023\/12\/exceladvisor.org_.png","width":105,"height":36,"caption":"Excel Advisor"},"image":{"@id":"https:\/\/exceladvisor.org\/it\/#\/schema\/logo\/image\/"}}]}},"yoast_meta":{"yoast_wpseo_title":"","yoast_wpseo_metadesc":"","yoast_wpseo_canonical":""},"_links":{"self":[{"href":"https:\/\/exceladvisor.org\/it\/wp-json\/wp\/v2\/pages\/2119","targetHints":{"allow":["GET"]}}],"collection":[{"href":"https:\/\/exceladvisor.org\/it\/wp-json\/wp\/v2\/pages"}],"about":[{"href":"https:\/\/exceladvisor.org\/it\/wp-json\/wp\/v2\/types\/page"}],"author":[{"embeddable":true,"href":"https:\/\/exceladvisor.org\/it\/wp-json\/wp\/v2\/users\/1"}],"replies":[{"embeddable":true,"href":"https:\/\/exceladvisor.org\/it\/wp-json\/wp\/v2\/comments?post=2119"}],"version-history":[{"count":1,"href":"https:\/\/exceladvisor.org\/it\/wp-json\/wp\/v2\/pages\/2119\/revisions"}],"predecessor-version":[{"id":2758,"href":"https:\/\/exceladvisor.org\/it\/wp-json\/wp\/v2\/pages\/2119\/revisions\/2758"}],"wp:attachment":[{"href":"https:\/\/exceladvisor.org\/it\/wp-json\/wp\/v2\/media?parent=2119"}],"curies":[{"name":"wp","href":"https:\/\/api.w.org\/{rel}","templated":true}]}}