{"id":2123,"date":"2023-09-30T16:50:08","date_gmt":"2023-09-30T16:50:08","guid":{"rendered":"https:\/\/exceladvisor.org\/it\/variabili\/"},"modified":"2023-12-10T06:28:46","modified_gmt":"2023-12-10T06:28:46","slug":"variabili","status":"publish","type":"page","link":"https:\/\/exceladvisor.org\/it\/variabili\/","title":{"rendered":"Tutto quello che devi sapere sulle variabili vba"},"content":{"rendered":"<div class=\"excel-prima-del-contenuto\" id=\"excel-1383659805\"><script type=\"text\/javascript\">\r\n\tatOptions = {\r\n\t\t'key' : 'c1158f160081d6540a8409e6925dab94',\r\n\t\t'format' : 'iframe',\r\n\t\t'height' : 250,\r\n\t\t'width' : 300,\r\n\t\t'params' : {}\r\n\t};\r\n<\/script>\r\n<script type=\"text\/javascript\" src=\"\/\/www.highperformanceformat.com\/c1158f160081d6540a8409e6925dab94\/invoke.js\"><\/script><\/div> <h2 class=\"wp-block-heading\">VBA variabile<\/h2><p> In VBA una variabile \u00e8 come una scatola di immagazzinamento che a sua volta \u00e8 memorizzata nel tuo sistema, ma pu\u00f2 memorizzare l\u00ec un valore per te e puoi utilizzare quel valore nel tuo codice e modificare quel valore se lo desideri (come suggerisce il nome, &#8220;VARIABILE \u201d \u00e8 qualcosa il cui valore non \u00e8 fisso).<\/p><p> Per dichiarare una variabile \u00e8 necessario seguire una semplice procedura:<\/p><ol><li> Utilizza la parola chiave &#8220;Dim&#8221; all&#8217;inizio.<\/li><li> Specificare un nome per la variabile.<\/li><li> Utilizzare la parola chiave &#8220;As&#8221; dopo il nome.<\/li><li> <span style=\"font-weight: 400;\">Specifica il \u201cTipo di dati\u201d della variabile in base al valore che desideri assegnarle.<\/span><\/li><\/ol><p> Qui abbiamo utilizzato il nome \u201cstartDate\u201d e specificato il tipo di dati \u201cDate\u201d. Dopo aver dichiarato una variabile, \u00e8 possibile assegnarle un valore.<\/p><pre class=\"wp-block-code\"> <code class=\"language-visual-basic\" lang=\"visual-basic\">Dim startDate As Date startDate = \u201c11\/10\/2018\u201d<\/code><\/pre><p> Ora, ogni volta che utilizzi la data di inizio nel tuo codice, Excel utilizza la data che gli hai fornito.<\/p><h2 class=\"wp-block-heading\"> Tipi di dati<\/h2><p> In VBA, i tipi di dati sono fondamentalmente i tipi di dati che \u00e8 necessario specificare quando si memorizza un valore in una variabile o costante. Ad esempio, se desideri memorizzare una data in una variabile, devi prima dichiarare tale variabile come tipo di dati.<\/p><h3 class=\"wp-block-heading\"> Tipi di dati spiegati<\/h3><p> Ecco l&#8217;elenco completo dei tipi di dati che puoi utilizzare in VBA. <\/p><figure class=\"wp-block-table is-style-stripes\"><table class=\"mtr-table mtr-thead-th\"><thead><tr><th class=\"has-text-align-center mtr-th-tag\" data-align=\"center\" data-mtr-content=\"Data Type\"><div class=\"mtr-cell-content\"> Tipo di dati <\/div><\/th><th class=\"has-text-align-center mtr-th-tag\" data-align=\"center\" data-mtr-content=\"Bytes Used\"><div class=\"mtr-cell-content\"> Byte utilizzati <\/div><\/th><th class=\"has-text-align-left mtr-th-tag\" data-align=\"left\" data-mtr-content=\"Range of Values\"><div class=\"mtr-cell-content\"> Intervallo di valori <\/div><\/th><\/tr><\/thead><tbody><tr><td class=\"has-text-align-center mtr-td-tag\" data-align=\"center\" data-mtr-content=\"Data Type\"><div class=\"mtr-cell-content\"> Byte <\/div><\/td><td class=\"has-text-align-center mtr-td-tag\" data-align=\"center\" data-mtr-content=\"Bytes Used\"><div class=\"mtr-cell-content\"> 1 byte <\/div><\/td><td class=\"has-text-align-left mtr-td-tag\" data-align=\"left\" data-mtr-content=\"Range of Values\"><div class=\"mtr-cell-content\"> da 0 a 255 <\/div><\/td><\/tr><tr><td class=\"has-text-align-center mtr-td-tag\" data-align=\"center\" data-mtr-content=\"Data Type\"><div class=\"mtr-cell-content\"> booleano <\/div><\/td><td class=\"has-text-align-center mtr-td-tag\" data-align=\"center\" data-mtr-content=\"Bytes Used\"><div class=\"mtr-cell-content\"> 2 byte <\/div><\/td><td class=\"has-text-align-left mtr-td-tag\" data-align=\"left\" data-mtr-content=\"Range of Values\"><div class=\"mtr-cell-content\"> Vero o falso <\/div><\/td><\/tr><tr><td class=\"has-text-align-center mtr-td-tag\" data-align=\"center\" data-mtr-content=\"Data Type\"><div class=\"mtr-cell-content\"> Totale <\/div><\/td><td class=\"has-text-align-center mtr-td-tag\" data-align=\"center\" data-mtr-content=\"Bytes Used\"><div class=\"mtr-cell-content\"> 2 byte <\/div><\/td><td class=\"has-text-align-left mtr-td-tag\" data-align=\"left\" data-mtr-content=\"Range of Values\"><div class=\"mtr-cell-content\"> Da -32.768 a 32.767 <\/div><\/td><\/tr><tr><td class=\"has-text-align-center mtr-td-tag\" data-align=\"center\" data-mtr-content=\"Data Type\"><div class=\"mtr-cell-content\"> Lungo (intero lungo) <\/div><\/td><td class=\"has-text-align-center mtr-td-tag\" data-align=\"center\" data-mtr-content=\"Bytes Used\"><div class=\"mtr-cell-content\"> 4 byte <\/div><\/td><td class=\"has-text-align-left mtr-td-tag\" data-align=\"left\" data-mtr-content=\"Range of Values\"><div class=\"mtr-cell-content\"> Da -2.147.483.648 a 2.147.483.647 <\/div><\/td><\/tr><tr><td class=\"has-text-align-center mtr-td-tag\" data-align=\"center\" data-mtr-content=\"Data Type\"><div class=\"mtr-cell-content\"> Solo <\/div><\/td><td class=\"has-text-align-center mtr-td-tag\" data-align=\"center\" data-mtr-content=\"Bytes Used\"><div class=\"mtr-cell-content\"> 4 byte <\/div><\/td><td class=\"has-text-align-left mtr-td-tag\" data-align=\"left\" data-mtr-content=\"Range of Values\"><div class=\"mtr-cell-content\"> Da -3,402823E38 a -1,401298E-45 per valori negativi; Da 1.401298E-45 a 3.402823E38 per valori positivi <\/div><\/td><\/tr><tr><td class=\"has-text-align-center mtr-td-tag\" data-align=\"center\" data-mtr-content=\"Data Type\"><div class=\"mtr-cell-content\"> Doppio <\/div><\/td><td class=\"has-text-align-center mtr-td-tag\" data-align=\"center\" data-mtr-content=\"Bytes Used\"><div class=\"mtr-cell-content\"> 8 byte <\/div><\/td><td class=\"has-text-align-left mtr-td-tag\" data-align=\"left\" data-mtr-content=\"Range of Values\"><div class=\"mtr-cell-content\"> Da -1,79769313486231E308 a -4,94065645841247E-324 per valori negativi; Da 4,94065645841247E-324 a 1,79769313486232E308 per valori positivi <\/div><\/td><\/tr><tr><td class=\"has-text-align-center mtr-td-tag\" data-align=\"center\" data-mtr-content=\"Data Type\"><div class=\"mtr-cell-content\"> Contanti <\/div><\/td><td class=\"has-text-align-center mtr-td-tag\" data-align=\"center\" data-mtr-content=\"Bytes Used\"><div class=\"mtr-cell-content\"> 8 byte <\/div><\/td><td class=\"has-text-align-left mtr-td-tag\" data-align=\"left\" data-mtr-content=\"Range of Values\"><div class=\"mtr-cell-content\"> Da -922.337.203.685.477,5808 a 922.337.203.685.477,5807 <\/div><\/td><\/tr><tr><td class=\"has-text-align-center mtr-td-tag\" data-align=\"center\" data-mtr-content=\"Data Type\"><div class=\"mtr-cell-content\"> Decimale <\/div><\/td><td class=\"has-text-align-center mtr-td-tag\" data-align=\"center\" data-mtr-content=\"Bytes Used\"><div class=\"mtr-cell-content\"> 14 byte <\/div><\/td><td class=\"has-text-align-left mtr-td-tag\" data-align=\"left\" data-mtr-content=\"Range of Values\"><div class=\"mtr-cell-content\"> +\/-79 228 162 514 264 337 593 543 950 335 senza punto decimale; +\/-7,9228162514264337593543950335 con 28 cifre decimali a destra della virgola decimale <\/div><\/td><\/tr><tr><td class=\"has-text-align-center mtr-td-tag\" data-align=\"center\" data-mtr-content=\"Data Type\"><div class=\"mtr-cell-content\"> Data <\/div><\/td><td class=\"has-text-align-center mtr-td-tag\" data-align=\"center\" data-mtr-content=\"Bytes Used\"><div class=\"mtr-cell-content\"> 8 byte <\/div><\/td><td class=\"has-text-align-left mtr-td-tag\" data-align=\"left\" data-mtr-content=\"Range of Values\"><div class=\"mtr-cell-content\"> Dal 1 gennaio 100 al 31 dicembre 9999 <\/div><\/td><\/tr><tr><td class=\"has-text-align-center mtr-td-tag\" data-align=\"center\" data-mtr-content=\"Data Type\"><div class=\"mtr-cell-content\"> Oggetto <\/div><\/td><td class=\"has-text-align-center mtr-td-tag\" data-align=\"center\" data-mtr-content=\"Bytes Used\"><div class=\"mtr-cell-content\"> 4 byte <\/div><\/td><td class=\"has-text-align-left mtr-td-tag\" data-align=\"left\" data-mtr-content=\"Range of Values\"><div class=\"mtr-cell-content\"> Qualsiasi riferimento a un oggetto <\/div><\/td><\/tr><tr><td class=\"has-text-align-center mtr-td-tag\" data-align=\"center\" data-mtr-content=\"Data Type\"><div class=\"mtr-cell-content\"> Catena (lunghezza variabile) <\/div><\/td><td class=\"has-text-align-center mtr-td-tag\" data-align=\"center\" data-mtr-content=\"Bytes Used\"><div class=\"mtr-cell-content\"> 10 byte + lunghezza della stringa <\/div><\/td><td class=\"has-text-align-left mtr-td-tag\" data-align=\"left\" data-mtr-content=\"Range of Values\"><div class=\"mtr-cell-content\"> 0 a circa 2 miliardi <\/div><\/td><\/tr><tr><td class=\"has-text-align-center mtr-td-tag\" data-align=\"center\" data-mtr-content=\"Data Type\"><div class=\"mtr-cell-content\"> Catena (lunghezza fissa) <\/div><\/td><td class=\"has-text-align-center mtr-td-tag\" data-align=\"center\" data-mtr-content=\"Bytes Used\"><div class=\"mtr-cell-content\"> Lunghezza della catena <\/div><\/td><td class=\"has-text-align-left mtr-td-tag\" data-align=\"left\" data-mtr-content=\"Range of Values\"><div class=\"mtr-cell-content\"> 1 a circa 65.400 <\/div><\/td><\/tr><tr><td class=\"has-text-align-center mtr-td-tag\" data-align=\"center\" data-mtr-content=\"Data Type\"><div class=\"mtr-cell-content\"> Variante (con numeri) <\/div><\/td><td class=\"has-text-align-center mtr-td-tag\" data-align=\"center\" data-mtr-content=\"Bytes Used\"><div class=\"mtr-cell-content\"> 16 byte <\/div><\/td><td class=\"has-text-align-left mtr-td-tag\" data-align=\"left\" data-mtr-content=\"Range of Values\"><div class=\"mtr-cell-content\"> Qualsiasi valore numerico fino all&#8217;intervallo di Double <\/div><\/td><\/tr><tr><td class=\"has-text-align-center mtr-td-tag\" data-align=\"center\" data-mtr-content=\"Data Type\"><div class=\"mtr-cell-content\"> Variante (con personaggi) <\/div><\/td><td class=\"has-text-align-center mtr-td-tag\" data-align=\"center\" data-mtr-content=\"Bytes Used\"><div class=\"mtr-cell-content\"> 22 byte + lunghezza della stringa <\/div><\/td><td class=\"has-text-align-left mtr-td-tag\" data-align=\"left\" data-mtr-content=\"Range of Values\"><div class=\"mtr-cell-content\"> Stesso intervallo della stringa a lunghezza variabile <\/div><\/td><\/tr><tr><td class=\"has-text-align-center mtr-td-tag\" data-align=\"center\" data-mtr-content=\"Data Type\"><div class=\"mtr-cell-content\"> Definito dall&#8217;utente <\/div><\/td><td class=\"has-text-align-center mtr-td-tag\" data-align=\"center\" data-mtr-content=\"Bytes Used\"><div class=\"mtr-cell-content\"> Vari <\/div><\/td><td class=\"has-text-align-left mtr-td-tag\" data-align=\"left\" data-mtr-content=\"Range of Values\"><div class=\"mtr-cell-content\"> L&#8217;intervallo di ciascun elemento \u00e8 uguale all&#8217;intervallo del relativo tipo di dati <\/div><\/td><\/tr><tr><td class=\"has-text-align-center mtr-td-tag\" data-align=\"center\" data-mtr-content=\"Data Type\"><div class=\"mtr-cell-content\"><\/div><\/td><td class=\"has-text-align-center mtr-td-tag\" data-align=\"center\" data-mtr-content=\"Bytes Used\"><div class=\"mtr-cell-content\"><\/div><\/td><td class=\"has-text-align-left mtr-td-tag\" data-align=\"left\" data-mtr-content=\"Range of Values\"><div class=\"mtr-cell-content\"><\/div><\/td><\/tr><\/tbody><\/table><\/figure><p> Questo \u00e8 altamente raccomandato per dichiarare il tipo di dati per variabili e <a href=\"https:\/\/exceladvisor.org\/it\/costanti\/\">costanti<\/a> .<\/p><p> Quando specifichi il tipo di dati per una variabile o costante, ci\u00f2 garantisce la validit\u00e0 dei tuoi dati e ti impedisce di inserire un tipo di dati non valido. Se ometti il tipo di dati, VBA applica il tipo di dati Variant alla variabile: questo \u00e8 il pi\u00f9 flessibile e VBA non indoviner\u00e0 quale dovrebbe essere il tipo di dati.<\/p><p class=\"qt-tip\"> <strong>Suggerimento:<\/strong> il modo migliore per non saltare la specifica dei tipi di dati \u00e8 utilizzare l&#8217; <a href=\"https:\/\/exceladvisor.org\/it\/opzione-esplicita-2\/\">opzione esplicita<\/a> nella parte superiore del modulo prima di avviare qualsiasi codice.<\/p><h2 class=\"wp-block-heading\"> Esplicitamente o implicitamente<\/h2><p> \u00c8 possibile dichiarare una variabile in modo esplicito o implicito. <strong>Dichiarazione esplicita significa che prima di assegnare un valore a una variabile, la dichiari<\/strong> e ne imposti il valore. Il VANTAGGIO di questo \u00e8 quando lo definisci e il suo tipo di dati VBA memorizza sempre i dati in quel formato.<\/p><p> Ecco un esempio:<\/p><pre class=\"wp-block-code\"> <code class=\"language-visual-basic\" lang=\"visual-basic\">Dim myDate As Date<\/code><\/pre><p> Pertanto, quando memorizzi il valore in questo VBA, verr\u00e0 sempre applicato il formato della data. Ma con la dichiarazione implicita, non ti preoccupi di questa dichiarazione esplicita. Invece, imposti il valore della variabile e lo usi nell&#8217;istruzione del codice. Nella dichiarazione implicita, VBA memorizza i dati in un tipo di variabile Variant perch\u00e9 non hai specificato il tipo.<\/p><p> In altre parole, se usi semplicemente una variabile nel tuo codice senza dichiararla, \u00e8 implicita. Di seguito \u00e8 riportato un esempio di dichiarazione implicita:<\/p><pre class=\"wp-block-code\"> <code class=\"language-visual-basic\" lang=\"visual-basic\">myDate = \u201c11\/10\/1990\u201d<\/code><\/pre><p> In questo modo assegni semplicemente il valore a una variabile e lo utilizzi nelle istruzioni del codice. Secondo me \u00e8 sempre, intendo dire sempre, meglio dichiarare una variabile prima di usarla. Questa non \u00e8 solo una buona pratica, ma rende anche l&#8217;esecuzione del codice pi\u00f9 veloce e pi\u00f9 facile da comprendere.<\/p><h2 class=\"wp-block-heading\"> Variabile statica<\/h2><p> Bene, ti ho detto che la variabile \u00e8 dove puoi modificare il valore, ma questo \u00e8 qualcosa di diverso. Con una variabile normale al termine di una procedura, il valore memorizzato nella variabile verrebbe cancellato dalla memoria di VBA, ma, se non vuoi perdere questo valore, puoi rendere statica questa variabile.<\/p><p> Per rendere statica una variabile in modo che mantenga il valore, utilizzare semplicemente la parola chiave &#8220;Static&#8221; invece di utilizzare &#8220;Dim&#8221;.<\/p><h2 class=\"wp-block-heading\"> Assegna un nome a una variabile<\/h2><p> Puoi nominare una variabile (queste regole si applicano anche alla costante e al nome della procedura) come preferisci, ma devi seguire alcune regole:<\/p><ul><li> Puoi utilizzare alfabeti, numeri e alcuni caratteri di punteggiatura, ma il primo carattere del nome deve essere un alfabeto.<\/li><li> Spazi o punti non sono caratteri validi da utilizzare nel nome, ma puoi utilizzare un carattere di sottolineatura per rendere leggibile il nome.<\/li><li> Non \u00e8 possibile utilizzare caratteri speciali in un nome.<\/li><li> La lunghezza di un nome pu\u00f2 essere di 254 caratteri ma utilizzare un nome non ha senso.<\/li><li> Esistono molte parole riservate, ovvero parole che non \u00e8 possibile utilizzare per il nome. Se provi a utilizzare una di queste parole, riceverai un messaggio di errore.<\/li><li> VBA non fa distinzione tra i casi.<\/li><\/ul><h2 class=\"wp-block-heading\"> Scopo<\/h2><p> A questo punto conosci le procedure e quale procedura \u00e8 utile in quale situazione, impari anche le variabili e come definire i loro tipi di dati.<\/p><p> La prossima cosa importante \u00e8 capire l\u2019ambito, il che significa disponibilit\u00e0. Questo \u00e8 dove pu\u00f2 essere utilizzato. Quando definisci una variabile, l&#8217;ambito definisce se puoi utilizzarla al di fuori della procedura host o meno. Esistono tre modi per definire gli ambiti variabili (costanti e uniformi con l&#8217;intera procedura).<\/p><ol><li> <strong>Livello procedura:<\/strong> puoi utilizzare una variabile solo nella stessa procedura in cui la dichiari.<\/li><li> <strong>Livello modulo (privato):<\/strong> rende una variabile accessibile da tutte le procedure in un modulo.<\/li><li> <strong>Livello modulo (pubblico):<\/strong> rende una variabile accessibile da tutte le procedure in tutti i moduli.<\/li><\/ol><p> L&#8217;ambito predefinito di una variabile \u00e8 la procedura (livello di procedura) in cui questa variabile \u00e8 dichiarata.<\/p><p> <strong>Ma lasciami condividere con te qualcosa del mondo reale.<\/strong><\/p><p class=\"grey-note has-cyan-bluish-gray-color has-text-color\"> <em>Lavoro in uno spazio di coworking e il posto in cui mi siedo \u00e8 al primo piano di un edificio di tre piani.<\/em> Mi siedo quasi ogni giorno allo stesso posto. Pertanto, se dichiari una variabile con ambito a livello di procedura, puoi utilizzarla solo all&#8217;interno della stessa procedura. Proprio come mi siedo ogni giorno sullo stesso posto sullo stesso pavimento. Ma ti dico di pi\u00f9: anche se mi siedo al primo piano, posso utilizzare anche qualsiasi posto degli altri piani. E nell&#8217;istantanea qui sotto, abbiamo dichiarato la variabile &#8220;myName&#8221; nella parte superiore del modulo utilizzando la parola chiave Private prima di iniziare qualsiasi procedura e l&#8217;ho utilizzata in tutti e tre i codici. Pensa a questo modulo come a un edificio in cui hai diversi piani (Procedure) e poich\u00e9 hai gi\u00e0 dichiarato la variabile all&#8217;inizio <em>del modulo, puoi utilizzare qualsiasi procedura in questo modulo. Questo \u00e8 chiamato ambito a livello di modulo privato. Ora ecco l&#8217;ultima cosa: il mio ufficio ha filiali in diverse citt\u00e0 del paese e se vado l\u00ec, posso andare in quegli uffici e utilizzare qualsiasi posto se voglio. Pertanto, se nella cartella di lavoro sono presenti moduli diversi, \u00e8 possibile utilizzare una variabile in tutti questi moduli dichiarandola pubblica.<\/em><\/p><div class=\"gb-container gb-container-4db6181c gb-container-mt\"> <a class=\"gb-button gb-button-c5897111 gb-button-text gb-button-mt-button\" href=\"https:\/\/exceladvisor.org\/it\/vba\/\">Cos&#8217;\u00e8 VBA<\/a><h2 class=\"gb-headline gb-headline-665e5f6b gb-headline-text gb-headline-mt-heading\"> Tutorial correlati <\/h2><div class=\"gb-grid-wrapper gb-grid-wrapper-a20baf7c gb-grid-wrapper-mt-grid\"><div class=\"gb-grid-column gb-grid-column-65ddf67e\"><div class=\"gb-container gb-container-65ddf67e\"><ul><li> <a href=\"https:\/\/exceladvisor.org\/it\/variabile-globale\/\">Dichiarare una variabile globale (pubblica) in VBA<\/a><\/li><li> <a href=\"https:\/\/exceladvisor.org\/it\/intervallo-variabile\/\">Utilizza un intervallo o una cella come variabile in VBA<\/a><\/li><li> <a href=\"https:\/\/exceladvisor.org\/it\/opzione-esplicita-2\/\">Dichiarazione di opzioni esplicite in VBA<\/a><\/li><li> <a href=\"https:\/\/exceladvisor.org\/it\/finestra-di-messaggio-variabile\/\">Variabile in una finestra di messaggio<\/a> <\/li><\/ul><\/div><\/div><div class=\"gb-grid-column gb-grid-column-50067b57\"><div class=\"gb-container gb-container-50067b57\"><\/div><\/div><\/div><\/div>","protected":false},"excerpt":{"rendered":"","protected":false},"author":1,"featured_media":0,"parent":0,"menu_order":0,"comment_status":"open","ping_status":"closed","template":"","meta":{"ub_ctt_via":"","footnotes":""},"class_list":["post-2123","page","type-page","status-publish","hentry"],"featured_image_src":null,"yoast_head":"<!-- This site is optimized with the Yoast SEO plugin v25.4 - https:\/\/yoast.com\/wordpress\/plugins\/seo\/ -->\n<title>Variabili VBA: dichiarazione, tipi di dati e ambito 2023<\/title>\n<meta name=\"description\" content=\"Una variabile \u00e8 come una scatola di immagazzinaggio che \u00e8 essa stessa memorizzata nel tuo sistema, ma pu\u00f2 memorizzarvi un valore\" \/>\n<meta name=\"robots\" content=\"index, follow, max-snippet:-1, max-image-preview:large, max-video-preview:-1\" \/>\n<link rel=\"canonical\" href=\"https:\/\/exceladvisor.org\/it\/variabili\/\" \/>\n<meta property=\"og:locale\" content=\"it_IT\" \/>\n<meta property=\"og:type\" content=\"article\" \/>\n<meta property=\"og:title\" content=\"Variabili VBA: dichiarazione, tipi di dati e ambito 2023\" \/>\n<meta property=\"og:description\" content=\"Una variabile \u00e8 come una scatola di immagazzinaggio che \u00e8 essa stessa memorizzata nel tuo sistema, ma pu\u00f2 memorizzarvi un valore\" \/>\n<meta property=\"og:url\" content=\"https:\/\/exceladvisor.org\/it\/variabili\/\" \/>\n<meta property=\"og:site_name\" content=\"Excel Advisor\" \/>\n<meta property=\"article:modified_time\" content=\"2023-12-10T06:28:46+00:00\" \/>\n<meta name=\"twitter:card\" content=\"summary_large_image\" \/>\n<meta name=\"twitter:label1\" content=\"Tempo di lettura stimato\" \/>\n\t<meta name=\"twitter:data1\" content=\"6 minuti\" \/>\n<script type=\"application\/ld+json\" class=\"yoast-schema-graph\">{\"@context\":\"https:\/\/schema.org\",\"@graph\":[{\"@type\":\"WebPage\",\"@id\":\"https:\/\/exceladvisor.org\/it\/variabili\/\",\"url\":\"https:\/\/exceladvisor.org\/it\/variabili\/\",\"name\":\"Variabili VBA: dichiarazione, tipi di dati e ambito 2023\",\"isPartOf\":{\"@id\":\"https:\/\/exceladvisor.org\/it\/#website\"},\"datePublished\":\"2023-09-30T16:50:08+00:00\",\"dateModified\":\"2023-12-10T06:28:46+00:00\",\"description\":\"Una variabile \u00e8 come una scatola di immagazzinaggio che \u00e8 essa stessa memorizzata nel tuo sistema, ma pu\u00f2 memorizzarvi un valore\",\"breadcrumb\":{\"@id\":\"https:\/\/exceladvisor.org\/it\/variabili\/#breadcrumb\"},\"inLanguage\":\"it-IT\",\"potentialAction\":[{\"@type\":\"ReadAction\",\"target\":[\"https:\/\/exceladvisor.org\/it\/variabili\/\"]}]},{\"@type\":\"BreadcrumbList\",\"@id\":\"https:\/\/exceladvisor.org\/it\/variabili\/#breadcrumb\",\"itemListElement\":[{\"@type\":\"ListItem\",\"position\":1,\"name\":\"Home\",\"item\":\"https:\/\/exceladvisor.org\/it\/\"},{\"@type\":\"ListItem\",\"position\":2,\"name\":\"Tutto quello che devi sapere sulle variabili vba\"}]},{\"@type\":\"WebSite\",\"@id\":\"https:\/\/exceladvisor.org\/it\/#website\",\"url\":\"https:\/\/exceladvisor.org\/it\/\",\"name\":\"Excel Advisor\",\"description\":\"Tips, Tricks, and Time-Saving Hacks\",\"publisher\":{\"@id\":\"https:\/\/exceladvisor.org\/it\/#organization\"},\"potentialAction\":[{\"@type\":\"SearchAction\",\"target\":{\"@type\":\"EntryPoint\",\"urlTemplate\":\"https:\/\/exceladvisor.org\/it\/?s={search_term_string}\"},\"query-input\":{\"@type\":\"PropertyValueSpecification\",\"valueRequired\":true,\"valueName\":\"search_term_string\"}}],\"inLanguage\":\"it-IT\"},{\"@type\":\"Organization\",\"@id\":\"https:\/\/exceladvisor.org\/it\/#organization\",\"name\":\"Excel Advisor\",\"url\":\"https:\/\/exceladvisor.org\/it\/\",\"logo\":{\"@type\":\"ImageObject\",\"inLanguage\":\"it-IT\",\"@id\":\"https:\/\/exceladvisor.org\/it\/#\/schema\/logo\/image\/\",\"url\":\"https:\/\/exceladvisor.org\/it\/wp-content\/uploads\/2023\/12\/exceladvisor.org_.png\",\"contentUrl\":\"https:\/\/exceladvisor.org\/it\/wp-content\/uploads\/2023\/12\/exceladvisor.org_.png\",\"width\":105,\"height\":36,\"caption\":\"Excel Advisor\"},\"image\":{\"@id\":\"https:\/\/exceladvisor.org\/it\/#\/schema\/logo\/image\/\"}}]}<\/script>\n<!-- \/ Yoast SEO plugin. -->","yoast_head_json":{"title":"Variabili VBA: dichiarazione, tipi di dati e ambito 2023","description":"Una variabile \u00e8 come una scatola di immagazzinaggio che \u00e8 essa stessa memorizzata nel tuo sistema, ma pu\u00f2 memorizzarvi un valore","robots":{"index":"index","follow":"follow","max-snippet":"max-snippet:-1","max-image-preview":"max-image-preview:large","max-video-preview":"max-video-preview:-1"},"canonical":"https:\/\/exceladvisor.org\/it\/variabili\/","og_locale":"it_IT","og_type":"article","og_title":"Variabili VBA: dichiarazione, tipi di dati e ambito 2023","og_description":"Una variabile \u00e8 come una scatola di immagazzinaggio che \u00e8 essa stessa memorizzata nel tuo sistema, ma pu\u00f2 memorizzarvi un valore","og_url":"https:\/\/exceladvisor.org\/it\/variabili\/","og_site_name":"Excel Advisor","article_modified_time":"2023-12-10T06:28:46+00:00","twitter_card":"summary_large_image","twitter_misc":{"Tempo di lettura stimato":"6 minuti"},"schema":{"@context":"https:\/\/schema.org","@graph":[{"@type":"WebPage","@id":"https:\/\/exceladvisor.org\/it\/variabili\/","url":"https:\/\/exceladvisor.org\/it\/variabili\/","name":"Variabili VBA: dichiarazione, tipi di dati e ambito 2023","isPartOf":{"@id":"https:\/\/exceladvisor.org\/it\/#website"},"datePublished":"2023-09-30T16:50:08+00:00","dateModified":"2023-12-10T06:28:46+00:00","description":"Una variabile \u00e8 come una scatola di immagazzinaggio che \u00e8 essa stessa memorizzata nel tuo sistema, ma pu\u00f2 memorizzarvi un valore","breadcrumb":{"@id":"https:\/\/exceladvisor.org\/it\/variabili\/#breadcrumb"},"inLanguage":"it-IT","potentialAction":[{"@type":"ReadAction","target":["https:\/\/exceladvisor.org\/it\/variabili\/"]}]},{"@type":"BreadcrumbList","@id":"https:\/\/exceladvisor.org\/it\/variabili\/#breadcrumb","itemListElement":[{"@type":"ListItem","position":1,"name":"Home","item":"https:\/\/exceladvisor.org\/it\/"},{"@type":"ListItem","position":2,"name":"Tutto quello che devi sapere sulle variabili vba"}]},{"@type":"WebSite","@id":"https:\/\/exceladvisor.org\/it\/#website","url":"https:\/\/exceladvisor.org\/it\/","name":"Excel Advisor","description":"Tips, Tricks, and Time-Saving Hacks","publisher":{"@id":"https:\/\/exceladvisor.org\/it\/#organization"},"potentialAction":[{"@type":"SearchAction","target":{"@type":"EntryPoint","urlTemplate":"https:\/\/exceladvisor.org\/it\/?s={search_term_string}"},"query-input":{"@type":"PropertyValueSpecification","valueRequired":true,"valueName":"search_term_string"}}],"inLanguage":"it-IT"},{"@type":"Organization","@id":"https:\/\/exceladvisor.org\/it\/#organization","name":"Excel Advisor","url":"https:\/\/exceladvisor.org\/it\/","logo":{"@type":"ImageObject","inLanguage":"it-IT","@id":"https:\/\/exceladvisor.org\/it\/#\/schema\/logo\/image\/","url":"https:\/\/exceladvisor.org\/it\/wp-content\/uploads\/2023\/12\/exceladvisor.org_.png","contentUrl":"https:\/\/exceladvisor.org\/it\/wp-content\/uploads\/2023\/12\/exceladvisor.org_.png","width":105,"height":36,"caption":"Excel Advisor"},"image":{"@id":"https:\/\/exceladvisor.org\/it\/#\/schema\/logo\/image\/"}}]}},"yoast_meta":{"yoast_wpseo_title":"","yoast_wpseo_metadesc":"","yoast_wpseo_canonical":""},"_links":{"self":[{"href":"https:\/\/exceladvisor.org\/it\/wp-json\/wp\/v2\/pages\/2123","targetHints":{"allow":["GET"]}}],"collection":[{"href":"https:\/\/exceladvisor.org\/it\/wp-json\/wp\/v2\/pages"}],"about":[{"href":"https:\/\/exceladvisor.org\/it\/wp-json\/wp\/v2\/types\/page"}],"author":[{"embeddable":true,"href":"https:\/\/exceladvisor.org\/it\/wp-json\/wp\/v2\/users\/1"}],"replies":[{"embeddable":true,"href":"https:\/\/exceladvisor.org\/it\/wp-json\/wp\/v2\/comments?post=2123"}],"version-history":[{"count":1,"href":"https:\/\/exceladvisor.org\/it\/wp-json\/wp\/v2\/pages\/2123\/revisions"}],"predecessor-version":[{"id":2967,"href":"https:\/\/exceladvisor.org\/it\/wp-json\/wp\/v2\/pages\/2123\/revisions\/2967"}],"wp:attachment":[{"href":"https:\/\/exceladvisor.org\/it\/wp-json\/wp\/v2\/media?parent=2123"}],"curies":[{"name":"wp","href":"https:\/\/api.w.org\/{rel}","templated":true}]}}