{"id":2127,"date":"2023-09-30T05:19:39","date_gmt":"2023-09-30T05:19:39","guid":{"rendered":"https:\/\/exceladvisor.org\/it\/errore-400\/"},"modified":"2023-12-10T06:22:52","modified_gmt":"2023-12-10T06:22:52","slug":"errore-400","status":"publish","type":"page","link":"https:\/\/exceladvisor.org\/it\/errore-400\/","title":{"rendered":"Come correggere l&#39;errore vba 400?"},"content":{"rendered":"<div class=\"excel-prima-del-contenuto\" id=\"excel-2430962321\"><script type=\"text\/javascript\">\r\n\tatOptions = {\r\n\t\t'key' : 'c1158f160081d6540a8409e6925dab94',\r\n\t\t'format' : 'iframe',\r\n\t\t'height' : 250,\r\n\t\t'width' : 300,\r\n\t\t'params' : {}\r\n\t};\r\n<\/script>\r\n<script type=\"text\/javascript\" src=\"\/\/www.highperformanceformat.com\/c1158f160081d6540a8409e6925dab94\/invoke.js\"><\/script><\/div> <p>In VBA, l&#8217;errore 400 \u00e8 un errore di runtime che non \u00e8 cos\u00ec comune, ma ci sono alcune situazioni in cui potresti riscontrare questo errore. Questo errore si verifica quando Microsoft Excel si arresta in modo anomalo o non riesce durante l&#8217;esecuzione di una macro. E diversi motivi possono causare l&#8217;arresto anomalo o il fallimento di Excel:<\/p><ul><li> Carente nell&#8217;installazione di Microsoft Excel.<\/li><li> Excel non \u00e8 riuscito a leggere o scrivere da un file o a tentare di accedere a un oggetto che non esiste o \u00e8 stato spostato.<\/li><li> La macro che stai tentando di eseguire \u00e8 danneggiata.<\/li><li> Oppure potrebbe esserci la possibilit\u00e0 di avere un virus o malware in questo sistema.<\/li><\/ul><h2 class=\"wp-block-heading\"> Come risolvere l&#8217;errore VBA 400<\/h2><p> \u00c8 un po&#8217; difficile correggere l&#8217;errore 400 perch\u00e9 non contiene alcuna notifica che lo causi. ma puoi utilizzare diversi modi per risolverlo.<\/p><ul><li> Puoi eseguire il debug del codice ed eseguire ogni riga di codice 1 per 1.<\/li><li> Puoi spostare l&#8217;intera macro in un nuovo modulo.<\/li><li> Puoi anche abilitare il progetto VBA affidabile che d\u00e0 pieno accesso al codice da eseguire.<\/li><\/ul><p> Come ho detto, potrebbe esserci la possibilit\u00e0 che sia presente un virus o un malware che pu\u00f2 causare questo errore. Quindi, puoi anche utilizzare un antivirus per scansionare il tuo sistema e tutti i file a cui stai tentando di accedere alla macro.<\/p><div class=\"gb-container gb-container-4db6181c gb-container-mt\"> <a class=\"gb-button gb-button-c5897111 gb-button-text gb-button-mt-button\" href=\"https:\/\/exceladvisor.org\/it\/vba\/\">Cos&#8217;\u00e8 VBA<\/a><h2 class=\"gb-headline gb-headline-665e5f6b gb-headline-text gb-headline-mt-heading\"> Tutorial correlati <\/h2><div class=\"gb-grid-wrapper gb-grid-wrapper-a20baf7c gb-grid-wrapper-mt-grid\"><div class=\"gb-grid-column gb-grid-column-65ddf67e\"><\/div><div class=\"gb-grid-column gb-grid-column-50067b57\"><div class=\"gb-container gb-container-50067b57\"><ul><li> <a href=\"https:\/\/exceladvisor.org\/it\/errore-di-memoria-insufficiente-7\/\">Errore di memoria insufficiente VBA (errore 7)<\/a><\/li><li> <a href=\"https:\/\/exceladvisor.org\/it\/errore-di-overflow-6\/\">Errore di overflow VBA (errore 6)<\/a><\/li><li> <a href=\"https:\/\/exceladvisor.org\/it\/errore-di-esecuzione-1004\/\">Errore di runtime VBA (errore 1004)<\/a><\/li><li> <a href=\"https:\/\/exceladvisor.org\/it\/errore-indice-fuori-intervallo-9\/\">Errore di esecuzione dell&#8217;indice VBA fuori intervallo (errore 9)<\/a><\/li><li> <a href=\"https:\/\/exceladvisor.org\/it\/errore-di-incompatibilita-tipo-13\/\">Errore di incompatibilit\u00e0 del tipo VBA (errore 13)<\/a><\/li><\/ul><\/div><\/div><\/div><\/div>","protected":false},"excerpt":{"rendered":"","protected":false},"author":1,"featured_media":0,"parent":0,"menu_order":0,"comment_status":"open","ping_status":"closed","template":"","meta":{"ub_ctt_via":"","footnotes":""},"class_list":["post-2127","page","type-page","status-publish","hentry"],"featured_image_src":null,"yoast_head":"<!-- This site is optimized with the Yoast SEO plugin v25.4 - https:\/\/yoast.com\/wordpress\/plugins\/seo\/ -->\n<title>\u25b7Come correggere l&#039;errore VBA 400? (Tutorial 2023)<\/title>\n<meta name=\"description\" content=\"In questo tutorial imparerai perch\u00e9 si verifica l&#039;errore VBA 400 e come gestirlo durante la scrittura del codice VBA.\" \/>\n<meta name=\"robots\" content=\"index, follow, max-snippet:-1, max-image-preview:large, max-video-preview:-1\" \/>\n<link rel=\"canonical\" href=\"https:\/\/exceladvisor.org\/it\/errore-400\/\" \/>\n<meta property=\"og:locale\" content=\"it_IT\" \/>\n<meta property=\"og:type\" content=\"article\" \/>\n<meta property=\"og:title\" content=\"\u25b7Come correggere l&#039;errore VBA 400? (Tutorial 2023)\" \/>\n<meta property=\"og:description\" content=\"In questo tutorial imparerai perch\u00e9 si verifica l&#039;errore VBA 400 e come gestirlo durante la scrittura del codice VBA.\" \/>\n<meta property=\"og:url\" content=\"https:\/\/exceladvisor.org\/it\/errore-400\/\" \/>\n<meta property=\"og:site_name\" content=\"Excel Advisor\" \/>\n<meta property=\"article:modified_time\" content=\"2023-12-10T06:22:52+00:00\" \/>\n<meta name=\"twitter:card\" content=\"summary_large_image\" \/>\n<meta name=\"twitter:label1\" content=\"Tempo di lettura stimato\" \/>\n\t<meta name=\"twitter:data1\" content=\"1 minuto\" \/>\n<script type=\"application\/ld+json\" class=\"yoast-schema-graph\">{\"@context\":\"https:\/\/schema.org\",\"@graph\":[{\"@type\":\"WebPage\",\"@id\":\"https:\/\/exceladvisor.org\/it\/errore-400\/\",\"url\":\"https:\/\/exceladvisor.org\/it\/errore-400\/\",\"name\":\"\u25b7Come correggere l&#39;errore VBA 400? (Tutorial 2023)\",\"isPartOf\":{\"@id\":\"https:\/\/exceladvisor.org\/it\/#website\"},\"datePublished\":\"2023-09-30T05:19:39+00:00\",\"dateModified\":\"2023-12-10T06:22:52+00:00\",\"description\":\"In questo tutorial imparerai perch\u00e9 si verifica l&#39;errore VBA 400 e come gestirlo durante la scrittura del codice VBA.\",\"breadcrumb\":{\"@id\":\"https:\/\/exceladvisor.org\/it\/errore-400\/#breadcrumb\"},\"inLanguage\":\"it-IT\",\"potentialAction\":[{\"@type\":\"ReadAction\",\"target\":[\"https:\/\/exceladvisor.org\/it\/errore-400\/\"]}]},{\"@type\":\"BreadcrumbList\",\"@id\":\"https:\/\/exceladvisor.org\/it\/errore-400\/#breadcrumb\",\"itemListElement\":[{\"@type\":\"ListItem\",\"position\":1,\"name\":\"Home\",\"item\":\"https:\/\/exceladvisor.org\/it\/\"},{\"@type\":\"ListItem\",\"position\":2,\"name\":\"Come correggere l&#39;errore vba 400?\"}]},{\"@type\":\"WebSite\",\"@id\":\"https:\/\/exceladvisor.org\/it\/#website\",\"url\":\"https:\/\/exceladvisor.org\/it\/\",\"name\":\"Excel Advisor\",\"description\":\"Tips, Tricks, and Time-Saving Hacks\",\"publisher\":{\"@id\":\"https:\/\/exceladvisor.org\/it\/#organization\"},\"potentialAction\":[{\"@type\":\"SearchAction\",\"target\":{\"@type\":\"EntryPoint\",\"urlTemplate\":\"https:\/\/exceladvisor.org\/it\/?s={search_term_string}\"},\"query-input\":{\"@type\":\"PropertyValueSpecification\",\"valueRequired\":true,\"valueName\":\"search_term_string\"}}],\"inLanguage\":\"it-IT\"},{\"@type\":\"Organization\",\"@id\":\"https:\/\/exceladvisor.org\/it\/#organization\",\"name\":\"Excel Advisor\",\"url\":\"https:\/\/exceladvisor.org\/it\/\",\"logo\":{\"@type\":\"ImageObject\",\"inLanguage\":\"it-IT\",\"@id\":\"https:\/\/exceladvisor.org\/it\/#\/schema\/logo\/image\/\",\"url\":\"https:\/\/exceladvisor.org\/it\/wp-content\/uploads\/2023\/12\/exceladvisor.org_.png\",\"contentUrl\":\"https:\/\/exceladvisor.org\/it\/wp-content\/uploads\/2023\/12\/exceladvisor.org_.png\",\"width\":105,\"height\":36,\"caption\":\"Excel Advisor\"},\"image\":{\"@id\":\"https:\/\/exceladvisor.org\/it\/#\/schema\/logo\/image\/\"}}]}<\/script>\n<!-- \/ Yoast SEO plugin. -->","yoast_head_json":{"title":"\u25b7Come correggere l&#39;errore VBA 400? (Tutorial 2023)","description":"In questo tutorial imparerai perch\u00e9 si verifica l&#39;errore VBA 400 e come gestirlo durante la scrittura del codice VBA.","robots":{"index":"index","follow":"follow","max-snippet":"max-snippet:-1","max-image-preview":"max-image-preview:large","max-video-preview":"max-video-preview:-1"},"canonical":"https:\/\/exceladvisor.org\/it\/errore-400\/","og_locale":"it_IT","og_type":"article","og_title":"\u25b7Come correggere l&#39;errore VBA 400? (Tutorial 2023)","og_description":"In questo tutorial imparerai perch\u00e9 si verifica l&#39;errore VBA 400 e come gestirlo durante la scrittura del codice VBA.","og_url":"https:\/\/exceladvisor.org\/it\/errore-400\/","og_site_name":"Excel Advisor","article_modified_time":"2023-12-10T06:22:52+00:00","twitter_card":"summary_large_image","twitter_misc":{"Tempo di lettura stimato":"1 minuto"},"schema":{"@context":"https:\/\/schema.org","@graph":[{"@type":"WebPage","@id":"https:\/\/exceladvisor.org\/it\/errore-400\/","url":"https:\/\/exceladvisor.org\/it\/errore-400\/","name":"\u25b7Come correggere l&#39;errore VBA 400? (Tutorial 2023)","isPartOf":{"@id":"https:\/\/exceladvisor.org\/it\/#website"},"datePublished":"2023-09-30T05:19:39+00:00","dateModified":"2023-12-10T06:22:52+00:00","description":"In questo tutorial imparerai perch\u00e9 si verifica l&#39;errore VBA 400 e come gestirlo durante la scrittura del codice VBA.","breadcrumb":{"@id":"https:\/\/exceladvisor.org\/it\/errore-400\/#breadcrumb"},"inLanguage":"it-IT","potentialAction":[{"@type":"ReadAction","target":["https:\/\/exceladvisor.org\/it\/errore-400\/"]}]},{"@type":"BreadcrumbList","@id":"https:\/\/exceladvisor.org\/it\/errore-400\/#breadcrumb","itemListElement":[{"@type":"ListItem","position":1,"name":"Home","item":"https:\/\/exceladvisor.org\/it\/"},{"@type":"ListItem","position":2,"name":"Come correggere l&#39;errore vba 400?"}]},{"@type":"WebSite","@id":"https:\/\/exceladvisor.org\/it\/#website","url":"https:\/\/exceladvisor.org\/it\/","name":"Excel Advisor","description":"Tips, Tricks, and Time-Saving Hacks","publisher":{"@id":"https:\/\/exceladvisor.org\/it\/#organization"},"potentialAction":[{"@type":"SearchAction","target":{"@type":"EntryPoint","urlTemplate":"https:\/\/exceladvisor.org\/it\/?s={search_term_string}"},"query-input":{"@type":"PropertyValueSpecification","valueRequired":true,"valueName":"search_term_string"}}],"inLanguage":"it-IT"},{"@type":"Organization","@id":"https:\/\/exceladvisor.org\/it\/#organization","name":"Excel Advisor","url":"https:\/\/exceladvisor.org\/it\/","logo":{"@type":"ImageObject","inLanguage":"it-IT","@id":"https:\/\/exceladvisor.org\/it\/#\/schema\/logo\/image\/","url":"https:\/\/exceladvisor.org\/it\/wp-content\/uploads\/2023\/12\/exceladvisor.org_.png","contentUrl":"https:\/\/exceladvisor.org\/it\/wp-content\/uploads\/2023\/12\/exceladvisor.org_.png","width":105,"height":36,"caption":"Excel Advisor"},"image":{"@id":"https:\/\/exceladvisor.org\/it\/#\/schema\/logo\/image\/"}}]}},"yoast_meta":{"yoast_wpseo_title":"","yoast_wpseo_metadesc":"","yoast_wpseo_canonical":""},"_links":{"self":[{"href":"https:\/\/exceladvisor.org\/it\/wp-json\/wp\/v2\/pages\/2127","targetHints":{"allow":["GET"]}}],"collection":[{"href":"https:\/\/exceladvisor.org\/it\/wp-json\/wp\/v2\/pages"}],"about":[{"href":"https:\/\/exceladvisor.org\/it\/wp-json\/wp\/v2\/types\/page"}],"author":[{"embeddable":true,"href":"https:\/\/exceladvisor.org\/it\/wp-json\/wp\/v2\/users\/1"}],"replies":[{"embeddable":true,"href":"https:\/\/exceladvisor.org\/it\/wp-json\/wp\/v2\/comments?post=2127"}],"version-history":[{"count":1,"href":"https:\/\/exceladvisor.org\/it\/wp-json\/wp\/v2\/pages\/2127\/revisions"}],"predecessor-version":[{"id":2450,"href":"https:\/\/exceladvisor.org\/it\/wp-json\/wp\/v2\/pages\/2127\/revisions\/2450"}],"wp:attachment":[{"href":"https:\/\/exceladvisor.org\/it\/wp-json\/wp\/v2\/media?parent=2127"}],"curies":[{"name":"wp","href":"https:\/\/api.w.org\/{rel}","templated":true}]}}