{"id":2130,"date":"2023-09-30T04:10:38","date_gmt":"2023-09-30T04:10:38","guid":{"rendered":"https:\/\/exceladvisor.org\/it\/stampa-immediata-del-debug-della-finestra\/"},"modified":"2023-12-10T06:27:38","modified_gmt":"2023-12-10T06:27:38","slug":"stampa-immediata-del-debug-della-finestra","status":"publish","type":"page","link":"https:\/\/exceladvisor.org\/it\/stampa-immediata-del-debug-della-finestra\/","title":{"rendered":"Finestra immediata vba: la guida illustrata completa"},"content":{"rendered":"<div class=\"excel-prima-del-contenuto\" id=\"excel-2986214440\"><script type=\"text\/javascript\">\r\n\tatOptions = {\r\n\t\t'key' : 'c1158f160081d6540a8409e6925dab94',\r\n\t\t'format' : 'iframe',\r\n\t\t'height' : 250,\r\n\t\t'width' : 300,\r\n\t\t'params' : {}\r\n\t};\r\n<\/script>\r\n<script type=\"text\/javascript\" src=\"\/\/www.highperformanceformat.com\/c1158f160081d6540a8409e6925dab94\/invoke.js\"><\/script><\/div> <h2 class=\"wp-block-heading\">Cos&#8217;\u00e8 la finestra immediata?<\/h2><p> La finestra istantanea \u00e8 una piccola casella dell&#8217;editor di Visual Basic che puoi utilizzare per eseguire una singola riga di codice e ottenere risultati immediati. In poche parole, invece di eseguire il codice direttamente in Excel, puoi eseguire una riga macro su ci\u00f2 che restituisce. Ci\u00f2 \u00e8 molto utile quando si esegue il debug del codice.<\/p><p> Quando apri l&#8217;editor di Visual Basic (Alt+F11), puoi vedere la finestra immediata in basso. <\/p><div class=\"wp-block-image\"><figure class=\"aligncenter size-large is-resized\"><img loading=\"lazy\" decoding=\"async\" class=\"wp-image-51309\" src=\"https:\/\/exceladvisor.org\/wp-content\/uploads\/2023\/08\/1-fenetre-immediate-vba.png\" sizes=\"auto, \" srcset=\"\" alt=\"finestra immediata vba\" width=\"631\" height=\"583\"><\/figure><\/div><p> Ma, se non \u00e8 presente, devi abilitarlo dal menu di modifica oppure puoi anche utilizzare la <a href=\"https:\/\/exceladvisor.org\/it\/tasti-rapidi\/\">scorciatoia da tastiera<\/a> Control + G. <\/p><div class=\"wp-block-image\"><figure class=\"aligncenter size-large is-resized\"><img loading=\"lazy\" decoding=\"async\" class=\"wp-image-51310\" src=\"https:\/\/exceladvisor.org\/wp-content\/uploads\/2023\/08\/2-raccourci-clavier-pour-fenetre-immediate.png\" sizes=\"auto, \" srcset=\"\" alt=\"tasto di scelta rapida-per-finestra-pop-up\" width=\"258\" height=\"428\"><\/figure><\/div><p> E se vuoi sbloccarlo, fai clic e tieni premuta la barra del titolo e rilascialo dentro e fuori <a href=\"https:\/\/exceladvisor.org\/it\/editor-visivo-di-base\/\">dall&#8217;editor VB<\/a> . <\/p><div class=\"wp-block-image\"><figure class=\"aligncenter size-large is-resized\"><img loading=\"lazy\" decoding=\"async\" class=\"wp-image-51311\" src=\"https:\/\/exceladvisor.org\/wp-content\/uploads\/2023\/08\/3-cliquez-et-maintenez-la-barre-de-titre.png\" sizes=\"auto, \" srcset=\"\" alt=\"fare clic tenendo premuto sulla barra del titolo\" width=\"845\" height=\"511\"><\/figure><\/div><h2 class=\"wp-block-heading\"> Che cos&#8217;\u00e8 Debug.Print<\/h2><p> Debug.Print \u00e8 un comando che \u00e8 possibile utilizzare per eseguire una singola riga di codice e ottenere il risultato di quella riga nella finestra Immediata. In poche parole, quando si utilizza il comando debug.print all&#8217;inizio della riga di codice e quindi lo si esegue, VBA visualizza il risultato di quella riga nella finestra immediata.<\/p><p> Immagina di voler sapere quale colore del carattere viene applicato ad A1. In questo caso puoi utilizzare la seguente riga di codice, che inizia con Debug.Print e quindi il codice per ottenere il colore del carattere.<\/p><pre class=\"wp-block-code\"> <code class=\"language-visual-basic\" lang=\"visual-basic\">Debug.Print Range(\"A1\").Font.Color<\/code><\/pre><p> Ora quando esegui questo codice otterrai il risultato nella finestra immediata come di seguito: <\/p><div class=\"wp-block-image\"><figure class=\"aligncenter size-large is-resized\"><img loading=\"lazy\" decoding=\"async\" class=\"wp-image-51312\" src=\"https:\/\/exceladvisor.org\/wp-content\/uploads\/2023\/08\/4-impression-de-debogage.png\" sizes=\"auto, \" srcset=\"\" alt=\"eseguire il debug della stampa\" width=\"735\" height=\"503\"><\/figure><\/div><h2 class=\"wp-block-heading\"> Esecuzione di una riga di codice<\/h2><p> Oltre a utilizzare debug.print, puoi eseguire direttamente una riga di codice dalla finestra immediata. Diciamo che se vuoi inserire un valore nella cella A1, puoi digitare direttamente il seguente codice nella finestra immediata, quindi premere INVIO. <\/p><div class=\"wp-block-image\"><figure class=\"aligncenter size-large is-resized\"><img loading=\"lazy\" decoding=\"async\" class=\"wp-image-51313\" src=\"https:\/\/exceladvisor.org\/wp-content\/uploads\/2023\/08\/5-executer-un-code-de-ligne.png\" sizes=\"auto, \" srcset=\"\" alt=\"eseguire un codice di linea\" width=\"537\" height=\"212\"><\/figure><\/div><p> La finestra immediata esegue una singola riga di codice alla volta. Quindi, devi premere Invio ogni riga di codice che desideri eseguire.<\/p><h2 class=\"wp-block-heading\"> <a href=\"https:\/\/exceladvisor.org\/it\/eseguire-una-macro-2\/\">Esegui una macro<\/a> direttamente dalla finestra immediata<\/h2><p> \u00c8 inoltre possibile eseguire una macro direttamente dalla finestra immediata utilizzando il nome della macro. Tutto quello che devi fare \u00e8 digitare il nome della macro e quindi premere Invio. <\/p><div class=\"wp-block-image\"><figure class=\"aligncenter size-large is-resized\"><img loading=\"lazy\" decoding=\"async\" class=\"wp-image-51314\" src=\"https:\/\/exceladvisor.org\/wp-content\/uploads\/2023\/08\/6-executer-une-macro-directement.png\" sizes=\"auto, \" srcset=\"\" alt=\"eseguire una macro direttamente\" width=\"591\" height=\"485\"><\/figure><\/div><p> Assicurati di impostare gli argomenti nella finestra immediata, se ne hai. <\/p><div class=\"wp-block-image\"><figure class=\"aligncenter size-large is-resized\"><img loading=\"lazy\" decoding=\"async\" class=\"wp-image-51315\" src=\"https:\/\/exceladvisor.org\/wp-content\/uploads\/2023\/08\/7-definir-largument-dans-la-fenetre-immediate.png\" sizes=\"auto, \" srcset=\"\" alt=\"set-argument-in-immediate-window\" width=\"601\" height=\"416\"><\/figure><\/div><h2 class=\"wp-block-heading\"> Fai domande veloci<\/h2><p> Puoi anche porre domande direttamente nella finestra immediata. Quello che sto cercando di dire \u00e8 che puoi scrivere direttamente una riga di codice nella finestra immediata e utilizzare un punto interrogativo per ottenere il risultato.<\/p><p> Diciamo che se vuoi conoscere il valore che hai nella cella A1, in questo caso puoi digitare la seguente riga di codice nella finestra immediata e premere Invio. <\/p><pre class=\"wp-block-code\"> <code class=\"language-visual-basic\" lang=\"visual-basic\">?Range(\"A1\").Value<\/code><\/pre><div class=\"wp-block-image\"><figure class=\"aligncenter size-large is-resized\"><img loading=\"lazy\" decoding=\"async\" class=\"wp-image-51316\" src=\"https:\/\/exceladvisor.org\/wp-content\/uploads\/2023\/08\/8-lignes-de-code-dans-la-fenetre-immediate.png\" sizes=\"auto, \" srcset=\"\" alt=\"riga di codice nella finestra immediata\" width=\"508\" height=\"136\"><\/figure><\/div><div class=\"gb-container gb-container-4db6181c gb-container-mt\"> <a class=\"gb-button gb-button-c5897111 gb-button-text gb-button-mt-button\" href=\"https:\/\/exceladvisor.org\/it\/vba\/\">Cos&#8217;\u00e8 VBA<\/a><h2 class=\"gb-headline gb-headline-665e5f6b gb-headline-text gb-headline-mt-heading\"> Tutorial correlati <\/h2><div class=\"gb-grid-wrapper gb-grid-wrapper-a20baf7c gb-grid-wrapper-mt-grid\"><div class=\"gb-grid-column gb-grid-column-65ddf67e\"><div class=\"gb-container gb-container-65ddf67e\"><ul><li> <a href=\"https:\/\/exceladvisor.org\/it\/domande-di-unintervista\/\">Domande per l&#8217;intervista VBA<\/a><\/li><li> <a href=\"https:\/\/exceladvisor.org\/it\/commento\/\">Aggiungi un commento nel codice VBA<\/a><\/li><li> <a href=\"https:\/\/exceladvisor.org\/it\/interruzione-di-linea\/\">Aggiungi un&#8217;interruzione di riga nel codice VBA<\/a><\/li><li> <a href=\"https:\/\/exceladvisor.org\/it\/nuova-linea\/\">Aggiungi una nuova riga (ritorno a capo) in una stringa in VBA<\/a><\/li><li> <a href=\"https:\/\/exceladvisor.org\/it\/eseguire-una-macro-2\/\">Esegui una macro in Excel (esegui codice VBA)<\/a> <\/li><\/ul><\/div><\/div><div class=\"gb-grid-column gb-grid-column-50067b57\"><div class=\"gb-container gb-container-50067b57\"><\/div><\/div><\/div><\/div>","protected":false},"excerpt":{"rendered":"","protected":false},"author":1,"featured_media":0,"parent":0,"menu_order":0,"comment_status":"open","ping_status":"closed","template":"","meta":{"ub_ctt_via":"","footnotes":""},"class_list":["post-2130","page","type-page","status-publish","hentry"],"featured_image_src":null,"yoast_head":"<!-- This site is optimized with the Yoast SEO plugin v25.4 - https:\/\/yoast.com\/wordpress\/plugins\/seo\/ -->\n<title>\u25b7 Cos&#039;\u00e8 la Finestra immediata VBA (Debug.Print)?<\/title>\n<meta name=\"description\" content=\"Questo tutorial ti aiuta a comprendere la finestra immediata e a utilizzare il comando debug.print per ottenere il risultato di una riga di codice.\" \/>\n<meta name=\"robots\" content=\"index, follow, max-snippet:-1, max-image-preview:large, max-video-preview:-1\" \/>\n<link rel=\"canonical\" href=\"https:\/\/exceladvisor.org\/it\/stampa-immediata-del-debug-della-finestra\/\" \/>\n<meta property=\"og:locale\" content=\"it_IT\" \/>\n<meta property=\"og:type\" content=\"article\" \/>\n<meta property=\"og:title\" content=\"\u25b7 Cos&#039;\u00e8 la Finestra immediata VBA (Debug.Print)?\" \/>\n<meta property=\"og:description\" content=\"Questo tutorial ti aiuta a comprendere la finestra immediata e a utilizzare il comando debug.print per ottenere il risultato di una riga di codice.\" \/>\n<meta property=\"og:url\" content=\"https:\/\/exceladvisor.org\/it\/stampa-immediata-del-debug-della-finestra\/\" \/>\n<meta property=\"og:site_name\" content=\"Excel Advisor\" \/>\n<meta property=\"article:modified_time\" content=\"2023-12-10T06:27:38+00:00\" \/>\n<meta property=\"og:image\" content=\"https:\/\/exceladvisor.org\/wp-content\/uploads\/2023\/08\/1-fenetre-immediate-vba.png\" \/>\n<meta name=\"twitter:card\" content=\"summary_large_image\" \/>\n<meta name=\"twitter:label1\" content=\"Tempo di lettura stimato\" \/>\n\t<meta name=\"twitter:data1\" content=\"2 minuti\" \/>\n<script type=\"application\/ld+json\" class=\"yoast-schema-graph\">{\"@context\":\"https:\/\/schema.org\",\"@graph\":[{\"@type\":\"WebPage\",\"@id\":\"https:\/\/exceladvisor.org\/it\/stampa-immediata-del-debug-della-finestra\/\",\"url\":\"https:\/\/exceladvisor.org\/it\/stampa-immediata-del-debug-della-finestra\/\",\"name\":\"\u25b7 Cos&#39;\u00e8 la Finestra immediata VBA (Debug.Print)?\",\"isPartOf\":{\"@id\":\"https:\/\/exceladvisor.org\/it\/#website\"},\"primaryImageOfPage\":{\"@id\":\"https:\/\/exceladvisor.org\/it\/stampa-immediata-del-debug-della-finestra\/#primaryimage\"},\"image\":{\"@id\":\"https:\/\/exceladvisor.org\/it\/stampa-immediata-del-debug-della-finestra\/#primaryimage\"},\"thumbnailUrl\":\"https:\/\/exceladvisor.org\/wp-content\/uploads\/2023\/08\/1-fenetre-immediate-vba.png\",\"datePublished\":\"2023-09-30T04:10:38+00:00\",\"dateModified\":\"2023-12-10T06:27:38+00:00\",\"description\":\"Questo tutorial ti aiuta a comprendere la finestra immediata e a utilizzare il comando debug.print per ottenere il risultato di una riga di codice.\",\"breadcrumb\":{\"@id\":\"https:\/\/exceladvisor.org\/it\/stampa-immediata-del-debug-della-finestra\/#breadcrumb\"},\"inLanguage\":\"it-IT\",\"potentialAction\":[{\"@type\":\"ReadAction\",\"target\":[\"https:\/\/exceladvisor.org\/it\/stampa-immediata-del-debug-della-finestra\/\"]}]},{\"@type\":\"ImageObject\",\"inLanguage\":\"it-IT\",\"@id\":\"https:\/\/exceladvisor.org\/it\/stampa-immediata-del-debug-della-finestra\/#primaryimage\",\"url\":\"https:\/\/exceladvisor.org\/wp-content\/uploads\/2023\/08\/1-fenetre-immediate-vba.png\",\"contentUrl\":\"https:\/\/exceladvisor.org\/wp-content\/uploads\/2023\/08\/1-fenetre-immediate-vba.png\"},{\"@type\":\"BreadcrumbList\",\"@id\":\"https:\/\/exceladvisor.org\/it\/stampa-immediata-del-debug-della-finestra\/#breadcrumb\",\"itemListElement\":[{\"@type\":\"ListItem\",\"position\":1,\"name\":\"Home\",\"item\":\"https:\/\/exceladvisor.org\/it\/\"},{\"@type\":\"ListItem\",\"position\":2,\"name\":\"Finestra immediata vba: la guida illustrata completa\"}]},{\"@type\":\"WebSite\",\"@id\":\"https:\/\/exceladvisor.org\/it\/#website\",\"url\":\"https:\/\/exceladvisor.org\/it\/\",\"name\":\"Excel Advisor\",\"description\":\"Tips, Tricks, and Time-Saving Hacks\",\"publisher\":{\"@id\":\"https:\/\/exceladvisor.org\/it\/#organization\"},\"potentialAction\":[{\"@type\":\"SearchAction\",\"target\":{\"@type\":\"EntryPoint\",\"urlTemplate\":\"https:\/\/exceladvisor.org\/it\/?s={search_term_string}\"},\"query-input\":{\"@type\":\"PropertyValueSpecification\",\"valueRequired\":true,\"valueName\":\"search_term_string\"}}],\"inLanguage\":\"it-IT\"},{\"@type\":\"Organization\",\"@id\":\"https:\/\/exceladvisor.org\/it\/#organization\",\"name\":\"Excel Advisor\",\"url\":\"https:\/\/exceladvisor.org\/it\/\",\"logo\":{\"@type\":\"ImageObject\",\"inLanguage\":\"it-IT\",\"@id\":\"https:\/\/exceladvisor.org\/it\/#\/schema\/logo\/image\/\",\"url\":\"https:\/\/exceladvisor.org\/it\/wp-content\/uploads\/2023\/12\/exceladvisor.org_.png\",\"contentUrl\":\"https:\/\/exceladvisor.org\/it\/wp-content\/uploads\/2023\/12\/exceladvisor.org_.png\",\"width\":105,\"height\":36,\"caption\":\"Excel Advisor\"},\"image\":{\"@id\":\"https:\/\/exceladvisor.org\/it\/#\/schema\/logo\/image\/\"}}]}<\/script>\n<!-- \/ Yoast SEO plugin. -->","yoast_head_json":{"title":"\u25b7 Cos&#39;\u00e8 la Finestra immediata VBA (Debug.Print)?","description":"Questo tutorial ti aiuta a comprendere la finestra immediata e a utilizzare il comando debug.print per ottenere il risultato di una riga di codice.","robots":{"index":"index","follow":"follow","max-snippet":"max-snippet:-1","max-image-preview":"max-image-preview:large","max-video-preview":"max-video-preview:-1"},"canonical":"https:\/\/exceladvisor.org\/it\/stampa-immediata-del-debug-della-finestra\/","og_locale":"it_IT","og_type":"article","og_title":"\u25b7 Cos&#39;\u00e8 la Finestra immediata VBA (Debug.Print)?","og_description":"Questo tutorial ti aiuta a comprendere la finestra immediata e a utilizzare il comando debug.print per ottenere il risultato di una riga di codice.","og_url":"https:\/\/exceladvisor.org\/it\/stampa-immediata-del-debug-della-finestra\/","og_site_name":"Excel Advisor","article_modified_time":"2023-12-10T06:27:38+00:00","og_image":[{"url":"https:\/\/exceladvisor.org\/wp-content\/uploads\/2023\/08\/1-fenetre-immediate-vba.png","type":"","width":"","height":""}],"twitter_card":"summary_large_image","twitter_misc":{"Tempo di lettura stimato":"2 minuti"},"schema":{"@context":"https:\/\/schema.org","@graph":[{"@type":"WebPage","@id":"https:\/\/exceladvisor.org\/it\/stampa-immediata-del-debug-della-finestra\/","url":"https:\/\/exceladvisor.org\/it\/stampa-immediata-del-debug-della-finestra\/","name":"\u25b7 Cos&#39;\u00e8 la Finestra immediata VBA (Debug.Print)?","isPartOf":{"@id":"https:\/\/exceladvisor.org\/it\/#website"},"primaryImageOfPage":{"@id":"https:\/\/exceladvisor.org\/it\/stampa-immediata-del-debug-della-finestra\/#primaryimage"},"image":{"@id":"https:\/\/exceladvisor.org\/it\/stampa-immediata-del-debug-della-finestra\/#primaryimage"},"thumbnailUrl":"https:\/\/exceladvisor.org\/wp-content\/uploads\/2023\/08\/1-fenetre-immediate-vba.png","datePublished":"2023-09-30T04:10:38+00:00","dateModified":"2023-12-10T06:27:38+00:00","description":"Questo tutorial ti aiuta a comprendere la finestra immediata e a utilizzare il comando debug.print per ottenere il risultato di una riga di codice.","breadcrumb":{"@id":"https:\/\/exceladvisor.org\/it\/stampa-immediata-del-debug-della-finestra\/#breadcrumb"},"inLanguage":"it-IT","potentialAction":[{"@type":"ReadAction","target":["https:\/\/exceladvisor.org\/it\/stampa-immediata-del-debug-della-finestra\/"]}]},{"@type":"ImageObject","inLanguage":"it-IT","@id":"https:\/\/exceladvisor.org\/it\/stampa-immediata-del-debug-della-finestra\/#primaryimage","url":"https:\/\/exceladvisor.org\/wp-content\/uploads\/2023\/08\/1-fenetre-immediate-vba.png","contentUrl":"https:\/\/exceladvisor.org\/wp-content\/uploads\/2023\/08\/1-fenetre-immediate-vba.png"},{"@type":"BreadcrumbList","@id":"https:\/\/exceladvisor.org\/it\/stampa-immediata-del-debug-della-finestra\/#breadcrumb","itemListElement":[{"@type":"ListItem","position":1,"name":"Home","item":"https:\/\/exceladvisor.org\/it\/"},{"@type":"ListItem","position":2,"name":"Finestra immediata vba: la guida illustrata completa"}]},{"@type":"WebSite","@id":"https:\/\/exceladvisor.org\/it\/#website","url":"https:\/\/exceladvisor.org\/it\/","name":"Excel Advisor","description":"Tips, Tricks, and Time-Saving Hacks","publisher":{"@id":"https:\/\/exceladvisor.org\/it\/#organization"},"potentialAction":[{"@type":"SearchAction","target":{"@type":"EntryPoint","urlTemplate":"https:\/\/exceladvisor.org\/it\/?s={search_term_string}"},"query-input":{"@type":"PropertyValueSpecification","valueRequired":true,"valueName":"search_term_string"}}],"inLanguage":"it-IT"},{"@type":"Organization","@id":"https:\/\/exceladvisor.org\/it\/#organization","name":"Excel Advisor","url":"https:\/\/exceladvisor.org\/it\/","logo":{"@type":"ImageObject","inLanguage":"it-IT","@id":"https:\/\/exceladvisor.org\/it\/#\/schema\/logo\/image\/","url":"https:\/\/exceladvisor.org\/it\/wp-content\/uploads\/2023\/12\/exceladvisor.org_.png","contentUrl":"https:\/\/exceladvisor.org\/it\/wp-content\/uploads\/2023\/12\/exceladvisor.org_.png","width":105,"height":36,"caption":"Excel Advisor"},"image":{"@id":"https:\/\/exceladvisor.org\/it\/#\/schema\/logo\/image\/"}}]}},"yoast_meta":{"yoast_wpseo_title":"","yoast_wpseo_metadesc":"","yoast_wpseo_canonical":""},"_links":{"self":[{"href":"https:\/\/exceladvisor.org\/it\/wp-json\/wp\/v2\/pages\/2130","targetHints":{"allow":["GET"]}}],"collection":[{"href":"https:\/\/exceladvisor.org\/it\/wp-json\/wp\/v2\/pages"}],"about":[{"href":"https:\/\/exceladvisor.org\/it\/wp-json\/wp\/v2\/types\/page"}],"author":[{"embeddable":true,"href":"https:\/\/exceladvisor.org\/it\/wp-json\/wp\/v2\/users\/1"}],"replies":[{"embeddable":true,"href":"https:\/\/exceladvisor.org\/it\/wp-json\/wp\/v2\/comments?post=2130"}],"version-history":[{"count":1,"href":"https:\/\/exceladvisor.org\/it\/wp-json\/wp\/v2\/pages\/2130\/revisions"}],"predecessor-version":[{"id":2903,"href":"https:\/\/exceladvisor.org\/it\/wp-json\/wp\/v2\/pages\/2130\/revisions\/2903"}],"wp:attachment":[{"href":"https:\/\/exceladvisor.org\/it\/wp-json\/wp\/v2\/media?parent=2130"}],"curies":[{"name":"wp","href":"https:\/\/api.w.org\/{rel}","templated":true}]}}