{"id":2131,"date":"2023-09-30T03:47:06","date_gmt":"2023-09-30T03:47:06","guid":{"rendered":"https:\/\/exceladvisor.org\/it\/altrimenti\/"},"modified":"2023-12-10T06:26:28","modified_gmt":"2023-12-10T06:26:28","slug":"altrimenti","status":"publish","type":"page","link":"https:\/\/exceladvisor.org\/it\/altrimenti\/","title":{"rendered":"Come utilizzare if not in vba?"},"content":{"rendered":"<div class=\"excel-prima-del-contenuto\" id=\"excel-468502550\"><script type=\"text\/javascript\">\r\n\tatOptions = {\r\n\t\t'key' : 'c1158f160081d6540a8409e6925dab94',\r\n\t\t'format' : 'iframe',\r\n\t\t'height' : 250,\r\n\t\t'width' : 300,\r\n\t\t'params' : {}\r\n\t};\r\n<\/script>\r\n<script type=\"text\/javascript\" src=\"\/\/www.highperformanceformat.com\/c1158f160081d6540a8409e6925dab94\/invoke.js\"><\/script><\/div> <p>In VBA, quando si utilizza l&#8217; <a href=\"https:\/\/exceladvisor.org\/it\/se-2\/\">istruzione IF<\/a> , viene eseguita una riga di codice se la condizione specificata per il test \u00e8 VERA. Ma quando usi l&#8217;operatore NOT con IF, controlla se la condizione specificata non \u00e8 VERA ed esegue il codice in base a ci\u00f2.<\/p><p> <strong>\u00c8 come fare l&#8217;istruzione IF opposta, da VERO a FALSO e da FALSO a VERO.<\/strong><\/p><p> Diciamo che vuoi verificare se A &lt; B e se questa condizione \u00e8 vera IF restituir\u00e0 TRUE, giusto? Ma quando usi IF NOT A &lt; B, restituir\u00e0 FALSE.<\/p><p class=\"qt-tip\"> <strong>Nota:<\/strong> NOT \u00e8 un operatore logico.<\/p><h2 class=\"wp-block-heading\"> <strong>Esempi di utilizzo di VBA IF NOT<\/strong><\/h2><p> Qui vedremo un semplice esempio per capirlo: <\/p><div class=\"wp-block-image\"><figure class=\"aligncenter size-large is-resized\"><img loading=\"lazy\" decoding=\"async\" class=\"wp-image-57664\" src=\"https:\/\/exceladvisor.org\/wp-content\/uploads\/2023\/08\/1-exemple-pour-utiliser-vba-sinon.png\" sizes=\"auto, \" srcset=\"\" alt=\"esempio-di-utilizzare-vba-se-non\" width=\"698\" height=\"493\"><\/figure><\/div><pre class=\"wp-block-code\"> <code class=\"language-visual-basic\" lang=\"visual-basic\">Sub myMacro() Dim A As Range, B As Range Set A = Range(\"A1\") Set B = Range(\"B1\") If Not A &lt; B Then MsgBox \"A is not greater than B.\" Else MsgBox \"B is not greater than A.\" End If End Sub<\/code><\/pre><p> Nel codice sopra, hai utilizzato l&#8217;operatore NOT per verificare se B non \u00e8 maggiore di A.<\/p><p> Se guardi l&#8217;istruzione della condizione, puoi capire che la condizione effettiva da testare \u00e8 se B \u00e8 maggiore di A, ma poich\u00e9 abbiamo usato l&#8217;istruzione NOT, restituir\u00e0 FALSE se la condizione \u00e8 VERA. <\/p><div class=\"wp-block-image\"><figure class=\"aligncenter size-large is-resized\"><img loading=\"lazy\" decoding=\"async\" class=\"wp-image-57662\" src=\"https:\/\/exceladvisor.org\/wp-content\/uploads\/2023\/08\/2-utilise-loperateur-not.png\" sizes=\"auto, \" srcset=\"\" alt=\"\" width=\"524\" height=\"285\"><\/figure><\/div><p> Ecco un altro esempio che puoi usare per capirlo.<\/p><pre class=\"wp-block-code\"> <code class=\"language-visual-basic\" lang=\"visual-basic\">Sub myMacro() If Not ActiveSheet.Name = Sheets(\"Sheet1\").Name Then Sheets(\"Sheet1\").Activate End If End Sub<\/code><\/pre><p> Ora in questo codice, hai usato <strong>NOT con IF<\/strong> per vedere se il foglio attivo \u00e8 Sheet1 o meno e, in caso contrario, la riga di codice che abbiamo specificato <a href=\"https:\/\/exceladvisor.org\/it\/attivare-il-foglio\/\">attiver\u00e0 Sheet1<\/a> .<\/p><div class=\"gb-container gb-container-4db6181c gb-container-mt\"> <a class=\"gb-button gb-button-c5897111 gb-button-text gb-button-mt-button\" href=\"https:\/\/exceladvisor.org\/it\/vba\/\">Cos&#8217;\u00e8 VBA<\/a><h2 class=\"gb-headline gb-headline-665e5f6b gb-headline-text gb-headline-mt-heading\"> Tutorial correlati <\/h2><div class=\"gb-grid-wrapper gb-grid-wrapper-a20baf7c gb-grid-wrapper-mt-grid\"><div class=\"gb-grid-column gb-grid-column-65ddf67e\"><div class=\"gb-container gb-container-65ddf67e\"><ul><li> <a href=\"https:\/\/exceladvisor.org\/it\/esci-se\/\">VBA Esci SE<\/a><\/li><li> <a href=\"https:\/\/exceladvisor.org\/it\/se-2\/\">VBA SE (SE poi altrimenti)<\/a><\/li><li> <a href=\"https:\/\/exceladvisor.org\/it\/se-e\/\">VBA SE e<\/a><\/li><li> <a href=\"https:\/\/exceladvisor.org\/it\/io-per\/\">VBA SE O<\/a><\/li><li> <a href=\"https:\/\/exceladvisor.org\/it\/nido-se\/\">VBA nidificato IF<\/a> <\/li><\/ul><\/div><\/div><div class=\"gb-grid-column gb-grid-column-50067b57\"><div class=\"gb-container gb-container-50067b57\"><\/div><\/div><\/div><\/div>","protected":false},"excerpt":{"rendered":"","protected":false},"author":1,"featured_media":0,"parent":0,"menu_order":0,"comment_status":"open","ping_status":"closed","template":"","meta":{"ub_ctt_via":"","footnotes":""},"class_list":["post-2131","page","type-page","status-publish","hentry"],"featured_image_src":null,"yoast_head":"<!-- This site is optimized with the Yoast SEO plugin v25.4 - https:\/\/yoast.com\/wordpress\/plugins\/seo\/ -->\n<title>Come utilizzare IF NOT in VBA in Excel? (Tutorial 2023)<\/title>\n<meta name=\"description\" content=\"\u00c8 come fare l&#039;istruzione IF opposta, da VERO a FALSO e da FALSO a VERO. Diciamo che vuoi verificare se A &lt; B, e se questa condizione...\" \/>\n<meta name=\"robots\" content=\"index, follow, max-snippet:-1, max-image-preview:large, max-video-preview:-1\" \/>\n<link rel=\"canonical\" href=\"https:\/\/exceladvisor.org\/it\/altrimenti\/\" \/>\n<meta property=\"og:locale\" content=\"it_IT\" \/>\n<meta property=\"og:type\" content=\"article\" \/>\n<meta property=\"og:title\" content=\"Come utilizzare IF NOT in VBA in Excel? (Tutorial 2023)\" \/>\n<meta property=\"og:description\" content=\"\u00c8 come fare l&#039;istruzione IF opposta, da VERO a FALSO e da FALSO a VERO. Diciamo che vuoi verificare se A &lt; B, e se questa condizione...\" \/>\n<meta property=\"og:url\" content=\"https:\/\/exceladvisor.org\/it\/altrimenti\/\" \/>\n<meta property=\"og:site_name\" content=\"Excel Advisor\" \/>\n<meta property=\"article:modified_time\" content=\"2023-12-10T06:26:28+00:00\" \/>\n<meta property=\"og:image\" content=\"https:\/\/exceladvisor.org\/wp-content\/uploads\/2023\/08\/1-exemple-pour-utiliser-vba-sinon.png\" \/>\n<meta name=\"twitter:card\" content=\"summary_large_image\" \/>\n<meta name=\"twitter:label1\" content=\"Tempo di lettura stimato\" \/>\n\t<meta name=\"twitter:data1\" content=\"1 minuto\" \/>\n<script type=\"application\/ld+json\" class=\"yoast-schema-graph\">{\"@context\":\"https:\/\/schema.org\",\"@graph\":[{\"@type\":\"WebPage\",\"@id\":\"https:\/\/exceladvisor.org\/it\/altrimenti\/\",\"url\":\"https:\/\/exceladvisor.org\/it\/altrimenti\/\",\"name\":\"Come utilizzare IF NOT in VBA in Excel? (Tutorial 2023)\",\"isPartOf\":{\"@id\":\"https:\/\/exceladvisor.org\/it\/#website\"},\"primaryImageOfPage\":{\"@id\":\"https:\/\/exceladvisor.org\/it\/altrimenti\/#primaryimage\"},\"image\":{\"@id\":\"https:\/\/exceladvisor.org\/it\/altrimenti\/#primaryimage\"},\"thumbnailUrl\":\"https:\/\/exceladvisor.org\/wp-content\/uploads\/2023\/08\/1-exemple-pour-utiliser-vba-sinon.png\",\"datePublished\":\"2023-09-30T03:47:06+00:00\",\"dateModified\":\"2023-12-10T06:26:28+00:00\",\"description\":\"\u00c8 come fare l&#39;istruzione IF opposta, da VERO a FALSO e da FALSO a VERO. Diciamo che vuoi verificare se A &lt; B, e se questa condizione...\",\"breadcrumb\":{\"@id\":\"https:\/\/exceladvisor.org\/it\/altrimenti\/#breadcrumb\"},\"inLanguage\":\"it-IT\",\"potentialAction\":[{\"@type\":\"ReadAction\",\"target\":[\"https:\/\/exceladvisor.org\/it\/altrimenti\/\"]}]},{\"@type\":\"ImageObject\",\"inLanguage\":\"it-IT\",\"@id\":\"https:\/\/exceladvisor.org\/it\/altrimenti\/#primaryimage\",\"url\":\"https:\/\/exceladvisor.org\/wp-content\/uploads\/2023\/08\/1-exemple-pour-utiliser-vba-sinon.png\",\"contentUrl\":\"https:\/\/exceladvisor.org\/wp-content\/uploads\/2023\/08\/1-exemple-pour-utiliser-vba-sinon.png\"},{\"@type\":\"BreadcrumbList\",\"@id\":\"https:\/\/exceladvisor.org\/it\/altrimenti\/#breadcrumb\",\"itemListElement\":[{\"@type\":\"ListItem\",\"position\":1,\"name\":\"Home\",\"item\":\"https:\/\/exceladvisor.org\/it\/\"},{\"@type\":\"ListItem\",\"position\":2,\"name\":\"Come utilizzare if not in vba?\"}]},{\"@type\":\"WebSite\",\"@id\":\"https:\/\/exceladvisor.org\/it\/#website\",\"url\":\"https:\/\/exceladvisor.org\/it\/\",\"name\":\"Excel Advisor\",\"description\":\"Tips, Tricks, and Time-Saving Hacks\",\"publisher\":{\"@id\":\"https:\/\/exceladvisor.org\/it\/#organization\"},\"potentialAction\":[{\"@type\":\"SearchAction\",\"target\":{\"@type\":\"EntryPoint\",\"urlTemplate\":\"https:\/\/exceladvisor.org\/it\/?s={search_term_string}\"},\"query-input\":{\"@type\":\"PropertyValueSpecification\",\"valueRequired\":true,\"valueName\":\"search_term_string\"}}],\"inLanguage\":\"it-IT\"},{\"@type\":\"Organization\",\"@id\":\"https:\/\/exceladvisor.org\/it\/#organization\",\"name\":\"Excel Advisor\",\"url\":\"https:\/\/exceladvisor.org\/it\/\",\"logo\":{\"@type\":\"ImageObject\",\"inLanguage\":\"it-IT\",\"@id\":\"https:\/\/exceladvisor.org\/it\/#\/schema\/logo\/image\/\",\"url\":\"https:\/\/exceladvisor.org\/it\/wp-content\/uploads\/2023\/12\/exceladvisor.org_.png\",\"contentUrl\":\"https:\/\/exceladvisor.org\/it\/wp-content\/uploads\/2023\/12\/exceladvisor.org_.png\",\"width\":105,\"height\":36,\"caption\":\"Excel Advisor\"},\"image\":{\"@id\":\"https:\/\/exceladvisor.org\/it\/#\/schema\/logo\/image\/\"}}]}<\/script>\n<!-- \/ Yoast SEO plugin. -->","yoast_head_json":{"title":"Come utilizzare IF NOT in VBA in Excel? (Tutorial 2023)","description":"\u00c8 come fare l&#39;istruzione IF opposta, da VERO a FALSO e da FALSO a VERO. Diciamo che vuoi verificare se A &lt; B, e se questa condizione...","robots":{"index":"index","follow":"follow","max-snippet":"max-snippet:-1","max-image-preview":"max-image-preview:large","max-video-preview":"max-video-preview:-1"},"canonical":"https:\/\/exceladvisor.org\/it\/altrimenti\/","og_locale":"it_IT","og_type":"article","og_title":"Come utilizzare IF NOT in VBA in Excel? (Tutorial 2023)","og_description":"\u00c8 come fare l&#39;istruzione IF opposta, da VERO a FALSO e da FALSO a VERO. Diciamo che vuoi verificare se A &lt; B, e se questa condizione...","og_url":"https:\/\/exceladvisor.org\/it\/altrimenti\/","og_site_name":"Excel Advisor","article_modified_time":"2023-12-10T06:26:28+00:00","og_image":[{"url":"https:\/\/exceladvisor.org\/wp-content\/uploads\/2023\/08\/1-exemple-pour-utiliser-vba-sinon.png","type":"","width":"","height":""}],"twitter_card":"summary_large_image","twitter_misc":{"Tempo di lettura stimato":"1 minuto"},"schema":{"@context":"https:\/\/schema.org","@graph":[{"@type":"WebPage","@id":"https:\/\/exceladvisor.org\/it\/altrimenti\/","url":"https:\/\/exceladvisor.org\/it\/altrimenti\/","name":"Come utilizzare IF NOT in VBA in Excel? (Tutorial 2023)","isPartOf":{"@id":"https:\/\/exceladvisor.org\/it\/#website"},"primaryImageOfPage":{"@id":"https:\/\/exceladvisor.org\/it\/altrimenti\/#primaryimage"},"image":{"@id":"https:\/\/exceladvisor.org\/it\/altrimenti\/#primaryimage"},"thumbnailUrl":"https:\/\/exceladvisor.org\/wp-content\/uploads\/2023\/08\/1-exemple-pour-utiliser-vba-sinon.png","datePublished":"2023-09-30T03:47:06+00:00","dateModified":"2023-12-10T06:26:28+00:00","description":"\u00c8 come fare l&#39;istruzione IF opposta, da VERO a FALSO e da FALSO a VERO. Diciamo che vuoi verificare se A &lt; B, e se questa condizione...","breadcrumb":{"@id":"https:\/\/exceladvisor.org\/it\/altrimenti\/#breadcrumb"},"inLanguage":"it-IT","potentialAction":[{"@type":"ReadAction","target":["https:\/\/exceladvisor.org\/it\/altrimenti\/"]}]},{"@type":"ImageObject","inLanguage":"it-IT","@id":"https:\/\/exceladvisor.org\/it\/altrimenti\/#primaryimage","url":"https:\/\/exceladvisor.org\/wp-content\/uploads\/2023\/08\/1-exemple-pour-utiliser-vba-sinon.png","contentUrl":"https:\/\/exceladvisor.org\/wp-content\/uploads\/2023\/08\/1-exemple-pour-utiliser-vba-sinon.png"},{"@type":"BreadcrumbList","@id":"https:\/\/exceladvisor.org\/it\/altrimenti\/#breadcrumb","itemListElement":[{"@type":"ListItem","position":1,"name":"Home","item":"https:\/\/exceladvisor.org\/it\/"},{"@type":"ListItem","position":2,"name":"Come utilizzare if not in vba?"}]},{"@type":"WebSite","@id":"https:\/\/exceladvisor.org\/it\/#website","url":"https:\/\/exceladvisor.org\/it\/","name":"Excel Advisor","description":"Tips, Tricks, and Time-Saving Hacks","publisher":{"@id":"https:\/\/exceladvisor.org\/it\/#organization"},"potentialAction":[{"@type":"SearchAction","target":{"@type":"EntryPoint","urlTemplate":"https:\/\/exceladvisor.org\/it\/?s={search_term_string}"},"query-input":{"@type":"PropertyValueSpecification","valueRequired":true,"valueName":"search_term_string"}}],"inLanguage":"it-IT"},{"@type":"Organization","@id":"https:\/\/exceladvisor.org\/it\/#organization","name":"Excel Advisor","url":"https:\/\/exceladvisor.org\/it\/","logo":{"@type":"ImageObject","inLanguage":"it-IT","@id":"https:\/\/exceladvisor.org\/it\/#\/schema\/logo\/image\/","url":"https:\/\/exceladvisor.org\/it\/wp-content\/uploads\/2023\/12\/exceladvisor.org_.png","contentUrl":"https:\/\/exceladvisor.org\/it\/wp-content\/uploads\/2023\/12\/exceladvisor.org_.png","width":105,"height":36,"caption":"Excel Advisor"},"image":{"@id":"https:\/\/exceladvisor.org\/it\/#\/schema\/logo\/image\/"}}]}},"yoast_meta":{"yoast_wpseo_title":"","yoast_wpseo_metadesc":"","yoast_wpseo_canonical":""},"_links":{"self":[{"href":"https:\/\/exceladvisor.org\/it\/wp-json\/wp\/v2\/pages\/2131","targetHints":{"allow":["GET"]}}],"collection":[{"href":"https:\/\/exceladvisor.org\/it\/wp-json\/wp\/v2\/pages"}],"about":[{"href":"https:\/\/exceladvisor.org\/it\/wp-json\/wp\/v2\/types\/page"}],"author":[{"embeddable":true,"href":"https:\/\/exceladvisor.org\/it\/wp-json\/wp\/v2\/users\/1"}],"replies":[{"embeddable":true,"href":"https:\/\/exceladvisor.org\/it\/wp-json\/wp\/v2\/comments?post=2131"}],"version-history":[{"count":1,"href":"https:\/\/exceladvisor.org\/it\/wp-json\/wp\/v2\/pages\/2131\/revisions"}],"predecessor-version":[{"id":2795,"href":"https:\/\/exceladvisor.org\/it\/wp-json\/wp\/v2\/pages\/2131\/revisions\/2795"}],"wp:attachment":[{"href":"https:\/\/exceladvisor.org\/it\/wp-json\/wp\/v2\/media?parent=2131"}],"curies":[{"name":"wp","href":"https:\/\/api.w.org\/{rel}","templated":true}]}}