{"id":2132,"date":"2023-09-30T03:39:02","date_gmt":"2023-09-30T03:39:02","guid":{"rendered":"https:\/\/exceladvisor.org\/it\/inserire-una-colonna\/"},"modified":"2023-12-10T06:23:47","modified_gmt":"2023-12-10T06:23:47","slug":"inserire-una-colonna","status":"publish","type":"page","link":"https:\/\/exceladvisor.org\/it\/inserire-una-colonna\/","title":{"rendered":"Come inserire colonne utilizzando vba?"},"content":{"rendered":"<div class=\"excel-prima-del-contenuto\" id=\"excel-4060771672\"><script type=\"text\/javascript\">\r\n\tatOptions = {\r\n\t\t'key' : 'c1158f160081d6540a8409e6925dab94',\r\n\t\t'format' : 'iframe',\r\n\t\t'height' : 250,\r\n\t\t'width' : 300,\r\n\t\t'params' : {}\r\n\t};\r\n<\/script>\r\n<script type=\"text\/javascript\" src=\"\/\/www.highperformanceformat.com\/c1158f160081d6540a8409e6925dab94\/invoke.js\"><\/script><\/div> <p>In questo tutorial vedremo come inserire una colonna utilizzando il codice VBA in Excel. Esploreremo anche quali sono i diversi modi per scrivere una macro per questo.<\/p><h2 class=\"wp-block-heading\"> <strong>Inserisci una singola colonna utilizzando VBA<\/strong><\/h2><p> Per inserire una colonna utilizzando il codice VBA \u00e8 necessario utilizzare la propriet\u00e0 \u201cColonna intera\u201d con il metodo \u201cInserisci\u201d. Con la propriet\u00e0 intera colonna, puoi fare riferimento all&#8217;intera colonna utilizzando una cella e quindi inserire una nuova colonna. Per impostazione predefinita inserir\u00e0 una colonna prima della cella che hai menzionato. <\/p><div class=\"wp-block-image\"><figure class=\"aligncenter size-large is-resized\"><img loading=\"lazy\" decoding=\"async\" class=\"wp-image-54138\" src=\"https:\/\/exceladvisor.org\/wp-content\/uploads\/2023\/08\/1-inserer-une-seule-colonne-en-utilisant-vba.png\" sizes=\"auto, \" srcset=\"\" alt=\"inserisci una singola colonna usando vba\" width=\"580\" height=\"279\"><\/figure><\/div><ol type=\"1\"><li> Innanzitutto, specifica una cella utilizzando l&#8217;oggetto intervallo.<\/li><li> Ora inserisci un punto (.) per ottenere l&#8217;elenco di propriet\u00e0 e metodi.<\/li><li> Successivamente, seleziona la propriet\u00e0 &#8220;Intera colonna&#8221; o digitala.<\/li><li> Alla fine, inserisci nuovamente un punto (.) e seleziona il metodo &#8220;Inserisci&#8221; o digitalo.<\/li><\/ol><pre class=\"wp-block-code\"> <code class=\"language-visual-basic\" lang=\"visual-basic\">Range(\"A1\").EntireColumn.Insert<\/code><\/pre><p> Il tuo codice \u00e8 pronto qui per inserire una colonna. Ora quando esegui questo codice viene immediatamente inserita una nuova colonna prima della colonna A.<\/p><h2 class=\"wp-block-heading\"> <strong>Inserisci pi\u00f9 colonne<\/strong><\/h2><p> Esistono due modi per inserire pi\u00f9 colonne in un foglio di calcolo che ho trovato. Il primo \u00e8 lo stesso metodo di inserimento utilizzato nell&#8217;esempio precedente. Con questo, devi specificare un intervallo di colonne il cui numero \u00e8 uguale al numero della colonna che desideri inserire.<\/p><p> Supponiamo ora di voler inserire 5 colonne dopo la colonna C nel caso in cui sia possibile utilizzare un codice come questo. <\/p><div class=\"wp-block-image\"><figure class=\"aligncenter size-large is-resized\"><img loading=\"lazy\" decoding=\"async\" class=\"wp-image-54139\" src=\"https:\/\/exceladvisor.org\/wp-content\/uploads\/2023\/08\/2-inserer-plusieurs-colonnes.png\" sizes=\"auto, \" srcset=\"\" alt=\"inserire pi\u00f9 colonne\" width=\"739\" height=\"301\"><\/figure><\/div><pre class=\"wp-block-code\"> <code class=\"language-visual-basic\" lang=\"visual-basic\">Range(\"C:G\").EntireColumn.Insert<\/code><\/pre><p> Ad essere sincero, non ho trovato questo metodo molto utile perch\u00e9 devi cambiare l&#8217;intervallo se vuoi cambiare il codice stesso. Quindi, ecco il secondo metodo.<\/p><pre class=\"wp-block-code\"> <code class=\"language-visual-basic\" lang=\"visual-basic\">'variables to use in the code Dim iCol As Long Dim iCount As Long Dim i As Long 'to get the number of columns that you want to insert with an input box iCount = InputBox(Prompt:=\"How many column you want to add?\") 'to get the column number where you want to insert the new column iCol = InputBox _ (Prompt:= _ \"After which column you want to add new column? (Enter the column number)\") 'loop to insert new column(s) For i = 1 To iCount Columns(iCol).EntireColumn.Insert Next i<\/code><\/pre><p> Quando esegui questo codice, ti viene chiesto di inserire il numero di colonne che desideri aggiungere e quindi il numero di colonna in cui desideri aggiungere tutte queste nuove colonne. Utilizza un <a href=\"https:\/\/exceladvisor.org\/it\/per-il-ciclo\/\">ciclo FOR (For Next)<\/a> per inserire il numero di colonne che hai menzionato.<\/p><h2 class=\"wp-block-heading\"> <strong>Inserisci colonne in base ai valori della cella<\/strong><\/h2><p> Se desideri inserire colonne in base al valore di una cella, puoi utilizzare il seguente codice.<\/p><pre class=\"wp-block-code\"> <code class=\"language-visual-basic\" lang=\"visual-basic\">Dim iCol As Long Dim iCount As Long Dim i As Long iCount = Range(\"A1\").Value iCol = Range(\"B1\").Value For i = 1 To iCount Columns(iCol).EntireColumn.Insert Next i<\/code><\/pre><p> Quando esegui questa macro, prende il numero di colonne dalla cella A1 e la colonna a cui desideri aggiungere colonne dalla cella B1.<\/p><h2 class=\"wp-block-heading\"> <strong>Inserisci una colonna senza formattazione<\/strong><\/h2><p> Quando inserisci una colonna in cui la colonna sopra ha una formattazione specifica, in tal caso anche la colonna avr\u00e0 automaticamente quella formattazione. E il modo pi\u00f9 semplice per gestire questa situazione \u00e8 utilizzare formati chiari. Considera il seguente codice.<\/p><pre class=\"wp-block-code\"> <code class=\"language-visual-basic\" lang=\"visual-basic\">Columns(7).EntireColumn.Insert Columns(7).ClearFormats<\/code><\/pre><p> Quando esegui il codice sopra, inserisce una nuova colonna prima della <sup>settima<\/sup> colonna. Ora quello che succede \u00e8 che quando inserisci una colonna prima della <sup>settima<\/sup> colonna, questa nuova colonna diventa la <sup>settima<\/sup> colonna, quindi la seconda riga di codice ne cancella i formati.<\/p><h2 class=\"wp-block-heading\"> <strong>Inserisci una colonna copiata<\/strong><\/h2><p> Puoi anche utilizzare lo stesso metodo per copiare una colonna e quindi inserirla altrove. Vedere il codice seguente.<\/p><pre class=\"wp-block-code\"> <code class=\"language-visual-basic\" lang=\"visual-basic\">Application.CutCopyMode = False With Worksheets(\"Data\") .Columns(5).Copy .Columns(9).Insert Shift:=xlShiftDown End With Application.CutCopyMode = True<\/code><\/pre><div class=\"gb-container gb-container-4db6181c gb-container-mt\"> <a class=\"gb-button gb-button-c5897111 gb-button-text gb-button-mt-button\" href=\"https:\/\/exceladvisor.org\/it\/vba\/\">Cos&#8217;\u00e8 VBA<\/a><h2 class=\"gb-headline gb-headline-665e5f6b gb-headline-text gb-headline-mt-heading\"> Tutorial correlati <\/h2><div class=\"gb-grid-wrapper gb-grid-wrapper-a20baf7c gb-grid-wrapper-mt-grid\"><div class=\"gb-grid-column gb-grid-column-65ddf67e\"><div class=\"gb-container gb-container-65ddf67e\"><ul><li> <a href=\"https:\/\/exceladvisor.org\/it\/numero-di-righe\/\">Contare le righe utilizzando VBA in Excel<\/a><\/li><li> <a href=\"https:\/\/exceladvisor.org\/it\/carattere-del-carattere\/\">Carattere VBA Excel (colore, dimensione, tipo e grassetto)<\/a><\/li><li> <a href=\"https:\/\/exceladvisor.org\/it\/nascondi-mostra-la-riga-della-colonna\/\">Excel VBA Nascondi e mostra una colonna o una riga<\/a><\/li><li> <a href=\"https:\/\/exceladvisor.org\/it\/gamma-1\/\">Intervallo VBA di Excel: utilizzo di intervalli e celle<\/a><\/li><li> <a href=\"https:\/\/exceladvisor.org\/it\/frontiere\/\">Applica i bordi a una cella utilizzando VBA in Excel<\/a> <\/li><\/ul><\/div><\/div><div class=\"gb-grid-column gb-grid-column-50067b57\"><div class=\"gb-container gb-container-50067b57\"><\/div><\/div><\/div><\/div>","protected":false},"excerpt":{"rendered":"","protected":false},"author":1,"featured_media":0,"parent":0,"menu_order":0,"comment_status":"open","ping_status":"closed","template":"","meta":{"ub_ctt_via":"","footnotes":""},"class_list":["post-2132","page","type-page","status-publish","hentry"],"featured_image_src":null,"yoast_head":"<!-- This site is optimized with the Yoast SEO plugin v25.4 - https:\/\/yoast.com\/wordpress\/plugins\/seo\/ -->\n<title>\u25b7 Come inserire colonne utilizzando VBA in Excel?<\/title>\n<meta name=\"description\" content=\"Per inserire una colonna utilizzando il codice VBA \u00e8 necessario utilizzare la propriet\u00e0 \u201cColonna intera\u201d con il metodo \u201cInserisci\u201d.\" \/>\n<meta name=\"robots\" content=\"index, follow, max-snippet:-1, max-image-preview:large, max-video-preview:-1\" \/>\n<link rel=\"canonical\" href=\"https:\/\/exceladvisor.org\/it\/inserire-una-colonna\/\" \/>\n<meta property=\"og:locale\" content=\"it_IT\" \/>\n<meta property=\"og:type\" content=\"article\" \/>\n<meta property=\"og:title\" content=\"\u25b7 Come inserire colonne utilizzando VBA in Excel?\" \/>\n<meta property=\"og:description\" content=\"Per inserire una colonna utilizzando il codice VBA \u00e8 necessario utilizzare la propriet\u00e0 \u201cColonna intera\u201d con il metodo \u201cInserisci\u201d.\" \/>\n<meta property=\"og:url\" content=\"https:\/\/exceladvisor.org\/it\/inserire-una-colonna\/\" \/>\n<meta property=\"og:site_name\" content=\"Excel Advisor\" \/>\n<meta property=\"article:modified_time\" content=\"2023-12-10T06:23:47+00:00\" \/>\n<meta property=\"og:image\" content=\"https:\/\/exceladvisor.org\/wp-content\/uploads\/2023\/08\/1-inserer-une-seule-colonne-en-utilisant-vba.png\" \/>\n<meta name=\"twitter:card\" content=\"summary_large_image\" \/>\n<meta name=\"twitter:label1\" content=\"Tempo di lettura stimato\" \/>\n\t<meta name=\"twitter:data1\" content=\"3 minuti\" \/>\n<script type=\"application\/ld+json\" class=\"yoast-schema-graph\">{\"@context\":\"https:\/\/schema.org\",\"@graph\":[{\"@type\":\"WebPage\",\"@id\":\"https:\/\/exceladvisor.org\/it\/inserire-una-colonna\/\",\"url\":\"https:\/\/exceladvisor.org\/it\/inserire-una-colonna\/\",\"name\":\"\u25b7 Come inserire colonne utilizzando VBA in Excel?\",\"isPartOf\":{\"@id\":\"https:\/\/exceladvisor.org\/it\/#website\"},\"primaryImageOfPage\":{\"@id\":\"https:\/\/exceladvisor.org\/it\/inserire-una-colonna\/#primaryimage\"},\"image\":{\"@id\":\"https:\/\/exceladvisor.org\/it\/inserire-una-colonna\/#primaryimage\"},\"thumbnailUrl\":\"https:\/\/exceladvisor.org\/wp-content\/uploads\/2023\/08\/1-inserer-une-seule-colonne-en-utilisant-vba.png\",\"datePublished\":\"2023-09-30T03:39:02+00:00\",\"dateModified\":\"2023-12-10T06:23:47+00:00\",\"description\":\"Per inserire una colonna utilizzando il codice VBA \u00e8 necessario utilizzare la propriet\u00e0 \u201cColonna intera\u201d con il metodo \u201cInserisci\u201d.\",\"breadcrumb\":{\"@id\":\"https:\/\/exceladvisor.org\/it\/inserire-una-colonna\/#breadcrumb\"},\"inLanguage\":\"it-IT\",\"potentialAction\":[{\"@type\":\"ReadAction\",\"target\":[\"https:\/\/exceladvisor.org\/it\/inserire-una-colonna\/\"]}]},{\"@type\":\"ImageObject\",\"inLanguage\":\"it-IT\",\"@id\":\"https:\/\/exceladvisor.org\/it\/inserire-una-colonna\/#primaryimage\",\"url\":\"https:\/\/exceladvisor.org\/wp-content\/uploads\/2023\/08\/1-inserer-une-seule-colonne-en-utilisant-vba.png\",\"contentUrl\":\"https:\/\/exceladvisor.org\/wp-content\/uploads\/2023\/08\/1-inserer-une-seule-colonne-en-utilisant-vba.png\"},{\"@type\":\"BreadcrumbList\",\"@id\":\"https:\/\/exceladvisor.org\/it\/inserire-una-colonna\/#breadcrumb\",\"itemListElement\":[{\"@type\":\"ListItem\",\"position\":1,\"name\":\"Home\",\"item\":\"https:\/\/exceladvisor.org\/it\/\"},{\"@type\":\"ListItem\",\"position\":2,\"name\":\"Come inserire colonne utilizzando vba?\"}]},{\"@type\":\"WebSite\",\"@id\":\"https:\/\/exceladvisor.org\/it\/#website\",\"url\":\"https:\/\/exceladvisor.org\/it\/\",\"name\":\"Excel Advisor\",\"description\":\"Tips, Tricks, and Time-Saving Hacks\",\"publisher\":{\"@id\":\"https:\/\/exceladvisor.org\/it\/#organization\"},\"potentialAction\":[{\"@type\":\"SearchAction\",\"target\":{\"@type\":\"EntryPoint\",\"urlTemplate\":\"https:\/\/exceladvisor.org\/it\/?s={search_term_string}\"},\"query-input\":{\"@type\":\"PropertyValueSpecification\",\"valueRequired\":true,\"valueName\":\"search_term_string\"}}],\"inLanguage\":\"it-IT\"},{\"@type\":\"Organization\",\"@id\":\"https:\/\/exceladvisor.org\/it\/#organization\",\"name\":\"Excel Advisor\",\"url\":\"https:\/\/exceladvisor.org\/it\/\",\"logo\":{\"@type\":\"ImageObject\",\"inLanguage\":\"it-IT\",\"@id\":\"https:\/\/exceladvisor.org\/it\/#\/schema\/logo\/image\/\",\"url\":\"https:\/\/exceladvisor.org\/it\/wp-content\/uploads\/2023\/12\/exceladvisor.org_.png\",\"contentUrl\":\"https:\/\/exceladvisor.org\/it\/wp-content\/uploads\/2023\/12\/exceladvisor.org_.png\",\"width\":105,\"height\":36,\"caption\":\"Excel Advisor\"},\"image\":{\"@id\":\"https:\/\/exceladvisor.org\/it\/#\/schema\/logo\/image\/\"}}]}<\/script>\n<!-- \/ Yoast SEO plugin. -->","yoast_head_json":{"title":"\u25b7 Come inserire colonne utilizzando VBA in Excel?","description":"Per inserire una colonna utilizzando il codice VBA \u00e8 necessario utilizzare la propriet\u00e0 \u201cColonna intera\u201d con il metodo \u201cInserisci\u201d.","robots":{"index":"index","follow":"follow","max-snippet":"max-snippet:-1","max-image-preview":"max-image-preview:large","max-video-preview":"max-video-preview:-1"},"canonical":"https:\/\/exceladvisor.org\/it\/inserire-una-colonna\/","og_locale":"it_IT","og_type":"article","og_title":"\u25b7 Come inserire colonne utilizzando VBA in Excel?","og_description":"Per inserire una colonna utilizzando il codice VBA \u00e8 necessario utilizzare la propriet\u00e0 \u201cColonna intera\u201d con il metodo \u201cInserisci\u201d.","og_url":"https:\/\/exceladvisor.org\/it\/inserire-una-colonna\/","og_site_name":"Excel Advisor","article_modified_time":"2023-12-10T06:23:47+00:00","og_image":[{"url":"https:\/\/exceladvisor.org\/wp-content\/uploads\/2023\/08\/1-inserer-une-seule-colonne-en-utilisant-vba.png","type":"","width":"","height":""}],"twitter_card":"summary_large_image","twitter_misc":{"Tempo di lettura stimato":"3 minuti"},"schema":{"@context":"https:\/\/schema.org","@graph":[{"@type":"WebPage","@id":"https:\/\/exceladvisor.org\/it\/inserire-una-colonna\/","url":"https:\/\/exceladvisor.org\/it\/inserire-una-colonna\/","name":"\u25b7 Come inserire colonne utilizzando VBA in Excel?","isPartOf":{"@id":"https:\/\/exceladvisor.org\/it\/#website"},"primaryImageOfPage":{"@id":"https:\/\/exceladvisor.org\/it\/inserire-una-colonna\/#primaryimage"},"image":{"@id":"https:\/\/exceladvisor.org\/it\/inserire-una-colonna\/#primaryimage"},"thumbnailUrl":"https:\/\/exceladvisor.org\/wp-content\/uploads\/2023\/08\/1-inserer-une-seule-colonne-en-utilisant-vba.png","datePublished":"2023-09-30T03:39:02+00:00","dateModified":"2023-12-10T06:23:47+00:00","description":"Per inserire una colonna utilizzando il codice VBA \u00e8 necessario utilizzare la propriet\u00e0 \u201cColonna intera\u201d con il metodo \u201cInserisci\u201d.","breadcrumb":{"@id":"https:\/\/exceladvisor.org\/it\/inserire-una-colonna\/#breadcrumb"},"inLanguage":"it-IT","potentialAction":[{"@type":"ReadAction","target":["https:\/\/exceladvisor.org\/it\/inserire-una-colonna\/"]}]},{"@type":"ImageObject","inLanguage":"it-IT","@id":"https:\/\/exceladvisor.org\/it\/inserire-una-colonna\/#primaryimage","url":"https:\/\/exceladvisor.org\/wp-content\/uploads\/2023\/08\/1-inserer-une-seule-colonne-en-utilisant-vba.png","contentUrl":"https:\/\/exceladvisor.org\/wp-content\/uploads\/2023\/08\/1-inserer-une-seule-colonne-en-utilisant-vba.png"},{"@type":"BreadcrumbList","@id":"https:\/\/exceladvisor.org\/it\/inserire-una-colonna\/#breadcrumb","itemListElement":[{"@type":"ListItem","position":1,"name":"Home","item":"https:\/\/exceladvisor.org\/it\/"},{"@type":"ListItem","position":2,"name":"Come inserire colonne utilizzando vba?"}]},{"@type":"WebSite","@id":"https:\/\/exceladvisor.org\/it\/#website","url":"https:\/\/exceladvisor.org\/it\/","name":"Excel Advisor","description":"Tips, Tricks, and Time-Saving Hacks","publisher":{"@id":"https:\/\/exceladvisor.org\/it\/#organization"},"potentialAction":[{"@type":"SearchAction","target":{"@type":"EntryPoint","urlTemplate":"https:\/\/exceladvisor.org\/it\/?s={search_term_string}"},"query-input":{"@type":"PropertyValueSpecification","valueRequired":true,"valueName":"search_term_string"}}],"inLanguage":"it-IT"},{"@type":"Organization","@id":"https:\/\/exceladvisor.org\/it\/#organization","name":"Excel Advisor","url":"https:\/\/exceladvisor.org\/it\/","logo":{"@type":"ImageObject","inLanguage":"it-IT","@id":"https:\/\/exceladvisor.org\/it\/#\/schema\/logo\/image\/","url":"https:\/\/exceladvisor.org\/it\/wp-content\/uploads\/2023\/12\/exceladvisor.org_.png","contentUrl":"https:\/\/exceladvisor.org\/it\/wp-content\/uploads\/2023\/12\/exceladvisor.org_.png","width":105,"height":36,"caption":"Excel Advisor"},"image":{"@id":"https:\/\/exceladvisor.org\/it\/#\/schema\/logo\/image\/"}}]}},"yoast_meta":{"yoast_wpseo_title":"","yoast_wpseo_metadesc":"","yoast_wpseo_canonical":""},"_links":{"self":[{"href":"https:\/\/exceladvisor.org\/it\/wp-json\/wp\/v2\/pages\/2132","targetHints":{"allow":["GET"]}}],"collection":[{"href":"https:\/\/exceladvisor.org\/it\/wp-json\/wp\/v2\/pages"}],"about":[{"href":"https:\/\/exceladvisor.org\/it\/wp-json\/wp\/v2\/types\/page"}],"author":[{"embeddable":true,"href":"https:\/\/exceladvisor.org\/it\/wp-json\/wp\/v2\/users\/1"}],"replies":[{"embeddable":true,"href":"https:\/\/exceladvisor.org\/it\/wp-json\/wp\/v2\/comments?post=2132"}],"version-history":[{"count":1,"href":"https:\/\/exceladvisor.org\/it\/wp-json\/wp\/v2\/pages\/2132\/revisions"}],"predecessor-version":[{"id":2543,"href":"https:\/\/exceladvisor.org\/it\/wp-json\/wp\/v2\/pages\/2132\/revisions\/2543"}],"wp:attachment":[{"href":"https:\/\/exceladvisor.org\/it\/wp-json\/wp\/v2\/media?parent=2132"}],"curies":[{"name":"wp","href":"https:\/\/api.w.org\/{rel}","templated":true}]}}