{"id":2134,"date":"2023-09-29T03:25:56","date_gmt":"2023-09-29T03:25:56","guid":{"rendered":"https:\/\/exceladvisor.org\/it\/oggetti\/"},"modified":"2023-12-10T06:28:11","modified_gmt":"2023-12-10T06:28:11","slug":"oggetti","status":"publish","type":"page","link":"https:\/\/exceladvisor.org\/it\/oggetti\/","title":{"rendered":"Oggetti vba: semplice spiegazione illustrata"},"content":{"rendered":"<div class=\"excel-prima-del-contenuto\" id=\"excel-2474212070\"><script type=\"text\/javascript\">\r\n\tatOptions = {\r\n\t\t'key' : 'c1158f160081d6540a8409e6925dab94',\r\n\t\t'format' : 'iframe',\r\n\t\t'height' : 250,\r\n\t\t'width' : 300,\r\n\t\t'params' : {}\r\n\t};\r\n<\/script>\r\n<script type=\"text\/javascript\" src=\"\/\/www.highperformanceformat.com\/c1158f160081d6540a8409e6925dab94\/invoke.js\"><\/script><\/div> <p>Visual Basic for Applications \u00e8 un linguaggio orientato agli oggetti e per trarne il massimo \u00e8 necessario comprendere gli oggetti di Excel. La cartella di lavoro utilizzata in Excel \u00e8 composta da diversi oggetti.<\/p><p> E ci sono diverse propriet\u00e0 collegate a un oggetto a cui puoi accedere e diversi metodi che puoi utilizzare su\/con un oggetto. Capiamolo con un esempio.<\/p><p> Pensa a un grande negozio di alimentari, che ha diverse sezioni per i prodotti, e poi quelle sezioni hanno anche scaffali e, all&#8217;interno di quegli scaffali, prodotti. <\/p><div class=\"wp-block-image\"><figure class=\"aligncenter size-large is-resized\"><img loading=\"lazy\" decoding=\"async\" class=\"wp-image-57765\" src=\"https:\/\/exceladvisor.org\/wp-content\/uploads\/2023\/08\/1-comprendre-les-objets-Excel.jpg\" sizes=\"auto, \" srcset=\"\" alt=\"comprendere-oggetti-excel\" width=\"458\" height=\"305\"><\/figure><\/div><p> Quindi se vuoi comprare vestiti devi andare nella sezione abbigliamento e nella sezione abbigliamento potresti avere sottosezioni per uomini e donne.<\/p><p> E quando scegli un tessuto, quel tessuto avr\u00e0 un colore, una dimensione e un tessuto specifici (che sono le propriet\u00e0 di quel tessuto).<\/p><p> Allo stesso modo, in VBA ci sono oggetti strutturati in una gerarchia.<\/p><h2 class=\"wp-block-heading\"> Modello di oggetti VBA (gerarchia)<\/h2><p> Nell&#8217;applicazione Excel, quando apri una cartella di lavoro, in quella cartella di lavoro hai un foglio di lavoro (o pi\u00f9 fogli di lavoro) e in quel foglio di lavoro hai celle e un intervallo di celle.<\/p><p> La gerarchia di Excel inizia con la stessa applicazione Excel e di seguito \u00e8 riportata la struttura che definisce questa gerarchia: <\/p><div class=\"wp-block-image\"><figure class=\"aligncenter size-large is-resized\"><img loading=\"lazy\" decoding=\"async\" class=\"wp-image-57766\" src=\"https:\/\/exceladvisor.org\/wp-content\/uploads\/2023\/08\/2-modele-dobjet-vba.png\" sizes=\"auto, \" srcset=\"\" alt=\"\" width=\"534\" height=\"545\"><\/figure><\/div><p> Diciamo che se vuoi fare riferimento a una cartella di lavoro, il codice che hai scritto dovrebbe assomigliare a questo: <\/p><div class=\"wp-block-image\"><figure class=\"aligncenter size-large is-resized\"><img loading=\"lazy\" decoding=\"async\" class=\"wp-image-57767\" src=\"https:\/\/exceladvisor.org\/wp-content\/uploads\/2023\/08\/3-code-faisant-reference-au-classeur.png\" sizes=\"auto, \" srcset=\"\" alt=\"\" width=\"508\" height=\"255\"><\/figure><\/div><p> Nel codice sopra, ti riferisci alla cartella di lavoro &#8220;Book1&#8221;.<\/p><p> Quello che hai scritto \u00e8 che ti riferisci prima all&#8217;applicazione Excel e hai utilizzato &#8220;Cartelle di lavoro&#8221; che fa ulteriormente parte dell&#8217;oggetto Applicazione.<\/p><p> Ora diciamo che vuoi andare oltre e vuoi fare riferimento a un foglio di lavoro nella cartella di lavoro &#8220;Libro1&#8221; e il codice corrispondente sarebbe: <\/p><div class=\"wp-block-image\"><figure class=\"aligncenter size-large is-resized\"><img loading=\"lazy\" decoding=\"async\" class=\"wp-image-57768\" src=\"https:\/\/exceladvisor.org\/wp-content\/uploads\/2023\/08\/4-code-faisant-reference-a-la-feuille-de-travail.png\" sizes=\"auto, \" srcset=\"\" alt=\"\" width=\"674\" height=\"234\"><\/figure><\/div><p> Sai cosa significa, vero? Ma lascia che te lo dica. Nel codice sopra, dopo aver fatto riferimento alla cartella di lavoro &#8220;Libro1&#8221;, hai fatto riferimento al foglio di lavoro &#8220;Foglio1&#8221; che \u00e8 un&#8217;altra parte della cartella di lavoro.<\/p><p> Andiamo un po&#8217; oltre. Facciamo riferimento a una cella specifica nel foglio di lavoro &#8220;Foglio1&#8221; e il codice corrispondente sarebbe: <\/p><div class=\"wp-block-image\"><figure class=\"aligncenter size-large is-resized\"><img loading=\"lazy\" decoding=\"async\" class=\"wp-image-57769\" src=\"https:\/\/exceladvisor.org\/wp-content\/uploads\/2023\/08\/5-code-fait-reference-a-une-cellule-specifique.png\" sizes=\"auto, \" srcset=\"\" alt=\"\" width=\"792\" height=\"230\"><\/figure><\/div><p> Prima che tu lo chieda, lascia che ti dica questo. Nel codice sopra, hai fatto riferimento alla cella A1 che si trova nel foglio di lavoro &#8220;Foglio1&#8221; della cartella di lavoro &#8220;Libro1&#8221;.<\/p><p> Quando si fa riferimento a un oggetto Range in questo modo, viene chiamato riferimento completo.<\/p><p class=\"qt-tip\"> <strong>Nota:<\/strong> l&#8217;utilizzo dell&#8217;oggetto Application \u00e8 facoltativo. Motivo? Quando fai qualcosa in VBA, sei gi\u00e0 nell&#8217;applicazione Excel.<\/p><h2 class=\"wp-block-heading\"> Semplificare il riferimento a un oggetto<\/h2><p> Nel codice sopra hai utilizzato un riferimento completo. Ci\u00f2 significa che dici a VBA a quale cartella di lavoro, foglio di lavoro e cella fare riferimento. Ma cosa succede se sei gi\u00e0 nella cartella di lavoro del Libro 1?<\/p><p> In questo caso, puoi semplicemente fare riferimento al foglio di lavoro in cui desideri fare riferimento a una cella, proprio come il codice seguente: <\/p><div class=\"wp-block-image\"><figure class=\"aligncenter size-large is-resized\"><img loading=\"lazy\" decoding=\"async\" class=\"wp-image-57770\" src=\"https:\/\/exceladvisor.org\/wp-content\/uploads\/2023\/08\/6-simplifier-la-reference-a-un-objet.png\" sizes=\"auto, \" srcset=\"\" alt=\"\" width=\"463\" height=\"259\"><\/figure><\/div><p> Inoltre, se il foglio di lavoro &#8220;Foglio1&#8221; \u00e8 abilitato, puoi semplicemente fare riferimento alla cella o all&#8217;intervallo di celle, proprio come nel codice seguente: <\/p><div class=\"wp-block-image\"><figure class=\"aligncenter size-large is-resized\"><img loading=\"lazy\" decoding=\"async\" class=\"wp-image-57771\" src=\"https:\/\/exceladvisor.org\/wp-content\/uploads\/2023\/08\/7-font-reference-a-la-cellule-ou-a-la-plage.png\" sizes=\"auto, \" srcset=\"\" alt=\"\" width=\"316\" height=\"260\"><\/figure><\/div><p> <strong>Ulteriori informazioni sugli oggetti VBA:<\/strong> <a href=\"https:\/\/exceladvisor.org\/it\/raccoglitore\/\">Oggetto cartella di lavoro VBA<\/a> | <a href=\"https:\/\/exceladvisor.org\/it\/foglio-di-lavoro-1\/\">Oggetto foglio di calcolo VBA<\/a> | <a href=\"https:\/\/exceladvisor.org\/it\/gamma-1\/\">Oggetto intervallo VBA<\/a><\/p><div class=\"gb-container gb-container-4db6181c gb-container-mt\"> <a class=\"gb-button gb-button-c5897111 gb-button-text gb-button-mt-button\" href=\"https:\/\/exceladvisor.org\/it\/vba\/\">Cos&#8217;\u00e8 VBA<\/a><h2 class=\"gb-headline gb-headline-665e5f6b gb-headline-text gb-headline-mt-heading\"> Tutorial correlati <\/h2><div class=\"gb-grid-wrapper gb-grid-wrapper-a20baf7c gb-grid-wrapper-mt-grid\"><div class=\"gb-grid-column gb-grid-column-65ddf67e\"><div class=\"gb-container gb-container-65ddf67e\"><ul><li> <a href=\"https:\/\/exceladvisor.org\/it\/domande-di-unintervista\/\">Domande per l&#8217;intervista VBA<\/a><\/li><li> <a href=\"https:\/\/exceladvisor.org\/it\/commento\/\">Aggiungi un commento nel codice VBA<\/a><\/li><li> <a href=\"https:\/\/exceladvisor.org\/it\/interruzione-di-linea\/\">Aggiungi un&#8217;interruzione di riga nel codice VBA<\/a><\/li><li> <a href=\"https:\/\/exceladvisor.org\/it\/nuova-linea\/\">Aggiungi una nuova riga (ritorno a capo) in una stringa in VBA<\/a><\/li><li> <a href=\"https:\/\/exceladvisor.org\/it\/eseguire-una-macro-2\/\">Esegui una macro in Excel (esegui codice VBA)<\/a><\/li><\/ul><\/div><\/div><\/div><\/div>","protected":false},"excerpt":{"rendered":"","protected":false},"author":1,"featured_media":0,"parent":0,"menu_order":0,"comment_status":"open","ping_status":"closed","template":"","meta":{"ub_ctt_via":"","footnotes":""},"class_list":["post-2134","page","type-page","status-publish","hentry"],"featured_image_src":null,"yoast_head":"<!-- This site is optimized with the Yoast SEO plugin v25.4 - https:\/\/yoast.com\/wordpress\/plugins\/seo\/ -->\n<title>\u25b7 Oggetti VBA: La guida illustrata 2023 - Excel Advisor<\/title>\n<meta name=\"description\" content=\"Visual Basic for Applications \u00e8 un linguaggio orientato agli oggetti e per trarne il massimo \u00e8 necessario comprendere gli oggetti di Excel.\" \/>\n<meta name=\"robots\" content=\"index, follow, max-snippet:-1, max-image-preview:large, max-video-preview:-1\" \/>\n<link rel=\"canonical\" href=\"https:\/\/exceladvisor.org\/it\/oggetti\/\" \/>\n<meta property=\"og:locale\" content=\"it_IT\" \/>\n<meta property=\"og:type\" content=\"article\" \/>\n<meta property=\"og:title\" content=\"\u25b7 Oggetti VBA: La guida illustrata 2023 - Excel Advisor\" \/>\n<meta property=\"og:description\" content=\"Visual Basic for Applications \u00e8 un linguaggio orientato agli oggetti e per trarne il massimo \u00e8 necessario comprendere gli oggetti di Excel.\" \/>\n<meta property=\"og:url\" content=\"https:\/\/exceladvisor.org\/it\/oggetti\/\" \/>\n<meta property=\"og:site_name\" content=\"Excel Advisor\" \/>\n<meta property=\"article:modified_time\" content=\"2023-12-10T06:28:11+00:00\" \/>\n<meta property=\"og:image\" content=\"https:\/\/exceladvisor.org\/wp-content\/uploads\/2023\/08\/1-comprendre-les-objets-Excel.jpg\" \/>\n<meta name=\"twitter:card\" content=\"summary_large_image\" \/>\n<meta name=\"twitter:label1\" content=\"Tempo di lettura stimato\" \/>\n\t<meta name=\"twitter:data1\" content=\"3 minuti\" \/>\n<script type=\"application\/ld+json\" class=\"yoast-schema-graph\">{\"@context\":\"https:\/\/schema.org\",\"@graph\":[{\"@type\":\"WebPage\",\"@id\":\"https:\/\/exceladvisor.org\/it\/oggetti\/\",\"url\":\"https:\/\/exceladvisor.org\/it\/oggetti\/\",\"name\":\"\u25b7 Oggetti VBA: La guida illustrata 2023 - Excel Advisor\",\"isPartOf\":{\"@id\":\"https:\/\/exceladvisor.org\/it\/#website\"},\"primaryImageOfPage\":{\"@id\":\"https:\/\/exceladvisor.org\/it\/oggetti\/#primaryimage\"},\"image\":{\"@id\":\"https:\/\/exceladvisor.org\/it\/oggetti\/#primaryimage\"},\"thumbnailUrl\":\"https:\/\/exceladvisor.org\/wp-content\/uploads\/2023\/08\/1-comprendre-les-objets-Excel.jpg\",\"datePublished\":\"2023-09-29T03:25:56+00:00\",\"dateModified\":\"2023-12-10T06:28:11+00:00\",\"description\":\"Visual Basic for Applications \u00e8 un linguaggio orientato agli oggetti e per trarne il massimo \u00e8 necessario comprendere gli oggetti di Excel.\",\"breadcrumb\":{\"@id\":\"https:\/\/exceladvisor.org\/it\/oggetti\/#breadcrumb\"},\"inLanguage\":\"it-IT\",\"potentialAction\":[{\"@type\":\"ReadAction\",\"target\":[\"https:\/\/exceladvisor.org\/it\/oggetti\/\"]}]},{\"@type\":\"ImageObject\",\"inLanguage\":\"it-IT\",\"@id\":\"https:\/\/exceladvisor.org\/it\/oggetti\/#primaryimage\",\"url\":\"https:\/\/exceladvisor.org\/wp-content\/uploads\/2023\/08\/1-comprendre-les-objets-Excel.jpg\",\"contentUrl\":\"https:\/\/exceladvisor.org\/wp-content\/uploads\/2023\/08\/1-comprendre-les-objets-Excel.jpg\"},{\"@type\":\"BreadcrumbList\",\"@id\":\"https:\/\/exceladvisor.org\/it\/oggetti\/#breadcrumb\",\"itemListElement\":[{\"@type\":\"ListItem\",\"position\":1,\"name\":\"Home\",\"item\":\"https:\/\/exceladvisor.org\/it\/\"},{\"@type\":\"ListItem\",\"position\":2,\"name\":\"Oggetti vba: semplice spiegazione illustrata\"}]},{\"@type\":\"WebSite\",\"@id\":\"https:\/\/exceladvisor.org\/it\/#website\",\"url\":\"https:\/\/exceladvisor.org\/it\/\",\"name\":\"Excel Advisor\",\"description\":\"Tips, Tricks, and Time-Saving Hacks\",\"publisher\":{\"@id\":\"https:\/\/exceladvisor.org\/it\/#organization\"},\"potentialAction\":[{\"@type\":\"SearchAction\",\"target\":{\"@type\":\"EntryPoint\",\"urlTemplate\":\"https:\/\/exceladvisor.org\/it\/?s={search_term_string}\"},\"query-input\":{\"@type\":\"PropertyValueSpecification\",\"valueRequired\":true,\"valueName\":\"search_term_string\"}}],\"inLanguage\":\"it-IT\"},{\"@type\":\"Organization\",\"@id\":\"https:\/\/exceladvisor.org\/it\/#organization\",\"name\":\"Excel Advisor\",\"url\":\"https:\/\/exceladvisor.org\/it\/\",\"logo\":{\"@type\":\"ImageObject\",\"inLanguage\":\"it-IT\",\"@id\":\"https:\/\/exceladvisor.org\/it\/#\/schema\/logo\/image\/\",\"url\":\"https:\/\/exceladvisor.org\/it\/wp-content\/uploads\/2023\/12\/exceladvisor.org_.png\",\"contentUrl\":\"https:\/\/exceladvisor.org\/it\/wp-content\/uploads\/2023\/12\/exceladvisor.org_.png\",\"width\":105,\"height\":36,\"caption\":\"Excel Advisor\"},\"image\":{\"@id\":\"https:\/\/exceladvisor.org\/it\/#\/schema\/logo\/image\/\"}}]}<\/script>\n<!-- \/ Yoast SEO plugin. -->","yoast_head_json":{"title":"\u25b7 Oggetti VBA: La guida illustrata 2023 - Excel Advisor","description":"Visual Basic for Applications \u00e8 un linguaggio orientato agli oggetti e per trarne il massimo \u00e8 necessario comprendere gli oggetti di Excel.","robots":{"index":"index","follow":"follow","max-snippet":"max-snippet:-1","max-image-preview":"max-image-preview:large","max-video-preview":"max-video-preview:-1"},"canonical":"https:\/\/exceladvisor.org\/it\/oggetti\/","og_locale":"it_IT","og_type":"article","og_title":"\u25b7 Oggetti VBA: La guida illustrata 2023 - Excel Advisor","og_description":"Visual Basic for Applications \u00e8 un linguaggio orientato agli oggetti e per trarne il massimo \u00e8 necessario comprendere gli oggetti di Excel.","og_url":"https:\/\/exceladvisor.org\/it\/oggetti\/","og_site_name":"Excel Advisor","article_modified_time":"2023-12-10T06:28:11+00:00","og_image":[{"url":"https:\/\/exceladvisor.org\/wp-content\/uploads\/2023\/08\/1-comprendre-les-objets-Excel.jpg","type":"","width":"","height":""}],"twitter_card":"summary_large_image","twitter_misc":{"Tempo di lettura stimato":"3 minuti"},"schema":{"@context":"https:\/\/schema.org","@graph":[{"@type":"WebPage","@id":"https:\/\/exceladvisor.org\/it\/oggetti\/","url":"https:\/\/exceladvisor.org\/it\/oggetti\/","name":"\u25b7 Oggetti VBA: La guida illustrata 2023 - Excel Advisor","isPartOf":{"@id":"https:\/\/exceladvisor.org\/it\/#website"},"primaryImageOfPage":{"@id":"https:\/\/exceladvisor.org\/it\/oggetti\/#primaryimage"},"image":{"@id":"https:\/\/exceladvisor.org\/it\/oggetti\/#primaryimage"},"thumbnailUrl":"https:\/\/exceladvisor.org\/wp-content\/uploads\/2023\/08\/1-comprendre-les-objets-Excel.jpg","datePublished":"2023-09-29T03:25:56+00:00","dateModified":"2023-12-10T06:28:11+00:00","description":"Visual Basic for Applications \u00e8 un linguaggio orientato agli oggetti e per trarne il massimo \u00e8 necessario comprendere gli oggetti di Excel.","breadcrumb":{"@id":"https:\/\/exceladvisor.org\/it\/oggetti\/#breadcrumb"},"inLanguage":"it-IT","potentialAction":[{"@type":"ReadAction","target":["https:\/\/exceladvisor.org\/it\/oggetti\/"]}]},{"@type":"ImageObject","inLanguage":"it-IT","@id":"https:\/\/exceladvisor.org\/it\/oggetti\/#primaryimage","url":"https:\/\/exceladvisor.org\/wp-content\/uploads\/2023\/08\/1-comprendre-les-objets-Excel.jpg","contentUrl":"https:\/\/exceladvisor.org\/wp-content\/uploads\/2023\/08\/1-comprendre-les-objets-Excel.jpg"},{"@type":"BreadcrumbList","@id":"https:\/\/exceladvisor.org\/it\/oggetti\/#breadcrumb","itemListElement":[{"@type":"ListItem","position":1,"name":"Home","item":"https:\/\/exceladvisor.org\/it\/"},{"@type":"ListItem","position":2,"name":"Oggetti vba: semplice spiegazione illustrata"}]},{"@type":"WebSite","@id":"https:\/\/exceladvisor.org\/it\/#website","url":"https:\/\/exceladvisor.org\/it\/","name":"Excel Advisor","description":"Tips, Tricks, and Time-Saving Hacks","publisher":{"@id":"https:\/\/exceladvisor.org\/it\/#organization"},"potentialAction":[{"@type":"SearchAction","target":{"@type":"EntryPoint","urlTemplate":"https:\/\/exceladvisor.org\/it\/?s={search_term_string}"},"query-input":{"@type":"PropertyValueSpecification","valueRequired":true,"valueName":"search_term_string"}}],"inLanguage":"it-IT"},{"@type":"Organization","@id":"https:\/\/exceladvisor.org\/it\/#organization","name":"Excel Advisor","url":"https:\/\/exceladvisor.org\/it\/","logo":{"@type":"ImageObject","inLanguage":"it-IT","@id":"https:\/\/exceladvisor.org\/it\/#\/schema\/logo\/image\/","url":"https:\/\/exceladvisor.org\/it\/wp-content\/uploads\/2023\/12\/exceladvisor.org_.png","contentUrl":"https:\/\/exceladvisor.org\/it\/wp-content\/uploads\/2023\/12\/exceladvisor.org_.png","width":105,"height":36,"caption":"Excel Advisor"},"image":{"@id":"https:\/\/exceladvisor.org\/it\/#\/schema\/logo\/image\/"}}]}},"yoast_meta":{"yoast_wpseo_title":"","yoast_wpseo_metadesc":"","yoast_wpseo_canonical":""},"_links":{"self":[{"href":"https:\/\/exceladvisor.org\/it\/wp-json\/wp\/v2\/pages\/2134","targetHints":{"allow":["GET"]}}],"collection":[{"href":"https:\/\/exceladvisor.org\/it\/wp-json\/wp\/v2\/pages"}],"about":[{"href":"https:\/\/exceladvisor.org\/it\/wp-json\/wp\/v2\/types\/page"}],"author":[{"embeddable":true,"href":"https:\/\/exceladvisor.org\/it\/wp-json\/wp\/v2\/users\/1"}],"replies":[{"embeddable":true,"href":"https:\/\/exceladvisor.org\/it\/wp-json\/wp\/v2\/comments?post=2134"}],"version-history":[{"count":1,"href":"https:\/\/exceladvisor.org\/it\/wp-json\/wp\/v2\/pages\/2134\/revisions"}],"predecessor-version":[{"id":2935,"href":"https:\/\/exceladvisor.org\/it\/wp-json\/wp\/v2\/pages\/2134\/revisions\/2935"}],"wp:attachment":[{"href":"https:\/\/exceladvisor.org\/it\/wp-json\/wp\/v2\/media?parent=2134"}],"curies":[{"name":"wp","href":"https:\/\/api.w.org\/{rel}","templated":true}]}}