{"id":2135,"date":"2023-09-29T02:43:45","date_gmt":"2023-09-29T02:43:45","guid":{"rendered":"https:\/\/exceladvisor.org\/it\/debole\/"},"modified":"2023-12-10T06:26:18","modified_gmt":"2023-12-10T06:26:18","slug":"debole","status":"publish","type":"page","link":"https:\/\/exceladvisor.org\/it\/debole\/","title":{"rendered":"Come utilizzare dim in vba in excel?"},"content":{"rendered":"<div class=\"excel-prima-del-contenuto\" id=\"excel-1262940365\"><script type=\"text\/javascript\">\r\n\tatOptions = {\r\n\t\t'key' : 'c1158f160081d6540a8409e6925dab94',\r\n\t\t'format' : 'iframe',\r\n\t\t'height' : 250,\r\n\t\t'width' : 300,\r\n\t\t'params' : {}\r\n\t};\r\n<\/script>\r\n<script type=\"text\/javascript\" src=\"\/\/www.highperformanceformat.com\/c1158f160081d6540a8409e6925dab94\/invoke.js\"><\/script><\/div> <h2 class=\"wp-block-heading\">Cos&#8217;\u00e8 la dichiarazione VBA DIM?<\/h2><p> L&#8217;istruzione VBA DIM significa &#8220;dichiarare&#8221; che dovresti usare quando devi dichiarare una variabile. Quando lo usi, dice a VBA che stai dichiarando un nome specifico come variabile assegnandogli un tipo di dati specifico. Pu\u00f2 essere utilizzato per dichiarare quanto segue:<\/p><ul><li> Variabili di base<\/li><li> Varianti<\/li><li> <a href=\"https:\/\/exceladvisor.org\/it\/oggetti\/\">Oggetti<\/a><\/li><li> Distribuire<\/li><\/ul><h2 class=\"wp-block-heading\"> Utilizzare l&#8217;istruzione DIM in VBA<\/h2><ol type=\"1\"><li> Digita la parola chiave &#8220;Dim&#8221; all&#8217;inizio.<\/li><li> Successivamente, inserisci il nome della variabile che desideri utilizzare.<\/li><li> Quindi devi usare la parola &#8220;mi piace&#8221; e otterrai un elenco istantaneo di <a href=\"https:\/\/exceladvisor.org\/it\/variabili\/\">tipi di dati<\/a> .<\/li><li> Alla fine, scegli il tipo di dati che vuoi assegnare alla variabile. <\/li><\/ol><div class=\"wp-block-image\"><figure class=\"aligncenter size-large is-resized\"><img loading=\"lazy\" decoding=\"async\" class=\"wp-image-55786\" src=\"https:\/\/exceladvisor.org\/wp-content\/uploads\/2023\/08\/1-instruction-dim-en-vba.png\" sizes=\"auto, \" srcset=\"\" alt=\"dim-istruzione-in-vba\" width=\"490\" height=\"380\"><\/figure><\/div><p> Come ho detto, quando dichiari una variabile, devi assegnarle un tipo di dati. Vedere l&#8217;istantanea seguente. <\/p><div class=\"wp-block-image\"><figure class=\"aligncenter size-large is-resized\"><img loading=\"lazy\" decoding=\"async\" class=\"wp-image-55787\" src=\"https:\/\/exceladvisor.org\/wp-content\/uploads\/2023\/08\/2-attribuer-un-type-de-donnees.png\" sizes=\"auto, \" srcset=\"\" alt=\"\" width=\"491\" height=\"384\"><\/figure><\/div><h2 class=\"wp-block-heading\"> Dichiarare pi\u00f9 variabili con una singola istruzione Dim<\/h2><p> Quando \u00e8 necessario dichiarare pi\u00f9 variabili, \u00e8 possibile farlo utilizzando l&#8217;istruzione Dim una sola volta. Considera il seguente esempio. <\/p><div class=\"wp-block-image\"><figure class=\"aligncenter size-large is-resized\"><img loading=\"lazy\" decoding=\"async\" class=\"wp-image-55788\" src=\"https:\/\/exceladvisor.org\/wp-content\/uploads\/2023\/08\/3-variables-multiples-avec-une-instruction-dim.png\" sizes=\"auto, \" srcset=\"\" alt=\"\" width=\"568\" height=\"367\"><\/figure><\/div><h2 class=\"wp-block-heading\"> Utilizzando l&#8217;opzione esplicita<\/h2><p> Si consiglia vivamente di dichiarare tutte le variabili che migliorano le prestazioni del codice e ne aumentano anche l&#8217;efficienza. Ma se salti la dichiarazione di una variabile e poi la usi in del codice, VBA prender\u00e0 quella variabile come variante.<\/p><p> Il modo migliore per non perdere mai la dichiarazione di una variabile \u00e8 utilizzare l&#8217;istruzione Option Explicit che ti obbliga a dichiarare una variabile e visualizza un errore ogni volta che la perdi. <\/p><div class=\"wp-block-image\"><figure class=\"aligncenter size-large is-resized\"><img loading=\"lazy\" decoding=\"async\" class=\"wp-image-55789\" src=\"https:\/\/exceladvisor.org\/wp-content\/uploads\/2023\/08\/4-en-utilisant-loption-explicite.png\" sizes=\"auto, \" srcset=\"\" alt=\"\" width=\"520\" height=\"325\"><\/figure><\/div><h2 class=\"wp-block-heading\"> Istruzioni dim con tabelle<\/h2><p> Dovresti anche usare l&#8217;istruzione DIM quando devi dichiarare un array. Considera il seguente esempio che ho condiviso. <\/p><div class=\"wp-block-image\"><figure class=\"aligncenter size-large is-resized\"><img loading=\"lazy\" decoding=\"async\" class=\"wp-image-55790\" src=\"https:\/\/exceladvisor.org\/wp-content\/uploads\/2023\/08\/Instruction-5-dim-avec-tableaux.png\" sizes=\"auto, \" srcset=\"\" alt=\"\" width=\"469\" height=\"388\"><\/figure><\/div><p> Nell&#8217;esempio sopra, hai due <a href=\"https:\/\/exceladvisor.org\/it\/dipinti\/\">array<\/a> dichiarati con l&#8217;istruzione dim.<\/p><p> Nel primo array hai tre elementi e nel secondo non viene dichiarato alcun elemento. <strong>Ecco il momento<\/strong> in cui \u00e8 necessario dichiarare un array, \u00e8 necessario utilizzare le parentesi per dichiarare gli elementi dell&#8217;array e le parentesi vuote se si desidera un <a href=\"https:\/\/exceladvisor.org\/it\/tabella-dinamica\/\">array dinamico<\/a> .<\/p><h2 class=\"wp-block-heading\"> Utilizza DIM con oggetti Excel<\/h2><p> \u00c8 inoltre possibile fare riferimento a un <a href=\"https:\/\/exceladvisor.org\/it\/oggetti\/\">oggetto<\/a> utilizzando l&#8217;istruzione DIM. Supponiamo che tu voglia contare i fogli in una cartella di lavoro, puoi dichiarare questo oggetto e contare il foglio di lavoro da esso. <\/p><div class=\"wp-block-image\"><figure class=\"aligncenter size-large is-resized\"><img loading=\"lazy\" decoding=\"async\" class=\"wp-image-55791\" src=\"https:\/\/exceladvisor.org\/wp-content\/uploads\/2023\/08\/6-dim-avec-des-objets-excel.png\" sizes=\"auto, \" srcset=\"\" alt=\"\" width=\"671\" height=\"416\"><\/figure><\/div><p> Nell&#8217;esempio precedente, hai dichiarato wb come <a href=\"https:\/\/exceladvisor.org\/it\/raccoglitore\/\">cartella di lavoro<\/a> e quindi hai definito la cartella di lavoro &#8220;book1&#8221; da utilizzare successivamente nel codice.<\/p><h2 class=\"wp-block-heading\"> Dove inserire la dichiarazione Dim?<\/h2><p> Puoi dichiarare una variabile utilizzando l&#8217;istruzione DIM ovunque nel codice, ma assicurati di dichiararla prima di utilizzarla. Quindi diciamo che ti riferisci a una variabile sulla riga 2 del codice e hai usato Dim sulla riga 3 per dichiarare, beh, otterrai un errore. <\/p><div class=\"wp-block-image\"><figure class=\"aligncenter size-large is-resized\"><img loading=\"lazy\" decoding=\"async\" class=\"wp-image-55792\" src=\"https:\/\/exceladvisor.org\/wp-content\/uploads\/2023\/08\/7-declarer-une-variable-en-utilisant-dim.png\" sizes=\"auto, \" srcset=\"\" alt=\"\" width=\"595\" height=\"399\"><\/figure><\/div><p> Quindi assicurati di dichiarare una variabile prima di usarla. <\/p><div class=\"wp-block-image\"><figure class=\"aligncenter size-large is-resized\"><img loading=\"lazy\" decoding=\"async\" class=\"wp-image-55793\" src=\"https:\/\/exceladvisor.org\/wp-content\/uploads\/2023\/08\/8-declarer-une-variable-avant-de-lutiliser.png\" sizes=\"auto, \" srcset=\"\" alt=\"\" width=\"612\" height=\"387\"><\/figure><\/div><div class=\"gb-container gb-container-4db6181c gb-container-mt\"> <a class=\"gb-button gb-button-c5897111 gb-button-text gb-button-mt-button\" href=\"https:\/\/exceladvisor.org\/it\/vba\/\">Cos&#8217;\u00e8 VBA<\/a><h2 class=\"gb-headline gb-headline-665e5f6b gb-headline-text gb-headline-mt-heading\"> Tutorial correlati <\/h2><div class=\"gb-grid-wrapper gb-grid-wrapper-a20baf7c gb-grid-wrapper-mt-grid\"><div class=\"gb-grid-column gb-grid-column-65ddf67e\"><div class=\"gb-container gb-container-65ddf67e\"><ul><li> <a href=\"https:\/\/exceladvisor.org\/it\/variabile-globale\/\">Dichiarare una variabile globale (pubblica) in VBA<\/a><\/li><li> <a href=\"https:\/\/exceladvisor.org\/it\/intervallo-variabile\/\">Utilizza un intervallo o una cella come variabile in VBA<\/a><\/li><li> <a href=\"https:\/\/exceladvisor.org\/it\/opzione-esplicita-2\/\">Dichiarazione di opzioni esplicite in VBA<\/a><\/li><li> <a href=\"https:\/\/exceladvisor.org\/it\/finestra-di-messaggio-variabile\/\">Variabile in una finestra di messaggio<\/a><\/li><li> <a href=\"https:\/\/exceladvisor.org\/it\/variabili\/\">Variabili VBA (dichiarazione, tipi di dati e ambito)<\/a><\/li><\/ul><\/div><\/div><\/div><\/div>","protected":false},"excerpt":{"rendered":"","protected":false},"author":1,"featured_media":0,"parent":0,"menu_order":0,"comment_status":"open","ping_status":"closed","template":"","meta":{"ub_ctt_via":"","footnotes":""},"class_list":["post-2135","page","type-page","status-publish","hentry"],"featured_image_src":null,"yoast_head":"<!-- This site is optimized with the Yoast SEO plugin v25.4 - https:\/\/yoast.com\/wordpress\/plugins\/seo\/ -->\n<title>Come utilizzare Dim in VBA in Excel? (Tutorial 2023)<\/title>\n<meta name=\"description\" content=\"\u00e8 necessario utilizzare l&#039;istruzione dim per dichiarare una variabile e il relativo tipo di dati durante la scrittura del codice VBA.\" \/>\n<meta name=\"robots\" content=\"index, follow, max-snippet:-1, max-image-preview:large, max-video-preview:-1\" \/>\n<link rel=\"canonical\" href=\"https:\/\/exceladvisor.org\/it\/debole\/\" \/>\n<meta property=\"og:locale\" content=\"it_IT\" \/>\n<meta property=\"og:type\" content=\"article\" \/>\n<meta property=\"og:title\" content=\"Come utilizzare Dim in VBA in Excel? (Tutorial 2023)\" \/>\n<meta property=\"og:description\" content=\"\u00e8 necessario utilizzare l&#039;istruzione dim per dichiarare una variabile e il relativo tipo di dati durante la scrittura del codice VBA.\" \/>\n<meta property=\"og:url\" content=\"https:\/\/exceladvisor.org\/it\/debole\/\" \/>\n<meta property=\"og:site_name\" content=\"Excel Advisor\" \/>\n<meta property=\"article:modified_time\" content=\"2023-12-10T06:26:18+00:00\" \/>\n<meta property=\"og:image\" content=\"https:\/\/exceladvisor.org\/wp-content\/uploads\/2023\/08\/1-instruction-dim-en-vba.png\" \/>\n<meta name=\"twitter:card\" content=\"summary_large_image\" \/>\n<meta name=\"twitter:label1\" content=\"Tempo di lettura stimato\" \/>\n\t<meta name=\"twitter:data1\" content=\"2 minuti\" \/>\n<script type=\"application\/ld+json\" class=\"yoast-schema-graph\">{\"@context\":\"https:\/\/schema.org\",\"@graph\":[{\"@type\":\"WebPage\",\"@id\":\"https:\/\/exceladvisor.org\/it\/debole\/\",\"url\":\"https:\/\/exceladvisor.org\/it\/debole\/\",\"name\":\"Come utilizzare Dim in VBA in Excel? (Tutorial 2023)\",\"isPartOf\":{\"@id\":\"https:\/\/exceladvisor.org\/it\/#website\"},\"primaryImageOfPage\":{\"@id\":\"https:\/\/exceladvisor.org\/it\/debole\/#primaryimage\"},\"image\":{\"@id\":\"https:\/\/exceladvisor.org\/it\/debole\/#primaryimage\"},\"thumbnailUrl\":\"https:\/\/exceladvisor.org\/wp-content\/uploads\/2023\/08\/1-instruction-dim-en-vba.png\",\"datePublished\":\"2023-09-29T02:43:45+00:00\",\"dateModified\":\"2023-12-10T06:26:18+00:00\",\"description\":\"\u00e8 necessario utilizzare l&#39;istruzione dim per dichiarare una variabile e il relativo tipo di dati durante la scrittura del codice VBA.\",\"breadcrumb\":{\"@id\":\"https:\/\/exceladvisor.org\/it\/debole\/#breadcrumb\"},\"inLanguage\":\"it-IT\",\"potentialAction\":[{\"@type\":\"ReadAction\",\"target\":[\"https:\/\/exceladvisor.org\/it\/debole\/\"]}]},{\"@type\":\"ImageObject\",\"inLanguage\":\"it-IT\",\"@id\":\"https:\/\/exceladvisor.org\/it\/debole\/#primaryimage\",\"url\":\"https:\/\/exceladvisor.org\/wp-content\/uploads\/2023\/08\/1-instruction-dim-en-vba.png\",\"contentUrl\":\"https:\/\/exceladvisor.org\/wp-content\/uploads\/2023\/08\/1-instruction-dim-en-vba.png\"},{\"@type\":\"BreadcrumbList\",\"@id\":\"https:\/\/exceladvisor.org\/it\/debole\/#breadcrumb\",\"itemListElement\":[{\"@type\":\"ListItem\",\"position\":1,\"name\":\"Home\",\"item\":\"https:\/\/exceladvisor.org\/it\/\"},{\"@type\":\"ListItem\",\"position\":2,\"name\":\"Come utilizzare dim in vba in excel?\"}]},{\"@type\":\"WebSite\",\"@id\":\"https:\/\/exceladvisor.org\/it\/#website\",\"url\":\"https:\/\/exceladvisor.org\/it\/\",\"name\":\"Excel Advisor\",\"description\":\"Tips, Tricks, and Time-Saving Hacks\",\"publisher\":{\"@id\":\"https:\/\/exceladvisor.org\/it\/#organization\"},\"potentialAction\":[{\"@type\":\"SearchAction\",\"target\":{\"@type\":\"EntryPoint\",\"urlTemplate\":\"https:\/\/exceladvisor.org\/it\/?s={search_term_string}\"},\"query-input\":{\"@type\":\"PropertyValueSpecification\",\"valueRequired\":true,\"valueName\":\"search_term_string\"}}],\"inLanguage\":\"it-IT\"},{\"@type\":\"Organization\",\"@id\":\"https:\/\/exceladvisor.org\/it\/#organization\",\"name\":\"Excel Advisor\",\"url\":\"https:\/\/exceladvisor.org\/it\/\",\"logo\":{\"@type\":\"ImageObject\",\"inLanguage\":\"it-IT\",\"@id\":\"https:\/\/exceladvisor.org\/it\/#\/schema\/logo\/image\/\",\"url\":\"https:\/\/exceladvisor.org\/it\/wp-content\/uploads\/2023\/12\/exceladvisor.org_.png\",\"contentUrl\":\"https:\/\/exceladvisor.org\/it\/wp-content\/uploads\/2023\/12\/exceladvisor.org_.png\",\"width\":105,\"height\":36,\"caption\":\"Excel Advisor\"},\"image\":{\"@id\":\"https:\/\/exceladvisor.org\/it\/#\/schema\/logo\/image\/\"}}]}<\/script>\n<!-- \/ Yoast SEO plugin. -->","yoast_head_json":{"title":"Come utilizzare Dim in VBA in Excel? (Tutorial 2023)","description":"\u00e8 necessario utilizzare l&#39;istruzione dim per dichiarare una variabile e il relativo tipo di dati durante la scrittura del codice VBA.","robots":{"index":"index","follow":"follow","max-snippet":"max-snippet:-1","max-image-preview":"max-image-preview:large","max-video-preview":"max-video-preview:-1"},"canonical":"https:\/\/exceladvisor.org\/it\/debole\/","og_locale":"it_IT","og_type":"article","og_title":"Come utilizzare Dim in VBA in Excel? (Tutorial 2023)","og_description":"\u00e8 necessario utilizzare l&#39;istruzione dim per dichiarare una variabile e il relativo tipo di dati durante la scrittura del codice VBA.","og_url":"https:\/\/exceladvisor.org\/it\/debole\/","og_site_name":"Excel Advisor","article_modified_time":"2023-12-10T06:26:18+00:00","og_image":[{"url":"https:\/\/exceladvisor.org\/wp-content\/uploads\/2023\/08\/1-instruction-dim-en-vba.png","type":"","width":"","height":""}],"twitter_card":"summary_large_image","twitter_misc":{"Tempo di lettura stimato":"2 minuti"},"schema":{"@context":"https:\/\/schema.org","@graph":[{"@type":"WebPage","@id":"https:\/\/exceladvisor.org\/it\/debole\/","url":"https:\/\/exceladvisor.org\/it\/debole\/","name":"Come utilizzare Dim in VBA in Excel? (Tutorial 2023)","isPartOf":{"@id":"https:\/\/exceladvisor.org\/it\/#website"},"primaryImageOfPage":{"@id":"https:\/\/exceladvisor.org\/it\/debole\/#primaryimage"},"image":{"@id":"https:\/\/exceladvisor.org\/it\/debole\/#primaryimage"},"thumbnailUrl":"https:\/\/exceladvisor.org\/wp-content\/uploads\/2023\/08\/1-instruction-dim-en-vba.png","datePublished":"2023-09-29T02:43:45+00:00","dateModified":"2023-12-10T06:26:18+00:00","description":"\u00e8 necessario utilizzare l&#39;istruzione dim per dichiarare una variabile e il relativo tipo di dati durante la scrittura del codice VBA.","breadcrumb":{"@id":"https:\/\/exceladvisor.org\/it\/debole\/#breadcrumb"},"inLanguage":"it-IT","potentialAction":[{"@type":"ReadAction","target":["https:\/\/exceladvisor.org\/it\/debole\/"]}]},{"@type":"ImageObject","inLanguage":"it-IT","@id":"https:\/\/exceladvisor.org\/it\/debole\/#primaryimage","url":"https:\/\/exceladvisor.org\/wp-content\/uploads\/2023\/08\/1-instruction-dim-en-vba.png","contentUrl":"https:\/\/exceladvisor.org\/wp-content\/uploads\/2023\/08\/1-instruction-dim-en-vba.png"},{"@type":"BreadcrumbList","@id":"https:\/\/exceladvisor.org\/it\/debole\/#breadcrumb","itemListElement":[{"@type":"ListItem","position":1,"name":"Home","item":"https:\/\/exceladvisor.org\/it\/"},{"@type":"ListItem","position":2,"name":"Come utilizzare dim in vba in excel?"}]},{"@type":"WebSite","@id":"https:\/\/exceladvisor.org\/it\/#website","url":"https:\/\/exceladvisor.org\/it\/","name":"Excel Advisor","description":"Tips, Tricks, and Time-Saving Hacks","publisher":{"@id":"https:\/\/exceladvisor.org\/it\/#organization"},"potentialAction":[{"@type":"SearchAction","target":{"@type":"EntryPoint","urlTemplate":"https:\/\/exceladvisor.org\/it\/?s={search_term_string}"},"query-input":{"@type":"PropertyValueSpecification","valueRequired":true,"valueName":"search_term_string"}}],"inLanguage":"it-IT"},{"@type":"Organization","@id":"https:\/\/exceladvisor.org\/it\/#organization","name":"Excel Advisor","url":"https:\/\/exceladvisor.org\/it\/","logo":{"@type":"ImageObject","inLanguage":"it-IT","@id":"https:\/\/exceladvisor.org\/it\/#\/schema\/logo\/image\/","url":"https:\/\/exceladvisor.org\/it\/wp-content\/uploads\/2023\/12\/exceladvisor.org_.png","contentUrl":"https:\/\/exceladvisor.org\/it\/wp-content\/uploads\/2023\/12\/exceladvisor.org_.png","width":105,"height":36,"caption":"Excel Advisor"},"image":{"@id":"https:\/\/exceladvisor.org\/it\/#\/schema\/logo\/image\/"}}]}},"yoast_meta":{"yoast_wpseo_title":"","yoast_wpseo_metadesc":"","yoast_wpseo_canonical":""},"_links":{"self":[{"href":"https:\/\/exceladvisor.org\/it\/wp-json\/wp\/v2\/pages\/2135","targetHints":{"allow":["GET"]}}],"collection":[{"href":"https:\/\/exceladvisor.org\/it\/wp-json\/wp\/v2\/pages"}],"about":[{"href":"https:\/\/exceladvisor.org\/it\/wp-json\/wp\/v2\/types\/page"}],"author":[{"embeddable":true,"href":"https:\/\/exceladvisor.org\/it\/wp-json\/wp\/v2\/users\/1"}],"replies":[{"embeddable":true,"href":"https:\/\/exceladvisor.org\/it\/wp-json\/wp\/v2\/comments?post=2135"}],"version-history":[{"count":1,"href":"https:\/\/exceladvisor.org\/it\/wp-json\/wp\/v2\/pages\/2135\/revisions"}],"predecessor-version":[{"id":2777,"href":"https:\/\/exceladvisor.org\/it\/wp-json\/wp\/v2\/pages\/2135\/revisions\/2777"}],"wp:attachment":[{"href":"https:\/\/exceladvisor.org\/it\/wp-json\/wp\/v2\/media?parent=2135"}],"curies":[{"name":"wp","href":"https:\/\/api.w.org\/{rel}","templated":true}]}}