{"id":2137,"date":"2023-09-29T01:54:15","date_gmt":"2023-09-29T01:54:15","guid":{"rendered":"https:\/\/exceladvisor.org\/it\/catena-1\/"},"modified":"2023-12-10T06:26:57","modified_gmt":"2023-12-10T06:26:57","slug":"catena-1","status":"publish","type":"page","link":"https:\/\/exceladvisor.org\/it\/catena-1\/","title":{"rendered":"Come utilizzare vba per concatenare stringhe?"},"content":{"rendered":"<div class=\"excel-prima-del-contenuto\" id=\"excel-2774469745\"><script type=\"text\/javascript\">\r\n\tatOptions = {\r\n\t\t'key' : 'c1158f160081d6540a8409e6925dab94',\r\n\t\t'format' : 'iframe',\r\n\t\t'height' : 250,\r\n\t\t'width' : 300,\r\n\t\t'params' : {}\r\n\t};\r\n<\/script>\r\n<script type=\"text\/javascript\" src=\"\/\/www.highperformanceformat.com\/c1158f160081d6540a8409e6925dab94\/invoke.js\"><\/script><\/div> <p>Per concatenare due stringhe utilizzando il codice VBA, \u00e8 necessario utilizzare la e commerciale. \u00c8 possibile utilizzare una e commerciale tra due stringhe per combinarle, quindi assegnare questo nuovo valore a una cella, variabile o finestra di messaggio. Allo stesso modo, puoi anche concatenare pi\u00f9 di due valori.<\/p><p> Successivamente vedremo un semplice esempio per capirlo.<\/p><h2 class=\"wp-block-heading\"> Passaggi per utilizzare VBA per concatenare<\/h2><ol type=\"1\"><li> Per prima cosa inserisci la prima stringa usando le virgolette doppie.<\/li><li> Successivamente, digita una e commerciale.<\/li><li> Successivamente, inserisci il secondo testo utilizzando le virgolette doppie.<\/li><li> Alla fine, assegna questo valore a una cella o variabile o utilizza una finestra di messaggio per vederlo.<\/li><\/ol><pre class=\"wp-block-code\"> <code class=\"language-visual-basic\" lang=\"visual-basic\">Sub vba_concatenate() Range(\"A1\") = \"Mike\" &amp; \"Ross\" End Sub<\/code><\/pre><h2 class=\"wp-block-heading\"> Concatenare con un delimitatore<\/h2><p> Puoi anche utilizzare un delimitatore tra due stringhe semplicemente aggiungendo una terza ampsand. Considera il seguente codice.<\/p><pre class=\"wp-block-code\"> <code class=\"language-visual-basic\" lang=\"visual-basic\">Range(\"A1\") = \"Mike\" &amp; \"-\" &amp; \"Ross\"<\/code><\/pre><p> Nel codice sopra, hai utilizzato un delimitatore in due stringhe e le hai unite utilizzando solo la e commerciale. Quindi, in pratica, ogni volta che devi racchiudere qualcosa, devi usare una e commerciale al suo interno.<\/p><h2 class=\"wp-block-heading\"> Concatena utilizzando le variabili<\/h2><p> Puoi anche memorizzare valori in variabili e quindi concatenare i valori di queste due variabili. Considera il seguente codice.<\/p><p> Nel codice sopra hai variabili dichiarate come variabili e poi hai assegnato valori a queste variabili. Alla fine abbiamo utilizzato una e commerciale per combinare le tre variabili e quindi assegnato il risultato alla cella A1.<\/p><h2 class=\"wp-block-heading\"> Concatena un intervallo utilizzando VBA<\/h2><p> Puoi anche concatenare valori da un intervallo di celle utilizzando VBA. Considera la seguente macro.<\/p><pre class=\"wp-block-code\"> <code class=\"language-visual-basic\" lang=\"visual-basic\">Sub vba_concatenate() Dim rng As Range Dim i As String Dim SourceRange As Range Set SourceRange = Range(\"A1:A10\") For Each rng In SourceRange i = i &amp; rng &amp; \" \" Next rng Range(\"B1\").Value = Trim(i) End Sub<\/code><\/pre><p> Nel codice sopra, hai utilizzato <a href=\"https:\/\/exceladvisor.org\/it\/per-il-ciclo\/\">FOR NEXT (For Loops)<\/a> per scorrere l&#8217;intervallo che desideri concatenare.<\/p><p> Quindi va in ciascuna cella nell&#8217;intervallo (A1: A10) memorizza quel valore nella variabile I e utilizza una e commerciale per concatenare un valore in ogni iterazione. Alla fine, imposta il canale combinato sulla gamma B1.<\/p><p> E il codice seguente concatena i valori dell&#8217;intervallo selezionato. Tutto quello che devi fare \u00e8 selezionare un intervallo e quindi eseguire il codice.<\/p><pre class=\"wp-block-code\" title=\"\"> <code class=\"language-visual-basic\" lang=\"visual-basic\">Dim rng As Range Dim i As String For Each rng In Selection i = i &amp; rng &amp; \" \" Next rng Range(\"B1\").Value = Trim(i)<\/code><\/pre><h2 class=\"wp-block-heading\"> Concatena un&#8217;intera colonna o riga<\/h2><p> Se vuoi concatenare un&#8217;intera colonna o riga, in tal caso \u00e8 meglio non utilizzare il metodo loop. \u00c8 possibile utilizzare la funzione del foglio di lavoro &#8220;TextJoin&#8221; che pu\u00f2 unire un&#8217;intera riga o colonna (considerare il seguente codice).<\/p><pre class=\"wp-block-code\"> <code class=\"language-visual-basic\" lang=\"visual-basic\">'join values from column A. Dim myRange As Range Dim myString As String Range(\"B1\") = WorksheetFunction.TextJoin(\" \", True, Range(\"A:A\")) 'join values from row 1. Dim myRange As Range Dim myString As String Range(\"B1\") = WorksheetFunction.TextJoin(\" \", True, Range(\"1:1\"))<\/code><\/pre><div class=\"gb-container gb-container-4db6181c gb-container-mt\"> <a class=\"gb-button gb-button-c5897111 gb-button-text gb-button-mt-button\" href=\"https:\/\/exceladvisor.org\/it\/vba\/\">Cos&#8217;\u00e8 VBA<\/a><h2 class=\"gb-headline gb-headline-665e5f6b gb-headline-text gb-headline-mt-heading\"> Tutorial correlati <\/h2><div class=\"gb-grid-wrapper gb-grid-wrapper-a20baf7c gb-grid-wrapper-mt-grid\"><div class=\"gb-grid-column gb-grid-column-65ddf67e\"><div class=\"gb-container gb-container-65ddf67e\"><ul><li> <a href=\"https:\/\/exceladvisor.org\/it\/media-2\/\">Valori medi in Excel con VBA<\/a><\/li><li> <a href=\"https:\/\/exceladvisor.org\/it\/data-odierna-ora-corrente\/\">Ottieni la data e l&#8217;ora attuali utilizzando VBA<\/a><\/li><li> <a href=\"https:\/\/exceladvisor.org\/it\/somma-1\/\">Somma i valori in Excel utilizzando VBA<\/a><\/li><li> <a href=\"https:\/\/exceladvisor.org\/it\/partita-2\/\">Funzione di corrispondenza in VBA<\/a><\/li><li> <a href=\"https:\/\/exceladvisor.org\/it\/modalita-1\/\">MOD in VBA<\/a> <\/li><\/ul><\/div><\/div><div class=\"gb-grid-column gb-grid-column-50067b57\"><div class=\"gb-container gb-container-50067b57\"><\/div><\/div><\/div><\/div>","protected":false},"excerpt":{"rendered":"","protected":false},"author":1,"featured_media":0,"parent":0,"menu_order":0,"comment_status":"open","ping_status":"closed","template":"","meta":{"ub_ctt_via":"","footnotes":""},"class_list":["post-2137","page","type-page","status-publish","hentry"],"featured_image_src":null,"yoast_head":"<!-- This site is optimized with the Yoast SEO plugin v25.4 - https:\/\/yoast.com\/wordpress\/plugins\/seo\/ -->\n<title>\u25b7 Come utilizzare VBA per concatenare stringhe?<\/title>\n<meta name=\"description\" content=\"Per concatenare due stringhe utilizzando il codice VBA, \u00e8 necessario utilizzare la e commerciale. Puoi usare una e commerciale tra due\" \/>\n<meta name=\"robots\" content=\"index, follow, max-snippet:-1, max-image-preview:large, max-video-preview:-1\" \/>\n<link rel=\"canonical\" href=\"https:\/\/exceladvisor.org\/it\/catena-1\/\" \/>\n<meta property=\"og:locale\" content=\"it_IT\" \/>\n<meta property=\"og:type\" content=\"article\" \/>\n<meta property=\"og:title\" content=\"\u25b7 Come utilizzare VBA per concatenare stringhe?\" \/>\n<meta property=\"og:description\" content=\"Per concatenare due stringhe utilizzando il codice VBA, \u00e8 necessario utilizzare la e commerciale. Puoi usare una e commerciale tra due\" \/>\n<meta property=\"og:url\" content=\"https:\/\/exceladvisor.org\/it\/catena-1\/\" \/>\n<meta property=\"og:site_name\" content=\"Excel Advisor\" \/>\n<meta property=\"article:modified_time\" content=\"2023-12-10T06:26:57+00:00\" \/>\n<meta name=\"twitter:card\" content=\"summary_large_image\" \/>\n<meta name=\"twitter:label1\" content=\"Tempo di lettura stimato\" \/>\n\t<meta name=\"twitter:data1\" content=\"3 minuti\" \/>\n<script type=\"application\/ld+json\" class=\"yoast-schema-graph\">{\"@context\":\"https:\/\/schema.org\",\"@graph\":[{\"@type\":\"WebPage\",\"@id\":\"https:\/\/exceladvisor.org\/it\/catena-1\/\",\"url\":\"https:\/\/exceladvisor.org\/it\/catena-1\/\",\"name\":\"\u25b7 Come utilizzare VBA per concatenare stringhe?\",\"isPartOf\":{\"@id\":\"https:\/\/exceladvisor.org\/it\/#website\"},\"datePublished\":\"2023-09-29T01:54:15+00:00\",\"dateModified\":\"2023-12-10T06:26:57+00:00\",\"description\":\"Per concatenare due stringhe utilizzando il codice VBA, \u00e8 necessario utilizzare la e commerciale. Puoi usare una e commerciale tra due\",\"breadcrumb\":{\"@id\":\"https:\/\/exceladvisor.org\/it\/catena-1\/#breadcrumb\"},\"inLanguage\":\"it-IT\",\"potentialAction\":[{\"@type\":\"ReadAction\",\"target\":[\"https:\/\/exceladvisor.org\/it\/catena-1\/\"]}]},{\"@type\":\"BreadcrumbList\",\"@id\":\"https:\/\/exceladvisor.org\/it\/catena-1\/#breadcrumb\",\"itemListElement\":[{\"@type\":\"ListItem\",\"position\":1,\"name\":\"Home\",\"item\":\"https:\/\/exceladvisor.org\/it\/\"},{\"@type\":\"ListItem\",\"position\":2,\"name\":\"Come utilizzare vba per concatenare stringhe?\"}]},{\"@type\":\"WebSite\",\"@id\":\"https:\/\/exceladvisor.org\/it\/#website\",\"url\":\"https:\/\/exceladvisor.org\/it\/\",\"name\":\"Excel Advisor\",\"description\":\"Tips, Tricks, and Time-Saving Hacks\",\"publisher\":{\"@id\":\"https:\/\/exceladvisor.org\/it\/#organization\"},\"potentialAction\":[{\"@type\":\"SearchAction\",\"target\":{\"@type\":\"EntryPoint\",\"urlTemplate\":\"https:\/\/exceladvisor.org\/it\/?s={search_term_string}\"},\"query-input\":{\"@type\":\"PropertyValueSpecification\",\"valueRequired\":true,\"valueName\":\"search_term_string\"}}],\"inLanguage\":\"it-IT\"},{\"@type\":\"Organization\",\"@id\":\"https:\/\/exceladvisor.org\/it\/#organization\",\"name\":\"Excel Advisor\",\"url\":\"https:\/\/exceladvisor.org\/it\/\",\"logo\":{\"@type\":\"ImageObject\",\"inLanguage\":\"it-IT\",\"@id\":\"https:\/\/exceladvisor.org\/it\/#\/schema\/logo\/image\/\",\"url\":\"https:\/\/exceladvisor.org\/it\/wp-content\/uploads\/2023\/12\/exceladvisor.org_.png\",\"contentUrl\":\"https:\/\/exceladvisor.org\/it\/wp-content\/uploads\/2023\/12\/exceladvisor.org_.png\",\"width\":105,\"height\":36,\"caption\":\"Excel Advisor\"},\"image\":{\"@id\":\"https:\/\/exceladvisor.org\/it\/#\/schema\/logo\/image\/\"}}]}<\/script>\n<!-- \/ Yoast SEO plugin. -->","yoast_head_json":{"title":"\u25b7 Come utilizzare VBA per concatenare stringhe?","description":"Per concatenare due stringhe utilizzando il codice VBA, \u00e8 necessario utilizzare la e commerciale. Puoi usare una e commerciale tra due","robots":{"index":"index","follow":"follow","max-snippet":"max-snippet:-1","max-image-preview":"max-image-preview:large","max-video-preview":"max-video-preview:-1"},"canonical":"https:\/\/exceladvisor.org\/it\/catena-1\/","og_locale":"it_IT","og_type":"article","og_title":"\u25b7 Come utilizzare VBA per concatenare stringhe?","og_description":"Per concatenare due stringhe utilizzando il codice VBA, \u00e8 necessario utilizzare la e commerciale. Puoi usare una e commerciale tra due","og_url":"https:\/\/exceladvisor.org\/it\/catena-1\/","og_site_name":"Excel Advisor","article_modified_time":"2023-12-10T06:26:57+00:00","twitter_card":"summary_large_image","twitter_misc":{"Tempo di lettura stimato":"3 minuti"},"schema":{"@context":"https:\/\/schema.org","@graph":[{"@type":"WebPage","@id":"https:\/\/exceladvisor.org\/it\/catena-1\/","url":"https:\/\/exceladvisor.org\/it\/catena-1\/","name":"\u25b7 Come utilizzare VBA per concatenare stringhe?","isPartOf":{"@id":"https:\/\/exceladvisor.org\/it\/#website"},"datePublished":"2023-09-29T01:54:15+00:00","dateModified":"2023-12-10T06:26:57+00:00","description":"Per concatenare due stringhe utilizzando il codice VBA, \u00e8 necessario utilizzare la e commerciale. Puoi usare una e commerciale tra due","breadcrumb":{"@id":"https:\/\/exceladvisor.org\/it\/catena-1\/#breadcrumb"},"inLanguage":"it-IT","potentialAction":[{"@type":"ReadAction","target":["https:\/\/exceladvisor.org\/it\/catena-1\/"]}]},{"@type":"BreadcrumbList","@id":"https:\/\/exceladvisor.org\/it\/catena-1\/#breadcrumb","itemListElement":[{"@type":"ListItem","position":1,"name":"Home","item":"https:\/\/exceladvisor.org\/it\/"},{"@type":"ListItem","position":2,"name":"Come utilizzare vba per concatenare stringhe?"}]},{"@type":"WebSite","@id":"https:\/\/exceladvisor.org\/it\/#website","url":"https:\/\/exceladvisor.org\/it\/","name":"Excel Advisor","description":"Tips, Tricks, and Time-Saving Hacks","publisher":{"@id":"https:\/\/exceladvisor.org\/it\/#organization"},"potentialAction":[{"@type":"SearchAction","target":{"@type":"EntryPoint","urlTemplate":"https:\/\/exceladvisor.org\/it\/?s={search_term_string}"},"query-input":{"@type":"PropertyValueSpecification","valueRequired":true,"valueName":"search_term_string"}}],"inLanguage":"it-IT"},{"@type":"Organization","@id":"https:\/\/exceladvisor.org\/it\/#organization","name":"Excel Advisor","url":"https:\/\/exceladvisor.org\/it\/","logo":{"@type":"ImageObject","inLanguage":"it-IT","@id":"https:\/\/exceladvisor.org\/it\/#\/schema\/logo\/image\/","url":"https:\/\/exceladvisor.org\/it\/wp-content\/uploads\/2023\/12\/exceladvisor.org_.png","contentUrl":"https:\/\/exceladvisor.org\/it\/wp-content\/uploads\/2023\/12\/exceladvisor.org_.png","width":105,"height":36,"caption":"Excel Advisor"},"image":{"@id":"https:\/\/exceladvisor.org\/it\/#\/schema\/logo\/image\/"}}]}},"yoast_meta":{"yoast_wpseo_title":"","yoast_wpseo_metadesc":"","yoast_wpseo_canonical":""},"_links":{"self":[{"href":"https:\/\/exceladvisor.org\/it\/wp-json\/wp\/v2\/pages\/2137","targetHints":{"allow":["GET"]}}],"collection":[{"href":"https:\/\/exceladvisor.org\/it\/wp-json\/wp\/v2\/pages"}],"about":[{"href":"https:\/\/exceladvisor.org\/it\/wp-json\/wp\/v2\/types\/page"}],"author":[{"embeddable":true,"href":"https:\/\/exceladvisor.org\/it\/wp-json\/wp\/v2\/users\/1"}],"replies":[{"embeddable":true,"href":"https:\/\/exceladvisor.org\/it\/wp-json\/wp\/v2\/comments?post=2137"}],"version-history":[{"count":1,"href":"https:\/\/exceladvisor.org\/it\/wp-json\/wp\/v2\/pages\/2137\/revisions"}],"predecessor-version":[{"id":2855,"href":"https:\/\/exceladvisor.org\/it\/wp-json\/wp\/v2\/pages\/2137\/revisions\/2855"}],"wp:attachment":[{"href":"https:\/\/exceladvisor.org\/it\/wp-json\/wp\/v2\/media?parent=2137"}],"curies":[{"name":"wp","href":"https:\/\/api.w.org\/{rel}","templated":true}]}}