{"id":2139,"date":"2023-09-29T01:34:04","date_gmt":"2023-09-29T01:34:04","guid":{"rendered":"https:\/\/exceladvisor.org\/it\/nido-se\/"},"modified":"2023-12-10T06:24:58","modified_gmt":"2023-12-10T06:24:58","slug":"nido-se","status":"publish","type":"page","link":"https:\/\/exceladvisor.org\/it\/nido-se\/","title":{"rendered":"Come utilizzare la funzione if nidificata di vba?"},"content":{"rendered":"<div class=\"excel-prima-del-contenuto\" id=\"excel-1829362305\"><script type=\"text\/javascript\">\r\n\tatOptions = {\r\n\t\t'key' : 'c1158f160081d6540a8409e6925dab94',\r\n\t\t'format' : 'iframe',\r\n\t\t'height' : 250,\r\n\t\t'width' : 300,\r\n\t\t'params' : {}\r\n\t};\r\n<\/script>\r\n<script type=\"text\/javascript\" src=\"\/\/www.highperformanceformat.com\/c1158f160081d6540a8409e6925dab94\/invoke.js\"><\/script><\/div> <p>In VBA \u00e8 possibile utilizzare <a href=\"https:\/\/exceladvisor.org\/it\/se-2\/\">un&#8217;istruzione IF<\/a> all&#8217;interno di un&#8217;altra istruzione IF per creare IF nidificati. In parole semplici, puoi eseguire un&#8217;istruzione di test utilizzando IF in base al risultato di un&#8217;altra istruzione IF. In questo tipo di istruzione condizionale, \u00e8 necessario testare condizioni complesse. Vediamo un esempio: <\/p><div class=\"wp-block-image\"><figure class=\"aligncenter size-large is-resized\"><img loading=\"lazy\" decoding=\"async\" class=\"wp-image-57650\" src=\"https:\/\/exceladvisor.org\/wp-content\/uploads\/2023\/08\/1-vba-imbrique-si.png\" sizes=\"auto, \" srcset=\"\" alt=\"vba-nidificato-se\" width=\"388\" height=\"438\"><\/figure><\/div><p> Nell&#8217;esempio sopra, stiamo testando due condizioni, condizione1 (1 + 1 = 2) e condizione2 (2 + 2 = 4).<\/p><p> Ma poich\u00e9 siamo l&#8217;istruzione IF all&#8217;interno dell&#8217;istruzione IF, VBA tester\u00e0 prima la prima condizione e poi passer\u00e0 alla successiva IF.<\/p><p> Nel secondo IF abbiamo una <a href=\"https:\/\/exceladvisor.org\/it\/casella-msg-vba\/\">finestra di messaggio<\/a> per mostrare se la condizione \u00e8 VERA.<\/p><pre class=\"wp-block-code\"> <code class=\"language-visual-basic\" lang=\"visual-basic\">Sub myMacro1() 'first if statement If 1 + 1 = 2 Then 'second if statement If 2 + 2 = 4 Then MsgBox True End If Else MsgBox False End If End Sub<\/code><\/pre><p> Ecco un esempio di utilizzo di pi\u00f9 IF in un IF. <\/p><div class=\"wp-block-image\"><figure class=\"aligncenter size-large is-resized\"><img loading=\"lazy\" decoding=\"async\" class=\"wp-image-57651\" src=\"https:\/\/exceladvisor.org\/wp-content\/uploads\/2023\/08\/2-exemple-pour-utiliser-plusieurs-ifs-dans-un-if.png\" sizes=\"auto, \" srcset=\"\" alt=\"\" width=\"562\" height=\"613\"><\/figure><\/div><p> C&#8217;\u00e8 una differenza tra l&#8217;esempio utilizzato in precedenza e quello riportato sopra: in questo codice abbiamo utilizzato una condizione nidificata per &#8220;Else&#8221;.<\/p><p> Se la prima condizione non \u00e8 vera, VBA passer\u00e0 a &#8220;Else&#8221; e tester\u00e0 la condizione e, se tale condizione non \u00e8 vera, passer\u00e0 a quella successiva.<\/p><p> In questo modo abbiamo un totale di quattro condizioni da testare.<\/p><pre class=\"wp-block-code\"> <code class=\"language-visual-basic\" lang=\"visual-basic\">Sub myMacro2() Dim myScore As Single: myScore = Range(\"A1\").Value If myScore &gt;= 80 Then MsgBox \"Excellent\" Else If myScore &gt;= 60 And myScore &lt; 80 Then MsgBox \"Good\" Else If myScore &gt;= 40 And myScore &lt; 60 Then MsgBox \"Average\" Else If myScore &lt; 40 Then MsgBox \"Poor\" End If End If End If End If End Sub<\/code><\/pre><p> Questa istruzione IF annidata verificher\u00e0 il punteggio della cella A1 e visualizzer\u00e0 di conseguenza una finestra di messaggio.<\/p><h2 class=\"wp-block-heading\"> IF nidificato VBA con pi\u00f9 righe (IF)<\/h2><p> Puoi anche utilizzare due IF diversi per ottenere entrambi i risultati (Vero e Falso). <\/p><div class=\"wp-block-image\"><figure class=\"aligncenter size-large is-resized\"><img loading=\"lazy\" decoding=\"async\" class=\"wp-image-57652\" src=\"https:\/\/exceladvisor.org\/wp-content\/uploads\/2023\/08\/3-vba-imbrique-si-avec-plusieurs-lignes.png\" sizes=\"auto, \" srcset=\"\" alt=\"\" width=\"638\" height=\"473\"><\/figure><\/div><p> Nell&#8217;esempio sopra, come puoi vedere, prima abbiamo una condizione da testare, e se quella condizione \u00e8 VERA, allora hai un&#8217;altra condizione da testare, e se la seconda condizione \u00e8 VERA, otterrai una finestra di messaggio.<\/p><p> E se la condizione principale \u00e8 falsa, hai un&#8217;altra condizione da testare e riceverai una finestra di messaggio se quella condizione \u00e8 vera.<\/p><pre class=\"wp-block-code\"> <code class=\"language-visual-basic\" lang=\"visual-basic\">Sub myMacro3() If 1 + 1 = 2 Then If 2 - 1 = 1 Then MsgBox \"Condition1 is TRUE.\" End If Else If 3 - 2 = 1 Then MsgBox \"Condition2 is TRUE.\" End If End If End Sub<\/code><\/pre><div class=\"gb-container gb-container-4db6181c gb-container-mt\"> <a class=\"gb-button gb-button-c5897111 gb-button-text gb-button-mt-button\" href=\"https:\/\/exceladvisor.org\/it\/vba\/\">Cos&#8217;\u00e8 VBA<\/a><h2 class=\"gb-headline gb-headline-665e5f6b gb-headline-text gb-headline-mt-heading\"> Tutorial correlati <\/h2><div class=\"gb-grid-wrapper gb-grid-wrapper-a20baf7c gb-grid-wrapper-mt-grid\"><div class=\"gb-grid-column gb-grid-column-65ddf67e\"><div class=\"gb-container gb-container-65ddf67e\"><ul><li> <a href=\"https:\/\/exceladvisor.org\/it\/esci-se\/\">VBA Esci SE<\/a><\/li><li> <a href=\"https:\/\/exceladvisor.org\/it\/se-2\/\">VBA IF (SE poi altrimenti)<\/a><\/li><li> <a href=\"https:\/\/exceladvisor.org\/it\/se-e\/\">VBA SE e<\/a><\/li><li> <a href=\"https:\/\/exceladvisor.org\/it\/altrimenti\/\">VBA SE NO<\/a><\/li><li> <a href=\"https:\/\/exceladvisor.org\/it\/io-per\/\">VBA SE O<\/a> <\/li><\/ul><\/div><\/div><div class=\"gb-grid-column gb-grid-column-50067b57\"><div class=\"gb-container gb-container-50067b57\"><\/div><\/div><\/div><\/div>","protected":false},"excerpt":{"rendered":"","protected":false},"author":1,"featured_media":0,"parent":0,"menu_order":0,"comment_status":"open","ping_status":"closed","template":"","meta":{"ub_ctt_via":"","footnotes":""},"class_list":["post-2139","page","type-page","status-publish","hentry"],"featured_image_src":null,"yoast_head":"<!-- This site is optimized with the Yoast SEO plugin v25.4 - https:\/\/yoast.com\/wordpress\/plugins\/seo\/ -->\n<title>\u25b7 Come utilizzare la funzione IF annidata di VBA?<\/title>\n<meta name=\"description\" content=\"\u00e8 possibile utilizzare un&#039;istruzione IF all&#039;interno di un&#039;altra istruzione IF per creare IF nidificati, ovvero pi\u00f9 istruzioni IF\" \/>\n<meta name=\"robots\" content=\"index, follow, max-snippet:-1, max-image-preview:large, max-video-preview:-1\" \/>\n<link rel=\"canonical\" href=\"https:\/\/exceladvisor.org\/it\/nido-se\/\" \/>\n<meta property=\"og:locale\" content=\"it_IT\" \/>\n<meta property=\"og:type\" content=\"article\" \/>\n<meta property=\"og:title\" content=\"\u25b7 Come utilizzare la funzione IF annidata di VBA?\" \/>\n<meta property=\"og:description\" content=\"\u00e8 possibile utilizzare un&#039;istruzione IF all&#039;interno di un&#039;altra istruzione IF per creare IF nidificati, ovvero pi\u00f9 istruzioni IF\" \/>\n<meta property=\"og:url\" content=\"https:\/\/exceladvisor.org\/it\/nido-se\/\" \/>\n<meta property=\"og:site_name\" content=\"Excel Advisor\" \/>\n<meta property=\"article:modified_time\" content=\"2023-12-10T06:24:58+00:00\" \/>\n<meta property=\"og:image\" content=\"https:\/\/exceladvisor.org\/wp-content\/uploads\/2023\/08\/1-vba-imbrique-si.png\" \/>\n<meta name=\"twitter:card\" content=\"summary_large_image\" \/>\n<meta name=\"twitter:label1\" content=\"Tempo di lettura stimato\" \/>\n\t<meta name=\"twitter:data1\" content=\"2 minuti\" \/>\n<script type=\"application\/ld+json\" class=\"yoast-schema-graph\">{\"@context\":\"https:\/\/schema.org\",\"@graph\":[{\"@type\":\"WebPage\",\"@id\":\"https:\/\/exceladvisor.org\/it\/nido-se\/\",\"url\":\"https:\/\/exceladvisor.org\/it\/nido-se\/\",\"name\":\"\u25b7 Come utilizzare la funzione IF annidata di VBA?\",\"isPartOf\":{\"@id\":\"https:\/\/exceladvisor.org\/it\/#website\"},\"primaryImageOfPage\":{\"@id\":\"https:\/\/exceladvisor.org\/it\/nido-se\/#primaryimage\"},\"image\":{\"@id\":\"https:\/\/exceladvisor.org\/it\/nido-se\/#primaryimage\"},\"thumbnailUrl\":\"https:\/\/exceladvisor.org\/wp-content\/uploads\/2023\/08\/1-vba-imbrique-si.png\",\"datePublished\":\"2023-09-29T01:34:04+00:00\",\"dateModified\":\"2023-12-10T06:24:58+00:00\",\"description\":\"\u00e8 possibile utilizzare un&#39;istruzione IF all&#39;interno di un&#39;altra istruzione IF per creare IF nidificati, ovvero pi\u00f9 istruzioni IF\",\"breadcrumb\":{\"@id\":\"https:\/\/exceladvisor.org\/it\/nido-se\/#breadcrumb\"},\"inLanguage\":\"it-IT\",\"potentialAction\":[{\"@type\":\"ReadAction\",\"target\":[\"https:\/\/exceladvisor.org\/it\/nido-se\/\"]}]},{\"@type\":\"ImageObject\",\"inLanguage\":\"it-IT\",\"@id\":\"https:\/\/exceladvisor.org\/it\/nido-se\/#primaryimage\",\"url\":\"https:\/\/exceladvisor.org\/wp-content\/uploads\/2023\/08\/1-vba-imbrique-si.png\",\"contentUrl\":\"https:\/\/exceladvisor.org\/wp-content\/uploads\/2023\/08\/1-vba-imbrique-si.png\"},{\"@type\":\"BreadcrumbList\",\"@id\":\"https:\/\/exceladvisor.org\/it\/nido-se\/#breadcrumb\",\"itemListElement\":[{\"@type\":\"ListItem\",\"position\":1,\"name\":\"Home\",\"item\":\"https:\/\/exceladvisor.org\/it\/\"},{\"@type\":\"ListItem\",\"position\":2,\"name\":\"Come utilizzare la funzione if nidificata di vba?\"}]},{\"@type\":\"WebSite\",\"@id\":\"https:\/\/exceladvisor.org\/it\/#website\",\"url\":\"https:\/\/exceladvisor.org\/it\/\",\"name\":\"Excel Advisor\",\"description\":\"Tips, Tricks, and Time-Saving Hacks\",\"publisher\":{\"@id\":\"https:\/\/exceladvisor.org\/it\/#organization\"},\"potentialAction\":[{\"@type\":\"SearchAction\",\"target\":{\"@type\":\"EntryPoint\",\"urlTemplate\":\"https:\/\/exceladvisor.org\/it\/?s={search_term_string}\"},\"query-input\":{\"@type\":\"PropertyValueSpecification\",\"valueRequired\":true,\"valueName\":\"search_term_string\"}}],\"inLanguage\":\"it-IT\"},{\"@type\":\"Organization\",\"@id\":\"https:\/\/exceladvisor.org\/it\/#organization\",\"name\":\"Excel Advisor\",\"url\":\"https:\/\/exceladvisor.org\/it\/\",\"logo\":{\"@type\":\"ImageObject\",\"inLanguage\":\"it-IT\",\"@id\":\"https:\/\/exceladvisor.org\/it\/#\/schema\/logo\/image\/\",\"url\":\"https:\/\/exceladvisor.org\/it\/wp-content\/uploads\/2023\/12\/exceladvisor.org_.png\",\"contentUrl\":\"https:\/\/exceladvisor.org\/it\/wp-content\/uploads\/2023\/12\/exceladvisor.org_.png\",\"width\":105,\"height\":36,\"caption\":\"Excel Advisor\"},\"image\":{\"@id\":\"https:\/\/exceladvisor.org\/it\/#\/schema\/logo\/image\/\"}}]}<\/script>\n<!-- \/ Yoast SEO plugin. -->","yoast_head_json":{"title":"\u25b7 Come utilizzare la funzione IF annidata di VBA?","description":"\u00e8 possibile utilizzare un&#39;istruzione IF all&#39;interno di un&#39;altra istruzione IF per creare IF nidificati, ovvero pi\u00f9 istruzioni IF","robots":{"index":"index","follow":"follow","max-snippet":"max-snippet:-1","max-image-preview":"max-image-preview:large","max-video-preview":"max-video-preview:-1"},"canonical":"https:\/\/exceladvisor.org\/it\/nido-se\/","og_locale":"it_IT","og_type":"article","og_title":"\u25b7 Come utilizzare la funzione IF annidata di VBA?","og_description":"\u00e8 possibile utilizzare un&#39;istruzione IF all&#39;interno di un&#39;altra istruzione IF per creare IF nidificati, ovvero pi\u00f9 istruzioni IF","og_url":"https:\/\/exceladvisor.org\/it\/nido-se\/","og_site_name":"Excel Advisor","article_modified_time":"2023-12-10T06:24:58+00:00","og_image":[{"url":"https:\/\/exceladvisor.org\/wp-content\/uploads\/2023\/08\/1-vba-imbrique-si.png","type":"","width":"","height":""}],"twitter_card":"summary_large_image","twitter_misc":{"Tempo di lettura stimato":"2 minuti"},"schema":{"@context":"https:\/\/schema.org","@graph":[{"@type":"WebPage","@id":"https:\/\/exceladvisor.org\/it\/nido-se\/","url":"https:\/\/exceladvisor.org\/it\/nido-se\/","name":"\u25b7 Come utilizzare la funzione IF annidata di VBA?","isPartOf":{"@id":"https:\/\/exceladvisor.org\/it\/#website"},"primaryImageOfPage":{"@id":"https:\/\/exceladvisor.org\/it\/nido-se\/#primaryimage"},"image":{"@id":"https:\/\/exceladvisor.org\/it\/nido-se\/#primaryimage"},"thumbnailUrl":"https:\/\/exceladvisor.org\/wp-content\/uploads\/2023\/08\/1-vba-imbrique-si.png","datePublished":"2023-09-29T01:34:04+00:00","dateModified":"2023-12-10T06:24:58+00:00","description":"\u00e8 possibile utilizzare un&#39;istruzione IF all&#39;interno di un&#39;altra istruzione IF per creare IF nidificati, ovvero pi\u00f9 istruzioni IF","breadcrumb":{"@id":"https:\/\/exceladvisor.org\/it\/nido-se\/#breadcrumb"},"inLanguage":"it-IT","potentialAction":[{"@type":"ReadAction","target":["https:\/\/exceladvisor.org\/it\/nido-se\/"]}]},{"@type":"ImageObject","inLanguage":"it-IT","@id":"https:\/\/exceladvisor.org\/it\/nido-se\/#primaryimage","url":"https:\/\/exceladvisor.org\/wp-content\/uploads\/2023\/08\/1-vba-imbrique-si.png","contentUrl":"https:\/\/exceladvisor.org\/wp-content\/uploads\/2023\/08\/1-vba-imbrique-si.png"},{"@type":"BreadcrumbList","@id":"https:\/\/exceladvisor.org\/it\/nido-se\/#breadcrumb","itemListElement":[{"@type":"ListItem","position":1,"name":"Home","item":"https:\/\/exceladvisor.org\/it\/"},{"@type":"ListItem","position":2,"name":"Come utilizzare la funzione if nidificata di vba?"}]},{"@type":"WebSite","@id":"https:\/\/exceladvisor.org\/it\/#website","url":"https:\/\/exceladvisor.org\/it\/","name":"Excel Advisor","description":"Tips, Tricks, and Time-Saving Hacks","publisher":{"@id":"https:\/\/exceladvisor.org\/it\/#organization"},"potentialAction":[{"@type":"SearchAction","target":{"@type":"EntryPoint","urlTemplate":"https:\/\/exceladvisor.org\/it\/?s={search_term_string}"},"query-input":{"@type":"PropertyValueSpecification","valueRequired":true,"valueName":"search_term_string"}}],"inLanguage":"it-IT"},{"@type":"Organization","@id":"https:\/\/exceladvisor.org\/it\/#organization","name":"Excel Advisor","url":"https:\/\/exceladvisor.org\/it\/","logo":{"@type":"ImageObject","inLanguage":"it-IT","@id":"https:\/\/exceladvisor.org\/it\/#\/schema\/logo\/image\/","url":"https:\/\/exceladvisor.org\/it\/wp-content\/uploads\/2023\/12\/exceladvisor.org_.png","contentUrl":"https:\/\/exceladvisor.org\/it\/wp-content\/uploads\/2023\/12\/exceladvisor.org_.png","width":105,"height":36,"caption":"Excel Advisor"},"image":{"@id":"https:\/\/exceladvisor.org\/it\/#\/schema\/logo\/image\/"}}]}},"yoast_meta":{"yoast_wpseo_title":"","yoast_wpseo_metadesc":"","yoast_wpseo_canonical":""},"_links":{"self":[{"href":"https:\/\/exceladvisor.org\/it\/wp-json\/wp\/v2\/pages\/2139","targetHints":{"allow":["GET"]}}],"collection":[{"href":"https:\/\/exceladvisor.org\/it\/wp-json\/wp\/v2\/pages"}],"about":[{"href":"https:\/\/exceladvisor.org\/it\/wp-json\/wp\/v2\/types\/page"}],"author":[{"embeddable":true,"href":"https:\/\/exceladvisor.org\/it\/wp-json\/wp\/v2\/users\/1"}],"replies":[{"embeddable":true,"href":"https:\/\/exceladvisor.org\/it\/wp-json\/wp\/v2\/comments?post=2139"}],"version-history":[{"count":1,"href":"https:\/\/exceladvisor.org\/it\/wp-json\/wp\/v2\/pages\/2139\/revisions"}],"predecessor-version":[{"id":2618,"href":"https:\/\/exceladvisor.org\/it\/wp-json\/wp\/v2\/pages\/2139\/revisions\/2618"}],"wp:attachment":[{"href":"https:\/\/exceladvisor.org\/it\/wp-json\/wp\/v2\/media?parent=2139"}],"curies":[{"name":"wp","href":"https:\/\/api.w.org\/{rel}","templated":true}]}}