{"id":2140,"date":"2023-09-29T01:09:10","date_gmt":"2023-09-29T01:09:10","guid":{"rendered":"https:\/\/exceladvisor.org\/it\/vai-a-1\/"},"modified":"2023-12-10T06:26:34","modified_gmt":"2023-12-10T06:26:34","slug":"vai-a-1","status":"publish","type":"page","link":"https:\/\/exceladvisor.org\/it\/vai-a-1\/","title":{"rendered":"Come utilizzare l&#39;istruzione goto nel codice vba?"},"content":{"rendered":"<div class=\"excel-prima-del-contenuto\" id=\"excel-1709244432\"><script type=\"text\/javascript\">\r\n\tatOptions = {\r\n\t\t'key' : 'c1158f160081d6540a8409e6925dab94',\r\n\t\t'format' : 'iframe',\r\n\t\t'height' : 250,\r\n\t\t'width' : 300,\r\n\t\t'params' : {}\r\n\t};\r\n<\/script>\r\n<script type=\"text\/javascript\" src=\"\/\/www.highperformanceformat.com\/c1158f160081d6540a8409e6925dab94\/invoke.js\"><\/script><\/div> <p>L&#8217;istruzione VBA GoTo aiuta l&#8217;esecuzione del codice a passare a una riga specifica nella procedura. In termini semplici, con l&#8217;istruzione goto, VBA salta su una determinata riga specificata. Ad esempio, se hai specificato di passare alla seconda riga, vai salter\u00e0 a quella riga.<\/p><h2 class=\"wp-block-heading\"> Come utilizzare l&#8217;istruzione VBA GoTo nel codice<\/h2><ol type=\"1\"><li> Per prima cosa devi usare l&#8217;istruzione goto.<\/li><li> Dopodich\u00e9 devi definire dove vuoi che VBA vada da goto.<\/li><li> Successivamente, crea il tag per creare questo luogo nella procedura.<\/li><li> Alla fine, aggiungi le righe di codice che desideri eseguire. <\/li><\/ol><div class=\"wp-block-image\"><figure class=\"aligncenter size-large is-resized\"><img loading=\"lazy\" decoding=\"async\" class=\"wp-image-59662\" src=\"https:\/\/exceladvisor.org\/wp-content\/uploads\/2023\/08\/1-vba-aller-a-linstruction-dans-le-code.png\" sizes=\"auto, \" srcset=\"\" alt=\"vba-go-to-statement-in-code\" width=\"593\" height=\"446\"><\/figure><\/div><pre class=\"wp-block-code\"> <code class=\"language-visual-basic\" lang=\"visual-basic\">Sub vba_goto() GoTo <strong>Last<\/strong> <strong>Range<\/strong> (\"A1\"). <strong>Select<\/strong> <strong>Last<\/strong> : <strong>Range<\/strong> (\"A12\"). <strong>Select<\/strong> <strong>End<\/strong> Sub<\/code><\/pre><h2 class=\"wp-block-heading\"> Vai a per ripetere un codice<\/h2><p> Puoi anche utilizzare l&#8217;istruzione go to per ripetere il codice utilizzando una serie di condizioni.<\/p><pre class=\"wp-block-code\"> <code class=\"language-visual-basic\" lang=\"visual-basic\"><strong>Sub<\/strong> goto_repeat() <strong>Dim<\/strong> iMessage As String Question:    iMessage = InputBox(\"what's the day today?\") <strong>If<\/strong> iMessage &lt;&gt; \"tuesday\" <strong>Then<\/strong>    MsgBox (\"wrong answer, try again.\") <strong>GoTo<\/strong> Question <strong>Else<\/strong>    MsgBox (\"that's the right answer.\") <strong>End<\/strong> <strong>If<\/strong> <strong>End<\/strong> <strong>Sub<\/strong><\/code><\/pre><p> Quando esegui il codice sopra ti verr\u00e0 chiesto il nome del giorno e se inserisci qualcosa di diverso da &#8220;Marted\u00ec&#8221; ripeter\u00e0 la domanda. Se guardi il codice, puoi vedere che dobbiamo usare l&#8217;istruzione goto e l&#8217; <a href=\"https:\/\/exceladvisor.org\/it\/se-2\/\">istruzione if<\/a> .<\/p><p> Ora, quando l&#8217;utente inserisce qualcosa di diverso dalla risposta corretta, l&#8217;istruzione goto forza VBA a ripetere il codice. (ma ogni volta che usi questo tipo di codici devi stare molto attento perch\u00e9 pu\u00f2 creare un loop infinito.<\/p><h2 class=\"wp-block-heading\"> VBA Vai alla fine<\/h2><p> Puoi anche uscire da un sub usando l&#8217;istruzione goto. <\/p><div class=\"wp-block-image\"><figure class=\"aligncenter size-large is-resized\"><img loading=\"lazy\" decoding=\"async\" class=\"wp-image-59664\" src=\"https:\/\/exceladvisor.org\/wp-content\/uploads\/2023\/08\/2-vba-aller-a-la-fin.png\" sizes=\"auto, \" srcset=\"\" alt=\"vba-vai alla fine\" width=\"461\" height=\"198\"><\/figure><\/div><p> Nel codice precedente, abbiamo utilizzato il tag &#8220;last&#8221; subito prima dell&#8217;istruzione end e quando VBA raggiunge l&#8217;istruzione GoTo, fa passare VBA a &#8220;Last&#8221; alla fine della procedura.<\/p><h2 class=\"wp-block-heading\"> Istruzione GoTo per andare a una riga in un&#8217;altra subroutine<\/h2><p> Bene, andare all&#8217;istruzione \u00e8 abbastanza utile per far saltare VBA da un posto all&#8217;altro, ma non \u00e8 possibile farlo saltare a un&#8217;altra procedura nel <a href=\"https:\/\/exceladvisor.org\/it\/modulo\/\">modulo<\/a> .<\/p><div class=\"gb-container gb-container-4db6181c gb-container-mt\"> <a class=\"gb-button gb-button-c5897111 gb-button-text gb-button-mt-button\" href=\"https:\/\/exceladvisor.org\/it\/vba\/\">Cos&#8217;\u00e8 VBA<\/a><h2 class=\"gb-headline gb-headline-665e5f6b gb-headline-text gb-headline-mt-heading\"> Tutorial correlati <\/h2><div class=\"gb-grid-wrapper gb-grid-wrapper-a20baf7c gb-grid-wrapper-mt-grid\"><div class=\"gb-grid-column gb-grid-column-65ddf67e\"><div class=\"gb-container gb-container-65ddf67e\"><ul><li> <a href=\"https:\/\/exceladvisor.org\/it\/loop\/\">Loop VBA (da principiante ad avanzato)<\/a><\/li><li> <a href=\"https:\/\/exceladvisor.org\/it\/seleziona-il-caso\/\">VBA Seleziona caso<\/a><\/li><li> <a href=\"https:\/\/exceladvisor.org\/it\/fare-mentre\/\">Excel VBA Do While Loop e (Do Loop While) &#8211; Una guida<\/a><\/li><li> <a href=\"https:\/\/exceladvisor.org\/it\/foglie-ad-anello\/\">Passa in rassegna tutti i fogli utilizzando VBA in Excel<\/a><\/li><li> <a href=\"https:\/\/exceladvisor.org\/it\/scorrere-lintervallo\/\">Eseguire il ciclo su un intervallo utilizzando VBA (Colonne, Riga e UsedRange)<\/a> <\/li><\/ul><\/div><\/div><div class=\"gb-grid-column gb-grid-column-50067b57\"><div class=\"gb-container gb-container-50067b57\"><\/div><\/div><\/div><\/div>","protected":false},"excerpt":{"rendered":"","protected":false},"author":1,"featured_media":0,"parent":0,"menu_order":0,"comment_status":"open","ping_status":"closed","template":"","meta":{"ub_ctt_via":"","footnotes":""},"class_list":["post-2140","page","type-page","status-publish","hentry"],"featured_image_src":null,"yoast_head":"<!-- This site is optimized with the Yoast SEO plugin v25.4 - https:\/\/yoast.com\/wordpress\/plugins\/seo\/ -->\n<title>\u25b7 Come utilizzare l&#039;istruzione GoTo nel codice VBA?<\/title>\n<meta name=\"description\" content=\"In questo tutorial imparerai come utilizzare l&#039;istruzione GoTo nel codice VBA per navigare verso una riga particolare nel codice.\" \/>\n<meta name=\"robots\" content=\"index, follow, max-snippet:-1, max-image-preview:large, max-video-preview:-1\" \/>\n<link rel=\"canonical\" href=\"https:\/\/exceladvisor.org\/it\/vai-a-1\/\" \/>\n<meta property=\"og:locale\" content=\"it_IT\" \/>\n<meta property=\"og:type\" content=\"article\" \/>\n<meta property=\"og:title\" content=\"\u25b7 Come utilizzare l&#039;istruzione GoTo nel codice VBA?\" \/>\n<meta property=\"og:description\" content=\"In questo tutorial imparerai come utilizzare l&#039;istruzione GoTo nel codice VBA per navigare verso una riga particolare nel codice.\" \/>\n<meta property=\"og:url\" content=\"https:\/\/exceladvisor.org\/it\/vai-a-1\/\" \/>\n<meta property=\"og:site_name\" content=\"Excel Advisor\" \/>\n<meta property=\"article:modified_time\" content=\"2023-12-10T06:26:34+00:00\" \/>\n<meta property=\"og:image\" content=\"https:\/\/exceladvisor.org\/wp-content\/uploads\/2023\/08\/1-vba-aller-a-linstruction-dans-le-code.png\" \/>\n<meta name=\"twitter:card\" content=\"summary_large_image\" \/>\n<meta name=\"twitter:label1\" content=\"Tempo di lettura stimato\" \/>\n\t<meta name=\"twitter:data1\" content=\"2 minuti\" \/>\n<script type=\"application\/ld+json\" class=\"yoast-schema-graph\">{\"@context\":\"https:\/\/schema.org\",\"@graph\":[{\"@type\":\"WebPage\",\"@id\":\"https:\/\/exceladvisor.org\/it\/vai-a-1\/\",\"url\":\"https:\/\/exceladvisor.org\/it\/vai-a-1\/\",\"name\":\"\u25b7 Come utilizzare l&#39;istruzione GoTo nel codice VBA?\",\"isPartOf\":{\"@id\":\"https:\/\/exceladvisor.org\/it\/#website\"},\"primaryImageOfPage\":{\"@id\":\"https:\/\/exceladvisor.org\/it\/vai-a-1\/#primaryimage\"},\"image\":{\"@id\":\"https:\/\/exceladvisor.org\/it\/vai-a-1\/#primaryimage\"},\"thumbnailUrl\":\"https:\/\/exceladvisor.org\/wp-content\/uploads\/2023\/08\/1-vba-aller-a-linstruction-dans-le-code.png\",\"datePublished\":\"2023-09-29T01:09:10+00:00\",\"dateModified\":\"2023-12-10T06:26:34+00:00\",\"description\":\"In questo tutorial imparerai come utilizzare l&#39;istruzione GoTo nel codice VBA per navigare verso una riga particolare nel codice.\",\"breadcrumb\":{\"@id\":\"https:\/\/exceladvisor.org\/it\/vai-a-1\/#breadcrumb\"},\"inLanguage\":\"it-IT\",\"potentialAction\":[{\"@type\":\"ReadAction\",\"target\":[\"https:\/\/exceladvisor.org\/it\/vai-a-1\/\"]}]},{\"@type\":\"ImageObject\",\"inLanguage\":\"it-IT\",\"@id\":\"https:\/\/exceladvisor.org\/it\/vai-a-1\/#primaryimage\",\"url\":\"https:\/\/exceladvisor.org\/wp-content\/uploads\/2023\/08\/1-vba-aller-a-linstruction-dans-le-code.png\",\"contentUrl\":\"https:\/\/exceladvisor.org\/wp-content\/uploads\/2023\/08\/1-vba-aller-a-linstruction-dans-le-code.png\"},{\"@type\":\"BreadcrumbList\",\"@id\":\"https:\/\/exceladvisor.org\/it\/vai-a-1\/#breadcrumb\",\"itemListElement\":[{\"@type\":\"ListItem\",\"position\":1,\"name\":\"Home\",\"item\":\"https:\/\/exceladvisor.org\/it\/\"},{\"@type\":\"ListItem\",\"position\":2,\"name\":\"Come utilizzare l&#39;istruzione goto nel codice vba?\"}]},{\"@type\":\"WebSite\",\"@id\":\"https:\/\/exceladvisor.org\/it\/#website\",\"url\":\"https:\/\/exceladvisor.org\/it\/\",\"name\":\"Excel Advisor\",\"description\":\"Tips, Tricks, and Time-Saving Hacks\",\"publisher\":{\"@id\":\"https:\/\/exceladvisor.org\/it\/#organization\"},\"potentialAction\":[{\"@type\":\"SearchAction\",\"target\":{\"@type\":\"EntryPoint\",\"urlTemplate\":\"https:\/\/exceladvisor.org\/it\/?s={search_term_string}\"},\"query-input\":{\"@type\":\"PropertyValueSpecification\",\"valueRequired\":true,\"valueName\":\"search_term_string\"}}],\"inLanguage\":\"it-IT\"},{\"@type\":\"Organization\",\"@id\":\"https:\/\/exceladvisor.org\/it\/#organization\",\"name\":\"Excel Advisor\",\"url\":\"https:\/\/exceladvisor.org\/it\/\",\"logo\":{\"@type\":\"ImageObject\",\"inLanguage\":\"it-IT\",\"@id\":\"https:\/\/exceladvisor.org\/it\/#\/schema\/logo\/image\/\",\"url\":\"https:\/\/exceladvisor.org\/it\/wp-content\/uploads\/2023\/12\/exceladvisor.org_.png\",\"contentUrl\":\"https:\/\/exceladvisor.org\/it\/wp-content\/uploads\/2023\/12\/exceladvisor.org_.png\",\"width\":105,\"height\":36,\"caption\":\"Excel Advisor\"},\"image\":{\"@id\":\"https:\/\/exceladvisor.org\/it\/#\/schema\/logo\/image\/\"}}]}<\/script>\n<!-- \/ Yoast SEO plugin. -->","yoast_head_json":{"title":"\u25b7 Come utilizzare l&#39;istruzione GoTo nel codice VBA?","description":"In questo tutorial imparerai come utilizzare l&#39;istruzione GoTo nel codice VBA per navigare verso una riga particolare nel codice.","robots":{"index":"index","follow":"follow","max-snippet":"max-snippet:-1","max-image-preview":"max-image-preview:large","max-video-preview":"max-video-preview:-1"},"canonical":"https:\/\/exceladvisor.org\/it\/vai-a-1\/","og_locale":"it_IT","og_type":"article","og_title":"\u25b7 Come utilizzare l&#39;istruzione GoTo nel codice VBA?","og_description":"In questo tutorial imparerai come utilizzare l&#39;istruzione GoTo nel codice VBA per navigare verso una riga particolare nel codice.","og_url":"https:\/\/exceladvisor.org\/it\/vai-a-1\/","og_site_name":"Excel Advisor","article_modified_time":"2023-12-10T06:26:34+00:00","og_image":[{"url":"https:\/\/exceladvisor.org\/wp-content\/uploads\/2023\/08\/1-vba-aller-a-linstruction-dans-le-code.png","type":"","width":"","height":""}],"twitter_card":"summary_large_image","twitter_misc":{"Tempo di lettura stimato":"2 minuti"},"schema":{"@context":"https:\/\/schema.org","@graph":[{"@type":"WebPage","@id":"https:\/\/exceladvisor.org\/it\/vai-a-1\/","url":"https:\/\/exceladvisor.org\/it\/vai-a-1\/","name":"\u25b7 Come utilizzare l&#39;istruzione GoTo nel codice VBA?","isPartOf":{"@id":"https:\/\/exceladvisor.org\/it\/#website"},"primaryImageOfPage":{"@id":"https:\/\/exceladvisor.org\/it\/vai-a-1\/#primaryimage"},"image":{"@id":"https:\/\/exceladvisor.org\/it\/vai-a-1\/#primaryimage"},"thumbnailUrl":"https:\/\/exceladvisor.org\/wp-content\/uploads\/2023\/08\/1-vba-aller-a-linstruction-dans-le-code.png","datePublished":"2023-09-29T01:09:10+00:00","dateModified":"2023-12-10T06:26:34+00:00","description":"In questo tutorial imparerai come utilizzare l&#39;istruzione GoTo nel codice VBA per navigare verso una riga particolare nel codice.","breadcrumb":{"@id":"https:\/\/exceladvisor.org\/it\/vai-a-1\/#breadcrumb"},"inLanguage":"it-IT","potentialAction":[{"@type":"ReadAction","target":["https:\/\/exceladvisor.org\/it\/vai-a-1\/"]}]},{"@type":"ImageObject","inLanguage":"it-IT","@id":"https:\/\/exceladvisor.org\/it\/vai-a-1\/#primaryimage","url":"https:\/\/exceladvisor.org\/wp-content\/uploads\/2023\/08\/1-vba-aller-a-linstruction-dans-le-code.png","contentUrl":"https:\/\/exceladvisor.org\/wp-content\/uploads\/2023\/08\/1-vba-aller-a-linstruction-dans-le-code.png"},{"@type":"BreadcrumbList","@id":"https:\/\/exceladvisor.org\/it\/vai-a-1\/#breadcrumb","itemListElement":[{"@type":"ListItem","position":1,"name":"Home","item":"https:\/\/exceladvisor.org\/it\/"},{"@type":"ListItem","position":2,"name":"Come utilizzare l&#39;istruzione goto nel codice vba?"}]},{"@type":"WebSite","@id":"https:\/\/exceladvisor.org\/it\/#website","url":"https:\/\/exceladvisor.org\/it\/","name":"Excel Advisor","description":"Tips, Tricks, and Time-Saving Hacks","publisher":{"@id":"https:\/\/exceladvisor.org\/it\/#organization"},"potentialAction":[{"@type":"SearchAction","target":{"@type":"EntryPoint","urlTemplate":"https:\/\/exceladvisor.org\/it\/?s={search_term_string}"},"query-input":{"@type":"PropertyValueSpecification","valueRequired":true,"valueName":"search_term_string"}}],"inLanguage":"it-IT"},{"@type":"Organization","@id":"https:\/\/exceladvisor.org\/it\/#organization","name":"Excel Advisor","url":"https:\/\/exceladvisor.org\/it\/","logo":{"@type":"ImageObject","inLanguage":"it-IT","@id":"https:\/\/exceladvisor.org\/it\/#\/schema\/logo\/image\/","url":"https:\/\/exceladvisor.org\/it\/wp-content\/uploads\/2023\/12\/exceladvisor.org_.png","contentUrl":"https:\/\/exceladvisor.org\/it\/wp-content\/uploads\/2023\/12\/exceladvisor.org_.png","width":105,"height":36,"caption":"Excel Advisor"},"image":{"@id":"https:\/\/exceladvisor.org\/it\/#\/schema\/logo\/image\/"}}]}},"yoast_meta":{"yoast_wpseo_title":"","yoast_wpseo_metadesc":"","yoast_wpseo_canonical":""},"_links":{"self":[{"href":"https:\/\/exceladvisor.org\/it\/wp-json\/wp\/v2\/pages\/2140","targetHints":{"allow":["GET"]}}],"collection":[{"href":"https:\/\/exceladvisor.org\/it\/wp-json\/wp\/v2\/pages"}],"about":[{"href":"https:\/\/exceladvisor.org\/it\/wp-json\/wp\/v2\/types\/page"}],"author":[{"embeddable":true,"href":"https:\/\/exceladvisor.org\/it\/wp-json\/wp\/v2\/users\/1"}],"replies":[{"embeddable":true,"href":"https:\/\/exceladvisor.org\/it\/wp-json\/wp\/v2\/comments?post=2140"}],"version-history":[{"count":1,"href":"https:\/\/exceladvisor.org\/it\/wp-json\/wp\/v2\/pages\/2140\/revisions"}],"predecessor-version":[{"id":2808,"href":"https:\/\/exceladvisor.org\/it\/wp-json\/wp\/v2\/pages\/2140\/revisions\/2808"}],"wp:attachment":[{"href":"https:\/\/exceladvisor.org\/it\/wp-json\/wp\/v2\/media?parent=2140"}],"curies":[{"name":"wp","href":"https:\/\/api.w.org\/{rel}","templated":true}]}}