{"id":2141,"date":"2023-09-29T00:37:26","date_gmt":"2023-09-29T00:37:26","guid":{"rendered":"https:\/\/exceladvisor.org\/it\/costanti\/"},"modified":"2023-12-10T06:27:20","modified_gmt":"2023-12-10T06:27:20","slug":"costanti","status":"publish","type":"page","link":"https:\/\/exceladvisor.org\/it\/costanti\/","title":{"rendered":"Cos&#39;\u00e8 una costante in vba?"},"content":{"rendered":"<div class=\"excel-prima-del-contenuto\" id=\"excel-3775986005\"><script type=\"text\/javascript\">\r\n\tatOptions = {\r\n\t\t'key' : 'c1158f160081d6540a8409e6925dab94',\r\n\t\t'format' : 'iframe',\r\n\t\t'height' : 250,\r\n\t\t'width' : 300,\r\n\t\t'params' : {}\r\n\t};\r\n<\/script>\r\n<script type=\"text\/javascript\" src=\"\/\/www.highperformanceformat.com\/c1158f160081d6540a8409e6925dab94\/invoke.js\"><\/script><\/div> <p>In VBA, una costante \u00e8 una casella di archiviazione che \u00e8 essa stessa memorizzata nel tuo sistema e pu\u00f2 memorizzare l\u00ec un valore per te, ma il valore che le assegni non pu\u00f2 essere modificato durante l&#8217;esecuzione del codice. In VBA \u00e8 possibile utilizzare due diversi tipi di costanti:<\/p><ul><li> Costanti intrinseche<\/li><li> Costanti definite dall&#8217;utente<\/li><\/ul><p> <strong>Le costanti intrinseche<\/strong> sono quelle integrate nel linguaggio VBA stesso (ad esempio, la costante incorporata vbOKCancel utilizzata nella <a href=\"https:\/\/exceladvisor.org\/it\/casella-msg-vba\/\">finestra di messaggio<\/a> ) e, d&#8217;altra parte, <strong>le costanti definite dall&#8217;utente<\/strong> sono quelle che puoi creare assegnando un valore ad esso.<\/p><h2 class=\"wp-block-heading\"> Dichiarare una costante in VBA<\/h2><ol type=\"1\"><li> Utilizzare la parola chiave &#8220;Const&#8221;.<\/li><li> Specificare un nome per la costante.<\/li><li> Utilizzare la parola chiave &#8220;As&#8221; dopo il nome.<\/li><li> Specificare il \u201cTipo di dati\u201d per la costante in base al valore che si desidera assegnarle.<\/li><li> Uguale al segno \u201c=&#8221;.<\/li><li> In definitiva, il valore che vuoi assegnargli. <\/li><\/ol><div class=\"wp-block-image\"><figure class=\"aligncenter size-large is-resized\"><img loading=\"lazy\" decoding=\"async\" class=\"wp-image-60175\" src=\"https:\/\/exceladvisor.org\/wp-content\/uploads\/2023\/08\/1-declarer-une-constante-en-vba.png\" sizes=\"auto, \" srcset=\"\" alt=\"dichiarare-una-costante-in-vba\" width=\"483\" height=\"267\"><\/figure><\/div><p> Sopra c&#8217;\u00e8 una costante che memorizza una data di nascita. Ora, se pensi che una data di nascita sia qualcosa che dovrebbe essere fisso e per questo tipo di valore puoi utilizzare una costante.<\/p><h2 class=\"wp-block-heading\"> Ambito di una costante<\/h2><p> La costante ha lo stesso ambito delle <a href=\"https:\/\/exceladvisor.org\/it\/variabili\/\">variabili<\/a> . Quando dichiari una costante, ha un ambito a livello di procedura, il che significa che puoi usarla ovunque nella procedura. Ma puoi dichiarare una costante utilizzando l&#8217;ambito privato o pubblico.<\/p><p> Una costante privata \u00e8 disponibile solo per la procedura in cui \u00e8 dichiarata come costante. Per dichiarare una costante privata, \u00e8 necessario utilizzare le parole chiave \u201cPrivate\u201d, come nell&#8217;esempio seguente.<\/p><pre class=\"wp-block-code\"> <code class=\"language-visual-basic\" lang=\"visual-basic\">Private Const iName As String = \u201cPuneet\u201d<\/code><\/pre><p> E allo stesso modo, dovresti usare la parola chiave \u201cPublic\u201d quando devi dichiarare una costante come pubblica.<\/p><pre class=\"wp-block-code\"> <code class=\"language-visual-basic\" lang=\"visual-basic\">Public Const iPrice As String = \u201c$3.99\u201d<\/code><\/pre><div class=\"gb-container gb-container-4db6181c gb-container-mt\"> <a class=\"gb-button gb-button-c5897111 gb-button-text gb-button-mt-button\" href=\"https:\/\/exceladvisor.org\/it\/vba\/\">Cos&#8217;\u00e8 VBA<\/a><h2 class=\"gb-headline gb-headline-665e5f6b gb-headline-text gb-headline-mt-heading\"> Tutorial correlati <\/h2><div class=\"gb-grid-wrapper gb-grid-wrapper-a20baf7c gb-grid-wrapper-mt-grid\"><div class=\"gb-grid-column gb-grid-column-65ddf67e\"><div class=\"gb-container gb-container-65ddf67e\"><ul><li> <a href=\"https:\/\/exceladvisor.org\/it\/variabile-globale\/\">Dichiarare una variabile globale (pubblica) in VBA<\/a><\/li><li> <a href=\"https:\/\/exceladvisor.org\/it\/intervallo-variabile\/\">Utilizza un intervallo o una cella come variabile in VBA<\/a><\/li><li> <a href=\"https:\/\/exceladvisor.org\/it\/opzione-esplicita-2\/\">Dichiarazione di opzioni esplicite in VBA<\/a><\/li><li> <a href=\"https:\/\/exceladvisor.org\/it\/finestra-di-messaggio-variabile\/\">Variabile in una finestra di messaggio<\/a><\/li><li> <a href=\"https:\/\/exceladvisor.org\/it\/variabili\/\">Variabili VBA (dichiarazione, tipi di dati e ambito)<\/a> <\/li><\/ul><\/div><\/div><div class=\"gb-grid-column gb-grid-column-50067b57\"><div class=\"gb-container gb-container-50067b57\"><\/div><\/div><\/div><\/div>","protected":false},"excerpt":{"rendered":"","protected":false},"author":1,"featured_media":0,"parent":0,"menu_order":0,"comment_status":"open","ping_status":"closed","template":"","meta":{"ub_ctt_via":"","footnotes":""},"class_list":["post-2141","page","type-page","status-publish","hentry"],"featured_image_src":null,"yoast_head":"<!-- This site is optimized with the Yoast SEO plugin v25.4 - https:\/\/yoast.com\/wordpress\/plugins\/seo\/ -->\n<title>\u25b7 Costanti VBA: ambito e dichiarazione (Tutorial 2023)<\/title>\n<meta name=\"description\" content=\"In VBA, una costante \u00e8 una casella di archiviazione che \u00e8 essa stessa memorizzata nel tuo sistema e che pu\u00f2 memorizzare l\u00ec un valore per te\" \/>\n<meta name=\"robots\" content=\"index, follow, max-snippet:-1, max-image-preview:large, max-video-preview:-1\" \/>\n<link rel=\"canonical\" href=\"https:\/\/exceladvisor.org\/it\/costanti\/\" \/>\n<meta property=\"og:locale\" content=\"it_IT\" \/>\n<meta property=\"og:type\" content=\"article\" \/>\n<meta property=\"og:title\" content=\"\u25b7 Costanti VBA: ambito e dichiarazione (Tutorial 2023)\" \/>\n<meta property=\"og:description\" content=\"In VBA, una costante \u00e8 una casella di archiviazione che \u00e8 essa stessa memorizzata nel tuo sistema e che pu\u00f2 memorizzare l\u00ec un valore per te\" \/>\n<meta property=\"og:url\" content=\"https:\/\/exceladvisor.org\/it\/costanti\/\" \/>\n<meta property=\"og:site_name\" content=\"Excel Advisor\" \/>\n<meta property=\"article:modified_time\" content=\"2023-12-10T06:27:20+00:00\" \/>\n<meta property=\"og:image\" content=\"https:\/\/exceladvisor.org\/wp-content\/uploads\/2023\/08\/1-declarer-une-constante-en-vba.png\" \/>\n<meta name=\"twitter:card\" content=\"summary_large_image\" \/>\n<meta name=\"twitter:label1\" content=\"Tempo di lettura stimato\" \/>\n\t<meta name=\"twitter:data1\" content=\"2 minuti\" \/>\n<script type=\"application\/ld+json\" class=\"yoast-schema-graph\">{\"@context\":\"https:\/\/schema.org\",\"@graph\":[{\"@type\":\"WebPage\",\"@id\":\"https:\/\/exceladvisor.org\/it\/costanti\/\",\"url\":\"https:\/\/exceladvisor.org\/it\/costanti\/\",\"name\":\"\u25b7 Costanti VBA: ambito e dichiarazione (Tutorial 2023)\",\"isPartOf\":{\"@id\":\"https:\/\/exceladvisor.org\/it\/#website\"},\"primaryImageOfPage\":{\"@id\":\"https:\/\/exceladvisor.org\/it\/costanti\/#primaryimage\"},\"image\":{\"@id\":\"https:\/\/exceladvisor.org\/it\/costanti\/#primaryimage\"},\"thumbnailUrl\":\"https:\/\/exceladvisor.org\/wp-content\/uploads\/2023\/08\/1-declarer-une-constante-en-vba.png\",\"datePublished\":\"2023-09-29T00:37:26+00:00\",\"dateModified\":\"2023-12-10T06:27:20+00:00\",\"description\":\"In VBA, una costante \u00e8 una casella di archiviazione che \u00e8 essa stessa memorizzata nel tuo sistema e che pu\u00f2 memorizzare l\u00ec un valore per te\",\"breadcrumb\":{\"@id\":\"https:\/\/exceladvisor.org\/it\/costanti\/#breadcrumb\"},\"inLanguage\":\"it-IT\",\"potentialAction\":[{\"@type\":\"ReadAction\",\"target\":[\"https:\/\/exceladvisor.org\/it\/costanti\/\"]}]},{\"@type\":\"ImageObject\",\"inLanguage\":\"it-IT\",\"@id\":\"https:\/\/exceladvisor.org\/it\/costanti\/#primaryimage\",\"url\":\"https:\/\/exceladvisor.org\/wp-content\/uploads\/2023\/08\/1-declarer-une-constante-en-vba.png\",\"contentUrl\":\"https:\/\/exceladvisor.org\/wp-content\/uploads\/2023\/08\/1-declarer-une-constante-en-vba.png\"},{\"@type\":\"BreadcrumbList\",\"@id\":\"https:\/\/exceladvisor.org\/it\/costanti\/#breadcrumb\",\"itemListElement\":[{\"@type\":\"ListItem\",\"position\":1,\"name\":\"Home\",\"item\":\"https:\/\/exceladvisor.org\/it\/\"},{\"@type\":\"ListItem\",\"position\":2,\"name\":\"Cos&#39;\u00e8 una costante in vba?\"}]},{\"@type\":\"WebSite\",\"@id\":\"https:\/\/exceladvisor.org\/it\/#website\",\"url\":\"https:\/\/exceladvisor.org\/it\/\",\"name\":\"Excel Advisor\",\"description\":\"Tips, Tricks, and Time-Saving Hacks\",\"publisher\":{\"@id\":\"https:\/\/exceladvisor.org\/it\/#organization\"},\"potentialAction\":[{\"@type\":\"SearchAction\",\"target\":{\"@type\":\"EntryPoint\",\"urlTemplate\":\"https:\/\/exceladvisor.org\/it\/?s={search_term_string}\"},\"query-input\":{\"@type\":\"PropertyValueSpecification\",\"valueRequired\":true,\"valueName\":\"search_term_string\"}}],\"inLanguage\":\"it-IT\"},{\"@type\":\"Organization\",\"@id\":\"https:\/\/exceladvisor.org\/it\/#organization\",\"name\":\"Excel Advisor\",\"url\":\"https:\/\/exceladvisor.org\/it\/\",\"logo\":{\"@type\":\"ImageObject\",\"inLanguage\":\"it-IT\",\"@id\":\"https:\/\/exceladvisor.org\/it\/#\/schema\/logo\/image\/\",\"url\":\"https:\/\/exceladvisor.org\/it\/wp-content\/uploads\/2023\/12\/exceladvisor.org_.png\",\"contentUrl\":\"https:\/\/exceladvisor.org\/it\/wp-content\/uploads\/2023\/12\/exceladvisor.org_.png\",\"width\":105,\"height\":36,\"caption\":\"Excel Advisor\"},\"image\":{\"@id\":\"https:\/\/exceladvisor.org\/it\/#\/schema\/logo\/image\/\"}}]}<\/script>\n<!-- \/ Yoast SEO plugin. -->","yoast_head_json":{"title":"\u25b7 Costanti VBA: ambito e dichiarazione (Tutorial 2023)","description":"In VBA, una costante \u00e8 una casella di archiviazione che \u00e8 essa stessa memorizzata nel tuo sistema e che pu\u00f2 memorizzare l\u00ec un valore per te","robots":{"index":"index","follow":"follow","max-snippet":"max-snippet:-1","max-image-preview":"max-image-preview:large","max-video-preview":"max-video-preview:-1"},"canonical":"https:\/\/exceladvisor.org\/it\/costanti\/","og_locale":"it_IT","og_type":"article","og_title":"\u25b7 Costanti VBA: ambito e dichiarazione (Tutorial 2023)","og_description":"In VBA, una costante \u00e8 una casella di archiviazione che \u00e8 essa stessa memorizzata nel tuo sistema e che pu\u00f2 memorizzare l\u00ec un valore per te","og_url":"https:\/\/exceladvisor.org\/it\/costanti\/","og_site_name":"Excel Advisor","article_modified_time":"2023-12-10T06:27:20+00:00","og_image":[{"url":"https:\/\/exceladvisor.org\/wp-content\/uploads\/2023\/08\/1-declarer-une-constante-en-vba.png","type":"","width":"","height":""}],"twitter_card":"summary_large_image","twitter_misc":{"Tempo di lettura stimato":"2 minuti"},"schema":{"@context":"https:\/\/schema.org","@graph":[{"@type":"WebPage","@id":"https:\/\/exceladvisor.org\/it\/costanti\/","url":"https:\/\/exceladvisor.org\/it\/costanti\/","name":"\u25b7 Costanti VBA: ambito e dichiarazione (Tutorial 2023)","isPartOf":{"@id":"https:\/\/exceladvisor.org\/it\/#website"},"primaryImageOfPage":{"@id":"https:\/\/exceladvisor.org\/it\/costanti\/#primaryimage"},"image":{"@id":"https:\/\/exceladvisor.org\/it\/costanti\/#primaryimage"},"thumbnailUrl":"https:\/\/exceladvisor.org\/wp-content\/uploads\/2023\/08\/1-declarer-une-constante-en-vba.png","datePublished":"2023-09-29T00:37:26+00:00","dateModified":"2023-12-10T06:27:20+00:00","description":"In VBA, una costante \u00e8 una casella di archiviazione che \u00e8 essa stessa memorizzata nel tuo sistema e che pu\u00f2 memorizzare l\u00ec un valore per te","breadcrumb":{"@id":"https:\/\/exceladvisor.org\/it\/costanti\/#breadcrumb"},"inLanguage":"it-IT","potentialAction":[{"@type":"ReadAction","target":["https:\/\/exceladvisor.org\/it\/costanti\/"]}]},{"@type":"ImageObject","inLanguage":"it-IT","@id":"https:\/\/exceladvisor.org\/it\/costanti\/#primaryimage","url":"https:\/\/exceladvisor.org\/wp-content\/uploads\/2023\/08\/1-declarer-une-constante-en-vba.png","contentUrl":"https:\/\/exceladvisor.org\/wp-content\/uploads\/2023\/08\/1-declarer-une-constante-en-vba.png"},{"@type":"BreadcrumbList","@id":"https:\/\/exceladvisor.org\/it\/costanti\/#breadcrumb","itemListElement":[{"@type":"ListItem","position":1,"name":"Home","item":"https:\/\/exceladvisor.org\/it\/"},{"@type":"ListItem","position":2,"name":"Cos&#39;\u00e8 una costante in vba?"}]},{"@type":"WebSite","@id":"https:\/\/exceladvisor.org\/it\/#website","url":"https:\/\/exceladvisor.org\/it\/","name":"Excel Advisor","description":"Tips, Tricks, and Time-Saving Hacks","publisher":{"@id":"https:\/\/exceladvisor.org\/it\/#organization"},"potentialAction":[{"@type":"SearchAction","target":{"@type":"EntryPoint","urlTemplate":"https:\/\/exceladvisor.org\/it\/?s={search_term_string}"},"query-input":{"@type":"PropertyValueSpecification","valueRequired":true,"valueName":"search_term_string"}}],"inLanguage":"it-IT"},{"@type":"Organization","@id":"https:\/\/exceladvisor.org\/it\/#organization","name":"Excel Advisor","url":"https:\/\/exceladvisor.org\/it\/","logo":{"@type":"ImageObject","inLanguage":"it-IT","@id":"https:\/\/exceladvisor.org\/it\/#\/schema\/logo\/image\/","url":"https:\/\/exceladvisor.org\/it\/wp-content\/uploads\/2023\/12\/exceladvisor.org_.png","contentUrl":"https:\/\/exceladvisor.org\/it\/wp-content\/uploads\/2023\/12\/exceladvisor.org_.png","width":105,"height":36,"caption":"Excel Advisor"},"image":{"@id":"https:\/\/exceladvisor.org\/it\/#\/schema\/logo\/image\/"}}]}},"yoast_meta":{"yoast_wpseo_title":"","yoast_wpseo_metadesc":"","yoast_wpseo_canonical":""},"_links":{"self":[{"href":"https:\/\/exceladvisor.org\/it\/wp-json\/wp\/v2\/pages\/2141","targetHints":{"allow":["GET"]}}],"collection":[{"href":"https:\/\/exceladvisor.org\/it\/wp-json\/wp\/v2\/pages"}],"about":[{"href":"https:\/\/exceladvisor.org\/it\/wp-json\/wp\/v2\/types\/page"}],"author":[{"embeddable":true,"href":"https:\/\/exceladvisor.org\/it\/wp-json\/wp\/v2\/users\/1"}],"replies":[{"embeddable":true,"href":"https:\/\/exceladvisor.org\/it\/wp-json\/wp\/v2\/comments?post=2141"}],"version-history":[{"count":1,"href":"https:\/\/exceladvisor.org\/it\/wp-json\/wp\/v2\/pages\/2141\/revisions"}],"predecessor-version":[{"id":2885,"href":"https:\/\/exceladvisor.org\/it\/wp-json\/wp\/v2\/pages\/2141\/revisions\/2885"}],"wp:attachment":[{"href":"https:\/\/exceladvisor.org\/it\/wp-json\/wp\/v2\/media?parent=2141"}],"curies":[{"name":"wp","href":"https:\/\/api.w.org\/{rel}","templated":true}]}}