{"id":2144,"date":"2023-09-28T22:49:35","date_gmt":"2023-09-28T22:49:35","guid":{"rendered":"https:\/\/exceladvisor.org\/it\/somma-1\/"},"modified":"2023-12-10T06:26:49","modified_gmt":"2023-12-10T06:26:49","slug":"somma-1","status":"publish","type":"page","link":"https:\/\/exceladvisor.org\/it\/somma-1\/","title":{"rendered":"Come utilizzare sum in excel tramite vba?"},"content":{"rendered":"<div class=\"excel-prima-del-contenuto\" id=\"excel-3644753513\"><script type=\"text\/javascript\">\r\n\tatOptions = {\r\n\t\t'key' : 'c1158f160081d6540a8409e6925dab94',\r\n\t\t'format' : 'iframe',\r\n\t\t'height' : 250,\r\n\t\t'width' : 300,\r\n\t\t'params' : {}\r\n\t};\r\n<\/script>\r\n<script type=\"text\/javascript\" src=\"\/\/www.highperformanceformat.com\/c1158f160081d6540a8409e6925dab94\/invoke.js\"><\/script><\/div> <p>In Excel, puoi utilizzare VBA per calcolare la somma dei valori da un intervallo di celle o pi\u00f9 intervalli. E, in questo tutorial, impareremo i diversi modi in cui possiamo usarlo.<\/p><h2 class=\"wp-block-heading\"> Somma in VBA utilizzando WorksheetFunction<\/h2><p> In VBA <a href=\"https:\/\/exceladvisor.org\/it\/funzioni\/\">\u00e8 possibile utilizzare diverse funzioni<\/a> , ma non esiste una funzione specifica per questo scopo. Ci\u00f2 non significa che non possiamo fare una somma. In VBA esiste una propriet\u00e0 chiamata <a href=\"https:\/\/exceladvisor.org\/it\/funzione-foglio-di-calcolo\/\">WorksheetFunction<\/a> che pu\u00f2 aiutarti a chiamare funzioni nel codice VBA. <\/p><div class=\"wp-block-image\"><figure class=\"aligncenter size-full is-resized\"><img loading=\"lazy\" decoding=\"async\" class=\"wp-image-61238\" src=\"https:\/\/exceladvisor.org\/wp-content\/uploads\/2023\/08\/1-somme-en-vba-en-utilisant-la-feuille-de-calcul.png\" sizes=\"auto, \" srcset=\"\" alt=\"sum-in-vba-utilizzando-foglio di calcolo\" width=\"463\" height=\"300\"><\/figure><\/div><p> Considera la somma dei valori nell&#8217;intervallo A1:A10.<\/p><ol><li> Per prima cosa inserisci la propriet\u00e0 della funzione del foglio di lavoro, quindi seleziona la funzione SOMMA dall&#8217;elenco. <br><img loading=\"lazy\" decoding=\"async\" title=\"2-inserisci-funzione-foglio-di-lavoro\" src=\"https:\/\/exceladvisor.org\/wp-content\/uploads\/2023\/08\/2-entrez-la-fonction-de-feuille-de-calcul.png\" sizes=\"auto, \" srcset=\"\" alt=\"enter-worksheet-function\" width=\"492\" height=\"298\"><\/li><li> Successivamente, devi inserire una parentesi iniziale come fai quando inserisci una funzione nel foglio di calcolo. <br><img loading=\"lazy\" decoding=\"async\" title=\"Parentesi di 3 iniziali\" src=\"https:\/\/exceladvisor.org\/wp-content\/uploads\/2023\/08\/3-parentheses-ouvrantes.png\" sizes=\"auto, \" srcset=\"\" alt=\"starting-parenthesis\" width=\"454\" height=\"285\"><\/li><li> Successivamente, dobbiamo utilizzare l&#8217; <a href=\"https:\/\/exceladvisor.org\/it\/gamma-1\/\">oggetto intervallo<\/a> per fare riferimento all&#8217;intervallo per il quale vogliamo calcolare la somma. <br><img loading=\"lazy\" decoding=\"async\" title=\"4-oggetto-usa-la-portata\" src=\"https:\/\/exceladvisor.org\/wp-content\/uploads\/2023\/08\/4-utiliser-lobjet-range.png\" sizes=\"auto, \" srcset=\"\" alt=\"use-the-range-object\" width=\"515\" height=\"249\"><\/li><li> Alla fine, digita una parentesi di chiusura e assegna il valore restituito dalla funzione alla cella B1. <br><img loading=\"lazy\" decoding=\"async\" title=\"5 parentesi di chiusura\" src=\"https:\/\/exceladvisor.org\/wp-content\/uploads\/2023\/08\/5-parenthese-fermante.png\" sizes=\"auto, \" srcset=\"\" alt=\"closing-parenthesis\" width=\"653\" height=\"229\"><\/li><\/ol><pre class=\"wp-block-code\"> <code class=\"language-visual-basic\" lang=\"visual-basic\"><strong>Range<\/strong> (\"B1\") = Application.WorksheetFunction.Sum(Range(\"A1:A10\"))<\/code><\/pre><p> Ora quando esegui questo codice calcola la somma dei valori che hai nell&#8217;intervallo A1: A10 e <a href=\"https:\/\/exceladvisor.org\/it\/valore-della-cella\/\">inserisci il valore nella cella<\/a> B1. <\/p><div class=\"wp-block-image\"><figure class=\"aligncenter size-full is-resized\"><img loading=\"lazy\" decoding=\"async\" class=\"wp-image-61243\" src=\"https:\/\/exceladvisor.org\/wp-content\/uploads\/2023\/08\/6-executer-le-code-pour-calculer.png\" sizes=\"auto, \" srcset=\"\" alt=\"eseguire il codice per calcolare\" width=\"722\" height=\"346\"><\/figure><\/div><h2 class=\"wp-block-heading\"> Somma dei valori di un&#8217;intera colonna o riga<\/h2><p> In questo caso, specifica semplicemente una riga o una colonna invece dell&#8217;intervallo utilizzato nell&#8217;esempio precedente.<\/p><pre class=\"wp-block-code\"> <code class=\"language-visual-basic\" lang=\"visual-basic\">' <strong>for<\/strong> the entire column A <strong>Range<\/strong> (\"B1\") = Application.WorksheetFunction.Sum( <strong>Range<\/strong> (\"A:A\")) ' <strong>for<\/strong> entire row 1 <strong>Range<\/strong> (\"B1\") = Application.WorksheetFunction.Sum( <strong>Range<\/strong> (\"1:1\"))<\/code><\/pre><h2 class=\"wp-block-heading\"> Utilizzare VBA per aggiungere valori di selezione<\/h2><p> Supponiamo ora di voler sommare solo il valore delle celle selezionate poich\u00e9 puoi utilizzare un codice come questo.<\/p><pre class=\"wp-block-code\"> <code class=\"language-visual-basic\" lang=\"visual-basic\"><strong>Sub<\/strong> vba_sum_selection() <strong>Dim<\/strong> sRange <strong>As<\/strong> Range <strong>Dim<\/strong> iSum <strong>As<\/strong> Long <strong>On<\/strong> <strong>Error<\/strong> <strong>GoTo<\/strong> errorHandler <strong>Set<\/strong> sRange = Selection iSum = WorksheetFunction.Sum(Range(sRange.Address)) MsgBox iSum errorHandler: MsgBox \"make sure to select a valid range of cells\" <strong>End<\/strong> <strong>Sub<\/strong><\/code><\/pre><p> Nel codice precedente, abbiamo utilizzato la selezione, quindi l&#8217;abbiamo specificata nella variabile &#8220;sRange&#8221;, quindi abbiamo utilizzato l&#8217;indirizzo di questa variabile intervallo per ottenere la somma.<\/p><h2 class=\"wp-block-heading\"> Somma VBA di tutte le celle sopra<\/h2><p> Il codice seguente estrae tutte le celle, somma i valori e inserisce il risultato nella cella selezionata.<\/p><pre class=\"wp-block-code\"> <code class=\"language-visual-basic\" lang=\"visual-basic\"><strong>Sub<\/strong> vba_auto_sum() <strong>Dim<\/strong> iFirst <strong>As<\/strong> String <strong>Dim<\/strong> iLast <strong>As<\/strong> String <strong>Dim<\/strong> iRange <strong>As<\/strong> Range <strong>On<\/strong> <strong>Error<\/strong> <strong>GoTo<\/strong> errorHandler iFirst = Selection. <strong>End<\/strong> (xlUp). <strong>End<\/strong> (xlUp).Address iLast = Selection. <strong>End<\/strong> (xlUp).Address <strong>Set<\/strong> iRange = Range(iFirst &amp; \":\" &amp; iLast) ActiveCell = WorksheetFunction.Sum(iRange) <strong>Exit<\/strong> <strong>Sub<\/strong> errorHandler: MsgBox \"make sure to select a valid range of cells\" <strong>End<\/strong> <strong>Sub<\/strong><\/code><\/pre><h2 class=\"wp-block-heading\"> Aggiungi gamma dinamica utilizzando VBA<\/h2><p> Allo stesso modo, puoi utilizzare l&#8217;intervallo dinamico mentre usi VBA per aggiungere valori.<\/p><pre class=\"wp-block-code\"> <code class=\"language-visual-basic\" lang=\"visual-basic\"><strong>Sub<\/strong> vba_dynamic_range_sum() <strong>Dim<\/strong> iFirst <strong>As<\/strong> String <strong>Dim<\/strong> iLast <strong>As<\/strong> String <strong>Dim<\/strong> iRange <strong>As<\/strong> Range <strong>On<\/strong> <strong>Error<\/strong> <strong>GoTo<\/strong> errorHandler iFirst = Selection.Offset(1, 1).Address iLast = Selection.Offset(5, 5).Address <strong>Set<\/strong> iRange = Range(iFirst &amp; \":\" &amp; iLast) ActiveCell = WorksheetFunction.Sum(iRange) <strong>Exit<\/strong> <strong>Sub<\/strong> errorHandler: MsgBox \"make sure to select a valid range of cells\" <strong>End<\/strong> <strong>Sub<\/strong><\/code><\/pre><h2 class=\"wp-block-heading\"> Aggiungi una colonna o una riga dinamica<\/h2><p> Allo stesso modo, se desideri utilizzare una colonna dinamica, puoi utilizzare il seguente codice che prender\u00e0 la colonna della cella attiva e sommer\u00e0 tutti i valori che hai l\u00ec.<\/p><pre class=\"wp-block-code\"> <code class=\"language-visual-basic\" lang=\"visual-basic\"><strong>Sub<\/strong> vba_dynamic_column() <strong>Dim<\/strong> iCol <strong>As<\/strong> Long <strong>On<\/strong> <strong>Error<\/strong> <strong>GoTo<\/strong> errorHandler iCol = ActiveCell.Column MsgBox WorksheetFunction.Sum(Columns(iCol)) <strong>Exit<\/strong> <strong>Sub<\/strong> errorHandler: MsgBox \"make sure to select a valid range of cells\" <strong>End<\/strong> <strong>Sub<\/strong><\/code><\/pre><p> E per una fila.<\/p><pre class=\"wp-block-code\"> <code class=\"language-visual-basic\" lang=\"visual-basic\"><strong>Sub<\/strong> vba_dynamic_row() <strong>Dim<\/strong> iRow <strong>As<\/strong> Long <strong>On<\/strong> <strong>Error<\/strong> <strong>GoTo<\/strong> errorHandler iRow = ActiveCell.Row MsgBox WorksheetFunction.Sum(Rows(iCol)) <strong>Exit<\/strong> <strong>Sub<\/strong> errorHandler: MsgBox \"make sure to select a valid range of cells\" <strong>End<\/strong> <strong>Sub<\/strong><\/code><\/pre><h2 class=\"wp-block-heading\"> Utilizza SOMMA.SE con VBA<\/h2><p> Proprio come la somma, puoi utilizzare la funzione SOMMA.SE per aggiungere valori con criteri come nell&#8217;esempio seguente. <\/p><div class=\"wp-block-image\"><figure class=\"aligncenter size-full is-resized\"><img loading=\"lazy\" decoding=\"async\" class=\"wp-image-61244\" src=\"https:\/\/exceladvisor.org\/wp-content\/uploads\/2023\/08\/7-sumif-avec-vba.png\" sizes=\"auto, \" srcset=\"\" alt=\"sumif-con-vba\" width=\"771\" height=\"332\"><\/figure><\/div><pre class=\"wp-block-code\"> <code class=\"language-visual-basic\" lang=\"visual-basic\">Sub vba_sumif() Dim cRange <strong>As<\/strong> <strong>Range<\/strong> Dim sRange <strong>As<\/strong> <strong>Range<\/strong> <strong>Set<\/strong> cRange = <strong>Range<\/strong> (\"A2:A13\") <strong>Set<\/strong> sRange = <strong>Range<\/strong> (\"B2:B13\") <strong>Range<\/strong> (\"C2\") = _ WorksheetFunction.SumIf(cRange, \"Product B\", sRange) End Sub<\/code><\/pre><div class=\"gb-container gb-container-4db6181c gb-container-mt\"> <a class=\"gb-button gb-button-c5897111 gb-button-text gb-button-mt-button\" href=\"https:\/\/exceladvisor.org\/it\/vba\/\">Cos&#8217;\u00e8 VBA<\/a><h2 class=\"gb-headline gb-headline-665e5f6b gb-headline-text gb-headline-mt-heading\"> Tutorial correlati <\/h2><div class=\"gb-grid-wrapper gb-grid-wrapper-a20baf7c gb-grid-wrapper-mt-grid\"><div class=\"gb-grid-column gb-grid-column-65ddf67e\"><div class=\"gb-container gb-container-65ddf67e\"><ul><li> <a href=\"https:\/\/exceladvisor.org\/it\/media-2\/\">Valori medi in Excel con VBA<\/a><\/li><li> <a href=\"https:\/\/exceladvisor.org\/it\/data-odierna-ora-corrente\/\">Ottieni la data e l&#8217;ora attuali utilizzando VBA<\/a><\/li><li> <a href=\"https:\/\/exceladvisor.org\/it\/partita-2\/\">Funzione di corrispondenza in VBA<\/a><\/li><li> <a href=\"https:\/\/exceladvisor.org\/it\/modalita-1\/\">MOD in VBA<\/a><\/li><li> <a href=\"https:\/\/exceladvisor.org\/it\/numero-casuale\/\">Numeri casuali VBA<\/a> <\/li><\/ul><\/div><\/div><div class=\"gb-grid-column gb-grid-column-50067b57\"><div class=\"gb-container gb-container-50067b57\"><\/div><\/div><\/div><\/div>","protected":false},"excerpt":{"rendered":"","protected":false},"author":1,"featured_media":0,"parent":0,"menu_order":0,"comment_status":"open","ping_status":"closed","template":"","meta":{"ub_ctt_via":"","footnotes":""},"class_list":["post-2144","page","type-page","status-publish","hentry"],"featured_image_src":null,"yoast_head":"<!-- This site is optimized with the Yoast SEO plugin v25.4 - https:\/\/yoast.com\/wordpress\/plugins\/seo\/ -->\n<title>Come utilizzare SUM in Excel tramite VBA? (Tutorial 2023)<\/title>\n<meta name=\"description\" content=\"In questo tutorial imparerai come utilizzare VBA per aggiungere valori in Excel da un intervallo di celle, colonne\" \/>\n<meta name=\"robots\" content=\"index, follow, max-snippet:-1, max-image-preview:large, max-video-preview:-1\" \/>\n<link rel=\"canonical\" href=\"https:\/\/exceladvisor.org\/it\/somma-1\/\" \/>\n<meta property=\"og:locale\" content=\"it_IT\" \/>\n<meta property=\"og:type\" content=\"article\" \/>\n<meta property=\"og:title\" content=\"Come utilizzare SUM in Excel tramite VBA? (Tutorial 2023)\" \/>\n<meta property=\"og:description\" content=\"In questo tutorial imparerai come utilizzare VBA per aggiungere valori in Excel da un intervallo di celle, colonne\" \/>\n<meta property=\"og:url\" content=\"https:\/\/exceladvisor.org\/it\/somma-1\/\" \/>\n<meta property=\"og:site_name\" content=\"Excel Advisor\" \/>\n<meta property=\"article:modified_time\" content=\"2023-12-10T06:26:49+00:00\" \/>\n<meta property=\"og:image\" content=\"https:\/\/exceladvisor.org\/wp-content\/uploads\/2023\/08\/1-somme-en-vba-en-utilisant-la-feuille-de-calcul.png\" \/>\n<meta name=\"twitter:card\" content=\"summary_large_image\" \/>\n<meta name=\"twitter:label1\" content=\"Tempo di lettura stimato\" \/>\n\t<meta name=\"twitter:data1\" content=\"3 minuti\" \/>\n<script type=\"application\/ld+json\" class=\"yoast-schema-graph\">{\"@context\":\"https:\/\/schema.org\",\"@graph\":[{\"@type\":\"WebPage\",\"@id\":\"https:\/\/exceladvisor.org\/it\/somma-1\/\",\"url\":\"https:\/\/exceladvisor.org\/it\/somma-1\/\",\"name\":\"Come utilizzare SUM in Excel tramite VBA? (Tutorial 2023)\",\"isPartOf\":{\"@id\":\"https:\/\/exceladvisor.org\/it\/#website\"},\"primaryImageOfPage\":{\"@id\":\"https:\/\/exceladvisor.org\/it\/somma-1\/#primaryimage\"},\"image\":{\"@id\":\"https:\/\/exceladvisor.org\/it\/somma-1\/#primaryimage\"},\"thumbnailUrl\":\"https:\/\/exceladvisor.org\/wp-content\/uploads\/2023\/08\/1-somme-en-vba-en-utilisant-la-feuille-de-calcul.png\",\"datePublished\":\"2023-09-28T22:49:35+00:00\",\"dateModified\":\"2023-12-10T06:26:49+00:00\",\"description\":\"In questo tutorial imparerai come utilizzare VBA per aggiungere valori in Excel da un intervallo di celle, colonne\",\"breadcrumb\":{\"@id\":\"https:\/\/exceladvisor.org\/it\/somma-1\/#breadcrumb\"},\"inLanguage\":\"it-IT\",\"potentialAction\":[{\"@type\":\"ReadAction\",\"target\":[\"https:\/\/exceladvisor.org\/it\/somma-1\/\"]}]},{\"@type\":\"ImageObject\",\"inLanguage\":\"it-IT\",\"@id\":\"https:\/\/exceladvisor.org\/it\/somma-1\/#primaryimage\",\"url\":\"https:\/\/exceladvisor.org\/wp-content\/uploads\/2023\/08\/1-somme-en-vba-en-utilisant-la-feuille-de-calcul.png\",\"contentUrl\":\"https:\/\/exceladvisor.org\/wp-content\/uploads\/2023\/08\/1-somme-en-vba-en-utilisant-la-feuille-de-calcul.png\"},{\"@type\":\"BreadcrumbList\",\"@id\":\"https:\/\/exceladvisor.org\/it\/somma-1\/#breadcrumb\",\"itemListElement\":[{\"@type\":\"ListItem\",\"position\":1,\"name\":\"Home\",\"item\":\"https:\/\/exceladvisor.org\/it\/\"},{\"@type\":\"ListItem\",\"position\":2,\"name\":\"Come utilizzare sum in excel tramite vba?\"}]},{\"@type\":\"WebSite\",\"@id\":\"https:\/\/exceladvisor.org\/it\/#website\",\"url\":\"https:\/\/exceladvisor.org\/it\/\",\"name\":\"Excel Advisor\",\"description\":\"Tips, Tricks, and Time-Saving Hacks\",\"publisher\":{\"@id\":\"https:\/\/exceladvisor.org\/it\/#organization\"},\"potentialAction\":[{\"@type\":\"SearchAction\",\"target\":{\"@type\":\"EntryPoint\",\"urlTemplate\":\"https:\/\/exceladvisor.org\/it\/?s={search_term_string}\"},\"query-input\":{\"@type\":\"PropertyValueSpecification\",\"valueRequired\":true,\"valueName\":\"search_term_string\"}}],\"inLanguage\":\"it-IT\"},{\"@type\":\"Organization\",\"@id\":\"https:\/\/exceladvisor.org\/it\/#organization\",\"name\":\"Excel Advisor\",\"url\":\"https:\/\/exceladvisor.org\/it\/\",\"logo\":{\"@type\":\"ImageObject\",\"inLanguage\":\"it-IT\",\"@id\":\"https:\/\/exceladvisor.org\/it\/#\/schema\/logo\/image\/\",\"url\":\"https:\/\/exceladvisor.org\/it\/wp-content\/uploads\/2023\/12\/exceladvisor.org_.png\",\"contentUrl\":\"https:\/\/exceladvisor.org\/it\/wp-content\/uploads\/2023\/12\/exceladvisor.org_.png\",\"width\":105,\"height\":36,\"caption\":\"Excel Advisor\"},\"image\":{\"@id\":\"https:\/\/exceladvisor.org\/it\/#\/schema\/logo\/image\/\"}}]}<\/script>\n<!-- \/ Yoast SEO plugin. -->","yoast_head_json":{"title":"Come utilizzare SUM in Excel tramite VBA? (Tutorial 2023)","description":"In questo tutorial imparerai come utilizzare VBA per aggiungere valori in Excel da un intervallo di celle, colonne","robots":{"index":"index","follow":"follow","max-snippet":"max-snippet:-1","max-image-preview":"max-image-preview:large","max-video-preview":"max-video-preview:-1"},"canonical":"https:\/\/exceladvisor.org\/it\/somma-1\/","og_locale":"it_IT","og_type":"article","og_title":"Come utilizzare SUM in Excel tramite VBA? (Tutorial 2023)","og_description":"In questo tutorial imparerai come utilizzare VBA per aggiungere valori in Excel da un intervallo di celle, colonne","og_url":"https:\/\/exceladvisor.org\/it\/somma-1\/","og_site_name":"Excel Advisor","article_modified_time":"2023-12-10T06:26:49+00:00","og_image":[{"url":"https:\/\/exceladvisor.org\/wp-content\/uploads\/2023\/08\/1-somme-en-vba-en-utilisant-la-feuille-de-calcul.png","type":"","width":"","height":""}],"twitter_card":"summary_large_image","twitter_misc":{"Tempo di lettura stimato":"3 minuti"},"schema":{"@context":"https:\/\/schema.org","@graph":[{"@type":"WebPage","@id":"https:\/\/exceladvisor.org\/it\/somma-1\/","url":"https:\/\/exceladvisor.org\/it\/somma-1\/","name":"Come utilizzare SUM in Excel tramite VBA? (Tutorial 2023)","isPartOf":{"@id":"https:\/\/exceladvisor.org\/it\/#website"},"primaryImageOfPage":{"@id":"https:\/\/exceladvisor.org\/it\/somma-1\/#primaryimage"},"image":{"@id":"https:\/\/exceladvisor.org\/it\/somma-1\/#primaryimage"},"thumbnailUrl":"https:\/\/exceladvisor.org\/wp-content\/uploads\/2023\/08\/1-somme-en-vba-en-utilisant-la-feuille-de-calcul.png","datePublished":"2023-09-28T22:49:35+00:00","dateModified":"2023-12-10T06:26:49+00:00","description":"In questo tutorial imparerai come utilizzare VBA per aggiungere valori in Excel da un intervallo di celle, colonne","breadcrumb":{"@id":"https:\/\/exceladvisor.org\/it\/somma-1\/#breadcrumb"},"inLanguage":"it-IT","potentialAction":[{"@type":"ReadAction","target":["https:\/\/exceladvisor.org\/it\/somma-1\/"]}]},{"@type":"ImageObject","inLanguage":"it-IT","@id":"https:\/\/exceladvisor.org\/it\/somma-1\/#primaryimage","url":"https:\/\/exceladvisor.org\/wp-content\/uploads\/2023\/08\/1-somme-en-vba-en-utilisant-la-feuille-de-calcul.png","contentUrl":"https:\/\/exceladvisor.org\/wp-content\/uploads\/2023\/08\/1-somme-en-vba-en-utilisant-la-feuille-de-calcul.png"},{"@type":"BreadcrumbList","@id":"https:\/\/exceladvisor.org\/it\/somma-1\/#breadcrumb","itemListElement":[{"@type":"ListItem","position":1,"name":"Home","item":"https:\/\/exceladvisor.org\/it\/"},{"@type":"ListItem","position":2,"name":"Come utilizzare sum in excel tramite vba?"}]},{"@type":"WebSite","@id":"https:\/\/exceladvisor.org\/it\/#website","url":"https:\/\/exceladvisor.org\/it\/","name":"Excel Advisor","description":"Tips, Tricks, and Time-Saving Hacks","publisher":{"@id":"https:\/\/exceladvisor.org\/it\/#organization"},"potentialAction":[{"@type":"SearchAction","target":{"@type":"EntryPoint","urlTemplate":"https:\/\/exceladvisor.org\/it\/?s={search_term_string}"},"query-input":{"@type":"PropertyValueSpecification","valueRequired":true,"valueName":"search_term_string"}}],"inLanguage":"it-IT"},{"@type":"Organization","@id":"https:\/\/exceladvisor.org\/it\/#organization","name":"Excel Advisor","url":"https:\/\/exceladvisor.org\/it\/","logo":{"@type":"ImageObject","inLanguage":"it-IT","@id":"https:\/\/exceladvisor.org\/it\/#\/schema\/logo\/image\/","url":"https:\/\/exceladvisor.org\/it\/wp-content\/uploads\/2023\/12\/exceladvisor.org_.png","contentUrl":"https:\/\/exceladvisor.org\/it\/wp-content\/uploads\/2023\/12\/exceladvisor.org_.png","width":105,"height":36,"caption":"Excel Advisor"},"image":{"@id":"https:\/\/exceladvisor.org\/it\/#\/schema\/logo\/image\/"}}]}},"yoast_meta":{"yoast_wpseo_title":"","yoast_wpseo_metadesc":"","yoast_wpseo_canonical":""},"_links":{"self":[{"href":"https:\/\/exceladvisor.org\/it\/wp-json\/wp\/v2\/pages\/2144","targetHints":{"allow":["GET"]}}],"collection":[{"href":"https:\/\/exceladvisor.org\/it\/wp-json\/wp\/v2\/pages"}],"about":[{"href":"https:\/\/exceladvisor.org\/it\/wp-json\/wp\/v2\/types\/page"}],"author":[{"embeddable":true,"href":"https:\/\/exceladvisor.org\/it\/wp-json\/wp\/v2\/users\/1"}],"replies":[{"embeddable":true,"href":"https:\/\/exceladvisor.org\/it\/wp-json\/wp\/v2\/comments?post=2144"}],"version-history":[{"count":1,"href":"https:\/\/exceladvisor.org\/it\/wp-json\/wp\/v2\/pages\/2144\/revisions"}],"predecessor-version":[{"id":2841,"href":"https:\/\/exceladvisor.org\/it\/wp-json\/wp\/v2\/pages\/2144\/revisions\/2841"}],"wp:attachment":[{"href":"https:\/\/exceladvisor.org\/it\/wp-json\/wp\/v2\/media?parent=2144"}],"curies":[{"name":"wp","href":"https:\/\/api.w.org\/{rel}","templated":true}]}}